{"id":7356,"date":"2023-03-20T07:11:33","date_gmt":"2023-03-20T05:11:33","guid":{"rendered":"https:\/\/360photoboothpro.eu\/zasady-ochrany-osobnich-udaju\/"},"modified":"2025-03-12T09:24:05","modified_gmt":"2025-03-12T07:24:05","slug":"zasady-ochrany-osobnich-udaju","status":"publish","type":"page","link":"https:\/\/360photoboothpro.eu\/cs\/zasady-ochrany-osobnich-udaju\/","title":{"rendered":"Z\u00e1sady ochrany osobn\u00edch \u00fadaj\u016f"},"content":{"rendered":"\t\t<div data-elementor-type=\"wp-page\" data-elementor-id=\"7356\" class=\"elementor elementor-7356 elementor-3\" data-elementor-post-type=\"page\">\n\t\t\t\t\t\t<section class=\"elementor-section elementor-top-section elementor-element elementor-element-77d2360 elementor-section-boxed elementor-section-height-default elementor-section-height-default\" data-id=\"77d2360\" data-element_type=\"section\">\r\n\t\t\r\n\t\t\t\t\t\t\t<div class=\"elementor-container elementor-column-gap-default\">\r\n\t\t\t\t\t\t\t\t\t\t\t<div class=\"elementor-column elementor-col-100 elementor-top-column elementor-element elementor-element-3bc6d72\" data-id=\"3bc6d72\" data-element_type=\"column\">\r\n\t\t\t\t\t<div class=\"elementor-widget-wrap elementor-element-populated\">\r\n\t\t\t\t\t\t\t\t<div class=\"elementor-element elementor-element-46807c2 elementor-widget elementor-widget-heading\" data-id=\"46807c2\" data-element_type=\"widget\" data-widget_type=\"heading.default\">\n\t\t\t\t<div class=\"elementor-widget-container\">\n\t\t\t<h2 class=\"elementor-heading-title elementor-size-default\">Z\u00e1sady ochrany osobn\u00edch \u00fadaj\u016f<\/h2>\t\t<\/div>\n\t\t\t\t<\/div>\n\t\t\t\t\t<\/div>\r\n\t\t\t\t<\/div>\r\n\t\t\t\t\t<\/div>\r\n\t\t\t\t<\/section>\r\n\t\t\t\t<section class=\"elementor-section elementor-top-section elementor-element elementor-element-234af183 elementor-section-boxed elementor-section-height-default elementor-section-height-default\" data-id=\"234af183\" data-element_type=\"section\">\r\n\t\t\r\n\t\t\t\t\t\t\t<div class=\"elementor-container elementor-column-gap-default\">\r\n\t\t\t\t\t\t\t\t\t\t\t<div class=\"elementor-column elementor-col-100 elementor-top-column elementor-element elementor-element-5cd2b2ea\" data-id=\"5cd2b2ea\" data-element_type=\"column\">\r\n\t\t\t\t\t<div class=\"elementor-widget-wrap elementor-element-populated\">\r\n\t\t\t\t\t\t\t\t<div class=\"elementor-element elementor-element-6f8a2459 elementor-widget elementor-widget-text-editor\" data-id=\"6f8a2459\" data-element_type=\"widget\" data-widget_type=\"text-editor.default\">\n\t\t\t\t<div class=\"elementor-widget-container\">\n\t\t\t\t\t\t\t<h1 class=\"western\"><span style=\"color: #111111;\"><span style=\"font-family: inherit;\"><span style=\"font-size: x-large;\"><b>Z\u00c1SADY OCHRANY OSOBN\u00cdCH \u00daDAJ\u016e<\/b><\/span><\/span><\/span><\/h1>\n<p>Novo Best Concept Team SRL<\/p>\n<p>Tyto z\u00e1sady ochrany osobn\u00edch \u00fadaj\u016f popisuj\u00ed, jak jsou va\u0161e osobn\u00ed \u00fadaje shroma\u017e\u010fov\u00e1ny, pou\u017e\u00edv\u00e1ny a sd\u00edleny, kdy\u017e nav\u0161t\u00edv\u00edte nebo nakoup\u00edte na str\u00e1nk\u00e1ch https:\/\/360photoboothpro.eu\/ (d\u00e1le jen &#8222;str\u00e1nky&#8220;).<\/p>\n<p>OSOBN\u00cd \u00daDAJE, KTER\u00c9 SHROMA\u017d\u010eUJEME<\/p>\n<p>Kdy\u017e nav\u0161t\u00edv\u00edte Str\u00e1nky, automaticky shroma\u017e\u010fujeme ur\u010dit\u00e9 informace o va\u0161em za\u0159\u00edzen\u00ed, v\u010detn\u011b informac\u00ed o va\u0161em webov\u00e9m prohl\u00ed\u017ee\u010di, IP adrese, \u010dasov\u00e9m p\u00e1smu a n\u011bkter\u00fdch souborech cookie, kter\u00e9 jsou ve va\u0161em za\u0159\u00edzen\u00ed nainstalov\u00e1ny. Krom\u011b toho p\u0159i proch\u00e1zen\u00ed Str\u00e1nek shroma\u017e\u010fujeme informace o jednotliv\u00fdch webov\u00fdch str\u00e1nk\u00e1ch nebo produktech, kter\u00e9 si prohl\u00ed\u017e\u00edte, o tom, kter\u00e9 webov\u00e9 str\u00e1nky nebo vyhled\u00e1vac\u00ed v\u00fdrazy v\u00e1s na Str\u00e1nky odk\u00e1zaly, a informace o tom, jak se Str\u00e1nkami pracujete. Tyto automaticky shroma\u017e\u010fovan\u00e9 informace ozna\u010dujeme jako &#8222;Informace o za\u0159\u00edzen\u00ed&#8220;.<\/p>\n<p>Informace o za\u0159\u00edzen\u00ed shroma\u017e\u010fujeme pomoc\u00ed n\u00e1sleduj\u00edc\u00edch technologi\u00ed:<\/p>\n<p>&#8211; &#8222;Soubory cookie&#8220; jsou datov\u00e9 soubory, kter\u00e9 se ukl\u00e1daj\u00ed do va\u0161eho za\u0159\u00edzen\u00ed nebo po\u010d\u00edta\u010de a \u010dasto obsahuj\u00ed anonymn\u00ed jedine\u010dn\u00fd identifik\u00e1tor. Dal\u0161\u00ed informace o souborech cookie a o tom, jak je zak\u00e1zat, najdete na adrese http:\/\/www.allaboutcookies.org.<br \/>&#8211; &#8222;Protokolov\u00e9 soubory&#8220; sleduj\u00ed \u010dinnosti prov\u00e1d\u011bn\u00e9 na Str\u00e1nk\u00e1ch a shroma\u017e\u010fuj\u00ed \u00fadaje v\u010detn\u011b va\u0161\u00ed IP adresy, typu prohl\u00ed\u017ee\u010de, poskytovatele internetov\u00fdch slu\u017eeb, odkazuj\u00edc\u00edch\/odkazovan\u00fdch str\u00e1nek a \u010dasov\u00fdch raz\u00edtek.<br \/>&#8211; &#8222;Webov\u00e9 sign\u00e1ly&#8220;, &#8222;zna\u010dky&#8220; a &#8222;pixely&#8220; jsou elektronick\u00e9 soubory, kter\u00e9 se pou\u017e\u00edvaj\u00ed k zaznamen\u00e1v\u00e1n\u00ed informac\u00ed o tom, jak proch\u00e1z\u00edte Str\u00e1nky.<\/p>\n<p>P\u0159i n\u00e1kupu nebo pokusu o n\u00e1kup prost\u0159ednictv\u00edm Str\u00e1nek od v\u00e1s nav\u00edc shroma\u017e\u010fujeme ur\u010dit\u00e9 informace, v\u010detn\u011b va\u0161eho jm\u00e9na, faktura\u010dn\u00ed adresy, dodac\u00ed adresy, platebn\u00edch \u00fadaj\u016f (v\u010detn\u011b \u010d\u00edsel kreditn\u00edch karet), e-mailov\u00e9 adresy a telefonn\u00edho \u010d\u00edsla. Tyto informace ozna\u010dujeme jako &#8222;informace o objedn\u00e1vce&#8220;.<\/p>\n<p>Kdy\u017e v t\u011bchto z\u00e1sad\u00e1ch ochrany osobn\u00edch \u00fadaj\u016f hovo\u0159\u00edme o &#8222;osobn\u00edch \u00fadaj\u00edch&#8220;, m\u00e1me na mysli jak \u00fadaje o za\u0159\u00edzen\u00ed, tak \u00fadaje o objedn\u00e1vce.<\/p>\n<p>JAK POU\u017d\u00cdV\u00c1ME VA\u0160E OSOBN\u00cd \u00daDAJE?<\/p>\n<p>Informace o objedn\u00e1vk\u00e1ch, kter\u00e9 shroma\u017e\u010fujeme, pou\u017e\u00edv\u00e1me obecn\u011b k pln\u011bn\u00ed objedn\u00e1vek zadan\u00fdch prost\u0159ednictv\u00edm Str\u00e1nek (v\u010detn\u011b zpracov\u00e1n\u00ed va\u0161ich platebn\u00edch \u00fadaj\u016f, zaji\u0161t\u011bn\u00ed p\u0159epravy a poskytnut\u00ed faktur a\/nebo potvrzen\u00ed objedn\u00e1vek). D\u00e1le tyto informace o objedn\u00e1vk\u00e1ch pou\u017e\u00edv\u00e1me k:<br \/>komunikaci s v\u00e1mi;<br \/>kontrole na\u0161ich objedn\u00e1vek z hlediska mo\u017en\u00e9ho rizika nebo podvodu; a<br \/>v souladu s preferencemi, kter\u00e9 jste n\u00e1m sd\u011blili, v\u00e1m poskytujeme informace nebo reklamu t\u00fdkaj\u00edc\u00ed se na\u0161ich produkt\u016f nebo slu\u017eeb.<\/p>\n<p>Informace o za\u0159\u00edzen\u00ed, kter\u00e9 shroma\u017e\u010fujeme, n\u00e1m pom\u00e1haj\u00ed p\u0159i kontrole potenci\u00e1ln\u00edch rizik a podvod\u016f (zejm\u00e9na va\u0161e IP adresa) a obecn\u011bji p\u0159i zlep\u0161ov\u00e1n\u00ed a optimalizaci na\u0161ich str\u00e1nek (nap\u0159\u00edklad vytv\u00e1\u0159en\u00edm analytick\u00fdch \u00fadaj\u016f o tom, jak na\u0161i z\u00e1kazn\u00edci proch\u00e1zej\u00ed str\u00e1nky a jak s nimi pracuj\u00ed, a p\u0159i vyhodnocov\u00e1n\u00ed \u00fasp\u011b\u0161nosti na\u0161ich marketingov\u00fdch a reklamn\u00edch kampan\u00ed).<\/p>\n<p>SD\u00cdLEN\u00cd VA\u0160ICH OSOBN\u00cdCH \u00daDAJ\u016e<\/p>\n<p>Va\u0161e osobn\u00ed \u00fadaje sd\u00edl\u00edme s t\u0159et\u00edmi stranami, kter\u00e9 n\u00e1m pom\u00e1haj\u00ed pou\u017e\u00edvat va\u0161e osobn\u00ed \u00fadaje, jak je pops\u00e1no v\u00fd\u0161e. Pou\u017e\u00edv\u00e1me tak\u00e9 slu\u017ebu Google Analytics, kter\u00e1 n\u00e1m pom\u00e1h\u00e1 porozum\u011bt tomu, jak na\u0161i z\u00e1kazn\u00edci Str\u00e1nky pou\u017e\u00edvaj\u00ed &#8211; v\u00edce informac\u00ed o tom, jak Google pou\u017e\u00edv\u00e1 va\u0161e osobn\u00ed \u00fadaje, najdete zde: https:\/\/www.google.com\/intl\/en\/policies\/privacy\/. Slu\u017ebu Google Analytics m\u016f\u017eete tak\u00e9 odhl\u00e1sit zde: https:\/\/tools.google.com\/dlpage\/gaoptout.<\/p>\n<p>Va\u0161e osobn\u00ed \u00fadaje m\u016f\u017eeme tak\u00e9 sd\u00edlet, abychom vyhov\u011bli platn\u00fdm z\u00e1kon\u016fm a p\u0159edpis\u016fm, abychom reagovali na p\u0159edvol\u00e1n\u00ed, p\u0159\u00edkaz k prohl\u00eddce nebo jinou z\u00e1konnou \u017e\u00e1dost o informace, kter\u00e9 obdr\u017e\u00edme, nebo abychom jinak chr\u00e1nili sv\u00e1 pr\u00e1va.<\/p>\n<p>BEHAVIOURAL ADVERTISING<br \/>Jak je pops\u00e1no v\u00fd\u0161e, va\u0161e osobn\u00ed \u00fadaje pou\u017e\u00edv\u00e1me k tomu, abychom v\u00e1m poskytovali c\u00edlen\u00e9 reklamy nebo marketingov\u00e1 sd\u011blen\u00ed, o kter\u00fdch se domn\u00edv\u00e1me, \u017ee by v\u00e1s mohla zaj\u00edmat. Dal\u0161\u00ed informace o tom, jak funguje c\u00edlen\u00e1 reklama, najdete na vzd\u011bl\u00e1vac\u00ed str\u00e1nce Network Advertising Initiative (d\u00e1le jen &#8222;NAI&#8220;) na adrese http:\/\/www.networkadvertising.org\/understanding-online-advertising\/how-does-it-work.<\/p>\n<p>C\u00edlenou reklamu m\u016f\u017eete odhl\u00e1sit:<\/p>\n<p>FACEBOOK &#8211; https:\/\/www.facebook.com\/settings\/?tab=ads<br \/>GOOGLE &#8211; https:\/\/www.google.com\/settings\/ads\/anonymous<br \/>BING &#8211; https:\/\/advertise.bingads.microsoft.com\/en-us\/resources\/policies\/personalized-ads<\/p>\n<p>Krom\u011b toho se m\u016f\u017eete z n\u011bkter\u00fdch t\u011bchto slu\u017eeb odhl\u00e1sit na port\u00e1lu Digital Advertising Alliance: http:\/\/optout.aboutads.info\/.<\/p>\n<p>NESM\u00cdME SLEDOVAT<br \/>Vezm\u011bte pros\u00edm na v\u011bdom\u00ed, \u017ee pokud se ve va\u0161em prohl\u00ed\u017ee\u010di zobraz\u00ed sign\u00e1l &#8222;Nesledovat&#8220;, nijak t\u00edm nem\u011bn\u00edme postupy shroma\u017e\u010fov\u00e1n\u00ed a pou\u017e\u00edv\u00e1n\u00ed dat na na\u0161ich str\u00e1nk\u00e1ch.<\/p>\n<p>VA\u0160E PR\u00c1VA<br \/>Pokud jste obyvatelem Evropsk\u00e9 unie, m\u00e1te pr\u00e1vo na p\u0159\u00edstup k osobn\u00edm \u00fadaj\u016fm, kter\u00e9 o v\u00e1s uchov\u00e1v\u00e1me, a pr\u00e1vo po\u017e\u00e1dat o opravu, aktualizaci nebo vymaz\u00e1n\u00ed va\u0161ich osobn\u00edch \u00fadaj\u016f. Pokud chcete toto pr\u00e1vo uplatnit, kontaktujte n\u00e1s pros\u00edm prost\u0159ednictv\u00edm n\u00ed\u017ee uveden\u00fdch kontaktn\u00edch \u00fadaj\u016f.<br \/>Krom\u011b toho, pokud jste evropsk\u00fdm rezidentem, upozor\u0148ujeme, \u017ee va\u0161e \u00fadaje zpracov\u00e1v\u00e1me za \u00fa\u010delem pln\u011bn\u00ed smluv, kter\u00e9 s v\u00e1mi m\u016f\u017eeme m\u00edt (nap\u0159\u00edklad pokud prost\u0159ednictv\u00edm str\u00e1nek u\u010din\u00edte objedn\u00e1vku), nebo jinak za \u00fa\u010delem realizace na\u0161ich opr\u00e1vn\u011bn\u00fdch obchodn\u00edch z\u00e1jm\u016f uveden\u00fdch v\u00fd\u0161e.  D\u00e1le upozor\u0148ujeme, \u017ee va\u0161e \u00fadaje budou p\u0159ed\u00e1v\u00e1ny mimo Evropu, v\u010detn\u011b Kanady a Spojen\u00fdch st\u00e1t\u016f.<\/p>\n<p>UCHOV\u00c1V\u00c1N\u00cd \u00daDAJ\u016e<br \/>Kdy\u017e si prost\u0159ednictv\u00edm Str\u00e1nek objedn\u00e1te zbo\u017e\u00ed, uchov\u00e1me va\u0161e informace o objedn\u00e1vce v na\u0161ich z\u00e1znamech, dokud n\u00e1s nepo\u017e\u00e1d\u00e1te o jejich vymaz\u00e1n\u00ed.<\/p>\n<p>ZM\u011aNY<br \/>Tyto z\u00e1sady ochrany osobn\u00edch \u00fadaj\u016f m\u016f\u017eeme \u010das od \u010dasu aktualizovat, abychom zohlednili nap\u0159\u00edklad zm\u011bny na\u0161ich postup\u016f nebo z jin\u00fdch provozn\u00edch, pr\u00e1vn\u00edch nebo regula\u010dn\u00edch d\u016fvod\u016f.<br \/>KONTAKTUJTE N\u00c1S<br \/>Chcete-li z\u00edskat dal\u0161\u00ed informace o na\u0161ich postupech ochrany osobn\u00edch \u00fadaj\u016f, m\u00e1te-li dotazy nebo chcete-li podat st\u00ed\u017enost, kontaktujte n\u00e1s pros\u00edm e-mailem na adrese contact@360photoboothpro.eu nebo po\u0161tou pomoc\u00ed n\u00ed\u017ee uveden\u00fdch \u00fadaj\u016f:<\/p>\n<p>Bucuresti, Calea Mosilor, \u010d. 88, sc. F, ap. 82, Sektor 3, Rumunsko<\/p>\n\t\t\t\t\t\t<\/div>\n\t\t\t\t<\/div>\n\t\t\t\t\t<\/div>\r\n\t\t\t\t<\/div>\r\n\t\t\t\t\t<\/div>\r\n\t\t\t\t<\/section>\r\n\t\t\t\t<\/div>\n\t\t","protected":false},"excerpt":{"rendered":"<p>Z\u00e1sady ochrany osobn\u00edch \u00fadaj\u016f Z\u00c1SADY OCHRANY OSOBN\u00cdCH \u00daDAJ\u016e Novo Best Concept Team SRL Tyto z\u00e1sady ochrany osobn\u00edch \u00fadaj\u016f popisuj\u00ed, jak jsou va\u0161e osobn\u00ed \u00fadaje shroma\u017e\u010fov\u00e1ny, pou\u017e\u00edv\u00e1ny a sd\u00edleny, kdy\u017e nav\u0161t\u00edv\u00edte nebo nakoup\u00edte na str\u00e1nk\u00e1ch https:\/\/360photoboothpro.eu\/ (d\u00e1le jen &#8222;str\u00e1nky&#8220;). OSOBN\u00cd \u00daDAJE, KTER\u00c9 SHROMA\u017d\u010eUJEME Kdy\u017e nav\u0161t\u00edv\u00edte Str\u00e1nky, automaticky shroma\u017e\u010fujeme ur\u010dit\u00e9 informace o va\u0161em za\u0159\u00edzen\u00ed, v\u010detn\u011b informac\u00ed o [&hellip;]<\/p>\n","protected":false},"author":1,"featured_media":0,"parent":0,"menu_order":0,"comment_status":"closed","ping_status":"open","template":"elementor_header_footer","meta":{"_acf_changed":false,"footnotes":""},"class_list":["post-7356","page","type-page","status-publish","hentry"],"acf":[],"yoast_head":"<!-- This site is optimized with the Yoast SEO plugin v23.5 - https:\/\/yoast.com\/wordpress\/plugins\/seo\/ -->\n<title>Z\u00e1sady ochrany osobn\u00edch \u00fadaj\u016f - 360PhotoBoothPRO<\/title>\n<meta name=\"description\" content=\"Na ochran\u011b va\u0161eho soukrom\u00ed z\u00e1le\u017e\u00ed. P\u0159e\u010dt\u011bte si na\u0161e transparentn\u00ed z\u00e1sady ochrany osobn\u00edch \u00fadaj\u016f na adrese 360 Photo Booth Pro. D\u016fv\u011b\u0159ujte n\u00e1m a zajist\u011bte si bezpe\u010dn\u00fd online z\u00e1\u017eitek.\" \/>\n<meta name=\"robots\" content=\"index, follow, max-snippet:-1, max-image-preview:large, max-video-preview:-1\" \/>\n<link rel=\"canonical\" href=\"https:\/\/360photoboothpro.eu\/cs\/zasady-ochrany-osobnich-udaju\/\" \/>\n<meta property=\"og:locale\" content=\"cs_CZ\" \/>\n<meta property=\"og:type\" content=\"article\" \/>\n<meta property=\"og:title\" content=\"Z\u00e1sady ochrany osobn\u00edch \u00fadaj\u016f - 360PhotoBoothPRO\" \/>\n<meta property=\"og:description\" content=\"Na ochran\u011b va\u0161eho soukrom\u00ed z\u00e1le\u017e\u00ed. P\u0159e\u010dt\u011bte si na\u0161e transparentn\u00ed z\u00e1sady ochrany osobn\u00edch \u00fadaj\u016f na adrese 360 Photo Booth Pro. D\u016fv\u011b\u0159ujte n\u00e1m a zajist\u011bte si bezpe\u010dn\u00fd online z\u00e1\u017eitek.\" \/>\n<meta property=\"og:url\" content=\"https:\/\/360photoboothpro.eu\/cs\/zasady-ochrany-osobnich-udaju\/\" \/>\n<meta property=\"og:site_name\" content=\"360PhotoBoothPRO\" \/>\n<meta property=\"article:publisher\" content=\"https:\/\/www.facebook.com\/360PhotoBoothPRO.Canada\/\" \/>\n<meta property=\"article:modified_time\" content=\"2025-03-12T07:24:05+00:00\" \/>\n<meta name=\"twitter:card\" content=\"summary_large_image\" \/>\n<meta name=\"twitter:label1\" content=\"Odhadovan\u00e1 doba \u010dten\u00ed\" \/>\n\t<meta name=\"twitter:data1\" content=\"6 minut\" \/>\n<script type=\"application\/ld+json\" class=\"yoast-schema-graph\">{\"@context\":\"https:\/\/schema.org\",\"@graph\":[{\"@type\":\"WebPage\",\"@id\":\"https:\/\/360photoboothpro.eu\/cs\/zasady-ochrany-osobnich-udaju\/\",\"url\":\"https:\/\/360photoboothpro.eu\/cs\/zasady-ochrany-osobnich-udaju\/\",\"name\":\"Z\u00e1sady ochrany osobn\u00edch \u00fadaj\u016f - 360PhotoBoothPRO\",\"isPartOf\":{\"@id\":\"https:\/\/360photoboothpro.eu\/cs\/#website\"},\"datePublished\":\"2023-03-20T05:11:33+00:00\",\"dateModified\":\"2025-03-12T07:24:05+00:00\",\"description\":\"Na ochran\u011b va\u0161eho soukrom\u00ed z\u00e1le\u017e\u00ed. P\u0159e\u010dt\u011bte si na\u0161e transparentn\u00ed z\u00e1sady ochrany osobn\u00edch \u00fadaj\u016f na adrese 360 Photo Booth Pro. D\u016fv\u011b\u0159ujte n\u00e1m a zajist\u011bte si bezpe\u010dn\u00fd online z\u00e1\u017eitek.\",\"breadcrumb\":{\"@id\":\"https:\/\/360photoboothpro.eu\/cs\/zasady-ochrany-osobnich-udaju\/#breadcrumb\"},\"inLanguage\":\"cs\",\"potentialAction\":[{\"@type\":\"ReadAction\",\"target\":[\"https:\/\/360photoboothpro.eu\/cs\/zasady-ochrany-osobnich-udaju\/\"]}]},{\"@type\":\"BreadcrumbList\",\"@id\":\"https:\/\/360photoboothpro.eu\/cs\/zasady-ochrany-osobnich-udaju\/#breadcrumb\",\"itemListElement\":[{\"@type\":\"ListItem\",\"position\":1,\"name\":\"Home\",\"item\":\"https:\/\/360photoboothpro.eu\/cs\/\"},{\"@type\":\"ListItem\",\"position\":2,\"name\":\"Z\u00e1sady ochrany osobn\u00edch \u00fadaj\u016f\"}]},{\"@type\":\"WebSite\",\"@id\":\"https:\/\/360photoboothpro.eu\/cs\/#website\",\"url\":\"https:\/\/360photoboothpro.eu\/cs\/\",\"name\":\"360PhotoBoothPRO\",\"description\":\"360PhotoBoothPRO\",\"publisher\":{\"@id\":\"https:\/\/360photoboothpro.eu\/cs\/#organization\"},\"potentialAction\":[{\"@type\":\"SearchAction\",\"target\":{\"@type\":\"EntryPoint\",\"urlTemplate\":\"https:\/\/360photoboothpro.eu\/cs\/?s={search_term_string}\"},\"query-input\":{\"@type\":\"PropertyValueSpecification\",\"valueRequired\":true,\"valueName\":\"search_term_string\"}}],\"inLanguage\":\"cs\"},{\"@type\":\"Organization\",\"@id\":\"https:\/\/360photoboothpro.eu\/cs\/#organization\",\"name\":\"360PhotoBoothPRO\",\"url\":\"https:\/\/360photoboothpro.eu\/cs\/\",\"logo\":{\"@type\":\"ImageObject\",\"inLanguage\":\"cs\",\"@id\":\"https:\/\/360photoboothpro.eu\/cs\/#\/schema\/logo\/image\/\",\"url\":\"https:\/\/360photoboothpro.eu\/wp-content\/uploads\/2023\/03\/logo-360photoboothpro-favicon.png\",\"contentUrl\":\"https:\/\/360photoboothpro.eu\/wp-content\/uploads\/2023\/03\/logo-360photoboothpro-favicon.png\",\"width\":317,\"height\":317,\"caption\":\"360PhotoBoothPRO\"},\"image\":{\"@id\":\"https:\/\/360photoboothpro.eu\/cs\/#\/schema\/logo\/image\/\"},\"sameAs\":[\"https:\/\/www.facebook.com\/360PhotoBoothPRO.Canada\/\"]}]}<\/script>\n<!-- \/ Yoast SEO plugin. -->","yoast_head_json":{"title":"Z\u00e1sady ochrany osobn\u00edch \u00fadaj\u016f - 360PhotoBoothPRO","description":"Na ochran\u011b va\u0161eho soukrom\u00ed z\u00e1le\u017e\u00ed. P\u0159e\u010dt\u011bte si na\u0161e transparentn\u00ed z\u00e1sady ochrany osobn\u00edch \u00fadaj\u016f na adrese 360 Photo Booth Pro. D\u016fv\u011b\u0159ujte n\u00e1m a zajist\u011bte si bezpe\u010dn\u00fd online z\u00e1\u017eitek.","robots":{"index":"index","follow":"follow","max-snippet":"max-snippet:-1","max-image-preview":"max-image-preview:large","max-video-preview":"max-video-preview:-1"},"canonical":"https:\/\/360photoboothpro.eu\/cs\/zasady-ochrany-osobnich-udaju\/","og_locale":"cs_CZ","og_type":"article","og_title":"Z\u00e1sady ochrany osobn\u00edch \u00fadaj\u016f - 360PhotoBoothPRO","og_description":"Na ochran\u011b va\u0161eho soukrom\u00ed z\u00e1le\u017e\u00ed. P\u0159e\u010dt\u011bte si na\u0161e transparentn\u00ed z\u00e1sady ochrany osobn\u00edch \u00fadaj\u016f na adrese 360 Photo Booth Pro. D\u016fv\u011b\u0159ujte n\u00e1m a zajist\u011bte si bezpe\u010dn\u00fd online z\u00e1\u017eitek.","og_url":"https:\/\/360photoboothpro.eu\/cs\/zasady-ochrany-osobnich-udaju\/","og_site_name":"360PhotoBoothPRO","article_publisher":"https:\/\/www.facebook.com\/360PhotoBoothPRO.Canada\/","article_modified_time":"2025-03-12T07:24:05+00:00","twitter_card":"summary_large_image","twitter_misc":{"Odhadovan\u00e1 doba \u010dten\u00ed":"6 minut"},"schema":{"@context":"https:\/\/schema.org","@graph":[{"@type":"WebPage","@id":"https:\/\/360photoboothpro.eu\/cs\/zasady-ochrany-osobnich-udaju\/","url":"https:\/\/360photoboothpro.eu\/cs\/zasady-ochrany-osobnich-udaju\/","name":"Z\u00e1sady ochrany osobn\u00edch \u00fadaj\u016f - 360PhotoBoothPRO","isPartOf":{"@id":"https:\/\/360photoboothpro.eu\/cs\/#website"},"datePublished":"2023-03-20T05:11:33+00:00","dateModified":"2025-03-12T07:24:05+00:00","description":"Na ochran\u011b va\u0161eho soukrom\u00ed z\u00e1le\u017e\u00ed. P\u0159e\u010dt\u011bte si na\u0161e transparentn\u00ed z\u00e1sady ochrany osobn\u00edch \u00fadaj\u016f na adrese 360 Photo Booth Pro. D\u016fv\u011b\u0159ujte n\u00e1m a zajist\u011bte si bezpe\u010dn\u00fd online z\u00e1\u017eitek.","breadcrumb":{"@id":"https:\/\/360photoboothpro.eu\/cs\/zasady-ochrany-osobnich-udaju\/#breadcrumb"},"inLanguage":"cs","potentialAction":[{"@type":"ReadAction","target":["https:\/\/360photoboothpro.eu\/cs\/zasady-ochrany-osobnich-udaju\/"]}]},{"@type":"BreadcrumbList","@id":"https:\/\/360photoboothpro.eu\/cs\/zasady-ochrany-osobnich-udaju\/#breadcrumb","itemListElement":[{"@type":"ListItem","position":1,"name":"Home","item":"https:\/\/360photoboothpro.eu\/cs\/"},{"@type":"ListItem","position":2,"name":"Z\u00e1sady ochrany osobn\u00edch \u00fadaj\u016f"}]},{"@type":"WebSite","@id":"https:\/\/360photoboothpro.eu\/cs\/#website","url":"https:\/\/360photoboothpro.eu\/cs\/","name":"360PhotoBoothPRO","description":"360PhotoBoothPRO","publisher":{"@id":"https:\/\/360photoboothpro.eu\/cs\/#organization"},"potentialAction":[{"@type":"SearchAction","target":{"@type":"EntryPoint","urlTemplate":"https:\/\/360photoboothpro.eu\/cs\/?s={search_term_string}"},"query-input":{"@type":"PropertyValueSpecification","valueRequired":true,"valueName":"search_term_string"}}],"inLanguage":"cs"},{"@type":"Organization","@id":"https:\/\/360photoboothpro.eu\/cs\/#organization","name":"360PhotoBoothPRO","url":"https:\/\/360photoboothpro.eu\/cs\/","logo":{"@type":"ImageObject","inLanguage":"cs","@id":"https:\/\/360photoboothpro.eu\/cs\/#\/schema\/logo\/image\/","url":"https:\/\/360photoboothpro.eu\/wp-content\/uploads\/2023\/03\/logo-360photoboothpro-favicon.png","contentUrl":"https:\/\/360photoboothpro.eu\/wp-content\/uploads\/2023\/03\/logo-360photoboothpro-favicon.png","width":317,"height":317,"caption":"360PhotoBoothPRO"},"image":{"@id":"https:\/\/360photoboothpro.eu\/cs\/#\/schema\/logo\/image\/"},"sameAs":["https:\/\/www.facebook.com\/360PhotoBoothPRO.Canada\/"]}]}},"_links":{"self":[{"href":"https:\/\/360photoboothpro.eu\/cs\/wp-json\/wp\/v2\/pages\/7356"}],"collection":[{"href":"https:\/\/360photoboothpro.eu\/cs\/wp-json\/wp\/v2\/pages"}],"about":[{"href":"https:\/\/360photoboothpro.eu\/cs\/wp-json\/wp\/v2\/types\/page"}],"author":[{"embeddable":true,"href":"https:\/\/360photoboothpro.eu\/cs\/wp-json\/wp\/v2\/users\/1"}],"replies":[{"embeddable":true,"href":"https:\/\/360photoboothpro.eu\/cs\/wp-json\/wp\/v2\/comments?post=7356"}],"version-history":[{"count":2,"href":"https:\/\/360photoboothpro.eu\/cs\/wp-json\/wp\/v2\/pages\/7356\/revisions"}],"predecessor-version":[{"id":14682,"href":"https:\/\/360photoboothpro.eu\/cs\/wp-json\/wp\/v2\/pages\/7356\/revisions\/14682"}],"wp:attachment":[{"href":"https:\/\/360photoboothpro.eu\/cs\/wp-json\/wp\/v2\/media?parent=7356"}],"curies":[{"name":"wp","href":"https:\/\/api.w.org\/{rel}","templated":true}]}}