{"id":7542,"date":"2023-03-31T13:30:47","date_gmt":"2023-03-31T11:30:47","guid":{"rendered":"https:\/\/360photoboothpro.eu\/returns-and-refunds-policy\/"},"modified":"2024-08-06T09:18:27","modified_gmt":"2024-08-06T07:18:27","slug":"returns-and-refunds-policy","status":"publish","type":"page","link":"https:\/\/360photoboothpro.eu\/cs\/returns-and-refunds-policy\/","title":{"rendered":"Z\u00e1sady vracen\u00ed a n\u00e1hrady"},"content":{"rendered":"\t\t<div data-elementor-type=\"wp-page\" data-elementor-id=\"7542\" class=\"elementor elementor-7542 elementor-3802\" data-elementor-post-type=\"page\">\n\t\t\t\t\t\t<section class=\"elementor-section elementor-top-section elementor-element elementor-element-2178fa8 elementor-section-boxed elementor-section-height-default elementor-section-height-default\" data-id=\"2178fa8\" data-element_type=\"section\">\r\n\t\t\r\n\t\t\t\t\t\t\t<div class=\"elementor-container elementor-column-gap-default\">\r\n\t\t\t\t\t\t\t\t\t\t\t<div class=\"elementor-column elementor-col-100 elementor-top-column elementor-element elementor-element-61f3c36\" data-id=\"61f3c36\" data-element_type=\"column\">\r\n\t\t\t\t\t<div class=\"elementor-widget-wrap elementor-element-populated\">\r\n\t\t\t\t\t\t\t\t<div class=\"elementor-element elementor-element-fb8d3b0 elementor-widget elementor-widget-heading\" data-id=\"fb8d3b0\" data-element_type=\"widget\" data-widget_type=\"heading.default\">\n\t\t\t\t<div class=\"elementor-widget-container\">\n\t\t\t<h2 class=\"elementor-heading-title elementor-size-default\">Z\u00c1SADY VRACEN\u00cd A VR\u00c1CEN\u00cd PEN\u011aZ<\/h2>\t\t<\/div>\n\t\t\t\t<\/div>\n\t\t\t\t\t<\/div>\r\n\t\t\t\t<\/div>\r\n\t\t\t\t\t<\/div>\r\n\t\t\t\t<\/section>\r\n\t\t\t\t<section class=\"elementor-section elementor-top-section elementor-element elementor-element-28581d1 elementor-section-boxed elementor-section-height-default elementor-section-height-default\" data-id=\"28581d1\" data-element_type=\"section\">\r\n\t\t\r\n\t\t\t\t\t\t\t<div class=\"elementor-container elementor-column-gap-default\">\r\n\t\t\t\t\t\t\t\t\t\t\t<div class=\"elementor-column elementor-col-50 elementor-top-column elementor-element elementor-element-2c90472\" data-id=\"2c90472\" data-element_type=\"column\">\r\n\t\t\t\t\t<div class=\"elementor-widget-wrap elementor-element-populated\">\r\n\t\t\t\t\t\t\t\t<div class=\"elementor-element elementor-element-7b74c01 elementor-widget elementor-widget-text-editor\" data-id=\"7b74c01\" data-element_type=\"widget\" data-widget_type=\"text-editor.default\">\n\t\t\t\t<div class=\"elementor-widget-container\">\n\t\t\t\t\t\t\t<p>M\u00e1me 14denn\u00ed pravidla pro vr\u00e1cen\u00ed zbo\u017e\u00ed, co\u017e znamen\u00e1, \u017ee m\u00e1te 14 dn\u00ed od obdr\u017een\u00ed zbo\u017e\u00ed na to, abyste po\u017e\u00e1dali o jeho vr\u00e1cen\u00ed.<\/p>\n<p>P\u0159ij\u00edm\u00e1me pouze vr\u00e1cen\u00ed nepou\u017eit\u00fdch v\u00fdrobk\u016f nebo v\u00fdrobk\u016f, kter\u00e9 mohou b\u00fdt po\u0161kozeny b\u011bhem p\u0159epravy od n\u00e1s k v\u00e1m.<\/p>\n<p>Pokud chcete vr\u00e1tit nepou\u017eit\u00fd produkt (jak\u00fdkoli 360 Photo Booth Pro, p\u0159\u00edslu\u0161enstv\u00ed nebo n\u011bco jin\u00e9ho) zakoupen\u00fd na na\u0161ich webov\u00fdch str\u00e1nk\u00e1ch, r\u00e1di v\u00e1m vr\u00e1t\u00edme pen\u00edze nebo v\u00e1m pom\u016f\u017eeme vym\u011bnit produkt za jin\u00fd model dostupn\u00fd na na\u0161ich webov\u00fdch str\u00e1nk\u00e1ch.<\/p>\n<p>N\u00e1klady na dopravu v p\u0159\u00edpad\u011b vr\u00e1cen\u00ed v\u00fdrobku hrad\u00edte vy. Pot\u00e9, co n\u00e1s informujete o vr\u00e1cen\u00ed zbo\u017e\u00ed, za\u0161leme v\u00e1m e-mailem pokyny, jak a kam bal\u00ed\u010dek odeslat.<\/p>\n<p>Vezm\u011bte pros\u00edm na v\u011bdom\u00ed, \u017ee dostupnost n\u00e1hradn\u00edch produkt\u016f z\u00e1vis\u00ed na jejich dostupnosti. Ud\u011bl\u00e1me v\u0161e pro to, abychom se vyrovnali specifikac\u00edm p\u016fvodn\u011b zakoupen\u00e9ho produktu nebo v\u00e1m nab\u00eddli srovnatelnou n\u00e1hradu.<\/p>\n<p>Chcete-li zah\u00e1jit vr\u00e1cen\u00ed, vypl\u0148te a ode\u0161lete formul\u00e1\u0159 pro vr\u00e1cen\u00ed na t\u00e9to str\u00e1nce nebo n\u00e1m m\u016f\u017eete poslat e-mail na adresu contact@360photoboothpro.eu.<\/p>\n<p>Pokud bude va\u0161e vr\u00e1cen\u00ed p\u0159ijato, za\u0161leme v\u00e1m pokyny, jak a kam bal\u00ed\u010dek odeslat. Zbo\u017e\u00ed zaslan\u00e9 zp\u011bt bez p\u0159edchoz\u00ed \u017e\u00e1dosti o vr\u00e1cen\u00ed nebude p\u0159ijato.<\/p>\n<p>V p\u0159\u00edpad\u011b jak\u00fdchkoli dotaz\u016f ohledn\u011b vr\u00e1cen\u00ed zbo\u017e\u00ed n\u00e1s m\u016f\u017eete kdykoli kontaktovat na adrese contact@360photoboothpro.eu.<\/p>\n<p><strong>\u0160KODY A PROBL\u00c9MY<\/strong><\/p>\n<p>Pros\u00edm, zkontrolujte svou objedn\u00e1vku po obdr\u017een\u00ed a kontaktujte n\u00e1s b\u011bhem prvn\u00edch 72 hodin po obdr\u017een\u00ed, pokud je zbo\u017e\u00ed vadn\u00e9, po\u0161kozen\u00e9 nebo pokud jste obdr\u017eeli \u0161patn\u00e9 zbo\u017e\u00ed, abychom mohli probl\u00e9m vyhodnotit a napravit.<\/p>\n<p>V takov\u00e9m p\u0159\u00edpad\u011b n\u00e1m m\u016f\u017eete poslat e-mail na adresu contact@photoboothpro.eu nebo n\u00e1m m\u016f\u017eete zavolat na telefonn\u00ed \u010d\u00edslo (+40)761140547 v dob\u011b od 9:00 do 17:00 od pond\u011bl\u00ed do p\u00e1tku.<\/p>\n<p>Dle va\u0161eho v\u00fdb\u011bru v\u00e1m m\u016f\u017eeme bu\u010f vr\u00e1tit pen\u00edze v pln\u00e9 v\u00fd\u0161i do 5 pracovn\u00edch dn\u016f pot\u00e9, co od v\u00e1s v\u00fdrobek obdr\u017e\u00edme zp\u011bt, nebo v\u00e1m m\u016f\u017eeme zaslat jin\u00fd v\u00fdrobek se stejn\u00fdmi specifikacemi bez jak\u00fdchkoli n\u00e1klad\u016f.<\/p>\n<p><strong>V\u00ddM\u011aNY<\/strong><\/p>\n<p>Nejrychlej\u0161\u00ed zp\u016fsob, jak si zajistit, \u017ee dostanete to, co chcete, je vr\u00e1tit zbo\u017e\u00ed, kter\u00e9 m\u00e1te, a po p\u0159ijet\u00ed vr\u00e1cen\u00ed prov\u00e9st samostatn\u00fd n\u00e1kup nov\u00e9ho zbo\u017e\u00ed.<\/p>\n<p>Pokud chcete v\u00fdrobek vym\u011bnit, postupujte podle pokyn\u016f uveden\u00fdch na t\u00e9to str\u00e1nce. Sta\u010d\u00ed n\u00e1s informovat prost\u0159ednictv\u00edm formul\u00e1\u0159e pro vr\u00e1cen\u00ed zbo\u017e\u00ed (formul\u00e1\u0159 pro vr\u00e1cen\u00ed zbo\u017e\u00ed je um\u00edst\u011bn na t\u00e9to str\u00e1nce) nebo n\u00e1m poslat e-mail na adresu contact@360photoboothpro.eu.<\/p>\n<p><strong>REFUNDS<\/strong><\/p>\n<p>Jakmile obdr\u017e\u00edme a zkontrolujeme vr\u00e1cen\u00e9 zbo\u017e\u00ed, vyrozum\u00edme v\u00e1s o tom, zda bylo vr\u00e1cen\u00ed pen\u011bz schv\u00e1leno, nebo ne. V p\u0159\u00edpad\u011b schv\u00e1len\u00ed v\u00e1m budou pen\u00edze automaticky vr\u00e1ceny na \u00fa\u010det vypln\u011bn\u00fd ve formul\u00e1\u0159i pro vr\u00e1cen\u00ed zbo\u017e\u00ed, a to nejpozd\u011bji do 5 pracovn\u00edch dn\u016f. Nezapome\u0148te, \u017ee zpracov\u00e1n\u00ed a za\u00fa\u010dtov\u00e1n\u00ed vr\u00e1cen\u00e9 \u010d\u00e1stky m\u016f\u017ee va\u0161\u00ed bance nebo spole\u010dnosti vyd\u00e1vaj\u00edc\u00ed kreditn\u00ed karty n\u011bjakou dobu trvat.<\/p>\n<p>V\u00fd\u0161e vr\u00e1cen\u00e9 \u010d\u00e1stky bude vypo\u010dtena jako &#8222;celkov\u00e1 \u010d\u00e1stka v\u00fdrobk\u016f sn\u00ed\u017een\u00e1 o 15 % poplatek za vr\u00e1cen\u00ed zbo\u017e\u00ed&#8220; za vr\u00e1cen\u00e9 v\u00fdrobky.<\/p>\n\t\t\t\t\t\t<\/div>\n\t\t\t\t<\/div>\n\t\t\t\t\t<\/div>\r\n\t\t\t\t<\/div>\r\n\t\t\t\t<div class=\"elementor-column elementor-col-50 elementor-top-column elementor-element elementor-element-048a712\" data-id=\"048a712\" data-element_type=\"column\">\r\n\t\t\t\t\t<div class=\"elementor-widget-wrap elementor-element-populated\">\r\n\t\t\t\t\t\t\t\t<div class=\"elementor-element elementor-element-f57c798 elementor-widget elementor-widget-heading\" data-id=\"f57c798\" data-element_type=\"widget\" data-widget_type=\"heading.default\">\n\t\t\t\t<div class=\"elementor-widget-container\">\n\t\t\t<h2 class=\"elementor-heading-title elementor-size-default\">FORMUL\u00c1\u0158 PRO VR\u00c1CEN\u00cd PEN\u011aZ<\/h2>\t\t<\/div>\n\t\t\t\t<\/div>\n\t\t\t\t<div class=\"elementor-element elementor-element-62bcc50 elementor-widget elementor-widget-shortcode\" data-id=\"62bcc50\" data-element_type=\"widget\" data-widget_type=\"shortcode.default\">\n\t\t\t\t<div class=\"elementor-widget-container\">\n\t\t\t\t\t<div class=\"elementor-shortcode\"><div class=\"wpforms-container wpforms-container-full\" id=\"wpforms-3837\"><form id=\"wpforms-form-3837\" class=\"wpforms-validate wpforms-form wpforms-ajax-form\" data-formid=\"3837\" method=\"post\" enctype=\"multipart\/form-data\" action=\"\/cs\/wp-json\/wp\/v2\/pages\/7542\" data-token=\"d78b10931f7ef5e1cee143dcbca2eac7\" data-token-time=\"1775308006\"><noscript class=\"wpforms-error-noscript\">Chcete-li vyplnit tento formul\u00e1\u0159, pros\u00edm povolte v prohl\u00ed\u017ee\u010di JavaScript.<\/noscript><div class=\"wpforms-field-container\"><div id=\"wpforms-3837-field_1-container\" class=\"wpforms-field wpforms-field-text\" data-field-id=\"1\"><label class=\"wpforms-field-label\" for=\"wpforms-3837-field_1\">Customer name <span class=\"wpforms-required-label\">*<\/span><\/label><input type=\"text\" id=\"wpforms-3837-field_1\" class=\"wpforms-field-medium wpforms-field-required\" name=\"wpforms[fields][1]\" required><\/div><div id=\"wpforms-3837-field_2-container\" class=\"wpforms-field wpforms-field-text\" data-field-id=\"2\"><label class=\"wpforms-field-label\" for=\"wpforms-3837-field_2\">Customer phone number <span class=\"wpforms-required-label\">*<\/span><\/label><input type=\"text\" id=\"wpforms-3837-field_2\" class=\"wpforms-field-medium wpforms-field-required\" name=\"wpforms[fields][2]\" required><\/div><div id=\"wpforms-3837-field_3-container\" class=\"wpforms-field wpforms-field-email\" data-field-id=\"3\"><label class=\"wpforms-field-label\" for=\"wpforms-3837-field_3\">Email <span class=\"wpforms-required-label\">*<\/span><\/label><input type=\"email\" id=\"wpforms-3837-field_3\" class=\"wpforms-field-medium wpforms-field-required\" name=\"wpforms[fields][3]\" spellcheck=\"false\" required><\/div><div id=\"wpforms-3837-field_4-container\" class=\"wpforms-field wpforms-field-text\" data-field-id=\"4\"><label class=\"wpforms-field-label\" for=\"wpforms-3837-field_4\">Order number <span class=\"wpforms-required-label\">*<\/span><\/label><input type=\"text\" id=\"wpforms-3837-field_4\" class=\"wpforms-field-medium wpforms-field-required\" name=\"wpforms[fields][4]\" required><\/div><div id=\"wpforms-3837-field_5-container\" class=\"wpforms-field wpforms-field-text\" data-field-id=\"5\"><label class=\"wpforms-field-label\" for=\"wpforms-3837-field_5\">Your account number: (we will send your money back in this account) <span class=\"wpforms-required-label\">*<\/span><\/label><input type=\"text\" id=\"wpforms-3837-field_5\" class=\"wpforms-field-medium wpforms-field-required\" name=\"wpforms[fields][5]\" required><\/div><div id=\"wpforms-3837-field_6-container\" class=\"wpforms-field wpforms-field-text\" data-field-id=\"6\"><label class=\"wpforms-field-label\" for=\"wpforms-3837-field_6\">Bank: <span class=\"wpforms-required-label\">*<\/span><\/label><input type=\"text\" id=\"wpforms-3837-field_6\" class=\"wpforms-field-medium wpforms-field-required\" name=\"wpforms[fields][6]\" required><\/div><div id=\"wpforms-3837-field_7-container\" class=\"wpforms-field wpforms-field-text\" data-field-id=\"7\"><label class=\"wpforms-field-label\" for=\"wpforms-3837-field_7\">Account owner (must be the same as the client): <span class=\"wpforms-required-label\">*<\/span><\/label><input type=\"text\" id=\"wpforms-3837-field_7\" class=\"wpforms-field-medium wpforms-field-required\" name=\"wpforms[fields][7]\" required><\/div><\/div><!-- .wpforms-field-container --><div class=\"wpforms-submit-container\" ><input type=\"hidden\" name=\"wpforms[id]\" value=\"3837\"><input type=\"hidden\" name=\"page_title\" value=\"\"><input type=\"hidden\" name=\"page_url\" value=\"https:\/\/360photoboothpro.eu\/cs\/wp-json\/wp\/v2\/pages\/7542\"><button type=\"submit\" name=\"wpforms[submit]\" id=\"wpforms-submit-3837\" class=\"wpforms-submit\" data-alt-text=\"Sending...\" data-submit-text=\"Submit\" aria-live=\"assertive\" value=\"wpforms-submit\">Submit<\/button><img decoding=\"async\" src=\"https:\/\/360photoboothpro.eu\/wp-content\/plugins\/wpforms-lite\/assets\/images\/submit-spin.svg\" class=\"wpforms-submit-spinner\" style=\"display: none;\" width=\"26\" height=\"26\" alt=\"Na\u010d\u00edt\u00e1n\u00ed\"><\/div><\/form><\/div>  <!-- .wpforms-container --><\/div>\n\t\t\t\t<\/div>\n\t\t\t\t<\/div>\n\t\t\t\t\t<\/div>\r\n\t\t\t\t<\/div>\r\n\t\t\t\t\t<\/div>\r\n\t\t\t\t<\/section>\r\n\t\t\t\t<\/div>\n\t\t","protected":false},"excerpt":{"rendered":"<p>Z\u00c1SADY VRACEN\u00cd A VR\u00c1CEN\u00cd PEN\u011aZ M\u00e1me 14denn\u00ed pravidla pro vr\u00e1cen\u00ed zbo\u017e\u00ed, co\u017e znamen\u00e1, \u017ee m\u00e1te 14 dn\u00ed od obdr\u017een\u00ed zbo\u017e\u00ed na to, abyste po\u017e\u00e1dali o jeho vr\u00e1cen\u00ed. P\u0159ij\u00edm\u00e1me pouze vr\u00e1cen\u00ed nepou\u017eit\u00fdch v\u00fdrobk\u016f nebo v\u00fdrobk\u016f, kter\u00e9 mohou b\u00fdt po\u0161kozeny b\u011bhem p\u0159epravy od n\u00e1s k v\u00e1m. Pokud chcete vr\u00e1tit nepou\u017eit\u00fd produkt (jak\u00fdkoli 360 Photo Booth Pro, p\u0159\u00edslu\u0161enstv\u00ed [&hellip;]<\/p>\n","protected":false},"author":1,"featured_media":0,"parent":0,"menu_order":0,"comment_status":"closed","ping_status":"closed","template":"elementor_header_footer","meta":{"_acf_changed":false,"footnotes":""},"class_list":["post-7542","page","type-page","status-publish","hentry"],"acf":[],"yoast_head":"<!-- This site is optimized with the Yoast SEO plugin v23.5 - https:\/\/yoast.com\/wordpress\/plugins\/seo\/ -->\n<title>Z\u00e1sady vracen\u00ed a n\u00e1hrady - 360PhotoBoothPRO<\/title>\n<meta name=\"description\" content=\"Prozkoumejte na\u0161e bezprobl\u00e9mov\u00e9 z\u00e1sady pro vracen\u00ed a vr\u00e1cen\u00ed pen\u011bz. Va\u0161e spokojenost je pro n\u00e1s prioritou. D\u016fv\u011b\u0159ujte spole\u010dnosti 360 Photo Booth Pro a zajist\u011bte si bezpe\u010dn\u00e9 nakupov\u00e1n\u00ed.\" \/>\n<meta name=\"robots\" content=\"index, follow, max-snippet:-1, max-image-preview:large, max-video-preview:-1\" \/>\n<link rel=\"canonical\" href=\"https:\/\/360photoboothpro.eu\/cs\/returns-and-refunds-policy\/\" \/>\n<meta property=\"og:locale\" content=\"cs_CZ\" \/>\n<meta property=\"og:type\" content=\"article\" \/>\n<meta property=\"og:title\" content=\"Z\u00e1sady vracen\u00ed a n\u00e1hrady - 360PhotoBoothPRO\" \/>\n<meta property=\"og:description\" content=\"Prozkoumejte na\u0161e bezprobl\u00e9mov\u00e9 z\u00e1sady pro vracen\u00ed a vr\u00e1cen\u00ed pen\u011bz. Va\u0161e spokojenost je pro n\u00e1s prioritou. D\u016fv\u011b\u0159ujte spole\u010dnosti 360 Photo Booth Pro a zajist\u011bte si bezpe\u010dn\u00e9 nakupov\u00e1n\u00ed.\" \/>\n<meta property=\"og:url\" content=\"https:\/\/360photoboothpro.eu\/cs\/returns-and-refunds-policy\/\" \/>\n<meta property=\"og:site_name\" content=\"360PhotoBoothPRO\" \/>\n<meta property=\"article:publisher\" content=\"https:\/\/www.facebook.com\/360PhotoBoothPRO.Canada\/\" \/>\n<meta property=\"article:modified_time\" content=\"2024-08-06T07:18:27+00:00\" \/>\n<meta name=\"twitter:card\" content=\"summary_large_image\" \/>\n<meta name=\"twitter:label1\" content=\"Odhadovan\u00e1 doba \u010dten\u00ed\" \/>\n\t<meta name=\"twitter:data1\" content=\"3 minuty\" \/>\n<script type=\"application\/ld+json\" class=\"yoast-schema-graph\">{\"@context\":\"https:\/\/schema.org\",\"@graph\":[{\"@type\":\"WebPage\",\"@id\":\"https:\/\/360photoboothpro.eu\/cs\/returns-and-refunds-policy\/\",\"url\":\"https:\/\/360photoboothpro.eu\/cs\/returns-and-refunds-policy\/\",\"name\":\"Z\u00e1sady vracen\u00ed a n\u00e1hrady - 360PhotoBoothPRO\",\"isPartOf\":{\"@id\":\"https:\/\/360photoboothpro.eu\/cs\/#website\"},\"datePublished\":\"2023-03-31T11:30:47+00:00\",\"dateModified\":\"2024-08-06T07:18:27+00:00\",\"description\":\"Prozkoumejte na\u0161e bezprobl\u00e9mov\u00e9 z\u00e1sady pro vracen\u00ed a vr\u00e1cen\u00ed pen\u011bz. Va\u0161e spokojenost je pro n\u00e1s prioritou. D\u016fv\u011b\u0159ujte spole\u010dnosti 360 Photo Booth Pro a zajist\u011bte si bezpe\u010dn\u00e9 nakupov\u00e1n\u00ed.\",\"breadcrumb\":{\"@id\":\"https:\/\/360photoboothpro.eu\/cs\/returns-and-refunds-policy\/#breadcrumb\"},\"inLanguage\":\"cs\",\"potentialAction\":[{\"@type\":\"ReadAction\",\"target\":[\"https:\/\/360photoboothpro.eu\/cs\/returns-and-refunds-policy\/\"]}]},{\"@type\":\"BreadcrumbList\",\"@id\":\"https:\/\/360photoboothpro.eu\/cs\/returns-and-refunds-policy\/#breadcrumb\",\"itemListElement\":[{\"@type\":\"ListItem\",\"position\":1,\"name\":\"Home\",\"item\":\"https:\/\/360photoboothpro.eu\/cs\/\"},{\"@type\":\"ListItem\",\"position\":2,\"name\":\"Z\u00e1sady vracen\u00ed a n\u00e1hrady\"}]},{\"@type\":\"WebSite\",\"@id\":\"https:\/\/360photoboothpro.eu\/cs\/#website\",\"url\":\"https:\/\/360photoboothpro.eu\/cs\/\",\"name\":\"360PhotoBoothPRO\",\"description\":\"360PhotoBoothPRO\",\"publisher\":{\"@id\":\"https:\/\/360photoboothpro.eu\/cs\/#organization\"},\"potentialAction\":[{\"@type\":\"SearchAction\",\"target\":{\"@type\":\"EntryPoint\",\"urlTemplate\":\"https:\/\/360photoboothpro.eu\/cs\/?s={search_term_string}\"},\"query-input\":{\"@type\":\"PropertyValueSpecification\",\"valueRequired\":true,\"valueName\":\"search_term_string\"}}],\"inLanguage\":\"cs\"},{\"@type\":\"Organization\",\"@id\":\"https:\/\/360photoboothpro.eu\/cs\/#organization\",\"name\":\"360PhotoBoothPRO\",\"url\":\"https:\/\/360photoboothpro.eu\/cs\/\",\"logo\":{\"@type\":\"ImageObject\",\"inLanguage\":\"cs\",\"@id\":\"https:\/\/360photoboothpro.eu\/cs\/#\/schema\/logo\/image\/\",\"url\":\"https:\/\/360photoboothpro.eu\/wp-content\/uploads\/2023\/03\/logo-360photoboothpro-favicon.png\",\"contentUrl\":\"https:\/\/360photoboothpro.eu\/wp-content\/uploads\/2023\/03\/logo-360photoboothpro-favicon.png\",\"width\":317,\"height\":317,\"caption\":\"360PhotoBoothPRO\"},\"image\":{\"@id\":\"https:\/\/360photoboothpro.eu\/cs\/#\/schema\/logo\/image\/\"},\"sameAs\":[\"https:\/\/www.facebook.com\/360PhotoBoothPRO.Canada\/\"]}]}<\/script>\n<!-- \/ Yoast SEO plugin. -->","yoast_head_json":{"title":"Z\u00e1sady vracen\u00ed a n\u00e1hrady - 360PhotoBoothPRO","description":"Prozkoumejte na\u0161e bezprobl\u00e9mov\u00e9 z\u00e1sady pro vracen\u00ed a vr\u00e1cen\u00ed pen\u011bz. Va\u0161e spokojenost je pro n\u00e1s prioritou. D\u016fv\u011b\u0159ujte spole\u010dnosti 360 Photo Booth Pro a zajist\u011bte si bezpe\u010dn\u00e9 nakupov\u00e1n\u00ed.","robots":{"index":"index","follow":"follow","max-snippet":"max-snippet:-1","max-image-preview":"max-image-preview:large","max-video-preview":"max-video-preview:-1"},"canonical":"https:\/\/360photoboothpro.eu\/cs\/returns-and-refunds-policy\/","og_locale":"cs_CZ","og_type":"article","og_title":"Z\u00e1sady vracen\u00ed a n\u00e1hrady - 360PhotoBoothPRO","og_description":"Prozkoumejte na\u0161e bezprobl\u00e9mov\u00e9 z\u00e1sady pro vracen\u00ed a vr\u00e1cen\u00ed pen\u011bz. Va\u0161e spokojenost je pro n\u00e1s prioritou. D\u016fv\u011b\u0159ujte spole\u010dnosti 360 Photo Booth Pro a zajist\u011bte si bezpe\u010dn\u00e9 nakupov\u00e1n\u00ed.","og_url":"https:\/\/360photoboothpro.eu\/cs\/returns-and-refunds-policy\/","og_site_name":"360PhotoBoothPRO","article_publisher":"https:\/\/www.facebook.com\/360PhotoBoothPRO.Canada\/","article_modified_time":"2024-08-06T07:18:27+00:00","twitter_card":"summary_large_image","twitter_misc":{"Odhadovan\u00e1 doba \u010dten\u00ed":"3 minuty"},"schema":{"@context":"https:\/\/schema.org","@graph":[{"@type":"WebPage","@id":"https:\/\/360photoboothpro.eu\/cs\/returns-and-refunds-policy\/","url":"https:\/\/360photoboothpro.eu\/cs\/returns-and-refunds-policy\/","name":"Z\u00e1sady vracen\u00ed a n\u00e1hrady - 360PhotoBoothPRO","isPartOf":{"@id":"https:\/\/360photoboothpro.eu\/cs\/#website"},"datePublished":"2023-03-31T11:30:47+00:00","dateModified":"2024-08-06T07:18:27+00:00","description":"Prozkoumejte na\u0161e bezprobl\u00e9mov\u00e9 z\u00e1sady pro vracen\u00ed a vr\u00e1cen\u00ed pen\u011bz. Va\u0161e spokojenost je pro n\u00e1s prioritou. D\u016fv\u011b\u0159ujte spole\u010dnosti 360 Photo Booth Pro a zajist\u011bte si bezpe\u010dn\u00e9 nakupov\u00e1n\u00ed.","breadcrumb":{"@id":"https:\/\/360photoboothpro.eu\/cs\/returns-and-refunds-policy\/#breadcrumb"},"inLanguage":"cs","potentialAction":[{"@type":"ReadAction","target":["https:\/\/360photoboothpro.eu\/cs\/returns-and-refunds-policy\/"]}]},{"@type":"BreadcrumbList","@id":"https:\/\/360photoboothpro.eu\/cs\/returns-and-refunds-policy\/#breadcrumb","itemListElement":[{"@type":"ListItem","position":1,"name":"Home","item":"https:\/\/360photoboothpro.eu\/cs\/"},{"@type":"ListItem","position":2,"name":"Z\u00e1sady vracen\u00ed a n\u00e1hrady"}]},{"@type":"WebSite","@id":"https:\/\/360photoboothpro.eu\/cs\/#website","url":"https:\/\/360photoboothpro.eu\/cs\/","name":"360PhotoBoothPRO","description":"360PhotoBoothPRO","publisher":{"@id":"https:\/\/360photoboothpro.eu\/cs\/#organization"},"potentialAction":[{"@type":"SearchAction","target":{"@type":"EntryPoint","urlTemplate":"https:\/\/360photoboothpro.eu\/cs\/?s={search_term_string}"},"query-input":{"@type":"PropertyValueSpecification","valueRequired":true,"valueName":"search_term_string"}}],"inLanguage":"cs"},{"@type":"Organization","@id":"https:\/\/360photoboothpro.eu\/cs\/#organization","name":"360PhotoBoothPRO","url":"https:\/\/360photoboothpro.eu\/cs\/","logo":{"@type":"ImageObject","inLanguage":"cs","@id":"https:\/\/360photoboothpro.eu\/cs\/#\/schema\/logo\/image\/","url":"https:\/\/360photoboothpro.eu\/wp-content\/uploads\/2023\/03\/logo-360photoboothpro-favicon.png","contentUrl":"https:\/\/360photoboothpro.eu\/wp-content\/uploads\/2023\/03\/logo-360photoboothpro-favicon.png","width":317,"height":317,"caption":"360PhotoBoothPRO"},"image":{"@id":"https:\/\/360photoboothpro.eu\/cs\/#\/schema\/logo\/image\/"},"sameAs":["https:\/\/www.facebook.com\/360PhotoBoothPRO.Canada\/"]}]}},"_links":{"self":[{"href":"https:\/\/360photoboothpro.eu\/cs\/wp-json\/wp\/v2\/pages\/7542"}],"collection":[{"href":"https:\/\/360photoboothpro.eu\/cs\/wp-json\/wp\/v2\/pages"}],"about":[{"href":"https:\/\/360photoboothpro.eu\/cs\/wp-json\/wp\/v2\/types\/page"}],"author":[{"embeddable":true,"href":"https:\/\/360photoboothpro.eu\/cs\/wp-json\/wp\/v2\/users\/1"}],"replies":[{"embeddable":true,"href":"https:\/\/360photoboothpro.eu\/cs\/wp-json\/wp\/v2\/comments?post=7542"}],"version-history":[{"count":3,"href":"https:\/\/360photoboothpro.eu\/cs\/wp-json\/wp\/v2\/pages\/7542\/revisions"}],"predecessor-version":[{"id":14506,"href":"https:\/\/360photoboothpro.eu\/cs\/wp-json\/wp\/v2\/pages\/7542\/revisions\/14506"}],"wp:attachment":[{"href":"https:\/\/360photoboothpro.eu\/cs\/wp-json\/wp\/v2\/media?parent=7542"}],"curies":[{"name":"wp","href":"https:\/\/api.w.org\/{rel}","templated":true}]}}