{"id":7565,"date":"2023-03-31T13:30:05","date_gmt":"2023-03-31T11:30:05","guid":{"rendered":"https:\/\/360photoboothpro.eu\/shipping-policy\/"},"modified":"2024-08-06T10:22:34","modified_gmt":"2024-08-06T08:22:34","slug":"shipping-policy","status":"publish","type":"page","link":"https:\/\/360photoboothpro.eu\/cs\/shipping-policy\/","title":{"rendered":"Z\u00e1sady p\u0159epravy"},"content":{"rendered":"\t\t<div data-elementor-type=\"wp-page\" data-elementor-id=\"7565\" class=\"elementor elementor-7565 elementor-3800\" data-elementor-post-type=\"page\">\n\t\t\t\t\t\t<section class=\"elementor-section elementor-top-section elementor-element elementor-element-1b28c9c elementor-section-boxed elementor-section-height-default elementor-section-height-default\" data-id=\"1b28c9c\" data-element_type=\"section\">\r\n\t\t\r\n\t\t\t\t\t\t\t<div class=\"elementor-container elementor-column-gap-default\">\r\n\t\t\t\t\t\t\t\t\t\t\t<div class=\"elementor-column elementor-col-100 elementor-top-column elementor-element elementor-element-26a6f6c\" data-id=\"26a6f6c\" data-element_type=\"column\">\r\n\t\t\t\t\t<div class=\"elementor-widget-wrap elementor-element-populated\">\r\n\t\t\t\t\t\t\t\t<div class=\"elementor-element elementor-element-cdc1e04 elementor-widget elementor-widget-heading\" data-id=\"cdc1e04\" data-element_type=\"widget\" data-widget_type=\"heading.default\">\n\t\t\t\t<div class=\"elementor-widget-container\">\n\t\t\t<h2 class=\"elementor-heading-title elementor-size-default\">Z\u00c1SADY P\u0158EPRAVY<\/h2>\t\t<\/div>\n\t\t\t\t<\/div>\n\t\t\t\t\t<\/div>\r\n\t\t\t\t<\/div>\r\n\t\t\t\t\t<\/div>\r\n\t\t\t\t<\/section>\r\n\t\t\t\t<section class=\"elementor-section elementor-top-section elementor-element elementor-element-b382702 elementor-section-boxed elementor-section-height-default elementor-section-height-default\" data-id=\"b382702\" data-element_type=\"section\">\r\n\t\t\r\n\t\t\t\t\t\t\t<div class=\"elementor-container elementor-column-gap-default\">\r\n\t\t\t\t\t\t\t\t\t\t\t<div class=\"elementor-column elementor-col-50 elementor-top-column elementor-element elementor-element-c0a6b74\" data-id=\"c0a6b74\" data-element_type=\"column\">\r\n\t\t\t\t\t<div class=\"elementor-widget-wrap elementor-element-populated\">\r\n\t\t\t\t\t\t\t\t<div class=\"elementor-element elementor-element-40885d6 elementor-widget elementor-widget-text-editor\" data-id=\"40885d6\" data-element_type=\"widget\" data-widget_type=\"text-editor.default\">\n\t\t\t\t<div class=\"elementor-widget-container\">\n\t\t\t\t\t\t\t<h3><strong>Doru\u010den\u00ed je zdarma po cel\u00e9 Evrop\u011b. Dodac\u00ed lh\u016fta je 5-7 dn\u00ed po cel\u00e9 Evrop\u011b.<\/strong><\/h3>\n<p>V\u00fdrobky dod\u00e1v\u00e1me s <a href=\"https:\/\/www.dhl.com\/\">DHL<\/a><\/p>\n<p><span style=\"color: var(--porto-body-color); letter-spacing: var(--porto-body-ls,0);\">a stav doru\u010den\u00ed m\u016f\u017eete zkontrolovat kliknut\u00edm na <\/span><a style=\"letter-spacing: var(--porto-body-ls,0);\" href=\"https:\/\/www.mydhli.com\/global-en\/home\/tracking.html\" rel=\"nofollow\">SLY\u0160ETE: https:\/\/www.mydhli.com\/global-en\/home\/tracking.html.<\/a><\/p>\n<p>Z\u00e1kazn\u00edk je povinen zkontrolovat neporu\u0161enost v\u00fdrobku p\u0159i p\u0159evzet\u00ed z\u00e1silky a do 24 hodin od p\u0159evzet\u00ed je povinen p\u00edsemn\u011b informovat spole\u010dnost NOVO BEST CONCEPT TEAM SRL prost\u0159ednictv\u00edm e-mailu s p\u0159ilo\u017een\u00fdmi demonstrativn\u00edmi fotografiemi o vznikl\u00fdch z\u00e1vad\u00e1ch na t\u00e9to adrese: <a href=\"mailto:contact@360photoboothpro.eu\">contact@360photoboothpro.eu.<\/a> Pokud je p\u0159i doru\u010den\u00ed v\u00fdrobku nahl\u00e1\u0161eno v\u011bt\u0161\u00ed po\u0161kozen\u00ed obalu v\u00fdrobku, mus\u00ed z\u00e1kazn\u00edk sepsat se z\u00e1stupcem kur\u00fdrn\u00ed spole\u010dnosti protokol o po\u0161kozen\u00ed\/ztr\u00e1t\u011b nebo \u0161kod\u011b a uschovat si jeho kopii. U v\u00fdrobk\u016f dodan\u00fdch na adresu uvedenou v objedn\u00e1vce a pozd\u011bji p\u0159epraven\u00fdch z\u00e1kazn\u00edkem na jinou adresu nep\u0159eb\u00edr\u00e1me odpov\u011bdnost za neporu\u0161enost p\u0159epravy p\u0159\u00edslu\u0161n\u00e9ho v\u00fdrobku!<\/p>\n<p>P\u0159i doru\u010dov\u00e1n\u00ed na AWB jsou u\u010din\u011bny pozn\u00e1mky o mo\u017en\u00fdch probl\u00e9mech t\u00fdkaj\u00edc\u00edch se neporu\u0161enosti\/obsahu n\u011bkter\u00fdch z\u00e1silek nebo je seps\u00e1n protokol o zji\u0161t\u011bn\u00edch, p\u0159ijet\u00ed a zaplacen\u00ed z\u00e1silky je odm\u00edtnuto. Jak\u00e9koli n\u00e1sledn\u00e9 st\u00ed\u017enosti t\u00fdkaj\u00edc\u00ed se t\u011bchto aspekt\u016f jsou neplatn\u00e9.<\/p>\n\t\t\t\t\t\t<\/div>\n\t\t\t\t<\/div>\n\t\t\t\t\t<\/div>\r\n\t\t\t\t<\/div>\r\n\t\t\t\t<div class=\"elementor-column elementor-col-50 elementor-top-column elementor-element elementor-element-7bbb91b\" data-id=\"7bbb91b\" data-element_type=\"column\">\r\n\t\t\t\t\t<div class=\"elementor-widget-wrap elementor-element-populated\">\r\n\t\t\t\t\t\t\t\t<div class=\"elementor-element elementor-element-2e4d68c elementor-widget elementor-widget-text-editor\" data-id=\"2e4d68c\" data-element_type=\"widget\" data-widget_type=\"text-editor.default\">\n\t\t\t\t<div class=\"elementor-widget-container\">\n\t\t\t\t\t\t\t<p class=\"tw-data-text tw-text-large tw-ta\" dir=\"ltr\" data-placeholder=\"Traducere\"><span class=\"Y2IQFc\" lang=\"en\">V r\u00e1mci standardn\u00ed dodac\u00ed lh\u016fty mohou existovat tak\u00e9 v\u00fdjimky pro objedn\u00e1vky placen\u00e9 bankovn\u00edm p\u0159evodem nebo platebn\u00edm p\u0159\u00edkazem, u nich\u017e m\u016f\u017ee bankovn\u00ed transakce trvat v z\u00e1vislosti na dob\u011b zpracov\u00e1n\u00ed ka\u017ed\u00e9 banky; v t\u00e9to situaci bude objedn\u00e1vka zpracov\u00e1na a\u017e po p\u0159ips\u00e1n\u00ed pen\u011bz na \u00fa\u010det spole\u010dnosti NOVO BEST CONCEPT TEAM SRL.  <\/span><\/p>\n<p class=\"tw-data-text tw-text-large tw-ta\" dir=\"ltr\" data-placeholder=\"Traducere\"><span class=\"Y2IQFc\" lang=\"en\">M\u016f\u017ee doj\u00edt ke zpo\u017ed\u011bn\u00ed dod\u00e1vky z d\u016fvodu nep\u0159\u00edzniv\u00fdch pov\u011btrnostn\u00edch podm\u00ednek, nepr\u016fjezdn\u00fdch silnic nebo jin\u00fdch p\u0159\u00ed\u010din souvisej\u00edc\u00edch s v\u00fdvojem po\u010das\u00ed, celn\u00edmi formalitami atd.<\/span><\/p>\n<p class=\"tw-data-text tw-text-large tw-ta\" dir=\"ltr\" data-placeholder=\"Traducere\"><span class=\"Y2IQFc\" lang=\"en\">P\u0159ed objedn\u00e1n\u00edm produktu zkontrolujte, zda je skladem. V\u00fdrobky, kter\u00e9 nejsou aktu\u00e1ln\u011b skladem, nelze dodat. P\u0159\u00edslu\u0161n\u00e9 objedn\u00e1vky mohou b\u00fdt na \u017e\u00e1dost z\u00e1kazn\u00edka uchov\u00e1v\u00e1ny po dobu jednoho m\u011bs\u00edce a jsou dod\u00e1ny, jakmile jsou op\u011bt na sklad\u011b. Pokud je nelze vy\u0159\u00eddit do jednoho m\u011bs\u00edce, budou tyto objedn\u00e1vky pova\u017eov\u00e1ny za zru\u0161en\u00e9 bez dal\u0161\u00edho upozorn\u011bn\u00ed. Pokud z\u00e1kazn\u00edk neur\u010d\u00ed, \u017ee tyto objedn\u00e1vky maj\u00ed b\u00fdt zachov\u00e1ny, budou pova\u017eov\u00e1ny za neplatn\u00e9.<\/span><\/p>\n\t\t\t\t\t\t<\/div>\n\t\t\t\t<\/div>\n\t\t\t\t\t<\/div>\r\n\t\t\t\t<\/div>\r\n\t\t\t\t\t<\/div>\r\n\t\t\t\t<\/section>\r\n\t\t\t\t<\/div>\n\t\t","protected":false},"excerpt":{"rendered":"<p>Z\u00c1SADY P\u0158EPRAVY Doru\u010den\u00ed je zdarma po cel\u00e9 Evrop\u011b. Dodac\u00ed lh\u016fta je 5-7 dn\u00ed po cel\u00e9 Evrop\u011b. V\u00fdrobky dod\u00e1v\u00e1me s DHL a stav doru\u010den\u00ed m\u016f\u017eete zkontrolovat kliknut\u00edm na SLY\u0160ETE: https:\/\/www.mydhli.com\/global-en\/home\/tracking.html. Z\u00e1kazn\u00edk je povinen zkontrolovat neporu\u0161enost v\u00fdrobku p\u0159i p\u0159evzet\u00ed z\u00e1silky a do 24 hodin od p\u0159evzet\u00ed je povinen p\u00edsemn\u011b informovat spole\u010dnost NOVO BEST CONCEPT TEAM SRL prost\u0159ednictv\u00edm [&hellip;]<\/p>\n","protected":false},"author":1,"featured_media":0,"parent":0,"menu_order":0,"comment_status":"closed","ping_status":"closed","template":"elementor_header_footer","meta":{"_acf_changed":false,"footnotes":""},"class_list":["post-7565","page","type-page","status-publish","hentry"],"acf":[],"yoast_head":"<!-- This site is optimized with the Yoast SEO plugin v23.5 - https:\/\/yoast.com\/wordpress\/plugins\/seo\/ -->\n<title>Z\u00e1sady p\u0159epravy - 360PhotoBoothPRO<\/title>\n<meta name=\"description\" content=\"Objevte spolehlivou p\u0159epravu na 360 Photo Booth Pro. V\u010dasn\u00e9 doru\u010den\u00ed a mezin\u00e1rodn\u00ed mo\u017enosti pro va\u0161e pohodl\u00ed. Za\u017eijte bezprobl\u00e9mov\u00e9 nakupov\u00e1n\u00ed.\" \/>\n<meta name=\"robots\" content=\"index, follow, max-snippet:-1, max-image-preview:large, max-video-preview:-1\" \/>\n<link rel=\"canonical\" href=\"https:\/\/360photoboothpro.eu\/cs\/shipping-policy\/\" \/>\n<meta property=\"og:locale\" content=\"cs_CZ\" \/>\n<meta property=\"og:type\" content=\"article\" \/>\n<meta property=\"og:title\" content=\"Z\u00e1sady p\u0159epravy - 360PhotoBoothPRO\" \/>\n<meta property=\"og:description\" content=\"Objevte spolehlivou p\u0159epravu na 360 Photo Booth Pro. V\u010dasn\u00e9 doru\u010den\u00ed a mezin\u00e1rodn\u00ed mo\u017enosti pro va\u0161e pohodl\u00ed. Za\u017eijte bezprobl\u00e9mov\u00e9 nakupov\u00e1n\u00ed.\" \/>\n<meta property=\"og:url\" content=\"https:\/\/360photoboothpro.eu\/cs\/shipping-policy\/\" \/>\n<meta property=\"og:site_name\" content=\"360PhotoBoothPRO\" \/>\n<meta property=\"article:publisher\" content=\"https:\/\/www.facebook.com\/360PhotoBoothPRO.Canada\/\" \/>\n<meta property=\"article:modified_time\" content=\"2024-08-06T08:22:34+00:00\" \/>\n<meta name=\"twitter:card\" content=\"summary_large_image\" \/>\n<meta name=\"twitter:label1\" content=\"Odhadovan\u00e1 doba \u010dten\u00ed\" \/>\n\t<meta name=\"twitter:data1\" content=\"2 minuty\" \/>\n<script type=\"application\/ld+json\" class=\"yoast-schema-graph\">{\"@context\":\"https:\/\/schema.org\",\"@graph\":[{\"@type\":\"WebPage\",\"@id\":\"https:\/\/360photoboothpro.eu\/cs\/shipping-policy\/\",\"url\":\"https:\/\/360photoboothpro.eu\/cs\/shipping-policy\/\",\"name\":\"Z\u00e1sady p\u0159epravy - 360PhotoBoothPRO\",\"isPartOf\":{\"@id\":\"https:\/\/360photoboothpro.eu\/cs\/#website\"},\"datePublished\":\"2023-03-31T11:30:05+00:00\",\"dateModified\":\"2024-08-06T08:22:34+00:00\",\"description\":\"Objevte spolehlivou p\u0159epravu na 360 Photo Booth Pro. V\u010dasn\u00e9 doru\u010den\u00ed a mezin\u00e1rodn\u00ed mo\u017enosti pro va\u0161e pohodl\u00ed. Za\u017eijte bezprobl\u00e9mov\u00e9 nakupov\u00e1n\u00ed.\",\"breadcrumb\":{\"@id\":\"https:\/\/360photoboothpro.eu\/cs\/shipping-policy\/#breadcrumb\"},\"inLanguage\":\"cs\",\"potentialAction\":[{\"@type\":\"ReadAction\",\"target\":[\"https:\/\/360photoboothpro.eu\/cs\/shipping-policy\/\"]}]},{\"@type\":\"BreadcrumbList\",\"@id\":\"https:\/\/360photoboothpro.eu\/cs\/shipping-policy\/#breadcrumb\",\"itemListElement\":[{\"@type\":\"ListItem\",\"position\":1,\"name\":\"Home\",\"item\":\"https:\/\/360photoboothpro.eu\/cs\/\"},{\"@type\":\"ListItem\",\"position\":2,\"name\":\"Z\u00e1sady p\u0159epravy\"}]},{\"@type\":\"WebSite\",\"@id\":\"https:\/\/360photoboothpro.eu\/cs\/#website\",\"url\":\"https:\/\/360photoboothpro.eu\/cs\/\",\"name\":\"360PhotoBoothPRO\",\"description\":\"360PhotoBoothPRO\",\"publisher\":{\"@id\":\"https:\/\/360photoboothpro.eu\/cs\/#organization\"},\"potentialAction\":[{\"@type\":\"SearchAction\",\"target\":{\"@type\":\"EntryPoint\",\"urlTemplate\":\"https:\/\/360photoboothpro.eu\/cs\/?s={search_term_string}\"},\"query-input\":{\"@type\":\"PropertyValueSpecification\",\"valueRequired\":true,\"valueName\":\"search_term_string\"}}],\"inLanguage\":\"cs\"},{\"@type\":\"Organization\",\"@id\":\"https:\/\/360photoboothpro.eu\/cs\/#organization\",\"name\":\"360PhotoBoothPRO\",\"url\":\"https:\/\/360photoboothpro.eu\/cs\/\",\"logo\":{\"@type\":\"ImageObject\",\"inLanguage\":\"cs\",\"@id\":\"https:\/\/360photoboothpro.eu\/cs\/#\/schema\/logo\/image\/\",\"url\":\"https:\/\/360photoboothpro.eu\/wp-content\/uploads\/2023\/03\/logo-360photoboothpro-favicon.png\",\"contentUrl\":\"https:\/\/360photoboothpro.eu\/wp-content\/uploads\/2023\/03\/logo-360photoboothpro-favicon.png\",\"width\":317,\"height\":317,\"caption\":\"360PhotoBoothPRO\"},\"image\":{\"@id\":\"https:\/\/360photoboothpro.eu\/cs\/#\/schema\/logo\/image\/\"},\"sameAs\":[\"https:\/\/www.facebook.com\/360PhotoBoothPRO.Canada\/\"]}]}<\/script>\n<!-- \/ Yoast SEO plugin. -->","yoast_head_json":{"title":"Z\u00e1sady p\u0159epravy - 360PhotoBoothPRO","description":"Objevte spolehlivou p\u0159epravu na 360 Photo Booth Pro. V\u010dasn\u00e9 doru\u010den\u00ed a mezin\u00e1rodn\u00ed mo\u017enosti pro va\u0161e pohodl\u00ed. Za\u017eijte bezprobl\u00e9mov\u00e9 nakupov\u00e1n\u00ed.","robots":{"index":"index","follow":"follow","max-snippet":"max-snippet:-1","max-image-preview":"max-image-preview:large","max-video-preview":"max-video-preview:-1"},"canonical":"https:\/\/360photoboothpro.eu\/cs\/shipping-policy\/","og_locale":"cs_CZ","og_type":"article","og_title":"Z\u00e1sady p\u0159epravy - 360PhotoBoothPRO","og_description":"Objevte spolehlivou p\u0159epravu na 360 Photo Booth Pro. V\u010dasn\u00e9 doru\u010den\u00ed a mezin\u00e1rodn\u00ed mo\u017enosti pro va\u0161e pohodl\u00ed. Za\u017eijte bezprobl\u00e9mov\u00e9 nakupov\u00e1n\u00ed.","og_url":"https:\/\/360photoboothpro.eu\/cs\/shipping-policy\/","og_site_name":"360PhotoBoothPRO","article_publisher":"https:\/\/www.facebook.com\/360PhotoBoothPRO.Canada\/","article_modified_time":"2024-08-06T08:22:34+00:00","twitter_card":"summary_large_image","twitter_misc":{"Odhadovan\u00e1 doba \u010dten\u00ed":"2 minuty"},"schema":{"@context":"https:\/\/schema.org","@graph":[{"@type":"WebPage","@id":"https:\/\/360photoboothpro.eu\/cs\/shipping-policy\/","url":"https:\/\/360photoboothpro.eu\/cs\/shipping-policy\/","name":"Z\u00e1sady p\u0159epravy - 360PhotoBoothPRO","isPartOf":{"@id":"https:\/\/360photoboothpro.eu\/cs\/#website"},"datePublished":"2023-03-31T11:30:05+00:00","dateModified":"2024-08-06T08:22:34+00:00","description":"Objevte spolehlivou p\u0159epravu na 360 Photo Booth Pro. V\u010dasn\u00e9 doru\u010den\u00ed a mezin\u00e1rodn\u00ed mo\u017enosti pro va\u0161e pohodl\u00ed. Za\u017eijte bezprobl\u00e9mov\u00e9 nakupov\u00e1n\u00ed.","breadcrumb":{"@id":"https:\/\/360photoboothpro.eu\/cs\/shipping-policy\/#breadcrumb"},"inLanguage":"cs","potentialAction":[{"@type":"ReadAction","target":["https:\/\/360photoboothpro.eu\/cs\/shipping-policy\/"]}]},{"@type":"BreadcrumbList","@id":"https:\/\/360photoboothpro.eu\/cs\/shipping-policy\/#breadcrumb","itemListElement":[{"@type":"ListItem","position":1,"name":"Home","item":"https:\/\/360photoboothpro.eu\/cs\/"},{"@type":"ListItem","position":2,"name":"Z\u00e1sady p\u0159epravy"}]},{"@type":"WebSite","@id":"https:\/\/360photoboothpro.eu\/cs\/#website","url":"https:\/\/360photoboothpro.eu\/cs\/","name":"360PhotoBoothPRO","description":"360PhotoBoothPRO","publisher":{"@id":"https:\/\/360photoboothpro.eu\/cs\/#organization"},"potentialAction":[{"@type":"SearchAction","target":{"@type":"EntryPoint","urlTemplate":"https:\/\/360photoboothpro.eu\/cs\/?s={search_term_string}"},"query-input":{"@type":"PropertyValueSpecification","valueRequired":true,"valueName":"search_term_string"}}],"inLanguage":"cs"},{"@type":"Organization","@id":"https:\/\/360photoboothpro.eu\/cs\/#organization","name":"360PhotoBoothPRO","url":"https:\/\/360photoboothpro.eu\/cs\/","logo":{"@type":"ImageObject","inLanguage":"cs","@id":"https:\/\/360photoboothpro.eu\/cs\/#\/schema\/logo\/image\/","url":"https:\/\/360photoboothpro.eu\/wp-content\/uploads\/2023\/03\/logo-360photoboothpro-favicon.png","contentUrl":"https:\/\/360photoboothpro.eu\/wp-content\/uploads\/2023\/03\/logo-360photoboothpro-favicon.png","width":317,"height":317,"caption":"360PhotoBoothPRO"},"image":{"@id":"https:\/\/360photoboothpro.eu\/cs\/#\/schema\/logo\/image\/"},"sameAs":["https:\/\/www.facebook.com\/360PhotoBoothPRO.Canada\/"]}]}},"_links":{"self":[{"href":"https:\/\/360photoboothpro.eu\/cs\/wp-json\/wp\/v2\/pages\/7565"}],"collection":[{"href":"https:\/\/360photoboothpro.eu\/cs\/wp-json\/wp\/v2\/pages"}],"about":[{"href":"https:\/\/360photoboothpro.eu\/cs\/wp-json\/wp\/v2\/types\/page"}],"author":[{"embeddable":true,"href":"https:\/\/360photoboothpro.eu\/cs\/wp-json\/wp\/v2\/users\/1"}],"replies":[{"embeddable":true,"href":"https:\/\/360photoboothpro.eu\/cs\/wp-json\/wp\/v2\/comments?post=7565"}],"version-history":[{"count":3,"href":"https:\/\/360photoboothpro.eu\/cs\/wp-json\/wp\/v2\/pages\/7565\/revisions"}],"predecessor-version":[{"id":14524,"href":"https:\/\/360photoboothpro.eu\/cs\/wp-json\/wp\/v2\/pages\/7565\/revisions\/14524"}],"wp:attachment":[{"href":"https:\/\/360photoboothpro.eu\/cs\/wp-json\/wp\/v2\/media?parent=7565"}],"curies":[{"name":"wp","href":"https:\/\/api.w.org\/{rel}","templated":true}]}}