{"id":7585,"date":"2023-03-31T13:28:51","date_gmt":"2023-03-31T11:28:51","guid":{"rendered":"https:\/\/360photoboothpro.eu\/jak-objednat\/"},"modified":"2023-12-18T15:11:41","modified_gmt":"2023-12-18T13:11:41","slug":"jak-objednat","status":"publish","type":"page","link":"https:\/\/360photoboothpro.eu\/cs\/jak-objednat\/","title":{"rendered":"Jak objednat"},"content":{"rendered":"\t\t<div data-elementor-type=\"wp-page\" data-elementor-id=\"7585\" class=\"elementor elementor-7585 elementor-3796\" data-elementor-post-type=\"page\">\n\t\t\t\t\t\t<section class=\"elementor-section elementor-top-section elementor-element elementor-element-e86c21d elementor-section-boxed elementor-section-height-default elementor-section-height-default\" data-id=\"e86c21d\" data-element_type=\"section\">\r\n\t\t\r\n\t\t\t\t\t\t\t<div class=\"elementor-container elementor-column-gap-default\">\r\n\t\t\t\t\t\t\t\t\t\t\t<div class=\"elementor-column elementor-col-100 elementor-top-column elementor-element elementor-element-7602985\" data-id=\"7602985\" data-element_type=\"column\">\r\n\t\t\t\t\t<div class=\"elementor-widget-wrap elementor-element-populated\">\r\n\t\t\t\t\t\t\t\t<div class=\"elementor-element elementor-element-85a2f70 elementor-widget elementor-widget-heading\" data-id=\"85a2f70\" data-element_type=\"widget\" data-widget_type=\"heading.default\">\n\t\t\t\t<div class=\"elementor-widget-container\">\n\t\t\t<h2 class=\"elementor-heading-title elementor-size-default\">JAK OBJEDNAT<\/h2>\t\t<\/div>\n\t\t\t\t<\/div>\n\t\t\t\t\t<\/div>\r\n\t\t\t\t<\/div>\r\n\t\t\t\t\t<\/div>\r\n\t\t\t\t<\/section>\r\n\t\t\t\t<section class=\"elementor-section elementor-top-section elementor-element elementor-element-ee8d933 elementor-section-boxed elementor-section-height-default elementor-section-height-default\" data-id=\"ee8d933\" data-element_type=\"section\">\r\n\t\t\r\n\t\t\t\t\t\t\t<div class=\"elementor-container elementor-column-gap-default\">\r\n\t\t\t\t\t\t\t\t\t\t\t<div class=\"elementor-column elementor-col-50 elementor-top-column elementor-element elementor-element-8dfe04f\" data-id=\"8dfe04f\" data-element_type=\"column\">\r\n\t\t\t\t\t<div class=\"elementor-widget-wrap elementor-element-populated\">\r\n\t\t\t\t\t\t\t\t<div class=\"elementor-element elementor-element-1156b38 elementor-widget elementor-widget-text-editor\" data-id=\"1156b38\" data-element_type=\"widget\" data-widget_type=\"text-editor.default\">\n\t\t\t\t<div class=\"elementor-widget-container\">\n\t\t\t\t\t\t\t<p id=\"tw-target-text\" class=\"tw-data-text tw-text-large tw-ta\" dir=\"ltr\" data-placeholder=\"Traducere\"><span class=\"Y2IQFc\" lang=\"en\"><strong>ZAD\u00c1V\u00c1N\u00cd OBJEDN\u00c1VEK ONLINE<\/strong><\/span><\/p>\n<p>Chcete-li p\u0159idat v\u00fdrobek do &#8222;N\u00e1kupn\u00edho ko\u0161\u00edku&#8220;, vyberte po\u010det kus\u016f a stiskn\u011bte tla\u010d\u00edtko &#8222;P\u0159idat do ko\u0161\u00edku&#8220;.<\/p>\n<p>Pot\u00e9 klikn\u011bte na &#8222;Zobrazit ko\u0161\u00edk&#8220;. V n\u00e1kupn\u00edm ko\u0161\u00edku se zobraz\u00ed kone\u010dn\u00e1 cena v\u00fdrobku v\u010detn\u011b v\u0161ech dan\u00ed (v\u010detn\u011b 19% DPH platn\u00e9 pro v\u0161echny v\u00fdrobky zakoupen\u00e9 v Rumunsku).<\/p>\t\t\t\t\t\t<\/div>\n\t\t\t\t<\/div>\n\t\t\t\t\t<\/div>\r\n\t\t\t\t<\/div>\r\n\t\t\t\t<div class=\"elementor-column elementor-col-50 elementor-top-column elementor-element elementor-element-0c699eb\" data-id=\"0c699eb\" data-element_type=\"column\">\r\n\t\t\t\t\t<div class=\"elementor-widget-wrap elementor-element-populated\">\r\n\t\t\t\t\t\t\t\t<div class=\"elementor-element elementor-element-0dedcce elementor-widget elementor-widget-text-editor\" data-id=\"0dedcce\" data-element_type=\"widget\" data-widget_type=\"text-editor.default\">\n\t\t\t\t<div class=\"elementor-widget-container\">\n\t\t\t\t\t\t\t<p>Stiskn\u011bte tla\u010d\u00edtko &#8222;P\u0159ej\u00edt k pokladn\u011b&#8220;, p\u0159idejte dodac\u00ed \u00fadaje a dokon\u010dete objedn\u00e1vku v\u00fdb\u011brem zp\u016fsobu platby a zad\u00e1n\u00edm faktura\u010dn\u00edch \u00fadaj\u016f.<\/p>\n<p>Po odesl\u00e1n\u00ed objedn\u00e1vky obdr\u017e\u00edte e-mail s potvrzen\u00edm registrace objedn\u00e1vky.<\/p>\n<p>Podan\u00e1 objedn\u00e1vka a zakoupen\u00fd produkt p\u0159edstavuj\u00ed souhlas kupuj\u00edc\u00edho se v\u0161emi podm\u00ednkami a pravidly pou\u017e\u00edv\u00e1n\u00ed t\u011bchto str\u00e1nek.<\/p>\n\t\t\t\t\t\t<\/div>\n\t\t\t\t<\/div>\n\t\t\t\t\t<\/div>\r\n\t\t\t\t<\/div>\r\n\t\t\t\t\t<\/div>\r\n\t\t\t\t<\/section>\r\n\t\t\t\t<\/div>\n\t\t","protected":false},"excerpt":{"rendered":"<p>JAK OBJEDNAT ZAD\u00c1V\u00c1N\u00cd OBJEDN\u00c1VEK ONLINE Chcete-li p\u0159idat v\u00fdrobek do &#8222;N\u00e1kupn\u00edho ko\u0161\u00edku&#8220;, vyberte po\u010det kus\u016f a stiskn\u011bte tla\u010d\u00edtko &#8222;P\u0159idat do ko\u0161\u00edku&#8220;. Pot\u00e9 klikn\u011bte na &#8222;Zobrazit ko\u0161\u00edk&#8220;. V n\u00e1kupn\u00edm ko\u0161\u00edku se zobraz\u00ed kone\u010dn\u00e1 cena v\u00fdrobku v\u010detn\u011b v\u0161ech dan\u00ed (v\u010detn\u011b 19% DPH platn\u00e9 pro v\u0161echny v\u00fdrobky zakoupen\u00e9 v Rumunsku). Stiskn\u011bte tla\u010d\u00edtko &#8222;P\u0159ej\u00edt k pokladn\u011b&#8220;, p\u0159idejte dodac\u00ed \u00fadaje a [&hellip;]<\/p>\n","protected":false},"author":1,"featured_media":0,"parent":0,"menu_order":0,"comment_status":"closed","ping_status":"closed","template":"elementor_header_footer","meta":{"_acf_changed":false,"footnotes":""},"class_list":["post-7585","page","type-page","status-publish","hentry"],"acf":[],"yoast_head":"<!-- This site is optimized with the Yoast SEO plugin v23.5 - https:\/\/yoast.com\/wordpress\/plugins\/seo\/ -->\n<title>Jak objednat - 360PhotoBoothPRO<\/title>\n<meta name=\"description\" content=\"Snadn\u00e9 objedn\u00e1v\u00e1n\u00ed! Pro bezprobl\u00e9mov\u00fd z\u00e1\u017eitek postupujte podle na\u0161eho pr\u016fvodce na str\u00e1nk\u00e1ch 360 Photo Booth Pro. Zachy\u0165te nezapomenuteln\u00e9 okam\u017eiky pomoc\u00ed na\u0161ich inovativn\u00edch produkt\u016f.\" \/>\n<meta name=\"robots\" content=\"index, follow, max-snippet:-1, max-image-preview:large, max-video-preview:-1\" \/>\n<link rel=\"canonical\" href=\"https:\/\/360photoboothpro.eu\/cs\/jak-objednat\/\" \/>\n<meta property=\"og:locale\" content=\"cs_CZ\" \/>\n<meta property=\"og:type\" content=\"article\" \/>\n<meta property=\"og:title\" content=\"Jak objednat - 360PhotoBoothPRO\" \/>\n<meta property=\"og:description\" content=\"Snadn\u00e9 objedn\u00e1v\u00e1n\u00ed! Pro bezprobl\u00e9mov\u00fd z\u00e1\u017eitek postupujte podle na\u0161eho pr\u016fvodce na str\u00e1nk\u00e1ch 360 Photo Booth Pro. Zachy\u0165te nezapomenuteln\u00e9 okam\u017eiky pomoc\u00ed na\u0161ich inovativn\u00edch produkt\u016f.\" \/>\n<meta property=\"og:url\" content=\"https:\/\/360photoboothpro.eu\/cs\/jak-objednat\/\" \/>\n<meta property=\"og:site_name\" content=\"360PhotoBoothPRO\" \/>\n<meta property=\"article:publisher\" content=\"https:\/\/www.facebook.com\/360PhotoBoothPRO.Canada\/\" \/>\n<meta property=\"article:modified_time\" content=\"2023-12-18T13:11:41+00:00\" \/>\n<meta name=\"twitter:card\" content=\"summary_large_image\" \/>\n<meta name=\"twitter:label1\" content=\"Odhadovan\u00e1 doba \u010dten\u00ed\" \/>\n\t<meta name=\"twitter:data1\" content=\"1 minuta\" \/>\n<script type=\"application\/ld+json\" class=\"yoast-schema-graph\">{\"@context\":\"https:\/\/schema.org\",\"@graph\":[{\"@type\":\"WebPage\",\"@id\":\"https:\/\/360photoboothpro.eu\/cs\/jak-objednat\/\",\"url\":\"https:\/\/360photoboothpro.eu\/cs\/jak-objednat\/\",\"name\":\"Jak objednat - 360PhotoBoothPRO\",\"isPartOf\":{\"@id\":\"https:\/\/360photoboothpro.eu\/cs\/#website\"},\"datePublished\":\"2023-03-31T11:28:51+00:00\",\"dateModified\":\"2023-12-18T13:11:41+00:00\",\"description\":\"Snadn\u00e9 objedn\u00e1v\u00e1n\u00ed! Pro bezprobl\u00e9mov\u00fd z\u00e1\u017eitek postupujte podle na\u0161eho pr\u016fvodce na str\u00e1nk\u00e1ch 360 Photo Booth Pro. Zachy\u0165te nezapomenuteln\u00e9 okam\u017eiky pomoc\u00ed na\u0161ich inovativn\u00edch produkt\u016f.\",\"breadcrumb\":{\"@id\":\"https:\/\/360photoboothpro.eu\/cs\/jak-objednat\/#breadcrumb\"},\"inLanguage\":\"cs\",\"potentialAction\":[{\"@type\":\"ReadAction\",\"target\":[\"https:\/\/360photoboothpro.eu\/cs\/jak-objednat\/\"]}]},{\"@type\":\"BreadcrumbList\",\"@id\":\"https:\/\/360photoboothpro.eu\/cs\/jak-objednat\/#breadcrumb\",\"itemListElement\":[{\"@type\":\"ListItem\",\"position\":1,\"name\":\"Home\",\"item\":\"https:\/\/360photoboothpro.eu\/cs\/\"},{\"@type\":\"ListItem\",\"position\":2,\"name\":\"Jak objednat\"}]},{\"@type\":\"WebSite\",\"@id\":\"https:\/\/360photoboothpro.eu\/cs\/#website\",\"url\":\"https:\/\/360photoboothpro.eu\/cs\/\",\"name\":\"360PhotoBoothPRO\",\"description\":\"360PhotoBoothPRO\",\"publisher\":{\"@id\":\"https:\/\/360photoboothpro.eu\/cs\/#organization\"},\"potentialAction\":[{\"@type\":\"SearchAction\",\"target\":{\"@type\":\"EntryPoint\",\"urlTemplate\":\"https:\/\/360photoboothpro.eu\/cs\/?s={search_term_string}\"},\"query-input\":{\"@type\":\"PropertyValueSpecification\",\"valueRequired\":true,\"valueName\":\"search_term_string\"}}],\"inLanguage\":\"cs\"},{\"@type\":\"Organization\",\"@id\":\"https:\/\/360photoboothpro.eu\/cs\/#organization\",\"name\":\"360PhotoBoothPRO\",\"url\":\"https:\/\/360photoboothpro.eu\/cs\/\",\"logo\":{\"@type\":\"ImageObject\",\"inLanguage\":\"cs\",\"@id\":\"https:\/\/360photoboothpro.eu\/cs\/#\/schema\/logo\/image\/\",\"url\":\"https:\/\/360photoboothpro.eu\/wp-content\/uploads\/2023\/03\/logo-360photoboothpro-favicon.png\",\"contentUrl\":\"https:\/\/360photoboothpro.eu\/wp-content\/uploads\/2023\/03\/logo-360photoboothpro-favicon.png\",\"width\":317,\"height\":317,\"caption\":\"360PhotoBoothPRO\"},\"image\":{\"@id\":\"https:\/\/360photoboothpro.eu\/cs\/#\/schema\/logo\/image\/\"},\"sameAs\":[\"https:\/\/www.facebook.com\/360PhotoBoothPRO.Canada\/\"]}]}<\/script>\n<!-- \/ Yoast SEO plugin. -->","yoast_head_json":{"title":"Jak objednat - 360PhotoBoothPRO","description":"Snadn\u00e9 objedn\u00e1v\u00e1n\u00ed! Pro bezprobl\u00e9mov\u00fd z\u00e1\u017eitek postupujte podle na\u0161eho pr\u016fvodce na str\u00e1nk\u00e1ch 360 Photo Booth Pro. Zachy\u0165te nezapomenuteln\u00e9 okam\u017eiky pomoc\u00ed na\u0161ich inovativn\u00edch produkt\u016f.","robots":{"index":"index","follow":"follow","max-snippet":"max-snippet:-1","max-image-preview":"max-image-preview:large","max-video-preview":"max-video-preview:-1"},"canonical":"https:\/\/360photoboothpro.eu\/cs\/jak-objednat\/","og_locale":"cs_CZ","og_type":"article","og_title":"Jak objednat - 360PhotoBoothPRO","og_description":"Snadn\u00e9 objedn\u00e1v\u00e1n\u00ed! Pro bezprobl\u00e9mov\u00fd z\u00e1\u017eitek postupujte podle na\u0161eho pr\u016fvodce na str\u00e1nk\u00e1ch 360 Photo Booth Pro. Zachy\u0165te nezapomenuteln\u00e9 okam\u017eiky pomoc\u00ed na\u0161ich inovativn\u00edch produkt\u016f.","og_url":"https:\/\/360photoboothpro.eu\/cs\/jak-objednat\/","og_site_name":"360PhotoBoothPRO","article_publisher":"https:\/\/www.facebook.com\/360PhotoBoothPRO.Canada\/","article_modified_time":"2023-12-18T13:11:41+00:00","twitter_card":"summary_large_image","twitter_misc":{"Odhadovan\u00e1 doba \u010dten\u00ed":"1 minuta"},"schema":{"@context":"https:\/\/schema.org","@graph":[{"@type":"WebPage","@id":"https:\/\/360photoboothpro.eu\/cs\/jak-objednat\/","url":"https:\/\/360photoboothpro.eu\/cs\/jak-objednat\/","name":"Jak objednat - 360PhotoBoothPRO","isPartOf":{"@id":"https:\/\/360photoboothpro.eu\/cs\/#website"},"datePublished":"2023-03-31T11:28:51+00:00","dateModified":"2023-12-18T13:11:41+00:00","description":"Snadn\u00e9 objedn\u00e1v\u00e1n\u00ed! Pro bezprobl\u00e9mov\u00fd z\u00e1\u017eitek postupujte podle na\u0161eho pr\u016fvodce na str\u00e1nk\u00e1ch 360 Photo Booth Pro. Zachy\u0165te nezapomenuteln\u00e9 okam\u017eiky pomoc\u00ed na\u0161ich inovativn\u00edch produkt\u016f.","breadcrumb":{"@id":"https:\/\/360photoboothpro.eu\/cs\/jak-objednat\/#breadcrumb"},"inLanguage":"cs","potentialAction":[{"@type":"ReadAction","target":["https:\/\/360photoboothpro.eu\/cs\/jak-objednat\/"]}]},{"@type":"BreadcrumbList","@id":"https:\/\/360photoboothpro.eu\/cs\/jak-objednat\/#breadcrumb","itemListElement":[{"@type":"ListItem","position":1,"name":"Home","item":"https:\/\/360photoboothpro.eu\/cs\/"},{"@type":"ListItem","position":2,"name":"Jak objednat"}]},{"@type":"WebSite","@id":"https:\/\/360photoboothpro.eu\/cs\/#website","url":"https:\/\/360photoboothpro.eu\/cs\/","name":"360PhotoBoothPRO","description":"360PhotoBoothPRO","publisher":{"@id":"https:\/\/360photoboothpro.eu\/cs\/#organization"},"potentialAction":[{"@type":"SearchAction","target":{"@type":"EntryPoint","urlTemplate":"https:\/\/360photoboothpro.eu\/cs\/?s={search_term_string}"},"query-input":{"@type":"PropertyValueSpecification","valueRequired":true,"valueName":"search_term_string"}}],"inLanguage":"cs"},{"@type":"Organization","@id":"https:\/\/360photoboothpro.eu\/cs\/#organization","name":"360PhotoBoothPRO","url":"https:\/\/360photoboothpro.eu\/cs\/","logo":{"@type":"ImageObject","inLanguage":"cs","@id":"https:\/\/360photoboothpro.eu\/cs\/#\/schema\/logo\/image\/","url":"https:\/\/360photoboothpro.eu\/wp-content\/uploads\/2023\/03\/logo-360photoboothpro-favicon.png","contentUrl":"https:\/\/360photoboothpro.eu\/wp-content\/uploads\/2023\/03\/logo-360photoboothpro-favicon.png","width":317,"height":317,"caption":"360PhotoBoothPRO"},"image":{"@id":"https:\/\/360photoboothpro.eu\/cs\/#\/schema\/logo\/image\/"},"sameAs":["https:\/\/www.facebook.com\/360PhotoBoothPRO.Canada\/"]}]}},"_links":{"self":[{"href":"https:\/\/360photoboothpro.eu\/cs\/wp-json\/wp\/v2\/pages\/7585"}],"collection":[{"href":"https:\/\/360photoboothpro.eu\/cs\/wp-json\/wp\/v2\/pages"}],"about":[{"href":"https:\/\/360photoboothpro.eu\/cs\/wp-json\/wp\/v2\/types\/page"}],"author":[{"embeddable":true,"href":"https:\/\/360photoboothpro.eu\/cs\/wp-json\/wp\/v2\/users\/1"}],"replies":[{"embeddable":true,"href":"https:\/\/360photoboothpro.eu\/cs\/wp-json\/wp\/v2\/comments?post=7585"}],"version-history":[{"count":1,"href":"https:\/\/360photoboothpro.eu\/cs\/wp-json\/wp\/v2\/pages\/7585\/revisions"}],"predecessor-version":[{"id":7593,"href":"https:\/\/360photoboothpro.eu\/cs\/wp-json\/wp\/v2\/pages\/7585\/revisions\/7593"}],"wp:attachment":[{"href":"https:\/\/360photoboothpro.eu\/cs\/wp-json\/wp\/v2\/media?parent=7585"}],"curies":[{"name":"wp","href":"https:\/\/api.w.org\/{rel}","templated":true}]}}