{"id":7586,"date":"2023-03-31T13:29:33","date_gmt":"2023-03-31T11:29:33","guid":{"rendered":"https:\/\/360photoboothpro.eu\/jak-platit\/"},"modified":"2023-12-18T15:13:46","modified_gmt":"2023-12-18T13:13:46","slug":"jak-platit","status":"publish","type":"page","link":"https:\/\/360photoboothpro.eu\/cs\/jak-platit\/","title":{"rendered":"JAK PLATIT"},"content":{"rendered":"\t\t<div data-elementor-type=\"wp-page\" data-elementor-id=\"7586\" class=\"elementor elementor-7586 elementor-3798\" data-elementor-post-type=\"page\">\n\t\t\t\t\t\t<section class=\"elementor-section elementor-top-section elementor-element elementor-element-cdafb3b elementor-section-boxed elementor-section-height-default elementor-section-height-default\" data-id=\"cdafb3b\" data-element_type=\"section\">\r\n\t\t\r\n\t\t\t\t\t\t\t<div class=\"elementor-container elementor-column-gap-default\">\r\n\t\t\t\t\t\t\t\t\t\t\t<div class=\"elementor-column elementor-col-100 elementor-top-column elementor-element elementor-element-af7494b\" data-id=\"af7494b\" data-element_type=\"column\">\r\n\t\t\t\t\t<div class=\"elementor-widget-wrap elementor-element-populated\">\r\n\t\t\t\t\t\t\t\t<div class=\"elementor-element elementor-element-e3821ea elementor-widget elementor-widget-heading\" data-id=\"e3821ea\" data-element_type=\"widget\" data-widget_type=\"heading.default\">\n\t\t\t\t<div class=\"elementor-widget-container\">\n\t\t\t<h2 class=\"elementor-heading-title elementor-size-default\">JAK PLATIT<\/h2>\t\t<\/div>\n\t\t\t\t<\/div>\n\t\t\t\t\t<\/div>\r\n\t\t\t\t<\/div>\r\n\t\t\t\t\t<\/div>\r\n\t\t\t\t<\/section>\r\n\t\t\t\t<section class=\"elementor-section elementor-top-section elementor-element elementor-element-16e7d26 elementor-section-boxed elementor-section-height-default elementor-section-height-default\" data-id=\"16e7d26\" data-element_type=\"section\">\r\n\t\t\r\n\t\t\t\t\t\t\t<div class=\"elementor-container elementor-column-gap-default\">\r\n\t\t\t\t\t\t\t\t\t\t\t<div class=\"elementor-column elementor-col-50 elementor-top-column elementor-element elementor-element-5dfe3ce\" data-id=\"5dfe3ce\" data-element_type=\"column\">\r\n\t\t\t\t\t<div class=\"elementor-widget-wrap elementor-element-populated\">\r\n\t\t\t\t\t\t\t\t<div class=\"elementor-element elementor-element-ffd9482 elementor-widget elementor-widget-text-editor\" data-id=\"ffd9482\" data-element_type=\"widget\" data-widget_type=\"text-editor.default\">\n\t\t\t\t<div class=\"elementor-widget-container\">\n\t\t\t\t\t\t\t<p><strong>Jak prob\u00edh\u00e1 platba?<\/strong><\/p>\n<p><span style=\"color: var(--porto-body-color); letter-spacing: var(--porto-body-ls,0);\">1.) Platba bankovn\u00edm p\u0159evodem na bankovn\u00ed \u00fa\u010det spole\u010dnosti u Banca Transilvania (<\/span>Swift Code: BTRLRO22)<span style=\"color: var(--porto-body-color); letter-spacing: var(--porto-body-ls,0);\"> \u010c\u00edslo \u00fa\u010dtu <\/span>: RO89BTRLEURCRT0408291301<span style=\"color: var(--porto-body-color); letter-spacing: var(--porto-body-ls,0);\">.<\/span><\/p>\n<p><span style=\"color: var(--porto-body-color); letter-spacing: var(--porto-body-ls,0);\">Dodac\u00ed lh\u016fta za\u010d\u00edn\u00e1 b\u011b\u017eet po p\u0159ips\u00e1n\u00ed cel\u00e9 \u010d\u00e1stky na n\u00e1\u0161 \u00fa\u010det.<\/span><\/p>\n\t\t\t\t\t\t<\/div>\n\t\t\t\t<\/div>\n\t\t\t\t\t<\/div>\r\n\t\t\t\t<\/div>\r\n\t\t\t\t<div class=\"elementor-column elementor-col-50 elementor-top-column elementor-element elementor-element-95ff5c7\" data-id=\"95ff5c7\" data-element_type=\"column\">\r\n\t\t\t\t\t<div class=\"elementor-widget-wrap elementor-element-populated\">\r\n\t\t\t\t\t\t\t\t<div class=\"elementor-element elementor-element-61a4c84 elementor-widget elementor-widget-text-editor\" data-id=\"61a4c84\" data-element_type=\"widget\" data-widget_type=\"text-editor.default\">\n\t\t\t\t<div class=\"elementor-widget-container\">\n\t\t\t\t\t\t\t<p>2. Platba kartou online<\/p>\n<p>Online platbu kartou lze prov\u00e9st pomoc\u00ed slu\u017eeb STRIPE.&nbsp;<\/p>\n<p>T\u00edm je zaji\u0161t\u011bna maxim\u00e1ln\u00ed ochrana a d\u016fv\u011brnost zadan\u00fdch \u00fadaj\u016f.<\/p>\t\t\t\t\t\t<\/div>\n\t\t\t\t<\/div>\n\t\t\t\t\t<\/div>\r\n\t\t\t\t<\/div>\r\n\t\t\t\t\t<\/div>\r\n\t\t\t\t<\/section>\r\n\t\t\t\t<\/div>\n\t\t","protected":false},"excerpt":{"rendered":"<p>JAK PLATIT Jak prob\u00edh\u00e1 platba? 1.) Platba bankovn\u00edm p\u0159evodem na bankovn\u00ed \u00fa\u010det spole\u010dnosti u Banca Transilvania (Swift Code: BTRLRO22) \u010c\u00edslo \u00fa\u010dtu : RO89BTRLEURCRT0408291301. Dodac\u00ed lh\u016fta za\u010d\u00edn\u00e1 b\u011b\u017eet po p\u0159ips\u00e1n\u00ed cel\u00e9 \u010d\u00e1stky na n\u00e1\u0161 \u00fa\u010det. 2. Platba kartou online Online platbu kartou lze prov\u00e9st pomoc\u00ed slu\u017eeb STRIPE.&nbsp; T\u00edm je zaji\u0161t\u011bna maxim\u00e1ln\u00ed ochrana a d\u016fv\u011brnost zadan\u00fdch \u00fadaj\u016f.<\/p>\n","protected":false},"author":1,"featured_media":0,"parent":0,"menu_order":0,"comment_status":"closed","ping_status":"closed","template":"elementor_header_footer","meta":{"_acf_changed":false,"footnotes":""},"class_list":["post-7586","page","type-page","status-publish","hentry"],"acf":[],"yoast_head":"<!-- This site is optimized with the Yoast SEO plugin v23.5 - https:\/\/yoast.com\/wordpress\/plugins\/seo\/ -->\n<title>JAK PLATIT - 360PhotoBoothPRO<\/title>\n<meta name=\"description\" content=\"Bezpe\u010dn\u00e9 a pohodln\u00e9 mo\u017enosti platby na 360 Photo Booth Pro. Zajist\u011bte bezprobl\u00e9mov\u00e9 transakce. Pozvedn\u011bte \u00farove\u0148 sv\u00fdch akc\u00ed pomoc\u00ed na\u0161ich inovativn\u00edch produkt\u016f.\" \/>\n<meta name=\"robots\" content=\"index, follow, max-snippet:-1, max-image-preview:large, max-video-preview:-1\" \/>\n<link rel=\"canonical\" href=\"https:\/\/360photoboothpro.eu\/cs\/jak-platit\/\" \/>\n<meta property=\"og:locale\" content=\"cs_CZ\" \/>\n<meta property=\"og:type\" content=\"article\" \/>\n<meta property=\"og:title\" content=\"JAK PLATIT - 360PhotoBoothPRO\" \/>\n<meta property=\"og:description\" content=\"Bezpe\u010dn\u00e9 a pohodln\u00e9 mo\u017enosti platby na 360 Photo Booth Pro. Zajist\u011bte bezprobl\u00e9mov\u00e9 transakce. Pozvedn\u011bte \u00farove\u0148 sv\u00fdch akc\u00ed pomoc\u00ed na\u0161ich inovativn\u00edch produkt\u016f.\" \/>\n<meta property=\"og:url\" content=\"https:\/\/360photoboothpro.eu\/cs\/jak-platit\/\" \/>\n<meta property=\"og:site_name\" content=\"360PhotoBoothPRO\" \/>\n<meta property=\"article:publisher\" content=\"https:\/\/www.facebook.com\/360PhotoBoothPRO.Canada\/\" \/>\n<meta property=\"article:modified_time\" content=\"2023-12-18T13:13:46+00:00\" \/>\n<meta name=\"twitter:card\" content=\"summary_large_image\" \/>\n<script type=\"application\/ld+json\" class=\"yoast-schema-graph\">{\"@context\":\"https:\/\/schema.org\",\"@graph\":[{\"@type\":\"WebPage\",\"@id\":\"https:\/\/360photoboothpro.eu\/cs\/jak-platit\/\",\"url\":\"https:\/\/360photoboothpro.eu\/cs\/jak-platit\/\",\"name\":\"JAK PLATIT - 360PhotoBoothPRO\",\"isPartOf\":{\"@id\":\"https:\/\/360photoboothpro.eu\/cs\/#website\"},\"datePublished\":\"2023-03-31T11:29:33+00:00\",\"dateModified\":\"2023-12-18T13:13:46+00:00\",\"description\":\"Bezpe\u010dn\u00e9 a pohodln\u00e9 mo\u017enosti platby na 360 Photo Booth Pro. Zajist\u011bte bezprobl\u00e9mov\u00e9 transakce. Pozvedn\u011bte \u00farove\u0148 sv\u00fdch akc\u00ed pomoc\u00ed na\u0161ich inovativn\u00edch produkt\u016f.\",\"breadcrumb\":{\"@id\":\"https:\/\/360photoboothpro.eu\/cs\/jak-platit\/#breadcrumb\"},\"inLanguage\":\"cs\",\"potentialAction\":[{\"@type\":\"ReadAction\",\"target\":[\"https:\/\/360photoboothpro.eu\/cs\/jak-platit\/\"]}]},{\"@type\":\"BreadcrumbList\",\"@id\":\"https:\/\/360photoboothpro.eu\/cs\/jak-platit\/#breadcrumb\",\"itemListElement\":[{\"@type\":\"ListItem\",\"position\":1,\"name\":\"Home\",\"item\":\"https:\/\/360photoboothpro.eu\/cs\/\"},{\"@type\":\"ListItem\",\"position\":2,\"name\":\"JAK PLATIT\"}]},{\"@type\":\"WebSite\",\"@id\":\"https:\/\/360photoboothpro.eu\/cs\/#website\",\"url\":\"https:\/\/360photoboothpro.eu\/cs\/\",\"name\":\"360PhotoBoothPRO\",\"description\":\"360PhotoBoothPRO\",\"publisher\":{\"@id\":\"https:\/\/360photoboothpro.eu\/cs\/#organization\"},\"potentialAction\":[{\"@type\":\"SearchAction\",\"target\":{\"@type\":\"EntryPoint\",\"urlTemplate\":\"https:\/\/360photoboothpro.eu\/cs\/?s={search_term_string}\"},\"query-input\":{\"@type\":\"PropertyValueSpecification\",\"valueRequired\":true,\"valueName\":\"search_term_string\"}}],\"inLanguage\":\"cs\"},{\"@type\":\"Organization\",\"@id\":\"https:\/\/360photoboothpro.eu\/cs\/#organization\",\"name\":\"360PhotoBoothPRO\",\"url\":\"https:\/\/360photoboothpro.eu\/cs\/\",\"logo\":{\"@type\":\"ImageObject\",\"inLanguage\":\"cs\",\"@id\":\"https:\/\/360photoboothpro.eu\/cs\/#\/schema\/logo\/image\/\",\"url\":\"https:\/\/360photoboothpro.eu\/wp-content\/uploads\/2023\/03\/logo-360photoboothpro-favicon.png\",\"contentUrl\":\"https:\/\/360photoboothpro.eu\/wp-content\/uploads\/2023\/03\/logo-360photoboothpro-favicon.png\",\"width\":317,\"height\":317,\"caption\":\"360PhotoBoothPRO\"},\"image\":{\"@id\":\"https:\/\/360photoboothpro.eu\/cs\/#\/schema\/logo\/image\/\"},\"sameAs\":[\"https:\/\/www.facebook.com\/360PhotoBoothPRO.Canada\/\"]}]}<\/script>\n<!-- \/ Yoast SEO plugin. -->","yoast_head_json":{"title":"JAK PLATIT - 360PhotoBoothPRO","description":"Bezpe\u010dn\u00e9 a pohodln\u00e9 mo\u017enosti platby na 360 Photo Booth Pro. Zajist\u011bte bezprobl\u00e9mov\u00e9 transakce. Pozvedn\u011bte \u00farove\u0148 sv\u00fdch akc\u00ed pomoc\u00ed na\u0161ich inovativn\u00edch produkt\u016f.","robots":{"index":"index","follow":"follow","max-snippet":"max-snippet:-1","max-image-preview":"max-image-preview:large","max-video-preview":"max-video-preview:-1"},"canonical":"https:\/\/360photoboothpro.eu\/cs\/jak-platit\/","og_locale":"cs_CZ","og_type":"article","og_title":"JAK PLATIT - 360PhotoBoothPRO","og_description":"Bezpe\u010dn\u00e9 a pohodln\u00e9 mo\u017enosti platby na 360 Photo Booth Pro. Zajist\u011bte bezprobl\u00e9mov\u00e9 transakce. Pozvedn\u011bte \u00farove\u0148 sv\u00fdch akc\u00ed pomoc\u00ed na\u0161ich inovativn\u00edch produkt\u016f.","og_url":"https:\/\/360photoboothpro.eu\/cs\/jak-platit\/","og_site_name":"360PhotoBoothPRO","article_publisher":"https:\/\/www.facebook.com\/360PhotoBoothPRO.Canada\/","article_modified_time":"2023-12-18T13:13:46+00:00","twitter_card":"summary_large_image","schema":{"@context":"https:\/\/schema.org","@graph":[{"@type":"WebPage","@id":"https:\/\/360photoboothpro.eu\/cs\/jak-platit\/","url":"https:\/\/360photoboothpro.eu\/cs\/jak-platit\/","name":"JAK PLATIT - 360PhotoBoothPRO","isPartOf":{"@id":"https:\/\/360photoboothpro.eu\/cs\/#website"},"datePublished":"2023-03-31T11:29:33+00:00","dateModified":"2023-12-18T13:13:46+00:00","description":"Bezpe\u010dn\u00e9 a pohodln\u00e9 mo\u017enosti platby na 360 Photo Booth Pro. Zajist\u011bte bezprobl\u00e9mov\u00e9 transakce. Pozvedn\u011bte \u00farove\u0148 sv\u00fdch akc\u00ed pomoc\u00ed na\u0161ich inovativn\u00edch produkt\u016f.","breadcrumb":{"@id":"https:\/\/360photoboothpro.eu\/cs\/jak-platit\/#breadcrumb"},"inLanguage":"cs","potentialAction":[{"@type":"ReadAction","target":["https:\/\/360photoboothpro.eu\/cs\/jak-platit\/"]}]},{"@type":"BreadcrumbList","@id":"https:\/\/360photoboothpro.eu\/cs\/jak-platit\/#breadcrumb","itemListElement":[{"@type":"ListItem","position":1,"name":"Home","item":"https:\/\/360photoboothpro.eu\/cs\/"},{"@type":"ListItem","position":2,"name":"JAK PLATIT"}]},{"@type":"WebSite","@id":"https:\/\/360photoboothpro.eu\/cs\/#website","url":"https:\/\/360photoboothpro.eu\/cs\/","name":"360PhotoBoothPRO","description":"360PhotoBoothPRO","publisher":{"@id":"https:\/\/360photoboothpro.eu\/cs\/#organization"},"potentialAction":[{"@type":"SearchAction","target":{"@type":"EntryPoint","urlTemplate":"https:\/\/360photoboothpro.eu\/cs\/?s={search_term_string}"},"query-input":{"@type":"PropertyValueSpecification","valueRequired":true,"valueName":"search_term_string"}}],"inLanguage":"cs"},{"@type":"Organization","@id":"https:\/\/360photoboothpro.eu\/cs\/#organization","name":"360PhotoBoothPRO","url":"https:\/\/360photoboothpro.eu\/cs\/","logo":{"@type":"ImageObject","inLanguage":"cs","@id":"https:\/\/360photoboothpro.eu\/cs\/#\/schema\/logo\/image\/","url":"https:\/\/360photoboothpro.eu\/wp-content\/uploads\/2023\/03\/logo-360photoboothpro-favicon.png","contentUrl":"https:\/\/360photoboothpro.eu\/wp-content\/uploads\/2023\/03\/logo-360photoboothpro-favicon.png","width":317,"height":317,"caption":"360PhotoBoothPRO"},"image":{"@id":"https:\/\/360photoboothpro.eu\/cs\/#\/schema\/logo\/image\/"},"sameAs":["https:\/\/www.facebook.com\/360PhotoBoothPRO.Canada\/"]}]}},"_links":{"self":[{"href":"https:\/\/360photoboothpro.eu\/cs\/wp-json\/wp\/v2\/pages\/7586"}],"collection":[{"href":"https:\/\/360photoboothpro.eu\/cs\/wp-json\/wp\/v2\/pages"}],"about":[{"href":"https:\/\/360photoboothpro.eu\/cs\/wp-json\/wp\/v2\/types\/page"}],"author":[{"embeddable":true,"href":"https:\/\/360photoboothpro.eu\/cs\/wp-json\/wp\/v2\/users\/1"}],"replies":[{"embeddable":true,"href":"https:\/\/360photoboothpro.eu\/cs\/wp-json\/wp\/v2\/comments?post=7586"}],"version-history":[{"count":1,"href":"https:\/\/360photoboothpro.eu\/cs\/wp-json\/wp\/v2\/pages\/7586\/revisions"}],"predecessor-version":[{"id":7595,"href":"https:\/\/360photoboothpro.eu\/cs\/wp-json\/wp\/v2\/pages\/7586\/revisions\/7595"}],"wp:attachment":[{"href":"https:\/\/360photoboothpro.eu\/cs\/wp-json\/wp\/v2\/media?parent=7586"}],"curies":[{"name":"wp","href":"https:\/\/api.w.org\/{rel}","templated":true}]}}