{"id":7675,"date":"2023-04-25T09:32:41","date_gmt":"2023-04-25T07:32:41","guid":{"rendered":"https:\/\/360photoboothpro.eu\/o-nas\/"},"modified":"2025-03-12T09:23:35","modified_gmt":"2025-03-12T07:23:35","slug":"o-nas","status":"publish","type":"page","link":"https:\/\/360photoboothpro.eu\/cs\/o-nas\/","title":{"rendered":"O n\u00e1s"},"content":{"rendered":"\t\t<div data-elementor-type=\"wp-page\" data-elementor-id=\"7675\" class=\"elementor elementor-7675 elementor-4830\" data-elementor-post-type=\"page\">\n\t\t\t\t\t\t<section class=\"elementor-section elementor-top-section elementor-element elementor-element-247f217 elementor-section-boxed elementor-section-height-default elementor-section-height-default\" data-id=\"247f217\" data-element_type=\"section\">\r\n\t\t\r\n\t\t\t\t\t\t\t<div class=\"elementor-container elementor-column-gap-default\">\r\n\t\t\t\t\t\t\t\t\t\t\t<div class=\"elementor-column elementor-col-100 elementor-top-column elementor-element elementor-element-0705ce1\" data-id=\"0705ce1\" data-element_type=\"column\">\r\n\t\t\t\t\t<div class=\"elementor-widget-wrap elementor-element-populated\">\r\n\t\t\t\t\t\t\t\t<div class=\"elementor-element elementor-element-712c1a2 elementor-widget elementor-widget-porto_ultimate_heading\" data-id=\"712c1a2\" data-element_type=\"widget\" data-widget_type=\"porto_ultimate_heading.default\">\n\t\t\t\t<div class=\"elementor-widget-container\">\n\t\t\t<div class=\"porto-u-heading  porto-u-7095\"><div class=\"porto-u-main-heading\"><h2   >O n\u00e1s<\/h2><\/div><style>.porto-u-7095.porto-u-heading{text-align:center}<\/style><\/div>\t\t<\/div>\n\t\t\t\t<\/div>\n\t\t\t\t<div class=\"elementor-element elementor-element-6fbd8bb elementor-widget elementor-widget-text-editor\" data-id=\"6fbd8bb\" data-element_type=\"widget\" data-widget_type=\"text-editor.default\">\n\t\t\t\t<div class=\"elementor-widget-container\">\n\t\t\t\t\t\t\t<p>Tuto spole\u010dnost, NOVO BEST CONCEPT TEAM, jsme zalo\u017eili s jedinou my\u0161lenkou: nab\u00edzet platformy 360 Photo Booth PRO za NEJLEP\u0160\u00cd mo\u017enou cenu. Od tohoto okam\u017eiku jsme ud\u011blali v\u0161e pro optimalizaci n\u00e1klad\u016f, abychom v\u00e1m mohli nab\u00eddnout produkty s nejlep\u0161\u00edm pom\u011brem ceny a kvality.<\/p>\n<p>Chceme vytvo\u0159it ekonomick\u00e9 p\u0159\u00edle\u017eitosti pro v\u00edce ne\u017e 25 000 firem z cel\u00e9ho sv\u011bta.&nbsp;<\/p>\n<p>Na\u0161e spole\u010dnost s\u00eddl\u00ed ve m\u011bst\u011b Bucuresti, Calea Mosilor, \u010d. 88, sc. F, ap. 82, sektor 3, Rumunsko.<\/p>\n<p>Jsme JEDIN\u00cd V EVROP\u011a, kdo nab\u00edz\u00ed 360 Camera Booth platformy se Z\u00c1RUKOU 2 ROKY a mo\u017enost\u00ed PRODLOU\u017dEN\u00cd z\u00e1ruky a\u017e na 3 ROKY, a dokud je v z\u00e1ruce, vyzved\u00e1v\u00e1me vadn\u00fd v\u00fdrobek ZDARMA, abychom jej mohli uv\u00e9st do provozu a b\u011bhem opravy PLATFORMU VYM\u011aNIT.<\/p>\n<p>Jsme tak\u00e9 velmi hrd\u00ed na produkty, kter\u00e9 nab\u00edz\u00edme. Ka\u017edou platformu 360VideoBooth PRO p\u0159ed dod\u00e1n\u00edm zkontrolujeme a otestujeme.<\/p>\n<p>Tuto kr\u00e1snou cestu jsme zah\u00e1jili s internetov\u00fdmi obchody v Kanad\u011b a Rumunsku.<\/p>\n<p>Co bude d\u00e1l? Chceme roz\u0161\u00ed\u0159it na\u0161e slu\u017eby po cel\u00e9m sv\u011bt\u011b. Po Kanad\u011b a Evrop\u011b otev\u0159eme nov\u00e9 prodejny ve Velk\u00e9 Brit\u00e1nii, USA a Ji\u017en\u00ed Americe.<\/p>\t\t\t\t\t\t<\/div>\n\t\t\t\t<\/div>\n\t\t\t\t\t<\/div>\r\n\t\t\t\t<\/div>\r\n\t\t\t\t\t<\/div>\r\n\t\t\t\t<\/section>\r\n\t\t\t\t<\/div>\n\t\t","protected":false},"excerpt":{"rendered":"<p>O n\u00e1s Tuto spole\u010dnost, NOVO BEST CONCEPT TEAM, jsme zalo\u017eili s jedinou my\u0161lenkou: nab\u00edzet platformy 360 Photo Booth PRO za NEJLEP\u0160\u00cd mo\u017enou cenu. Od tohoto okam\u017eiku jsme ud\u011blali v\u0161e pro optimalizaci n\u00e1klad\u016f, abychom v\u00e1m mohli nab\u00eddnout produkty s nejlep\u0161\u00edm pom\u011brem ceny a kvality. Chceme vytvo\u0159it ekonomick\u00e9 p\u0159\u00edle\u017eitosti pro v\u00edce ne\u017e 25 000 firem z cel\u00e9ho [&hellip;]<\/p>\n","protected":false},"author":1,"featured_media":0,"parent":0,"menu_order":0,"comment_status":"closed","ping_status":"closed","template":"elementor_header_footer","meta":{"_acf_changed":false,"footnotes":""},"class_list":["post-7675","page","type-page","status-publish","hentry"],"acf":[],"yoast_head":"<!-- This site is optimized with the Yoast SEO plugin v23.5 - https:\/\/yoast.com\/wordpress\/plugins\/seo\/ -->\n<title>O n\u00e1s - 360PhotoBoothPRO<\/title>\n<meta name=\"description\" content=\"Objevte n\u00e1\u0161 p\u0159\u00edb\u011bh na str\u00e1nk\u00e1ch 360 Photo Booth Pro. Seznamte se s na\u0161\u00edm posl\u00e1n\u00edm a z\u00e1vazkem k poskytov\u00e1n\u00ed \u0161pi\u010dkov\u00fdch \u0159e\u0161en\u00ed pro fotobudky. P\u0159ipojte se k n\u00e1m a zachy\u0165te okam\u017eiky.\" \/>\n<meta name=\"robots\" content=\"index, follow, max-snippet:-1, max-image-preview:large, max-video-preview:-1\" \/>\n<link rel=\"canonical\" href=\"https:\/\/360photoboothpro.eu\/cs\/o-nas\/\" \/>\n<meta property=\"og:locale\" content=\"cs_CZ\" \/>\n<meta property=\"og:type\" content=\"article\" \/>\n<meta property=\"og:title\" content=\"O n\u00e1s - 360PhotoBoothPRO\" \/>\n<meta property=\"og:description\" content=\"Objevte n\u00e1\u0161 p\u0159\u00edb\u011bh na str\u00e1nk\u00e1ch 360 Photo Booth Pro. Seznamte se s na\u0161\u00edm posl\u00e1n\u00edm a z\u00e1vazkem k poskytov\u00e1n\u00ed \u0161pi\u010dkov\u00fdch \u0159e\u0161en\u00ed pro fotobudky. P\u0159ipojte se k n\u00e1m a zachy\u0165te okam\u017eiky.\" \/>\n<meta property=\"og:url\" content=\"https:\/\/360photoboothpro.eu\/cs\/o-nas\/\" \/>\n<meta property=\"og:site_name\" content=\"360PhotoBoothPRO\" \/>\n<meta property=\"article:publisher\" content=\"https:\/\/www.facebook.com\/360PhotoBoothPRO.Canada\/\" \/>\n<meta property=\"article:modified_time\" content=\"2025-03-12T07:23:35+00:00\" \/>\n<meta name=\"twitter:card\" content=\"summary_large_image\" \/>\n<meta name=\"twitter:label1\" content=\"Odhadovan\u00e1 doba \u010dten\u00ed\" \/>\n\t<meta name=\"twitter:data1\" content=\"1 minuta\" \/>\n<script type=\"application\/ld+json\" class=\"yoast-schema-graph\">{\"@context\":\"https:\/\/schema.org\",\"@graph\":[{\"@type\":\"WebPage\",\"@id\":\"https:\/\/360photoboothpro.eu\/cs\/o-nas\/\",\"url\":\"https:\/\/360photoboothpro.eu\/cs\/o-nas\/\",\"name\":\"O n\u00e1s - 360PhotoBoothPRO\",\"isPartOf\":{\"@id\":\"https:\/\/360photoboothpro.eu\/cs\/#website\"},\"datePublished\":\"2023-04-25T07:32:41+00:00\",\"dateModified\":\"2025-03-12T07:23:35+00:00\",\"description\":\"Objevte n\u00e1\u0161 p\u0159\u00edb\u011bh na str\u00e1nk\u00e1ch 360 Photo Booth Pro. Seznamte se s na\u0161\u00edm posl\u00e1n\u00edm a z\u00e1vazkem k poskytov\u00e1n\u00ed \u0161pi\u010dkov\u00fdch \u0159e\u0161en\u00ed pro fotobudky. P\u0159ipojte se k n\u00e1m a zachy\u0165te okam\u017eiky.\",\"breadcrumb\":{\"@id\":\"https:\/\/360photoboothpro.eu\/cs\/o-nas\/#breadcrumb\"},\"inLanguage\":\"cs\",\"potentialAction\":[{\"@type\":\"ReadAction\",\"target\":[\"https:\/\/360photoboothpro.eu\/cs\/o-nas\/\"]}]},{\"@type\":\"BreadcrumbList\",\"@id\":\"https:\/\/360photoboothpro.eu\/cs\/o-nas\/#breadcrumb\",\"itemListElement\":[{\"@type\":\"ListItem\",\"position\":1,\"name\":\"Home\",\"item\":\"https:\/\/360photoboothpro.eu\/cs\/\"},{\"@type\":\"ListItem\",\"position\":2,\"name\":\"O n\u00e1s\"}]},{\"@type\":\"WebSite\",\"@id\":\"https:\/\/360photoboothpro.eu\/cs\/#website\",\"url\":\"https:\/\/360photoboothpro.eu\/cs\/\",\"name\":\"360PhotoBoothPRO\",\"description\":\"360PhotoBoothPRO\",\"publisher\":{\"@id\":\"https:\/\/360photoboothpro.eu\/cs\/#organization\"},\"potentialAction\":[{\"@type\":\"SearchAction\",\"target\":{\"@type\":\"EntryPoint\",\"urlTemplate\":\"https:\/\/360photoboothpro.eu\/cs\/?s={search_term_string}\"},\"query-input\":{\"@type\":\"PropertyValueSpecification\",\"valueRequired\":true,\"valueName\":\"search_term_string\"}}],\"inLanguage\":\"cs\"},{\"@type\":\"Organization\",\"@id\":\"https:\/\/360photoboothpro.eu\/cs\/#organization\",\"name\":\"360PhotoBoothPRO\",\"url\":\"https:\/\/360photoboothpro.eu\/cs\/\",\"logo\":{\"@type\":\"ImageObject\",\"inLanguage\":\"cs\",\"@id\":\"https:\/\/360photoboothpro.eu\/cs\/#\/schema\/logo\/image\/\",\"url\":\"https:\/\/360photoboothpro.eu\/wp-content\/uploads\/2023\/03\/logo-360photoboothpro-favicon.png\",\"contentUrl\":\"https:\/\/360photoboothpro.eu\/wp-content\/uploads\/2023\/03\/logo-360photoboothpro-favicon.png\",\"width\":317,\"height\":317,\"caption\":\"360PhotoBoothPRO\"},\"image\":{\"@id\":\"https:\/\/360photoboothpro.eu\/cs\/#\/schema\/logo\/image\/\"},\"sameAs\":[\"https:\/\/www.facebook.com\/360PhotoBoothPRO.Canada\/\"]}]}<\/script>\n<!-- \/ Yoast SEO plugin. -->","yoast_head_json":{"title":"O n\u00e1s - 360PhotoBoothPRO","description":"Objevte n\u00e1\u0161 p\u0159\u00edb\u011bh na str\u00e1nk\u00e1ch 360 Photo Booth Pro. Seznamte se s na\u0161\u00edm posl\u00e1n\u00edm a z\u00e1vazkem k poskytov\u00e1n\u00ed \u0161pi\u010dkov\u00fdch \u0159e\u0161en\u00ed pro fotobudky. P\u0159ipojte se k n\u00e1m a zachy\u0165te okam\u017eiky.","robots":{"index":"index","follow":"follow","max-snippet":"max-snippet:-1","max-image-preview":"max-image-preview:large","max-video-preview":"max-video-preview:-1"},"canonical":"https:\/\/360photoboothpro.eu\/cs\/o-nas\/","og_locale":"cs_CZ","og_type":"article","og_title":"O n\u00e1s - 360PhotoBoothPRO","og_description":"Objevte n\u00e1\u0161 p\u0159\u00edb\u011bh na str\u00e1nk\u00e1ch 360 Photo Booth Pro. Seznamte se s na\u0161\u00edm posl\u00e1n\u00edm a z\u00e1vazkem k poskytov\u00e1n\u00ed \u0161pi\u010dkov\u00fdch \u0159e\u0161en\u00ed pro fotobudky. P\u0159ipojte se k n\u00e1m a zachy\u0165te okam\u017eiky.","og_url":"https:\/\/360photoboothpro.eu\/cs\/o-nas\/","og_site_name":"360PhotoBoothPRO","article_publisher":"https:\/\/www.facebook.com\/360PhotoBoothPRO.Canada\/","article_modified_time":"2025-03-12T07:23:35+00:00","twitter_card":"summary_large_image","twitter_misc":{"Odhadovan\u00e1 doba \u010dten\u00ed":"1 minuta"},"schema":{"@context":"https:\/\/schema.org","@graph":[{"@type":"WebPage","@id":"https:\/\/360photoboothpro.eu\/cs\/o-nas\/","url":"https:\/\/360photoboothpro.eu\/cs\/o-nas\/","name":"O n\u00e1s - 360PhotoBoothPRO","isPartOf":{"@id":"https:\/\/360photoboothpro.eu\/cs\/#website"},"datePublished":"2023-04-25T07:32:41+00:00","dateModified":"2025-03-12T07:23:35+00:00","description":"Objevte n\u00e1\u0161 p\u0159\u00edb\u011bh na str\u00e1nk\u00e1ch 360 Photo Booth Pro. Seznamte se s na\u0161\u00edm posl\u00e1n\u00edm a z\u00e1vazkem k poskytov\u00e1n\u00ed \u0161pi\u010dkov\u00fdch \u0159e\u0161en\u00ed pro fotobudky. P\u0159ipojte se k n\u00e1m a zachy\u0165te okam\u017eiky.","breadcrumb":{"@id":"https:\/\/360photoboothpro.eu\/cs\/o-nas\/#breadcrumb"},"inLanguage":"cs","potentialAction":[{"@type":"ReadAction","target":["https:\/\/360photoboothpro.eu\/cs\/o-nas\/"]}]},{"@type":"BreadcrumbList","@id":"https:\/\/360photoboothpro.eu\/cs\/o-nas\/#breadcrumb","itemListElement":[{"@type":"ListItem","position":1,"name":"Home","item":"https:\/\/360photoboothpro.eu\/cs\/"},{"@type":"ListItem","position":2,"name":"O n\u00e1s"}]},{"@type":"WebSite","@id":"https:\/\/360photoboothpro.eu\/cs\/#website","url":"https:\/\/360photoboothpro.eu\/cs\/","name":"360PhotoBoothPRO","description":"360PhotoBoothPRO","publisher":{"@id":"https:\/\/360photoboothpro.eu\/cs\/#organization"},"potentialAction":[{"@type":"SearchAction","target":{"@type":"EntryPoint","urlTemplate":"https:\/\/360photoboothpro.eu\/cs\/?s={search_term_string}"},"query-input":{"@type":"PropertyValueSpecification","valueRequired":true,"valueName":"search_term_string"}}],"inLanguage":"cs"},{"@type":"Organization","@id":"https:\/\/360photoboothpro.eu\/cs\/#organization","name":"360PhotoBoothPRO","url":"https:\/\/360photoboothpro.eu\/cs\/","logo":{"@type":"ImageObject","inLanguage":"cs","@id":"https:\/\/360photoboothpro.eu\/cs\/#\/schema\/logo\/image\/","url":"https:\/\/360photoboothpro.eu\/wp-content\/uploads\/2023\/03\/logo-360photoboothpro-favicon.png","contentUrl":"https:\/\/360photoboothpro.eu\/wp-content\/uploads\/2023\/03\/logo-360photoboothpro-favicon.png","width":317,"height":317,"caption":"360PhotoBoothPRO"},"image":{"@id":"https:\/\/360photoboothpro.eu\/cs\/#\/schema\/logo\/image\/"},"sameAs":["https:\/\/www.facebook.com\/360PhotoBoothPRO.Canada\/"]}]}},"_links":{"self":[{"href":"https:\/\/360photoboothpro.eu\/cs\/wp-json\/wp\/v2\/pages\/7675"}],"collection":[{"href":"https:\/\/360photoboothpro.eu\/cs\/wp-json\/wp\/v2\/pages"}],"about":[{"href":"https:\/\/360photoboothpro.eu\/cs\/wp-json\/wp\/v2\/types\/page"}],"author":[{"embeddable":true,"href":"https:\/\/360photoboothpro.eu\/cs\/wp-json\/wp\/v2\/users\/1"}],"replies":[{"embeddable":true,"href":"https:\/\/360photoboothpro.eu\/cs\/wp-json\/wp\/v2\/comments?post=7675"}],"version-history":[{"count":10,"href":"https:\/\/360photoboothpro.eu\/cs\/wp-json\/wp\/v2\/pages\/7675\/revisions"}],"predecessor-version":[{"id":14662,"href":"https:\/\/360photoboothpro.eu\/cs\/wp-json\/wp\/v2\/pages\/7675\/revisions\/14662"}],"wp:attachment":[{"href":"https:\/\/360photoboothpro.eu\/cs\/wp-json\/wp\/v2\/media?parent=7675"}],"curies":[{"name":"wp","href":"https:\/\/api.w.org\/{rel}","templated":true}]}}