{"id":10505,"date":"2023-09-27T12:48:22","date_gmt":"2023-09-27T10:48:22","guid":{"rendered":"https:\/\/360photoboothpro.eu\/?post_type=product&#038;p=10505"},"modified":"2025-12-11T16:06:08","modified_gmt":"2025-12-11T14:06:08","slug":"magic-mirror-pro-slim-photobooth-165-1-cm","status":"publish","type":"product","link":"https:\/\/360photoboothpro.eu\/cs\/produkt\/magic-mirror-pro-slim-photobooth-165-1-cm\/","title":{"rendered":"Magick\u00e9 zrcadlo Pro-Slim Photobooth 165,1 cm"},"content":{"rendered":"<p id=\"tw-target-text\" class=\"tw-data-text tw-text-large tw-ta\" dir=\"ltr\" data-placeholder=\"Traducere\"><span class=\"Y2IQFc\" lang=\"en\">Nab\u00edz\u00edme k PRODEJI (a poskytujeme TECHNICKOU PODPORU p\u0159i INSTALACI) Magic Mirror Pro-Slim Photo Booth 165,1 cm:  <\/span><\/p>\n<ul>\n<li>  Kouzeln\u00e9 zrcadlo s \u00fahlop\u0159\u00ed\u010dkou 165,1 cm, \u0161\u00ed\u0159kou 69 cm a v\u00fd\u0161kou 153 cm.<\/li>\n<li>  Kovov\u00e9 pouzdro pro fotobudku Magic Mirror<\/li>\n<li>  P\u016fvodn\u00ed televizn\u00ed panel o pr\u016fm\u011bru 81,28 cm<\/li>\n<li>  Kruhov\u00e1 LED lampa<\/li>\n<li>  Bluetooth RGB LED diody zabudovan\u00e9 v pouzd\u0159e se zm\u011bnou barvy pomoc\u00ed d\u00e1lkov\u00e9ho ovl\u00e1d\u00e1n\u00ed<\/li>\n<li>  Mini PC Intel Core i5 CPU, 8GB ram, 256GB SSD, licence Windows 10 Pro<\/li>\n<li>  Fotoapar\u00e1t Canon D2000 s+ objektiv 18-55<\/li>\n<li>  Profesion\u00e1ln\u00ed term\u00e1ln\u00ed fototisk\u00e1rna Hiti P525L &#8211; Tisk\u00e1rna pro fotobudky<\/li>\n<li>  Spot\u0159ebn\u00ed materi\u00e1l pro 1000 v\u00fdtisk\u016f 10 x 15 cm<\/li>\n<li>  P\u0159edinstalovan\u00fd v\u00fdrobn\u00ed software navr\u017een\u00fd a otestovan\u00fd na\u0161\u00edm dodavatelem s n\u00e1sleduj\u00edc\u00edmi funkcemi: Pou\u017eijte vestav\u011bn\u00e9 animace nebo nahrajte sv\u00e9 vlastn\u00ed a vytvo\u0159te pro sv\u00e9 hosty jedine\u010dn\u00fd z\u00e1\u017eitek; d\u00e1le p\u0159izp\u016fsobte z\u00e1\u017eitek ze st\u00e1nku t\u00edm, \u017ee host\u00e9 nakresl\u00ed sv\u016fj podpis a vlo\u017e\u00ed jej do sv\u00e9ho v\u00fdtisku; p\u0159idejte z\u00e1bavu t\u00edm, \u017ee host\u00e9 mohou do sv\u00e9ho v\u00fdtisku p\u0159idat vestav\u011bn\u00e9 nebo vlastn\u00ed n\u00e1lepky a emotikony; P\u0159izp\u016fsobte obrazovky, kter\u00e9 host\u00e9 uvid\u00ed, aby dokonale odpov\u00eddaly va\u0161\u00ed ud\u00e1losti, pomoc\u00ed vlastn\u00ed grafiky, log a tla\u010d\u00edtek; Snadno sd\u00edlejte sv\u00e9 fotografie a videa prost\u0159ednictv\u00edm e-mailu, SMS, AirDrop, QR k\u00f3du a tak\u00e9 tiskn\u011bte sv\u00e9 fotografie; Z\u00edskejte v\u00fdtisky nejvy\u0161\u0161\u00ed kvality pomoc\u00ed vestav\u011bn\u00e9ho editoru \u0161ablon, do kter\u00e9ho m\u016f\u017eete p\u0159idat sv\u00e9 logo, text nebo jinou grafiku.<\/li>\n<li>  Kapacitn\u00ed dotykov\u00e1 technologie<\/li>\n<li>  Balic\u00ed syst\u00e9m: leteck\u00fd box a d\u0159ev\u011bn\u00e1 krabice<\/li>\n<li>  Rozm\u011bry letov\u00e9ho boxu jsou: 161*28*85 cm a hmotnost je 86 kg.<\/li>\n<li>  Technick\u00e1 pomoc<\/li>\n<\/ul>\n","protected":false},"excerpt":{"rendered":"<p>Na\u0161e spole\u010dnost se nach\u00e1z\u00ed v Rumunsku.<br \/>\nV\u00fdrobky dod\u00e1v\u00e1me z na\u0161ich skladov\u00fdch z\u00e1sob.<br \/>\nV\u00fdrobek v\u00e1m bude odesl\u00e1n do 5-7 pracovn\u00edch dn\u016f.<\/p>\n","protected":false},"featured_media":10652,"comment_status":"open","ping_status":"closed","template":"","meta":{"_acf_changed":false},"product_cat":[498],"product_tag":[],"class_list":{"0":"post-10505","1":"product","2":"type-product","3":"status-publish","4":"has-post-thumbnail","6":"product_cat-kouzelne-zrcadlo","8":"first","9":"instock","10":"taxable","11":"shipping-taxable","12":"purchasable","13":"product-type-simple"},"acf":[],"yoast_head":"<!-- This site is optimized with the Yoast SEO plugin v23.5 - https:\/\/yoast.com\/wordpress\/plugins\/seo\/ -->\n<title>Magick\u00e9 zrcadlo Pro-Slim Photobooth 165,1 cm - 360PhotoBoothPRO<\/title>\n<meta name=\"description\" content=\"Photo Booth PRO is an online store where you can buy quality Magick\u00e9 zrcadlo Pro-Slim Photobooth 165,1 cm at an affordable price. Buy now!\" \/>\n<meta name=\"robots\" content=\"index, follow, max-snippet:-1, max-image-preview:large, max-video-preview:-1\" \/>\n<link rel=\"canonical\" href=\"https:\/\/360photoboothpro.eu\/cs\/produkt\/magic-mirror-pro-slim-photobooth-165-1-cm\/\" \/>\n<meta property=\"og:locale\" content=\"cs_CZ\" \/>\n<meta property=\"og:type\" content=\"article\" \/>\n<meta property=\"og:title\" content=\"Magick\u00e9 zrcadlo Pro-Slim Photobooth 165,1 cm - 360PhotoBoothPRO\" \/>\n<meta property=\"og:description\" content=\"Photo Booth PRO is an online store where you can buy quality Magick\u00e9 zrcadlo Pro-Slim Photobooth 165,1 cm at an affordable price. Buy now!\" \/>\n<meta property=\"og:url\" content=\"https:\/\/360photoboothpro.eu\/cs\/produkt\/magic-mirror-pro-slim-photobooth-165-1-cm\/\" \/>\n<meta property=\"og:site_name\" content=\"360PhotoBoothPRO\" \/>\n<meta property=\"article:publisher\" content=\"https:\/\/www.facebook.com\/360PhotoBoothPRO.Canada\/\" \/>\n<meta property=\"article:modified_time\" content=\"2025-12-11T14:06:08+00:00\" \/>\n<meta property=\"og:image\" content=\"https:\/\/360photoboothpro.eu\/wp-content\/uploads\/2023\/09\/magic-mirror-slim-photobooth-for-sale-social.jpg\" \/>\n<meta name=\"twitter:card\" content=\"summary_large_image\" \/>\n<meta name=\"twitter:label1\" content=\"Odhadovan\u00e1 doba \u010dten\u00ed\" \/>\n\t<meta name=\"twitter:data1\" content=\"2 minuty\" \/>\n<script type=\"application\/ld+json\" class=\"yoast-schema-graph\">{\"@context\":\"https:\/\/schema.org\",\"@graph\":[{\"@type\":\"WebPage\",\"@id\":\"https:\/\/360photoboothpro.eu\/cs\/produkt\/magic-mirror-pro-slim-photobooth-165-1-cm\/\",\"url\":\"https:\/\/360photoboothpro.eu\/cs\/produkt\/magic-mirror-pro-slim-photobooth-165-1-cm\/\",\"name\":\"Magick\u00e9 zrcadlo Pro-Slim Photobooth 165,1 cm - 360PhotoBoothPRO\",\"isPartOf\":{\"@id\":\"https:\/\/360photoboothpro.eu\/cs\/#website\"},\"primaryImageOfPage\":{\"@id\":\"https:\/\/360photoboothpro.eu\/cs\/produkt\/magic-mirror-pro-slim-photobooth-165-1-cm\/#primaryimage\"},\"image\":{\"@id\":\"https:\/\/360photoboothpro.eu\/cs\/produkt\/magic-mirror-pro-slim-photobooth-165-1-cm\/#primaryimage\"},\"thumbnailUrl\":\"https:\/\/360photoboothpro.eu\/wp-content\/uploads\/2023\/09\/magic-mirror-proslim.jpg\",\"datePublished\":\"2023-09-27T10:48:22+00:00\",\"dateModified\":\"2025-12-11T14:06:08+00:00\",\"description\":\"Photo Booth PRO is an online store where you can buy quality Magick\u00e9 zrcadlo Pro-Slim Photobooth 165,1 cm at an affordable price. Buy now!\",\"breadcrumb\":{\"@id\":\"https:\/\/360photoboothpro.eu\/cs\/produkt\/magic-mirror-pro-slim-photobooth-165-1-cm\/#breadcrumb\"},\"inLanguage\":\"cs\",\"potentialAction\":[{\"@type\":\"ReadAction\",\"target\":[\"https:\/\/360photoboothpro.eu\/cs\/produkt\/magic-mirror-pro-slim-photobooth-165-1-cm\/\"]}]},{\"@type\":\"ImageObject\",\"inLanguage\":\"cs\",\"@id\":\"https:\/\/360photoboothpro.eu\/cs\/produkt\/magic-mirror-pro-slim-photobooth-165-1-cm\/#primaryimage\",\"url\":\"https:\/\/360photoboothpro.eu\/wp-content\/uploads\/2023\/09\/magic-mirror-proslim.jpg\",\"contentUrl\":\"https:\/\/360photoboothpro.eu\/wp-content\/uploads\/2023\/09\/magic-mirror-proslim.jpg\",\"width\":797,\"height\":797,\"caption\":\"magic mirror photobooth slim for sale\"},{\"@type\":\"BreadcrumbList\",\"@id\":\"https:\/\/360photoboothpro.eu\/cs\/produkt\/magic-mirror-pro-slim-photobooth-165-1-cm\/#breadcrumb\",\"itemListElement\":[{\"@type\":\"ListItem\",\"position\":1,\"name\":\"Home\",\"item\":\"https:\/\/360photoboothpro.eu\/cs\/\"},{\"@type\":\"ListItem\",\"position\":2,\"name\":\"Obchod\",\"item\":\"https:\/\/360photoboothpro.eu\/cs\/obchod\/\"},{\"@type\":\"ListItem\",\"position\":3,\"name\":\"Magick\u00e9 zrcadlo Pro-Slim Photobooth 165,1 cm\"}]},{\"@type\":\"WebSite\",\"@id\":\"https:\/\/360photoboothpro.eu\/cs\/#website\",\"url\":\"https:\/\/360photoboothpro.eu\/cs\/\",\"name\":\"360PhotoBoothPRO\",\"description\":\"360PhotoBoothPRO\",\"publisher\":{\"@id\":\"https:\/\/360photoboothpro.eu\/cs\/#organization\"},\"potentialAction\":[{\"@type\":\"SearchAction\",\"target\":{\"@type\":\"EntryPoint\",\"urlTemplate\":\"https:\/\/360photoboothpro.eu\/cs\/?s={search_term_string}\"},\"query-input\":{\"@type\":\"PropertyValueSpecification\",\"valueRequired\":true,\"valueName\":\"search_term_string\"}}],\"inLanguage\":\"cs\"},{\"@type\":\"Organization\",\"@id\":\"https:\/\/360photoboothpro.eu\/cs\/#organization\",\"name\":\"360PhotoBoothPRO\",\"url\":\"https:\/\/360photoboothpro.eu\/cs\/\",\"logo\":{\"@type\":\"ImageObject\",\"inLanguage\":\"cs\",\"@id\":\"https:\/\/360photoboothpro.eu\/cs\/#\/schema\/logo\/image\/\",\"url\":\"https:\/\/360photoboothpro.eu\/wp-content\/uploads\/2023\/03\/logo-360photoboothpro-favicon.png\",\"contentUrl\":\"https:\/\/360photoboothpro.eu\/wp-content\/uploads\/2023\/03\/logo-360photoboothpro-favicon.png\",\"width\":317,\"height\":317,\"caption\":\"360PhotoBoothPRO\"},\"image\":{\"@id\":\"https:\/\/360photoboothpro.eu\/cs\/#\/schema\/logo\/image\/\"},\"sameAs\":[\"https:\/\/www.facebook.com\/360PhotoBoothPRO.Canada\/\"]}]}<\/script>\n<!-- \/ Yoast SEO plugin. -->","yoast_head_json":{"title":"Magick\u00e9 zrcadlo Pro-Slim Photobooth 165,1 cm - 360PhotoBoothPRO","description":"Photo Booth PRO is an online store where you can buy quality Magick\u00e9 zrcadlo Pro-Slim Photobooth 165,1 cm at an affordable price. Buy now!","robots":{"index":"index","follow":"follow","max-snippet":"max-snippet:-1","max-image-preview":"max-image-preview:large","max-video-preview":"max-video-preview:-1"},"canonical":"https:\/\/360photoboothpro.eu\/cs\/produkt\/magic-mirror-pro-slim-photobooth-165-1-cm\/","og_locale":"cs_CZ","og_type":"article","og_title":"Magick\u00e9 zrcadlo Pro-Slim Photobooth 165,1 cm - 360PhotoBoothPRO","og_description":"Photo Booth PRO is an online store where you can buy quality Magick\u00e9 zrcadlo Pro-Slim Photobooth 165,1 cm at an affordable price. Buy now!","og_url":"https:\/\/360photoboothpro.eu\/cs\/produkt\/magic-mirror-pro-slim-photobooth-165-1-cm\/","og_site_name":"360PhotoBoothPRO","article_publisher":"https:\/\/www.facebook.com\/360PhotoBoothPRO.Canada\/","article_modified_time":"2025-12-11T14:06:08+00:00","og_image":[{"url":"https:\/\/360photoboothpro.eu\/wp-content\/uploads\/2023\/09\/magic-mirror-slim-photobooth-for-sale-social.jpg"}],"twitter_card":"summary_large_image","twitter_misc":{"Odhadovan\u00e1 doba \u010dten\u00ed":"2 minuty"},"schema":{"@context":"https:\/\/schema.org","@graph":[{"@type":"WebPage","@id":"https:\/\/360photoboothpro.eu\/cs\/produkt\/magic-mirror-pro-slim-photobooth-165-1-cm\/","url":"https:\/\/360photoboothpro.eu\/cs\/produkt\/magic-mirror-pro-slim-photobooth-165-1-cm\/","name":"Magick\u00e9 zrcadlo Pro-Slim Photobooth 165,1 cm - 360PhotoBoothPRO","isPartOf":{"@id":"https:\/\/360photoboothpro.eu\/cs\/#website"},"primaryImageOfPage":{"@id":"https:\/\/360photoboothpro.eu\/cs\/produkt\/magic-mirror-pro-slim-photobooth-165-1-cm\/#primaryimage"},"image":{"@id":"https:\/\/360photoboothpro.eu\/cs\/produkt\/magic-mirror-pro-slim-photobooth-165-1-cm\/#primaryimage"},"thumbnailUrl":"https:\/\/360photoboothpro.eu\/wp-content\/uploads\/2023\/09\/magic-mirror-proslim.jpg","datePublished":"2023-09-27T10:48:22+00:00","dateModified":"2025-12-11T14:06:08+00:00","description":"Photo Booth PRO is an online store where you can buy quality Magick\u00e9 zrcadlo Pro-Slim Photobooth 165,1 cm at an affordable price. Buy now!","breadcrumb":{"@id":"https:\/\/360photoboothpro.eu\/cs\/produkt\/magic-mirror-pro-slim-photobooth-165-1-cm\/#breadcrumb"},"inLanguage":"cs","potentialAction":[{"@type":"ReadAction","target":["https:\/\/360photoboothpro.eu\/cs\/produkt\/magic-mirror-pro-slim-photobooth-165-1-cm\/"]}]},{"@type":"ImageObject","inLanguage":"cs","@id":"https:\/\/360photoboothpro.eu\/cs\/produkt\/magic-mirror-pro-slim-photobooth-165-1-cm\/#primaryimage","url":"https:\/\/360photoboothpro.eu\/wp-content\/uploads\/2023\/09\/magic-mirror-proslim.jpg","contentUrl":"https:\/\/360photoboothpro.eu\/wp-content\/uploads\/2023\/09\/magic-mirror-proslim.jpg","width":797,"height":797,"caption":"magic mirror photobooth slim for sale"},{"@type":"BreadcrumbList","@id":"https:\/\/360photoboothpro.eu\/cs\/produkt\/magic-mirror-pro-slim-photobooth-165-1-cm\/#breadcrumb","itemListElement":[{"@type":"ListItem","position":1,"name":"Home","item":"https:\/\/360photoboothpro.eu\/cs\/"},{"@type":"ListItem","position":2,"name":"Obchod","item":"https:\/\/360photoboothpro.eu\/cs\/obchod\/"},{"@type":"ListItem","position":3,"name":"Magick\u00e9 zrcadlo Pro-Slim Photobooth 165,1 cm"}]},{"@type":"WebSite","@id":"https:\/\/360photoboothpro.eu\/cs\/#website","url":"https:\/\/360photoboothpro.eu\/cs\/","name":"360PhotoBoothPRO","description":"360PhotoBoothPRO","publisher":{"@id":"https:\/\/360photoboothpro.eu\/cs\/#organization"},"potentialAction":[{"@type":"SearchAction","target":{"@type":"EntryPoint","urlTemplate":"https:\/\/360photoboothpro.eu\/cs\/?s={search_term_string}"},"query-input":{"@type":"PropertyValueSpecification","valueRequired":true,"valueName":"search_term_string"}}],"inLanguage":"cs"},{"@type":"Organization","@id":"https:\/\/360photoboothpro.eu\/cs\/#organization","name":"360PhotoBoothPRO","url":"https:\/\/360photoboothpro.eu\/cs\/","logo":{"@type":"ImageObject","inLanguage":"cs","@id":"https:\/\/360photoboothpro.eu\/cs\/#\/schema\/logo\/image\/","url":"https:\/\/360photoboothpro.eu\/wp-content\/uploads\/2023\/03\/logo-360photoboothpro-favicon.png","contentUrl":"https:\/\/360photoboothpro.eu\/wp-content\/uploads\/2023\/03\/logo-360photoboothpro-favicon.png","width":317,"height":317,"caption":"360PhotoBoothPRO"},"image":{"@id":"https:\/\/360photoboothpro.eu\/cs\/#\/schema\/logo\/image\/"},"sameAs":["https:\/\/www.facebook.com\/360PhotoBoothPRO.Canada\/"]}]}},"_links":{"self":[{"href":"https:\/\/360photoboothpro.eu\/cs\/wp-json\/wp\/v2\/product\/10505"}],"collection":[{"href":"https:\/\/360photoboothpro.eu\/cs\/wp-json\/wp\/v2\/product"}],"about":[{"href":"https:\/\/360photoboothpro.eu\/cs\/wp-json\/wp\/v2\/types\/product"}],"replies":[{"embeddable":true,"href":"https:\/\/360photoboothpro.eu\/cs\/wp-json\/wp\/v2\/comments?post=10505"}],"wp:featuredmedia":[{"embeddable":true,"href":"https:\/\/360photoboothpro.eu\/cs\/wp-json\/wp\/v2\/media\/10652"}],"wp:attachment":[{"href":"https:\/\/360photoboothpro.eu\/cs\/wp-json\/wp\/v2\/media?parent=10505"}],"wp:term":[{"taxonomy":"product_cat","embeddable":true,"href":"https:\/\/360photoboothpro.eu\/cs\/wp-json\/wp\/v2\/product_cat?post=10505"},{"taxonomy":"product_tag","embeddable":true,"href":"https:\/\/360photoboothpro.eu\/cs\/wp-json\/wp\/v2\/product_tag?post=10505"}],"curies":[{"name":"wp","href":"https:\/\/api.w.org\/{rel}","templated":true}]}}