{"id":12590,"date":"2024-02-14T14:51:44","date_gmt":"2024-02-14T12:51:44","guid":{"rendered":"https:\/\/360photoboothpro.eu\/?post_type=product&#038;p=12590"},"modified":"2024-12-01T13:04:54","modified_gmt":"2024-12-01T11:04:54","slug":"upgrade-to-full-plug-play-package","status":"publish","type":"product","link":"https:\/\/360photoboothpro.eu\/cs\/produkt\/upgrade-to-full-plug-play-package\/","title":{"rendered":"UPGRADE na FULL PLUG &amp; PLAY PACKAGE"},"content":{"rendered":"<p>Toto roz\u0161\u00ed\u0159en\u00ed lze zakoupit POUZE SPOLE\u010cN\u011a s jednou z platforem 360 v t\u00e9to kategorii: <a href=\"https:\/\/360photoboothpro.eu\/cs\/kategorie-produktu\/360-photo-booth-platformy\/\">360 Photo Booth Platforms<\/a><\/p>\n<p>Zakoupen\u00edm t\u00e9to aktualizace se do platformy 360 Photo Booth p\u0159idaj\u00ed n\u00e1sleduj\u00edc\u00ed polo\u017eky:<\/p>\n<style>.elementor-8915 .elementor-element.elementor-element-6eb62ad .elementor-icon-list-items:not(.elementor-inline-items) .elementor-icon-list-item:not(:last-child){padding-bottom:calc(11px\/2);}.elementor-8915 .elementor-element.elementor-element-6eb62ad .elementor-icon-list-items:not(.elementor-inline-items) .elementor-icon-list-item:not(:first-child){margin-top:calc(11px\/2);}.elementor-8915 .elementor-element.elementor-element-6eb62ad .elementor-icon-list-items.elementor-inline-items .elementor-icon-list-item{margin-right:calc(11px\/2);margin-left:calc(11px\/2);}.elementor-8915 .elementor-element.elementor-element-6eb62ad .elementor-icon-list-items.elementor-inline-items{margin-right:calc(-11px\/2);margin-left:calc(-11px\/2);}body.rtl .elementor-8915 .elementor-element.elementor-element-6eb62ad .elementor-icon-list-items.elementor-inline-items .elementor-icon-list-item:after{left:calc(-11px\/2);}body:not(.rtl) .elementor-8915 .elementor-element.elementor-element-6eb62ad .elementor-icon-list-items.elementor-inline-items .elementor-icon-list-item:after{right:calc(-11px\/2);}.elementor-8915 .elementor-element.elementor-element-6eb62ad .elementor-icon-list-icon i{color:#61CE70;transition:color 0.3s;}.elementor-8915 .elementor-element.elementor-element-6eb62ad .elementor-icon-list-icon svg{fill:#61CE70;transition:fill 0.3s;}.elementor-8915 .elementor-element.elementor-element-6eb62ad .elementor-icon-list-item:hover .elementor-icon-list-icon i{color:#6EC1E4;}.elementor-8915 .elementor-element.elementor-element-6eb62ad .elementor-icon-list-item:hover .elementor-icon-list-icon svg{fill:#6EC1E4;}.elementor-8915 .elementor-element.elementor-element-6eb62ad{--e-icon-list-icon-size:29px;--icon-vertical-offset:0px;}.elementor-8915 .elementor-element.elementor-element-6eb62ad .elementor-icon-list-text{transition:color 0.3s;}<\/style><div class=\"porto-block elementor elementor-8915\" data-id=\"8915\">\t\t<section class=\"elementor-section elementor-top-section elementor-element elementor-element-7411f33 elementor-section-boxed elementor-section-height-default elementor-section-height-default\" data-id=\"7411f33\" data-element_type=\"section\">\r\n\t\t\r\n\t\t\t\t\t\t\t<div class=\"elementor-container elementor-column-gap-default\">\r\n\t\t\t\t\t\t\t\t\t\t\t<div class=\"elementor-column elementor-col-100 elementor-top-column elementor-element elementor-element-a632ad4\" data-id=\"a632ad4\" data-element_type=\"column\">\r\n\t\t\t\t\t<div class=\"elementor-widget-wrap elementor-element-populated\">\r\n\t\t\t\t\t\t\t\t<div class=\"elementor-element elementor-element-6eb62ad elementor-icon-list--layout-traditional elementor-list-item-link-full_width elementor-widget elementor-widget-icon-list\" data-id=\"6eb62ad\" data-element_type=\"widget\" data-widget_type=\"icon-list.default\">\n\t\t\t\t<div class=\"elementor-widget-container\">\n\t\t\t\t\t<ul class=\"elementor-icon-list-items\">\n\t\t\t\t\t\t\t<li class=\"elementor-icon-list-item\">\n\t\t\t\t\t\t\t\t\t\t\t<span class=\"elementor-icon-list-icon\">\n\t\t\t\t\t\t\t<i aria-hidden=\"true\" class=\"fas fa-check\"><\/i>\t\t\t\t\t\t<\/span>\n\t\t\t\t\t\t\t\t\t\t<span class=\"elementor-icon-list-text\">4k sportovn\u00ed VIDEO KAMERA GoPro 10 Black (m\u016f\u017eete upgradovat na GoPro 11 Black);<\/span>\n\t\t\t\t\t\t\t\t\t<\/li>\n\t\t\t\t\t\t\t\t<li class=\"elementor-icon-list-item\">\n\t\t\t\t\t\t\t\t\t\t\t<span class=\"elementor-icon-list-icon\">\n\t\t\t\t\t\t\t<i aria-hidden=\"true\" class=\"fas fa-check\"><\/i>\t\t\t\t\t\t<\/span>\n\t\t\t\t\t\t\t\t\t\t<span class=\"elementor-icon-list-text\">Pam\u011b\u0165ov\u00e1 karta SanDisk Micro SD Hight Endurance, 128 GB, t\u0159\u00edda 10, KOMPATIBILN\u00cd s kamerou GoPro, kter\u00e1 dok\u00e1\u017ee po\u0159izovat videoklipy v rozli\u0161en\u00ed Full HD i 4K. Tato karta m\u00e1 rychlostn\u00ed t\u0159\u00eddu UHS-I (Ultra Hight Speed-1), V30 (Video Speed Class 30), kter\u00e1 zaru\u010duje, \u017ee rychlost z\u00e1pisu neklesne pod 30 MB\/s (dosahuje a\u017e 40 MB\/s). P\u0159enosov\u00e1 rychlost \u010dten\u00ed m\u016f\u017ee dos\u00e1hnout a\u017e 100 MB\/s. Je odoln\u00e1 proti n\u00e1raz\u016fm, vysok\u00fdm teplot\u00e1m a obsahuje adapt\u00e9r microSD na SD s p\u0159ep\u00edna\u010dem ochrany proti z\u00e1pisu, kter\u00fd umo\u017e\u0148uje pou\u017eit\u00ed t\u00e9to karty v za\u0159\u00edzen\u00edch kompatibiln\u00edch s SD.<\/span>\n\t\t\t\t\t\t\t\t\t<\/li>\n\t\t\t\t\t\t\t\t<li class=\"elementor-icon-list-item\">\n\t\t\t\t\t\t\t\t\t\t\t<span class=\"elementor-icon-list-icon\">\n\t\t\t\t\t\t\t<i aria-hidden=\"true\" class=\"fas fa-check\"><\/i>\t\t\t\t\t\t<\/span>\n\t\t\t\t\t\t\t\t\t\t<span class=\"elementor-icon-list-text\">P\u0158IPOJEN\u00cd nezbytn\u00e1 pro provoz kamery GoPro (USB NAP\u00c1JEC\u00cd KABEL typu C, RYCHL\u00c1 NAB\u00cdJE\u010cKA, SEKUND\u00c1RN\u00cd BEZDR\u00c1TOV\u00dd ADAPT\u00c9R);<\/span>\n\t\t\t\t\t\t\t\t\t<\/li>\n\t\t\t\t\t\t\t\t<li class=\"elementor-icon-list-item\">\n\t\t\t\t\t\t\t\t\t\t\t<span class=\"elementor-icon-list-icon\">\n\t\t\t\t\t\t\t<i aria-hidden=\"true\" class=\"fas fa-check\"><\/i>\t\t\t\t\t\t<\/span>\n\t\t\t\t\t\t\t\t\t\t<span class=\"elementor-icon-list-text\">SOFTWARE \"toolsforgopro\";<\/span>\n\t\t\t\t\t\t\t\t\t<\/li>\n\t\t\t\t\t\t\t\t<li class=\"elementor-icon-list-item\">\n\t\t\t\t\t\t\t\t\t\t\t<span class=\"elementor-icon-list-icon\">\n\t\t\t\t\t\t\t<i aria-hidden=\"true\" class=\"fas fa-check\"><\/i>\t\t\t\t\t\t<\/span>\n\t\t\t\t\t\t\t\t\t\t<span class=\"elementor-icon-list-text\">bezdr\u00e1tov\u00fd syst\u00e9m mesh TP-LINK, kter\u00fd je nezbytn\u00fd pro odes\u00edl\u00e1n\u00ed vide\u00ed bez p\u0159\u00edstupu k internetu;<\/span>\n\t\t\t\t\t\t\t\t\t<\/li>\n\t\t\t\t\t\t\t\t<li class=\"elementor-icon-list-item\">\n\t\t\t\t\t\t\t\t\t\t\t<span class=\"elementor-icon-list-icon\">\n\t\t\t\t\t\t\t<i aria-hidden=\"true\" class=\"fas fa-check\"><\/i>\t\t\t\t\t\t<\/span>\n\t\t\t\t\t\t\t\t\t\t<span class=\"elementor-icon-list-text\">2 X POWERBANK (BATERIE s 2x porty USB typu A) po 10 000 mAh (1 HLAVN\u00cd a 1 Z\u00c1LO\u017dN\u00cd) pro nap\u00e1jen\u00ed kamery GoPRO a sv\u00edtidla PROFFESIONAL RING LIGHT.<\/span>\n\t\t\t\t\t\t\t\t\t<\/li>\n\t\t\t\t\t\t\t\t<li class=\"elementor-icon-list-item\">\n\t\t\t\t\t\t\t\t\t\t\t<span class=\"elementor-icon-list-icon\">\n\t\t\t\t\t\t\t<i aria-hidden=\"true\" class=\"fas fa-check\"><\/i>\t\t\t\t\t\t<\/span>\n\t\t\t\t\t\t\t\t\t\t<span class=\"elementor-icon-list-text\">Video Booth 360 Professional SOFTWARE - INTERFACE V ANGLICK\u00c9M JAZYCE, s DO\u017dIVOTN\u00cd LICENC\u00cd a BEZPLATN\u00ddMI AKTUALIZACEMI po dobu 1 roku, ve kter\u00e9m jsou videa automaticky vykreslov\u00e1na, m\u016f\u017eete vlo\u017eit INTRO\/OUTRO, BACKGROUND MUSIC, TEMPLATE\/LAYOUT, nespo\u010det efekt\u016f GRAFICS (BLACK &amp; WHITE, BLUR, WAVES, atd.).) a DYNAMICK\u00c9 EFEKTY typu SLOW MOTION, FAST MOTION, ZOOM, BOOMERANG, MIRROR, QUAD, STACK s mo\u017enost\u00ed p\u0159id\u00e1n\u00ed barevn\u00e9ho kl\u00ed\u010de (GREY, SEPIA, RED, GREEN, BLUE). Jejich p\u0159echod m\u00e1 n\u00e1sleduj\u00edc\u00ed varianty: N\u00c1HODN\u00dd, K\u0158\u00cd\u017dOV\u00dd, FADE BLACK, FADE WHITE, SLIDE LEFT, SLIDE RIGHT, SLICE LEFT, SLICE RIGHT, RADIAL WIPE, CAMERA, PIXEL. Knihovna obr\u00e1zk\u016f a videot\u00e9ka. Mo\u017enost pou\u017eit\u00ed GREENSCREEN a mo\u017enost p\u0159id\u00e1n\u00ed LOGA do nahran\u00fdch vide\u00ed. M\u016f\u017eete si ZVOLIT D\u00c9LKU TRV\u00c1N\u00cd NAHR\u00c1VKY, VELIKOST VIDEOKLIPU, SN\u00cdMKOVOU RYCHLOST, ORIENTACI, ST\u0158IH, KVALITU a FORM\u00c1T SOUBORU. OBSAHUJE funkci SHARING STATION, kter\u00e1 nevy\u017eaduje p\u0159ipojen\u00ed k internetu, aby host\u00e9 mohli p\u0159ij\u00edmat klipy. Na datov\u00fd disk USB m\u016f\u017eete KOP\u00cdROVAT soubory s podrobnostmi o programu Event Publisher a Event Viewer. Soubory m\u016f\u017eete tak\u00e9 kop\u00edrovat do cloudov\u00e9ho \u00falo\u017ei\u0161t\u011b prost\u0159ednictv\u00edm funkce \"Kop\u00edrovat do slo\u017eek\" a podrobnost\u00ed o nahr\u00e1v\u00e1n\u00ed na FTP. Licenci lze kdykoli p\u0159en\u00e9st na jin\u00e9 za\u0159\u00edzen\u00ed. Funguje v syst\u00e9mech Windows 7, 8, 8.1, 10 a 11.<\/span>\n\t\t\t\t\t\t\t\t\t<\/li>\n\t\t\t\t\t\t<\/ul>\n\t\t\t\t<\/div>\n\t\t\t\t<\/div>\n\t\t\t\t\t<\/div>\r\n\t\t\t\t<\/div>\r\n\t\t\t\t\t<\/div>\r\n\t\t\t\t<\/section>\r\n\t\t<\/div>\n<span class=\"Y2IQFc\" lang=\"en\">POZOROV\u00c1N\u00cd! Pro spu\u0161t\u011bn\u00ed softwaru pot\u0159ebujete LAPTOP s minim\u00e1ln\u00ed konfigurac\u00ed: procesor i5 s dedikovanou grafickou kartou, 8 gb RAM a pevn\u00fd disk typu SSD, kter\u00fd lze zakoupit samostatn\u011b (KONTAKTUJTE N\u00c1S PRO PODROBNOSTI).<\/span><\/p>\n","protected":false},"excerpt":{"rendered":"<p>Tento produkt lze zakoupit POUZE SPOLE\u010cN\u011a s jednou z platforem 360 v t\u00e9to kategorii: <a href=\"https:\/\/360photoboothpro.eu\/product-category\/360-video-booth-platforms\/\">360 Photo Booth Platforms<\/a><\/p>\n","protected":false},"featured_media":14273,"comment_status":"open","ping_status":"closed","template":"","meta":{"_acf_changed":false},"product_cat":[449],"product_tag":[349,362,357,361,368,369,355,353,371,358,347,350],"class_list":{"0":"post-12590","1":"product","2":"type-product","3":"status-publish","4":"has-post-thumbnail","6":"product_cat-upgrades-pro-platformy-360","7":"product_tag-360-kabina-na-prodej","8":"product_tag-360-otacek-fotobudky","9":"product_tag-360-photo-booth-cs","10":"product_tag-360-selfie-kabina","11":"product_tag-360-video-kabina-2","12":"product_tag-360-video-kabina-na-prodej","13":"product_tag-360-fotobudka","14":"product_tag-fotobudka-s-360-kamerami","15":"product_tag-otaceci-fotobudka","16":"product_tag-prodej-fotobudky-360","17":"product_tag-stanek-360","18":"product_tag-stanek-s-kamerou-360","20":"first","21":"instock","22":"taxable","23":"shipping-taxable","24":"purchasable","25":"product-type-simple"},"acf":[],"yoast_head":"<!-- This site is optimized with the Yoast SEO plugin v23.5 - https:\/\/yoast.com\/wordpress\/plugins\/seo\/ -->\n<title>UPGRADE na FULL PLUG &amp; PLAY PACKAGE - 360PhotoBoothPRO<\/title>\n<meta name=\"description\" content=\"Photo Booth PRO is an online store where you can buy quality UPGRADE na FULL PLUG &amp; PLAY PACKAGE at an affordable price. Buy now!\" \/>\n<meta name=\"robots\" content=\"index, follow, max-snippet:-1, max-image-preview:large, max-video-preview:-1\" \/>\n<link rel=\"canonical\" href=\"https:\/\/360photoboothpro.eu\/cs\/produkt\/upgrade-to-full-plug-play-package\/\" \/>\n<meta property=\"og:locale\" content=\"cs_CZ\" \/>\n<meta property=\"og:type\" content=\"article\" \/>\n<meta property=\"og:title\" content=\"UPGRADE na FULL PLUG &amp; PLAY PACKAGE - 360PhotoBoothPRO\" \/>\n<meta property=\"og:description\" content=\"Photo Booth PRO is an online store where you can buy quality UPGRADE na FULL PLUG &amp; PLAY PACKAGE at an affordable price. Buy now!\" \/>\n<meta property=\"og:url\" content=\"https:\/\/360photoboothpro.eu\/cs\/produkt\/upgrade-to-full-plug-play-package\/\" \/>\n<meta property=\"og:site_name\" content=\"360PhotoBoothPRO\" \/>\n<meta property=\"article:publisher\" content=\"https:\/\/www.facebook.com\/360PhotoBoothPRO.Canada\/\" \/>\n<meta property=\"article:modified_time\" content=\"2024-12-01T11:04:54+00:00\" \/>\n<meta property=\"og:image\" content=\"https:\/\/360photoboothpro.eu\/wp-content\/uploads\/2024\/02\/360-photo-booth-pro-full-plug-and-play-package-4.jpg\" \/>\n<meta name=\"twitter:card\" content=\"summary_large_image\" \/>\n<meta name=\"twitter:image\" content=\"https:\/\/360photoboothpro.eu\/wp-content\/uploads\/2024\/03\/360-video-booth-pro-pachet-full-plug-and-play-1.jpg\" \/>\n<meta name=\"twitter:label1\" content=\"Odhadovan\u00e1 doba \u010dten\u00ed\" \/>\n\t<meta name=\"twitter:data1\" content=\"1 minuta\" \/>\n<script type=\"application\/ld+json\" class=\"yoast-schema-graph\">{\"@context\":\"https:\/\/schema.org\",\"@graph\":[{\"@type\":\"WebPage\",\"@id\":\"https:\/\/360photoboothpro.eu\/cs\/produkt\/upgrade-to-full-plug-play-package\/\",\"url\":\"https:\/\/360photoboothpro.eu\/cs\/produkt\/upgrade-to-full-plug-play-package\/\",\"name\":\"UPGRADE na FULL PLUG &amp; PLAY PACKAGE - 360PhotoBoothPRO\",\"isPartOf\":{\"@id\":\"https:\/\/360photoboothpro.eu\/cs\/#website\"},\"primaryImageOfPage\":{\"@id\":\"https:\/\/360photoboothpro.eu\/cs\/produkt\/upgrade-to-full-plug-play-package\/#primaryimage\"},\"image\":{\"@id\":\"https:\/\/360photoboothpro.eu\/cs\/produkt\/upgrade-to-full-plug-play-package\/#primaryimage\"},\"thumbnailUrl\":\"https:\/\/360photoboothpro.eu\/wp-content\/uploads\/2024\/02\/360-photobooth-upgrade-to-full-plug-and-play-package-2024.jpg\",\"datePublished\":\"2024-02-14T12:51:44+00:00\",\"dateModified\":\"2024-12-01T11:04:54+00:00\",\"description\":\"Photo Booth PRO is an online store where you can buy quality UPGRADE na FULL PLUG &amp; PLAY PACKAGE at an affordable price. Buy now!\",\"breadcrumb\":{\"@id\":\"https:\/\/360photoboothpro.eu\/cs\/produkt\/upgrade-to-full-plug-play-package\/#breadcrumb\"},\"inLanguage\":\"cs\",\"potentialAction\":[{\"@type\":\"ReadAction\",\"target\":[\"https:\/\/360photoboothpro.eu\/cs\/produkt\/upgrade-to-full-plug-play-package\/\"]}]},{\"@type\":\"ImageObject\",\"inLanguage\":\"cs\",\"@id\":\"https:\/\/360photoboothpro.eu\/cs\/produkt\/upgrade-to-full-plug-play-package\/#primaryimage\",\"url\":\"https:\/\/360photoboothpro.eu\/wp-content\/uploads\/2024\/02\/360-photobooth-upgrade-to-full-plug-and-play-package-2024.jpg\",\"contentUrl\":\"https:\/\/360photoboothpro.eu\/wp-content\/uploads\/2024\/02\/360-photobooth-upgrade-to-full-plug-and-play-package-2024.jpg\",\"width\":2000,\"height\":2000,\"caption\":\"360 photobooth upgrade to full plug and play package\"},{\"@type\":\"BreadcrumbList\",\"@id\":\"https:\/\/360photoboothpro.eu\/cs\/produkt\/upgrade-to-full-plug-play-package\/#breadcrumb\",\"itemListElement\":[{\"@type\":\"ListItem\",\"position\":1,\"name\":\"Home\",\"item\":\"https:\/\/360photoboothpro.eu\/cs\/\"},{\"@type\":\"ListItem\",\"position\":2,\"name\":\"Obchod\",\"item\":\"https:\/\/360photoboothpro.eu\/cs\/obchod\/\"},{\"@type\":\"ListItem\",\"position\":3,\"name\":\"UPGRADE na FULL PLUG &amp; PLAY PACKAGE\"}]},{\"@type\":\"WebSite\",\"@id\":\"https:\/\/360photoboothpro.eu\/cs\/#website\",\"url\":\"https:\/\/360photoboothpro.eu\/cs\/\",\"name\":\"360PhotoBoothPRO\",\"description\":\"360PhotoBoothPRO\",\"publisher\":{\"@id\":\"https:\/\/360photoboothpro.eu\/cs\/#organization\"},\"potentialAction\":[{\"@type\":\"SearchAction\",\"target\":{\"@type\":\"EntryPoint\",\"urlTemplate\":\"https:\/\/360photoboothpro.eu\/cs\/?s={search_term_string}\"},\"query-input\":{\"@type\":\"PropertyValueSpecification\",\"valueRequired\":true,\"valueName\":\"search_term_string\"}}],\"inLanguage\":\"cs\"},{\"@type\":\"Organization\",\"@id\":\"https:\/\/360photoboothpro.eu\/cs\/#organization\",\"name\":\"360PhotoBoothPRO\",\"url\":\"https:\/\/360photoboothpro.eu\/cs\/\",\"logo\":{\"@type\":\"ImageObject\",\"inLanguage\":\"cs\",\"@id\":\"https:\/\/360photoboothpro.eu\/cs\/#\/schema\/logo\/image\/\",\"url\":\"https:\/\/360photoboothpro.eu\/wp-content\/uploads\/2023\/03\/logo-360photoboothpro-favicon.png\",\"contentUrl\":\"https:\/\/360photoboothpro.eu\/wp-content\/uploads\/2023\/03\/logo-360photoboothpro-favicon.png\",\"width\":317,\"height\":317,\"caption\":\"360PhotoBoothPRO\"},\"image\":{\"@id\":\"https:\/\/360photoboothpro.eu\/cs\/#\/schema\/logo\/image\/\"},\"sameAs\":[\"https:\/\/www.facebook.com\/360PhotoBoothPRO.Canada\/\"]}]}<\/script>\n<!-- \/ Yoast SEO plugin. -->","yoast_head_json":{"title":"UPGRADE na FULL PLUG &amp; PLAY PACKAGE - 360PhotoBoothPRO","description":"Photo Booth PRO is an online store where you can buy quality UPGRADE na FULL PLUG &amp; PLAY PACKAGE at an affordable price. Buy now!","robots":{"index":"index","follow":"follow","max-snippet":"max-snippet:-1","max-image-preview":"max-image-preview:large","max-video-preview":"max-video-preview:-1"},"canonical":"https:\/\/360photoboothpro.eu\/cs\/produkt\/upgrade-to-full-plug-play-package\/","og_locale":"cs_CZ","og_type":"article","og_title":"UPGRADE na FULL PLUG &amp; PLAY PACKAGE - 360PhotoBoothPRO","og_description":"Photo Booth PRO is an online store where you can buy quality UPGRADE na FULL PLUG &amp; PLAY PACKAGE at an affordable price. Buy now!","og_url":"https:\/\/360photoboothpro.eu\/cs\/produkt\/upgrade-to-full-plug-play-package\/","og_site_name":"360PhotoBoothPRO","article_publisher":"https:\/\/www.facebook.com\/360PhotoBoothPRO.Canada\/","article_modified_time":"2024-12-01T11:04:54+00:00","og_image":[{"url":"https:\/\/360photoboothpro.eu\/wp-content\/uploads\/2024\/02\/360-photo-booth-pro-full-plug-and-play-package-4.jpg"}],"twitter_card":"summary_large_image","twitter_image":"https:\/\/360photoboothpro.eu\/wp-content\/uploads\/2024\/03\/360-video-booth-pro-pachet-full-plug-and-play-1.jpg","twitter_misc":{"Odhadovan\u00e1 doba \u010dten\u00ed":"1 minuta"},"schema":{"@context":"https:\/\/schema.org","@graph":[{"@type":"WebPage","@id":"https:\/\/360photoboothpro.eu\/cs\/produkt\/upgrade-to-full-plug-play-package\/","url":"https:\/\/360photoboothpro.eu\/cs\/produkt\/upgrade-to-full-plug-play-package\/","name":"UPGRADE na FULL PLUG &amp; PLAY PACKAGE - 360PhotoBoothPRO","isPartOf":{"@id":"https:\/\/360photoboothpro.eu\/cs\/#website"},"primaryImageOfPage":{"@id":"https:\/\/360photoboothpro.eu\/cs\/produkt\/upgrade-to-full-plug-play-package\/#primaryimage"},"image":{"@id":"https:\/\/360photoboothpro.eu\/cs\/produkt\/upgrade-to-full-plug-play-package\/#primaryimage"},"thumbnailUrl":"https:\/\/360photoboothpro.eu\/wp-content\/uploads\/2024\/02\/360-photobooth-upgrade-to-full-plug-and-play-package-2024.jpg","datePublished":"2024-02-14T12:51:44+00:00","dateModified":"2024-12-01T11:04:54+00:00","description":"Photo Booth PRO is an online store where you can buy quality UPGRADE na FULL PLUG &amp; PLAY PACKAGE at an affordable price. Buy now!","breadcrumb":{"@id":"https:\/\/360photoboothpro.eu\/cs\/produkt\/upgrade-to-full-plug-play-package\/#breadcrumb"},"inLanguage":"cs","potentialAction":[{"@type":"ReadAction","target":["https:\/\/360photoboothpro.eu\/cs\/produkt\/upgrade-to-full-plug-play-package\/"]}]},{"@type":"ImageObject","inLanguage":"cs","@id":"https:\/\/360photoboothpro.eu\/cs\/produkt\/upgrade-to-full-plug-play-package\/#primaryimage","url":"https:\/\/360photoboothpro.eu\/wp-content\/uploads\/2024\/02\/360-photobooth-upgrade-to-full-plug-and-play-package-2024.jpg","contentUrl":"https:\/\/360photoboothpro.eu\/wp-content\/uploads\/2024\/02\/360-photobooth-upgrade-to-full-plug-and-play-package-2024.jpg","width":2000,"height":2000,"caption":"360 photobooth upgrade to full plug and play package"},{"@type":"BreadcrumbList","@id":"https:\/\/360photoboothpro.eu\/cs\/produkt\/upgrade-to-full-plug-play-package\/#breadcrumb","itemListElement":[{"@type":"ListItem","position":1,"name":"Home","item":"https:\/\/360photoboothpro.eu\/cs\/"},{"@type":"ListItem","position":2,"name":"Obchod","item":"https:\/\/360photoboothpro.eu\/cs\/obchod\/"},{"@type":"ListItem","position":3,"name":"UPGRADE na FULL PLUG &amp; PLAY PACKAGE"}]},{"@type":"WebSite","@id":"https:\/\/360photoboothpro.eu\/cs\/#website","url":"https:\/\/360photoboothpro.eu\/cs\/","name":"360PhotoBoothPRO","description":"360PhotoBoothPRO","publisher":{"@id":"https:\/\/360photoboothpro.eu\/cs\/#organization"},"potentialAction":[{"@type":"SearchAction","target":{"@type":"EntryPoint","urlTemplate":"https:\/\/360photoboothpro.eu\/cs\/?s={search_term_string}"},"query-input":{"@type":"PropertyValueSpecification","valueRequired":true,"valueName":"search_term_string"}}],"inLanguage":"cs"},{"@type":"Organization","@id":"https:\/\/360photoboothpro.eu\/cs\/#organization","name":"360PhotoBoothPRO","url":"https:\/\/360photoboothpro.eu\/cs\/","logo":{"@type":"ImageObject","inLanguage":"cs","@id":"https:\/\/360photoboothpro.eu\/cs\/#\/schema\/logo\/image\/","url":"https:\/\/360photoboothpro.eu\/wp-content\/uploads\/2023\/03\/logo-360photoboothpro-favicon.png","contentUrl":"https:\/\/360photoboothpro.eu\/wp-content\/uploads\/2023\/03\/logo-360photoboothpro-favicon.png","width":317,"height":317,"caption":"360PhotoBoothPRO"},"image":{"@id":"https:\/\/360photoboothpro.eu\/cs\/#\/schema\/logo\/image\/"},"sameAs":["https:\/\/www.facebook.com\/360PhotoBoothPRO.Canada\/"]}]}},"_links":{"self":[{"href":"https:\/\/360photoboothpro.eu\/cs\/wp-json\/wp\/v2\/product\/12590"}],"collection":[{"href":"https:\/\/360photoboothpro.eu\/cs\/wp-json\/wp\/v2\/product"}],"about":[{"href":"https:\/\/360photoboothpro.eu\/cs\/wp-json\/wp\/v2\/types\/product"}],"replies":[{"embeddable":true,"href":"https:\/\/360photoboothpro.eu\/cs\/wp-json\/wp\/v2\/comments?post=12590"}],"wp:featuredmedia":[{"embeddable":true,"href":"https:\/\/360photoboothpro.eu\/cs\/wp-json\/wp\/v2\/media\/14273"}],"wp:attachment":[{"href":"https:\/\/360photoboothpro.eu\/cs\/wp-json\/wp\/v2\/media?parent=12590"}],"wp:term":[{"taxonomy":"product_cat","embeddable":true,"href":"https:\/\/360photoboothpro.eu\/cs\/wp-json\/wp\/v2\/product_cat?post=12590"},{"taxonomy":"product_tag","embeddable":true,"href":"https:\/\/360photoboothpro.eu\/cs\/wp-json\/wp\/v2\/product_tag?post=12590"}],"curies":[{"name":"wp","href":"https:\/\/api.w.org\/{rel}","templated":true}]}}