{"id":7745,"date":"2023-04-12T08:09:35","date_gmt":"2023-04-12T06:09:35","guid":{"rendered":"https:\/\/360photoboothpro.eu\/?post_type=product&#038;p=7745"},"modified":"2025-06-08T09:11:17","modified_gmt":"2025-06-08T07:11:17","slug":"sada-2-x-24w-led-svetla-s-stativem-pro-foto-studio","status":"publish","type":"product","link":"https:\/\/360photoboothpro.eu\/cs\/produkt\/sada-2-x-24w-led-svetla-s-stativem-pro-foto-studio\/","title":{"rendered":"Sada 2 x 24W LED sv\u011btel se stativem pro fotografick\u00e9 studio"},"content":{"rendered":"<p>Tento produkt lze zakoupit POUZE SPOLE\u010cN\u011a s jednou z platforem 360 v t\u00e9to kategorii: <a href=\"https:\/\/360photoboothpro.eu\/cs\/kategorie-produktu\/360-photo-booth-platformy\/\">360 Photo Booth Platforms<\/a><\/p>\n<p>Sada 2 x 24W LED sv\u011btel se stativem pro fotografick\u00e9 studio<\/p>\n","protected":false},"excerpt":{"rendered":"<p>Tento produkt lze zakoupit POUZE SPOLE\u010cN\u011a s jednou z platforem 360 v t\u00e9to kategorii: <a href=\"https:\/\/360photoboothpro.eu\/product-category\/360-video-booth-platforms\/\">360 Photo Booth Platforms<\/a><\/p>\n","protected":false},"featured_media":7102,"comment_status":"open","ping_status":"closed","template":"","meta":{"_acf_changed":false},"product_cat":[346],"product_tag":[349,362,357,361,368,369,355,353,371,358,347,350],"class_list":{"0":"post-7745","1":"product","2":"type-product","3":"status-publish","4":"has-post-thumbnail","6":"product_cat-prislusenstvi","7":"product_tag-360-kabina-na-prodej","8":"product_tag-360-otacek-fotobudky","9":"product_tag-360-photo-booth-cs","10":"product_tag-360-selfie-kabina","11":"product_tag-360-video-kabina-2","12":"product_tag-360-video-kabina-na-prodej","13":"product_tag-360-fotobudka","14":"product_tag-fotobudka-s-360-kamerami","15":"product_tag-otaceci-fotobudka","16":"product_tag-prodej-fotobudky-360","17":"product_tag-stanek-360","18":"product_tag-stanek-s-kamerou-360","20":"first","21":"outofstock","22":"taxable","23":"shipping-taxable","24":"purchasable","25":"product-type-simple"},"acf":[],"yoast_head":"<!-- This site is optimized with the Yoast SEO plugin v23.5 - https:\/\/yoast.com\/wordpress\/plugins\/seo\/ -->\n<title>Sada 2 x 24W LED sv\u011btel se stativem pro fotografick\u00e9 studio - 360PhotoBoothPRO<\/title>\n<meta name=\"description\" content=\"Photo Booth PRO is an online store where you can buy quality Sada 2 x 24W LED sv\u011btel se stativem pro fotografick\u00e9 studio at an affordable price. Buy now!\" \/>\n<meta name=\"robots\" content=\"index, follow, max-snippet:-1, max-image-preview:large, max-video-preview:-1\" \/>\n<link rel=\"canonical\" href=\"https:\/\/360photoboothpro.eu\/cs\/produkt\/sada-2-x-24w-led-svetla-s-stativem-pro-foto-studio\/\" \/>\n<meta property=\"og:locale\" content=\"cs_CZ\" \/>\n<meta property=\"og:type\" content=\"article\" \/>\n<meta property=\"og:title\" content=\"Sada 2 x 24W LED sv\u011btel se stativem pro fotografick\u00e9 studio - 360PhotoBoothPRO\" \/>\n<meta property=\"og:description\" content=\"Photo Booth PRO is an online store where you can buy quality Sada 2 x 24W LED sv\u011btel se stativem pro fotografick\u00e9 studio at an affordable price. Buy now!\" \/>\n<meta property=\"og:url\" content=\"https:\/\/360photoboothpro.eu\/cs\/produkt\/sada-2-x-24w-led-svetla-s-stativem-pro-foto-studio\/\" \/>\n<meta property=\"og:site_name\" content=\"360PhotoBoothPRO\" \/>\n<meta property=\"article:publisher\" content=\"https:\/\/www.facebook.com\/360PhotoBoothPRO.Canada\/\" \/>\n<meta property=\"article:modified_time\" content=\"2025-06-08T07:11:17+00:00\" \/>\n<meta property=\"og:image\" content=\"https:\/\/360photoboothpro.eu\/wp-content\/uploads\/2023\/04\/set-2-led-lights-with-tripod-social.jpg\" \/>\n<meta name=\"twitter:card\" content=\"summary_large_image\" \/>\n<meta name=\"twitter:label1\" content=\"Odhadovan\u00e1 doba \u010dten\u00ed\" \/>\n\t<meta name=\"twitter:data1\" content=\"1 minuta\" \/>\n<script type=\"application\/ld+json\" class=\"yoast-schema-graph\">{\"@context\":\"https:\/\/schema.org\",\"@graph\":[{\"@type\":\"WebPage\",\"@id\":\"https:\/\/360photoboothpro.eu\/cs\/produkt\/sada-2-x-24w-led-svetla-s-stativem-pro-foto-studio\/\",\"url\":\"https:\/\/360photoboothpro.eu\/cs\/produkt\/sada-2-x-24w-led-svetla-s-stativem-pro-foto-studio\/\",\"name\":\"Sada 2 x 24W LED sv\u011btel se stativem pro fotografick\u00e9 studio - 360PhotoBoothPRO\",\"isPartOf\":{\"@id\":\"https:\/\/360photoboothpro.eu\/cs\/#website\"},\"primaryImageOfPage\":{\"@id\":\"https:\/\/360photoboothpro.eu\/cs\/produkt\/sada-2-x-24w-led-svetla-s-stativem-pro-foto-studio\/#primaryimage\"},\"image\":{\"@id\":\"https:\/\/360photoboothpro.eu\/cs\/produkt\/sada-2-x-24w-led-svetla-s-stativem-pro-foto-studio\/#primaryimage\"},\"thumbnailUrl\":\"https:\/\/360photoboothpro.eu\/wp-content\/uploads\/2023\/04\/Set-of-2-24W-LED-lights-with-tripod-for-photo-studio.webp\",\"datePublished\":\"2023-04-12T06:09:35+00:00\",\"dateModified\":\"2025-06-08T07:11:17+00:00\",\"description\":\"Photo Booth PRO is an online store where you can buy quality Sada 2 x 24W LED sv\u011btel se stativem pro fotografick\u00e9 studio at an affordable price. Buy now!\",\"breadcrumb\":{\"@id\":\"https:\/\/360photoboothpro.eu\/cs\/produkt\/sada-2-x-24w-led-svetla-s-stativem-pro-foto-studio\/#breadcrumb\"},\"inLanguage\":\"cs\",\"potentialAction\":[{\"@type\":\"ReadAction\",\"target\":[\"https:\/\/360photoboothpro.eu\/cs\/produkt\/sada-2-x-24w-led-svetla-s-stativem-pro-foto-studio\/\"]}]},{\"@type\":\"ImageObject\",\"inLanguage\":\"cs\",\"@id\":\"https:\/\/360photoboothpro.eu\/cs\/produkt\/sada-2-x-24w-led-svetla-s-stativem-pro-foto-studio\/#primaryimage\",\"url\":\"https:\/\/360photoboothpro.eu\/wp-content\/uploads\/2023\/04\/Set-of-2-24W-LED-lights-with-tripod-for-photo-studio.webp\",\"contentUrl\":\"https:\/\/360photoboothpro.eu\/wp-content\/uploads\/2023\/04\/Set-of-2-24W-LED-lights-with-tripod-for-photo-studio.webp\",\"width\":960,\"height\":960,\"caption\":\"Set of 2 x 24W LED lights, with tripod, for photo studio\"},{\"@type\":\"BreadcrumbList\",\"@id\":\"https:\/\/360photoboothpro.eu\/cs\/produkt\/sada-2-x-24w-led-svetla-s-stativem-pro-foto-studio\/#breadcrumb\",\"itemListElement\":[{\"@type\":\"ListItem\",\"position\":1,\"name\":\"Home\",\"item\":\"https:\/\/360photoboothpro.eu\/cs\/\"},{\"@type\":\"ListItem\",\"position\":2,\"name\":\"Obchod\",\"item\":\"https:\/\/360photoboothpro.eu\/cs\/obchod\/\"},{\"@type\":\"ListItem\",\"position\":3,\"name\":\"Sada 2 x 24W LED sv\u011btel se stativem pro fotografick\u00e9 studio\"}]},{\"@type\":\"WebSite\",\"@id\":\"https:\/\/360photoboothpro.eu\/cs\/#website\",\"url\":\"https:\/\/360photoboothpro.eu\/cs\/\",\"name\":\"360PhotoBoothPRO\",\"description\":\"360PhotoBoothPRO\",\"publisher\":{\"@id\":\"https:\/\/360photoboothpro.eu\/cs\/#organization\"},\"potentialAction\":[{\"@type\":\"SearchAction\",\"target\":{\"@type\":\"EntryPoint\",\"urlTemplate\":\"https:\/\/360photoboothpro.eu\/cs\/?s={search_term_string}\"},\"query-input\":{\"@type\":\"PropertyValueSpecification\",\"valueRequired\":true,\"valueName\":\"search_term_string\"}}],\"inLanguage\":\"cs\"},{\"@type\":\"Organization\",\"@id\":\"https:\/\/360photoboothpro.eu\/cs\/#organization\",\"name\":\"360PhotoBoothPRO\",\"url\":\"https:\/\/360photoboothpro.eu\/cs\/\",\"logo\":{\"@type\":\"ImageObject\",\"inLanguage\":\"cs\",\"@id\":\"https:\/\/360photoboothpro.eu\/cs\/#\/schema\/logo\/image\/\",\"url\":\"https:\/\/360photoboothpro.eu\/wp-content\/uploads\/2023\/03\/logo-360photoboothpro-favicon.png\",\"contentUrl\":\"https:\/\/360photoboothpro.eu\/wp-content\/uploads\/2023\/03\/logo-360photoboothpro-favicon.png\",\"width\":317,\"height\":317,\"caption\":\"360PhotoBoothPRO\"},\"image\":{\"@id\":\"https:\/\/360photoboothpro.eu\/cs\/#\/schema\/logo\/image\/\"},\"sameAs\":[\"https:\/\/www.facebook.com\/360PhotoBoothPRO.Canada\/\"]}]}<\/script>\n<!-- \/ Yoast SEO plugin. -->","yoast_head_json":{"title":"Sada 2 x 24W LED sv\u011btel se stativem pro fotografick\u00e9 studio - 360PhotoBoothPRO","description":"Photo Booth PRO is an online store where you can buy quality Sada 2 x 24W LED sv\u011btel se stativem pro fotografick\u00e9 studio at an affordable price. Buy now!","robots":{"index":"index","follow":"follow","max-snippet":"max-snippet:-1","max-image-preview":"max-image-preview:large","max-video-preview":"max-video-preview:-1"},"canonical":"https:\/\/360photoboothpro.eu\/cs\/produkt\/sada-2-x-24w-led-svetla-s-stativem-pro-foto-studio\/","og_locale":"cs_CZ","og_type":"article","og_title":"Sada 2 x 24W LED sv\u011btel se stativem pro fotografick\u00e9 studio - 360PhotoBoothPRO","og_description":"Photo Booth PRO is an online store where you can buy quality Sada 2 x 24W LED sv\u011btel se stativem pro fotografick\u00e9 studio at an affordable price. Buy now!","og_url":"https:\/\/360photoboothpro.eu\/cs\/produkt\/sada-2-x-24w-led-svetla-s-stativem-pro-foto-studio\/","og_site_name":"360PhotoBoothPRO","article_publisher":"https:\/\/www.facebook.com\/360PhotoBoothPRO.Canada\/","article_modified_time":"2025-06-08T07:11:17+00:00","og_image":[{"url":"https:\/\/360photoboothpro.eu\/wp-content\/uploads\/2023\/04\/set-2-led-lights-with-tripod-social.jpg"}],"twitter_card":"summary_large_image","twitter_misc":{"Odhadovan\u00e1 doba \u010dten\u00ed":"1 minuta"},"schema":{"@context":"https:\/\/schema.org","@graph":[{"@type":"WebPage","@id":"https:\/\/360photoboothpro.eu\/cs\/produkt\/sada-2-x-24w-led-svetla-s-stativem-pro-foto-studio\/","url":"https:\/\/360photoboothpro.eu\/cs\/produkt\/sada-2-x-24w-led-svetla-s-stativem-pro-foto-studio\/","name":"Sada 2 x 24W LED sv\u011btel se stativem pro fotografick\u00e9 studio - 360PhotoBoothPRO","isPartOf":{"@id":"https:\/\/360photoboothpro.eu\/cs\/#website"},"primaryImageOfPage":{"@id":"https:\/\/360photoboothpro.eu\/cs\/produkt\/sada-2-x-24w-led-svetla-s-stativem-pro-foto-studio\/#primaryimage"},"image":{"@id":"https:\/\/360photoboothpro.eu\/cs\/produkt\/sada-2-x-24w-led-svetla-s-stativem-pro-foto-studio\/#primaryimage"},"thumbnailUrl":"https:\/\/360photoboothpro.eu\/wp-content\/uploads\/2023\/04\/Set-of-2-24W-LED-lights-with-tripod-for-photo-studio.webp","datePublished":"2023-04-12T06:09:35+00:00","dateModified":"2025-06-08T07:11:17+00:00","description":"Photo Booth PRO is an online store where you can buy quality Sada 2 x 24W LED sv\u011btel se stativem pro fotografick\u00e9 studio at an affordable price. Buy now!","breadcrumb":{"@id":"https:\/\/360photoboothpro.eu\/cs\/produkt\/sada-2-x-24w-led-svetla-s-stativem-pro-foto-studio\/#breadcrumb"},"inLanguage":"cs","potentialAction":[{"@type":"ReadAction","target":["https:\/\/360photoboothpro.eu\/cs\/produkt\/sada-2-x-24w-led-svetla-s-stativem-pro-foto-studio\/"]}]},{"@type":"ImageObject","inLanguage":"cs","@id":"https:\/\/360photoboothpro.eu\/cs\/produkt\/sada-2-x-24w-led-svetla-s-stativem-pro-foto-studio\/#primaryimage","url":"https:\/\/360photoboothpro.eu\/wp-content\/uploads\/2023\/04\/Set-of-2-24W-LED-lights-with-tripod-for-photo-studio.webp","contentUrl":"https:\/\/360photoboothpro.eu\/wp-content\/uploads\/2023\/04\/Set-of-2-24W-LED-lights-with-tripod-for-photo-studio.webp","width":960,"height":960,"caption":"Set of 2 x 24W LED lights, with tripod, for photo studio"},{"@type":"BreadcrumbList","@id":"https:\/\/360photoboothpro.eu\/cs\/produkt\/sada-2-x-24w-led-svetla-s-stativem-pro-foto-studio\/#breadcrumb","itemListElement":[{"@type":"ListItem","position":1,"name":"Home","item":"https:\/\/360photoboothpro.eu\/cs\/"},{"@type":"ListItem","position":2,"name":"Obchod","item":"https:\/\/360photoboothpro.eu\/cs\/obchod\/"},{"@type":"ListItem","position":3,"name":"Sada 2 x 24W LED sv\u011btel se stativem pro fotografick\u00e9 studio"}]},{"@type":"WebSite","@id":"https:\/\/360photoboothpro.eu\/cs\/#website","url":"https:\/\/360photoboothpro.eu\/cs\/","name":"360PhotoBoothPRO","description":"360PhotoBoothPRO","publisher":{"@id":"https:\/\/360photoboothpro.eu\/cs\/#organization"},"potentialAction":[{"@type":"SearchAction","target":{"@type":"EntryPoint","urlTemplate":"https:\/\/360photoboothpro.eu\/cs\/?s={search_term_string}"},"query-input":{"@type":"PropertyValueSpecification","valueRequired":true,"valueName":"search_term_string"}}],"inLanguage":"cs"},{"@type":"Organization","@id":"https:\/\/360photoboothpro.eu\/cs\/#organization","name":"360PhotoBoothPRO","url":"https:\/\/360photoboothpro.eu\/cs\/","logo":{"@type":"ImageObject","inLanguage":"cs","@id":"https:\/\/360photoboothpro.eu\/cs\/#\/schema\/logo\/image\/","url":"https:\/\/360photoboothpro.eu\/wp-content\/uploads\/2023\/03\/logo-360photoboothpro-favicon.png","contentUrl":"https:\/\/360photoboothpro.eu\/wp-content\/uploads\/2023\/03\/logo-360photoboothpro-favicon.png","width":317,"height":317,"caption":"360PhotoBoothPRO"},"image":{"@id":"https:\/\/360photoboothpro.eu\/cs\/#\/schema\/logo\/image\/"},"sameAs":["https:\/\/www.facebook.com\/360PhotoBoothPRO.Canada\/"]}]}},"_links":{"self":[{"href":"https:\/\/360photoboothpro.eu\/cs\/wp-json\/wp\/v2\/product\/7745"}],"collection":[{"href":"https:\/\/360photoboothpro.eu\/cs\/wp-json\/wp\/v2\/product"}],"about":[{"href":"https:\/\/360photoboothpro.eu\/cs\/wp-json\/wp\/v2\/types\/product"}],"replies":[{"embeddable":true,"href":"https:\/\/360photoboothpro.eu\/cs\/wp-json\/wp\/v2\/comments?post=7745"}],"wp:featuredmedia":[{"embeddable":true,"href":"https:\/\/360photoboothpro.eu\/cs\/wp-json\/wp\/v2\/media\/7102"}],"wp:attachment":[{"href":"https:\/\/360photoboothpro.eu\/cs\/wp-json\/wp\/v2\/media?parent=7745"}],"wp:term":[{"taxonomy":"product_cat","embeddable":true,"href":"https:\/\/360photoboothpro.eu\/cs\/wp-json\/wp\/v2\/product_cat?post=7745"},{"taxonomy":"product_tag","embeddable":true,"href":"https:\/\/360photoboothpro.eu\/cs\/wp-json\/wp\/v2\/product_tag?post=7745"}],"curies":[{"name":"wp","href":"https:\/\/api.w.org\/{rel}","templated":true}]}}