{"id":7877,"date":"2023-04-12T06:44:23","date_gmt":"2023-04-12T04:44:23","guid":{"rendered":"https:\/\/360photoboothpro.eu\/product\/skrinka-krop-s-led-svetly-pro-360-fotostanek-pro\/"},"modified":"2024-08-10T00:37:35","modified_gmt":"2024-08-09T22:37:35","slug":"skrinka-krop-s-led-svetly-pro-360-fotostanek-pro","status":"publish","type":"product","link":"https:\/\/360photoboothpro.eu\/cs\/produkt\/skrinka-krop-s-led-svetly-pro-360-fotostanek-pro\/","title":{"rendered":"Sk\u0159\u00ed\u0148ov\u00e9 pozad\u00ed s LED sv\u011btly pro 360 Photo Booth PRO"},"content":{"rendered":"<p>Ohrazen\u00e9 pozad\u00ed s led sv\u011btly pro platformu 360 Photo Booth PRO.<\/p>\n<p>Nap\u00ednan\u00fd materi\u00e1l, kter\u00fd lze na kovov\u00e9 konstrukci p\u0159izp\u016fsobit logu va\u0161\u00ed spole\u010dnosti.<\/p>\n<p>V\u00fd\u0161ka: 94,5&#8243;<br \/>\nPr\u016fm\u011br: 118&#8243;<br \/>\nP\u0159\u00edstupov\u00e1 oblast: 31.5&#8243;<\/p>\n<p>Sv\u011btla RGB LED lze ovl\u00e1dat pomoc\u00ed d\u00e1lkov\u00e9ho ovlada\u010de.<\/p>\n<p>P\u0159enosn\u00e1 ta\u0161ka je sou\u010d\u00e1st\u00ed balen\u00ed.<\/p>\n","protected":false},"excerpt":{"rendered":"<p id=\"tw-target-text\" class=\"tw-data-text tw-text-large tw-ta\" dir=\"ltr\" data-placeholder=\"Traducere\"><span class=\"Y2IQFc\" lang=\"en\">Chcete-li zobrazit cenu, vyberte po\u017eadovan\u00e9 mo\u017enosti z n\u00ed\u017ee uveden\u00e9ho seznamu:<\/span><\/p>\n","protected":false},"featured_media":6976,"comment_status":"open","ping_status":"closed","template":"","meta":{"_acf_changed":false},"product_cat":[513,346],"product_tag":[461],"class_list":{"0":"post-7877","1":"product","2":"type-product","3":"status-publish","4":"has-post-thumbnail","6":"product_cat-pozadi-skrine","7":"product_cat-prislusenstvi","8":"product_tag-ohrazene-pozadi-pro-360-photo-booth-pro","10":"first","11":"instock","12":"taxable","13":"shipping-taxable","14":"purchasable","15":"product-type-variable"},"acf":[],"yoast_head":"<!-- This site is optimized with the Yoast SEO plugin v23.5 - https:\/\/yoast.com\/wordpress\/plugins\/seo\/ -->\n<title>Sk\u0159\u00ed\u0148ov\u00e9 pozad\u00ed s LED sv\u011btly pro 360 Photo Booth PRO - 360PhotoBoothPRO<\/title>\n<meta name=\"description\" content=\"Photo Booth PRO is an online store where you can buy quality Sk\u0159\u00ed\u0148ov\u00e9 pozad\u00ed s LED sv\u011btly pro 360 Photo Booth PRO at an affordable price. Buy now!\" \/>\n<meta name=\"robots\" content=\"index, follow, max-snippet:-1, max-image-preview:large, max-video-preview:-1\" \/>\n<link rel=\"canonical\" href=\"https:\/\/360photoboothpro.eu\/cs\/produkt\/skrinka-krop-s-led-svetly-pro-360-fotostanek-pro\/\" \/>\n<meta property=\"og:locale\" content=\"cs_CZ\" \/>\n<meta property=\"og:type\" content=\"article\" \/>\n<meta property=\"og:title\" content=\"Sk\u0159\u00ed\u0148ov\u00e9 pozad\u00ed s LED sv\u011btly pro 360 Photo Booth PRO - 360PhotoBoothPRO\" \/>\n<meta property=\"og:description\" content=\"Photo Booth PRO is an online store where you can buy quality Sk\u0159\u00ed\u0148ov\u00e9 pozad\u00ed s LED sv\u011btly pro 360 Photo Booth PRO at an affordable price. Buy now!\" \/>\n<meta property=\"og:url\" content=\"https:\/\/360photoboothpro.eu\/cs\/produkt\/skrinka-krop-s-led-svetly-pro-360-fotostanek-pro\/\" \/>\n<meta property=\"og:site_name\" content=\"360PhotoBoothPRO\" \/>\n<meta property=\"article:publisher\" content=\"https:\/\/www.facebook.com\/360PhotoBoothPRO.Canada\/\" \/>\n<meta property=\"article:modified_time\" content=\"2024-08-09T22:37:35+00:00\" \/>\n<meta property=\"og:image\" content=\"https:\/\/360photoboothpro.eu\/wp-content\/uploads\/2023\/04\/backdrop-led-360-photobooth-enclosure-social.jpg\" \/>\n<meta name=\"twitter:card\" content=\"summary_large_image\" \/>\n<script type=\"application\/ld+json\" class=\"yoast-schema-graph\">{\"@context\":\"https:\/\/schema.org\",\"@graph\":[{\"@type\":\"WebPage\",\"@id\":\"https:\/\/360photoboothpro.eu\/cs\/produkt\/skrinka-krop-s-led-svetly-pro-360-fotostanek-pro\/\",\"url\":\"https:\/\/360photoboothpro.eu\/cs\/produkt\/skrinka-krop-s-led-svetly-pro-360-fotostanek-pro\/\",\"name\":\"Sk\u0159\u00ed\u0148ov\u00e9 pozad\u00ed s LED sv\u011btly pro 360 Photo Booth PRO - 360PhotoBoothPRO\",\"isPartOf\":{\"@id\":\"https:\/\/360photoboothpro.eu\/cs\/#website\"},\"primaryImageOfPage\":{\"@id\":\"https:\/\/360photoboothpro.eu\/cs\/produkt\/skrinka-krop-s-led-svetly-pro-360-fotostanek-pro\/#primaryimage\"},\"image\":{\"@id\":\"https:\/\/360photoboothpro.eu\/cs\/produkt\/skrinka-krop-s-led-svetly-pro-360-fotostanek-pro\/#primaryimage\"},\"thumbnailUrl\":\"https:\/\/360photoboothpro.eu\/wp-content\/uploads\/2023\/04\/enclosure-backdrop-with-led-lights-2.webp\",\"datePublished\":\"2023-04-12T04:44:23+00:00\",\"dateModified\":\"2024-08-09T22:37:35+00:00\",\"description\":\"Photo Booth PRO is an online store where you can buy quality Sk\u0159\u00ed\u0148ov\u00e9 pozad\u00ed s LED sv\u011btly pro 360 Photo Booth PRO at an affordable price. Buy now!\",\"breadcrumb\":{\"@id\":\"https:\/\/360photoboothpro.eu\/cs\/produkt\/skrinka-krop-s-led-svetly-pro-360-fotostanek-pro\/#breadcrumb\"},\"inLanguage\":\"cs\",\"potentialAction\":[{\"@type\":\"ReadAction\",\"target\":[\"https:\/\/360photoboothpro.eu\/cs\/produkt\/skrinka-krop-s-led-svetly-pro-360-fotostanek-pro\/\"]}]},{\"@type\":\"ImageObject\",\"inLanguage\":\"cs\",\"@id\":\"https:\/\/360photoboothpro.eu\/cs\/produkt\/skrinka-krop-s-led-svetly-pro-360-fotostanek-pro\/#primaryimage\",\"url\":\"https:\/\/360photoboothpro.eu\/wp-content\/uploads\/2023\/04\/enclosure-backdrop-with-led-lights-2.webp\",\"contentUrl\":\"https:\/\/360photoboothpro.eu\/wp-content\/uploads\/2023\/04\/enclosure-backdrop-with-led-lights-2.webp\",\"width\":709,\"height\":709,\"caption\":\"enclosure backdrop with led lights for 360 photo booth platform\"},{\"@type\":\"BreadcrumbList\",\"@id\":\"https:\/\/360photoboothpro.eu\/cs\/produkt\/skrinka-krop-s-led-svetly-pro-360-fotostanek-pro\/#breadcrumb\",\"itemListElement\":[{\"@type\":\"ListItem\",\"position\":1,\"name\":\"Home\",\"item\":\"https:\/\/360photoboothpro.eu\/cs\/\"},{\"@type\":\"ListItem\",\"position\":2,\"name\":\"Obchod\",\"item\":\"https:\/\/360photoboothpro.eu\/cs\/obchod\/\"},{\"@type\":\"ListItem\",\"position\":3,\"name\":\"Sk\u0159\u00ed\u0148ov\u00e9 pozad\u00ed s LED sv\u011btly pro 360 Photo Booth PRO\"}]},{\"@type\":\"WebSite\",\"@id\":\"https:\/\/360photoboothpro.eu\/cs\/#website\",\"url\":\"https:\/\/360photoboothpro.eu\/cs\/\",\"name\":\"360PhotoBoothPRO\",\"description\":\"360PhotoBoothPRO\",\"publisher\":{\"@id\":\"https:\/\/360photoboothpro.eu\/cs\/#organization\"},\"potentialAction\":[{\"@type\":\"SearchAction\",\"target\":{\"@type\":\"EntryPoint\",\"urlTemplate\":\"https:\/\/360photoboothpro.eu\/cs\/?s={search_term_string}\"},\"query-input\":{\"@type\":\"PropertyValueSpecification\",\"valueRequired\":true,\"valueName\":\"search_term_string\"}}],\"inLanguage\":\"cs\"},{\"@type\":\"Organization\",\"@id\":\"https:\/\/360photoboothpro.eu\/cs\/#organization\",\"name\":\"360PhotoBoothPRO\",\"url\":\"https:\/\/360photoboothpro.eu\/cs\/\",\"logo\":{\"@type\":\"ImageObject\",\"inLanguage\":\"cs\",\"@id\":\"https:\/\/360photoboothpro.eu\/cs\/#\/schema\/logo\/image\/\",\"url\":\"https:\/\/360photoboothpro.eu\/wp-content\/uploads\/2023\/03\/logo-360photoboothpro-favicon.png\",\"contentUrl\":\"https:\/\/360photoboothpro.eu\/wp-content\/uploads\/2023\/03\/logo-360photoboothpro-favicon.png\",\"width\":317,\"height\":317,\"caption\":\"360PhotoBoothPRO\"},\"image\":{\"@id\":\"https:\/\/360photoboothpro.eu\/cs\/#\/schema\/logo\/image\/\"},\"sameAs\":[\"https:\/\/www.facebook.com\/360PhotoBoothPRO.Canada\/\"]}]}<\/script>\n<!-- \/ Yoast SEO plugin. -->","yoast_head_json":{"title":"Sk\u0159\u00ed\u0148ov\u00e9 pozad\u00ed s LED sv\u011btly pro 360 Photo Booth PRO - 360PhotoBoothPRO","description":"Photo Booth PRO is an online store where you can buy quality Sk\u0159\u00ed\u0148ov\u00e9 pozad\u00ed s LED sv\u011btly pro 360 Photo Booth PRO at an affordable price. Buy now!","robots":{"index":"index","follow":"follow","max-snippet":"max-snippet:-1","max-image-preview":"max-image-preview:large","max-video-preview":"max-video-preview:-1"},"canonical":"https:\/\/360photoboothpro.eu\/cs\/produkt\/skrinka-krop-s-led-svetly-pro-360-fotostanek-pro\/","og_locale":"cs_CZ","og_type":"article","og_title":"Sk\u0159\u00ed\u0148ov\u00e9 pozad\u00ed s LED sv\u011btly pro 360 Photo Booth PRO - 360PhotoBoothPRO","og_description":"Photo Booth PRO is an online store where you can buy quality Sk\u0159\u00ed\u0148ov\u00e9 pozad\u00ed s LED sv\u011btly pro 360 Photo Booth PRO at an affordable price. Buy now!","og_url":"https:\/\/360photoboothpro.eu\/cs\/produkt\/skrinka-krop-s-led-svetly-pro-360-fotostanek-pro\/","og_site_name":"360PhotoBoothPRO","article_publisher":"https:\/\/www.facebook.com\/360PhotoBoothPRO.Canada\/","article_modified_time":"2024-08-09T22:37:35+00:00","og_image":[{"url":"https:\/\/360photoboothpro.eu\/wp-content\/uploads\/2023\/04\/backdrop-led-360-photobooth-enclosure-social.jpg"}],"twitter_card":"summary_large_image","schema":{"@context":"https:\/\/schema.org","@graph":[{"@type":"WebPage","@id":"https:\/\/360photoboothpro.eu\/cs\/produkt\/skrinka-krop-s-led-svetly-pro-360-fotostanek-pro\/","url":"https:\/\/360photoboothpro.eu\/cs\/produkt\/skrinka-krop-s-led-svetly-pro-360-fotostanek-pro\/","name":"Sk\u0159\u00ed\u0148ov\u00e9 pozad\u00ed s LED sv\u011btly pro 360 Photo Booth PRO - 360PhotoBoothPRO","isPartOf":{"@id":"https:\/\/360photoboothpro.eu\/cs\/#website"},"primaryImageOfPage":{"@id":"https:\/\/360photoboothpro.eu\/cs\/produkt\/skrinka-krop-s-led-svetly-pro-360-fotostanek-pro\/#primaryimage"},"image":{"@id":"https:\/\/360photoboothpro.eu\/cs\/produkt\/skrinka-krop-s-led-svetly-pro-360-fotostanek-pro\/#primaryimage"},"thumbnailUrl":"https:\/\/360photoboothpro.eu\/wp-content\/uploads\/2023\/04\/enclosure-backdrop-with-led-lights-2.webp","datePublished":"2023-04-12T04:44:23+00:00","dateModified":"2024-08-09T22:37:35+00:00","description":"Photo Booth PRO is an online store where you can buy quality Sk\u0159\u00ed\u0148ov\u00e9 pozad\u00ed s LED sv\u011btly pro 360 Photo Booth PRO at an affordable price. Buy now!","breadcrumb":{"@id":"https:\/\/360photoboothpro.eu\/cs\/produkt\/skrinka-krop-s-led-svetly-pro-360-fotostanek-pro\/#breadcrumb"},"inLanguage":"cs","potentialAction":[{"@type":"ReadAction","target":["https:\/\/360photoboothpro.eu\/cs\/produkt\/skrinka-krop-s-led-svetly-pro-360-fotostanek-pro\/"]}]},{"@type":"ImageObject","inLanguage":"cs","@id":"https:\/\/360photoboothpro.eu\/cs\/produkt\/skrinka-krop-s-led-svetly-pro-360-fotostanek-pro\/#primaryimage","url":"https:\/\/360photoboothpro.eu\/wp-content\/uploads\/2023\/04\/enclosure-backdrop-with-led-lights-2.webp","contentUrl":"https:\/\/360photoboothpro.eu\/wp-content\/uploads\/2023\/04\/enclosure-backdrop-with-led-lights-2.webp","width":709,"height":709,"caption":"enclosure backdrop with led lights for 360 photo booth platform"},{"@type":"BreadcrumbList","@id":"https:\/\/360photoboothpro.eu\/cs\/produkt\/skrinka-krop-s-led-svetly-pro-360-fotostanek-pro\/#breadcrumb","itemListElement":[{"@type":"ListItem","position":1,"name":"Home","item":"https:\/\/360photoboothpro.eu\/cs\/"},{"@type":"ListItem","position":2,"name":"Obchod","item":"https:\/\/360photoboothpro.eu\/cs\/obchod\/"},{"@type":"ListItem","position":3,"name":"Sk\u0159\u00ed\u0148ov\u00e9 pozad\u00ed s LED sv\u011btly pro 360 Photo Booth PRO"}]},{"@type":"WebSite","@id":"https:\/\/360photoboothpro.eu\/cs\/#website","url":"https:\/\/360photoboothpro.eu\/cs\/","name":"360PhotoBoothPRO","description":"360PhotoBoothPRO","publisher":{"@id":"https:\/\/360photoboothpro.eu\/cs\/#organization"},"potentialAction":[{"@type":"SearchAction","target":{"@type":"EntryPoint","urlTemplate":"https:\/\/360photoboothpro.eu\/cs\/?s={search_term_string}"},"query-input":{"@type":"PropertyValueSpecification","valueRequired":true,"valueName":"search_term_string"}}],"inLanguage":"cs"},{"@type":"Organization","@id":"https:\/\/360photoboothpro.eu\/cs\/#organization","name":"360PhotoBoothPRO","url":"https:\/\/360photoboothpro.eu\/cs\/","logo":{"@type":"ImageObject","inLanguage":"cs","@id":"https:\/\/360photoboothpro.eu\/cs\/#\/schema\/logo\/image\/","url":"https:\/\/360photoboothpro.eu\/wp-content\/uploads\/2023\/03\/logo-360photoboothpro-favicon.png","contentUrl":"https:\/\/360photoboothpro.eu\/wp-content\/uploads\/2023\/03\/logo-360photoboothpro-favicon.png","width":317,"height":317,"caption":"360PhotoBoothPRO"},"image":{"@id":"https:\/\/360photoboothpro.eu\/cs\/#\/schema\/logo\/image\/"},"sameAs":["https:\/\/www.facebook.com\/360PhotoBoothPRO.Canada\/"]}]}},"_links":{"self":[{"href":"https:\/\/360photoboothpro.eu\/cs\/wp-json\/wp\/v2\/product\/7877"}],"collection":[{"href":"https:\/\/360photoboothpro.eu\/cs\/wp-json\/wp\/v2\/product"}],"about":[{"href":"https:\/\/360photoboothpro.eu\/cs\/wp-json\/wp\/v2\/types\/product"}],"replies":[{"embeddable":true,"href":"https:\/\/360photoboothpro.eu\/cs\/wp-json\/wp\/v2\/comments?post=7877"}],"wp:featuredmedia":[{"embeddable":true,"href":"https:\/\/360photoboothpro.eu\/cs\/wp-json\/wp\/v2\/media\/6976"}],"wp:attachment":[{"href":"https:\/\/360photoboothpro.eu\/cs\/wp-json\/wp\/v2\/media?parent=7877"}],"wp:term":[{"taxonomy":"product_cat","embeddable":true,"href":"https:\/\/360photoboothpro.eu\/cs\/wp-json\/wp\/v2\/product_cat?post=7877"},{"taxonomy":"product_tag","embeddable":true,"href":"https:\/\/360photoboothpro.eu\/cs\/wp-json\/wp\/v2\/product_tag?post=7877"}],"curies":[{"name":"wp","href":"https:\/\/api.w.org\/{rel}","templated":true}]}}