{"id":8893,"date":"2023-04-11T11:18:04","date_gmt":"2023-04-11T09:18:04","guid":{"rendered":"https:\/\/360photoboothpro.eu\/product\/360-photo-booth-pro-80-cm-automatic-metal-round-shape-360-camera-booth-360-video-booth\/"},"modified":"2025-09-25T15:55:07","modified_gmt":"2025-09-25T13:55:07","slug":"360-photo-booth-pro-80-cm-automatic-metal-round-shape-360-camera-booth-360-video-booth","status":"publish","type":"product","link":"https:\/\/360photoboothpro.eu\/cs\/produkt\/360-photo-booth-pro-80-cm-automatic-metal-round-shape-360-camera-booth-360-video-booth\/","title":{"rendered":"360 Photo Booth PRO &#8211; 80cm AUTOMATIC Metal Round Shape (360 camera booth, 360 video booth)"},"content":{"rendered":"<p id=\"tw-target-text\" class=\"tw-data-text tw-text-large tw-ta\" dir=\"ltr\" data-placeholder=\"Traducere\"><span class=\"Y2IQFc\" lang=\"en\">360 Photo Booth PRO 80cm na prodej (poskytujeme TECHNICKOU PODPORU pro uveden\u00ed do provozu).<\/span><\/p>\n<p><span class=\"Y2IQFc\" lang=\"en\">STANDARDN\u00cd PLATFORMA: platforma 360 Photo Booth PRO: viz podrobn\u00fd POPIS.<\/span><\/p>\n<p>&nbsp;<\/p>\n<p id=\"tw-target-text\" class=\"tw-data-text tw-text-large tw-ta\" dir=\"ltr\" data-placeholder=\"Traducere\"><span class=\"Y2IQFc\" lang=\"en\">V &#8222;STANDARDN\u00cdM&#8220; BALEN\u00cd 360 Photo Booth PRO &#8211; 80cm Automatick\u00fd kovov\u00fd kulat\u00fd tvar (PR\u016eM\u011aR 80cm\/ KAPACITA 1-3 OSOBY, max. 450kg\/ HMOTNOST 25,9kg) OBSAHUJE:<\/span><\/p>\n<style>.elementor-8886 .elementor-element.elementor-element-b8e0d4b .elementor-icon-list-items:not(.elementor-inline-items) .elementor-icon-list-item:not(:last-child){padding-bottom:calc(10px\/2);}.elementor-8886 .elementor-element.elementor-element-b8e0d4b .elementor-icon-list-items:not(.elementor-inline-items) .elementor-icon-list-item:not(:first-child){margin-top:calc(10px\/2);}.elementor-8886 .elementor-element.elementor-element-b8e0d4b .elementor-icon-list-items.elementor-inline-items .elementor-icon-list-item{margin-right:calc(10px\/2);margin-left:calc(10px\/2);}.elementor-8886 .elementor-element.elementor-element-b8e0d4b .elementor-icon-list-items.elementor-inline-items{margin-right:calc(-10px\/2);margin-left:calc(-10px\/2);}body.rtl .elementor-8886 .elementor-element.elementor-element-b8e0d4b .elementor-icon-list-items.elementor-inline-items .elementor-icon-list-item:after{left:calc(-10px\/2);}body:not(.rtl) .elementor-8886 .elementor-element.elementor-element-b8e0d4b .elementor-icon-list-items.elementor-inline-items .elementor-icon-list-item:after{right:calc(-10px\/2);}.elementor-8886 .elementor-element.elementor-element-b8e0d4b .elementor-icon-list-icon i{color:#61CE70;transition:color 0.3s;}.elementor-8886 .elementor-element.elementor-element-b8e0d4b .elementor-icon-list-icon svg{fill:#61CE70;transition:fill 0.3s;}.elementor-8886 .elementor-element.elementor-element-b8e0d4b .elementor-icon-list-item:hover .elementor-icon-list-icon i{color:#6EC1E4;}.elementor-8886 .elementor-element.elementor-element-b8e0d4b .elementor-icon-list-item:hover .elementor-icon-list-icon svg{fill:#6EC1E4;}.elementor-8886 .elementor-element.elementor-element-b8e0d4b{--e-icon-list-icon-size:29px;--icon-vertical-offset:0px;}.elementor-8886 .elementor-element.elementor-element-b8e0d4b .elementor-icon-list-text{transition:color 0.3s;}<\/style><div class=\"porto-block elementor elementor-8886\" data-id=\"8886\">\t\t<section class=\"elementor-section elementor-top-section elementor-element elementor-element-11652cb elementor-section-boxed elementor-section-height-default elementor-section-height-default\" data-id=\"11652cb\" data-element_type=\"section\">\r\n\t\t\r\n\t\t\t\t\t\t\t<div class=\"elementor-container elementor-column-gap-default\">\r\n\t\t\t\t\t\t\t\t\t\t\t<div class=\"elementor-column elementor-col-100 elementor-top-column elementor-element elementor-element-d6a5b4c\" data-id=\"d6a5b4c\" data-element_type=\"column\">\r\n\t\t\t\t\t<div class=\"elementor-widget-wrap elementor-element-populated\">\r\n\t\t\t\t\t\t\t\t<div class=\"elementor-element elementor-element-b8e0d4b elementor-icon-list--layout-traditional elementor-list-item-link-full_width elementor-widget elementor-widget-icon-list\" data-id=\"b8e0d4b\" data-element_type=\"widget\" data-widget_type=\"icon-list.default\">\n\t\t\t\t<div class=\"elementor-widget-container\">\n\t\t\t\t\t<ul class=\"elementor-icon-list-items\">\n\t\t\t\t\t\t\t<li class=\"elementor-icon-list-item\">\n\t\t\t\t\t\t\t\t\t\t\t<span class=\"elementor-icon-list-icon\">\n\t\t\t\t\t\t\t<i aria-hidden=\"true\" class=\"fas fa-check\"><\/i>\t\t\t\t\t\t<\/span>\n\t\t\t\t\t\t\t\t\t\t<span class=\"elementor-icon-list-text\">KOVOV\u00c1 PLATFORMA pr\u00e9miov\u00e9 kvality, kulat\u00e9ho tvaru, V\u00dd\u0160KA 16 cm, vyroben\u00e1 s maxim\u00e1ln\u00edm d\u016frazem na detaily, navr\u017een\u00e1 pomoc\u00ed CAD, s laserem vy\u0159ezan\u00fdmi a ru\u010dn\u011b sestaven\u00fdmi sou\u010d\u00e1stmi. V\u0161echny elektronick\u00e9 prvky jsou z d\u016fvodu ochrany a bezpe\u010dnosti p\u0159i provozu zapouzd\u0159eny. Odoln\u00e1 konstrukce plo\u0161iny je vyrobena z kovov\u00fdch profil\u016f, kter\u00e9 j\u00ed dod\u00e1vaj\u00ed vysokou odolnost proti zat\u00ed\u017een\u00ed. Horn\u00ed \u010d\u00e1st je kovov\u00e1 a je velmi odoln\u00e1.<\/span>\n\t\t\t\t\t\t\t\t\t<\/li>\n\t\t\t\t\t\t\t\t<li class=\"elementor-icon-list-item\">\n\t\t\t\t\t\t\t\t\t\t\t<span class=\"elementor-icon-list-icon\">\n\t\t\t\t\t\t\t<i aria-hidden=\"true\" class=\"fas fa-check\"><\/i>\t\t\t\t\t\t<\/span>\n\t\t\t\t\t\t\t\t\t\t<span class=\"elementor-icon-list-text\">KOVOV\u00dd MOTOR pr\u016fmyslov\u00e9ho typu s \u0159emenov\u00fdm p\u0159evodem, kter\u00fd je vybaven syst\u00e9mem proti smyku. Motor je tak\u00e9 chr\u00e1n\u011bn proti ot\u0159es\u016fm (v p\u0159\u00edpad\u011b, \u017ee rotuj\u00edc\u00ed rameno naraz\u00ed na p\u0159ek\u00e1\u017eku).<\/span>\n\t\t\t\t\t\t\t\t\t<\/li>\n\t\t\t\t\t\t\t\t<li class=\"elementor-icon-list-item\">\n\t\t\t\t\t\t\t\t\t\t\t<span class=\"elementor-icon-list-icon\">\n\t\t\t\t\t\t\t<i aria-hidden=\"true\" class=\"fas fa-check\"><\/i>\t\t\t\t\t\t<\/span>\n\t\t\t\t\t\t\t\t\t\t<span class=\"elementor-icon-list-text\">Velmi odoln\u00e9 ROTA\u010cN\u00cd rameno z kovov\u00fdch profil\u016f s D\u00c1LKOV\u00ddM OVL\u00c1D\u00c1N\u00cdM (2 KUSY), kter\u00e9 m\u00e1 pomal\u00fd rozjezd, nastavitelnou rychlost (5 rychlostn\u00edch stup\u0148\u016f) a mo\u017enost m\u011bnit sm\u011br ot\u00e1\u010den\u00ed. Motorizovan\u00e9 rameno m\u00e1 tak\u00e9 NASTAVITELNOU V\u00dd\u0160KU (v rozmez\u00ed 130-190 cm) a NASTAVITELN\u00dd \u00daHEL ZAJI\u0160T\u011aN\u00cd (v rozmez\u00ed 45 a\u017e 135 stup\u0148\u016f). V t\u00e9to nastaviteln\u00e9 verzi mohou plo\u0161inu pou\u017e\u00edvat d\u011bti i dosp\u011bl\u00ed.<\/span>\n\t\t\t\t\t\t\t\t\t<\/li>\n\t\t\t\t\t\t\t\t<li class=\"elementor-icon-list-item\">\n\t\t\t\t\t\t\t\t\t\t\t<span class=\"elementor-icon-list-icon\">\n\t\t\t\t\t\t\t<i aria-hidden=\"true\" class=\"fas fa-check\"><\/i>\t\t\t\t\t\t<\/span>\n\t\t\t\t\t\t\t\t\t\t<span class=\"elementor-icon-list-text\">PODPORA bateri\u00ed;<\/span>\n\t\t\t\t\t\t\t\t\t<\/li>\n\t\t\t\t\t\t\t\t<li class=\"elementor-icon-list-item\">\n\t\t\t\t\t\t\t\t\t\t\t<span class=\"elementor-icon-list-icon\">\n\t\t\t\t\t\t\t<i aria-hidden=\"true\" class=\"fas fa-check\"><\/i>\t\t\t\t\t\t<\/span>\n\t\t\t\t\t\t\t\t\t\t<span class=\"elementor-icon-list-text\">iPhone + iPad +GoPro +DSLR PODPORA;<\/span>\n\t\t\t\t\t\t\t\t\t<\/li>\n\t\t\t\t\t\t\t\t<li class=\"elementor-icon-list-item\">\n\t\t\t\t\t\t\t\t\t\t\t<span class=\"elementor-icon-list-icon\">\n\t\t\t\t\t\t\t<i aria-hidden=\"true\" class=\"fas fa-check\"><\/i>\t\t\t\t\t\t<\/span>\n\t\t\t\t\t\t\t\t\t\t<span class=\"elementor-icon-list-text\">Profesion\u00e1ln\u00ed RING LIGHT (VENKOVN\u00cd PR\u016eM\u011aR 30 cm, VNIT\u0158N\u00cd PR\u016eM\u011aR 23,5 cm, TLOU\u0160\u0164KA KRUHU 3,25 cm), vybaven\u00fd TLA\u010c\u00cdTKEM PRO NASTAVEN\u00cd INTENZITY SV\u011aTLA (10 \u00daROVN\u00cd INTENZITY), s p\u0159\u00edkonem 10 W, kter\u00fd m\u00e1 NASTAVITELNOU TEPLOTU BAREV (mezi 3000 a 6500 stupni Kelvina) a vyza\u0159uje jak TEPL\u00c9 SV\u011aTLO, tak NORM\u00c1LN\u00cd SV\u011aTLO a STUDEN\u00c9 SV\u011aTLO. 184 LED diod (144 STANDARD LED + 40 MAGIC LED) vyza\u0159uje 16 z\u00e1kladn\u00edch barev a 17 re\u017eim\u016f RGB efekt\u016f. Sv\u00edtilna m\u00e1 180 stup\u0148\u016f nastaviteln\u00fd krou\u017eek a kabel USB je dlouh\u00fd 2 metry.<\/span>\n\t\t\t\t\t\t\t\t\t<\/li>\n\t\t\t\t\t\t\t\t<li class=\"elementor-icon-list-item\">\n\t\t\t\t\t\t\t\t\t\t\t<span class=\"elementor-icon-list-icon\">\n\t\t\t\t\t\t\t<i aria-hidden=\"true\" class=\"fas fa-check\"><\/i>\t\t\t\t\t\t<\/span>\n\t\t\t\t\t\t\t\t\t\t<span class=\"elementor-icon-list-text\">ADAPT\u00c9R a nap\u00e1jec\u00ed kabel (d\u00e9lka 2 metry);<\/span>\n\t\t\t\t\t\t\t\t\t<\/li>\n\t\t\t\t\t\t\t\t<li class=\"elementor-icon-list-item\">\n\t\t\t\t\t\t\t\t\t\t\t<span class=\"elementor-icon-list-icon\">\n\t\t\t\t\t\t\t<i aria-hidden=\"true\" class=\"fas fa-check\"><\/i>\t\t\t\t\t\t<\/span>\n\t\t\t\t\t\t\t\t\t\t<span class=\"elementor-icon-list-text\">RGB LED AMBIENTN\u00cd OSV\u011aTLEN\u00cd um\u00edst\u011bn\u00e9 v z\u00e1kladn\u011b plo\u0161iny, odoln\u00e9 v\u016f\u010di vlhkosti, jeho\u017e barvy lze zvolit pomoc\u00ed D\u00c1LKOV\u00c9HO OVL\u00c1D\u00c1N\u00cd. Pomoc\u00ed tohoto LED p\u00e1sku se platforma snadno za\u010dlen\u00ed do prost\u0159ed\u00ed specifick\u00e9ho pro ud\u00e1losti.<\/span>\n\t\t\t\t\t\t\t\t\t<\/li>\n\t\t\t\t\t\t\t\t<li class=\"elementor-icon-list-item\">\n\t\t\t\t\t\t\t\t\t\t\t<span class=\"elementor-icon-list-icon\">\n\t\t\t\t\t\t\t<i aria-hidden=\"true\" class=\"fas fa-check\"><\/i>\t\t\t\t\t\t<\/span>\n\t\t\t\t\t\t\t\t\t\t<span class=\"elementor-icon-list-text\">PODP\u011aRY PRO NASTAVEN\u00cd V\u00dd\u0160KY upevn\u011bn\u00e9 na z\u00e1kladn\u011b plo\u0161iny, kter\u00e9 zvy\u0161uj\u00ed \u00farove\u0148 STABILITY a BEZPE\u010cNOSTI. Aby se zabr\u00e1nilo nestabilit\u011b, je samoz\u0159ejm\u011b nutn\u00e9, aby povrch, na kter\u00e9m je plo\u0161ina um\u00edst\u011bna, byl rovn\u00fd, bez nerovnost\u00ed (v\u017edy je nutn\u00e1 kontrola povrchu, na kter\u00e9m bude plo\u0161ina um\u00edst\u011bna).<\/span>\n\t\t\t\t\t\t\t\t\t<\/li>\n\t\t\t\t\t\t\t\t<li class=\"elementor-icon-list-item\">\n\t\t\t\t\t\t\t\t\t\t\t<span class=\"elementor-icon-list-icon\">\n\t\t\t\t\t\t\t<i aria-hidden=\"true\" class=\"fas fa-check\"><\/i>\t\t\t\t\t\t<\/span>\n\t\t\t\t\t\t\t\t\t\t<span class=\"elementor-icon-list-text\">P\u0159izp\u016fsoben\u00ed platformy pomoc\u00ed laminovan\u00e9ho lepidla s LOGEM a va\u0161imi \u00fadaji;<\/span>\n\t\t\t\t\t\t\t\t\t<\/li>\n\t\t\t\t\t\t\t\t<li class=\"elementor-icon-list-item\">\n\t\t\t\t\t\t\t\t\t\t\t<span class=\"elementor-icon-list-icon\">\n\t\t\t\t\t\t\t<i aria-hidden=\"true\" class=\"fas fa-check\"><\/i>\t\t\t\t\t\t<\/span>\n\t\t\t\t\t\t\t\t\t\t<span class=\"elementor-icon-list-text\">TRANSPARENTN\u00cd OCHRANA z PVC pro laminovan\u00e9 samolepky s logem;<\/span>\n\t\t\t\t\t\t\t\t\t<\/li>\n\t\t\t\t\t\t\t\t<li class=\"elementor-icon-list-item\">\n\t\t\t\t\t\t\t\t\t\t\t<span class=\"elementor-icon-list-icon\">\n\t\t\t\t\t\t\t<i aria-hidden=\"true\" class=\"fas fa-check\"><\/i>\t\t\t\t\t\t<\/span>\n\t\t\t\t\t\t\t\t\t\t<span class=\"elementor-icon-list-text\">KRUHOV\u00dd \u010cERVEN\u00dd KOBEREC z pl\u00e1tna FLANNEL, kter\u00fd se umis\u0165uje pod plo\u0161inu, aby chr\u00e1nil povrch, na n\u011bm\u017e je namontov\u00e1n, a kter\u00fd m\u00e1 pr\u016fm\u011br o n\u011bco v\u011bt\u0161\u00ed ne\u017e plo\u0161ina, p\u0159esahuje jej\u00ed okraje a vytv\u00e1\u0159\u00ed obrys, kter\u00fd j\u00ed dod\u00e1v\u00e1 v\u011bt\u0161\u00ed eleganci;<\/span>\n\t\t\t\t\t\t\t\t\t<\/li>\n\t\t\t\t\t\t\t\t<li class=\"elementor-icon-list-item\">\n\t\t\t\t\t\t\t\t\t\t\t<span class=\"elementor-icon-list-icon\">\n\t\t\t\t\t\t\t<i aria-hidden=\"true\" class=\"fas fa-check\"><\/i>\t\t\t\t\t\t<\/span>\n\t\t\t\t\t\t\t\t\t\t<span class=\"elementor-icon-list-text\">OCHRANN\u00dd A P\u0158EPRAVN\u00cd OBAL z VOD\u011aODOLN\u00c9HO materi\u00e1lu, opat\u0159en\u00fd V\u00cdCE\u00da\u010cELOV\u00ddMI SILIKONOV\u00ddMI KOLE\u010cKY a RUKOJM\u00cd PRO SNADNOU MANIPULACI (lze roz\u0161\u00ed\u0159it na LETECK\u00dd KABEL: P\u0158\u00cdPLATEK 300 EUR).<\/span>\n\t\t\t\t\t\t\t\t\t<\/li>\n\t\t\t\t\t\t\t\t<li class=\"elementor-icon-list-item\">\n\t\t\t\t\t\t\t\t\t\t\t<span class=\"elementor-icon-list-icon\">\n\t\t\t\t\t\t\t<i aria-hidden=\"true\" class=\"fas fa-check\"><\/i>\t\t\t\t\t\t<\/span>\n\t\t\t\t\t\t\t\t\t\t<span class=\"elementor-icon-list-text\">N\u00c1VOD K POU\u017dIT\u00cd.<\/span>\n\t\t\t\t\t\t\t\t\t<\/li>\n\t\t\t\t\t\t<\/ul>\n\t\t\t\t<\/div>\n\t\t\t\t<\/div>\n\t\t\t\t\t<\/div>\r\n\t\t\t\t<\/div>\r\n\t\t\t\t\t<\/div>\r\n\t\t\t\t<\/section>\r\n\t\t<\/div>\n<p>&nbsp;<\/p>\n<p>M\u00e1te tak\u00e9 mo\u017enost upgradovat na &#8222;FULL <span class=\"Y2IQFc\" lang=\"en\">PLUG &amp; PLAY PACKAGE<\/span>&#8220; &#8211; <a href=\"https:\/\/360photoboothpro.eu\/product\/upgrade-to-full-plug-play-package\/\">POD\u00cdVEJTE SE, CO OBSAHUJE, podrobn\u011b na n\u00e1sleduj\u00edc\u00ed str\u00e1nce: KLIKN\u011aTE ZDE.<\/a><\/p>\n","protected":false},"excerpt":{"rendered":"<p id=\"tw-target-text\" class=\"tw-data-text tw-text-large tw-ta\" dir=\"ltr\" data-placeholder=\"Traducere\"><span class=\"Y2IQFc\" lang=\"en\">Na\u0161e spole\u010dnost se nach\u00e1z\u00ed v Rumunsku.<br \/>\nV\u00fdrobky dod\u00e1v\u00e1me z na\u0161ich skladov\u00fdch z\u00e1sob.<br \/>\nV\u00fdrobek v\u00e1m bude odesl\u00e1n do 5-7 pracovn\u00edch dn\u016f.<\/span><\/p>\n","protected":false},"featured_media":12616,"comment_status":"open","ping_status":"closed","template":"","meta":{"_acf_changed":false},"product_cat":[455],"product_tag":[349,362,357,361,368,369,355,353,371,358,347,350],"class_list":{"0":"post-8893","1":"product","2":"type-product","3":"status-publish","4":"has-post-thumbnail","6":"product_cat-360-photo-booth-platformy","7":"product_tag-360-kabina-na-prodej","8":"product_tag-360-otacek-fotobudky","9":"product_tag-360-photo-booth-cs","10":"product_tag-360-selfie-kabina","11":"product_tag-360-video-kabina-2","12":"product_tag-360-video-kabina-na-prodej","13":"product_tag-360-fotobudka","14":"product_tag-fotobudka-s-360-kamerami","15":"product_tag-otaceci-fotobudka","16":"product_tag-prodej-fotobudky-360","17":"product_tag-stanek-360","18":"product_tag-stanek-s-kamerou-360","20":"first","21":"instock","22":"taxable","23":"shipping-taxable","24":"purchasable","25":"product-type-simple"},"acf":[],"yoast_head":"<!-- This site is optimized with the Yoast SEO plugin v23.5 - https:\/\/yoast.com\/wordpress\/plugins\/seo\/ -->\n<title>360 Photo Booth PRO - 80cm AUTOMATIC Metal Round Shape (360 camera booth, 360 video booth) - 360PhotoBoothPRO<\/title>\n<meta name=\"description\" content=\"Photo Booth PRO is an online store where you can buy quality 360 Photo Booth PRO - 80cm AUTOMATIC Metal Round Shape (360 camera booth, 360 video booth) at an affordable price. Buy now!\" \/>\n<meta name=\"robots\" content=\"index, follow, max-snippet:-1, max-image-preview:large, max-video-preview:-1\" \/>\n<link rel=\"canonical\" href=\"https:\/\/360photoboothpro.eu\/cs\/produkt\/360-photo-booth-pro-80-cm-automatic-metal-round-shape-360-camera-booth-360-video-booth\/\" \/>\n<meta property=\"og:locale\" content=\"cs_CZ\" \/>\n<meta property=\"og:type\" content=\"article\" \/>\n<meta property=\"og:title\" content=\"360 Photo Booth PRO - 80cm AUTOMATIC Metal Round Shape (360 camera booth, 360 video booth) - 360PhotoBoothPRO\" \/>\n<meta property=\"og:description\" content=\"Photo Booth PRO is an online store where you can buy quality 360 Photo Booth PRO - 80cm AUTOMATIC Metal Round Shape (360 camera booth, 360 video booth) at an affordable price. Buy now!\" \/>\n<meta property=\"og:url\" content=\"https:\/\/360photoboothpro.eu\/cs\/produkt\/360-photo-booth-pro-80-cm-automatic-metal-round-shape-360-camera-booth-360-video-booth\/\" \/>\n<meta property=\"og:site_name\" content=\"360PhotoBoothPRO\" \/>\n<meta property=\"article:publisher\" content=\"https:\/\/www.facebook.com\/360PhotoBoothPRO.Canada\/\" \/>\n<meta property=\"article:modified_time\" content=\"2025-09-25T13:55:07+00:00\" \/>\n<meta property=\"og:image\" content=\"https:\/\/360photoboothpro.eu\/wp-content\/uploads\/2023\/03\/360-photo-booth-pro-automatic-metal-round-shape-360-camera-booth-360-video-booth-24-social.jpg\" \/>\n<meta name=\"twitter:card\" content=\"summary_large_image\" \/>\n<script type=\"application\/ld+json\" class=\"yoast-schema-graph\">{\"@context\":\"https:\/\/schema.org\",\"@graph\":[{\"@type\":\"WebPage\",\"@id\":\"https:\/\/360photoboothpro.eu\/cs\/produkt\/360-photo-booth-pro-80-cm-automatic-metal-round-shape-360-camera-booth-360-video-booth\/\",\"url\":\"https:\/\/360photoboothpro.eu\/cs\/produkt\/360-photo-booth-pro-80-cm-automatic-metal-round-shape-360-camera-booth-360-video-booth\/\",\"name\":\"360 Photo Booth PRO - 80cm AUTOMATIC Metal Round Shape (360 camera booth, 360 video booth) - 360PhotoBoothPRO\",\"isPartOf\":{\"@id\":\"https:\/\/360photoboothpro.eu\/cs\/#website\"},\"primaryImageOfPage\":{\"@id\":\"https:\/\/360photoboothpro.eu\/cs\/produkt\/360-photo-booth-pro-80-cm-automatic-metal-round-shape-360-camera-booth-360-video-booth\/#primaryimage\"},\"image\":{\"@id\":\"https:\/\/360photoboothpro.eu\/cs\/produkt\/360-photo-booth-pro-80-cm-automatic-metal-round-shape-360-camera-booth-360-video-booth\/#primaryimage\"},\"thumbnailUrl\":\"https:\/\/360photoboothpro.eu\/wp-content\/uploads\/2023\/03\/360-photo-booth-pro-automatic-metal-round-shape-360-camera-booth-360-video-booth-24.jpg\",\"datePublished\":\"2023-04-11T09:18:04+00:00\",\"dateModified\":\"2025-09-25T13:55:07+00:00\",\"description\":\"Photo Booth PRO is an online store where you can buy quality 360 Photo Booth PRO - 80cm AUTOMATIC Metal Round Shape (360 camera booth, 360 video booth) at an affordable price. Buy now!\",\"breadcrumb\":{\"@id\":\"https:\/\/360photoboothpro.eu\/cs\/produkt\/360-photo-booth-pro-80-cm-automatic-metal-round-shape-360-camera-booth-360-video-booth\/#breadcrumb\"},\"inLanguage\":\"cs\",\"potentialAction\":[{\"@type\":\"ReadAction\",\"target\":[\"https:\/\/360photoboothpro.eu\/cs\/produkt\/360-photo-booth-pro-80-cm-automatic-metal-round-shape-360-camera-booth-360-video-booth\/\"]}]},{\"@type\":\"ImageObject\",\"inLanguage\":\"cs\",\"@id\":\"https:\/\/360photoboothpro.eu\/cs\/produkt\/360-photo-booth-pro-80-cm-automatic-metal-round-shape-360-camera-booth-360-video-booth\/#primaryimage\",\"url\":\"https:\/\/360photoboothpro.eu\/wp-content\/uploads\/2023\/03\/360-photo-booth-pro-automatic-metal-round-shape-360-camera-booth-360-video-booth-24.jpg\",\"contentUrl\":\"https:\/\/360photoboothpro.eu\/wp-content\/uploads\/2023\/03\/360-photo-booth-pro-automatic-metal-round-shape-360-camera-booth-360-video-booth-24.jpg\",\"width\":1000,\"height\":1000,\"caption\":\"360 video booth pro metal round shape\"},{\"@type\":\"BreadcrumbList\",\"@id\":\"https:\/\/360photoboothpro.eu\/cs\/produkt\/360-photo-booth-pro-80-cm-automatic-metal-round-shape-360-camera-booth-360-video-booth\/#breadcrumb\",\"itemListElement\":[{\"@type\":\"ListItem\",\"position\":1,\"name\":\"Home\",\"item\":\"https:\/\/360photoboothpro.eu\/cs\/\"},{\"@type\":\"ListItem\",\"position\":2,\"name\":\"Obchod\",\"item\":\"https:\/\/360photoboothpro.eu\/cs\/obchod\/\"},{\"@type\":\"ListItem\",\"position\":3,\"name\":\"360 Photo Booth PRO &#8211; 80cm AUTOMATIC Metal Round Shape (360 camera booth, 360 video booth)\"}]},{\"@type\":\"WebSite\",\"@id\":\"https:\/\/360photoboothpro.eu\/cs\/#website\",\"url\":\"https:\/\/360photoboothpro.eu\/cs\/\",\"name\":\"360PhotoBoothPRO\",\"description\":\"360PhotoBoothPRO\",\"publisher\":{\"@id\":\"https:\/\/360photoboothpro.eu\/cs\/#organization\"},\"potentialAction\":[{\"@type\":\"SearchAction\",\"target\":{\"@type\":\"EntryPoint\",\"urlTemplate\":\"https:\/\/360photoboothpro.eu\/cs\/?s={search_term_string}\"},\"query-input\":{\"@type\":\"PropertyValueSpecification\",\"valueRequired\":true,\"valueName\":\"search_term_string\"}}],\"inLanguage\":\"cs\"},{\"@type\":\"Organization\",\"@id\":\"https:\/\/360photoboothpro.eu\/cs\/#organization\",\"name\":\"360PhotoBoothPRO\",\"url\":\"https:\/\/360photoboothpro.eu\/cs\/\",\"logo\":{\"@type\":\"ImageObject\",\"inLanguage\":\"cs\",\"@id\":\"https:\/\/360photoboothpro.eu\/cs\/#\/schema\/logo\/image\/\",\"url\":\"https:\/\/360photoboothpro.eu\/wp-content\/uploads\/2023\/03\/logo-360photoboothpro-favicon.png\",\"contentUrl\":\"https:\/\/360photoboothpro.eu\/wp-content\/uploads\/2023\/03\/logo-360photoboothpro-favicon.png\",\"width\":317,\"height\":317,\"caption\":\"360PhotoBoothPRO\"},\"image\":{\"@id\":\"https:\/\/360photoboothpro.eu\/cs\/#\/schema\/logo\/image\/\"},\"sameAs\":[\"https:\/\/www.facebook.com\/360PhotoBoothPRO.Canada\/\"]}]}<\/script>\n<!-- \/ Yoast SEO plugin. -->","yoast_head_json":{"title":"360 Photo Booth PRO - 80cm AUTOMATIC Metal Round Shape (360 camera booth, 360 video booth) - 360PhotoBoothPRO","description":"Photo Booth PRO is an online store where you can buy quality 360 Photo Booth PRO - 80cm AUTOMATIC Metal Round Shape (360 camera booth, 360 video booth) at an affordable price. Buy now!","robots":{"index":"index","follow":"follow","max-snippet":"max-snippet:-1","max-image-preview":"max-image-preview:large","max-video-preview":"max-video-preview:-1"},"canonical":"https:\/\/360photoboothpro.eu\/cs\/produkt\/360-photo-booth-pro-80-cm-automatic-metal-round-shape-360-camera-booth-360-video-booth\/","og_locale":"cs_CZ","og_type":"article","og_title":"360 Photo Booth PRO - 80cm AUTOMATIC Metal Round Shape (360 camera booth, 360 video booth) - 360PhotoBoothPRO","og_description":"Photo Booth PRO is an online store where you can buy quality 360 Photo Booth PRO - 80cm AUTOMATIC Metal Round Shape (360 camera booth, 360 video booth) at an affordable price. Buy now!","og_url":"https:\/\/360photoboothpro.eu\/cs\/produkt\/360-photo-booth-pro-80-cm-automatic-metal-round-shape-360-camera-booth-360-video-booth\/","og_site_name":"360PhotoBoothPRO","article_publisher":"https:\/\/www.facebook.com\/360PhotoBoothPRO.Canada\/","article_modified_time":"2025-09-25T13:55:07+00:00","og_image":[{"url":"https:\/\/360photoboothpro.eu\/wp-content\/uploads\/2023\/03\/360-photo-booth-pro-automatic-metal-round-shape-360-camera-booth-360-video-booth-24-social.jpg"}],"twitter_card":"summary_large_image","schema":{"@context":"https:\/\/schema.org","@graph":[{"@type":"WebPage","@id":"https:\/\/360photoboothpro.eu\/cs\/produkt\/360-photo-booth-pro-80-cm-automatic-metal-round-shape-360-camera-booth-360-video-booth\/","url":"https:\/\/360photoboothpro.eu\/cs\/produkt\/360-photo-booth-pro-80-cm-automatic-metal-round-shape-360-camera-booth-360-video-booth\/","name":"360 Photo Booth PRO - 80cm AUTOMATIC Metal Round Shape (360 camera booth, 360 video booth) - 360PhotoBoothPRO","isPartOf":{"@id":"https:\/\/360photoboothpro.eu\/cs\/#website"},"primaryImageOfPage":{"@id":"https:\/\/360photoboothpro.eu\/cs\/produkt\/360-photo-booth-pro-80-cm-automatic-metal-round-shape-360-camera-booth-360-video-booth\/#primaryimage"},"image":{"@id":"https:\/\/360photoboothpro.eu\/cs\/produkt\/360-photo-booth-pro-80-cm-automatic-metal-round-shape-360-camera-booth-360-video-booth\/#primaryimage"},"thumbnailUrl":"https:\/\/360photoboothpro.eu\/wp-content\/uploads\/2023\/03\/360-photo-booth-pro-automatic-metal-round-shape-360-camera-booth-360-video-booth-24.jpg","datePublished":"2023-04-11T09:18:04+00:00","dateModified":"2025-09-25T13:55:07+00:00","description":"Photo Booth PRO is an online store where you can buy quality 360 Photo Booth PRO - 80cm AUTOMATIC Metal Round Shape (360 camera booth, 360 video booth) at an affordable price. Buy now!","breadcrumb":{"@id":"https:\/\/360photoboothpro.eu\/cs\/produkt\/360-photo-booth-pro-80-cm-automatic-metal-round-shape-360-camera-booth-360-video-booth\/#breadcrumb"},"inLanguage":"cs","potentialAction":[{"@type":"ReadAction","target":["https:\/\/360photoboothpro.eu\/cs\/produkt\/360-photo-booth-pro-80-cm-automatic-metal-round-shape-360-camera-booth-360-video-booth\/"]}]},{"@type":"ImageObject","inLanguage":"cs","@id":"https:\/\/360photoboothpro.eu\/cs\/produkt\/360-photo-booth-pro-80-cm-automatic-metal-round-shape-360-camera-booth-360-video-booth\/#primaryimage","url":"https:\/\/360photoboothpro.eu\/wp-content\/uploads\/2023\/03\/360-photo-booth-pro-automatic-metal-round-shape-360-camera-booth-360-video-booth-24.jpg","contentUrl":"https:\/\/360photoboothpro.eu\/wp-content\/uploads\/2023\/03\/360-photo-booth-pro-automatic-metal-round-shape-360-camera-booth-360-video-booth-24.jpg","width":1000,"height":1000,"caption":"360 video booth pro metal round shape"},{"@type":"BreadcrumbList","@id":"https:\/\/360photoboothpro.eu\/cs\/produkt\/360-photo-booth-pro-80-cm-automatic-metal-round-shape-360-camera-booth-360-video-booth\/#breadcrumb","itemListElement":[{"@type":"ListItem","position":1,"name":"Home","item":"https:\/\/360photoboothpro.eu\/cs\/"},{"@type":"ListItem","position":2,"name":"Obchod","item":"https:\/\/360photoboothpro.eu\/cs\/obchod\/"},{"@type":"ListItem","position":3,"name":"360 Photo Booth PRO &#8211; 80cm AUTOMATIC Metal Round Shape (360 camera booth, 360 video booth)"}]},{"@type":"WebSite","@id":"https:\/\/360photoboothpro.eu\/cs\/#website","url":"https:\/\/360photoboothpro.eu\/cs\/","name":"360PhotoBoothPRO","description":"360PhotoBoothPRO","publisher":{"@id":"https:\/\/360photoboothpro.eu\/cs\/#organization"},"potentialAction":[{"@type":"SearchAction","target":{"@type":"EntryPoint","urlTemplate":"https:\/\/360photoboothpro.eu\/cs\/?s={search_term_string}"},"query-input":{"@type":"PropertyValueSpecification","valueRequired":true,"valueName":"search_term_string"}}],"inLanguage":"cs"},{"@type":"Organization","@id":"https:\/\/360photoboothpro.eu\/cs\/#organization","name":"360PhotoBoothPRO","url":"https:\/\/360photoboothpro.eu\/cs\/","logo":{"@type":"ImageObject","inLanguage":"cs","@id":"https:\/\/360photoboothpro.eu\/cs\/#\/schema\/logo\/image\/","url":"https:\/\/360photoboothpro.eu\/wp-content\/uploads\/2023\/03\/logo-360photoboothpro-favicon.png","contentUrl":"https:\/\/360photoboothpro.eu\/wp-content\/uploads\/2023\/03\/logo-360photoboothpro-favicon.png","width":317,"height":317,"caption":"360PhotoBoothPRO"},"image":{"@id":"https:\/\/360photoboothpro.eu\/cs\/#\/schema\/logo\/image\/"},"sameAs":["https:\/\/www.facebook.com\/360PhotoBoothPRO.Canada\/"]}]}},"_links":{"self":[{"href":"https:\/\/360photoboothpro.eu\/cs\/wp-json\/wp\/v2\/product\/8893"}],"collection":[{"href":"https:\/\/360photoboothpro.eu\/cs\/wp-json\/wp\/v2\/product"}],"about":[{"href":"https:\/\/360photoboothpro.eu\/cs\/wp-json\/wp\/v2\/types\/product"}],"replies":[{"embeddable":true,"href":"https:\/\/360photoboothpro.eu\/cs\/wp-json\/wp\/v2\/comments?post=8893"}],"wp:featuredmedia":[{"embeddable":true,"href":"https:\/\/360photoboothpro.eu\/cs\/wp-json\/wp\/v2\/media\/12616"}],"wp:attachment":[{"href":"https:\/\/360photoboothpro.eu\/cs\/wp-json\/wp\/v2\/media?parent=8893"}],"wp:term":[{"taxonomy":"product_cat","embeddable":true,"href":"https:\/\/360photoboothpro.eu\/cs\/wp-json\/wp\/v2\/product_cat?post=8893"},{"taxonomy":"product_tag","embeddable":true,"href":"https:\/\/360photoboothpro.eu\/cs\/wp-json\/wp\/v2\/product_tag?post=8893"}],"curies":[{"name":"wp","href":"https:\/\/api.w.org\/{rel}","templated":true}]}}