{"id":5367,"date":"2020-12-25T15:00:25","date_gmt":"2020-12-25T13:00:25","guid":{"rendered":"https:\/\/360photoboothpro.eu\/kontakt\/"},"modified":"2025-03-24T16:19:18","modified_gmt":"2025-03-24T14:19:18","slug":"kontakt","status":"publish","type":"page","link":"https:\/\/360photoboothpro.eu\/de\/kontakt\/","title":{"rendered":"Kontakt"},"content":{"rendered":"\t\t<div data-elementor-type=\"wp-page\" data-elementor-id=\"5367\" class=\"elementor elementor-5367 elementor-26\" data-elementor-post-type=\"page\">\n\t\t\t\t\t\t<section class=\"elementor-section elementor-top-section elementor-element elementor-element-14757be elementor-section-content-middle mt-5 pt-1 mb-4 elementor-section-boxed elementor-section-height-default elementor-section-height-default\" data-id=\"14757be\" data-element_type=\"section\">\r\n\t\t\r\n\t\t\t\t\t\t\t<div class=\"elementor-container elementor-column-gap-default\">\r\n\t\t\t\t\t\t\t\t\t\t\t<div class=\"elementor-column elementor-col-50 elementor-top-column elementor-element elementor-element-6c3b8e0 w-lg-33 offset-lg-1 mb-3 mb-lg-0\" data-id=\"6c3b8e0\" data-element_type=\"column\">\r\n\t\t\t\t\t<div class=\"elementor-widget-wrap elementor-element-populated\">\r\n\t\t\t\t\t\t\t\t<div class=\"elementor-element elementor-element-124eee6 elementor-widget elementor-widget-heading\" data-id=\"124eee6\" data-element_type=\"widget\" data-widget_type=\"heading.default\">\n\t\t\t\t<div class=\"elementor-widget-container\">\n\t\t\t<h2 class=\"elementor-heading-title elementor-size-default\">M\u00f6chten Sie eine 360 Photo Booth PRO Plattform kaufen?<br>Wir sind f\u00fcr Sie da! Sie k\u00f6nnen uns anrufen \/ eine E-Mail schreiben \/ das Kontaktformular ausf\u00fcllen.\n<br>Wir antworten auch SCHNELL im CHAT.<\/h2>\t\t<\/div>\n\t\t\t\t<\/div>\n\t\t\t\t<div class=\"elementor-element elementor-element-4f8f3dd custom-phone pt-3 elementor-widget elementor-widget-porto_info_box\" data-id=\"4f8f3dd\" data-element_type=\"widget\" data-widget_type=\"porto_info_box.default\">\n\t\t\t\t<div class=\"elementor-widget-container\">\n\t\t\t<a class=\"porto-sicon-box-link\" href=\"mailto:contact@360photoboothpro.eu\"><div class=\"porto-sicon-box style_1 left-icon\"><div class=\"porto-sicon-left\"><div class=\"porto-just-icon-wrapper porto-icon none\" style=\"margin-right:8px;\"><i class=\"Simple-Line-Icons-envelope\"><\/i><\/div><\/div><div class=\"porto-sicon-body\"><div class=\"porto-sicon-header\"><h3 class=\"porto-sicon-title\" style=\"\">contact@360photoboothpro.eu<\/h3><\/div> <!-- header --><\/div><\/div><!-- porto-sicon-box --><\/a>\t\t<\/div>\n\t\t\t\t<\/div>\n\t\t\t\t<div class=\"elementor-element elementor-element-49cce69 custom-phone elementor-widget elementor-widget-porto_info_box\" data-id=\"49cce69\" data-element_type=\"widget\" data-widget_type=\"porto_info_box.default\">\n\t\t\t\t<div class=\"elementor-widget-container\">\n\t\t\t<a class=\"porto-sicon-box-link\" href=\"tel:+40761140547\"><div class=\"porto-sicon-box style_1 left-icon\"><div class=\"porto-sicon-left\"><div class=\"porto-just-icon-wrapper porto-icon none\" style=\"margin-right:8px;\"><i class=\"Simple-Line-Icons-phone\"><\/i><\/div><\/div><div class=\"porto-sicon-body\"><div class=\"porto-sicon-header\"><h3 class=\"porto-sicon-title\" style=\"\">(+40)761140547<\/h3><\/div> <!-- header --><\/div><\/div><!-- porto-sicon-box --><\/a>\t\t<\/div>\n\t\t\t\t<\/div>\n\t\t\t\t<div class=\"elementor-element elementor-element-697b935 custom-phone elementor-widget elementor-widget-porto_info_box\" data-id=\"697b935\" data-element_type=\"widget\" data-widget_type=\"porto_info_box.default\">\n\t\t\t\t<div class=\"elementor-widget-container\">\n\t\t\t<a class=\"porto-sicon-box-link\" href=\"\"><div class=\"porto-sicon-box style_1 left-icon\"><div class=\"porto-sicon-left\"><div class=\"porto-just-icon-wrapper porto-icon none\" style=\"margin-right:8px;\"><i class=\"far fa-clock\"><\/i><\/div><\/div><div class=\"porto-sicon-body\"><div class=\"porto-sicon-header\"><h3 class=\"porto-sicon-title\" style=\"\">B\u00fcrozeiten: 09:00 - 17:00<\/h3><\/div> <!-- header --><\/div><\/div><!-- porto-sicon-box --><\/a>\t\t<\/div>\n\t\t\t\t<\/div>\n\t\t\t\t<div class=\"elementor-element elementor-element-fb014ba elementor-widget elementor-widget-heading\" data-id=\"fb014ba\" data-element_type=\"widget\" data-widget_type=\"heading.default\">\n\t\t\t\t<div class=\"elementor-widget-container\">\n\t\t\t<p class=\"elementor-heading-title elementor-size-default\">Informationen zum Unternehmen:<br><strong>Name:<\/strong> NOVO BEST CONCEPT TEAM SRL<br><strong>Gesch\u00e4ftsnummer:<\/strong> J16\/2328\/2017<br><strong>MWST.:<\/strong> RO38114274<br><strong>Adresse:<\/strong> Bucuresti, Calea Mosilor, nr. 88, sc. F, ap. 82, Sektor 3, Rum\u00e4nien<\/p>\t\t<\/div>\n\t\t\t\t<\/div>\n\t\t\t\t<div class=\"elementor-element elementor-element-825d361 elementor-widget elementor-widget-heading\" data-id=\"825d361\" data-element_type=\"widget\" data-widget_type=\"heading.default\">\n\t\t\t\t<div class=\"elementor-widget-container\">\n\t\t\t<p class=\"elementor-heading-title elementor-size-default\">Bankverbindung:<br><strong>Bank:<\/strong> Banca Transilvania<br><strong>Kontonummer:<\/strong> RO89BTRLEURCRT0408291301<br><strong>Swift Code:<\/strong> BTRLRO22<br>\n<\/p>\t\t<\/div>\n\t\t\t\t<\/div>\n\t\t\t\t\t<\/div>\r\n\t\t\t\t<\/div>\r\n\t\t\t\t<div class=\"elementor-column elementor-col-50 elementor-top-column elementor-element elementor-element-4be1906 w-lg-41 offset-lg-1 custom-form-style-1\" data-id=\"4be1906\" data-element_type=\"column\">\r\n\t\t\t\t\t<div class=\"elementor-widget-wrap elementor-element-populated\">\r\n\t\t\t\t\t\t\t\t<div class=\"elementor-element elementor-element-f16ac47 elementor-widget elementor-widget-porto_contact_form\" data-id=\"f16ac47\" data-element_type=\"widget\" data-widget_type=\"porto_contact_form.default\">\n\t\t\t\t<div class=\"elementor-widget-container\">\n\t\t\t<div class=\"wpforms-container wpforms-container-full\" id=\"wpforms-3627\"><form id=\"wpforms-form-3627\" class=\"wpforms-validate wpforms-form wpforms-ajax-form\" data-formid=\"3627\" method=\"post\" enctype=\"multipart\/form-data\" action=\"\/de\/wp-json\/wp\/v2\/pages\/5367\" data-token=\"d92a40d71d7cf72b21937b189b49ff67\" data-token-time=\"1776579182\"><noscript class=\"wpforms-error-noscript\">Bitte aktiviere JavaScript in deinem Browser, um dieses Formular fertigzustellen.<\/noscript><div class=\"wpforms-field-container\"><div id=\"wpforms-3627-field_1-container\" class=\"wpforms-field wpforms-field-text\" data-field-id=\"1\"><label class=\"wpforms-field-label\" for=\"wpforms-3627-field_1\">Name <span class=\"wpforms-required-label\">*<\/span><\/label><input type=\"text\" id=\"wpforms-3627-field_1\" class=\"wpforms-field-medium wpforms-field-required\" name=\"wpforms[fields][1]\" required><\/div><div id=\"wpforms-3627-field_3-container\" class=\"wpforms-field wpforms-field-email\" data-field-id=\"3\"><label class=\"wpforms-field-label\" for=\"wpforms-3627-field_3\">Email <span class=\"wpforms-required-label\">*<\/span><\/label><input type=\"email\" id=\"wpforms-3627-field_3\" class=\"wpforms-field-medium wpforms-field-required\" name=\"wpforms[fields][3]\" spellcheck=\"false\" required><\/div><div id=\"wpforms-3627-field_2-container\" class=\"wpforms-field wpforms-field-text\" data-field-id=\"2\"><label class=\"wpforms-field-label\" for=\"wpforms-3627-field_2\">Phone number <span class=\"wpforms-required-label\">*<\/span><\/label><input type=\"text\" id=\"wpforms-3627-field_2\" class=\"wpforms-field-medium wpforms-field-required\" name=\"wpforms[fields][2]\" required><\/div><div id=\"wpforms-3627-field_4-container\" class=\"wpforms-field wpforms-field-textarea\" data-field-id=\"4\"><label class=\"wpforms-field-label\" for=\"wpforms-3627-field_4\">Your message <span class=\"wpforms-required-label\">*<\/span><\/label><textarea id=\"wpforms-3627-field_4\" class=\"wpforms-field-medium wpforms-field-required\" name=\"wpforms[fields][4]\" required><\/textarea><\/div><\/div><!-- .wpforms-field-container --><div class=\"wpforms-submit-container\" ><input type=\"hidden\" name=\"wpforms[id]\" value=\"3627\"><input type=\"hidden\" name=\"page_title\" value=\"\"><input type=\"hidden\" name=\"page_url\" value=\"https:\/\/360photoboothpro.eu\/de\/wp-json\/wp\/v2\/pages\/5367\"><button type=\"submit\" name=\"wpforms[submit]\" id=\"wpforms-submit-3627\" class=\"wpforms-submit\" data-alt-text=\"Sending...\" data-submit-text=\"Submit\" aria-live=\"assertive\" value=\"wpforms-submit\">Submit<\/button><img decoding=\"async\" src=\"https:\/\/360photoboothpro.eu\/wp-content\/plugins\/wpforms-lite\/assets\/images\/submit-spin.svg\" class=\"wpforms-submit-spinner\" style=\"display: none;\" width=\"26\" height=\"26\" alt=\"Wird geladen\"><\/div><\/form><\/div>  <!-- .wpforms-container -->\t\t<\/div>\n\t\t\t\t<\/div>\n\t\t\t\t\t<\/div>\r\n\t\t\t\t<\/div>\r\n\t\t\t\t\t<\/div>\r\n\t\t\t\t<\/section>\r\n\t\t\t\t<\/div>\n\t\t","protected":false},"excerpt":{"rendered":"<p>M\u00f6chten Sie eine 360 Photo Booth PRO Plattform kaufen?Wir sind f\u00fcr Sie da! Sie k\u00f6nnen uns anrufen \/ eine E-Mail schreiben \/ das Kontaktformular ausf\u00fcllen. Wir antworten auch SCHNELL im CHAT. contact@360photoboothpro.eu (+40)761140547 B\u00fcrozeiten: 09:00 &#8211; 17:00 Informationen zum Unternehmen:Name: NOVO BEST CONCEPT TEAM SRLGesch\u00e4ftsnummer: J16\/2328\/2017MWST.: RO38114274Adresse: Bucuresti, Calea Mosilor, nr. 88, sc. F, ap. [&hellip;]<\/p>\n","protected":false},"author":1,"featured_media":0,"parent":0,"menu_order":0,"comment_status":"closed","ping_status":"closed","template":"elementor_header_footer","meta":{"_acf_changed":false,"footnotes":""},"class_list":["post-5367","page","type-page","status-publish","hentry"],"acf":[],"yoast_head":"<!-- This site is optimized with the Yoast SEO plugin v23.5 - https:\/\/yoast.com\/wordpress\/plugins\/seo\/ -->\n<title>Kontakt - 360PhotoBoothPRO<\/title>\n<meta name=\"description\" content=\"Haben Sie Fragen? Kontaktieren Sie uns bei 360 Photo Booth Pro f\u00fcr schnelle Unterst\u00fctzung. Unser engagiertes Team ist f\u00fcr Sie da. Nehmen Sie \u00fcber unser Kontaktformular Kontakt auf.\" \/>\n<meta name=\"robots\" content=\"index, follow, max-snippet:-1, max-image-preview:large, max-video-preview:-1\" \/>\n<link rel=\"canonical\" href=\"https:\/\/360photoboothpro.eu\/de\/kontakt\/\" \/>\n<meta property=\"og:locale\" content=\"de_DE\" \/>\n<meta property=\"og:type\" content=\"article\" \/>\n<meta property=\"og:title\" content=\"Kontakt - 360PhotoBoothPRO\" \/>\n<meta property=\"og:description\" content=\"Haben Sie Fragen? Kontaktieren Sie uns bei 360 Photo Booth Pro f\u00fcr schnelle Unterst\u00fctzung. Unser engagiertes Team ist f\u00fcr Sie da. Nehmen Sie \u00fcber unser Kontaktformular Kontakt auf.\" \/>\n<meta property=\"og:url\" content=\"https:\/\/360photoboothpro.eu\/de\/kontakt\/\" \/>\n<meta property=\"og:site_name\" content=\"360PhotoBoothPRO\" \/>\n<meta property=\"article:publisher\" content=\"https:\/\/www.facebook.com\/360PhotoBoothPRO.Canada\/\" \/>\n<meta property=\"article:modified_time\" content=\"2025-03-24T14:19:18+00:00\" \/>\n<meta property=\"og:image\" content=\"https:\/\/360photoboothpro.eu\/wp-content\/plugins\/wpforms-lite\/assets\/images\/submit-spin.svg\" \/>\n<meta name=\"twitter:card\" content=\"summary_large_image\" \/>\n<script type=\"application\/ld+json\" class=\"yoast-schema-graph\">{\"@context\":\"https:\/\/schema.org\",\"@graph\":[{\"@type\":\"WebPage\",\"@id\":\"https:\/\/360photoboothpro.eu\/de\/kontakt\/\",\"url\":\"https:\/\/360photoboothpro.eu\/de\/kontakt\/\",\"name\":\"Kontakt - 360PhotoBoothPRO\",\"isPartOf\":{\"@id\":\"https:\/\/360photoboothpro.eu\/de\/#website\"},\"primaryImageOfPage\":{\"@id\":\"https:\/\/360photoboothpro.eu\/de\/kontakt\/#primaryimage\"},\"image\":{\"@id\":\"https:\/\/360photoboothpro.eu\/de\/kontakt\/#primaryimage\"},\"thumbnailUrl\":\"https:\/\/360photoboothpro.eu\/wp-content\/plugins\/wpforms-lite\/assets\/images\/submit-spin.svg\",\"datePublished\":\"2020-12-25T13:00:25+00:00\",\"dateModified\":\"2025-03-24T14:19:18+00:00\",\"description\":\"Haben Sie Fragen? Kontaktieren Sie uns bei 360 Photo Booth Pro f\u00fcr schnelle Unterst\u00fctzung. Unser engagiertes Team ist f\u00fcr Sie da. Nehmen Sie \u00fcber unser Kontaktformular Kontakt auf.\",\"breadcrumb\":{\"@id\":\"https:\/\/360photoboothpro.eu\/de\/kontakt\/#breadcrumb\"},\"inLanguage\":\"de\",\"potentialAction\":[{\"@type\":\"ReadAction\",\"target\":[\"https:\/\/360photoboothpro.eu\/de\/kontakt\/\"]}]},{\"@type\":\"ImageObject\",\"inLanguage\":\"de\",\"@id\":\"https:\/\/360photoboothpro.eu\/de\/kontakt\/#primaryimage\",\"url\":\"https:\/\/360photoboothpro.eu\/wp-content\/plugins\/wpforms-lite\/assets\/images\/submit-spin.svg\",\"contentUrl\":\"https:\/\/360photoboothpro.eu\/wp-content\/plugins\/wpforms-lite\/assets\/images\/submit-spin.svg\"},{\"@type\":\"BreadcrumbList\",\"@id\":\"https:\/\/360photoboothpro.eu\/de\/kontakt\/#breadcrumb\",\"itemListElement\":[{\"@type\":\"ListItem\",\"position\":1,\"name\":\"Home\",\"item\":\"https:\/\/360photoboothpro.eu\/de\/\"},{\"@type\":\"ListItem\",\"position\":2,\"name\":\"Kontakt\"}]},{\"@type\":\"WebSite\",\"@id\":\"https:\/\/360photoboothpro.eu\/de\/#website\",\"url\":\"https:\/\/360photoboothpro.eu\/de\/\",\"name\":\"360PhotoBoothPRO\",\"description\":\"360PhotoBoothPRO\",\"publisher\":{\"@id\":\"https:\/\/360photoboothpro.eu\/de\/#organization\"},\"potentialAction\":[{\"@type\":\"SearchAction\",\"target\":{\"@type\":\"EntryPoint\",\"urlTemplate\":\"https:\/\/360photoboothpro.eu\/de\/?s={search_term_string}\"},\"query-input\":{\"@type\":\"PropertyValueSpecification\",\"valueRequired\":true,\"valueName\":\"search_term_string\"}}],\"inLanguage\":\"de\"},{\"@type\":\"Organization\",\"@id\":\"https:\/\/360photoboothpro.eu\/de\/#organization\",\"name\":\"360PhotoBoothPRO\",\"url\":\"https:\/\/360photoboothpro.eu\/de\/\",\"logo\":{\"@type\":\"ImageObject\",\"inLanguage\":\"de\",\"@id\":\"https:\/\/360photoboothpro.eu\/de\/#\/schema\/logo\/image\/\",\"url\":\"https:\/\/360photoboothpro.eu\/wp-content\/uploads\/2023\/03\/logo-360photoboothpro-favicon.png\",\"contentUrl\":\"https:\/\/360photoboothpro.eu\/wp-content\/uploads\/2023\/03\/logo-360photoboothpro-favicon.png\",\"width\":317,\"height\":317,\"caption\":\"360PhotoBoothPRO\"},\"image\":{\"@id\":\"https:\/\/360photoboothpro.eu\/de\/#\/schema\/logo\/image\/\"},\"sameAs\":[\"https:\/\/www.facebook.com\/360PhotoBoothPRO.Canada\/\"]}]}<\/script>\n<!-- \/ Yoast SEO plugin. -->","yoast_head_json":{"title":"Kontakt - 360PhotoBoothPRO","description":"Haben Sie Fragen? Kontaktieren Sie uns bei 360 Photo Booth Pro f\u00fcr schnelle Unterst\u00fctzung. Unser engagiertes Team ist f\u00fcr Sie da. Nehmen Sie \u00fcber unser Kontaktformular Kontakt auf.","robots":{"index":"index","follow":"follow","max-snippet":"max-snippet:-1","max-image-preview":"max-image-preview:large","max-video-preview":"max-video-preview:-1"},"canonical":"https:\/\/360photoboothpro.eu\/de\/kontakt\/","og_locale":"de_DE","og_type":"article","og_title":"Kontakt - 360PhotoBoothPRO","og_description":"Haben Sie Fragen? Kontaktieren Sie uns bei 360 Photo Booth Pro f\u00fcr schnelle Unterst\u00fctzung. Unser engagiertes Team ist f\u00fcr Sie da. Nehmen Sie \u00fcber unser Kontaktformular Kontakt auf.","og_url":"https:\/\/360photoboothpro.eu\/de\/kontakt\/","og_site_name":"360PhotoBoothPRO","article_publisher":"https:\/\/www.facebook.com\/360PhotoBoothPRO.Canada\/","article_modified_time":"2025-03-24T14:19:18+00:00","og_image":[{"url":"https:\/\/360photoboothpro.eu\/wp-content\/plugins\/wpforms-lite\/assets\/images\/submit-spin.svg"}],"twitter_card":"summary_large_image","schema":{"@context":"https:\/\/schema.org","@graph":[{"@type":"WebPage","@id":"https:\/\/360photoboothpro.eu\/de\/kontakt\/","url":"https:\/\/360photoboothpro.eu\/de\/kontakt\/","name":"Kontakt - 360PhotoBoothPRO","isPartOf":{"@id":"https:\/\/360photoboothpro.eu\/de\/#website"},"primaryImageOfPage":{"@id":"https:\/\/360photoboothpro.eu\/de\/kontakt\/#primaryimage"},"image":{"@id":"https:\/\/360photoboothpro.eu\/de\/kontakt\/#primaryimage"},"thumbnailUrl":"https:\/\/360photoboothpro.eu\/wp-content\/plugins\/wpforms-lite\/assets\/images\/submit-spin.svg","datePublished":"2020-12-25T13:00:25+00:00","dateModified":"2025-03-24T14:19:18+00:00","description":"Haben Sie Fragen? Kontaktieren Sie uns bei 360 Photo Booth Pro f\u00fcr schnelle Unterst\u00fctzung. Unser engagiertes Team ist f\u00fcr Sie da. Nehmen Sie \u00fcber unser Kontaktformular Kontakt auf.","breadcrumb":{"@id":"https:\/\/360photoboothpro.eu\/de\/kontakt\/#breadcrumb"},"inLanguage":"de","potentialAction":[{"@type":"ReadAction","target":["https:\/\/360photoboothpro.eu\/de\/kontakt\/"]}]},{"@type":"ImageObject","inLanguage":"de","@id":"https:\/\/360photoboothpro.eu\/de\/kontakt\/#primaryimage","url":"https:\/\/360photoboothpro.eu\/wp-content\/plugins\/wpforms-lite\/assets\/images\/submit-spin.svg","contentUrl":"https:\/\/360photoboothpro.eu\/wp-content\/plugins\/wpforms-lite\/assets\/images\/submit-spin.svg"},{"@type":"BreadcrumbList","@id":"https:\/\/360photoboothpro.eu\/de\/kontakt\/#breadcrumb","itemListElement":[{"@type":"ListItem","position":1,"name":"Home","item":"https:\/\/360photoboothpro.eu\/de\/"},{"@type":"ListItem","position":2,"name":"Kontakt"}]},{"@type":"WebSite","@id":"https:\/\/360photoboothpro.eu\/de\/#website","url":"https:\/\/360photoboothpro.eu\/de\/","name":"360PhotoBoothPRO","description":"360PhotoBoothPRO","publisher":{"@id":"https:\/\/360photoboothpro.eu\/de\/#organization"},"potentialAction":[{"@type":"SearchAction","target":{"@type":"EntryPoint","urlTemplate":"https:\/\/360photoboothpro.eu\/de\/?s={search_term_string}"},"query-input":{"@type":"PropertyValueSpecification","valueRequired":true,"valueName":"search_term_string"}}],"inLanguage":"de"},{"@type":"Organization","@id":"https:\/\/360photoboothpro.eu\/de\/#organization","name":"360PhotoBoothPRO","url":"https:\/\/360photoboothpro.eu\/de\/","logo":{"@type":"ImageObject","inLanguage":"de","@id":"https:\/\/360photoboothpro.eu\/de\/#\/schema\/logo\/image\/","url":"https:\/\/360photoboothpro.eu\/wp-content\/uploads\/2023\/03\/logo-360photoboothpro-favicon.png","contentUrl":"https:\/\/360photoboothpro.eu\/wp-content\/uploads\/2023\/03\/logo-360photoboothpro-favicon.png","width":317,"height":317,"caption":"360PhotoBoothPRO"},"image":{"@id":"https:\/\/360photoboothpro.eu\/de\/#\/schema\/logo\/image\/"},"sameAs":["https:\/\/www.facebook.com\/360PhotoBoothPRO.Canada\/"]}]}},"_links":{"self":[{"href":"https:\/\/360photoboothpro.eu\/de\/wp-json\/wp\/v2\/pages\/5367"}],"collection":[{"href":"https:\/\/360photoboothpro.eu\/de\/wp-json\/wp\/v2\/pages"}],"about":[{"href":"https:\/\/360photoboothpro.eu\/de\/wp-json\/wp\/v2\/types\/page"}],"author":[{"embeddable":true,"href":"https:\/\/360photoboothpro.eu\/de\/wp-json\/wp\/v2\/users\/1"}],"replies":[{"embeddable":true,"href":"https:\/\/360photoboothpro.eu\/de\/wp-json\/wp\/v2\/comments?post=5367"}],"version-history":[{"count":11,"href":"https:\/\/360photoboothpro.eu\/de\/wp-json\/wp\/v2\/pages\/5367\/revisions"}],"predecessor-version":[{"id":14698,"href":"https:\/\/360photoboothpro.eu\/de\/wp-json\/wp\/v2\/pages\/5367\/revisions\/14698"}],"wp:attachment":[{"href":"https:\/\/360photoboothpro.eu\/de\/wp-json\/wp\/v2\/media?parent=5367"}],"curies":[{"name":"wp","href":"https:\/\/api.w.org\/{rel}","templated":true}]}}