{"id":5399,"date":"2023-04-25T09:32:41","date_gmt":"2023-04-25T07:32:41","guid":{"rendered":"https:\/\/360photoboothpro.eu\/ueber-uns\/"},"modified":"2025-03-12T09:23:18","modified_gmt":"2025-03-12T07:23:18","slug":"ueber-uns","status":"publish","type":"page","link":"https:\/\/360photoboothpro.eu\/de\/ueber-uns\/","title":{"rendered":"\u00dcber uns"},"content":{"rendered":"\t\t<div data-elementor-type=\"wp-page\" data-elementor-id=\"5399\" class=\"elementor elementor-5399 elementor-4830\" data-elementor-post-type=\"page\">\n\t\t\t\t\t\t<section class=\"elementor-section elementor-top-section elementor-element elementor-element-247f217 elementor-section-boxed elementor-section-height-default elementor-section-height-default\" data-id=\"247f217\" data-element_type=\"section\">\r\n\t\t\r\n\t\t\t\t\t\t\t<div class=\"elementor-container elementor-column-gap-default\">\r\n\t\t\t\t\t\t\t\t\t\t\t<div class=\"elementor-column elementor-col-100 elementor-top-column elementor-element elementor-element-0705ce1\" data-id=\"0705ce1\" data-element_type=\"column\">\r\n\t\t\t\t\t<div class=\"elementor-widget-wrap elementor-element-populated\">\r\n\t\t\t\t\t\t\t\t<div class=\"elementor-element elementor-element-712c1a2 elementor-widget elementor-widget-porto_ultimate_heading\" data-id=\"712c1a2\" data-element_type=\"widget\" data-widget_type=\"porto_ultimate_heading.default\">\n\t\t\t\t<div class=\"elementor-widget-container\">\n\t\t\t<div class=\"porto-u-heading  porto-u-5277\"><div class=\"porto-u-main-heading\"><h2   >\u00dcber uns<\/h2><\/div><style>.porto-u-5277.porto-u-heading{text-align:center}<\/style><\/div>\t\t<\/div>\n\t\t\t\t<\/div>\n\t\t\t\t<div class=\"elementor-element elementor-element-6fbd8bb elementor-widget elementor-widget-text-editor\" data-id=\"6fbd8bb\" data-element_type=\"widget\" data-widget_type=\"text-editor.default\">\n\t\t\t\t<div class=\"elementor-widget-container\">\n\t\t\t\t\t\t\t<p>Wir haben diese Firma, NOVO BEST CONCEPT TEAM, mit einer Idee gegr\u00fcndet: 360 Photo Booth PRO Plattformen zum bestm\u00f6glichen Preis anzubieten. Von diesem Zeitpunkt an haben wir alles getan, um die Kosten zu optimieren, damit wir Ihnen die Produkte mit dem besten Preis-Leistungs-Verh\u00e4ltnis anbieten k\u00f6nnen.<\/p>\n<p>Wir wollen wirtschaftliche Chancen f\u00fcr mehr als 25.000 Unternehmen aus der ganzen Welt schaffen.&nbsp;<\/p>\n<p>Unser Unternehmen befindet sich in Bucuresti, Calea Mosilor, nr. 88, sc. F, ap. 82, Sektor 3, Rum\u00e4nien.<\/p>\n<p>Wir sind die EINZIGEN in Europa, die 360-Kamera-Kabinenplattformen mit einer 2-Jahres-GARANTIE und der M\u00f6glichkeit einer Garantieverl\u00e4ngerung auf bis zu 3 Jahre anbieten. Solange die Garantie gilt, holen wir das defekte Produkt KOSTENLOS ab, um es in Betrieb zu nehmen und die Plattform w\u00e4hrend der Reparatur zu ERSETZEN.<\/p>\n<p>Au\u00dferdem sind wir sehr stolz auf die Produkte, die wir anbieten. Wir pr\u00fcfen und testen jede 360VideoBooth PRO Plattform vor der Auslieferung.<\/p>\n<p>Wir haben diese wunderbare Reise mit Online-Shops in Kanada und Rum\u00e4nien begonnen.<\/p>\n<p>Was kommt als N\u00e4chstes? Wir wollen unsere Dienste auf die ganze Welt ausweiten. Nach Kanada und Europa werden wir neue Gesch\u00e4fte in Gro\u00dfbritannien, den USA und S\u00fcdamerika er\u00f6ffnen.<\/p>\t\t\t\t\t\t<\/div>\n\t\t\t\t<\/div>\n\t\t\t\t\t<\/div>\r\n\t\t\t\t<\/div>\r\n\t\t\t\t\t<\/div>\r\n\t\t\t\t<\/section>\r\n\t\t\t\t<\/div>\n\t\t","protected":false},"excerpt":{"rendered":"<p>\u00dcber uns Wir haben diese Firma, NOVO BEST CONCEPT TEAM, mit einer Idee gegr\u00fcndet: 360 Photo Booth PRO Plattformen zum bestm\u00f6glichen Preis anzubieten. Von diesem Zeitpunkt an haben wir alles getan, um die Kosten zu optimieren, damit wir Ihnen die Produkte mit dem besten Preis-Leistungs-Verh\u00e4ltnis anbieten k\u00f6nnen. Wir wollen wirtschaftliche Chancen f\u00fcr mehr als 25.000 [&hellip;]<\/p>\n","protected":false},"author":1,"featured_media":0,"parent":0,"menu_order":0,"comment_status":"closed","ping_status":"closed","template":"elementor_header_footer","meta":{"_acf_changed":false,"footnotes":""},"class_list":["post-5399","page","type-page","status-publish","hentry"],"acf":[],"yoast_head":"<!-- This site is optimized with the Yoast SEO plugin v23.5 - https:\/\/yoast.com\/wordpress\/plugins\/seo\/ -->\n<title>\u00dcber uns - 360PhotoBoothPRO<\/title>\n<meta name=\"description\" content=\"Entdecken Sie unsere Geschichte bei 360 Photo Booth Pro. Erfahren Sie mehr \u00fcber unsere Mission und unser Engagement f\u00fcr qualitativ hochwertige Fotokabinenl\u00f6sungen. Halten Sie mit uns Momente fest.\" \/>\n<meta name=\"robots\" content=\"index, follow, max-snippet:-1, max-image-preview:large, max-video-preview:-1\" \/>\n<link rel=\"canonical\" href=\"https:\/\/360photoboothpro.eu\/de\/ueber-uns\/\" \/>\n<meta property=\"og:locale\" content=\"de_DE\" \/>\n<meta property=\"og:type\" content=\"article\" \/>\n<meta property=\"og:title\" content=\"\u00dcber uns - 360PhotoBoothPRO\" \/>\n<meta property=\"og:description\" content=\"Entdecken Sie unsere Geschichte bei 360 Photo Booth Pro. Erfahren Sie mehr \u00fcber unsere Mission und unser Engagement f\u00fcr qualitativ hochwertige Fotokabinenl\u00f6sungen. Halten Sie mit uns Momente fest.\" \/>\n<meta property=\"og:url\" content=\"https:\/\/360photoboothpro.eu\/de\/ueber-uns\/\" \/>\n<meta property=\"og:site_name\" content=\"360PhotoBoothPRO\" \/>\n<meta property=\"article:publisher\" content=\"https:\/\/www.facebook.com\/360PhotoBoothPRO.Canada\/\" \/>\n<meta property=\"article:modified_time\" content=\"2025-03-12T07:23:18+00:00\" \/>\n<meta name=\"twitter:card\" content=\"summary_large_image\" \/>\n<meta name=\"twitter:label1\" content=\"Gesch\u00e4tzte Lesezeit\" \/>\n\t<meta name=\"twitter:data1\" content=\"1\u00a0Minute\" \/>\n<script type=\"application\/ld+json\" class=\"yoast-schema-graph\">{\"@context\":\"https:\/\/schema.org\",\"@graph\":[{\"@type\":\"WebPage\",\"@id\":\"https:\/\/360photoboothpro.eu\/de\/ueber-uns\/\",\"url\":\"https:\/\/360photoboothpro.eu\/de\/ueber-uns\/\",\"name\":\"\u00dcber uns - 360PhotoBoothPRO\",\"isPartOf\":{\"@id\":\"https:\/\/360photoboothpro.eu\/de\/#website\"},\"datePublished\":\"2023-04-25T07:32:41+00:00\",\"dateModified\":\"2025-03-12T07:23:18+00:00\",\"description\":\"Entdecken Sie unsere Geschichte bei 360 Photo Booth Pro. Erfahren Sie mehr \u00fcber unsere Mission und unser Engagement f\u00fcr qualitativ hochwertige Fotokabinenl\u00f6sungen. Halten Sie mit uns Momente fest.\",\"breadcrumb\":{\"@id\":\"https:\/\/360photoboothpro.eu\/de\/ueber-uns\/#breadcrumb\"},\"inLanguage\":\"de\",\"potentialAction\":[{\"@type\":\"ReadAction\",\"target\":[\"https:\/\/360photoboothpro.eu\/de\/ueber-uns\/\"]}]},{\"@type\":\"BreadcrumbList\",\"@id\":\"https:\/\/360photoboothpro.eu\/de\/ueber-uns\/#breadcrumb\",\"itemListElement\":[{\"@type\":\"ListItem\",\"position\":1,\"name\":\"Home\",\"item\":\"https:\/\/360photoboothpro.eu\/de\/\"},{\"@type\":\"ListItem\",\"position\":2,\"name\":\"\u00dcber uns\"}]},{\"@type\":\"WebSite\",\"@id\":\"https:\/\/360photoboothpro.eu\/de\/#website\",\"url\":\"https:\/\/360photoboothpro.eu\/de\/\",\"name\":\"360PhotoBoothPRO\",\"description\":\"360PhotoBoothPRO\",\"publisher\":{\"@id\":\"https:\/\/360photoboothpro.eu\/de\/#organization\"},\"potentialAction\":[{\"@type\":\"SearchAction\",\"target\":{\"@type\":\"EntryPoint\",\"urlTemplate\":\"https:\/\/360photoboothpro.eu\/de\/?s={search_term_string}\"},\"query-input\":{\"@type\":\"PropertyValueSpecification\",\"valueRequired\":true,\"valueName\":\"search_term_string\"}}],\"inLanguage\":\"de\"},{\"@type\":\"Organization\",\"@id\":\"https:\/\/360photoboothpro.eu\/de\/#organization\",\"name\":\"360PhotoBoothPRO\",\"url\":\"https:\/\/360photoboothpro.eu\/de\/\",\"logo\":{\"@type\":\"ImageObject\",\"inLanguage\":\"de\",\"@id\":\"https:\/\/360photoboothpro.eu\/de\/#\/schema\/logo\/image\/\",\"url\":\"https:\/\/360photoboothpro.eu\/wp-content\/uploads\/2023\/03\/logo-360photoboothpro-favicon.png\",\"contentUrl\":\"https:\/\/360photoboothpro.eu\/wp-content\/uploads\/2023\/03\/logo-360photoboothpro-favicon.png\",\"width\":317,\"height\":317,\"caption\":\"360PhotoBoothPRO\"},\"image\":{\"@id\":\"https:\/\/360photoboothpro.eu\/de\/#\/schema\/logo\/image\/\"},\"sameAs\":[\"https:\/\/www.facebook.com\/360PhotoBoothPRO.Canada\/\"]}]}<\/script>\n<!-- \/ Yoast SEO plugin. -->","yoast_head_json":{"title":"\u00dcber uns - 360PhotoBoothPRO","description":"Entdecken Sie unsere Geschichte bei 360 Photo Booth Pro. Erfahren Sie mehr \u00fcber unsere Mission und unser Engagement f\u00fcr qualitativ hochwertige Fotokabinenl\u00f6sungen. Halten Sie mit uns Momente fest.","robots":{"index":"index","follow":"follow","max-snippet":"max-snippet:-1","max-image-preview":"max-image-preview:large","max-video-preview":"max-video-preview:-1"},"canonical":"https:\/\/360photoboothpro.eu\/de\/ueber-uns\/","og_locale":"de_DE","og_type":"article","og_title":"\u00dcber uns - 360PhotoBoothPRO","og_description":"Entdecken Sie unsere Geschichte bei 360 Photo Booth Pro. Erfahren Sie mehr \u00fcber unsere Mission und unser Engagement f\u00fcr qualitativ hochwertige Fotokabinenl\u00f6sungen. Halten Sie mit uns Momente fest.","og_url":"https:\/\/360photoboothpro.eu\/de\/ueber-uns\/","og_site_name":"360PhotoBoothPRO","article_publisher":"https:\/\/www.facebook.com\/360PhotoBoothPRO.Canada\/","article_modified_time":"2025-03-12T07:23:18+00:00","twitter_card":"summary_large_image","twitter_misc":{"Gesch\u00e4tzte Lesezeit":"1\u00a0Minute"},"schema":{"@context":"https:\/\/schema.org","@graph":[{"@type":"WebPage","@id":"https:\/\/360photoboothpro.eu\/de\/ueber-uns\/","url":"https:\/\/360photoboothpro.eu\/de\/ueber-uns\/","name":"\u00dcber uns - 360PhotoBoothPRO","isPartOf":{"@id":"https:\/\/360photoboothpro.eu\/de\/#website"},"datePublished":"2023-04-25T07:32:41+00:00","dateModified":"2025-03-12T07:23:18+00:00","description":"Entdecken Sie unsere Geschichte bei 360 Photo Booth Pro. Erfahren Sie mehr \u00fcber unsere Mission und unser Engagement f\u00fcr qualitativ hochwertige Fotokabinenl\u00f6sungen. Halten Sie mit uns Momente fest.","breadcrumb":{"@id":"https:\/\/360photoboothpro.eu\/de\/ueber-uns\/#breadcrumb"},"inLanguage":"de","potentialAction":[{"@type":"ReadAction","target":["https:\/\/360photoboothpro.eu\/de\/ueber-uns\/"]}]},{"@type":"BreadcrumbList","@id":"https:\/\/360photoboothpro.eu\/de\/ueber-uns\/#breadcrumb","itemListElement":[{"@type":"ListItem","position":1,"name":"Home","item":"https:\/\/360photoboothpro.eu\/de\/"},{"@type":"ListItem","position":2,"name":"\u00dcber uns"}]},{"@type":"WebSite","@id":"https:\/\/360photoboothpro.eu\/de\/#website","url":"https:\/\/360photoboothpro.eu\/de\/","name":"360PhotoBoothPRO","description":"360PhotoBoothPRO","publisher":{"@id":"https:\/\/360photoboothpro.eu\/de\/#organization"},"potentialAction":[{"@type":"SearchAction","target":{"@type":"EntryPoint","urlTemplate":"https:\/\/360photoboothpro.eu\/de\/?s={search_term_string}"},"query-input":{"@type":"PropertyValueSpecification","valueRequired":true,"valueName":"search_term_string"}}],"inLanguage":"de"},{"@type":"Organization","@id":"https:\/\/360photoboothpro.eu\/de\/#organization","name":"360PhotoBoothPRO","url":"https:\/\/360photoboothpro.eu\/de\/","logo":{"@type":"ImageObject","inLanguage":"de","@id":"https:\/\/360photoboothpro.eu\/de\/#\/schema\/logo\/image\/","url":"https:\/\/360photoboothpro.eu\/wp-content\/uploads\/2023\/03\/logo-360photoboothpro-favicon.png","contentUrl":"https:\/\/360photoboothpro.eu\/wp-content\/uploads\/2023\/03\/logo-360photoboothpro-favicon.png","width":317,"height":317,"caption":"360PhotoBoothPRO"},"image":{"@id":"https:\/\/360photoboothpro.eu\/de\/#\/schema\/logo\/image\/"},"sameAs":["https:\/\/www.facebook.com\/360PhotoBoothPRO.Canada\/"]}]}},"_links":{"self":[{"href":"https:\/\/360photoboothpro.eu\/de\/wp-json\/wp\/v2\/pages\/5399"}],"collection":[{"href":"https:\/\/360photoboothpro.eu\/de\/wp-json\/wp\/v2\/pages"}],"about":[{"href":"https:\/\/360photoboothpro.eu\/de\/wp-json\/wp\/v2\/types\/page"}],"author":[{"embeddable":true,"href":"https:\/\/360photoboothpro.eu\/de\/wp-json\/wp\/v2\/users\/1"}],"replies":[{"embeddable":true,"href":"https:\/\/360photoboothpro.eu\/de\/wp-json\/wp\/v2\/comments?post=5399"}],"version-history":[{"count":9,"href":"https:\/\/360photoboothpro.eu\/de\/wp-json\/wp\/v2\/pages\/5399\/revisions"}],"predecessor-version":[{"id":14634,"href":"https:\/\/360photoboothpro.eu\/de\/wp-json\/wp\/v2\/pages\/5399\/revisions\/14634"}],"wp:attachment":[{"href":"https:\/\/360photoboothpro.eu\/de\/wp-json\/wp\/v2\/media?parent=5399"}],"curies":[{"name":"wp","href":"https:\/\/api.w.org\/{rel}","templated":true}]}}