{"id":10518,"date":"2023-09-27T12:48:22","date_gmt":"2023-09-27T10:48:22","guid":{"rendered":"https:\/\/360photoboothpro.eu\/?post_type=product&#038;p=10518"},"modified":"2025-12-11T16:06:08","modified_gmt":"2025-12-11T14:06:08","slug":"magischer-spiegel-pro-schlankes-photobooth-165-1-cm","status":"publish","type":"product","link":"https:\/\/360photoboothpro.eu\/de\/produkt\/magischer-spiegel-pro-schlankes-photobooth-165-1-cm\/","title":{"rendered":"Magic Mirror Pro-Slim Photobooth 165,1 cm"},"content":{"rendered":"<p id=\"tw-target-text\" class=\"tw-data-text tw-text-large tw-ta\" dir=\"ltr\" data-placeholder=\"Traducere\"><span class=\"Y2IQFc\" lang=\"en\">Wir bieten zum VERKAUF (und wir bieten TECHNISCHE UNTERST\u00dcTZUNG f\u00fcr INSTALLATION) Magic Mirror Pro-Slim Photo Booth 165.1 cm:  <\/span><\/p>\n<ul>\n<li>  Der magische Spiegel mit einer Diagonale von 165,1 cm, einer Breite von 69 cm und einer H\u00f6he von 153 cm<\/li>\n<li>  Metallgeh\u00e4use f\u00fcr den Magic Mirror Fotoautomaten<\/li>\n<li>  Original-TV-Panel mit einem Durchmesser von 81,28 cm<\/li>\n<li>  Kreisf\u00f6rmige LED-Lampe<\/li>\n<li>  In das Geh\u00e4use integrierte Bluetooth-RGB-LEDs mit Farbwechsel per Fernbedienung<\/li>\n<li>  Mini-PC Intel Core i5 CPU, 8GB Ram, 256GB SSD, Windows 10 Pro Lizenz<\/li>\n<li>  Kamera Canon D2000 s+ 18-55 Objektiv<\/li>\n<li>  Professioneller Thermo-Fotodrucker Hiti P525L &#8211; Fotokabinendrucker<\/li>\n<li>  Verbrauchsmaterial f\u00fcr 1000 Ausdrucke 10 x 15 cm<\/li>\n<li>  Vorinstallierte, von unserem Lieferanten entwickelte und getestete Fertigungssoftware mit den folgenden Funktionen: Verwenden Sie die eingebauten Animationen oder laden Sie Ihre eigenen hoch, um Ihren G\u00e4sten ein einzigartiges Erlebnis zu bieten. Lassen Sie Ihre G\u00e4ste ihre Unterschrift zeichnen und in ihren Abdruck einf\u00fcgen, um das Erlebnis noch pers\u00f6nlicher zu gestalten; Passen Sie die Bildschirme, die Ihre G\u00e4ste sehen, mit Ihren eigenen Grafiken, Logos und Schaltfl\u00e4chen perfekt an Ihre Veranstaltung an; teilen Sie Ihre Fotos und Videos ganz einfach per E-Mail, SMS, AirDrop, QR-Code und drucken Sie Ihre Fotos aus; erhalten Sie Abz\u00fcge in h\u00f6chster Qualit\u00e4t, indem Sie den integrierten Vorlageneditor verwenden, um Ihr Logo, Ihren Text oder andere Grafiken hinzuzuf\u00fcgen.<\/li>\n<li>  Kapazitive Ber\u00fchrungstechnologie<\/li>\n<li>  Verpackungssystem: Flugbox und Holzkiste<\/li>\n<li>  Die Abmessungen der Flightbox sind: 161*28*85 cm, und das Gewicht betr\u00e4gt 86 kg<\/li>\n<li>  Technische Hilfe<\/li>\n<\/ul>\n","protected":false},"excerpt":{"rendered":"<p>Unser Unternehmen befindet sich in Rum\u00e4nien.<br \/>\nWir versenden die Produkte aus unserem Lager.<br \/>\nDas Produkt wird innerhalb von 5-7 Arbeitstagen an Sie versandt.<\/p>\n","protected":false},"featured_media":10655,"comment_status":"open","ping_status":"closed","template":"","meta":{"_acf_changed":false},"product_cat":[500],"product_tag":[],"class_list":{"0":"post-10518","1":"product","2":"type-product","3":"status-publish","4":"has-post-thumbnail","6":"product_cat-magischer-spiegel","8":"first","9":"instock","10":"taxable","11":"shipping-taxable","12":"purchasable","13":"product-type-simple"},"acf":[],"yoast_head":"<!-- This site is optimized with the Yoast SEO plugin v23.5 - https:\/\/yoast.com\/wordpress\/plugins\/seo\/ -->\n<title>Magic Mirror Pro-Slim Photobooth 165,1 cm - 360PhotoBoothPRO<\/title>\n<meta name=\"description\" content=\"Photo Booth PRO is an online store where you can buy quality Magic Mirror Pro-Slim Photobooth 165,1 cm at an affordable price. Buy now!\" \/>\n<meta name=\"robots\" content=\"index, follow, max-snippet:-1, max-image-preview:large, max-video-preview:-1\" \/>\n<link rel=\"canonical\" href=\"https:\/\/360photoboothpro.eu\/de\/produkt\/magischer-spiegel-pro-schlankes-photobooth-165-1-cm\/\" \/>\n<meta property=\"og:locale\" content=\"de_DE\" \/>\n<meta property=\"og:type\" content=\"article\" \/>\n<meta property=\"og:title\" content=\"Magic Mirror Pro-Slim Photobooth 165,1 cm - 360PhotoBoothPRO\" \/>\n<meta property=\"og:description\" content=\"Photo Booth PRO is an online store where you can buy quality Magic Mirror Pro-Slim Photobooth 165,1 cm at an affordable price. Buy now!\" \/>\n<meta property=\"og:url\" content=\"https:\/\/360photoboothpro.eu\/de\/produkt\/magischer-spiegel-pro-schlankes-photobooth-165-1-cm\/\" \/>\n<meta property=\"og:site_name\" content=\"360PhotoBoothPRO\" \/>\n<meta property=\"article:publisher\" content=\"https:\/\/www.facebook.com\/360PhotoBoothPRO.Canada\/\" \/>\n<meta property=\"article:modified_time\" content=\"2025-12-11T14:06:08+00:00\" \/>\n<meta property=\"og:image\" content=\"https:\/\/360photoboothpro.eu\/wp-content\/uploads\/2023\/09\/magic-mirror-slim-photobooth-for-sale-social.jpg\" \/>\n<meta name=\"twitter:card\" content=\"summary_large_image\" \/>\n<meta name=\"twitter:label1\" content=\"Gesch\u00e4tzte Lesezeit\" \/>\n\t<meta name=\"twitter:data1\" content=\"2\u00a0Minuten\" \/>\n<script type=\"application\/ld+json\" class=\"yoast-schema-graph\">{\"@context\":\"https:\/\/schema.org\",\"@graph\":[{\"@type\":\"WebPage\",\"@id\":\"https:\/\/360photoboothpro.eu\/de\/produkt\/magischer-spiegel-pro-schlankes-photobooth-165-1-cm\/\",\"url\":\"https:\/\/360photoboothpro.eu\/de\/produkt\/magischer-spiegel-pro-schlankes-photobooth-165-1-cm\/\",\"name\":\"Magic Mirror Pro-Slim Photobooth 165,1 cm - 360PhotoBoothPRO\",\"isPartOf\":{\"@id\":\"https:\/\/360photoboothpro.eu\/de\/#website\"},\"primaryImageOfPage\":{\"@id\":\"https:\/\/360photoboothpro.eu\/de\/produkt\/magischer-spiegel-pro-schlankes-photobooth-165-1-cm\/#primaryimage\"},\"image\":{\"@id\":\"https:\/\/360photoboothpro.eu\/de\/produkt\/magischer-spiegel-pro-schlankes-photobooth-165-1-cm\/#primaryimage\"},\"thumbnailUrl\":\"https:\/\/360photoboothpro.eu\/wp-content\/uploads\/2023\/09\/magic-mirror-proslim.jpg\",\"datePublished\":\"2023-09-27T10:48:22+00:00\",\"dateModified\":\"2025-12-11T14:06:08+00:00\",\"description\":\"Photo Booth PRO is an online store where you can buy quality Magic Mirror Pro-Slim Photobooth 165,1 cm at an affordable price. Buy now!\",\"breadcrumb\":{\"@id\":\"https:\/\/360photoboothpro.eu\/de\/produkt\/magischer-spiegel-pro-schlankes-photobooth-165-1-cm\/#breadcrumb\"},\"inLanguage\":\"de\",\"potentialAction\":[{\"@type\":\"ReadAction\",\"target\":[\"https:\/\/360photoboothpro.eu\/de\/produkt\/magischer-spiegel-pro-schlankes-photobooth-165-1-cm\/\"]}]},{\"@type\":\"ImageObject\",\"inLanguage\":\"de\",\"@id\":\"https:\/\/360photoboothpro.eu\/de\/produkt\/magischer-spiegel-pro-schlankes-photobooth-165-1-cm\/#primaryimage\",\"url\":\"https:\/\/360photoboothpro.eu\/wp-content\/uploads\/2023\/09\/magic-mirror-proslim.jpg\",\"contentUrl\":\"https:\/\/360photoboothpro.eu\/wp-content\/uploads\/2023\/09\/magic-mirror-proslim.jpg\",\"width\":797,\"height\":797,\"caption\":\"magic mirror photobooth slim for sale\"},{\"@type\":\"BreadcrumbList\",\"@id\":\"https:\/\/360photoboothpro.eu\/de\/produkt\/magischer-spiegel-pro-schlankes-photobooth-165-1-cm\/#breadcrumb\",\"itemListElement\":[{\"@type\":\"ListItem\",\"position\":1,\"name\":\"Home\",\"item\":\"https:\/\/360photoboothpro.eu\/de\/\"},{\"@type\":\"ListItem\",\"position\":2,\"name\":\"Shop\",\"item\":\"https:\/\/360photoboothpro.eu\/de\/shop\/\"},{\"@type\":\"ListItem\",\"position\":3,\"name\":\"Magic Mirror Pro-Slim Photobooth 165,1 cm\"}]},{\"@type\":\"WebSite\",\"@id\":\"https:\/\/360photoboothpro.eu\/de\/#website\",\"url\":\"https:\/\/360photoboothpro.eu\/de\/\",\"name\":\"360PhotoBoothPRO\",\"description\":\"360PhotoBoothPRO\",\"publisher\":{\"@id\":\"https:\/\/360photoboothpro.eu\/de\/#organization\"},\"potentialAction\":[{\"@type\":\"SearchAction\",\"target\":{\"@type\":\"EntryPoint\",\"urlTemplate\":\"https:\/\/360photoboothpro.eu\/de\/?s={search_term_string}\"},\"query-input\":{\"@type\":\"PropertyValueSpecification\",\"valueRequired\":true,\"valueName\":\"search_term_string\"}}],\"inLanguage\":\"de\"},{\"@type\":\"Organization\",\"@id\":\"https:\/\/360photoboothpro.eu\/de\/#organization\",\"name\":\"360PhotoBoothPRO\",\"url\":\"https:\/\/360photoboothpro.eu\/de\/\",\"logo\":{\"@type\":\"ImageObject\",\"inLanguage\":\"de\",\"@id\":\"https:\/\/360photoboothpro.eu\/de\/#\/schema\/logo\/image\/\",\"url\":\"https:\/\/360photoboothpro.eu\/wp-content\/uploads\/2023\/03\/logo-360photoboothpro-favicon.png\",\"contentUrl\":\"https:\/\/360photoboothpro.eu\/wp-content\/uploads\/2023\/03\/logo-360photoboothpro-favicon.png\",\"width\":317,\"height\":317,\"caption\":\"360PhotoBoothPRO\"},\"image\":{\"@id\":\"https:\/\/360photoboothpro.eu\/de\/#\/schema\/logo\/image\/\"},\"sameAs\":[\"https:\/\/www.facebook.com\/360PhotoBoothPRO.Canada\/\"]}]}<\/script>\n<!-- \/ Yoast SEO plugin. -->","yoast_head_json":{"title":"Magic Mirror Pro-Slim Photobooth 165,1 cm - 360PhotoBoothPRO","description":"Photo Booth PRO is an online store where you can buy quality Magic Mirror Pro-Slim Photobooth 165,1 cm at an affordable price. Buy now!","robots":{"index":"index","follow":"follow","max-snippet":"max-snippet:-1","max-image-preview":"max-image-preview:large","max-video-preview":"max-video-preview:-1"},"canonical":"https:\/\/360photoboothpro.eu\/de\/produkt\/magischer-spiegel-pro-schlankes-photobooth-165-1-cm\/","og_locale":"de_DE","og_type":"article","og_title":"Magic Mirror Pro-Slim Photobooth 165,1 cm - 360PhotoBoothPRO","og_description":"Photo Booth PRO is an online store where you can buy quality Magic Mirror Pro-Slim Photobooth 165,1 cm at an affordable price. Buy now!","og_url":"https:\/\/360photoboothpro.eu\/de\/produkt\/magischer-spiegel-pro-schlankes-photobooth-165-1-cm\/","og_site_name":"360PhotoBoothPRO","article_publisher":"https:\/\/www.facebook.com\/360PhotoBoothPRO.Canada\/","article_modified_time":"2025-12-11T14:06:08+00:00","og_image":[{"url":"https:\/\/360photoboothpro.eu\/wp-content\/uploads\/2023\/09\/magic-mirror-slim-photobooth-for-sale-social.jpg"}],"twitter_card":"summary_large_image","twitter_misc":{"Gesch\u00e4tzte Lesezeit":"2\u00a0Minuten"},"schema":{"@context":"https:\/\/schema.org","@graph":[{"@type":"WebPage","@id":"https:\/\/360photoboothpro.eu\/de\/produkt\/magischer-spiegel-pro-schlankes-photobooth-165-1-cm\/","url":"https:\/\/360photoboothpro.eu\/de\/produkt\/magischer-spiegel-pro-schlankes-photobooth-165-1-cm\/","name":"Magic Mirror Pro-Slim Photobooth 165,1 cm - 360PhotoBoothPRO","isPartOf":{"@id":"https:\/\/360photoboothpro.eu\/de\/#website"},"primaryImageOfPage":{"@id":"https:\/\/360photoboothpro.eu\/de\/produkt\/magischer-spiegel-pro-schlankes-photobooth-165-1-cm\/#primaryimage"},"image":{"@id":"https:\/\/360photoboothpro.eu\/de\/produkt\/magischer-spiegel-pro-schlankes-photobooth-165-1-cm\/#primaryimage"},"thumbnailUrl":"https:\/\/360photoboothpro.eu\/wp-content\/uploads\/2023\/09\/magic-mirror-proslim.jpg","datePublished":"2023-09-27T10:48:22+00:00","dateModified":"2025-12-11T14:06:08+00:00","description":"Photo Booth PRO is an online store where you can buy quality Magic Mirror Pro-Slim Photobooth 165,1 cm at an affordable price. Buy now!","breadcrumb":{"@id":"https:\/\/360photoboothpro.eu\/de\/produkt\/magischer-spiegel-pro-schlankes-photobooth-165-1-cm\/#breadcrumb"},"inLanguage":"de","potentialAction":[{"@type":"ReadAction","target":["https:\/\/360photoboothpro.eu\/de\/produkt\/magischer-spiegel-pro-schlankes-photobooth-165-1-cm\/"]}]},{"@type":"ImageObject","inLanguage":"de","@id":"https:\/\/360photoboothpro.eu\/de\/produkt\/magischer-spiegel-pro-schlankes-photobooth-165-1-cm\/#primaryimage","url":"https:\/\/360photoboothpro.eu\/wp-content\/uploads\/2023\/09\/magic-mirror-proslim.jpg","contentUrl":"https:\/\/360photoboothpro.eu\/wp-content\/uploads\/2023\/09\/magic-mirror-proslim.jpg","width":797,"height":797,"caption":"magic mirror photobooth slim for sale"},{"@type":"BreadcrumbList","@id":"https:\/\/360photoboothpro.eu\/de\/produkt\/magischer-spiegel-pro-schlankes-photobooth-165-1-cm\/#breadcrumb","itemListElement":[{"@type":"ListItem","position":1,"name":"Home","item":"https:\/\/360photoboothpro.eu\/de\/"},{"@type":"ListItem","position":2,"name":"Shop","item":"https:\/\/360photoboothpro.eu\/de\/shop\/"},{"@type":"ListItem","position":3,"name":"Magic Mirror Pro-Slim Photobooth 165,1 cm"}]},{"@type":"WebSite","@id":"https:\/\/360photoboothpro.eu\/de\/#website","url":"https:\/\/360photoboothpro.eu\/de\/","name":"360PhotoBoothPRO","description":"360PhotoBoothPRO","publisher":{"@id":"https:\/\/360photoboothpro.eu\/de\/#organization"},"potentialAction":[{"@type":"SearchAction","target":{"@type":"EntryPoint","urlTemplate":"https:\/\/360photoboothpro.eu\/de\/?s={search_term_string}"},"query-input":{"@type":"PropertyValueSpecification","valueRequired":true,"valueName":"search_term_string"}}],"inLanguage":"de"},{"@type":"Organization","@id":"https:\/\/360photoboothpro.eu\/de\/#organization","name":"360PhotoBoothPRO","url":"https:\/\/360photoboothpro.eu\/de\/","logo":{"@type":"ImageObject","inLanguage":"de","@id":"https:\/\/360photoboothpro.eu\/de\/#\/schema\/logo\/image\/","url":"https:\/\/360photoboothpro.eu\/wp-content\/uploads\/2023\/03\/logo-360photoboothpro-favicon.png","contentUrl":"https:\/\/360photoboothpro.eu\/wp-content\/uploads\/2023\/03\/logo-360photoboothpro-favicon.png","width":317,"height":317,"caption":"360PhotoBoothPRO"},"image":{"@id":"https:\/\/360photoboothpro.eu\/de\/#\/schema\/logo\/image\/"},"sameAs":["https:\/\/www.facebook.com\/360PhotoBoothPRO.Canada\/"]}]}},"_links":{"self":[{"href":"https:\/\/360photoboothpro.eu\/de\/wp-json\/wp\/v2\/product\/10518"}],"collection":[{"href":"https:\/\/360photoboothpro.eu\/de\/wp-json\/wp\/v2\/product"}],"about":[{"href":"https:\/\/360photoboothpro.eu\/de\/wp-json\/wp\/v2\/types\/product"}],"replies":[{"embeddable":true,"href":"https:\/\/360photoboothpro.eu\/de\/wp-json\/wp\/v2\/comments?post=10518"}],"wp:featuredmedia":[{"embeddable":true,"href":"https:\/\/360photoboothpro.eu\/de\/wp-json\/wp\/v2\/media\/10655"}],"wp:attachment":[{"href":"https:\/\/360photoboothpro.eu\/de\/wp-json\/wp\/v2\/media?parent=10518"}],"wp:term":[{"taxonomy":"product_cat","embeddable":true,"href":"https:\/\/360photoboothpro.eu\/de\/wp-json\/wp\/v2\/product_cat?post=10518"},{"taxonomy":"product_tag","embeddable":true,"href":"https:\/\/360photoboothpro.eu\/de\/wp-json\/wp\/v2\/product_tag?post=10518"}],"curies":[{"name":"wp","href":"https:\/\/api.w.org\/{rel}","templated":true}]}}