{"id":12591,"date":"2024-02-14T14:51:44","date_gmt":"2024-02-14T12:51:44","guid":{"rendered":"https:\/\/360photoboothpro.eu\/?post_type=product&#038;p=12591"},"modified":"2024-12-01T12:28:56","modified_gmt":"2024-12-01T10:28:56","slug":"upgrade-zu-komplettem-plug-play-paket","status":"publish","type":"product","link":"https:\/\/360photoboothpro.eu\/de\/produkt\/upgrade-zu-komplettem-plug-play-paket\/","title":{"rendered":"UPGRADE auf FULL PLUG &amp; PLAY PACKAGE"},"content":{"rendered":"<p>Dieses UPGRADE kann NUR ZUSAMMEN mit einer der 360 Plattformen in dieser Kategorie erworben werden: <a href=\"https:\/\/360photoboothpro.eu\/de\/produkt-kategorie\/360-photo-booth-platforms\/\">360 Photo Booth Plattformen<\/a><\/p>\n<p>Der Kauf dieses UPGRADE beinhaltet, dass der 360 Photo Booth Plattform FOLGENDES ZUS\u00c4TZLICH hinzugef\u00fcgt wird:<\/p>\n<style>.elementor-5698 .elementor-element.elementor-element-6eb62ad .elementor-icon-list-items:not(.elementor-inline-items) .elementor-icon-list-item:not(:last-child){padding-bottom:calc(11px\/2);}.elementor-5698 .elementor-element.elementor-element-6eb62ad .elementor-icon-list-items:not(.elementor-inline-items) .elementor-icon-list-item:not(:first-child){margin-top:calc(11px\/2);}.elementor-5698 .elementor-element.elementor-element-6eb62ad .elementor-icon-list-items.elementor-inline-items .elementor-icon-list-item{margin-right:calc(11px\/2);margin-left:calc(11px\/2);}.elementor-5698 .elementor-element.elementor-element-6eb62ad .elementor-icon-list-items.elementor-inline-items{margin-right:calc(-11px\/2);margin-left:calc(-11px\/2);}body.rtl .elementor-5698 .elementor-element.elementor-element-6eb62ad .elementor-icon-list-items.elementor-inline-items .elementor-icon-list-item:after{left:calc(-11px\/2);}body:not(.rtl) .elementor-5698 .elementor-element.elementor-element-6eb62ad .elementor-icon-list-items.elementor-inline-items .elementor-icon-list-item:after{right:calc(-11px\/2);}.elementor-5698 .elementor-element.elementor-element-6eb62ad .elementor-icon-list-icon i{color:#61CE70;transition:color 0.3s;}.elementor-5698 .elementor-element.elementor-element-6eb62ad .elementor-icon-list-icon svg{fill:#61CE70;transition:fill 0.3s;}.elementor-5698 .elementor-element.elementor-element-6eb62ad .elementor-icon-list-item:hover .elementor-icon-list-icon i{color:#6EC1E4;}.elementor-5698 .elementor-element.elementor-element-6eb62ad .elementor-icon-list-item:hover .elementor-icon-list-icon svg{fill:#6EC1E4;}.elementor-5698 .elementor-element.elementor-element-6eb62ad{--e-icon-list-icon-size:29px;--icon-vertical-offset:0px;}.elementor-5698 .elementor-element.elementor-element-6eb62ad .elementor-icon-list-text{transition:color 0.3s;}<\/style><div class=\"porto-block elementor elementor-5698\" data-id=\"5698\">\t\t<section class=\"elementor-section elementor-top-section elementor-element elementor-element-7411f33 elementor-section-boxed elementor-section-height-default elementor-section-height-default\" data-id=\"7411f33\" data-element_type=\"section\">\r\n\t\t\r\n\t\t\t\t\t\t\t<div class=\"elementor-container elementor-column-gap-default\">\r\n\t\t\t\t\t\t\t\t\t\t\t<div class=\"elementor-column elementor-col-100 elementor-top-column elementor-element elementor-element-a632ad4\" data-id=\"a632ad4\" data-element_type=\"column\">\r\n\t\t\t\t\t<div class=\"elementor-widget-wrap elementor-element-populated\">\r\n\t\t\t\t\t\t\t\t<div class=\"elementor-element elementor-element-6eb62ad elementor-icon-list--layout-traditional elementor-list-item-link-full_width elementor-widget elementor-widget-icon-list\" data-id=\"6eb62ad\" data-element_type=\"widget\" data-widget_type=\"icon-list.default\">\n\t\t\t\t<div class=\"elementor-widget-container\">\n\t\t\t\t\t<ul class=\"elementor-icon-list-items\">\n\t\t\t\t\t\t\t<li class=\"elementor-icon-list-item\">\n\t\t\t\t\t\t\t\t\t\t\t<span class=\"elementor-icon-list-icon\">\n\t\t\t\t\t\t\t<i aria-hidden=\"true\" class=\"fas fa-check\"><\/i>\t\t\t\t\t\t<\/span>\n\t\t\t\t\t\t\t\t\t\t<span class=\"elementor-icon-list-text\">4k Sport-VIDEOKAMERA GoPro 10 Black (Sie k\u00f6nnen auf GoPro 11 Black aufr\u00fcsten);<\/span>\n\t\t\t\t\t\t\t\t\t<\/li>\n\t\t\t\t\t\t\t\t<li class=\"elementor-icon-list-item\">\n\t\t\t\t\t\t\t\t\t\t\t<span class=\"elementor-icon-list-icon\">\n\t\t\t\t\t\t\t<i aria-hidden=\"true\" class=\"fas fa-check\"><\/i>\t\t\t\t\t\t<\/span>\n\t\t\t\t\t\t\t\t\t\t<span class=\"elementor-icon-list-text\">SanDisk Micro SD Hight Endurance MEMORY CARD, 128GB, Class 10, KOMPATIBEL mit GoPro, die sowohl Full HD als auch 4K VIDEO CLIPS aufnehmen kann. Diese Karte hat die Geschwindigkeitsklasse UHS-I (Ultra Hight Speed-1), V30 (Video Speed Class 30), die garantiert, dass die Schreibgeschwindigkeit nicht unter 30 MB\/s f\u00e4llt (sie erreicht bis zu 40 MB\/s). Die Lese\u00fcbertragungsrate kann bis zu 100 MB\/s erreichen. Sie ist SCHLAGFEST, H\u00d6CHSTTEMPERATURBEST\u00c4NDIG und enth\u00e4lt einen microSD zu SD ADAPTER mit einem Schreibschutzschalter, der die Verwendung dieser Karte mit SD-kompatiblen Ger\u00e4ten erm\u00f6glicht.<\/span>\n\t\t\t\t\t\t\t\t\t<\/li>\n\t\t\t\t\t\t\t\t<li class=\"elementor-icon-list-item\">\n\t\t\t\t\t\t\t\t\t\t\t<span class=\"elementor-icon-list-icon\">\n\t\t\t\t\t\t\t<i aria-hidden=\"true\" class=\"fas fa-check\"><\/i>\t\t\t\t\t\t<\/span>\n\t\t\t\t\t\t\t\t\t\t<span class=\"elementor-icon-list-text\">ANSCHL\u00dcSSE, die f\u00fcr den Betrieb der GoPro erforderlich sind (USB-Stromkabel Typ C, Schnellladeger\u00e4t, SEKUND\u00c4RER DRAHTLOSER ADAPTOR);<\/span>\n\t\t\t\t\t\t\t\t\t<\/li>\n\t\t\t\t\t\t\t\t<li class=\"elementor-icon-list-item\">\n\t\t\t\t\t\t\t\t\t\t\t<span class=\"elementor-icon-list-icon\">\n\t\t\t\t\t\t\t<i aria-hidden=\"true\" class=\"fas fa-check\"><\/i>\t\t\t\t\t\t<\/span>\n\t\t\t\t\t\t\t\t\t\t<span class=\"elementor-icon-list-text\">SOFTWARE \"toolsforgopro\";<\/span>\n\t\t\t\t\t\t\t\t\t<\/li>\n\t\t\t\t\t\t\t\t<li class=\"elementor-icon-list-item\">\n\t\t\t\t\t\t\t\t\t\t\t<span class=\"elementor-icon-list-icon\">\n\t\t\t\t\t\t\t<i aria-hidden=\"true\" class=\"fas fa-check\"><\/i>\t\t\t\t\t\t<\/span>\n\t\t\t\t\t\t\t\t\t\t<span class=\"elementor-icon-list-text\">Mesh TP-LINK Wireless-System, das f\u00fcr die \u00dcbertragung von Videos ohne Internetzugang erforderlich ist;<\/span>\n\t\t\t\t\t\t\t\t\t<\/li>\n\t\t\t\t\t\t\t\t<li class=\"elementor-icon-list-item\">\n\t\t\t\t\t\t\t\t\t\t\t<span class=\"elementor-icon-list-icon\">\n\t\t\t\t\t\t\t<i aria-hidden=\"true\" class=\"fas fa-check\"><\/i>\t\t\t\t\t\t<\/span>\n\t\t\t\t\t\t\t\t\t\t<span class=\"elementor-icon-list-text\">2 X POWERBANK (BATTERIEN mit 2x USB Typ A Anschl\u00fcssen) mit je 10.000 mAh (1 HAUPT und 1 RESERVE) f\u00fcr die Stromversorgung der GoPRO und des PROFFESIONAL RING LIGHT<\/span>\n\t\t\t\t\t\t\t\t\t<\/li>\n\t\t\t\t\t\t\t\t<li class=\"elementor-icon-list-item\">\n\t\t\t\t\t\t\t\t\t\t\t<span class=\"elementor-icon-list-icon\">\n\t\t\t\t\t\t\t<i aria-hidden=\"true\" class=\"fas fa-check\"><\/i>\t\t\t\t\t\t<\/span>\n\t\t\t\t\t\t\t\t\t\t<span class=\"elementor-icon-list-text\">Video Booth 360 Professional SOFTWARE - INTERFACE IN ENGLISCHER SPRACHE, mit LIZENZ AUF LEBENSZEIT und KOSTENLOSEN UPDATES f\u00fcr 1 Jahr, in der die Videos automatisch gerendert werden, Sie k\u00f6nnen INTRO\/OUTRO, HINTERGRUNDMUSIK, TEMPLATE\/LAYOUT, zahllose GRAFISCHE EFFEKTE (SCHWARZ\/WEISS, BLUR, WELLEN, usw.) und DYNAMISCHE EFFEKTE vom Typ SLOW MOTION, FAST MOTION, ZOOM, BOOMANG, QUAD, QUAD, mit der M\u00f6glichkeit, einen Farbschl\u00fcssel (GRAU) hinzuzuf\u00fcgen.) und DYNAMISCHE EFFEKTE vom Typ SLOW MOTION, FAST MOTION, ZOOM, BOOMERANG, MIRROR, QUAD, STACK mit der M\u00f6glichkeit, einen Farbschl\u00fcssel (GRAU, SEPIA, ROT, GR\u00dcN, BLAU) hinzuzuf\u00fcgen. Ihr \u00dcbergang hat die folgenden Varianten: RANDOM, CROSS, FADE BLACK, FADE WHITE, SLIDE LEFT, SLIDE RIGHT, SLICE LEFT, SLICE RIGHT, RADIAL WIPE, CAMERA, PIXEL. Bildarchiv und Videothek. M\u00f6glichkeit der Verwendung von GREENSCREEN und M\u00f6glichkeit, den aufgenommenen Videos ein LOGO hinzuzuf\u00fcgen. Sie k\u00f6nnen die Aufnahmedauer, die Gr\u00f6\u00dfe des Videoclips, die Bildrate, die Ausrichtung, den Zuschnitt, die Qualit\u00e4t und das Dateiformat ausw\u00e4hlen. SHARING STATION-Funktion INBEGRIFFEN, die KEINE INTERNETVERBINDUNG F\u00dcR G\u00c4STE ERFORDERT, um die CLIPS zu empfangen. Sie k\u00f6nnen die DATEIEN auf dem USB-Stick mit den Event Publisher- und Event Viewer-Details KOPIEREN. Sie k\u00f6nnen Dateien auch \u00fcber die Funktion \"In Ordner kopieren\" und die FTP-Upload-Details in den Cloud-Speicher kopieren. Die Lizenz ist jederzeit auf ein anderes Ger\u00e4t \u00fcbertragbar. L\u00e4uft unter Windows 7, 8, 8.1, 10 und 11.<\/span>\n\t\t\t\t\t\t\t\t\t<\/li>\n\t\t\t\t\t\t<\/ul>\n\t\t\t\t<\/div>\n\t\t\t\t<\/div>\n\t\t\t\t\t<\/div>\r\n\t\t\t\t<\/div>\r\n\t\t\t\t\t<\/div>\r\n\t\t\t\t<\/section>\r\n\t\t<\/div>\n<span class=\"Y2IQFc\" lang=\"en\">OBSERVATION! Um die Software auszuf\u00fchren, ben\u00f6tigen Sie einen LAPTOP mit einer Mindestkonfiguration: i5-Prozessor mit dedizierter Grafikkarte, 8gb RAM und SSD-Festplatte, die separat erworben werden kann (kontaktieren Sie uns f\u00fcr weitere Informationen).<\/span><\/p>\n","protected":false},"excerpt":{"rendered":"<p>Dieses Produkt kann NUR ZUSAMMEN mit einer der 360 Plattformen in dieser Kategorie gekauft werden: <a href=\"https:\/\/360photoboothpro.eu\/product-category\/360-video-booth-platforms\/\">360 Photo Booth Plattformen<\/a><\/p>\n","protected":false},"featured_media":14276,"comment_status":"open","ping_status":"closed","template":"","meta":{"_acf_changed":false},"product_cat":[154],"product_tag":[143,142,144,137,138,147,141,140,139,146,145,148],"class_list":{"0":"post-12591","1":"product","2":"type-product","3":"status-publish","4":"has-post-thumbnail","6":"product_cat-upgrades-fur-360-plattformen","7":"product_tag-360-fotokabine-zu-verkaufen","8":"product_tag-360-fotostand","9":"product_tag-360-selfie-kabine","10":"product_tag-360-stand","11":"product_tag-360-stand-zu-verkaufen","12":"product_tag-360-video-stand-zu-verkaufen","13":"product_tag-360-grad-fotokabine","14":"product_tag-360-kamera-fotokabine","15":"product_tag-360-kamera-kabine","16":"product_tag-360-video-kabine","17":"product_tag-fotokabine-mit-360-drehungen","18":"product_tag-rotierende-fotokabine","20":"first","21":"instock","22":"taxable","23":"shipping-taxable","24":"purchasable","25":"product-type-simple"},"acf":[],"yoast_head":"<!-- This site is optimized with the Yoast SEO plugin v23.5 - https:\/\/yoast.com\/wordpress\/plugins\/seo\/ -->\n<title>UPGRADE auf FULL PLUG &amp; PLAY PACKAGE - 360PhotoBoothPRO<\/title>\n<meta name=\"description\" content=\"Photo Booth PRO is an online store where you can buy quality UPGRADE auf FULL PLUG &amp; PLAY PACKAGE at an affordable price. Buy now!\" \/>\n<meta name=\"robots\" content=\"index, follow, max-snippet:-1, max-image-preview:large, max-video-preview:-1\" \/>\n<link rel=\"canonical\" href=\"https:\/\/360photoboothpro.eu\/de\/produkt\/upgrade-zu-komplettem-plug-play-paket\/\" \/>\n<meta property=\"og:locale\" content=\"de_DE\" \/>\n<meta property=\"og:type\" content=\"article\" \/>\n<meta property=\"og:title\" content=\"UPGRADE auf FULL PLUG &amp; PLAY PACKAGE - 360PhotoBoothPRO\" \/>\n<meta property=\"og:description\" content=\"Photo Booth PRO is an online store where you can buy quality UPGRADE auf FULL PLUG &amp; PLAY PACKAGE at an affordable price. Buy now!\" \/>\n<meta property=\"og:url\" content=\"https:\/\/360photoboothpro.eu\/de\/produkt\/upgrade-zu-komplettem-plug-play-paket\/\" \/>\n<meta property=\"og:site_name\" content=\"360PhotoBoothPRO\" \/>\n<meta property=\"article:publisher\" content=\"https:\/\/www.facebook.com\/360PhotoBoothPRO.Canada\/\" \/>\n<meta property=\"article:modified_time\" content=\"2024-12-01T10:28:56+00:00\" \/>\n<meta property=\"og:image\" content=\"https:\/\/360photoboothpro.eu\/wp-content\/uploads\/2024\/02\/360-photo-booth-pro-full-plug-and-play-package-4.jpg\" \/>\n<meta name=\"twitter:card\" content=\"summary_large_image\" \/>\n<meta name=\"twitter:image\" content=\"https:\/\/360photoboothpro.eu\/wp-content\/uploads\/2024\/03\/360-video-booth-pro-pachet-full-plug-and-play-1.jpg\" \/>\n<meta name=\"twitter:label1\" content=\"Gesch\u00e4tzte Lesezeit\" \/>\n\t<meta name=\"twitter:data1\" content=\"1\u00a0Minute\" \/>\n<script type=\"application\/ld+json\" class=\"yoast-schema-graph\">{\"@context\":\"https:\/\/schema.org\",\"@graph\":[{\"@type\":\"WebPage\",\"@id\":\"https:\/\/360photoboothpro.eu\/de\/produkt\/upgrade-zu-komplettem-plug-play-paket\/\",\"url\":\"https:\/\/360photoboothpro.eu\/de\/produkt\/upgrade-zu-komplettem-plug-play-paket\/\",\"name\":\"UPGRADE auf FULL PLUG &amp; PLAY PACKAGE - 360PhotoBoothPRO\",\"isPartOf\":{\"@id\":\"https:\/\/360photoboothpro.eu\/de\/#website\"},\"primaryImageOfPage\":{\"@id\":\"https:\/\/360photoboothpro.eu\/de\/produkt\/upgrade-zu-komplettem-plug-play-paket\/#primaryimage\"},\"image\":{\"@id\":\"https:\/\/360photoboothpro.eu\/de\/produkt\/upgrade-zu-komplettem-plug-play-paket\/#primaryimage\"},\"thumbnailUrl\":\"https:\/\/360photoboothpro.eu\/wp-content\/uploads\/2024\/02\/360-photobooth-upgrade-to-full-plug-and-play-package-2024.jpg\",\"datePublished\":\"2024-02-14T12:51:44+00:00\",\"dateModified\":\"2024-12-01T10:28:56+00:00\",\"description\":\"Photo Booth PRO is an online store where you can buy quality UPGRADE auf FULL PLUG &amp; PLAY PACKAGE at an affordable price. Buy now!\",\"breadcrumb\":{\"@id\":\"https:\/\/360photoboothpro.eu\/de\/produkt\/upgrade-zu-komplettem-plug-play-paket\/#breadcrumb\"},\"inLanguage\":\"de\",\"potentialAction\":[{\"@type\":\"ReadAction\",\"target\":[\"https:\/\/360photoboothpro.eu\/de\/produkt\/upgrade-zu-komplettem-plug-play-paket\/\"]}]},{\"@type\":\"ImageObject\",\"inLanguage\":\"de\",\"@id\":\"https:\/\/360photoboothpro.eu\/de\/produkt\/upgrade-zu-komplettem-plug-play-paket\/#primaryimage\",\"url\":\"https:\/\/360photoboothpro.eu\/wp-content\/uploads\/2024\/02\/360-photobooth-upgrade-to-full-plug-and-play-package-2024.jpg\",\"contentUrl\":\"https:\/\/360photoboothpro.eu\/wp-content\/uploads\/2024\/02\/360-photobooth-upgrade-to-full-plug-and-play-package-2024.jpg\",\"width\":2000,\"height\":2000,\"caption\":\"360 photobooth upgrade to full plug and play package\"},{\"@type\":\"BreadcrumbList\",\"@id\":\"https:\/\/360photoboothpro.eu\/de\/produkt\/upgrade-zu-komplettem-plug-play-paket\/#breadcrumb\",\"itemListElement\":[{\"@type\":\"ListItem\",\"position\":1,\"name\":\"Home\",\"item\":\"https:\/\/360photoboothpro.eu\/de\/\"},{\"@type\":\"ListItem\",\"position\":2,\"name\":\"Shop\",\"item\":\"https:\/\/360photoboothpro.eu\/de\/shop\/\"},{\"@type\":\"ListItem\",\"position\":3,\"name\":\"UPGRADE auf FULL PLUG &amp; PLAY PACKAGE\"}]},{\"@type\":\"WebSite\",\"@id\":\"https:\/\/360photoboothpro.eu\/de\/#website\",\"url\":\"https:\/\/360photoboothpro.eu\/de\/\",\"name\":\"360PhotoBoothPRO\",\"description\":\"360PhotoBoothPRO\",\"publisher\":{\"@id\":\"https:\/\/360photoboothpro.eu\/de\/#organization\"},\"potentialAction\":[{\"@type\":\"SearchAction\",\"target\":{\"@type\":\"EntryPoint\",\"urlTemplate\":\"https:\/\/360photoboothpro.eu\/de\/?s={search_term_string}\"},\"query-input\":{\"@type\":\"PropertyValueSpecification\",\"valueRequired\":true,\"valueName\":\"search_term_string\"}}],\"inLanguage\":\"de\"},{\"@type\":\"Organization\",\"@id\":\"https:\/\/360photoboothpro.eu\/de\/#organization\",\"name\":\"360PhotoBoothPRO\",\"url\":\"https:\/\/360photoboothpro.eu\/de\/\",\"logo\":{\"@type\":\"ImageObject\",\"inLanguage\":\"de\",\"@id\":\"https:\/\/360photoboothpro.eu\/de\/#\/schema\/logo\/image\/\",\"url\":\"https:\/\/360photoboothpro.eu\/wp-content\/uploads\/2023\/03\/logo-360photoboothpro-favicon.png\",\"contentUrl\":\"https:\/\/360photoboothpro.eu\/wp-content\/uploads\/2023\/03\/logo-360photoboothpro-favicon.png\",\"width\":317,\"height\":317,\"caption\":\"360PhotoBoothPRO\"},\"image\":{\"@id\":\"https:\/\/360photoboothpro.eu\/de\/#\/schema\/logo\/image\/\"},\"sameAs\":[\"https:\/\/www.facebook.com\/360PhotoBoothPRO.Canada\/\"]}]}<\/script>\n<!-- \/ Yoast SEO plugin. -->","yoast_head_json":{"title":"UPGRADE auf FULL PLUG &amp; PLAY PACKAGE - 360PhotoBoothPRO","description":"Photo Booth PRO is an online store where you can buy quality UPGRADE auf FULL PLUG &amp; PLAY PACKAGE at an affordable price. Buy now!","robots":{"index":"index","follow":"follow","max-snippet":"max-snippet:-1","max-image-preview":"max-image-preview:large","max-video-preview":"max-video-preview:-1"},"canonical":"https:\/\/360photoboothpro.eu\/de\/produkt\/upgrade-zu-komplettem-plug-play-paket\/","og_locale":"de_DE","og_type":"article","og_title":"UPGRADE auf FULL PLUG &amp; PLAY PACKAGE - 360PhotoBoothPRO","og_description":"Photo Booth PRO is an online store where you can buy quality UPGRADE auf FULL PLUG &amp; PLAY PACKAGE at an affordable price. Buy now!","og_url":"https:\/\/360photoboothpro.eu\/de\/produkt\/upgrade-zu-komplettem-plug-play-paket\/","og_site_name":"360PhotoBoothPRO","article_publisher":"https:\/\/www.facebook.com\/360PhotoBoothPRO.Canada\/","article_modified_time":"2024-12-01T10:28:56+00:00","og_image":[{"url":"https:\/\/360photoboothpro.eu\/wp-content\/uploads\/2024\/02\/360-photo-booth-pro-full-plug-and-play-package-4.jpg"}],"twitter_card":"summary_large_image","twitter_image":"https:\/\/360photoboothpro.eu\/wp-content\/uploads\/2024\/03\/360-video-booth-pro-pachet-full-plug-and-play-1.jpg","twitter_misc":{"Gesch\u00e4tzte Lesezeit":"1\u00a0Minute"},"schema":{"@context":"https:\/\/schema.org","@graph":[{"@type":"WebPage","@id":"https:\/\/360photoboothpro.eu\/de\/produkt\/upgrade-zu-komplettem-plug-play-paket\/","url":"https:\/\/360photoboothpro.eu\/de\/produkt\/upgrade-zu-komplettem-plug-play-paket\/","name":"UPGRADE auf FULL PLUG &amp; PLAY PACKAGE - 360PhotoBoothPRO","isPartOf":{"@id":"https:\/\/360photoboothpro.eu\/de\/#website"},"primaryImageOfPage":{"@id":"https:\/\/360photoboothpro.eu\/de\/produkt\/upgrade-zu-komplettem-plug-play-paket\/#primaryimage"},"image":{"@id":"https:\/\/360photoboothpro.eu\/de\/produkt\/upgrade-zu-komplettem-plug-play-paket\/#primaryimage"},"thumbnailUrl":"https:\/\/360photoboothpro.eu\/wp-content\/uploads\/2024\/02\/360-photobooth-upgrade-to-full-plug-and-play-package-2024.jpg","datePublished":"2024-02-14T12:51:44+00:00","dateModified":"2024-12-01T10:28:56+00:00","description":"Photo Booth PRO is an online store where you can buy quality UPGRADE auf FULL PLUG &amp; PLAY PACKAGE at an affordable price. Buy now!","breadcrumb":{"@id":"https:\/\/360photoboothpro.eu\/de\/produkt\/upgrade-zu-komplettem-plug-play-paket\/#breadcrumb"},"inLanguage":"de","potentialAction":[{"@type":"ReadAction","target":["https:\/\/360photoboothpro.eu\/de\/produkt\/upgrade-zu-komplettem-plug-play-paket\/"]}]},{"@type":"ImageObject","inLanguage":"de","@id":"https:\/\/360photoboothpro.eu\/de\/produkt\/upgrade-zu-komplettem-plug-play-paket\/#primaryimage","url":"https:\/\/360photoboothpro.eu\/wp-content\/uploads\/2024\/02\/360-photobooth-upgrade-to-full-plug-and-play-package-2024.jpg","contentUrl":"https:\/\/360photoboothpro.eu\/wp-content\/uploads\/2024\/02\/360-photobooth-upgrade-to-full-plug-and-play-package-2024.jpg","width":2000,"height":2000,"caption":"360 photobooth upgrade to full plug and play package"},{"@type":"BreadcrumbList","@id":"https:\/\/360photoboothpro.eu\/de\/produkt\/upgrade-zu-komplettem-plug-play-paket\/#breadcrumb","itemListElement":[{"@type":"ListItem","position":1,"name":"Home","item":"https:\/\/360photoboothpro.eu\/de\/"},{"@type":"ListItem","position":2,"name":"Shop","item":"https:\/\/360photoboothpro.eu\/de\/shop\/"},{"@type":"ListItem","position":3,"name":"UPGRADE auf FULL PLUG &amp; PLAY PACKAGE"}]},{"@type":"WebSite","@id":"https:\/\/360photoboothpro.eu\/de\/#website","url":"https:\/\/360photoboothpro.eu\/de\/","name":"360PhotoBoothPRO","description":"360PhotoBoothPRO","publisher":{"@id":"https:\/\/360photoboothpro.eu\/de\/#organization"},"potentialAction":[{"@type":"SearchAction","target":{"@type":"EntryPoint","urlTemplate":"https:\/\/360photoboothpro.eu\/de\/?s={search_term_string}"},"query-input":{"@type":"PropertyValueSpecification","valueRequired":true,"valueName":"search_term_string"}}],"inLanguage":"de"},{"@type":"Organization","@id":"https:\/\/360photoboothpro.eu\/de\/#organization","name":"360PhotoBoothPRO","url":"https:\/\/360photoboothpro.eu\/de\/","logo":{"@type":"ImageObject","inLanguage":"de","@id":"https:\/\/360photoboothpro.eu\/de\/#\/schema\/logo\/image\/","url":"https:\/\/360photoboothpro.eu\/wp-content\/uploads\/2023\/03\/logo-360photoboothpro-favicon.png","contentUrl":"https:\/\/360photoboothpro.eu\/wp-content\/uploads\/2023\/03\/logo-360photoboothpro-favicon.png","width":317,"height":317,"caption":"360PhotoBoothPRO"},"image":{"@id":"https:\/\/360photoboothpro.eu\/de\/#\/schema\/logo\/image\/"},"sameAs":["https:\/\/www.facebook.com\/360PhotoBoothPRO.Canada\/"]}]}},"_links":{"self":[{"href":"https:\/\/360photoboothpro.eu\/de\/wp-json\/wp\/v2\/product\/12591"}],"collection":[{"href":"https:\/\/360photoboothpro.eu\/de\/wp-json\/wp\/v2\/product"}],"about":[{"href":"https:\/\/360photoboothpro.eu\/de\/wp-json\/wp\/v2\/types\/product"}],"replies":[{"embeddable":true,"href":"https:\/\/360photoboothpro.eu\/de\/wp-json\/wp\/v2\/comments?post=12591"}],"wp:featuredmedia":[{"embeddable":true,"href":"https:\/\/360photoboothpro.eu\/de\/wp-json\/wp\/v2\/media\/14276"}],"wp:attachment":[{"href":"https:\/\/360photoboothpro.eu\/de\/wp-json\/wp\/v2\/media?parent=12591"}],"wp:term":[{"taxonomy":"product_cat","embeddable":true,"href":"https:\/\/360photoboothpro.eu\/de\/wp-json\/wp\/v2\/product_cat?post=12591"},{"taxonomy":"product_tag","embeddable":true,"href":"https:\/\/360photoboothpro.eu\/de\/wp-json\/wp\/v2\/product_tag?post=12591"}],"curies":[{"name":"wp","href":"https:\/\/api.w.org\/{rel}","templated":true}]}}