{"id":5521,"date":"2023-04-12T06:44:23","date_gmt":"2023-04-12T04:44:23","guid":{"rendered":"https:\/\/360photoboothpro.eu\/product\/kulisse-mit-led-lichtern-fuer-360-photo-booth-pro\/"},"modified":"2024-08-10T00:37:34","modified_gmt":"2024-08-09T22:37:34","slug":"gehaeuse-rueckwand-mit-leuchten-fuer-360-fotostand-pro","status":"publish","type":"product","link":"https:\/\/360photoboothpro.eu\/de\/produkt\/gehaeuse-rueckwand-mit-leuchten-fuer-360-fotostand-pro\/","title":{"rendered":"Kulisse mit Led Lichtern f\u00fcr 360 Photo Booth PRO"},"content":{"rendered":"<p>Geh\u00e4use Kulisse mit Led Lichter f\u00fcr 360 Photo Booth PRO Plattform.<\/p>\n<p>Gespanntes Material, das mit dem Logo Ihres Unternehmens auf der Metallstruktur versehen werden kann.<\/p>\n<p>H\u00f6he: 94,5&#8243;<br \/>\nDurchmesser: 118&#8243;<br \/>\nZugriffsbereich: 31.5&#8243;<\/p>\n<p>Die RGB-LED-Leuchten k\u00f6nnen \u00fcber die Fernbedienung gesteuert werden.<\/p>\n<p>Inklusive Tragetasche.<\/p>\n","protected":false},"excerpt":{"rendered":"<p id=\"tw-target-text\" class=\"tw-data-text tw-text-large tw-ta\" dir=\"ltr\" data-placeholder=\"Traducere\"><span class=\"Y2IQFc\" lang=\"en\">Um den Preis anzeigen zu k\u00f6nnen, w\u00e4hlen Sie bitte die gew\u00fcnschten Optionen aus der untenstehenden Liste:<\/span><\/p>\n","protected":false},"featured_media":5271,"comment_status":"open","ping_status":"closed","template":"","meta":{"_acf_changed":false},"product_cat":[503,136],"product_tag":[156],"class_list":{"0":"post-5521","1":"product","2":"type-product","3":"status-publish","4":"has-post-thumbnail","6":"product_cat-gehege-kulisse","7":"product_cat-zubehor","8":"product_tag-umhullende-kulisse-fur-360-photo-booth-pro","10":"first","11":"instock","12":"taxable","13":"shipping-taxable","14":"purchasable","15":"product-type-variable"},"acf":[],"yoast_head":"<!-- This site is optimized with the Yoast SEO plugin v23.5 - https:\/\/yoast.com\/wordpress\/plugins\/seo\/ -->\n<title>Kulisse mit Led Lichtern f\u00fcr 360 Photo Booth PRO - 360PhotoBoothPRO<\/title>\n<meta name=\"description\" content=\"Photo Booth PRO is an online store where you can buy quality Kulisse mit Led Lichtern f\u00fcr 360 Photo Booth PRO at an affordable price. Buy now!\" \/>\n<meta name=\"robots\" content=\"index, follow, max-snippet:-1, max-image-preview:large, max-video-preview:-1\" \/>\n<link rel=\"canonical\" href=\"https:\/\/360photoboothpro.eu\/de\/produkt\/gehaeuse-rueckwand-mit-leuchten-fuer-360-fotostand-pro\/\" \/>\n<meta property=\"og:locale\" content=\"de_DE\" \/>\n<meta property=\"og:type\" content=\"article\" \/>\n<meta property=\"og:title\" content=\"Kulisse mit Led Lichtern f\u00fcr 360 Photo Booth PRO - 360PhotoBoothPRO\" \/>\n<meta property=\"og:description\" content=\"Photo Booth PRO is an online store where you can buy quality Kulisse mit Led Lichtern f\u00fcr 360 Photo Booth PRO at an affordable price. Buy now!\" \/>\n<meta property=\"og:url\" content=\"https:\/\/360photoboothpro.eu\/de\/produkt\/gehaeuse-rueckwand-mit-leuchten-fuer-360-fotostand-pro\/\" \/>\n<meta property=\"og:site_name\" content=\"360PhotoBoothPRO\" \/>\n<meta property=\"article:publisher\" content=\"https:\/\/www.facebook.com\/360PhotoBoothPRO.Canada\/\" \/>\n<meta property=\"article:modified_time\" content=\"2024-08-09T22:37:34+00:00\" \/>\n<meta property=\"og:image\" content=\"https:\/\/360photoboothpro.eu\/wp-content\/uploads\/2023\/04\/backdrop-led-360-photobooth-enclosure-social.jpg\" \/>\n<meta name=\"twitter:card\" content=\"summary_large_image\" \/>\n<script type=\"application\/ld+json\" class=\"yoast-schema-graph\">{\"@context\":\"https:\/\/schema.org\",\"@graph\":[{\"@type\":\"WebPage\",\"@id\":\"https:\/\/360photoboothpro.eu\/de\/produkt\/gehaeuse-rueckwand-mit-leuchten-fuer-360-fotostand-pro\/\",\"url\":\"https:\/\/360photoboothpro.eu\/de\/produkt\/gehaeuse-rueckwand-mit-leuchten-fuer-360-fotostand-pro\/\",\"name\":\"Kulisse mit Led Lichtern f\u00fcr 360 Photo Booth PRO - 360PhotoBoothPRO\",\"isPartOf\":{\"@id\":\"https:\/\/360photoboothpro.eu\/de\/#website\"},\"primaryImageOfPage\":{\"@id\":\"https:\/\/360photoboothpro.eu\/de\/produkt\/gehaeuse-rueckwand-mit-leuchten-fuer-360-fotostand-pro\/#primaryimage\"},\"image\":{\"@id\":\"https:\/\/360photoboothpro.eu\/de\/produkt\/gehaeuse-rueckwand-mit-leuchten-fuer-360-fotostand-pro\/#primaryimage\"},\"thumbnailUrl\":\"https:\/\/360photoboothpro.eu\/wp-content\/uploads\/2023\/04\/enclosure-backdrop-with-led-lights-2.webp\",\"datePublished\":\"2023-04-12T04:44:23+00:00\",\"dateModified\":\"2024-08-09T22:37:34+00:00\",\"description\":\"Photo Booth PRO is an online store where you can buy quality Kulisse mit Led Lichtern f\u00fcr 360 Photo Booth PRO at an affordable price. Buy now!\",\"breadcrumb\":{\"@id\":\"https:\/\/360photoboothpro.eu\/de\/produkt\/gehaeuse-rueckwand-mit-leuchten-fuer-360-fotostand-pro\/#breadcrumb\"},\"inLanguage\":\"de\",\"potentialAction\":[{\"@type\":\"ReadAction\",\"target\":[\"https:\/\/360photoboothpro.eu\/de\/produkt\/gehaeuse-rueckwand-mit-leuchten-fuer-360-fotostand-pro\/\"]}]},{\"@type\":\"ImageObject\",\"inLanguage\":\"de\",\"@id\":\"https:\/\/360photoboothpro.eu\/de\/produkt\/gehaeuse-rueckwand-mit-leuchten-fuer-360-fotostand-pro\/#primaryimage\",\"url\":\"https:\/\/360photoboothpro.eu\/wp-content\/uploads\/2023\/04\/enclosure-backdrop-with-led-lights-2.webp\",\"contentUrl\":\"https:\/\/360photoboothpro.eu\/wp-content\/uploads\/2023\/04\/enclosure-backdrop-with-led-lights-2.webp\",\"width\":709,\"height\":709,\"caption\":\"enclosure backdrop with led lights for 360 photo booth platform\"},{\"@type\":\"BreadcrumbList\",\"@id\":\"https:\/\/360photoboothpro.eu\/de\/produkt\/gehaeuse-rueckwand-mit-leuchten-fuer-360-fotostand-pro\/#breadcrumb\",\"itemListElement\":[{\"@type\":\"ListItem\",\"position\":1,\"name\":\"Home\",\"item\":\"https:\/\/360photoboothpro.eu\/de\/\"},{\"@type\":\"ListItem\",\"position\":2,\"name\":\"Shop\",\"item\":\"https:\/\/360photoboothpro.eu\/de\/shop\/\"},{\"@type\":\"ListItem\",\"position\":3,\"name\":\"Kulisse mit Led Lichtern f\u00fcr 360 Photo Booth PRO\"}]},{\"@type\":\"WebSite\",\"@id\":\"https:\/\/360photoboothpro.eu\/de\/#website\",\"url\":\"https:\/\/360photoboothpro.eu\/de\/\",\"name\":\"360PhotoBoothPRO\",\"description\":\"360PhotoBoothPRO\",\"publisher\":{\"@id\":\"https:\/\/360photoboothpro.eu\/de\/#organization\"},\"potentialAction\":[{\"@type\":\"SearchAction\",\"target\":{\"@type\":\"EntryPoint\",\"urlTemplate\":\"https:\/\/360photoboothpro.eu\/de\/?s={search_term_string}\"},\"query-input\":{\"@type\":\"PropertyValueSpecification\",\"valueRequired\":true,\"valueName\":\"search_term_string\"}}],\"inLanguage\":\"de\"},{\"@type\":\"Organization\",\"@id\":\"https:\/\/360photoboothpro.eu\/de\/#organization\",\"name\":\"360PhotoBoothPRO\",\"url\":\"https:\/\/360photoboothpro.eu\/de\/\",\"logo\":{\"@type\":\"ImageObject\",\"inLanguage\":\"de\",\"@id\":\"https:\/\/360photoboothpro.eu\/de\/#\/schema\/logo\/image\/\",\"url\":\"https:\/\/360photoboothpro.eu\/wp-content\/uploads\/2023\/03\/logo-360photoboothpro-favicon.png\",\"contentUrl\":\"https:\/\/360photoboothpro.eu\/wp-content\/uploads\/2023\/03\/logo-360photoboothpro-favicon.png\",\"width\":317,\"height\":317,\"caption\":\"360PhotoBoothPRO\"},\"image\":{\"@id\":\"https:\/\/360photoboothpro.eu\/de\/#\/schema\/logo\/image\/\"},\"sameAs\":[\"https:\/\/www.facebook.com\/360PhotoBoothPRO.Canada\/\"]}]}<\/script>\n<!-- \/ Yoast SEO plugin. -->","yoast_head_json":{"title":"Kulisse mit Led Lichtern f\u00fcr 360 Photo Booth PRO - 360PhotoBoothPRO","description":"Photo Booth PRO is an online store where you can buy quality Kulisse mit Led Lichtern f\u00fcr 360 Photo Booth PRO at an affordable price. Buy now!","robots":{"index":"index","follow":"follow","max-snippet":"max-snippet:-1","max-image-preview":"max-image-preview:large","max-video-preview":"max-video-preview:-1"},"canonical":"https:\/\/360photoboothpro.eu\/de\/produkt\/gehaeuse-rueckwand-mit-leuchten-fuer-360-fotostand-pro\/","og_locale":"de_DE","og_type":"article","og_title":"Kulisse mit Led Lichtern f\u00fcr 360 Photo Booth PRO - 360PhotoBoothPRO","og_description":"Photo Booth PRO is an online store where you can buy quality Kulisse mit Led Lichtern f\u00fcr 360 Photo Booth PRO at an affordable price. Buy now!","og_url":"https:\/\/360photoboothpro.eu\/de\/produkt\/gehaeuse-rueckwand-mit-leuchten-fuer-360-fotostand-pro\/","og_site_name":"360PhotoBoothPRO","article_publisher":"https:\/\/www.facebook.com\/360PhotoBoothPRO.Canada\/","article_modified_time":"2024-08-09T22:37:34+00:00","og_image":[{"url":"https:\/\/360photoboothpro.eu\/wp-content\/uploads\/2023\/04\/backdrop-led-360-photobooth-enclosure-social.jpg"}],"twitter_card":"summary_large_image","schema":{"@context":"https:\/\/schema.org","@graph":[{"@type":"WebPage","@id":"https:\/\/360photoboothpro.eu\/de\/produkt\/gehaeuse-rueckwand-mit-leuchten-fuer-360-fotostand-pro\/","url":"https:\/\/360photoboothpro.eu\/de\/produkt\/gehaeuse-rueckwand-mit-leuchten-fuer-360-fotostand-pro\/","name":"Kulisse mit Led Lichtern f\u00fcr 360 Photo Booth PRO - 360PhotoBoothPRO","isPartOf":{"@id":"https:\/\/360photoboothpro.eu\/de\/#website"},"primaryImageOfPage":{"@id":"https:\/\/360photoboothpro.eu\/de\/produkt\/gehaeuse-rueckwand-mit-leuchten-fuer-360-fotostand-pro\/#primaryimage"},"image":{"@id":"https:\/\/360photoboothpro.eu\/de\/produkt\/gehaeuse-rueckwand-mit-leuchten-fuer-360-fotostand-pro\/#primaryimage"},"thumbnailUrl":"https:\/\/360photoboothpro.eu\/wp-content\/uploads\/2023\/04\/enclosure-backdrop-with-led-lights-2.webp","datePublished":"2023-04-12T04:44:23+00:00","dateModified":"2024-08-09T22:37:34+00:00","description":"Photo Booth PRO is an online store where you can buy quality Kulisse mit Led Lichtern f\u00fcr 360 Photo Booth PRO at an affordable price. Buy now!","breadcrumb":{"@id":"https:\/\/360photoboothpro.eu\/de\/produkt\/gehaeuse-rueckwand-mit-leuchten-fuer-360-fotostand-pro\/#breadcrumb"},"inLanguage":"de","potentialAction":[{"@type":"ReadAction","target":["https:\/\/360photoboothpro.eu\/de\/produkt\/gehaeuse-rueckwand-mit-leuchten-fuer-360-fotostand-pro\/"]}]},{"@type":"ImageObject","inLanguage":"de","@id":"https:\/\/360photoboothpro.eu\/de\/produkt\/gehaeuse-rueckwand-mit-leuchten-fuer-360-fotostand-pro\/#primaryimage","url":"https:\/\/360photoboothpro.eu\/wp-content\/uploads\/2023\/04\/enclosure-backdrop-with-led-lights-2.webp","contentUrl":"https:\/\/360photoboothpro.eu\/wp-content\/uploads\/2023\/04\/enclosure-backdrop-with-led-lights-2.webp","width":709,"height":709,"caption":"enclosure backdrop with led lights for 360 photo booth platform"},{"@type":"BreadcrumbList","@id":"https:\/\/360photoboothpro.eu\/de\/produkt\/gehaeuse-rueckwand-mit-leuchten-fuer-360-fotostand-pro\/#breadcrumb","itemListElement":[{"@type":"ListItem","position":1,"name":"Home","item":"https:\/\/360photoboothpro.eu\/de\/"},{"@type":"ListItem","position":2,"name":"Shop","item":"https:\/\/360photoboothpro.eu\/de\/shop\/"},{"@type":"ListItem","position":3,"name":"Kulisse mit Led Lichtern f\u00fcr 360 Photo Booth PRO"}]},{"@type":"WebSite","@id":"https:\/\/360photoboothpro.eu\/de\/#website","url":"https:\/\/360photoboothpro.eu\/de\/","name":"360PhotoBoothPRO","description":"360PhotoBoothPRO","publisher":{"@id":"https:\/\/360photoboothpro.eu\/de\/#organization"},"potentialAction":[{"@type":"SearchAction","target":{"@type":"EntryPoint","urlTemplate":"https:\/\/360photoboothpro.eu\/de\/?s={search_term_string}"},"query-input":{"@type":"PropertyValueSpecification","valueRequired":true,"valueName":"search_term_string"}}],"inLanguage":"de"},{"@type":"Organization","@id":"https:\/\/360photoboothpro.eu\/de\/#organization","name":"360PhotoBoothPRO","url":"https:\/\/360photoboothpro.eu\/de\/","logo":{"@type":"ImageObject","inLanguage":"de","@id":"https:\/\/360photoboothpro.eu\/de\/#\/schema\/logo\/image\/","url":"https:\/\/360photoboothpro.eu\/wp-content\/uploads\/2023\/03\/logo-360photoboothpro-favicon.png","contentUrl":"https:\/\/360photoboothpro.eu\/wp-content\/uploads\/2023\/03\/logo-360photoboothpro-favicon.png","width":317,"height":317,"caption":"360PhotoBoothPRO"},"image":{"@id":"https:\/\/360photoboothpro.eu\/de\/#\/schema\/logo\/image\/"},"sameAs":["https:\/\/www.facebook.com\/360PhotoBoothPRO.Canada\/"]}]}},"_links":{"self":[{"href":"https:\/\/360photoboothpro.eu\/de\/wp-json\/wp\/v2\/product\/5521"}],"collection":[{"href":"https:\/\/360photoboothpro.eu\/de\/wp-json\/wp\/v2\/product"}],"about":[{"href":"https:\/\/360photoboothpro.eu\/de\/wp-json\/wp\/v2\/types\/product"}],"replies":[{"embeddable":true,"href":"https:\/\/360photoboothpro.eu\/de\/wp-json\/wp\/v2\/comments?post=5521"}],"wp:featuredmedia":[{"embeddable":true,"href":"https:\/\/360photoboothpro.eu\/de\/wp-json\/wp\/v2\/media\/5271"}],"wp:attachment":[{"href":"https:\/\/360photoboothpro.eu\/de\/wp-json\/wp\/v2\/media?parent=5521"}],"wp:term":[{"taxonomy":"product_cat","embeddable":true,"href":"https:\/\/360photoboothpro.eu\/de\/wp-json\/wp\/v2\/product_cat?post=5521"},{"taxonomy":"product_tag","embeddable":true,"href":"https:\/\/360photoboothpro.eu\/de\/wp-json\/wp\/v2\/product_tag?post=5521"}],"curies":[{"name":"wp","href":"https:\/\/api.w.org\/{rel}","templated":true}]}}