{"id":5642,"date":"2023-04-11T11:46:00","date_gmt":"2023-04-11T09:46:00","guid":{"rendered":"https:\/\/360photoboothpro.eu\/product\/360-photo-booth-pro-68cm-automatischer-unendlichkeitsspiegel-360-kamera-stand-360-video-stand\/"},"modified":"2025-07-13T04:36:56","modified_gmt":"2025-07-13T02:36:56","slug":"360-photo-booth-pro-68-cm-automatic-infinity-mirror-360-camera-booth-360-video-booth","status":"publish","type":"product","link":"https:\/\/360photoboothpro.eu\/de\/produkt\/360-photo-booth-pro-68-cm-automatic-infinity-mirror-360-camera-booth-360-video-booth\/","title":{"rendered":"360 Photo Booth PRO &#8211; 68cm AUTOMATISCHER Unendlichkeitsspiegel (360 Kamera Stand, 360 Video Stand)"},"content":{"rendered":"<p id=\"tw-target-text\" class=\"tw-data-text tw-text-large tw-ta\" dir=\"ltr\" data-placeholder=\"Traducere\"><span class=\"Y2IQFc\" lang=\"en\">360 Photo Booth PRO 68cm zu verkaufen (wir bieten TECHNISCHE UNTERST\u00dcTZUNG bei der INBETRIEBNAHME).<\/span><\/p>\n<p><span class=\"Y2IQFc\" lang=\"en\">STANDARD PLATFORM: die 360 Photo Booth PRO Plattform: siehe detaillierte BESCHREIBUNG.<\/span><\/p>\n<p>&nbsp;<\/p>\n<p id=\"tw-target-text\" class=\"tw-data-text tw-text-large tw-ta\" dir=\"ltr\" data-placeholder=\"Traducere\"><span class=\"Y2IQFc\" lang=\"en\">IM &#8222;STANDARD&#8220;-PAKET ENTH\u00c4LT 360 Photo Booth PRO &#8211; 68cm Automatischer Unendlichkeitsspiegel (DURCHMESSER 68cm\/ KAPAZIT\u00c4T 1-2 PERSONEN, maximal 450kg\/ GEWICHT 41kg):<\/span><\/p>\n<style>.elementor-5431 .elementor-element.elementor-element-b8e0d4b .elementor-icon-list-items:not(.elementor-inline-items) .elementor-icon-list-item:not(:last-child){padding-bottom:calc(10px\/2);}.elementor-5431 .elementor-element.elementor-element-b8e0d4b .elementor-icon-list-items:not(.elementor-inline-items) .elementor-icon-list-item:not(:first-child){margin-top:calc(10px\/2);}.elementor-5431 .elementor-element.elementor-element-b8e0d4b .elementor-icon-list-items.elementor-inline-items .elementor-icon-list-item{margin-right:calc(10px\/2);margin-left:calc(10px\/2);}.elementor-5431 .elementor-element.elementor-element-b8e0d4b .elementor-icon-list-items.elementor-inline-items{margin-right:calc(-10px\/2);margin-left:calc(-10px\/2);}body.rtl .elementor-5431 .elementor-element.elementor-element-b8e0d4b .elementor-icon-list-items.elementor-inline-items .elementor-icon-list-item:after{left:calc(-10px\/2);}body:not(.rtl) .elementor-5431 .elementor-element.elementor-element-b8e0d4b .elementor-icon-list-items.elementor-inline-items .elementor-icon-list-item:after{right:calc(-10px\/2);}.elementor-5431 .elementor-element.elementor-element-b8e0d4b .elementor-icon-list-icon i{color:#61CE70;transition:color 0.3s;}.elementor-5431 .elementor-element.elementor-element-b8e0d4b .elementor-icon-list-icon svg{fill:#61CE70;transition:fill 0.3s;}.elementor-5431 .elementor-element.elementor-element-b8e0d4b .elementor-icon-list-item:hover .elementor-icon-list-icon i{color:#6EC1E4;}.elementor-5431 .elementor-element.elementor-element-b8e0d4b .elementor-icon-list-item:hover .elementor-icon-list-icon svg{fill:#6EC1E4;}.elementor-5431 .elementor-element.elementor-element-b8e0d4b{--e-icon-list-icon-size:29px;--icon-vertical-offset:0px;}.elementor-5431 .elementor-element.elementor-element-b8e0d4b .elementor-icon-list-text{transition:color 0.3s;}<\/style><div class=\"porto-block elementor elementor-5431\" data-id=\"5431\">\t\t<section class=\"elementor-section elementor-top-section elementor-element elementor-element-11652cb elementor-section-boxed elementor-section-height-default elementor-section-height-default\" data-id=\"11652cb\" data-element_type=\"section\">\r\n\t\t\r\n\t\t\t\t\t\t\t<div class=\"elementor-container elementor-column-gap-default\">\r\n\t\t\t\t\t\t\t\t\t\t\t<div class=\"elementor-column elementor-col-100 elementor-top-column elementor-element elementor-element-d6a5b4c\" data-id=\"d6a5b4c\" data-element_type=\"column\">\r\n\t\t\t\t\t<div class=\"elementor-widget-wrap elementor-element-populated\">\r\n\t\t\t\t\t\t\t\t<div class=\"elementor-element elementor-element-b8e0d4b elementor-icon-list--layout-traditional elementor-list-item-link-full_width elementor-widget elementor-widget-icon-list\" data-id=\"b8e0d4b\" data-element_type=\"widget\" data-widget_type=\"icon-list.default\">\n\t\t\t\t<div class=\"elementor-widget-container\">\n\t\t\t\t\t<ul class=\"elementor-icon-list-items\">\n\t\t\t\t\t\t\t<li class=\"elementor-icon-list-item\">\n\t\t\t\t\t\t\t\t\t\t\t<span class=\"elementor-icon-list-icon\">\n\t\t\t\t\t\t\t<i aria-hidden=\"true\" class=\"fas fa-check\"><\/i>\t\t\t\t\t\t<\/span>\n\t\t\t\t\t\t\t\t\t\t<span class=\"elementor-icon-list-text\">PLATFORM aus TEMPERED GLASS in Premiumqualit\u00e4t, RUND, H\u00d6HE 16 cm, hergestellt mit maximaler Aufmerksamkeit f\u00fcr Details, CAD-Konstruktion, Laserschneiden und Zusammenbau der Einzelteile von Hand. Alle elektronischen Elemente sind zum Schutz und zur Sicherheit im Betrieb gekapselt. Die Widerstandsstruktur der Plattform besteht aus Metallprofilen, die ihr eine hohe Belastbarkeit verleihen. Die Oberseite besteht aus geh\u00e4rtetem Glas, das sehr widerstandsf\u00e4hig ist.<\/span>\n\t\t\t\t\t\t\t\t\t<\/li>\n\t\t\t\t\t\t\t\t<li class=\"elementor-icon-list-item\">\n\t\t\t\t\t\t\t\t\t\t\t<span class=\"elementor-icon-list-icon\">\n\t\t\t\t\t\t\t<i aria-hidden=\"true\" class=\"fas fa-check\"><\/i>\t\t\t\t\t\t<\/span>\n\t\t\t\t\t\t\t\t\t\t<span class=\"elementor-icon-list-text\">Industrieller METALLIC-MOTOR mit Riemenantrieb, der mit einem Schleuderschutzsystem ausgestattet ist. Au\u00dferdem ist der Motor gegen St\u00f6\u00dfe gesch\u00fctzt (f\u00fcr den Fall, dass der rotierende Arm auf ein Hindernis trifft).<\/span>\n\t\t\t\t\t\t\t\t\t<\/li>\n\t\t\t\t\t\t\t\t<li class=\"elementor-icon-list-item\">\n\t\t\t\t\t\t\t\t\t\t\t<span class=\"elementor-icon-list-icon\">\n\t\t\t\t\t\t\t<i aria-hidden=\"true\" class=\"fas fa-check\"><\/i>\t\t\t\t\t\t<\/span>\n\t\t\t\t\t\t\t\t\t\t<span class=\"elementor-icon-list-text\">Sehr widerstandsf\u00e4higer DREHARM aus Metallprofilen, mit FERNBEDIENUNG (2 ST\u00dcCK), mit LANGSAMEM ANLAUF, EINSTELLBARER GESCHWINDIGKEIT (5 Geschwindigkeitsstufen) und der M\u00f6glichkeit, die DREHRICHTUNG zu \u00e4ndern. Au\u00dferdem ist der motorisierte Arm in der H\u00f6he verstellbar (zwischen 130 und 190 cm) und hat einen einstellbaren Neigungswinkel (zwischen 45 und 135 Grad). In dieser verstellbaren Version kann die Plattform sowohl von Kindern als auch von Erwachsenen genutzt werden.<\/span>\n\t\t\t\t\t\t\t\t\t<\/li>\n\t\t\t\t\t\t\t\t<li class=\"elementor-icon-list-item\">\n\t\t\t\t\t\t\t\t\t\t\t<span class=\"elementor-icon-list-icon\">\n\t\t\t\t\t\t\t<i aria-hidden=\"true\" class=\"fas fa-check\"><\/i>\t\t\t\t\t\t<\/span>\n\t\t\t\t\t\t\t\t\t\t<span class=\"elementor-icon-list-text\">Batterie-Support;<\/span>\n\t\t\t\t\t\t\t\t\t<\/li>\n\t\t\t\t\t\t\t\t<li class=\"elementor-icon-list-item\">\n\t\t\t\t\t\t\t\t\t\t\t<span class=\"elementor-icon-list-icon\">\n\t\t\t\t\t\t\t<i aria-hidden=\"true\" class=\"fas fa-check\"><\/i>\t\t\t\t\t\t<\/span>\n\t\t\t\t\t\t\t\t\t\t<span class=\"elementor-icon-list-text\">iPhone +iPad +GoPro +DSLR SUPPORT;<\/span>\n\t\t\t\t\t\t\t\t\t<\/li>\n\t\t\t\t\t\t\t\t<li class=\"elementor-icon-list-item\">\n\t\t\t\t\t\t\t\t\t\t\t<span class=\"elementor-icon-list-icon\">\n\t\t\t\t\t\t\t<i aria-hidden=\"true\" class=\"fas fa-check\"><\/i>\t\t\t\t\t\t<\/span>\n\t\t\t\t\t\t\t\t\t\t<span class=\"elementor-icon-list-text\">Professionelle RINGLEUCHTE (AUSSENDURCHMESSER 30 cm, INNENDURCHMESSER 23,5 cm, RINGDICKE 3,25 cm), ausgestattet mit LICHTST\u00c4RKE-ANPASSUNGSTASTE (10 ST\u00c4RKESTUFEN), mit o 10W LEISTUNG, die EINSTELLBARE FARBTEMPERATUR (zwischen 3000 und 6500 Grad Kelvin) hat und sowohl WARMES LICHT, NORMALES LICHT und KALTES LICHT abgibt. Die 184 LEDs (144 STANDARD LED + 40 MAGIC LED) strahlen in 16 BASISFARBEN und 17 RGB-EFFEKTMODEN. Die Lampe hat einen um 180 Grad verstellbaren Ring, und das USB-Kabel ist 2 Meter lang.<\/span>\n\t\t\t\t\t\t\t\t\t<\/li>\n\t\t\t\t\t\t\t\t<li class=\"elementor-icon-list-item\">\n\t\t\t\t\t\t\t\t\t\t\t<span class=\"elementor-icon-list-icon\">\n\t\t\t\t\t\t\t<i aria-hidden=\"true\" class=\"fas fa-check\"><\/i>\t\t\t\t\t\t<\/span>\n\t\t\t\t\t\t\t\t\t\t<span class=\"elementor-icon-list-text\">ADAPTER und STROMKABEL (L\u00e4nge 2 Meter);<\/span>\n\t\t\t\t\t\t\t\t\t<\/li>\n\t\t\t\t\t\t\t\t<li class=\"elementor-icon-list-item\">\n\t\t\t\t\t\t\t\t\t\t\t<span class=\"elementor-icon-list-icon\">\n\t\t\t\t\t\t\t<i aria-hidden=\"true\" class=\"fas fa-check\"><\/i>\t\t\t\t\t\t<\/span>\n\t\t\t\t\t\t\t\t\t\t<span class=\"elementor-icon-list-text\">RGB-LED-BELEUCHTUNG, die sich am Boden der Plattform befindet, feuchtigkeitsbest\u00e4ndig ist und deren Farben \u00fcber die FERNBEDIENUNG ausgew\u00e4hlt werden k\u00f6nnen. Mit Hilfe dieser LED-Leiste f\u00fcgt sich die Plattform problemlos in eine veranstaltungsspezifische Umgebung ein.<\/span>\n\t\t\t\t\t\t\t\t\t<\/li>\n\t\t\t\t\t\t\t\t<li class=\"elementor-icon-list-item\">\n\t\t\t\t\t\t\t\t\t\t\t<span class=\"elementor-icon-list-icon\">\n\t\t\t\t\t\t\t<i aria-hidden=\"true\" class=\"fas fa-check\"><\/i>\t\t\t\t\t\t<\/span>\n\t\t\t\t\t\t\t\t\t\t<span class=\"elementor-icon-list-text\">An der Basis der Plattform befestigte St\u00fctzen zur H\u00f6henverstellung, die die STABILIT\u00c4T und SICHERHEIT erh\u00f6hen. Um eine Instabilit\u00e4t zu vermeiden, muss der Untergrund, auf dem die Plattform aufgestellt wird, nat\u00fcrlich gerade sein und darf keine Unebenheiten aufweisen (eine \u00dcberpr\u00fcfung des Untergrunds, auf dem die Plattform aufgestellt wird, ist immer erforderlich).<\/span>\n\t\t\t\t\t\t\t\t\t<\/li>\n\t\t\t\t\t\t\t\t<li class=\"elementor-icon-list-item\">\n\t\t\t\t\t\t\t\t\t\t\t<span class=\"elementor-icon-list-icon\">\n\t\t\t\t\t\t\t<i aria-hidden=\"true\" class=\"fas fa-check\"><\/i>\t\t\t\t\t\t<\/span>\n\t\t\t\t\t\t\t\t\t\t<span class=\"elementor-icon-list-text\">CUSTOMIZATION der Plattform durch laminierten Klebstoff mit LOGO und Ihren Angaben;<\/span>\n\t\t\t\t\t\t\t\t\t<\/li>\n\t\t\t\t\t\t\t\t<li class=\"elementor-icon-list-item\">\n\t\t\t\t\t\t\t\t\t\t\t<span class=\"elementor-icon-list-icon\">\n\t\t\t\t\t\t\t<i aria-hidden=\"true\" class=\"fas fa-check\"><\/i>\t\t\t\t\t\t<\/span>\n\t\t\t\t\t\t\t\t\t\t<span class=\"elementor-icon-list-text\">TRANSPARENTER SCHUTZ aus PVC f\u00fcr laminierte Aufkleber mit Logo;<\/span>\n\t\t\t\t\t\t\t\t\t<\/li>\n\t\t\t\t\t\t\t\t<li class=\"elementor-icon-list-item\">\n\t\t\t\t\t\t\t\t\t\t\t<span class=\"elementor-icon-list-icon\">\n\t\t\t\t\t\t\t<i aria-hidden=\"true\" class=\"fas fa-check\"><\/i>\t\t\t\t\t\t<\/span>\n\t\t\t\t\t\t\t\t\t\t<span class=\"elementor-icon-list-text\">RUNDER ROTER TEPPICH aus FLANNEL, der unter der Plattform liegt, um die Oberfl\u00e4che zu sch\u00fctzen, auf der er montiert ist, und der, da er einen etwas gr\u00f6\u00dferen Durchmesser als die Plattform hat, deren R\u00e4nder \u00fcberragt und eine Kontur schafft, die ihm mehr Eleganz verleiht;<\/span>\n\t\t\t\t\t\t\t\t\t<\/li>\n\t\t\t\t\t\t\t\t<li class=\"elementor-icon-list-item\">\n\t\t\t\t\t\t\t\t\t\t\t<span class=\"elementor-icon-list-icon\">\n\t\t\t\t\t\t\t<i aria-hidden=\"true\" class=\"fas fa-check\"><\/i>\t\t\t\t\t\t<\/span>\n\t\t\t\t\t\t\t\t\t\t<span class=\"elementor-icon-list-text\">SCHUTZ- &amp; TRANSPORTH\u00dcLLE aus WASSERDICHTEM Material, versehen mit MULTIDIRECTIONAL SILIKON-R\u00c4DERN und -GRIFFEN F\u00dcR EINFACHE HANDHABUNG (aufr\u00fcstbar zum FLIGHT CASE: EXTRA 300 EURO).<\/span>\n\t\t\t\t\t\t\t\t\t<\/li>\n\t\t\t\t\t\t\t\t<li class=\"elementor-icon-list-item\">\n\t\t\t\t\t\t\t\t\t\t\t<span class=\"elementor-icon-list-icon\">\n\t\t\t\t\t\t\t<i aria-hidden=\"true\" class=\"fas fa-check\"><\/i>\t\t\t\t\t\t<\/span>\n\t\t\t\t\t\t\t\t\t\t<span class=\"elementor-icon-list-text\">GEBRAUCHSANWEISUNG.<\/span>\n\t\t\t\t\t\t\t\t\t<\/li>\n\t\t\t\t\t\t<\/ul>\n\t\t\t\t<\/div>\n\t\t\t\t<\/div>\n\t\t\t\t\t<\/div>\r\n\t\t\t\t<\/div>\r\n\t\t\t\t\t<\/div>\r\n\t\t\t\t<\/section>\r\n\t\t<\/div>\n<p>&nbsp;<\/p>\n<p>Sie haben auch die M\u00f6glichkeit, auf das &#8222;FULL <span class=\"Y2IQFc\" lang=\"en\">PLUG &amp; PLAY PACKAGE<\/span>&#8220; upzugraden &#8211; <a href=\"https:\/\/360photoboothpro.eu\/product\/upgrade-to-full-plug-play-package\/\">SIEHEN SIE, WAS ES IM DETAIL ENTH\u00c4LT, auf der folgenden Seite: HIER KLICKEN.<\/a><\/p>\n","protected":false},"excerpt":{"rendered":"<p id=\"tw-target-text\" class=\"tw-data-text tw-text-large tw-ta\" dir=\"ltr\" data-placeholder=\"Traducere\"><span class=\"Y2IQFc\" lang=\"en\">Unser Unternehmen befindet sich in Rum\u00e4nien.<br \/>\nWir versenden die Produkte aus unserem Lager.<br \/>\nDas Produkt wird innerhalb von 5-7 Arbeitstagen an Sie versandt.<\/span><\/p>\n","protected":false},"featured_media":12632,"comment_status":"open","ping_status":"closed","template":"","meta":{"_acf_changed":false},"product_cat":[153],"product_tag":[143,142,144,137,138,147,141,140,139,146,145,148],"class_list":{"0":"post-5642","1":"product","2":"type-product","3":"status-publish","4":"has-post-thumbnail","6":"product_cat-360-photo-booth-platforms","7":"product_tag-360-fotokabine-zu-verkaufen","8":"product_tag-360-fotostand","9":"product_tag-360-selfie-kabine","10":"product_tag-360-stand","11":"product_tag-360-stand-zu-verkaufen","12":"product_tag-360-video-stand-zu-verkaufen","13":"product_tag-360-grad-fotokabine","14":"product_tag-360-kamera-fotokabine","15":"product_tag-360-kamera-kabine","16":"product_tag-360-video-kabine","17":"product_tag-fotokabine-mit-360-drehungen","18":"product_tag-rotierende-fotokabine","20":"first","21":"instock","22":"taxable","23":"shipping-taxable","24":"purchasable","25":"product-type-simple"},"acf":[],"yoast_head":"<!-- This site is optimized with the Yoast SEO plugin v23.5 - https:\/\/yoast.com\/wordpress\/plugins\/seo\/ -->\n<title>360 Photo Booth PRO - 68cm AUTOMATISCHER Unendlichkeitsspiegel (360 Kamera Stand, 360 Video Stand) - 360PhotoBoothPRO<\/title>\n<meta name=\"description\" content=\"Photo Booth PRO is an online store where you can buy quality 360 Photo Booth PRO - 68cm AUTOMATISCHER Unendlichkeitsspiegel (360 Kamera Stand, 360 Video Stand) at an affordable price. Buy now!\" \/>\n<meta name=\"robots\" content=\"index, follow, max-snippet:-1, max-image-preview:large, max-video-preview:-1\" \/>\n<link rel=\"canonical\" href=\"https:\/\/360photoboothpro.eu\/de\/produkt\/360-photo-booth-pro-68-cm-automatic-infinity-mirror-360-camera-booth-360-video-booth\/\" \/>\n<meta property=\"og:locale\" content=\"de_DE\" \/>\n<meta property=\"og:type\" content=\"article\" \/>\n<meta property=\"og:title\" content=\"360 Photo Booth PRO - 68cm AUTOMATISCHER Unendlichkeitsspiegel (360 Kamera Stand, 360 Video Stand) - 360PhotoBoothPRO\" \/>\n<meta property=\"og:description\" content=\"Photo Booth PRO is an online store where you can buy quality 360 Photo Booth PRO - 68cm AUTOMATISCHER Unendlichkeitsspiegel (360 Kamera Stand, 360 Video Stand) at an affordable price. Buy now!\" \/>\n<meta property=\"og:url\" content=\"https:\/\/360photoboothpro.eu\/de\/produkt\/360-photo-booth-pro-68-cm-automatic-infinity-mirror-360-camera-booth-360-video-booth\/\" \/>\n<meta property=\"og:site_name\" content=\"360PhotoBoothPRO\" \/>\n<meta property=\"article:publisher\" content=\"https:\/\/www.facebook.com\/360PhotoBoothPRO.Canada\/\" \/>\n<meta property=\"article:modified_time\" content=\"2025-07-13T02:36:56+00:00\" \/>\n<meta property=\"og:image\" content=\"https:\/\/360photoboothpro.eu\/wp-content\/uploads\/2023\/04\/360-photo-booth-pro-automatic-infinity-mirror-360-camera-booth-360-video-booth-24-social.jpg\" \/>\n<meta name=\"twitter:card\" content=\"summary_large_image\" \/>\n<script type=\"application\/ld+json\" class=\"yoast-schema-graph\">{\"@context\":\"https:\/\/schema.org\",\"@graph\":[{\"@type\":\"WebPage\",\"@id\":\"https:\/\/360photoboothpro.eu\/de\/produkt\/360-photo-booth-pro-68-cm-automatic-infinity-mirror-360-camera-booth-360-video-booth\/\",\"url\":\"https:\/\/360photoboothpro.eu\/de\/produkt\/360-photo-booth-pro-68-cm-automatic-infinity-mirror-360-camera-booth-360-video-booth\/\",\"name\":\"360 Photo Booth PRO - 68cm AUTOMATISCHER Unendlichkeitsspiegel (360 Kamera Stand, 360 Video Stand) - 360PhotoBoothPRO\",\"isPartOf\":{\"@id\":\"https:\/\/360photoboothpro.eu\/de\/#website\"},\"primaryImageOfPage\":{\"@id\":\"https:\/\/360photoboothpro.eu\/de\/produkt\/360-photo-booth-pro-68-cm-automatic-infinity-mirror-360-camera-booth-360-video-booth\/#primaryimage\"},\"image\":{\"@id\":\"https:\/\/360photoboothpro.eu\/de\/produkt\/360-photo-booth-pro-68-cm-automatic-infinity-mirror-360-camera-booth-360-video-booth\/#primaryimage\"},\"thumbnailUrl\":\"https:\/\/360photoboothpro.eu\/wp-content\/uploads\/2023\/04\/360-photo-booth-pro-automatic-infinity-mirror-360-camera-booth-360-video-booth-24.jpg\",\"datePublished\":\"2023-04-11T09:46:00+00:00\",\"dateModified\":\"2025-07-13T02:36:56+00:00\",\"description\":\"Photo Booth PRO is an online store where you can buy quality 360 Photo Booth PRO - 68cm AUTOMATISCHER Unendlichkeitsspiegel (360 Kamera Stand, 360 Video Stand) at an affordable price. Buy now!\",\"breadcrumb\":{\"@id\":\"https:\/\/360photoboothpro.eu\/de\/produkt\/360-photo-booth-pro-68-cm-automatic-infinity-mirror-360-camera-booth-360-video-booth\/#breadcrumb\"},\"inLanguage\":\"de\",\"potentialAction\":[{\"@type\":\"ReadAction\",\"target\":[\"https:\/\/360photoboothpro.eu\/de\/produkt\/360-photo-booth-pro-68-cm-automatic-infinity-mirror-360-camera-booth-360-video-booth\/\"]}]},{\"@type\":\"ImageObject\",\"inLanguage\":\"de\",\"@id\":\"https:\/\/360photoboothpro.eu\/de\/produkt\/360-photo-booth-pro-68-cm-automatic-infinity-mirror-360-camera-booth-360-video-booth\/#primaryimage\",\"url\":\"https:\/\/360photoboothpro.eu\/wp-content\/uploads\/2023\/04\/360-photo-booth-pro-automatic-infinity-mirror-360-camera-booth-360-video-booth-24.jpg\",\"contentUrl\":\"https:\/\/360photoboothpro.eu\/wp-content\/uploads\/2023\/04\/360-photo-booth-pro-automatic-infinity-mirror-360-camera-booth-360-video-booth-24.jpg\",\"width\":1000,\"height\":1000,\"caption\":\"360-photo-booth-pro-automatic-infinity-mirror-360-camera-booth-360-video-booth-24\"},{\"@type\":\"BreadcrumbList\",\"@id\":\"https:\/\/360photoboothpro.eu\/de\/produkt\/360-photo-booth-pro-68-cm-automatic-infinity-mirror-360-camera-booth-360-video-booth\/#breadcrumb\",\"itemListElement\":[{\"@type\":\"ListItem\",\"position\":1,\"name\":\"Home\",\"item\":\"https:\/\/360photoboothpro.eu\/de\/\"},{\"@type\":\"ListItem\",\"position\":2,\"name\":\"Shop\",\"item\":\"https:\/\/360photoboothpro.eu\/de\/shop\/\"},{\"@type\":\"ListItem\",\"position\":3,\"name\":\"360 Photo Booth PRO &#8211; 68cm AUTOMATISCHER Unendlichkeitsspiegel (360 Kamera Stand, 360 Video Stand)\"}]},{\"@type\":\"WebSite\",\"@id\":\"https:\/\/360photoboothpro.eu\/de\/#website\",\"url\":\"https:\/\/360photoboothpro.eu\/de\/\",\"name\":\"360PhotoBoothPRO\",\"description\":\"360PhotoBoothPRO\",\"publisher\":{\"@id\":\"https:\/\/360photoboothpro.eu\/de\/#organization\"},\"potentialAction\":[{\"@type\":\"SearchAction\",\"target\":{\"@type\":\"EntryPoint\",\"urlTemplate\":\"https:\/\/360photoboothpro.eu\/de\/?s={search_term_string}\"},\"query-input\":{\"@type\":\"PropertyValueSpecification\",\"valueRequired\":true,\"valueName\":\"search_term_string\"}}],\"inLanguage\":\"de\"},{\"@type\":\"Organization\",\"@id\":\"https:\/\/360photoboothpro.eu\/de\/#organization\",\"name\":\"360PhotoBoothPRO\",\"url\":\"https:\/\/360photoboothpro.eu\/de\/\",\"logo\":{\"@type\":\"ImageObject\",\"inLanguage\":\"de\",\"@id\":\"https:\/\/360photoboothpro.eu\/de\/#\/schema\/logo\/image\/\",\"url\":\"https:\/\/360photoboothpro.eu\/wp-content\/uploads\/2023\/03\/logo-360photoboothpro-favicon.png\",\"contentUrl\":\"https:\/\/360photoboothpro.eu\/wp-content\/uploads\/2023\/03\/logo-360photoboothpro-favicon.png\",\"width\":317,\"height\":317,\"caption\":\"360PhotoBoothPRO\"},\"image\":{\"@id\":\"https:\/\/360photoboothpro.eu\/de\/#\/schema\/logo\/image\/\"},\"sameAs\":[\"https:\/\/www.facebook.com\/360PhotoBoothPRO.Canada\/\"]}]}<\/script>\n<!-- \/ Yoast SEO plugin. -->","yoast_head_json":{"title":"360 Photo Booth PRO - 68cm AUTOMATISCHER Unendlichkeitsspiegel (360 Kamera Stand, 360 Video Stand) - 360PhotoBoothPRO","description":"Photo Booth PRO is an online store where you can buy quality 360 Photo Booth PRO - 68cm AUTOMATISCHER Unendlichkeitsspiegel (360 Kamera Stand, 360 Video Stand) at an affordable price. Buy now!","robots":{"index":"index","follow":"follow","max-snippet":"max-snippet:-1","max-image-preview":"max-image-preview:large","max-video-preview":"max-video-preview:-1"},"canonical":"https:\/\/360photoboothpro.eu\/de\/produkt\/360-photo-booth-pro-68-cm-automatic-infinity-mirror-360-camera-booth-360-video-booth\/","og_locale":"de_DE","og_type":"article","og_title":"360 Photo Booth PRO - 68cm AUTOMATISCHER Unendlichkeitsspiegel (360 Kamera Stand, 360 Video Stand) - 360PhotoBoothPRO","og_description":"Photo Booth PRO is an online store where you can buy quality 360 Photo Booth PRO - 68cm AUTOMATISCHER Unendlichkeitsspiegel (360 Kamera Stand, 360 Video Stand) at an affordable price. Buy now!","og_url":"https:\/\/360photoboothpro.eu\/de\/produkt\/360-photo-booth-pro-68-cm-automatic-infinity-mirror-360-camera-booth-360-video-booth\/","og_site_name":"360PhotoBoothPRO","article_publisher":"https:\/\/www.facebook.com\/360PhotoBoothPRO.Canada\/","article_modified_time":"2025-07-13T02:36:56+00:00","og_image":[{"url":"https:\/\/360photoboothpro.eu\/wp-content\/uploads\/2023\/04\/360-photo-booth-pro-automatic-infinity-mirror-360-camera-booth-360-video-booth-24-social.jpg"}],"twitter_card":"summary_large_image","schema":{"@context":"https:\/\/schema.org","@graph":[{"@type":"WebPage","@id":"https:\/\/360photoboothpro.eu\/de\/produkt\/360-photo-booth-pro-68-cm-automatic-infinity-mirror-360-camera-booth-360-video-booth\/","url":"https:\/\/360photoboothpro.eu\/de\/produkt\/360-photo-booth-pro-68-cm-automatic-infinity-mirror-360-camera-booth-360-video-booth\/","name":"360 Photo Booth PRO - 68cm AUTOMATISCHER Unendlichkeitsspiegel (360 Kamera Stand, 360 Video Stand) - 360PhotoBoothPRO","isPartOf":{"@id":"https:\/\/360photoboothpro.eu\/de\/#website"},"primaryImageOfPage":{"@id":"https:\/\/360photoboothpro.eu\/de\/produkt\/360-photo-booth-pro-68-cm-automatic-infinity-mirror-360-camera-booth-360-video-booth\/#primaryimage"},"image":{"@id":"https:\/\/360photoboothpro.eu\/de\/produkt\/360-photo-booth-pro-68-cm-automatic-infinity-mirror-360-camera-booth-360-video-booth\/#primaryimage"},"thumbnailUrl":"https:\/\/360photoboothpro.eu\/wp-content\/uploads\/2023\/04\/360-photo-booth-pro-automatic-infinity-mirror-360-camera-booth-360-video-booth-24.jpg","datePublished":"2023-04-11T09:46:00+00:00","dateModified":"2025-07-13T02:36:56+00:00","description":"Photo Booth PRO is an online store where you can buy quality 360 Photo Booth PRO - 68cm AUTOMATISCHER Unendlichkeitsspiegel (360 Kamera Stand, 360 Video Stand) at an affordable price. Buy now!","breadcrumb":{"@id":"https:\/\/360photoboothpro.eu\/de\/produkt\/360-photo-booth-pro-68-cm-automatic-infinity-mirror-360-camera-booth-360-video-booth\/#breadcrumb"},"inLanguage":"de","potentialAction":[{"@type":"ReadAction","target":["https:\/\/360photoboothpro.eu\/de\/produkt\/360-photo-booth-pro-68-cm-automatic-infinity-mirror-360-camera-booth-360-video-booth\/"]}]},{"@type":"ImageObject","inLanguage":"de","@id":"https:\/\/360photoboothpro.eu\/de\/produkt\/360-photo-booth-pro-68-cm-automatic-infinity-mirror-360-camera-booth-360-video-booth\/#primaryimage","url":"https:\/\/360photoboothpro.eu\/wp-content\/uploads\/2023\/04\/360-photo-booth-pro-automatic-infinity-mirror-360-camera-booth-360-video-booth-24.jpg","contentUrl":"https:\/\/360photoboothpro.eu\/wp-content\/uploads\/2023\/04\/360-photo-booth-pro-automatic-infinity-mirror-360-camera-booth-360-video-booth-24.jpg","width":1000,"height":1000,"caption":"360-photo-booth-pro-automatic-infinity-mirror-360-camera-booth-360-video-booth-24"},{"@type":"BreadcrumbList","@id":"https:\/\/360photoboothpro.eu\/de\/produkt\/360-photo-booth-pro-68-cm-automatic-infinity-mirror-360-camera-booth-360-video-booth\/#breadcrumb","itemListElement":[{"@type":"ListItem","position":1,"name":"Home","item":"https:\/\/360photoboothpro.eu\/de\/"},{"@type":"ListItem","position":2,"name":"Shop","item":"https:\/\/360photoboothpro.eu\/de\/shop\/"},{"@type":"ListItem","position":3,"name":"360 Photo Booth PRO &#8211; 68cm AUTOMATISCHER Unendlichkeitsspiegel (360 Kamera Stand, 360 Video Stand)"}]},{"@type":"WebSite","@id":"https:\/\/360photoboothpro.eu\/de\/#website","url":"https:\/\/360photoboothpro.eu\/de\/","name":"360PhotoBoothPRO","description":"360PhotoBoothPRO","publisher":{"@id":"https:\/\/360photoboothpro.eu\/de\/#organization"},"potentialAction":[{"@type":"SearchAction","target":{"@type":"EntryPoint","urlTemplate":"https:\/\/360photoboothpro.eu\/de\/?s={search_term_string}"},"query-input":{"@type":"PropertyValueSpecification","valueRequired":true,"valueName":"search_term_string"}}],"inLanguage":"de"},{"@type":"Organization","@id":"https:\/\/360photoboothpro.eu\/de\/#organization","name":"360PhotoBoothPRO","url":"https:\/\/360photoboothpro.eu\/de\/","logo":{"@type":"ImageObject","inLanguage":"de","@id":"https:\/\/360photoboothpro.eu\/de\/#\/schema\/logo\/image\/","url":"https:\/\/360photoboothpro.eu\/wp-content\/uploads\/2023\/03\/logo-360photoboothpro-favicon.png","contentUrl":"https:\/\/360photoboothpro.eu\/wp-content\/uploads\/2023\/03\/logo-360photoboothpro-favicon.png","width":317,"height":317,"caption":"360PhotoBoothPRO"},"image":{"@id":"https:\/\/360photoboothpro.eu\/de\/#\/schema\/logo\/image\/"},"sameAs":["https:\/\/www.facebook.com\/360PhotoBoothPRO.Canada\/"]}]}},"_links":{"self":[{"href":"https:\/\/360photoboothpro.eu\/de\/wp-json\/wp\/v2\/product\/5642"}],"collection":[{"href":"https:\/\/360photoboothpro.eu\/de\/wp-json\/wp\/v2\/product"}],"about":[{"href":"https:\/\/360photoboothpro.eu\/de\/wp-json\/wp\/v2\/types\/product"}],"replies":[{"embeddable":true,"href":"https:\/\/360photoboothpro.eu\/de\/wp-json\/wp\/v2\/comments?post=5642"}],"wp:featuredmedia":[{"embeddable":true,"href":"https:\/\/360photoboothpro.eu\/de\/wp-json\/wp\/v2\/media\/12632"}],"wp:attachment":[{"href":"https:\/\/360photoboothpro.eu\/de\/wp-json\/wp\/v2\/media?parent=5642"}],"wp:term":[{"taxonomy":"product_cat","embeddable":true,"href":"https:\/\/360photoboothpro.eu\/de\/wp-json\/wp\/v2\/product_cat?post=5642"},{"taxonomy":"product_tag","embeddable":true,"href":"https:\/\/360photoboothpro.eu\/de\/wp-json\/wp\/v2\/product_tag?post=5642"}],"curies":[{"name":"wp","href":"https:\/\/api.w.org\/{rel}","templated":true}]}}