{"id":6011,"date":"2023-03-31T13:28:51","date_gmt":"2023-03-31T11:28:51","guid":{"rendered":"https:\/\/360photoboothpro.eu\/como-hacer-un-pedido\/"},"modified":"2023-12-18T15:11:38","modified_gmt":"2023-12-18T13:11:38","slug":"como-hacer-un-pedido","status":"publish","type":"page","link":"https:\/\/360photoboothpro.eu\/es\/como-hacer-un-pedido\/","title":{"rendered":"C\u00f3mo hacer un pedido"},"content":{"rendered":"\t\t<div data-elementor-type=\"wp-page\" data-elementor-id=\"6011\" class=\"elementor elementor-6011 elementor-3796\" data-elementor-post-type=\"page\">\n\t\t\t\t\t\t<section class=\"elementor-section elementor-top-section elementor-element elementor-element-e86c21d elementor-section-boxed elementor-section-height-default elementor-section-height-default\" data-id=\"e86c21d\" data-element_type=\"section\">\r\n\t\t\r\n\t\t\t\t\t\t\t<div class=\"elementor-container elementor-column-gap-default\">\r\n\t\t\t\t\t\t\t\t\t\t\t<div class=\"elementor-column elementor-col-100 elementor-top-column elementor-element elementor-element-7602985\" data-id=\"7602985\" data-element_type=\"column\">\r\n\t\t\t\t\t<div class=\"elementor-widget-wrap elementor-element-populated\">\r\n\t\t\t\t\t\t\t\t<div class=\"elementor-element elementor-element-85a2f70 elementor-widget elementor-widget-heading\" data-id=\"85a2f70\" data-element_type=\"widget\" data-widget_type=\"heading.default\">\n\t\t\t\t<div class=\"elementor-widget-container\">\n\t\t\t<h2 class=\"elementor-heading-title elementor-size-default\">C\u00d3MO PEDIR<\/h2>\t\t<\/div>\n\t\t\t\t<\/div>\n\t\t\t\t\t<\/div>\r\n\t\t\t\t<\/div>\r\n\t\t\t\t\t<\/div>\r\n\t\t\t\t<\/section>\r\n\t\t\t\t<section class=\"elementor-section elementor-top-section elementor-element elementor-element-ee8d933 elementor-section-boxed elementor-section-height-default elementor-section-height-default\" data-id=\"ee8d933\" data-element_type=\"section\">\r\n\t\t\r\n\t\t\t\t\t\t\t<div class=\"elementor-container elementor-column-gap-default\">\r\n\t\t\t\t\t\t\t\t\t\t\t<div class=\"elementor-column elementor-col-50 elementor-top-column elementor-element elementor-element-8dfe04f\" data-id=\"8dfe04f\" data-element_type=\"column\">\r\n\t\t\t\t\t<div class=\"elementor-widget-wrap elementor-element-populated\">\r\n\t\t\t\t\t\t\t\t<div class=\"elementor-element elementor-element-1156b38 elementor-widget elementor-widget-text-editor\" data-id=\"1156b38\" data-element_type=\"widget\" data-widget_type=\"text-editor.default\">\n\t\t\t\t<div class=\"elementor-widget-container\">\n\t\t\t\t\t\t\t<p id=\"tw-target-text\" class=\"tw-data-text tw-text-large tw-ta\" dir=\"ltr\" data-placeholder=\"Traducere\"><span class=\"Y2IQFc\" lang=\"en\"><strong>REALIZACI\u00d3N DE PEDIDOS EN L\u00cdNEA<\/strong><\/span><\/p>\n<p>Para a\u00f1adir un producto a la \u00abCesta de la compra\u00bb, seleccione el n\u00famero de piezas y pulse el bot\u00f3n \u00abA\u00f1adir a la cesta\u00bb.<\/p>\n<p>A continuaci\u00f3n, haga clic en \u00abVer cesta\u00bb. En la cesta de la compra ver\u00e1 el precio final del producto con todos los impuestos incluidos (incluido el IVA del 19% aplicable a todos los productos comprados en Ruman\u00eda).<\/p>\t\t\t\t\t\t<\/div>\n\t\t\t\t<\/div>\n\t\t\t\t\t<\/div>\r\n\t\t\t\t<\/div>\r\n\t\t\t\t<div class=\"elementor-column elementor-col-50 elementor-top-column elementor-element elementor-element-0c699eb\" data-id=\"0c699eb\" data-element_type=\"column\">\r\n\t\t\t\t\t<div class=\"elementor-widget-wrap elementor-element-populated\">\r\n\t\t\t\t\t\t\t\t<div class=\"elementor-element elementor-element-0dedcce elementor-widget elementor-widget-text-editor\" data-id=\"0dedcce\" data-element_type=\"widget\" data-widget_type=\"text-editor.default\">\n\t\t\t\t<div class=\"elementor-widget-container\">\n\t\t\t\t\t\t\t<p>Pulse el bot\u00f3n \u00abPasar por caja\u00bb, a\u00f1ada los datos de entrega y complete el pedido eligiendo la forma de pago e introduciendo los datos de facturaci\u00f3n.<\/p>\n<p>Despu\u00e9s de enviar el pedido, recibir\u00e1 un correo electr\u00f3nico confirmando el registro de su pedido.<\/p>\n<p>El pedido realizado y el producto adquirido suponen la aceptaci\u00f3n por parte del comprador de todas las condiciones y t\u00e9rminos de uso del sitio.<\/p>\n\t\t\t\t\t\t<\/div>\n\t\t\t\t<\/div>\n\t\t\t\t\t<\/div>\r\n\t\t\t\t<\/div>\r\n\t\t\t\t\t<\/div>\r\n\t\t\t\t<\/section>\r\n\t\t\t\t<\/div>\n\t\t","protected":false},"excerpt":{"rendered":"<p>C\u00d3MO PEDIR REALIZACI\u00d3N DE PEDIDOS EN L\u00cdNEA Para a\u00f1adir un producto a la \u00abCesta de la compra\u00bb, seleccione el n\u00famero de piezas y pulse el bot\u00f3n \u00abA\u00f1adir a la cesta\u00bb. A continuaci\u00f3n, haga clic en \u00abVer cesta\u00bb. En la cesta de la compra ver\u00e1 el precio final del producto con todos los impuestos incluidos (incluido [&hellip;]<\/p>\n","protected":false},"author":1,"featured_media":0,"parent":0,"menu_order":0,"comment_status":"closed","ping_status":"closed","template":"elementor_header_footer","meta":{"_acf_changed":false,"footnotes":""},"class_list":["post-6011","page","type-page","status-publish","hentry"],"acf":[],"yoast_head":"<!-- This site is optimized with the Yoast SEO plugin v23.5 - https:\/\/yoast.com\/wordpress\/plugins\/seo\/ -->\n<title>C\u00f3mo hacer un pedido - 360PhotoBoothPRO<\/title>\n<meta name=\"description\" content=\"Pedidos f\u00e1ciles Sigue nuestra gu\u00eda en 360 Photo Booth Pro para una experiencia perfecta. Capture momentos memorables con nuestros innovadores productos.\" \/>\n<meta name=\"robots\" content=\"index, follow, max-snippet:-1, max-image-preview:large, max-video-preview:-1\" \/>\n<link rel=\"canonical\" href=\"https:\/\/360photoboothpro.eu\/es\/como-hacer-un-pedido\/\" \/>\n<meta property=\"og:locale\" content=\"es_ES\" \/>\n<meta property=\"og:type\" content=\"article\" \/>\n<meta property=\"og:title\" content=\"C\u00f3mo hacer un pedido - 360PhotoBoothPRO\" \/>\n<meta property=\"og:description\" content=\"Pedidos f\u00e1ciles Sigue nuestra gu\u00eda en 360 Photo Booth Pro para una experiencia perfecta. Capture momentos memorables con nuestros innovadores productos.\" \/>\n<meta property=\"og:url\" content=\"https:\/\/360photoboothpro.eu\/es\/como-hacer-un-pedido\/\" \/>\n<meta property=\"og:site_name\" content=\"360PhotoBoothPRO\" \/>\n<meta property=\"article:publisher\" content=\"https:\/\/www.facebook.com\/360PhotoBoothPRO.Canada\/\" \/>\n<meta property=\"article:modified_time\" content=\"2023-12-18T13:11:38+00:00\" \/>\n<meta name=\"twitter:card\" content=\"summary_large_image\" \/>\n<meta name=\"twitter:label1\" content=\"Tiempo de lectura\" \/>\n\t<meta name=\"twitter:data1\" content=\"1 minuto\" \/>\n<script type=\"application\/ld+json\" class=\"yoast-schema-graph\">{\"@context\":\"https:\/\/schema.org\",\"@graph\":[{\"@type\":\"WebPage\",\"@id\":\"https:\/\/360photoboothpro.eu\/es\/como-hacer-un-pedido\/\",\"url\":\"https:\/\/360photoboothpro.eu\/es\/como-hacer-un-pedido\/\",\"name\":\"C\u00f3mo hacer un pedido - 360PhotoBoothPRO\",\"isPartOf\":{\"@id\":\"https:\/\/360photoboothpro.eu\/es\/#website\"},\"datePublished\":\"2023-03-31T11:28:51+00:00\",\"dateModified\":\"2023-12-18T13:11:38+00:00\",\"description\":\"Pedidos f\u00e1ciles Sigue nuestra gu\u00eda en 360 Photo Booth Pro para una experiencia perfecta. Capture momentos memorables con nuestros innovadores productos.\",\"breadcrumb\":{\"@id\":\"https:\/\/360photoboothpro.eu\/es\/como-hacer-un-pedido\/#breadcrumb\"},\"inLanguage\":\"es\",\"potentialAction\":[{\"@type\":\"ReadAction\",\"target\":[\"https:\/\/360photoboothpro.eu\/es\/como-hacer-un-pedido\/\"]}]},{\"@type\":\"BreadcrumbList\",\"@id\":\"https:\/\/360photoboothpro.eu\/es\/como-hacer-un-pedido\/#breadcrumb\",\"itemListElement\":[{\"@type\":\"ListItem\",\"position\":1,\"name\":\"Home\",\"item\":\"https:\/\/360photoboothpro.eu\/es\/\"},{\"@type\":\"ListItem\",\"position\":2,\"name\":\"C\u00f3mo hacer un pedido\"}]},{\"@type\":\"WebSite\",\"@id\":\"https:\/\/360photoboothpro.eu\/es\/#website\",\"url\":\"https:\/\/360photoboothpro.eu\/es\/\",\"name\":\"360PhotoBoothPRO\",\"description\":\"360PhotoBoothPRO\",\"publisher\":{\"@id\":\"https:\/\/360photoboothpro.eu\/es\/#organization\"},\"potentialAction\":[{\"@type\":\"SearchAction\",\"target\":{\"@type\":\"EntryPoint\",\"urlTemplate\":\"https:\/\/360photoboothpro.eu\/es\/?s={search_term_string}\"},\"query-input\":{\"@type\":\"PropertyValueSpecification\",\"valueRequired\":true,\"valueName\":\"search_term_string\"}}],\"inLanguage\":\"es\"},{\"@type\":\"Organization\",\"@id\":\"https:\/\/360photoboothpro.eu\/es\/#organization\",\"name\":\"360PhotoBoothPRO\",\"url\":\"https:\/\/360photoboothpro.eu\/es\/\",\"logo\":{\"@type\":\"ImageObject\",\"inLanguage\":\"es\",\"@id\":\"https:\/\/360photoboothpro.eu\/es\/#\/schema\/logo\/image\/\",\"url\":\"https:\/\/360photoboothpro.eu\/wp-content\/uploads\/2023\/03\/logo-360photoboothpro-favicon.png\",\"contentUrl\":\"https:\/\/360photoboothpro.eu\/wp-content\/uploads\/2023\/03\/logo-360photoboothpro-favicon.png\",\"width\":317,\"height\":317,\"caption\":\"360PhotoBoothPRO\"},\"image\":{\"@id\":\"https:\/\/360photoboothpro.eu\/es\/#\/schema\/logo\/image\/\"},\"sameAs\":[\"https:\/\/www.facebook.com\/360PhotoBoothPRO.Canada\/\"]}]}<\/script>\n<!-- \/ Yoast SEO plugin. -->","yoast_head_json":{"title":"C\u00f3mo hacer un pedido - 360PhotoBoothPRO","description":"Pedidos f\u00e1ciles Sigue nuestra gu\u00eda en 360 Photo Booth Pro para una experiencia perfecta. Capture momentos memorables con nuestros innovadores productos.","robots":{"index":"index","follow":"follow","max-snippet":"max-snippet:-1","max-image-preview":"max-image-preview:large","max-video-preview":"max-video-preview:-1"},"canonical":"https:\/\/360photoboothpro.eu\/es\/como-hacer-un-pedido\/","og_locale":"es_ES","og_type":"article","og_title":"C\u00f3mo hacer un pedido - 360PhotoBoothPRO","og_description":"Pedidos f\u00e1ciles Sigue nuestra gu\u00eda en 360 Photo Booth Pro para una experiencia perfecta. Capture momentos memorables con nuestros innovadores productos.","og_url":"https:\/\/360photoboothpro.eu\/es\/como-hacer-un-pedido\/","og_site_name":"360PhotoBoothPRO","article_publisher":"https:\/\/www.facebook.com\/360PhotoBoothPRO.Canada\/","article_modified_time":"2023-12-18T13:11:38+00:00","twitter_card":"summary_large_image","twitter_misc":{"Tiempo de lectura":"1 minuto"},"schema":{"@context":"https:\/\/schema.org","@graph":[{"@type":"WebPage","@id":"https:\/\/360photoboothpro.eu\/es\/como-hacer-un-pedido\/","url":"https:\/\/360photoboothpro.eu\/es\/como-hacer-un-pedido\/","name":"C\u00f3mo hacer un pedido - 360PhotoBoothPRO","isPartOf":{"@id":"https:\/\/360photoboothpro.eu\/es\/#website"},"datePublished":"2023-03-31T11:28:51+00:00","dateModified":"2023-12-18T13:11:38+00:00","description":"Pedidos f\u00e1ciles Sigue nuestra gu\u00eda en 360 Photo Booth Pro para una experiencia perfecta. Capture momentos memorables con nuestros innovadores productos.","breadcrumb":{"@id":"https:\/\/360photoboothpro.eu\/es\/como-hacer-un-pedido\/#breadcrumb"},"inLanguage":"es","potentialAction":[{"@type":"ReadAction","target":["https:\/\/360photoboothpro.eu\/es\/como-hacer-un-pedido\/"]}]},{"@type":"BreadcrumbList","@id":"https:\/\/360photoboothpro.eu\/es\/como-hacer-un-pedido\/#breadcrumb","itemListElement":[{"@type":"ListItem","position":1,"name":"Home","item":"https:\/\/360photoboothpro.eu\/es\/"},{"@type":"ListItem","position":2,"name":"C\u00f3mo hacer un pedido"}]},{"@type":"WebSite","@id":"https:\/\/360photoboothpro.eu\/es\/#website","url":"https:\/\/360photoboothpro.eu\/es\/","name":"360PhotoBoothPRO","description":"360PhotoBoothPRO","publisher":{"@id":"https:\/\/360photoboothpro.eu\/es\/#organization"},"potentialAction":[{"@type":"SearchAction","target":{"@type":"EntryPoint","urlTemplate":"https:\/\/360photoboothpro.eu\/es\/?s={search_term_string}"},"query-input":{"@type":"PropertyValueSpecification","valueRequired":true,"valueName":"search_term_string"}}],"inLanguage":"es"},{"@type":"Organization","@id":"https:\/\/360photoboothpro.eu\/es\/#organization","name":"360PhotoBoothPRO","url":"https:\/\/360photoboothpro.eu\/es\/","logo":{"@type":"ImageObject","inLanguage":"es","@id":"https:\/\/360photoboothpro.eu\/es\/#\/schema\/logo\/image\/","url":"https:\/\/360photoboothpro.eu\/wp-content\/uploads\/2023\/03\/logo-360photoboothpro-favicon.png","contentUrl":"https:\/\/360photoboothpro.eu\/wp-content\/uploads\/2023\/03\/logo-360photoboothpro-favicon.png","width":317,"height":317,"caption":"360PhotoBoothPRO"},"image":{"@id":"https:\/\/360photoboothpro.eu\/es\/#\/schema\/logo\/image\/"},"sameAs":["https:\/\/www.facebook.com\/360PhotoBoothPRO.Canada\/"]}]}},"_links":{"self":[{"href":"https:\/\/360photoboothpro.eu\/es\/wp-json\/wp\/v2\/pages\/6011"}],"collection":[{"href":"https:\/\/360photoboothpro.eu\/es\/wp-json\/wp\/v2\/pages"}],"about":[{"href":"https:\/\/360photoboothpro.eu\/es\/wp-json\/wp\/v2\/types\/page"}],"author":[{"embeddable":true,"href":"https:\/\/360photoboothpro.eu\/es\/wp-json\/wp\/v2\/users\/1"}],"replies":[{"embeddable":true,"href":"https:\/\/360photoboothpro.eu\/es\/wp-json\/wp\/v2\/comments?post=6011"}],"version-history":[{"count":2,"href":"https:\/\/360photoboothpro.eu\/es\/wp-json\/wp\/v2\/pages\/6011\/revisions"}],"predecessor-version":[{"id":9458,"href":"https:\/\/360photoboothpro.eu\/es\/wp-json\/wp\/v2\/pages\/6011\/revisions\/9458"}],"wp:attachment":[{"href":"https:\/\/360photoboothpro.eu\/es\/wp-json\/wp\/v2\/media?parent=6011"}],"curies":[{"name":"wp","href":"https:\/\/api.w.org\/{rel}","templated":true}]}}