{"id":6016,"date":"2020-12-25T15:00:25","date_gmt":"2020-12-25T13:00:25","guid":{"rendered":"https:\/\/360photoboothpro.eu\/contactar-con\/"},"modified":"2026-04-14T12:07:09","modified_gmt":"2026-04-14T10:07:09","slug":"contactar-con","status":"publish","type":"page","link":"https:\/\/360photoboothpro.eu\/es\/contactar-con\/","title":{"rendered":"Contacte con"},"content":{"rendered":"\t\t<div data-elementor-type=\"wp-page\" data-elementor-id=\"6016\" class=\"elementor elementor-6016 elementor-26\" data-elementor-post-type=\"page\">\n\t\t\t\t\t\t<section class=\"elementor-section elementor-top-section elementor-element elementor-element-14757be elementor-section-content-middle mt-5 pt-1 mb-4 elementor-section-boxed elementor-section-height-default elementor-section-height-default\" data-id=\"14757be\" data-element_type=\"section\">\r\n\t\t\r\n\t\t\t\t\t\t\t<div class=\"elementor-container elementor-column-gap-default\">\r\n\t\t\t\t\t\t\t\t\t\t\t<div class=\"elementor-column elementor-col-50 elementor-top-column elementor-element elementor-element-6c3b8e0 w-lg-33 offset-lg-1 mb-3 mb-lg-0\" data-id=\"6c3b8e0\" data-element_type=\"column\">\r\n\t\t\t\t\t<div class=\"elementor-widget-wrap elementor-element-populated\">\r\n\t\t\t\t\t\t\t\t<div class=\"elementor-element elementor-element-124eee6 elementor-widget elementor-widget-heading\" data-id=\"124eee6\" data-element_type=\"widget\" data-widget_type=\"heading.default\">\n\t\t\t\t<div class=\"elementor-widget-container\">\n\t\t\t<h2 class=\"elementor-heading-title elementor-size-default\">\u00bfQuieres comprar una plataforma 360 Photo Booth PRO?<br>Estamos a su disposici\u00f3n. Puede llamarnos \/ escribirnos un correo electr\u00f3nico \/ rellenar el formulario de contacto.\n<br>Tambi\u00e9n respondemos R\u00c1PIDAMENTE en el CHAT.<\/h2>\t\t<\/div>\n\t\t\t\t<\/div>\n\t\t\t\t<div class=\"elementor-element elementor-element-fb014ba elementor-widget elementor-widget-heading\" data-id=\"fb014ba\" data-element_type=\"widget\" data-widget_type=\"heading.default\">\n\t\t\t\t<div class=\"elementor-widget-container\">\n\t\t\t<p class=\"elementor-heading-title elementor-size-default\">Informaci\u00f3n de la empresa:<br><strong>Nombre:<\/strong> NOVO BEST CONCEPT TEAM SRL<br><strong>N\u00famero de empresa:<\/strong> J16\/2328\/2017<br><strong>IVA:<\/strong> RO38114274<br><strong>Direcci\u00f3n:<\/strong> Bucuresti, Calea Mosilor, nr. 88, sc. F, ap. 82, Sector 3, Ruman\u00eda<\/p>\t\t<\/div>\n\t\t\t\t<\/div>\n\t\t\t\t<div class=\"elementor-element elementor-element-825d361 elementor-widget elementor-widget-heading\" data-id=\"825d361\" data-element_type=\"widget\" data-widget_type=\"heading.default\">\n\t\t\t\t<div class=\"elementor-widget-container\">\n\t\t\t<p class=\"elementor-heading-title elementor-size-default\">Bank Account information:<br><strong>Bank:<\/strong> Raiffeisen Bank<br><strong>Account Number:<\/strong> RO46RZBR0000060030118453<br><strong>Swift Code:<\/strong> RZBRROBUXXX<br>\n<\/p>\t\t<\/div>\n\t\t\t\t<\/div>\n\t\t\t\t\t<\/div>\r\n\t\t\t\t<\/div>\r\n\t\t\t\t<div class=\"elementor-column elementor-col-50 elementor-top-column elementor-element elementor-element-4be1906 w-lg-41 offset-lg-1 custom-form-style-1\" data-id=\"4be1906\" data-element_type=\"column\">\r\n\t\t\t\t\t<div class=\"elementor-widget-wrap\">\r\n\t\t\t\t\t\t\t\t\t<\/div>\r\n\t\t\t\t<\/div>\r\n\t\t\t\t\t<\/div>\r\n\t\t\t\t<\/section>\r\n\t\t\t\t<\/div>\n\t\t","protected":false},"excerpt":{"rendered":"<p>\u00bfQuieres comprar una plataforma 360 Photo Booth PRO?Estamos a su disposici\u00f3n. Puede llamarnos \/ escribirnos un correo electr\u00f3nico \/ rellenar el formulario de contacto. Tambi\u00e9n respondemos R\u00c1PIDAMENTE en el CHAT. Informaci\u00f3n de la empresa:Nombre: NOVO BEST CONCEPT TEAM SRLN\u00famero de empresa: J16\/2328\/2017IVA: RO38114274Direcci\u00f3n: Bucuresti, Calea Mosilor, nr. 88, sc. F, ap. 82, Sector 3, Ruman\u00eda [&hellip;]<\/p>\n","protected":false},"author":1,"featured_media":0,"parent":0,"menu_order":0,"comment_status":"closed","ping_status":"closed","template":"elementor_header_footer","meta":{"_acf_changed":false,"footnotes":""},"class_list":["post-6016","page","type-page","status-publish","hentry"],"acf":[],"yoast_head":"<!-- This site is optimized with the Yoast SEO plugin v23.5 - https:\/\/yoast.com\/wordpress\/plugins\/seo\/ -->\n<title>Contacte con - 360PhotoBoothPRO<\/title>\n<meta name=\"description\" content=\"\u00bfTiene alguna pregunta? P\u00f3ngase en contacto con nosotros en 360 Photo Booth Pro para obtener ayuda r\u00e1pida. Nuestro equipo est\u00e1 a su disposici\u00f3n para ayudarle. P\u00f3ngase en contacto con nosotros a trav\u00e9s de nuestro formulario de contacto.\" \/>\n<meta name=\"robots\" content=\"index, follow, max-snippet:-1, max-image-preview:large, max-video-preview:-1\" \/>\n<link rel=\"canonical\" href=\"https:\/\/360photoboothpro.eu\/es\/contactar-con\/\" \/>\n<meta property=\"og:locale\" content=\"es_ES\" \/>\n<meta property=\"og:type\" content=\"article\" \/>\n<meta property=\"og:title\" content=\"Contacte con - 360PhotoBoothPRO\" \/>\n<meta property=\"og:description\" content=\"\u00bfTiene alguna pregunta? P\u00f3ngase en contacto con nosotros en 360 Photo Booth Pro para obtener ayuda r\u00e1pida. Nuestro equipo est\u00e1 a su disposici\u00f3n para ayudarle. P\u00f3ngase en contacto con nosotros a trav\u00e9s de nuestro formulario de contacto.\" \/>\n<meta property=\"og:url\" content=\"https:\/\/360photoboothpro.eu\/es\/contactar-con\/\" \/>\n<meta property=\"og:site_name\" content=\"360PhotoBoothPRO\" \/>\n<meta property=\"article:publisher\" content=\"https:\/\/www.facebook.com\/360PhotoBoothPRO.Canada\/\" \/>\n<meta property=\"article:modified_time\" content=\"2026-04-14T10:07:09+00:00\" \/>\n<meta name=\"twitter:card\" content=\"summary_large_image\" \/>\n<script type=\"application\/ld+json\" class=\"yoast-schema-graph\">{\"@context\":\"https:\/\/schema.org\",\"@graph\":[{\"@type\":\"WebPage\",\"@id\":\"https:\/\/360photoboothpro.eu\/es\/contactar-con\/\",\"url\":\"https:\/\/360photoboothpro.eu\/es\/contactar-con\/\",\"name\":\"Contacte con - 360PhotoBoothPRO\",\"isPartOf\":{\"@id\":\"https:\/\/360photoboothpro.eu\/es\/#website\"},\"datePublished\":\"2020-12-25T13:00:25+00:00\",\"dateModified\":\"2026-04-14T10:07:09+00:00\",\"description\":\"\u00bfTiene alguna pregunta? P\u00f3ngase en contacto con nosotros en 360 Photo Booth Pro para obtener ayuda r\u00e1pida. Nuestro equipo est\u00e1 a su disposici\u00f3n para ayudarle. P\u00f3ngase en contacto con nosotros a trav\u00e9s de nuestro formulario de contacto.\",\"breadcrumb\":{\"@id\":\"https:\/\/360photoboothpro.eu\/es\/contactar-con\/#breadcrumb\"},\"inLanguage\":\"es\",\"potentialAction\":[{\"@type\":\"ReadAction\",\"target\":[\"https:\/\/360photoboothpro.eu\/es\/contactar-con\/\"]}]},{\"@type\":\"BreadcrumbList\",\"@id\":\"https:\/\/360photoboothpro.eu\/es\/contactar-con\/#breadcrumb\",\"itemListElement\":[{\"@type\":\"ListItem\",\"position\":1,\"name\":\"Home\",\"item\":\"https:\/\/360photoboothpro.eu\/es\/\"},{\"@type\":\"ListItem\",\"position\":2,\"name\":\"Contacte con\"}]},{\"@type\":\"WebSite\",\"@id\":\"https:\/\/360photoboothpro.eu\/es\/#website\",\"url\":\"https:\/\/360photoboothpro.eu\/es\/\",\"name\":\"360PhotoBoothPRO\",\"description\":\"360PhotoBoothPRO\",\"publisher\":{\"@id\":\"https:\/\/360photoboothpro.eu\/es\/#organization\"},\"potentialAction\":[{\"@type\":\"SearchAction\",\"target\":{\"@type\":\"EntryPoint\",\"urlTemplate\":\"https:\/\/360photoboothpro.eu\/es\/?s={search_term_string}\"},\"query-input\":{\"@type\":\"PropertyValueSpecification\",\"valueRequired\":true,\"valueName\":\"search_term_string\"}}],\"inLanguage\":\"es\"},{\"@type\":\"Organization\",\"@id\":\"https:\/\/360photoboothpro.eu\/es\/#organization\",\"name\":\"360PhotoBoothPRO\",\"url\":\"https:\/\/360photoboothpro.eu\/es\/\",\"logo\":{\"@type\":\"ImageObject\",\"inLanguage\":\"es\",\"@id\":\"https:\/\/360photoboothpro.eu\/es\/#\/schema\/logo\/image\/\",\"url\":\"https:\/\/360photoboothpro.eu\/wp-content\/uploads\/2023\/03\/logo-360photoboothpro-favicon.png\",\"contentUrl\":\"https:\/\/360photoboothpro.eu\/wp-content\/uploads\/2023\/03\/logo-360photoboothpro-favicon.png\",\"width\":317,\"height\":317,\"caption\":\"360PhotoBoothPRO\"},\"image\":{\"@id\":\"https:\/\/360photoboothpro.eu\/es\/#\/schema\/logo\/image\/\"},\"sameAs\":[\"https:\/\/www.facebook.com\/360PhotoBoothPRO.Canada\/\"]}]}<\/script>\n<!-- \/ Yoast SEO plugin. -->","yoast_head_json":{"title":"Contacte con - 360PhotoBoothPRO","description":"\u00bfTiene alguna pregunta? P\u00f3ngase en contacto con nosotros en 360 Photo Booth Pro para obtener ayuda r\u00e1pida. Nuestro equipo est\u00e1 a su disposici\u00f3n para ayudarle. P\u00f3ngase en contacto con nosotros a trav\u00e9s de nuestro formulario de contacto.","robots":{"index":"index","follow":"follow","max-snippet":"max-snippet:-1","max-image-preview":"max-image-preview:large","max-video-preview":"max-video-preview:-1"},"canonical":"https:\/\/360photoboothpro.eu\/es\/contactar-con\/","og_locale":"es_ES","og_type":"article","og_title":"Contacte con - 360PhotoBoothPRO","og_description":"\u00bfTiene alguna pregunta? P\u00f3ngase en contacto con nosotros en 360 Photo Booth Pro para obtener ayuda r\u00e1pida. Nuestro equipo est\u00e1 a su disposici\u00f3n para ayudarle. P\u00f3ngase en contacto con nosotros a trav\u00e9s de nuestro formulario de contacto.","og_url":"https:\/\/360photoboothpro.eu\/es\/contactar-con\/","og_site_name":"360PhotoBoothPRO","article_publisher":"https:\/\/www.facebook.com\/360PhotoBoothPRO.Canada\/","article_modified_time":"2026-04-14T10:07:09+00:00","twitter_card":"summary_large_image","schema":{"@context":"https:\/\/schema.org","@graph":[{"@type":"WebPage","@id":"https:\/\/360photoboothpro.eu\/es\/contactar-con\/","url":"https:\/\/360photoboothpro.eu\/es\/contactar-con\/","name":"Contacte con - 360PhotoBoothPRO","isPartOf":{"@id":"https:\/\/360photoboothpro.eu\/es\/#website"},"datePublished":"2020-12-25T13:00:25+00:00","dateModified":"2026-04-14T10:07:09+00:00","description":"\u00bfTiene alguna pregunta? P\u00f3ngase en contacto con nosotros en 360 Photo Booth Pro para obtener ayuda r\u00e1pida. Nuestro equipo est\u00e1 a su disposici\u00f3n para ayudarle. P\u00f3ngase en contacto con nosotros a trav\u00e9s de nuestro formulario de contacto.","breadcrumb":{"@id":"https:\/\/360photoboothpro.eu\/es\/contactar-con\/#breadcrumb"},"inLanguage":"es","potentialAction":[{"@type":"ReadAction","target":["https:\/\/360photoboothpro.eu\/es\/contactar-con\/"]}]},{"@type":"BreadcrumbList","@id":"https:\/\/360photoboothpro.eu\/es\/contactar-con\/#breadcrumb","itemListElement":[{"@type":"ListItem","position":1,"name":"Home","item":"https:\/\/360photoboothpro.eu\/es\/"},{"@type":"ListItem","position":2,"name":"Contacte con"}]},{"@type":"WebSite","@id":"https:\/\/360photoboothpro.eu\/es\/#website","url":"https:\/\/360photoboothpro.eu\/es\/","name":"360PhotoBoothPRO","description":"360PhotoBoothPRO","publisher":{"@id":"https:\/\/360photoboothpro.eu\/es\/#organization"},"potentialAction":[{"@type":"SearchAction","target":{"@type":"EntryPoint","urlTemplate":"https:\/\/360photoboothpro.eu\/es\/?s={search_term_string}"},"query-input":{"@type":"PropertyValueSpecification","valueRequired":true,"valueName":"search_term_string"}}],"inLanguage":"es"},{"@type":"Organization","@id":"https:\/\/360photoboothpro.eu\/es\/#organization","name":"360PhotoBoothPRO","url":"https:\/\/360photoboothpro.eu\/es\/","logo":{"@type":"ImageObject","inLanguage":"es","@id":"https:\/\/360photoboothpro.eu\/es\/#\/schema\/logo\/image\/","url":"https:\/\/360photoboothpro.eu\/wp-content\/uploads\/2023\/03\/logo-360photoboothpro-favicon.png","contentUrl":"https:\/\/360photoboothpro.eu\/wp-content\/uploads\/2023\/03\/logo-360photoboothpro-favicon.png","width":317,"height":317,"caption":"360PhotoBoothPRO"},"image":{"@id":"https:\/\/360photoboothpro.eu\/es\/#\/schema\/logo\/image\/"},"sameAs":["https:\/\/www.facebook.com\/360PhotoBoothPRO.Canada\/"]}]}},"_links":{"self":[{"href":"https:\/\/360photoboothpro.eu\/es\/wp-json\/wp\/v2\/pages\/6016"}],"collection":[{"href":"https:\/\/360photoboothpro.eu\/es\/wp-json\/wp\/v2\/pages"}],"about":[{"href":"https:\/\/360photoboothpro.eu\/es\/wp-json\/wp\/v2\/types\/page"}],"author":[{"embeddable":true,"href":"https:\/\/360photoboothpro.eu\/es\/wp-json\/wp\/v2\/users\/1"}],"replies":[{"embeddable":true,"href":"https:\/\/360photoboothpro.eu\/es\/wp-json\/wp\/v2\/comments?post=6016"}],"version-history":[{"count":18,"href":"https:\/\/360photoboothpro.eu\/es\/wp-json\/wp\/v2\/pages\/6016\/revisions"}],"predecessor-version":[{"id":14777,"href":"https:\/\/360photoboothpro.eu\/es\/wp-json\/wp\/v2\/pages\/6016\/revisions\/14777"}],"wp:attachment":[{"href":"https:\/\/360photoboothpro.eu\/es\/wp-json\/wp\/v2\/media?parent=6016"}],"curies":[{"name":"wp","href":"https:\/\/api.w.org\/{rel}","templated":true}]}}