{"id":6025,"date":"2023-04-25T09:32:41","date_gmt":"2023-04-25T07:32:41","guid":{"rendered":"https:\/\/360photoboothpro.eu\/sobre-nosotros\/"},"modified":"2025-03-12T09:23:18","modified_gmt":"2025-03-12T07:23:18","slug":"sobre-nosotros","status":"publish","type":"page","link":"https:\/\/360photoboothpro.eu\/es\/sobre-nosotros\/","title":{"rendered":"Sobre nosotros"},"content":{"rendered":"\t\t<div data-elementor-type=\"wp-page\" data-elementor-id=\"6025\" class=\"elementor elementor-6025 elementor-4830\" data-elementor-post-type=\"page\">\n\t\t\t\t\t\t<section class=\"elementor-section elementor-top-section elementor-element elementor-element-247f217 elementor-section-boxed elementor-section-height-default elementor-section-height-default\" data-id=\"247f217\" data-element_type=\"section\">\r\n\t\t\r\n\t\t\t\t\t\t\t<div class=\"elementor-container elementor-column-gap-default\">\r\n\t\t\t\t\t\t\t\t\t\t\t<div class=\"elementor-column elementor-col-100 elementor-top-column elementor-element elementor-element-0705ce1\" data-id=\"0705ce1\" data-element_type=\"column\">\r\n\t\t\t\t\t<div class=\"elementor-widget-wrap elementor-element-populated\">\r\n\t\t\t\t\t\t\t\t<div class=\"elementor-element elementor-element-712c1a2 elementor-widget elementor-widget-porto_ultimate_heading\" data-id=\"712c1a2\" data-element_type=\"widget\" data-widget_type=\"porto_ultimate_heading.default\">\n\t\t\t\t<div class=\"elementor-widget-container\">\n\t\t\t<div class=\"porto-u-heading  porto-u-8771\"><div class=\"porto-u-main-heading\"><h2   >Sobre nosotros<\/h2><\/div><style>.porto-u-8771.porto-u-heading{text-align:center}<\/style><\/div>\t\t<\/div>\n\t\t\t\t<\/div>\n\t\t\t\t<div class=\"elementor-element elementor-element-6fbd8bb elementor-widget elementor-widget-text-editor\" data-id=\"6fbd8bb\" data-element_type=\"widget\" data-widget_type=\"text-editor.default\">\n\t\t\t\t<div class=\"elementor-widget-container\">\n\t\t\t\t\t\t\t<p>Empezamos esta empresa, NOVO BEST CONCEPT TEAM, con una idea: ofrecer Plataformas 360 Photo Booth PRO al MEJOR precio posible. A partir de ah\u00ed, hicimos todo lo posible por optimizar los costes para poder ofrecerle los productos con la mejor relaci\u00f3n calidad-precio.<\/p>\n<p>Queremos crear oportunidades econ\u00f3micas para m\u00e1s de 25.000 empresas de todo el mundo.&nbsp;<\/p>\n<p>Nuestra empresa est\u00e1 situada en Bucuresti, Calea Mosilor, nr. 88, sc. F, ap. 82, Sector 3, Ruman\u00eda.<\/p>\n<p>Somos los \u00daNICOS EN EUROPA que ofrecemos plataformas 360 Camera Booth con GARANT\u00cdA de 2 A\u00d1OS y posibilidad de EXTENDER la garant\u00eda hasta 3 A\u00d1OS, y mientras est\u00e9 en garant\u00eda, RECOGEMOS GRATIS el producto defectuoso para ponerlo en servicio y REEMPLAZAMOS LA PLATAFORMA durante la reparaci\u00f3n.<\/p>\n<p>Adem\u00e1s, estamos muy orgullosos de los productos que ofrecemos. Comprobamos y probamos cada plataforma 360VideoBooth PRO antes de la entrega.<\/p>\n<p>Empezamos este hermoso viaje con tiendas en l\u00ednea situadas en Canad\u00e1 y Ruman\u00eda.<\/p>\n<p>\u00bfY ahora qu\u00e9? Queremos ampliar nuestros servicios a todo el mundo. Despu\u00e9s de Canad\u00e1 y Europa, abriremos nuevas tiendas en el Reino Unido, Estados Unidos y Sudam\u00e9rica.<\/p>\t\t\t\t\t\t<\/div>\n\t\t\t\t<\/div>\n\t\t\t\t\t<\/div>\r\n\t\t\t\t<\/div>\r\n\t\t\t\t\t<\/div>\r\n\t\t\t\t<\/section>\r\n\t\t\t\t<\/div>\n\t\t","protected":false},"excerpt":{"rendered":"<p>Sobre nosotros Empezamos esta empresa, NOVO BEST CONCEPT TEAM, con una idea: ofrecer Plataformas 360 Photo Booth PRO al MEJOR precio posible. A partir de ah\u00ed, hicimos todo lo posible por optimizar los costes para poder ofrecerle los productos con la mejor relaci\u00f3n calidad-precio. Queremos crear oportunidades econ\u00f3micas para m\u00e1s de 25.000 empresas de todo [&hellip;]<\/p>\n","protected":false},"author":1,"featured_media":0,"parent":0,"menu_order":0,"comment_status":"closed","ping_status":"closed","template":"elementor_header_footer","meta":{"_acf_changed":false,"footnotes":""},"class_list":["post-6025","page","type-page","status-publish","hentry"],"acf":[],"yoast_head":"<!-- This site is optimized with the Yoast SEO plugin v23.5 - https:\/\/yoast.com\/wordpress\/plugins\/seo\/ -->\n<title>Sobre nosotros - 360PhotoBoothPRO<\/title>\n<meta name=\"description\" content=\"Descubre nuestra historia en 360 Photo Booth Pro. Conozca nuestra misi\u00f3n y nuestro compromiso con las soluciones de fotomat\u00f3n de m\u00e1xima calidad. \u00danase a nosotros para capturar momentos.\" \/>\n<meta name=\"robots\" content=\"index, follow, max-snippet:-1, max-image-preview:large, max-video-preview:-1\" \/>\n<link rel=\"canonical\" href=\"https:\/\/360photoboothpro.eu\/es\/sobre-nosotros\/\" \/>\n<meta property=\"og:locale\" content=\"es_ES\" \/>\n<meta property=\"og:type\" content=\"article\" \/>\n<meta property=\"og:title\" content=\"Sobre nosotros - 360PhotoBoothPRO\" \/>\n<meta property=\"og:description\" content=\"Descubre nuestra historia en 360 Photo Booth Pro. Conozca nuestra misi\u00f3n y nuestro compromiso con las soluciones de fotomat\u00f3n de m\u00e1xima calidad. \u00danase a nosotros para capturar momentos.\" \/>\n<meta property=\"og:url\" content=\"https:\/\/360photoboothpro.eu\/es\/sobre-nosotros\/\" \/>\n<meta property=\"og:site_name\" content=\"360PhotoBoothPRO\" \/>\n<meta property=\"article:publisher\" content=\"https:\/\/www.facebook.com\/360PhotoBoothPRO.Canada\/\" \/>\n<meta property=\"article:modified_time\" content=\"2025-03-12T07:23:18+00:00\" \/>\n<meta name=\"twitter:card\" content=\"summary_large_image\" \/>\n<meta name=\"twitter:label1\" content=\"Tiempo de lectura\" \/>\n\t<meta name=\"twitter:data1\" content=\"1 minuto\" \/>\n<script type=\"application\/ld+json\" class=\"yoast-schema-graph\">{\"@context\":\"https:\/\/schema.org\",\"@graph\":[{\"@type\":\"WebPage\",\"@id\":\"https:\/\/360photoboothpro.eu\/es\/sobre-nosotros\/\",\"url\":\"https:\/\/360photoboothpro.eu\/es\/sobre-nosotros\/\",\"name\":\"Sobre nosotros - 360PhotoBoothPRO\",\"isPartOf\":{\"@id\":\"https:\/\/360photoboothpro.eu\/es\/#website\"},\"datePublished\":\"2023-04-25T07:32:41+00:00\",\"dateModified\":\"2025-03-12T07:23:18+00:00\",\"description\":\"Descubre nuestra historia en 360 Photo Booth Pro. Conozca nuestra misi\u00f3n y nuestro compromiso con las soluciones de fotomat\u00f3n de m\u00e1xima calidad. \u00danase a nosotros para capturar momentos.\",\"breadcrumb\":{\"@id\":\"https:\/\/360photoboothpro.eu\/es\/sobre-nosotros\/#breadcrumb\"},\"inLanguage\":\"es\",\"potentialAction\":[{\"@type\":\"ReadAction\",\"target\":[\"https:\/\/360photoboothpro.eu\/es\/sobre-nosotros\/\"]}]},{\"@type\":\"BreadcrumbList\",\"@id\":\"https:\/\/360photoboothpro.eu\/es\/sobre-nosotros\/#breadcrumb\",\"itemListElement\":[{\"@type\":\"ListItem\",\"position\":1,\"name\":\"Home\",\"item\":\"https:\/\/360photoboothpro.eu\/es\/\"},{\"@type\":\"ListItem\",\"position\":2,\"name\":\"Sobre nosotros\"}]},{\"@type\":\"WebSite\",\"@id\":\"https:\/\/360photoboothpro.eu\/es\/#website\",\"url\":\"https:\/\/360photoboothpro.eu\/es\/\",\"name\":\"360PhotoBoothPRO\",\"description\":\"360PhotoBoothPRO\",\"publisher\":{\"@id\":\"https:\/\/360photoboothpro.eu\/es\/#organization\"},\"potentialAction\":[{\"@type\":\"SearchAction\",\"target\":{\"@type\":\"EntryPoint\",\"urlTemplate\":\"https:\/\/360photoboothpro.eu\/es\/?s={search_term_string}\"},\"query-input\":{\"@type\":\"PropertyValueSpecification\",\"valueRequired\":true,\"valueName\":\"search_term_string\"}}],\"inLanguage\":\"es\"},{\"@type\":\"Organization\",\"@id\":\"https:\/\/360photoboothpro.eu\/es\/#organization\",\"name\":\"360PhotoBoothPRO\",\"url\":\"https:\/\/360photoboothpro.eu\/es\/\",\"logo\":{\"@type\":\"ImageObject\",\"inLanguage\":\"es\",\"@id\":\"https:\/\/360photoboothpro.eu\/es\/#\/schema\/logo\/image\/\",\"url\":\"https:\/\/360photoboothpro.eu\/wp-content\/uploads\/2023\/03\/logo-360photoboothpro-favicon.png\",\"contentUrl\":\"https:\/\/360photoboothpro.eu\/wp-content\/uploads\/2023\/03\/logo-360photoboothpro-favicon.png\",\"width\":317,\"height\":317,\"caption\":\"360PhotoBoothPRO\"},\"image\":{\"@id\":\"https:\/\/360photoboothpro.eu\/es\/#\/schema\/logo\/image\/\"},\"sameAs\":[\"https:\/\/www.facebook.com\/360PhotoBoothPRO.Canada\/\"]}]}<\/script>\n<!-- \/ Yoast SEO plugin. -->","yoast_head_json":{"title":"Sobre nosotros - 360PhotoBoothPRO","description":"Descubre nuestra historia en 360 Photo Booth Pro. Conozca nuestra misi\u00f3n y nuestro compromiso con las soluciones de fotomat\u00f3n de m\u00e1xima calidad. \u00danase a nosotros para capturar momentos.","robots":{"index":"index","follow":"follow","max-snippet":"max-snippet:-1","max-image-preview":"max-image-preview:large","max-video-preview":"max-video-preview:-1"},"canonical":"https:\/\/360photoboothpro.eu\/es\/sobre-nosotros\/","og_locale":"es_ES","og_type":"article","og_title":"Sobre nosotros - 360PhotoBoothPRO","og_description":"Descubre nuestra historia en 360 Photo Booth Pro. Conozca nuestra misi\u00f3n y nuestro compromiso con las soluciones de fotomat\u00f3n de m\u00e1xima calidad. \u00danase a nosotros para capturar momentos.","og_url":"https:\/\/360photoboothpro.eu\/es\/sobre-nosotros\/","og_site_name":"360PhotoBoothPRO","article_publisher":"https:\/\/www.facebook.com\/360PhotoBoothPRO.Canada\/","article_modified_time":"2025-03-12T07:23:18+00:00","twitter_card":"summary_large_image","twitter_misc":{"Tiempo de lectura":"1 minuto"},"schema":{"@context":"https:\/\/schema.org","@graph":[{"@type":"WebPage","@id":"https:\/\/360photoboothpro.eu\/es\/sobre-nosotros\/","url":"https:\/\/360photoboothpro.eu\/es\/sobre-nosotros\/","name":"Sobre nosotros - 360PhotoBoothPRO","isPartOf":{"@id":"https:\/\/360photoboothpro.eu\/es\/#website"},"datePublished":"2023-04-25T07:32:41+00:00","dateModified":"2025-03-12T07:23:18+00:00","description":"Descubre nuestra historia en 360 Photo Booth Pro. Conozca nuestra misi\u00f3n y nuestro compromiso con las soluciones de fotomat\u00f3n de m\u00e1xima calidad. \u00danase a nosotros para capturar momentos.","breadcrumb":{"@id":"https:\/\/360photoboothpro.eu\/es\/sobre-nosotros\/#breadcrumb"},"inLanguage":"es","potentialAction":[{"@type":"ReadAction","target":["https:\/\/360photoboothpro.eu\/es\/sobre-nosotros\/"]}]},{"@type":"BreadcrumbList","@id":"https:\/\/360photoboothpro.eu\/es\/sobre-nosotros\/#breadcrumb","itemListElement":[{"@type":"ListItem","position":1,"name":"Home","item":"https:\/\/360photoboothpro.eu\/es\/"},{"@type":"ListItem","position":2,"name":"Sobre nosotros"}]},{"@type":"WebSite","@id":"https:\/\/360photoboothpro.eu\/es\/#website","url":"https:\/\/360photoboothpro.eu\/es\/","name":"360PhotoBoothPRO","description":"360PhotoBoothPRO","publisher":{"@id":"https:\/\/360photoboothpro.eu\/es\/#organization"},"potentialAction":[{"@type":"SearchAction","target":{"@type":"EntryPoint","urlTemplate":"https:\/\/360photoboothpro.eu\/es\/?s={search_term_string}"},"query-input":{"@type":"PropertyValueSpecification","valueRequired":true,"valueName":"search_term_string"}}],"inLanguage":"es"},{"@type":"Organization","@id":"https:\/\/360photoboothpro.eu\/es\/#organization","name":"360PhotoBoothPRO","url":"https:\/\/360photoboothpro.eu\/es\/","logo":{"@type":"ImageObject","inLanguage":"es","@id":"https:\/\/360photoboothpro.eu\/es\/#\/schema\/logo\/image\/","url":"https:\/\/360photoboothpro.eu\/wp-content\/uploads\/2023\/03\/logo-360photoboothpro-favicon.png","contentUrl":"https:\/\/360photoboothpro.eu\/wp-content\/uploads\/2023\/03\/logo-360photoboothpro-favicon.png","width":317,"height":317,"caption":"360PhotoBoothPRO"},"image":{"@id":"https:\/\/360photoboothpro.eu\/es\/#\/schema\/logo\/image\/"},"sameAs":["https:\/\/www.facebook.com\/360PhotoBoothPRO.Canada\/"]}]}},"_links":{"self":[{"href":"https:\/\/360photoboothpro.eu\/es\/wp-json\/wp\/v2\/pages\/6025"}],"collection":[{"href":"https:\/\/360photoboothpro.eu\/es\/wp-json\/wp\/v2\/pages"}],"about":[{"href":"https:\/\/360photoboothpro.eu\/es\/wp-json\/wp\/v2\/types\/page"}],"author":[{"embeddable":true,"href":"https:\/\/360photoboothpro.eu\/es\/wp-json\/wp\/v2\/users\/1"}],"replies":[{"embeddable":true,"href":"https:\/\/360photoboothpro.eu\/es\/wp-json\/wp\/v2\/comments?post=6025"}],"version-history":[{"count":8,"href":"https:\/\/360photoboothpro.eu\/es\/wp-json\/wp\/v2\/pages\/6025\/revisions"}],"predecessor-version":[{"id":14638,"href":"https:\/\/360photoboothpro.eu\/es\/wp-json\/wp\/v2\/pages\/6025\/revisions\/14638"}],"wp:attachment":[{"href":"https:\/\/360photoboothpro.eu\/es\/wp-json\/wp\/v2\/media?parent=6025"}],"curies":[{"name":"wp","href":"https:\/\/api.w.org\/{rel}","templated":true}]}}