{"id":6030,"date":"2023-03-31T13:30:47","date_gmt":"2023-03-31T11:30:47","guid":{"rendered":"https:\/\/360photoboothpro.eu\/politica-de-devoluciones-y-reembolsos\/"},"modified":"2024-08-06T10:22:35","modified_gmt":"2024-08-06T08:22:35","slug":"politica-de-devoluciones-y-reembolsos","status":"publish","type":"page","link":"https:\/\/360photoboothpro.eu\/es\/politica-de-devoluciones-y-reembolsos\/","title":{"rendered":"Pol\u00edtica de devoluciones y reembolsos"},"content":{"rendered":"\t\t<div data-elementor-type=\"wp-page\" data-elementor-id=\"6030\" class=\"elementor elementor-6030 elementor-3802\" data-elementor-post-type=\"page\">\n\t\t\t\t\t\t<section class=\"elementor-section elementor-top-section elementor-element elementor-element-2178fa8 elementor-section-boxed elementor-section-height-default elementor-section-height-default\" data-id=\"2178fa8\" data-element_type=\"section\">\r\n\t\t\r\n\t\t\t\t\t\t\t<div class=\"elementor-container elementor-column-gap-default\">\r\n\t\t\t\t\t\t\t\t\t\t\t<div class=\"elementor-column elementor-col-100 elementor-top-column elementor-element elementor-element-61f3c36\" data-id=\"61f3c36\" data-element_type=\"column\">\r\n\t\t\t\t\t<div class=\"elementor-widget-wrap elementor-element-populated\">\r\n\t\t\t\t\t\t\t\t<div class=\"elementor-element elementor-element-fb8d3b0 elementor-widget elementor-widget-heading\" data-id=\"fb8d3b0\" data-element_type=\"widget\" data-widget_type=\"heading.default\">\n\t\t\t\t<div class=\"elementor-widget-container\">\n\t\t\t<h2 class=\"elementor-heading-title elementor-size-default\">POL\u00cdTICA DE DEVOLUCIONES Y REEMBOLSOS<\/h2>\t\t<\/div>\n\t\t\t\t<\/div>\n\t\t\t\t\t<\/div>\r\n\t\t\t\t<\/div>\r\n\t\t\t\t\t<\/div>\r\n\t\t\t\t<\/section>\r\n\t\t\t\t<section class=\"elementor-section elementor-top-section elementor-element elementor-element-28581d1 elementor-section-boxed elementor-section-height-default elementor-section-height-default\" data-id=\"28581d1\" data-element_type=\"section\">\r\n\t\t\r\n\t\t\t\t\t\t\t<div class=\"elementor-container elementor-column-gap-default\">\r\n\t\t\t\t\t\t\t\t\t\t\t<div class=\"elementor-column elementor-col-50 elementor-top-column elementor-element elementor-element-2c90472\" data-id=\"2c90472\" data-element_type=\"column\">\r\n\t\t\t\t\t<div class=\"elementor-widget-wrap elementor-element-populated\">\r\n\t\t\t\t\t\t\t\t<div class=\"elementor-element elementor-element-7b74c01 elementor-widget elementor-widget-text-editor\" data-id=\"7b74c01\" data-element_type=\"widget\" data-widget_type=\"text-editor.default\">\n\t\t\t\t<div class=\"elementor-widget-container\">\n\t\t\t\t\t\t\t<p>Tenemos una pol\u00edtica de devoluciones de 14 d\u00edas, lo que significa que tienes 14 d\u00edas despu\u00e9s de recibir tu art\u00edculo para solicitar una devoluci\u00f3n.<\/p>\n<p>S\u00f3lo aceptamos devoluciones de productos que no hayan sido utilizados o que hayan sufrido da\u00f1os durante el transporte.<\/p>\n<p>Si desea devolver un producto no utilizado (cualquier 360 Photo Booth Pro, cualquier accesorio u otra cosa) comprado en nuestro sitio web, estaremos encantados de proporcionarle un reembolso o ayudarle a cambiar el producto por un modelo diferente disponible en nuestro sitio web.<\/p>\n<p>Los gastos de env\u00edo en caso de devoluci\u00f3n correr\u00e1n por su cuenta. Despu\u00e9s de informarnos de una devoluci\u00f3n, le enviaremos por correo electr\u00f3nico instrucciones sobre c\u00f3mo y d\u00f3nde enviar su paquete.<\/p>\n<p>Tenga en cuenta que los productos de sustituci\u00f3n est\u00e1n sujetos a disponibilidad. Haremos todo lo posible para igualar las especificaciones del producto que compr\u00f3 originalmente u ofrecerle un reemplazo comparable.<\/p>\n<p>Para iniciar una devoluci\u00f3n, rellene y env\u00ede el formulario de devoluci\u00f3n de esta p\u00e1gina o env\u00edenos un correo electr\u00f3nico a contact@360photoboothpro.eu.<\/p>\n<p>Si se acepta su devoluci\u00f3n, le enviaremos instrucciones sobre c\u00f3mo y d\u00f3nde enviar su paquete. No se aceptar\u00e1n art\u00edculos devueltos sin haber solicitado previamente la devoluci\u00f3n.<\/p>\n<p>Siempre puede ponerse en contacto con nosotros para cualquier consulta sobre devoluciones en contact@360photoboothpro.eu.<\/p>\n<p><strong>DA\u00d1OS Y PERJUICIOS<\/strong><\/p>\n<p>Por favor, inspeccione su pedido a la recepci\u00f3n y p\u00f3ngase en contacto con nosotros en las primeras 72 horas despu\u00e9s de recibirlo, si el art\u00edculo est\u00e1 defectuoso, da\u00f1ado o si ha recibido el art\u00edculo equivocado para que podamos evaluar el problema y solucionarlo.<\/p>\n<p>En este caso, puede enviarnos un correo electr\u00f3nico a contact@photoboothpro.eu o llamarnos al (+40)761140547 en horario de 09.00 a 17.00 horas de lunes a viernes.<\/p>\n<p>A su elecci\u00f3n, puede recibir un reembolso completo en un plazo m\u00e1ximo de 5 d\u00edas laborables desde la recepci\u00f3n del producto, o podemos enviarle otro producto con las mismas especificaciones sin coste alguno para usted.<\/p>\n<p><strong>INTERCAMBIOS<\/strong><\/p>\n<p>La forma m\u00e1s r\u00e1pida de asegurarse lo que quiere es devolver el art\u00edculo que tiene y, una vez aceptada la devoluci\u00f3n, hacer una compra por separado del nuevo art\u00edculo.<\/p>\n<p>Si desea cambiar un producto, siga las instrucciones que figuran en esta p\u00e1gina. S\u00f3lo tiene que informarnos enviando un formulario de devoluci\u00f3n (el formulario de devoluci\u00f3n se encuentra en esta p\u00e1gina) o enviarnos un correo electr\u00f3nico a contact@360photoboothpro.eu.<\/p>\n<p><strong>REEMBOLSOS<\/strong><\/p>\n<p>Le notificaremos una vez hayamos recibido e inspeccionado su devoluci\u00f3n, y le comunicaremos si el reembolso ha sido aprobado o no. Si se aprueba, se le reembolsar\u00e1 autom\u00e1ticamente en la cuenta que haya rellenado en el formulario de devoluci\u00f3n, en un plazo m\u00e1ximo de 5 d\u00edas laborables. Recuerde que el banco o la entidad emisora de la tarjeta de cr\u00e9dito pueden tardar alg\u00fan tiempo en procesar y contabilizar el reembolso.<\/p>\n<p>El importe del reembolso se calcular\u00e1 como \u00abel total de los productos menos una tasa de reposici\u00f3n del 15%\u00bb por los productos devueltos.<\/p>\n\t\t\t\t\t\t<\/div>\n\t\t\t\t<\/div>\n\t\t\t\t\t<\/div>\r\n\t\t\t\t<\/div>\r\n\t\t\t\t<div class=\"elementor-column elementor-col-50 elementor-top-column elementor-element elementor-element-048a712\" data-id=\"048a712\" data-element_type=\"column\">\r\n\t\t\t\t\t<div class=\"elementor-widget-wrap elementor-element-populated\">\r\n\t\t\t\t\t\t\t\t<div class=\"elementor-element elementor-element-f57c798 elementor-widget elementor-widget-heading\" data-id=\"f57c798\" data-element_type=\"widget\" data-widget_type=\"heading.default\">\n\t\t\t\t<div class=\"elementor-widget-container\">\n\t\t\t<h2 class=\"elementor-heading-title elementor-size-default\">FORMULARIO DE DEVOLUCI\u00d3N<\/h2>\t\t<\/div>\n\t\t\t\t<\/div>\n\t\t\t\t<div class=\"elementor-element elementor-element-62bcc50 elementor-widget elementor-widget-shortcode\" data-id=\"62bcc50\" data-element_type=\"widget\" data-widget_type=\"shortcode.default\">\n\t\t\t\t<div class=\"elementor-widget-container\">\n\t\t\t\t\t<div class=\"elementor-shortcode\"><div class=\"wpforms-container wpforms-container-full\" id=\"wpforms-3837\"><form id=\"wpforms-form-3837\" class=\"wpforms-validate wpforms-form wpforms-ajax-form\" data-formid=\"3837\" method=\"post\" enctype=\"multipart\/form-data\" action=\"\/es\/wp-json\/wp\/v2\/pages\/6030\" data-token=\"c04eb7d1d822a858c6edb93024e6d1e9\" data-token-time=\"1776545615\"><noscript class=\"wpforms-error-noscript\">Por favor, activa JavaScript en tu navegador para completar este formulario.<\/noscript><div class=\"wpforms-field-container\"><div id=\"wpforms-3837-field_1-container\" class=\"wpforms-field wpforms-field-text\" data-field-id=\"1\"><label class=\"wpforms-field-label\" for=\"wpforms-3837-field_1\">Customer name <span class=\"wpforms-required-label\">*<\/span><\/label><input type=\"text\" id=\"wpforms-3837-field_1\" class=\"wpforms-field-medium wpforms-field-required\" name=\"wpforms[fields][1]\" required><\/div><div id=\"wpforms-3837-field_2-container\" class=\"wpforms-field wpforms-field-text\" data-field-id=\"2\"><label class=\"wpforms-field-label\" for=\"wpforms-3837-field_2\">Customer phone number <span class=\"wpforms-required-label\">*<\/span><\/label><input type=\"text\" id=\"wpforms-3837-field_2\" class=\"wpforms-field-medium wpforms-field-required\" name=\"wpforms[fields][2]\" required><\/div><div id=\"wpforms-3837-field_3-container\" class=\"wpforms-field wpforms-field-email\" data-field-id=\"3\"><label class=\"wpforms-field-label\" for=\"wpforms-3837-field_3\">Email <span class=\"wpforms-required-label\">*<\/span><\/label><input type=\"email\" id=\"wpforms-3837-field_3\" class=\"wpforms-field-medium wpforms-field-required\" name=\"wpforms[fields][3]\" spellcheck=\"false\" required><\/div><div id=\"wpforms-3837-field_4-container\" class=\"wpforms-field wpforms-field-text\" data-field-id=\"4\"><label class=\"wpforms-field-label\" for=\"wpforms-3837-field_4\">Order number <span class=\"wpforms-required-label\">*<\/span><\/label><input type=\"text\" id=\"wpforms-3837-field_4\" class=\"wpforms-field-medium wpforms-field-required\" name=\"wpforms[fields][4]\" required><\/div><div id=\"wpforms-3837-field_5-container\" class=\"wpforms-field wpforms-field-text\" data-field-id=\"5\"><label class=\"wpforms-field-label\" for=\"wpforms-3837-field_5\">Your account number: (we will send your money back in this account) <span class=\"wpforms-required-label\">*<\/span><\/label><input type=\"text\" id=\"wpforms-3837-field_5\" class=\"wpforms-field-medium wpforms-field-required\" name=\"wpforms[fields][5]\" required><\/div><div id=\"wpforms-3837-field_6-container\" class=\"wpforms-field wpforms-field-text\" data-field-id=\"6\"><label class=\"wpforms-field-label\" for=\"wpforms-3837-field_6\">Bank: <span class=\"wpforms-required-label\">*<\/span><\/label><input type=\"text\" id=\"wpforms-3837-field_6\" class=\"wpforms-field-medium wpforms-field-required\" name=\"wpforms[fields][6]\" required><\/div><div id=\"wpforms-3837-field_7-container\" class=\"wpforms-field wpforms-field-text\" data-field-id=\"7\"><label class=\"wpforms-field-label\" for=\"wpforms-3837-field_7\">Account owner (must be the same as the client): <span class=\"wpforms-required-label\">*<\/span><\/label><input type=\"text\" id=\"wpforms-3837-field_7\" class=\"wpforms-field-medium wpforms-field-required\" name=\"wpforms[fields][7]\" required><\/div><\/div><!-- .wpforms-field-container --><div class=\"wpforms-submit-container\" ><input type=\"hidden\" name=\"wpforms[id]\" value=\"3837\"><input type=\"hidden\" name=\"page_title\" value=\"\"><input type=\"hidden\" name=\"page_url\" value=\"https:\/\/360photoboothpro.eu\/es\/wp-json\/wp\/v2\/pages\/6030\"><button type=\"submit\" name=\"wpforms[submit]\" id=\"wpforms-submit-3837\" class=\"wpforms-submit\" data-alt-text=\"Sending...\" data-submit-text=\"Submit\" aria-live=\"assertive\" value=\"wpforms-submit\">Submit<\/button><img decoding=\"async\" src=\"https:\/\/360photoboothpro.eu\/wp-content\/plugins\/wpforms-lite\/assets\/images\/submit-spin.svg\" class=\"wpforms-submit-spinner\" style=\"display: none;\" width=\"26\" height=\"26\" alt=\"Cargando\"><\/div><\/form><\/div>  <!-- .wpforms-container --><\/div>\n\t\t\t\t<\/div>\n\t\t\t\t<\/div>\n\t\t\t\t\t<\/div>\r\n\t\t\t\t<\/div>\r\n\t\t\t\t\t<\/div>\r\n\t\t\t\t<\/section>\r\n\t\t\t\t<\/div>\n\t\t","protected":false},"excerpt":{"rendered":"<p>POL\u00cdTICA DE DEVOLUCIONES Y REEMBOLSOS Tenemos una pol\u00edtica de devoluciones de 14 d\u00edas, lo que significa que tienes 14 d\u00edas despu\u00e9s de recibir tu art\u00edculo para solicitar una devoluci\u00f3n. S\u00f3lo aceptamos devoluciones de productos que no hayan sido utilizados o que hayan sufrido da\u00f1os durante el transporte. Si desea devolver un producto no utilizado (cualquier [&hellip;]<\/p>\n","protected":false},"author":1,"featured_media":0,"parent":0,"menu_order":0,"comment_status":"closed","ping_status":"closed","template":"elementor_header_footer","meta":{"_acf_changed":false,"footnotes":""},"class_list":["post-6030","page","type-page","status-publish","hentry"],"acf":[],"yoast_head":"<!-- This site is optimized with the Yoast SEO plugin v23.5 - https:\/\/yoast.com\/wordpress\/plugins\/seo\/ -->\n<title>Pol\u00edtica de devoluciones y reembolsos - 360PhotoBoothPRO<\/title>\n<meta name=\"description\" content=\"Explore nuestra pol\u00edtica de devoluciones y reembolsos sin complicaciones. Su satisfacci\u00f3n es nuestra prioridad. Conf\u00eda en 360 Photo Booth Pro para una experiencia de compra segura.\" \/>\n<meta name=\"robots\" content=\"index, follow, max-snippet:-1, max-image-preview:large, max-video-preview:-1\" \/>\n<link rel=\"canonical\" href=\"https:\/\/360photoboothpro.eu\/es\/politica-de-devoluciones-y-reembolsos\/\" \/>\n<meta property=\"og:locale\" content=\"es_ES\" \/>\n<meta property=\"og:type\" content=\"article\" \/>\n<meta property=\"og:title\" content=\"Pol\u00edtica de devoluciones y reembolsos - 360PhotoBoothPRO\" \/>\n<meta property=\"og:description\" content=\"Explore nuestra pol\u00edtica de devoluciones y reembolsos sin complicaciones. Su satisfacci\u00f3n es nuestra prioridad. Conf\u00eda en 360 Photo Booth Pro para una experiencia de compra segura.\" \/>\n<meta property=\"og:url\" content=\"https:\/\/360photoboothpro.eu\/es\/politica-de-devoluciones-y-reembolsos\/\" \/>\n<meta property=\"og:site_name\" content=\"360PhotoBoothPRO\" \/>\n<meta property=\"article:publisher\" content=\"https:\/\/www.facebook.com\/360PhotoBoothPRO.Canada\/\" \/>\n<meta property=\"article:modified_time\" content=\"2024-08-06T08:22:35+00:00\" \/>\n<meta name=\"twitter:card\" content=\"summary_large_image\" \/>\n<meta name=\"twitter:label1\" content=\"Tiempo de lectura\" \/>\n\t<meta name=\"twitter:data1\" content=\"3 minutos\" \/>\n<script type=\"application\/ld+json\" class=\"yoast-schema-graph\">{\"@context\":\"https:\/\/schema.org\",\"@graph\":[{\"@type\":\"WebPage\",\"@id\":\"https:\/\/360photoboothpro.eu\/es\/politica-de-devoluciones-y-reembolsos\/\",\"url\":\"https:\/\/360photoboothpro.eu\/es\/politica-de-devoluciones-y-reembolsos\/\",\"name\":\"Pol\u00edtica de devoluciones y reembolsos - 360PhotoBoothPRO\",\"isPartOf\":{\"@id\":\"https:\/\/360photoboothpro.eu\/es\/#website\"},\"datePublished\":\"2023-03-31T11:30:47+00:00\",\"dateModified\":\"2024-08-06T08:22:35+00:00\",\"description\":\"Explore nuestra pol\u00edtica de devoluciones y reembolsos sin complicaciones. Su satisfacci\u00f3n es nuestra prioridad. Conf\u00eda en 360 Photo Booth Pro para una experiencia de compra segura.\",\"breadcrumb\":{\"@id\":\"https:\/\/360photoboothpro.eu\/es\/politica-de-devoluciones-y-reembolsos\/#breadcrumb\"},\"inLanguage\":\"es\",\"potentialAction\":[{\"@type\":\"ReadAction\",\"target\":[\"https:\/\/360photoboothpro.eu\/es\/politica-de-devoluciones-y-reembolsos\/\"]}]},{\"@type\":\"BreadcrumbList\",\"@id\":\"https:\/\/360photoboothpro.eu\/es\/politica-de-devoluciones-y-reembolsos\/#breadcrumb\",\"itemListElement\":[{\"@type\":\"ListItem\",\"position\":1,\"name\":\"Home\",\"item\":\"https:\/\/360photoboothpro.eu\/es\/\"},{\"@type\":\"ListItem\",\"position\":2,\"name\":\"Pol\u00edtica de devoluciones y reembolsos\"}]},{\"@type\":\"WebSite\",\"@id\":\"https:\/\/360photoboothpro.eu\/es\/#website\",\"url\":\"https:\/\/360photoboothpro.eu\/es\/\",\"name\":\"360PhotoBoothPRO\",\"description\":\"360PhotoBoothPRO\",\"publisher\":{\"@id\":\"https:\/\/360photoboothpro.eu\/es\/#organization\"},\"potentialAction\":[{\"@type\":\"SearchAction\",\"target\":{\"@type\":\"EntryPoint\",\"urlTemplate\":\"https:\/\/360photoboothpro.eu\/es\/?s={search_term_string}\"},\"query-input\":{\"@type\":\"PropertyValueSpecification\",\"valueRequired\":true,\"valueName\":\"search_term_string\"}}],\"inLanguage\":\"es\"},{\"@type\":\"Organization\",\"@id\":\"https:\/\/360photoboothpro.eu\/es\/#organization\",\"name\":\"360PhotoBoothPRO\",\"url\":\"https:\/\/360photoboothpro.eu\/es\/\",\"logo\":{\"@type\":\"ImageObject\",\"inLanguage\":\"es\",\"@id\":\"https:\/\/360photoboothpro.eu\/es\/#\/schema\/logo\/image\/\",\"url\":\"https:\/\/360photoboothpro.eu\/wp-content\/uploads\/2023\/03\/logo-360photoboothpro-favicon.png\",\"contentUrl\":\"https:\/\/360photoboothpro.eu\/wp-content\/uploads\/2023\/03\/logo-360photoboothpro-favicon.png\",\"width\":317,\"height\":317,\"caption\":\"360PhotoBoothPRO\"},\"image\":{\"@id\":\"https:\/\/360photoboothpro.eu\/es\/#\/schema\/logo\/image\/\"},\"sameAs\":[\"https:\/\/www.facebook.com\/360PhotoBoothPRO.Canada\/\"]}]}<\/script>\n<!-- \/ Yoast SEO plugin. -->","yoast_head_json":{"title":"Pol\u00edtica de devoluciones y reembolsos - 360PhotoBoothPRO","description":"Explore nuestra pol\u00edtica de devoluciones y reembolsos sin complicaciones. Su satisfacci\u00f3n es nuestra prioridad. Conf\u00eda en 360 Photo Booth Pro para una experiencia de compra segura.","robots":{"index":"index","follow":"follow","max-snippet":"max-snippet:-1","max-image-preview":"max-image-preview:large","max-video-preview":"max-video-preview:-1"},"canonical":"https:\/\/360photoboothpro.eu\/es\/politica-de-devoluciones-y-reembolsos\/","og_locale":"es_ES","og_type":"article","og_title":"Pol\u00edtica de devoluciones y reembolsos - 360PhotoBoothPRO","og_description":"Explore nuestra pol\u00edtica de devoluciones y reembolsos sin complicaciones. Su satisfacci\u00f3n es nuestra prioridad. Conf\u00eda en 360 Photo Booth Pro para una experiencia de compra segura.","og_url":"https:\/\/360photoboothpro.eu\/es\/politica-de-devoluciones-y-reembolsos\/","og_site_name":"360PhotoBoothPRO","article_publisher":"https:\/\/www.facebook.com\/360PhotoBoothPRO.Canada\/","article_modified_time":"2024-08-06T08:22:35+00:00","twitter_card":"summary_large_image","twitter_misc":{"Tiempo de lectura":"3 minutos"},"schema":{"@context":"https:\/\/schema.org","@graph":[{"@type":"WebPage","@id":"https:\/\/360photoboothpro.eu\/es\/politica-de-devoluciones-y-reembolsos\/","url":"https:\/\/360photoboothpro.eu\/es\/politica-de-devoluciones-y-reembolsos\/","name":"Pol\u00edtica de devoluciones y reembolsos - 360PhotoBoothPRO","isPartOf":{"@id":"https:\/\/360photoboothpro.eu\/es\/#website"},"datePublished":"2023-03-31T11:30:47+00:00","dateModified":"2024-08-06T08:22:35+00:00","description":"Explore nuestra pol\u00edtica de devoluciones y reembolsos sin complicaciones. Su satisfacci\u00f3n es nuestra prioridad. Conf\u00eda en 360 Photo Booth Pro para una experiencia de compra segura.","breadcrumb":{"@id":"https:\/\/360photoboothpro.eu\/es\/politica-de-devoluciones-y-reembolsos\/#breadcrumb"},"inLanguage":"es","potentialAction":[{"@type":"ReadAction","target":["https:\/\/360photoboothpro.eu\/es\/politica-de-devoluciones-y-reembolsos\/"]}]},{"@type":"BreadcrumbList","@id":"https:\/\/360photoboothpro.eu\/es\/politica-de-devoluciones-y-reembolsos\/#breadcrumb","itemListElement":[{"@type":"ListItem","position":1,"name":"Home","item":"https:\/\/360photoboothpro.eu\/es\/"},{"@type":"ListItem","position":2,"name":"Pol\u00edtica de devoluciones y reembolsos"}]},{"@type":"WebSite","@id":"https:\/\/360photoboothpro.eu\/es\/#website","url":"https:\/\/360photoboothpro.eu\/es\/","name":"360PhotoBoothPRO","description":"360PhotoBoothPRO","publisher":{"@id":"https:\/\/360photoboothpro.eu\/es\/#organization"},"potentialAction":[{"@type":"SearchAction","target":{"@type":"EntryPoint","urlTemplate":"https:\/\/360photoboothpro.eu\/es\/?s={search_term_string}"},"query-input":{"@type":"PropertyValueSpecification","valueRequired":true,"valueName":"search_term_string"}}],"inLanguage":"es"},{"@type":"Organization","@id":"https:\/\/360photoboothpro.eu\/es\/#organization","name":"360PhotoBoothPRO","url":"https:\/\/360photoboothpro.eu\/es\/","logo":{"@type":"ImageObject","inLanguage":"es","@id":"https:\/\/360photoboothpro.eu\/es\/#\/schema\/logo\/image\/","url":"https:\/\/360photoboothpro.eu\/wp-content\/uploads\/2023\/03\/logo-360photoboothpro-favicon.png","contentUrl":"https:\/\/360photoboothpro.eu\/wp-content\/uploads\/2023\/03\/logo-360photoboothpro-favicon.png","width":317,"height":317,"caption":"360PhotoBoothPRO"},"image":{"@id":"https:\/\/360photoboothpro.eu\/es\/#\/schema\/logo\/image\/"},"sameAs":["https:\/\/www.facebook.com\/360PhotoBoothPRO.Canada\/"]}]}},"_links":{"self":[{"href":"https:\/\/360photoboothpro.eu\/es\/wp-json\/wp\/v2\/pages\/6030"}],"collection":[{"href":"https:\/\/360photoboothpro.eu\/es\/wp-json\/wp\/v2\/pages"}],"about":[{"href":"https:\/\/360photoboothpro.eu\/es\/wp-json\/wp\/v2\/types\/page"}],"author":[{"embeddable":true,"href":"https:\/\/360photoboothpro.eu\/es\/wp-json\/wp\/v2\/users\/1"}],"replies":[{"embeddable":true,"href":"https:\/\/360photoboothpro.eu\/es\/wp-json\/wp\/v2\/comments?post=6030"}],"version-history":[{"count":4,"href":"https:\/\/360photoboothpro.eu\/es\/wp-json\/wp\/v2\/pages\/6030\/revisions"}],"predecessor-version":[{"id":14521,"href":"https:\/\/360photoboothpro.eu\/es\/wp-json\/wp\/v2\/pages\/6030\/revisions\/14521"}],"wp:attachment":[{"href":"https:\/\/360photoboothpro.eu\/es\/wp-json\/wp\/v2\/media?parent=6030"}],"curies":[{"name":"wp","href":"https:\/\/api.w.org\/{rel}","templated":true}]}}