{"id":10766,"date":"2023-10-12T09:31:35","date_gmt":"2023-10-12T07:31:35","guid":{"rendered":"https:\/\/360photoboothpro.eu\/?post_type=product&#038;p=10766"},"modified":"2024-12-01T13:57:05","modified_gmt":"2024-12-01T11:57:05","slug":"magic-mirror-photobooth-165-1-cm","status":"publish","type":"product","link":"https:\/\/360photoboothpro.eu\/es\/producto\/magic-mirror-photobooth-165-1-cm\/","title":{"rendered":"Photobooth Espejo M\u00e1gico 165,1 cm"},"content":{"rendered":"<p id=\"tw-target-text\" class=\"tw-data-text tw-text-large tw-ta\" dir=\"ltr\" data-placeholder=\"Traducere\"><span class=\"Y2IQFc\" lang=\"en\">Ofrecemos para la VENTA (y proporcionamos ASISTENCIA T\u00c9CNICA para la INSTALACI\u00d3N) Magic Mirror Photo Booth 165,1 cm:  <\/span><\/p>\n<ul>\n<li>  El fotomat\u00f3n Magic Mirror<\/li>\n<li>  Pantalla LG A+ con resoluci\u00f3n 4K<\/li>\n<li>  LED RGB Bluetooth incorporados en la carcasa con cambio de color mediante mando a distancia<\/li>\n<li>  Mini PC CPU Intel Core i5, 8 GB de RAM, 256 GB de SSD, licencia de Windows 10 Pro<\/li>\n<li>  C\u00e1mara Canon 2000D + objetivo 18-55<\/li>\n<li>  Impresora fotogr\u00e1fica t\u00e9rmica profesional Hiti P525L &#8211; Impresora de fotomat\u00f3n<\/li>\n<li>  Consumibles para 1000 impresiones 10 x 15 cm<\/li>\n<li>  L\u00e1mpara LED circular<\/li>\n<li>  Software de fabricaci\u00f3n preinstalado dise\u00f1ado y probado por nuestro proveedor con las siguientes caracter\u00edsticas: Utilice las animaciones incorporadas o cargue las suyas propias para ofrecer una experiencia \u00fanica a sus invitados; Personalice a\u00fan m\u00e1s la experiencia de la cabina haciendo que sus invitados dibujen su firma y la incorporen a su impresi\u00f3n; A\u00f1ada diversi\u00f3n a la experiencia permitiendo que los invitados a\u00f1adan pegatinas y emojis incorporados o personalizados a su impresi\u00f3n; Personalice las pantallas que ven sus invitados para que se adapten perfectamente a su evento con sus propios gr\u00e1ficos, logotipos y botones; Comparta f\u00e1cilmente sus fotos y v\u00eddeos por correo electr\u00f3nico, SMS, AirDrop, c\u00f3digo QR, as\u00ed como imprima sus fotos; Obtenga impresiones de la m\u00e1s alta calidad utilizando el editor de plantillas integrado para a\u00f1adir su logotipo, texto u otros gr\u00e1ficos.<\/li>\n<li>  Asistencia t\u00e9cnica<\/li>\n<\/ul>\n","protected":false},"excerpt":{"rendered":"<p>Nuestra empresa se encuentra en Ruman\u00eda.<br \/>\nEnviamos los productos desde nuestro almac\u00e9n.<br \/>\nEl producto le ser\u00e1 enviado en 5-7 d\u00edas laborables.<\/p>\n","protected":false},"featured_media":10798,"comment_status":"open","ping_status":"closed","template":"","meta":{"_acf_changed":false},"product_cat":[492],"product_tag":[],"class_list":{"0":"post-10766","1":"product","2":"type-product","3":"status-publish","4":"has-post-thumbnail","6":"product_cat-espejo-magico","8":"first","9":"outofstock","10":"taxable","11":"shipping-taxable","12":"purchasable","13":"product-type-simple"},"acf":[],"yoast_head":"<!-- This site is optimized with the Yoast SEO plugin v23.5 - https:\/\/yoast.com\/wordpress\/plugins\/seo\/ -->\n<title>Photobooth Espejo M\u00e1gico 165,1 cm - 360PhotoBoothPRO<\/title>\n<meta name=\"description\" content=\"Photo Booth PRO is an online store where you can buy quality Photobooth Espejo M\u00e1gico 165,1 cm at an affordable price. Buy now!\" \/>\n<meta name=\"robots\" content=\"index, follow, max-snippet:-1, max-image-preview:large, max-video-preview:-1\" \/>\n<link rel=\"canonical\" href=\"https:\/\/360photoboothpro.eu\/es\/producto\/magic-mirror-photobooth-165-1-cm\/\" \/>\n<meta property=\"og:locale\" content=\"es_ES\" \/>\n<meta property=\"og:type\" content=\"article\" \/>\n<meta property=\"og:title\" content=\"Photobooth Espejo M\u00e1gico 165,1 cm - 360PhotoBoothPRO\" \/>\n<meta property=\"og:description\" content=\"Photo Booth PRO is an online store where you can buy quality Photobooth Espejo M\u00e1gico 165,1 cm at an affordable price. Buy now!\" \/>\n<meta property=\"og:url\" content=\"https:\/\/360photoboothpro.eu\/es\/producto\/magic-mirror-photobooth-165-1-cm\/\" \/>\n<meta property=\"og:site_name\" content=\"360PhotoBoothPRO\" \/>\n<meta property=\"article:publisher\" content=\"https:\/\/www.facebook.com\/360PhotoBoothPRO.Canada\/\" \/>\n<meta property=\"article:modified_time\" content=\"2024-12-01T11:57:05+00:00\" \/>\n<meta property=\"og:image\" content=\"https:\/\/360photoboothpro.eu\/wp-content\/uploads\/2023\/10\/magic-mirror-photobooth-for-sale-social.jpg\" \/>\n<meta name=\"twitter:card\" content=\"summary_large_image\" \/>\n<meta name=\"twitter:label1\" content=\"Tiempo de lectura\" \/>\n\t<meta name=\"twitter:data1\" content=\"1 minuto\" \/>\n<script type=\"application\/ld+json\" class=\"yoast-schema-graph\">{\"@context\":\"https:\/\/schema.org\",\"@graph\":[{\"@type\":\"WebPage\",\"@id\":\"https:\/\/360photoboothpro.eu\/es\/producto\/magic-mirror-photobooth-165-1-cm\/\",\"url\":\"https:\/\/360photoboothpro.eu\/es\/producto\/magic-mirror-photobooth-165-1-cm\/\",\"name\":\"Photobooth Espejo M\u00e1gico 165,1 cm - 360PhotoBoothPRO\",\"isPartOf\":{\"@id\":\"https:\/\/360photoboothpro.eu\/es\/#website\"},\"primaryImageOfPage\":{\"@id\":\"https:\/\/360photoboothpro.eu\/es\/producto\/magic-mirror-photobooth-165-1-cm\/#primaryimage\"},\"image\":{\"@id\":\"https:\/\/360photoboothpro.eu\/es\/producto\/magic-mirror-photobooth-165-1-cm\/#primaryimage\"},\"thumbnailUrl\":\"https:\/\/360photoboothpro.eu\/wp-content\/uploads\/2023\/10\/cabina-foto-magic-mirror-photobooth-de-vanzare-4.jpg\",\"datePublished\":\"2023-10-12T07:31:35+00:00\",\"dateModified\":\"2024-12-01T11:57:05+00:00\",\"description\":\"Photo Booth PRO is an online store where you can buy quality Photobooth Espejo M\u00e1gico 165,1 cm at an affordable price. Buy now!\",\"breadcrumb\":{\"@id\":\"https:\/\/360photoboothpro.eu\/es\/producto\/magic-mirror-photobooth-165-1-cm\/#breadcrumb\"},\"inLanguage\":\"es\",\"potentialAction\":[{\"@type\":\"ReadAction\",\"target\":[\"https:\/\/360photoboothpro.eu\/es\/producto\/magic-mirror-photobooth-165-1-cm\/\"]}]},{\"@type\":\"ImageObject\",\"inLanguage\":\"es\",\"@id\":\"https:\/\/360photoboothpro.eu\/es\/producto\/magic-mirror-photobooth-165-1-cm\/#primaryimage\",\"url\":\"https:\/\/360photoboothpro.eu\/wp-content\/uploads\/2023\/10\/cabina-foto-magic-mirror-photobooth-de-vanzare-4.jpg\",\"contentUrl\":\"https:\/\/360photoboothpro.eu\/wp-content\/uploads\/2023\/10\/cabina-foto-magic-mirror-photobooth-de-vanzare-4.jpg\",\"width\":1080,\"height\":1080},{\"@type\":\"BreadcrumbList\",\"@id\":\"https:\/\/360photoboothpro.eu\/es\/producto\/magic-mirror-photobooth-165-1-cm\/#breadcrumb\",\"itemListElement\":[{\"@type\":\"ListItem\",\"position\":1,\"name\":\"Home\",\"item\":\"https:\/\/360photoboothpro.eu\/es\/\"},{\"@type\":\"ListItem\",\"position\":2,\"name\":\"Tienda\",\"item\":\"https:\/\/360photoboothpro.eu\/es\/tienda\/\"},{\"@type\":\"ListItem\",\"position\":3,\"name\":\"Photobooth Espejo M\u00e1gico 165,1 cm\"}]},{\"@type\":\"WebSite\",\"@id\":\"https:\/\/360photoboothpro.eu\/es\/#website\",\"url\":\"https:\/\/360photoboothpro.eu\/es\/\",\"name\":\"360PhotoBoothPRO\",\"description\":\"360PhotoBoothPRO\",\"publisher\":{\"@id\":\"https:\/\/360photoboothpro.eu\/es\/#organization\"},\"potentialAction\":[{\"@type\":\"SearchAction\",\"target\":{\"@type\":\"EntryPoint\",\"urlTemplate\":\"https:\/\/360photoboothpro.eu\/es\/?s={search_term_string}\"},\"query-input\":{\"@type\":\"PropertyValueSpecification\",\"valueRequired\":true,\"valueName\":\"search_term_string\"}}],\"inLanguage\":\"es\"},{\"@type\":\"Organization\",\"@id\":\"https:\/\/360photoboothpro.eu\/es\/#organization\",\"name\":\"360PhotoBoothPRO\",\"url\":\"https:\/\/360photoboothpro.eu\/es\/\",\"logo\":{\"@type\":\"ImageObject\",\"inLanguage\":\"es\",\"@id\":\"https:\/\/360photoboothpro.eu\/es\/#\/schema\/logo\/image\/\",\"url\":\"https:\/\/360photoboothpro.eu\/wp-content\/uploads\/2023\/03\/logo-360photoboothpro-favicon.png\",\"contentUrl\":\"https:\/\/360photoboothpro.eu\/wp-content\/uploads\/2023\/03\/logo-360photoboothpro-favicon.png\",\"width\":317,\"height\":317,\"caption\":\"360PhotoBoothPRO\"},\"image\":{\"@id\":\"https:\/\/360photoboothpro.eu\/es\/#\/schema\/logo\/image\/\"},\"sameAs\":[\"https:\/\/www.facebook.com\/360PhotoBoothPRO.Canada\/\"]}]}<\/script>\n<!-- \/ Yoast SEO plugin. -->","yoast_head_json":{"title":"Photobooth Espejo M\u00e1gico 165,1 cm - 360PhotoBoothPRO","description":"Photo Booth PRO is an online store where you can buy quality Photobooth Espejo M\u00e1gico 165,1 cm at an affordable price. Buy now!","robots":{"index":"index","follow":"follow","max-snippet":"max-snippet:-1","max-image-preview":"max-image-preview:large","max-video-preview":"max-video-preview:-1"},"canonical":"https:\/\/360photoboothpro.eu\/es\/producto\/magic-mirror-photobooth-165-1-cm\/","og_locale":"es_ES","og_type":"article","og_title":"Photobooth Espejo M\u00e1gico 165,1 cm - 360PhotoBoothPRO","og_description":"Photo Booth PRO is an online store where you can buy quality Photobooth Espejo M\u00e1gico 165,1 cm at an affordable price. Buy now!","og_url":"https:\/\/360photoboothpro.eu\/es\/producto\/magic-mirror-photobooth-165-1-cm\/","og_site_name":"360PhotoBoothPRO","article_publisher":"https:\/\/www.facebook.com\/360PhotoBoothPRO.Canada\/","article_modified_time":"2024-12-01T11:57:05+00:00","og_image":[{"url":"https:\/\/360photoboothpro.eu\/wp-content\/uploads\/2023\/10\/magic-mirror-photobooth-for-sale-social.jpg"}],"twitter_card":"summary_large_image","twitter_misc":{"Tiempo de lectura":"1 minuto"},"schema":{"@context":"https:\/\/schema.org","@graph":[{"@type":"WebPage","@id":"https:\/\/360photoboothpro.eu\/es\/producto\/magic-mirror-photobooth-165-1-cm\/","url":"https:\/\/360photoboothpro.eu\/es\/producto\/magic-mirror-photobooth-165-1-cm\/","name":"Photobooth Espejo M\u00e1gico 165,1 cm - 360PhotoBoothPRO","isPartOf":{"@id":"https:\/\/360photoboothpro.eu\/es\/#website"},"primaryImageOfPage":{"@id":"https:\/\/360photoboothpro.eu\/es\/producto\/magic-mirror-photobooth-165-1-cm\/#primaryimage"},"image":{"@id":"https:\/\/360photoboothpro.eu\/es\/producto\/magic-mirror-photobooth-165-1-cm\/#primaryimage"},"thumbnailUrl":"https:\/\/360photoboothpro.eu\/wp-content\/uploads\/2023\/10\/cabina-foto-magic-mirror-photobooth-de-vanzare-4.jpg","datePublished":"2023-10-12T07:31:35+00:00","dateModified":"2024-12-01T11:57:05+00:00","description":"Photo Booth PRO is an online store where you can buy quality Photobooth Espejo M\u00e1gico 165,1 cm at an affordable price. Buy now!","breadcrumb":{"@id":"https:\/\/360photoboothpro.eu\/es\/producto\/magic-mirror-photobooth-165-1-cm\/#breadcrumb"},"inLanguage":"es","potentialAction":[{"@type":"ReadAction","target":["https:\/\/360photoboothpro.eu\/es\/producto\/magic-mirror-photobooth-165-1-cm\/"]}]},{"@type":"ImageObject","inLanguage":"es","@id":"https:\/\/360photoboothpro.eu\/es\/producto\/magic-mirror-photobooth-165-1-cm\/#primaryimage","url":"https:\/\/360photoboothpro.eu\/wp-content\/uploads\/2023\/10\/cabina-foto-magic-mirror-photobooth-de-vanzare-4.jpg","contentUrl":"https:\/\/360photoboothpro.eu\/wp-content\/uploads\/2023\/10\/cabina-foto-magic-mirror-photobooth-de-vanzare-4.jpg","width":1080,"height":1080},{"@type":"BreadcrumbList","@id":"https:\/\/360photoboothpro.eu\/es\/producto\/magic-mirror-photobooth-165-1-cm\/#breadcrumb","itemListElement":[{"@type":"ListItem","position":1,"name":"Home","item":"https:\/\/360photoboothpro.eu\/es\/"},{"@type":"ListItem","position":2,"name":"Tienda","item":"https:\/\/360photoboothpro.eu\/es\/tienda\/"},{"@type":"ListItem","position":3,"name":"Photobooth Espejo M\u00e1gico 165,1 cm"}]},{"@type":"WebSite","@id":"https:\/\/360photoboothpro.eu\/es\/#website","url":"https:\/\/360photoboothpro.eu\/es\/","name":"360PhotoBoothPRO","description":"360PhotoBoothPRO","publisher":{"@id":"https:\/\/360photoboothpro.eu\/es\/#organization"},"potentialAction":[{"@type":"SearchAction","target":{"@type":"EntryPoint","urlTemplate":"https:\/\/360photoboothpro.eu\/es\/?s={search_term_string}"},"query-input":{"@type":"PropertyValueSpecification","valueRequired":true,"valueName":"search_term_string"}}],"inLanguage":"es"},{"@type":"Organization","@id":"https:\/\/360photoboothpro.eu\/es\/#organization","name":"360PhotoBoothPRO","url":"https:\/\/360photoboothpro.eu\/es\/","logo":{"@type":"ImageObject","inLanguage":"es","@id":"https:\/\/360photoboothpro.eu\/es\/#\/schema\/logo\/image\/","url":"https:\/\/360photoboothpro.eu\/wp-content\/uploads\/2023\/03\/logo-360photoboothpro-favicon.png","contentUrl":"https:\/\/360photoboothpro.eu\/wp-content\/uploads\/2023\/03\/logo-360photoboothpro-favicon.png","width":317,"height":317,"caption":"360PhotoBoothPRO"},"image":{"@id":"https:\/\/360photoboothpro.eu\/es\/#\/schema\/logo\/image\/"},"sameAs":["https:\/\/www.facebook.com\/360PhotoBoothPRO.Canada\/"]}]}},"_links":{"self":[{"href":"https:\/\/360photoboothpro.eu\/es\/wp-json\/wp\/v2\/product\/10766"}],"collection":[{"href":"https:\/\/360photoboothpro.eu\/es\/wp-json\/wp\/v2\/product"}],"about":[{"href":"https:\/\/360photoboothpro.eu\/es\/wp-json\/wp\/v2\/types\/product"}],"replies":[{"embeddable":true,"href":"https:\/\/360photoboothpro.eu\/es\/wp-json\/wp\/v2\/comments?post=10766"}],"wp:featuredmedia":[{"embeddable":true,"href":"https:\/\/360photoboothpro.eu\/es\/wp-json\/wp\/v2\/media\/10798"}],"wp:attachment":[{"href":"https:\/\/360photoboothpro.eu\/es\/wp-json\/wp\/v2\/media?parent=10766"}],"wp:term":[{"taxonomy":"product_cat","embeddable":true,"href":"https:\/\/360photoboothpro.eu\/es\/wp-json\/wp\/v2\/product_cat?post=10766"},{"taxonomy":"product_tag","embeddable":true,"href":"https:\/\/360photoboothpro.eu\/es\/wp-json\/wp\/v2\/product_tag?post=10766"}],"curies":[{"name":"wp","href":"https:\/\/api.w.org\/{rel}","templated":true}]}}