{"id":12593,"date":"2024-02-14T14:51:44","date_gmt":"2024-02-14T12:51:44","guid":{"rendered":"https:\/\/360photoboothpro.eu\/?post_type=product&#038;p=12593"},"modified":"2024-12-01T13:41:21","modified_gmt":"2024-12-01T11:41:21","slug":"upgrade-to-full-plug-play-package","status":"publish","type":"product","link":"https:\/\/360photoboothpro.eu\/es\/producto\/upgrade-to-full-plug-play-package\/","title":{"rendered":"ACTUALIZACI\u00d3N al PAQUETE PLUG &amp; PLAY COMPLETO"},"content":{"rendered":"<p>Esta ACTUALIZACI\u00d3N puede adquirirse \u00daNICAMENTE JUNTO con una de las plataformas 360 de esta categor\u00eda: <a href=\"https:\/\/360photoboothpro.eu\/es\/categoria-producto\/360-photo-booth-plataformas\/\">Plataformas 360 Photo Booth<\/a><\/p>\n<p>La compra de esta ACTUALIZACI\u00d3N implica que SE A\u00d1ADE LO SIGUIENTE a la Plataforma 360 Photo Booth:<\/p>\n<style>.elementor-6159 .elementor-element.elementor-element-6eb62ad .elementor-icon-list-items:not(.elementor-inline-items) .elementor-icon-list-item:not(:last-child){padding-bottom:calc(11px\/2);}.elementor-6159 .elementor-element.elementor-element-6eb62ad .elementor-icon-list-items:not(.elementor-inline-items) .elementor-icon-list-item:not(:first-child){margin-top:calc(11px\/2);}.elementor-6159 .elementor-element.elementor-element-6eb62ad .elementor-icon-list-items.elementor-inline-items .elementor-icon-list-item{margin-right:calc(11px\/2);margin-left:calc(11px\/2);}.elementor-6159 .elementor-element.elementor-element-6eb62ad .elementor-icon-list-items.elementor-inline-items{margin-right:calc(-11px\/2);margin-left:calc(-11px\/2);}body.rtl .elementor-6159 .elementor-element.elementor-element-6eb62ad .elementor-icon-list-items.elementor-inline-items .elementor-icon-list-item:after{left:calc(-11px\/2);}body:not(.rtl) .elementor-6159 .elementor-element.elementor-element-6eb62ad .elementor-icon-list-items.elementor-inline-items .elementor-icon-list-item:after{right:calc(-11px\/2);}.elementor-6159 .elementor-element.elementor-element-6eb62ad .elementor-icon-list-icon i{color:#61CE70;transition:color 0.3s;}.elementor-6159 .elementor-element.elementor-element-6eb62ad .elementor-icon-list-icon svg{fill:#61CE70;transition:fill 0.3s;}.elementor-6159 .elementor-element.elementor-element-6eb62ad .elementor-icon-list-item:hover .elementor-icon-list-icon i{color:#6EC1E4;}.elementor-6159 .elementor-element.elementor-element-6eb62ad .elementor-icon-list-item:hover .elementor-icon-list-icon svg{fill:#6EC1E4;}.elementor-6159 .elementor-element.elementor-element-6eb62ad{--e-icon-list-icon-size:29px;--icon-vertical-offset:0px;}.elementor-6159 .elementor-element.elementor-element-6eb62ad .elementor-icon-list-text{transition:color 0.3s;}<\/style><div class=\"porto-block elementor elementor-6159\" data-id=\"6159\">\t\t<section class=\"elementor-section elementor-top-section elementor-element elementor-element-7411f33 elementor-section-boxed elementor-section-height-default elementor-section-height-default\" data-id=\"7411f33\" data-element_type=\"section\">\r\n\t\t\r\n\t\t\t\t\t\t\t<div class=\"elementor-container elementor-column-gap-default\">\r\n\t\t\t\t\t\t\t\t\t\t\t<div class=\"elementor-column elementor-col-100 elementor-top-column elementor-element elementor-element-a632ad4\" data-id=\"a632ad4\" data-element_type=\"column\">\r\n\t\t\t\t\t<div class=\"elementor-widget-wrap elementor-element-populated\">\r\n\t\t\t\t\t\t\t\t<div class=\"elementor-element elementor-element-6eb62ad elementor-icon-list--layout-traditional elementor-list-item-link-full_width elementor-widget elementor-widget-icon-list\" data-id=\"6eb62ad\" data-element_type=\"widget\" data-widget_type=\"icon-list.default\">\n\t\t\t\t<div class=\"elementor-widget-container\">\n\t\t\t\t\t<ul class=\"elementor-icon-list-items\">\n\t\t\t\t\t\t\t<li class=\"elementor-icon-list-item\">\n\t\t\t\t\t\t\t\t\t\t\t<span class=\"elementor-icon-list-icon\">\n\t\t\t\t\t\t\t<i aria-hidden=\"true\" class=\"fas fa-check\"><\/i>\t\t\t\t\t\t<\/span>\n\t\t\t\t\t\t\t\t\t\t<span class=\"elementor-icon-list-text\">C\u00c1MARA DE V\u00cdDEO deportiva 4k GoPro 10 Black (puedes ACTUALIZAR a GoPro 11 Black);<\/span>\n\t\t\t\t\t\t\t\t\t<\/li>\n\t\t\t\t\t\t\t\t<li class=\"elementor-icon-list-item\">\n\t\t\t\t\t\t\t\t\t\t\t<span class=\"elementor-icon-list-icon\">\n\t\t\t\t\t\t\t<i aria-hidden=\"true\" class=\"fas fa-check\"><\/i>\t\t\t\t\t\t<\/span>\n\t\t\t\t\t\t\t\t\t\t<span class=\"elementor-icon-list-text\">TARJETA DE MEMORIA Micro SD SanDisk de alta resistencia, 128 GB, Clase 10, COMPATIBLE con GoPro, que puede capturar V\u00cdDEOS en Full HD y 4K. Esta tarjeta tiene la clase de velocidad UHS-I (Ultra Hight Speed-1), V30 (Video Speed Class 30), que garantiza que la velocidad de escritura no caer\u00e1 por debajo de 30 MB\/s (alcanza hasta 40 MB\/s). La velocidad de transferencia de lectura puede alcanzar hasta 100 MB\/s. Es RESISTENTE A LOS CHOQUES, RESISTENTE A ALTAS TEMPERATURAS e incluye un ADAPTADOR de microSD a SD con interruptor de protecci\u00f3n contra escritura, que permite utilizar esta tarjeta con dispositivos compatibles con SD.<\/span>\n\t\t\t\t\t\t\t\t\t<\/li>\n\t\t\t\t\t\t\t\t<li class=\"elementor-icon-list-item\">\n\t\t\t\t\t\t\t\t\t\t\t<span class=\"elementor-icon-list-icon\">\n\t\t\t\t\t\t\t<i aria-hidden=\"true\" class=\"fas fa-check\"><\/i>\t\t\t\t\t\t<\/span>\n\t\t\t\t\t\t\t\t\t\t<span class=\"elementor-icon-list-text\">CONEXI\u00d3N necesaria para el funcionamiento de la GoPro (CABLE DE ALIMENTACI\u00d3N USB Tipo C, CARGADOR R\u00c1PIDO, ADAPTADOR INAL\u00c1MBRICO SECUNDARIO);<\/span>\n\t\t\t\t\t\t\t\t\t<\/li>\n\t\t\t\t\t\t\t\t<li class=\"elementor-icon-list-item\">\n\t\t\t\t\t\t\t\t\t\t\t<span class=\"elementor-icon-list-icon\">\n\t\t\t\t\t\t\t<i aria-hidden=\"true\" class=\"fas fa-check\"><\/i>\t\t\t\t\t\t<\/span>\n\t\t\t\t\t\t\t\t\t\t<span class=\"elementor-icon-list-text\">SOFTWARE \"herramientasforgopro\";<\/span>\n\t\t\t\t\t\t\t\t\t<\/li>\n\t\t\t\t\t\t\t\t<li class=\"elementor-icon-list-item\">\n\t\t\t\t\t\t\t\t\t\t\t<span class=\"elementor-icon-list-icon\">\n\t\t\t\t\t\t\t<i aria-hidden=\"true\" class=\"fas fa-check\"><\/i>\t\t\t\t\t\t<\/span>\n\t\t\t\t\t\t\t\t\t\t<span class=\"elementor-icon-list-text\">sistema inal\u00e1mbrico mesh TP-LINK, necesario para enviar v\u00eddeos sin acceso a Internet;<\/span>\n\t\t\t\t\t\t\t\t\t<\/li>\n\t\t\t\t\t\t\t\t<li class=\"elementor-icon-list-item\">\n\t\t\t\t\t\t\t\t\t\t\t<span class=\"elementor-icon-list-icon\">\n\t\t\t\t\t\t\t<i aria-hidden=\"true\" class=\"fas fa-check\"><\/i>\t\t\t\t\t\t<\/span>\n\t\t\t\t\t\t\t\t\t\t<span class=\"elementor-icon-list-text\">2 X POWERBANK (BATER\u00cdAS con 2 puertos USB tipo A) de 10.000 mAh cada una (1 PRINCIPAL y 1 DE RESERVA) para alimentar la GoPRO y la LUZ ANULAR PROFESIONAL<\/span>\n\t\t\t\t\t\t\t\t\t<\/li>\n\t\t\t\t\t\t\t\t<li class=\"elementor-icon-list-item\">\n\t\t\t\t\t\t\t\t\t\t\t<span class=\"elementor-icon-list-icon\">\n\t\t\t\t\t\t\t<i aria-hidden=\"true\" class=\"fas fa-check\"><\/i>\t\t\t\t\t\t<\/span>\n\t\t\t\t\t\t\t\t\t\t<span class=\"elementor-icon-list-text\">SOFTWARE Video Booth 360 Profesional - INTERFAZ EN IDIOMA INGL\u00c9S, con LICENCIA DE POR VIDA y ACTUALIZACIONES GRATUITAS durante 1 a\u00f1o, en el que los v\u00eddeos se renderizan autom\u00e1ticamente, puedes poner INTRO\/OUTRO, M\u00daSICA DE FONDO, PLANTILLA\/LAYOUT, innumerables EFECTOS GR\u00c1FICOS (BLANCO Y NEGRO, BLUR, ONDAS, etc.) y EFECTOS DIN\u00c1MICOS tipo MOVIMIENTO LENTO, MOVIMIENTO R\u00c1PIDO, ZOOM, BOOMERANG, ESPEJO, CUADRADO, PILA con la posibilidad de a\u00f1adir una clave de color (GRIS, SEPIA, ROJO, VERDE, AZUL) . Su transici\u00f3n tiene las siguientes variantes ALEATORIA, CRUZADA, FUNDIDO EN NEGRO, FUNDIDO EN BLANCO, DESLIZAMIENTO A LA IZQUIERDA, DESLIZAMIENTO A LA DERECHA, CORTE A LA IZQUIERDA, CORTE A LA DERECHA, BARRIDO RADIAL, C\u00c1MARA, P\u00cdXEL. Biblioteca de im\u00e1genes y videoteca. Posibilidad de utilizar PANTALLA VERDE y posibilidad de a\u00f1adir LOGO a los v\u00eddeos grabados. Puedes ELEGIR LA DURACI\u00d3N DE LA GRABACI\u00d3N, EL TAMA\u00d1O DEL V\u00cdDEO CLIP, LA FRECUENCIA DE CORTES, LA ORIENTACI\u00d3N, EL RECORTE, LA CALIDAD y EL FORMATO DE ARCHIVO. Se INCLUYE la funci\u00f3n ESTACI\u00d3N PARA COMPARTIR, que NO REQUIERE CONEXI\u00d3N A INTERNET PARA QUE LOS INVITADOS RECIBAN LOS CLIPS. Puedes COPIAR los ARCHIVOS de la memoria USB con los detalles del Editor de Sucesos y del Visor de Sucesos. Tambi\u00e9n puedes copiar archivos al almacenamiento en la nube mediante la funci\u00f3n \"Copiar a carpetas\" y los detalles de carga FTP. La licencia es transferible en cualquier momento a otro dispositivo. Funciona en Windows 7, 8, 8.1, 10 y 11.<\/span>\n\t\t\t\t\t\t\t\t\t<\/li>\n\t\t\t\t\t\t<\/ul>\n\t\t\t\t<\/div>\n\t\t\t\t<\/div>\n\t\t\t\t\t<\/div>\r\n\t\t\t\t<\/div>\r\n\t\t\t\t\t<\/div>\r\n\t\t\t\t<\/section>\r\n\t\t<\/div>\n<span class=\"Y2IQFc\" lang=\"en\">OBSERVACI\u00d3N Para ejecutar el software se necesita un PORT\u00c1TIL con una configuraci\u00f3n m\u00ednima: procesador i5 con tarjeta de video dedicada, 8gb de RAM y disco duro tipo SSD, que SE COMPRA POR SEPARADO (CONTACTE CON NOSOTROS PARA LOS DETALLES).<\/span><\/p>\n","protected":false},"excerpt":{"rendered":"<p>Este producto puede adquirirse S\u00d3LO JUNTO con una de las plataformas 360 de esta categor\u00eda: <a href=\"https:\/\/360photoboothpro.eu\/product-category\/360-video-booth-platforms\/\">Plataformas 360 Photo Booth<\/a><\/p>\n","protected":false},"featured_media":14282,"comment_status":"open","ping_status":"closed","template":"","meta":{"_acf_changed":false},"product_cat":[194],"product_tag":[181,183,190,188,186,189,184,185,193,182,192,187],"class_list":{"0":"post-12593","1":"product","2":"type-product","3":"status-publish","4":"has-post-thumbnail","6":"product_cat-actualizaciones-para-plataformas-360","7":"product_tag-cabina-360","8":"product_tag-cabina-con-camara-360","9":"product_tag-cabina-de-video-360","10":"product_tag-cabina-selfie-360","11":"product_tag-fotomaton-360","12":"product_tag-fotomaton-360-es","13":"product_tag-fotomaton-con-camara-360","14":"product_tag-fotomaton-de-360-grados","15":"product_tag-fotomaton-giratorio","16":"product_tag-se-vende-cabina-360","17":"product_tag-se-vende-cabina-de-video-360-2","18":"product_tag-venta-de-fotomaton-360","20":"first","21":"instock","22":"taxable","23":"shipping-taxable","24":"purchasable","25":"product-type-simple"},"acf":[],"yoast_head":"<!-- This site is optimized with the Yoast SEO plugin v23.5 - https:\/\/yoast.com\/wordpress\/plugins\/seo\/ -->\n<title>ACTUALIZACI\u00d3N al PAQUETE PLUG &amp; PLAY COMPLETO - 360PhotoBoothPRO<\/title>\n<meta name=\"description\" content=\"Photo Booth PRO is an online store where you can buy quality ACTUALIZACI\u00d3N al PAQUETE PLUG &amp; PLAY COMPLETO at an affordable price. Buy now!\" \/>\n<meta name=\"robots\" content=\"index, follow, max-snippet:-1, max-image-preview:large, max-video-preview:-1\" \/>\n<link rel=\"canonical\" href=\"https:\/\/360photoboothpro.eu\/es\/producto\/upgrade-to-full-plug-play-package\/\" \/>\n<meta property=\"og:locale\" content=\"es_ES\" \/>\n<meta property=\"og:type\" content=\"article\" \/>\n<meta property=\"og:title\" content=\"ACTUALIZACI\u00d3N al PAQUETE PLUG &amp; PLAY COMPLETO - 360PhotoBoothPRO\" \/>\n<meta property=\"og:description\" content=\"Photo Booth PRO is an online store where you can buy quality ACTUALIZACI\u00d3N al PAQUETE PLUG &amp; PLAY COMPLETO at an affordable price. Buy now!\" \/>\n<meta property=\"og:url\" content=\"https:\/\/360photoboothpro.eu\/es\/producto\/upgrade-to-full-plug-play-package\/\" \/>\n<meta property=\"og:site_name\" content=\"360PhotoBoothPRO\" \/>\n<meta property=\"article:publisher\" content=\"https:\/\/www.facebook.com\/360PhotoBoothPRO.Canada\/\" \/>\n<meta property=\"article:modified_time\" content=\"2024-12-01T11:41:21+00:00\" \/>\n<meta property=\"og:image\" content=\"https:\/\/360photoboothpro.eu\/wp-content\/uploads\/2024\/02\/360-photo-booth-pro-full-plug-and-play-package-4.jpg\" \/>\n<meta name=\"twitter:card\" content=\"summary_large_image\" \/>\n<meta name=\"twitter:image\" content=\"https:\/\/360photoboothpro.eu\/wp-content\/uploads\/2024\/03\/360-video-booth-pro-pachet-full-plug-and-play-1.jpg\" \/>\n<meta name=\"twitter:label1\" content=\"Tiempo de lectura\" \/>\n\t<meta name=\"twitter:data1\" content=\"1 minuto\" \/>\n<script type=\"application\/ld+json\" class=\"yoast-schema-graph\">{\"@context\":\"https:\/\/schema.org\",\"@graph\":[{\"@type\":\"WebPage\",\"@id\":\"https:\/\/360photoboothpro.eu\/es\/producto\/upgrade-to-full-plug-play-package\/\",\"url\":\"https:\/\/360photoboothpro.eu\/es\/producto\/upgrade-to-full-plug-play-package\/\",\"name\":\"ACTUALIZACI\u00d3N al PAQUETE PLUG &amp; PLAY COMPLETO - 360PhotoBoothPRO\",\"isPartOf\":{\"@id\":\"https:\/\/360photoboothpro.eu\/es\/#website\"},\"primaryImageOfPage\":{\"@id\":\"https:\/\/360photoboothpro.eu\/es\/producto\/upgrade-to-full-plug-play-package\/#primaryimage\"},\"image\":{\"@id\":\"https:\/\/360photoboothpro.eu\/es\/producto\/upgrade-to-full-plug-play-package\/#primaryimage\"},\"thumbnailUrl\":\"https:\/\/360photoboothpro.eu\/wp-content\/uploads\/2024\/02\/360-photobooth-upgrade-to-full-plug-and-play-package-2024.jpg\",\"datePublished\":\"2024-02-14T12:51:44+00:00\",\"dateModified\":\"2024-12-01T11:41:21+00:00\",\"description\":\"Photo Booth PRO is an online store where you can buy quality ACTUALIZACI\u00d3N al PAQUETE PLUG &amp; PLAY COMPLETO at an affordable price. Buy now!\",\"breadcrumb\":{\"@id\":\"https:\/\/360photoboothpro.eu\/es\/producto\/upgrade-to-full-plug-play-package\/#breadcrumb\"},\"inLanguage\":\"es\",\"potentialAction\":[{\"@type\":\"ReadAction\",\"target\":[\"https:\/\/360photoboothpro.eu\/es\/producto\/upgrade-to-full-plug-play-package\/\"]}]},{\"@type\":\"ImageObject\",\"inLanguage\":\"es\",\"@id\":\"https:\/\/360photoboothpro.eu\/es\/producto\/upgrade-to-full-plug-play-package\/#primaryimage\",\"url\":\"https:\/\/360photoboothpro.eu\/wp-content\/uploads\/2024\/02\/360-photobooth-upgrade-to-full-plug-and-play-package-2024.jpg\",\"contentUrl\":\"https:\/\/360photoboothpro.eu\/wp-content\/uploads\/2024\/02\/360-photobooth-upgrade-to-full-plug-and-play-package-2024.jpg\",\"width\":2000,\"height\":2000,\"caption\":\"360 photobooth upgrade to full plug and play package\"},{\"@type\":\"BreadcrumbList\",\"@id\":\"https:\/\/360photoboothpro.eu\/es\/producto\/upgrade-to-full-plug-play-package\/#breadcrumb\",\"itemListElement\":[{\"@type\":\"ListItem\",\"position\":1,\"name\":\"Home\",\"item\":\"https:\/\/360photoboothpro.eu\/es\/\"},{\"@type\":\"ListItem\",\"position\":2,\"name\":\"Tienda\",\"item\":\"https:\/\/360photoboothpro.eu\/es\/tienda\/\"},{\"@type\":\"ListItem\",\"position\":3,\"name\":\"ACTUALIZACI\u00d3N al PAQUETE PLUG &amp; PLAY COMPLETO\"}]},{\"@type\":\"WebSite\",\"@id\":\"https:\/\/360photoboothpro.eu\/es\/#website\",\"url\":\"https:\/\/360photoboothpro.eu\/es\/\",\"name\":\"360PhotoBoothPRO\",\"description\":\"360PhotoBoothPRO\",\"publisher\":{\"@id\":\"https:\/\/360photoboothpro.eu\/es\/#organization\"},\"potentialAction\":[{\"@type\":\"SearchAction\",\"target\":{\"@type\":\"EntryPoint\",\"urlTemplate\":\"https:\/\/360photoboothpro.eu\/es\/?s={search_term_string}\"},\"query-input\":{\"@type\":\"PropertyValueSpecification\",\"valueRequired\":true,\"valueName\":\"search_term_string\"}}],\"inLanguage\":\"es\"},{\"@type\":\"Organization\",\"@id\":\"https:\/\/360photoboothpro.eu\/es\/#organization\",\"name\":\"360PhotoBoothPRO\",\"url\":\"https:\/\/360photoboothpro.eu\/es\/\",\"logo\":{\"@type\":\"ImageObject\",\"inLanguage\":\"es\",\"@id\":\"https:\/\/360photoboothpro.eu\/es\/#\/schema\/logo\/image\/\",\"url\":\"https:\/\/360photoboothpro.eu\/wp-content\/uploads\/2023\/03\/logo-360photoboothpro-favicon.png\",\"contentUrl\":\"https:\/\/360photoboothpro.eu\/wp-content\/uploads\/2023\/03\/logo-360photoboothpro-favicon.png\",\"width\":317,\"height\":317,\"caption\":\"360PhotoBoothPRO\"},\"image\":{\"@id\":\"https:\/\/360photoboothpro.eu\/es\/#\/schema\/logo\/image\/\"},\"sameAs\":[\"https:\/\/www.facebook.com\/360PhotoBoothPRO.Canada\/\"]}]}<\/script>\n<!-- \/ Yoast SEO plugin. -->","yoast_head_json":{"title":"ACTUALIZACI\u00d3N al PAQUETE PLUG &amp; PLAY COMPLETO - 360PhotoBoothPRO","description":"Photo Booth PRO is an online store where you can buy quality ACTUALIZACI\u00d3N al PAQUETE PLUG &amp; PLAY COMPLETO at an affordable price. Buy now!","robots":{"index":"index","follow":"follow","max-snippet":"max-snippet:-1","max-image-preview":"max-image-preview:large","max-video-preview":"max-video-preview:-1"},"canonical":"https:\/\/360photoboothpro.eu\/es\/producto\/upgrade-to-full-plug-play-package\/","og_locale":"es_ES","og_type":"article","og_title":"ACTUALIZACI\u00d3N al PAQUETE PLUG &amp; PLAY COMPLETO - 360PhotoBoothPRO","og_description":"Photo Booth PRO is an online store where you can buy quality ACTUALIZACI\u00d3N al PAQUETE PLUG &amp; PLAY COMPLETO at an affordable price. Buy now!","og_url":"https:\/\/360photoboothpro.eu\/es\/producto\/upgrade-to-full-plug-play-package\/","og_site_name":"360PhotoBoothPRO","article_publisher":"https:\/\/www.facebook.com\/360PhotoBoothPRO.Canada\/","article_modified_time":"2024-12-01T11:41:21+00:00","og_image":[{"url":"https:\/\/360photoboothpro.eu\/wp-content\/uploads\/2024\/02\/360-photo-booth-pro-full-plug-and-play-package-4.jpg"}],"twitter_card":"summary_large_image","twitter_image":"https:\/\/360photoboothpro.eu\/wp-content\/uploads\/2024\/03\/360-video-booth-pro-pachet-full-plug-and-play-1.jpg","twitter_misc":{"Tiempo de lectura":"1 minuto"},"schema":{"@context":"https:\/\/schema.org","@graph":[{"@type":"WebPage","@id":"https:\/\/360photoboothpro.eu\/es\/producto\/upgrade-to-full-plug-play-package\/","url":"https:\/\/360photoboothpro.eu\/es\/producto\/upgrade-to-full-plug-play-package\/","name":"ACTUALIZACI\u00d3N al PAQUETE PLUG &amp; PLAY COMPLETO - 360PhotoBoothPRO","isPartOf":{"@id":"https:\/\/360photoboothpro.eu\/es\/#website"},"primaryImageOfPage":{"@id":"https:\/\/360photoboothpro.eu\/es\/producto\/upgrade-to-full-plug-play-package\/#primaryimage"},"image":{"@id":"https:\/\/360photoboothpro.eu\/es\/producto\/upgrade-to-full-plug-play-package\/#primaryimage"},"thumbnailUrl":"https:\/\/360photoboothpro.eu\/wp-content\/uploads\/2024\/02\/360-photobooth-upgrade-to-full-plug-and-play-package-2024.jpg","datePublished":"2024-02-14T12:51:44+00:00","dateModified":"2024-12-01T11:41:21+00:00","description":"Photo Booth PRO is an online store where you can buy quality ACTUALIZACI\u00d3N al PAQUETE PLUG &amp; PLAY COMPLETO at an affordable price. Buy now!","breadcrumb":{"@id":"https:\/\/360photoboothpro.eu\/es\/producto\/upgrade-to-full-plug-play-package\/#breadcrumb"},"inLanguage":"es","potentialAction":[{"@type":"ReadAction","target":["https:\/\/360photoboothpro.eu\/es\/producto\/upgrade-to-full-plug-play-package\/"]}]},{"@type":"ImageObject","inLanguage":"es","@id":"https:\/\/360photoboothpro.eu\/es\/producto\/upgrade-to-full-plug-play-package\/#primaryimage","url":"https:\/\/360photoboothpro.eu\/wp-content\/uploads\/2024\/02\/360-photobooth-upgrade-to-full-plug-and-play-package-2024.jpg","contentUrl":"https:\/\/360photoboothpro.eu\/wp-content\/uploads\/2024\/02\/360-photobooth-upgrade-to-full-plug-and-play-package-2024.jpg","width":2000,"height":2000,"caption":"360 photobooth upgrade to full plug and play package"},{"@type":"BreadcrumbList","@id":"https:\/\/360photoboothpro.eu\/es\/producto\/upgrade-to-full-plug-play-package\/#breadcrumb","itemListElement":[{"@type":"ListItem","position":1,"name":"Home","item":"https:\/\/360photoboothpro.eu\/es\/"},{"@type":"ListItem","position":2,"name":"Tienda","item":"https:\/\/360photoboothpro.eu\/es\/tienda\/"},{"@type":"ListItem","position":3,"name":"ACTUALIZACI\u00d3N al PAQUETE PLUG &amp; PLAY COMPLETO"}]},{"@type":"WebSite","@id":"https:\/\/360photoboothpro.eu\/es\/#website","url":"https:\/\/360photoboothpro.eu\/es\/","name":"360PhotoBoothPRO","description":"360PhotoBoothPRO","publisher":{"@id":"https:\/\/360photoboothpro.eu\/es\/#organization"},"potentialAction":[{"@type":"SearchAction","target":{"@type":"EntryPoint","urlTemplate":"https:\/\/360photoboothpro.eu\/es\/?s={search_term_string}"},"query-input":{"@type":"PropertyValueSpecification","valueRequired":true,"valueName":"search_term_string"}}],"inLanguage":"es"},{"@type":"Organization","@id":"https:\/\/360photoboothpro.eu\/es\/#organization","name":"360PhotoBoothPRO","url":"https:\/\/360photoboothpro.eu\/es\/","logo":{"@type":"ImageObject","inLanguage":"es","@id":"https:\/\/360photoboothpro.eu\/es\/#\/schema\/logo\/image\/","url":"https:\/\/360photoboothpro.eu\/wp-content\/uploads\/2023\/03\/logo-360photoboothpro-favicon.png","contentUrl":"https:\/\/360photoboothpro.eu\/wp-content\/uploads\/2023\/03\/logo-360photoboothpro-favicon.png","width":317,"height":317,"caption":"360PhotoBoothPRO"},"image":{"@id":"https:\/\/360photoboothpro.eu\/es\/#\/schema\/logo\/image\/"},"sameAs":["https:\/\/www.facebook.com\/360PhotoBoothPRO.Canada\/"]}]}},"_links":{"self":[{"href":"https:\/\/360photoboothpro.eu\/es\/wp-json\/wp\/v2\/product\/12593"}],"collection":[{"href":"https:\/\/360photoboothpro.eu\/es\/wp-json\/wp\/v2\/product"}],"about":[{"href":"https:\/\/360photoboothpro.eu\/es\/wp-json\/wp\/v2\/types\/product"}],"replies":[{"embeddable":true,"href":"https:\/\/360photoboothpro.eu\/es\/wp-json\/wp\/v2\/comments?post=12593"}],"wp:featuredmedia":[{"embeddable":true,"href":"https:\/\/360photoboothpro.eu\/es\/wp-json\/wp\/v2\/media\/14282"}],"wp:attachment":[{"href":"https:\/\/360photoboothpro.eu\/es\/wp-json\/wp\/v2\/media?parent=12593"}],"wp:term":[{"taxonomy":"product_cat","embeddable":true,"href":"https:\/\/360photoboothpro.eu\/es\/wp-json\/wp\/v2\/product_cat?post=12593"},{"taxonomy":"product_tag","embeddable":true,"href":"https:\/\/360photoboothpro.eu\/es\/wp-json\/wp\/v2\/product_tag?post=12593"}],"curies":[{"name":"wp","href":"https:\/\/api.w.org\/{rel}","templated":true}]}}