{"id":6047,"date":"2023-04-11T13:30:51","date_gmt":"2023-04-11T11:30:51","guid":{"rendered":"https:\/\/360photoboothpro.eu\/product\/360-photo-booth-pro-overhead-360-camera-booth-360-video-booth\/"},"modified":"2024-12-01T15:39:26","modified_gmt":"2024-12-01T13:39:26","slug":"360-photo-booth-pro-overhead-360-camera-booth-360-video-booth","status":"publish","type":"product","link":"https:\/\/360photoboothpro.eu\/es\/producto\/360-photo-booth-pro-overhead-360-camera-booth-360-video-booth\/","title":{"rendered":"360 Photo Booth PRO &#8211; OVERHEAD (360 camera booth, 360 video booth)"},"content":{"rendered":"<p id=\"tw-target-text\" class=\"tw-data-text tw-text-large tw-ta\" dir=\"ltr\" data-placeholder=\"Traducere\"><span class=\"Y2IQFc\" lang=\"en\">Ofrecemos para la VENTA (y proporcionamos ASISTENCIA T\u00c9CNICA para la PUESTA EN MARCHA):  <\/span><\/p>\n<ul>\n<li class=\"tw-data-text tw-text-large tw-ta\" dir=\"ltr\" data-placeholder=\"Traducere\"><span class=\"Y2IQFc\" lang=\"en\">PLATAFORMA EST\u00c1NDAR: la Plataforma 360 Photo Booth PRO OVERHEAD (v\u00e9ase la DESCRIPCI\u00d3N detallada en la PESTA\u00d1A \u00abPLATAFORMA EST\u00c1NDAR\u00bb);<\/span><\/li>\n<li class=\"tw-data-text tw-text-large tw-ta\" dir=\"ltr\" data-placeholder=\"Traducere\"><span class=\"Y2IQFc\" lang=\"en\">o el PAQUETE PLUG &amp; PLAY COMPLETO (consulte QU\u00c9 CONTIENE, en detalle, en la PESTA\u00d1A \u00abPAQUETE PLUG &amp; PLAY COMPLETO\u00bb).<br \/>\n<\/span><\/li>\n<\/ul>\n<p>Las 2 pesta\u00f1as pueden verse abajo (si accede al sitio desde un tel\u00e9fono m\u00f3vil)\/un poco m\u00e1s arriba (si accede al sitio desde un ordenador de sobremesa)<\/p>\n","protected":false},"excerpt":{"rendered":"<p id=\"tw-target-text\" class=\"tw-data-text tw-text-large tw-ta\" dir=\"ltr\" data-placeholder=\"Traducere\"><span class=\"Y2IQFc\" lang=\"en\">Para poder mostrar el precio, elija las opciones deseadas de la siguiente lista:<\/span><\/p>\n","protected":false},"featured_media":5949,"comment_status":"open","ping_status":"closed","template":"","meta":{"_acf_changed":false},"product_cat":[501],"product_tag":[505],"class_list":{"0":"post-6047","1":"product","2":"type-product","3":"status-publish","4":"has-post-thumbnail","6":"product_cat-sobrecarga","7":"product_tag-techo","9":"first","10":"instock","11":"taxable","12":"shipping-taxable","13":"purchasable","14":"product-type-variable"},"acf":[],"yoast_head":"<!-- This site is optimized with the Yoast SEO plugin v23.5 - https:\/\/yoast.com\/wordpress\/plugins\/seo\/ -->\n<title>360 Photo Booth PRO - OVERHEAD (360 camera booth, 360 video booth) - 360PhotoBoothPRO<\/title>\n<meta name=\"description\" content=\"Photo Booth PRO is an online store where you can buy quality 360 Photo Booth PRO - OVERHEAD (360 camera booth, 360 video booth) at an affordable price. Buy now!\" \/>\n<meta name=\"robots\" content=\"index, follow, max-snippet:-1, max-image-preview:large, max-video-preview:-1\" \/>\n<link rel=\"canonical\" href=\"https:\/\/360photoboothpro.eu\/es\/producto\/360-photo-booth-pro-overhead-360-camera-booth-360-video-booth\/\" \/>\n<meta property=\"og:locale\" content=\"es_ES\" \/>\n<meta property=\"og:type\" content=\"article\" \/>\n<meta property=\"og:title\" content=\"360 Photo Booth PRO - OVERHEAD (360 camera booth, 360 video booth) - 360PhotoBoothPRO\" \/>\n<meta property=\"og:description\" content=\"Photo Booth PRO is an online store where you can buy quality 360 Photo Booth PRO - OVERHEAD (360 camera booth, 360 video booth) at an affordable price. Buy now!\" \/>\n<meta property=\"og:url\" content=\"https:\/\/360photoboothpro.eu\/es\/producto\/360-photo-booth-pro-overhead-360-camera-booth-360-video-booth\/\" \/>\n<meta property=\"og:site_name\" content=\"360PhotoBoothPRO\" \/>\n<meta property=\"article:publisher\" content=\"https:\/\/www.facebook.com\/360PhotoBoothPRO.Canada\/\" \/>\n<meta property=\"article:modified_time\" content=\"2024-12-01T13:39:26+00:00\" \/>\n<meta property=\"og:image\" content=\"https:\/\/360photoboothpro.eu\/wp-content\/uploads\/2023\/04\/360-overhead-social.jpg\" \/>\n<meta name=\"twitter:card\" content=\"summary_large_image\" \/>\n<script type=\"application\/ld+json\" class=\"yoast-schema-graph\">{\"@context\":\"https:\/\/schema.org\",\"@graph\":[{\"@type\":\"WebPage\",\"@id\":\"https:\/\/360photoboothpro.eu\/es\/producto\/360-photo-booth-pro-overhead-360-camera-booth-360-video-booth\/\",\"url\":\"https:\/\/360photoboothpro.eu\/es\/producto\/360-photo-booth-pro-overhead-360-camera-booth-360-video-booth\/\",\"name\":\"360 Photo Booth PRO - OVERHEAD (360 camera booth, 360 video booth) - 360PhotoBoothPRO\",\"isPartOf\":{\"@id\":\"https:\/\/360photoboothpro.eu\/es\/#website\"},\"primaryImageOfPage\":{\"@id\":\"https:\/\/360photoboothpro.eu\/es\/producto\/360-photo-booth-pro-overhead-360-camera-booth-360-video-booth\/#primaryimage\"},\"image\":{\"@id\":\"https:\/\/360photoboothpro.eu\/es\/producto\/360-photo-booth-pro-overhead-360-camera-booth-360-video-booth\/#primaryimage\"},\"thumbnailUrl\":\"https:\/\/360photoboothpro.eu\/wp-content\/uploads\/2023\/04\/overhead-360-photo-booth-1.webp\",\"datePublished\":\"2023-04-11T11:30:51+00:00\",\"dateModified\":\"2024-12-01T13:39:26+00:00\",\"description\":\"Photo Booth PRO is an online store where you can buy quality 360 Photo Booth PRO - OVERHEAD (360 camera booth, 360 video booth) at an affordable price. Buy now!\",\"breadcrumb\":{\"@id\":\"https:\/\/360photoboothpro.eu\/es\/producto\/360-photo-booth-pro-overhead-360-camera-booth-360-video-booth\/#breadcrumb\"},\"inLanguage\":\"es\",\"potentialAction\":[{\"@type\":\"ReadAction\",\"target\":[\"https:\/\/360photoboothpro.eu\/es\/producto\/360-photo-booth-pro-overhead-360-camera-booth-360-video-booth\/\"]}]},{\"@type\":\"ImageObject\",\"inLanguage\":\"es\",\"@id\":\"https:\/\/360photoboothpro.eu\/es\/producto\/360-photo-booth-pro-overhead-360-camera-booth-360-video-booth\/#primaryimage\",\"url\":\"https:\/\/360photoboothpro.eu\/wp-content\/uploads\/2023\/04\/overhead-360-photo-booth-1.webp\",\"contentUrl\":\"https:\/\/360photoboothpro.eu\/wp-content\/uploads\/2023\/04\/overhead-360-photo-booth-1.webp\",\"width\":2560,\"height\":2120,\"caption\":\"overhead 360 photo booth pro\"},{\"@type\":\"BreadcrumbList\",\"@id\":\"https:\/\/360photoboothpro.eu\/es\/producto\/360-photo-booth-pro-overhead-360-camera-booth-360-video-booth\/#breadcrumb\",\"itemListElement\":[{\"@type\":\"ListItem\",\"position\":1,\"name\":\"Home\",\"item\":\"https:\/\/360photoboothpro.eu\/es\/\"},{\"@type\":\"ListItem\",\"position\":2,\"name\":\"Tienda\",\"item\":\"https:\/\/360photoboothpro.eu\/es\/tienda\/\"},{\"@type\":\"ListItem\",\"position\":3,\"name\":\"360 Photo Booth PRO &#8211; OVERHEAD (360 camera booth, 360 video booth)\"}]},{\"@type\":\"WebSite\",\"@id\":\"https:\/\/360photoboothpro.eu\/es\/#website\",\"url\":\"https:\/\/360photoboothpro.eu\/es\/\",\"name\":\"360PhotoBoothPRO\",\"description\":\"360PhotoBoothPRO\",\"publisher\":{\"@id\":\"https:\/\/360photoboothpro.eu\/es\/#organization\"},\"potentialAction\":[{\"@type\":\"SearchAction\",\"target\":{\"@type\":\"EntryPoint\",\"urlTemplate\":\"https:\/\/360photoboothpro.eu\/es\/?s={search_term_string}\"},\"query-input\":{\"@type\":\"PropertyValueSpecification\",\"valueRequired\":true,\"valueName\":\"search_term_string\"}}],\"inLanguage\":\"es\"},{\"@type\":\"Organization\",\"@id\":\"https:\/\/360photoboothpro.eu\/es\/#organization\",\"name\":\"360PhotoBoothPRO\",\"url\":\"https:\/\/360photoboothpro.eu\/es\/\",\"logo\":{\"@type\":\"ImageObject\",\"inLanguage\":\"es\",\"@id\":\"https:\/\/360photoboothpro.eu\/es\/#\/schema\/logo\/image\/\",\"url\":\"https:\/\/360photoboothpro.eu\/wp-content\/uploads\/2023\/03\/logo-360photoboothpro-favicon.png\",\"contentUrl\":\"https:\/\/360photoboothpro.eu\/wp-content\/uploads\/2023\/03\/logo-360photoboothpro-favicon.png\",\"width\":317,\"height\":317,\"caption\":\"360PhotoBoothPRO\"},\"image\":{\"@id\":\"https:\/\/360photoboothpro.eu\/es\/#\/schema\/logo\/image\/\"},\"sameAs\":[\"https:\/\/www.facebook.com\/360PhotoBoothPRO.Canada\/\"]}]}<\/script>\n<!-- \/ Yoast SEO plugin. -->","yoast_head_json":{"title":"360 Photo Booth PRO - OVERHEAD (360 camera booth, 360 video booth) - 360PhotoBoothPRO","description":"Photo Booth PRO is an online store where you can buy quality 360 Photo Booth PRO - OVERHEAD (360 camera booth, 360 video booth) at an affordable price. Buy now!","robots":{"index":"index","follow":"follow","max-snippet":"max-snippet:-1","max-image-preview":"max-image-preview:large","max-video-preview":"max-video-preview:-1"},"canonical":"https:\/\/360photoboothpro.eu\/es\/producto\/360-photo-booth-pro-overhead-360-camera-booth-360-video-booth\/","og_locale":"es_ES","og_type":"article","og_title":"360 Photo Booth PRO - OVERHEAD (360 camera booth, 360 video booth) - 360PhotoBoothPRO","og_description":"Photo Booth PRO is an online store where you can buy quality 360 Photo Booth PRO - OVERHEAD (360 camera booth, 360 video booth) at an affordable price. Buy now!","og_url":"https:\/\/360photoboothpro.eu\/es\/producto\/360-photo-booth-pro-overhead-360-camera-booth-360-video-booth\/","og_site_name":"360PhotoBoothPRO","article_publisher":"https:\/\/www.facebook.com\/360PhotoBoothPRO.Canada\/","article_modified_time":"2024-12-01T13:39:26+00:00","og_image":[{"url":"https:\/\/360photoboothpro.eu\/wp-content\/uploads\/2023\/04\/360-overhead-social.jpg"}],"twitter_card":"summary_large_image","schema":{"@context":"https:\/\/schema.org","@graph":[{"@type":"WebPage","@id":"https:\/\/360photoboothpro.eu\/es\/producto\/360-photo-booth-pro-overhead-360-camera-booth-360-video-booth\/","url":"https:\/\/360photoboothpro.eu\/es\/producto\/360-photo-booth-pro-overhead-360-camera-booth-360-video-booth\/","name":"360 Photo Booth PRO - OVERHEAD (360 camera booth, 360 video booth) - 360PhotoBoothPRO","isPartOf":{"@id":"https:\/\/360photoboothpro.eu\/es\/#website"},"primaryImageOfPage":{"@id":"https:\/\/360photoboothpro.eu\/es\/producto\/360-photo-booth-pro-overhead-360-camera-booth-360-video-booth\/#primaryimage"},"image":{"@id":"https:\/\/360photoboothpro.eu\/es\/producto\/360-photo-booth-pro-overhead-360-camera-booth-360-video-booth\/#primaryimage"},"thumbnailUrl":"https:\/\/360photoboothpro.eu\/wp-content\/uploads\/2023\/04\/overhead-360-photo-booth-1.webp","datePublished":"2023-04-11T11:30:51+00:00","dateModified":"2024-12-01T13:39:26+00:00","description":"Photo Booth PRO is an online store where you can buy quality 360 Photo Booth PRO - OVERHEAD (360 camera booth, 360 video booth) at an affordable price. Buy now!","breadcrumb":{"@id":"https:\/\/360photoboothpro.eu\/es\/producto\/360-photo-booth-pro-overhead-360-camera-booth-360-video-booth\/#breadcrumb"},"inLanguage":"es","potentialAction":[{"@type":"ReadAction","target":["https:\/\/360photoboothpro.eu\/es\/producto\/360-photo-booth-pro-overhead-360-camera-booth-360-video-booth\/"]}]},{"@type":"ImageObject","inLanguage":"es","@id":"https:\/\/360photoboothpro.eu\/es\/producto\/360-photo-booth-pro-overhead-360-camera-booth-360-video-booth\/#primaryimage","url":"https:\/\/360photoboothpro.eu\/wp-content\/uploads\/2023\/04\/overhead-360-photo-booth-1.webp","contentUrl":"https:\/\/360photoboothpro.eu\/wp-content\/uploads\/2023\/04\/overhead-360-photo-booth-1.webp","width":2560,"height":2120,"caption":"overhead 360 photo booth pro"},{"@type":"BreadcrumbList","@id":"https:\/\/360photoboothpro.eu\/es\/producto\/360-photo-booth-pro-overhead-360-camera-booth-360-video-booth\/#breadcrumb","itemListElement":[{"@type":"ListItem","position":1,"name":"Home","item":"https:\/\/360photoboothpro.eu\/es\/"},{"@type":"ListItem","position":2,"name":"Tienda","item":"https:\/\/360photoboothpro.eu\/es\/tienda\/"},{"@type":"ListItem","position":3,"name":"360 Photo Booth PRO &#8211; OVERHEAD (360 camera booth, 360 video booth)"}]},{"@type":"WebSite","@id":"https:\/\/360photoboothpro.eu\/es\/#website","url":"https:\/\/360photoboothpro.eu\/es\/","name":"360PhotoBoothPRO","description":"360PhotoBoothPRO","publisher":{"@id":"https:\/\/360photoboothpro.eu\/es\/#organization"},"potentialAction":[{"@type":"SearchAction","target":{"@type":"EntryPoint","urlTemplate":"https:\/\/360photoboothpro.eu\/es\/?s={search_term_string}"},"query-input":{"@type":"PropertyValueSpecification","valueRequired":true,"valueName":"search_term_string"}}],"inLanguage":"es"},{"@type":"Organization","@id":"https:\/\/360photoboothpro.eu\/es\/#organization","name":"360PhotoBoothPRO","url":"https:\/\/360photoboothpro.eu\/es\/","logo":{"@type":"ImageObject","inLanguage":"es","@id":"https:\/\/360photoboothpro.eu\/es\/#\/schema\/logo\/image\/","url":"https:\/\/360photoboothpro.eu\/wp-content\/uploads\/2023\/03\/logo-360photoboothpro-favicon.png","contentUrl":"https:\/\/360photoboothpro.eu\/wp-content\/uploads\/2023\/03\/logo-360photoboothpro-favicon.png","width":317,"height":317,"caption":"360PhotoBoothPRO"},"image":{"@id":"https:\/\/360photoboothpro.eu\/es\/#\/schema\/logo\/image\/"},"sameAs":["https:\/\/www.facebook.com\/360PhotoBoothPRO.Canada\/"]}]}},"_links":{"self":[{"href":"https:\/\/360photoboothpro.eu\/es\/wp-json\/wp\/v2\/product\/6047"}],"collection":[{"href":"https:\/\/360photoboothpro.eu\/es\/wp-json\/wp\/v2\/product"}],"about":[{"href":"https:\/\/360photoboothpro.eu\/es\/wp-json\/wp\/v2\/types\/product"}],"replies":[{"embeddable":true,"href":"https:\/\/360photoboothpro.eu\/es\/wp-json\/wp\/v2\/comments?post=6047"}],"wp:featuredmedia":[{"embeddable":true,"href":"https:\/\/360photoboothpro.eu\/es\/wp-json\/wp\/v2\/media\/5949"}],"wp:attachment":[{"href":"https:\/\/360photoboothpro.eu\/es\/wp-json\/wp\/v2\/media?parent=6047"}],"wp:term":[{"taxonomy":"product_cat","embeddable":true,"href":"https:\/\/360photoboothpro.eu\/es\/wp-json\/wp\/v2\/product_cat?post=6047"},{"taxonomy":"product_tag","embeddable":true,"href":"https:\/\/360photoboothpro.eu\/es\/wp-json\/wp\/v2\/product_tag?post=6047"}],"curies":[{"name":"wp","href":"https:\/\/api.w.org\/{rel}","templated":true}]}}