{"id":6125,"date":"2023-04-12T07:53:46","date_gmt":"2023-04-12T05:53:46","guid":{"rendered":"https:\/\/360photoboothpro.eu\/?post_type=product&#038;p=6125"},"modified":"2025-06-08T09:11:59","modified_gmt":"2025-06-08T07:11:59","slug":"juego-de-2-polos-de-delimitacion","status":"publish","type":"product","link":"https:\/\/360photoboothpro.eu\/es\/producto\/juego-de-2-polos-de-delimitacion\/","title":{"rendered":"Juego de 2 postes de delimitaci\u00f3n"},"content":{"rendered":"<p>Este producto puede adquirirse S\u00d3LO JUNTO con una de las plataformas 360 de esta categor\u00eda: <a href=\"https:\/\/360photoboothpro.eu\/es\/categoria-producto\/360-photo-booth-plataformas\/\">Plataformas 360 Photo Booth<\/a><\/p>\n<p>POSTES DE DELIMITACI\u00d3N, que se venden como juego de 2 postes con 1 cord\u00f3n incluido.<\/p>\n","protected":false},"excerpt":{"rendered":"<p>Este producto puede adquirirse S\u00d3LO JUNTO con una de las plataformas 360 de esta categor\u00eda: <a href=\"https:\/\/360photoboothpro.eu\/product-category\/360-video-booth-platforms\/\">Plataformas 360 Photo Booth<\/a><\/p>\n","protected":false},"featured_media":5967,"comment_status":"open","ping_status":"closed","template":"","meta":{"_acf_changed":false},"product_cat":[176],"product_tag":[181,183,190,188,186,189,184,185,193,182,192,187],"class_list":{"0":"post-6125","1":"product","2":"type-product","3":"status-publish","4":"has-post-thumbnail","6":"product_cat-accesorios","7":"product_tag-cabina-360","8":"product_tag-cabina-con-camara-360","9":"product_tag-cabina-de-video-360","10":"product_tag-cabina-selfie-360","11":"product_tag-fotomaton-360","12":"product_tag-fotomaton-360-es","13":"product_tag-fotomaton-con-camara-360","14":"product_tag-fotomaton-de-360-grados","15":"product_tag-fotomaton-giratorio","16":"product_tag-se-vende-cabina-360","17":"product_tag-se-vende-cabina-de-video-360-2","18":"product_tag-venta-de-fotomaton-360","20":"first","21":"outofstock","22":"sale","23":"taxable","24":"shipping-taxable","25":"purchasable","26":"product-type-simple"},"acf":[],"yoast_head":"<!-- This site is optimized with the Yoast SEO plugin v23.5 - https:\/\/yoast.com\/wordpress\/plugins\/seo\/ -->\n<title>Juego de 2 postes de delimitaci\u00f3n - 360PhotoBoothPRO<\/title>\n<meta name=\"description\" content=\"Photo Booth PRO is an online store where you can buy quality Juego de 2 postes de delimitaci\u00f3n at an affordable price. Buy now!\" \/>\n<meta name=\"robots\" content=\"index, follow, max-snippet:-1, max-image-preview:large, max-video-preview:-1\" \/>\n<link rel=\"canonical\" href=\"https:\/\/360photoboothpro.eu\/es\/producto\/juego-de-2-polos-de-delimitacion\/\" \/>\n<meta property=\"og:locale\" content=\"es_ES\" \/>\n<meta property=\"og:type\" content=\"article\" \/>\n<meta property=\"og:title\" content=\"Juego de 2 postes de delimitaci\u00f3n - 360PhotoBoothPRO\" \/>\n<meta property=\"og:description\" content=\"Photo Booth PRO is an online store where you can buy quality Juego de 2 postes de delimitaci\u00f3n at an affordable price. Buy now!\" \/>\n<meta property=\"og:url\" content=\"https:\/\/360photoboothpro.eu\/es\/producto\/juego-de-2-polos-de-delimitacion\/\" \/>\n<meta property=\"og:site_name\" content=\"360PhotoBoothPRO\" \/>\n<meta property=\"article:publisher\" content=\"https:\/\/www.facebook.com\/360PhotoBoothPRO.Canada\/\" \/>\n<meta property=\"article:modified_time\" content=\"2025-06-08T07:11:59+00:00\" \/>\n<meta property=\"og:image\" content=\"https:\/\/360photoboothpro.eu\/wp-content\/uploads\/2023\/04\/set-2-delimitation-poles-social.jpg\" \/>\n<meta name=\"twitter:card\" content=\"summary_large_image\" \/>\n<meta name=\"twitter:label1\" content=\"Tiempo de lectura\" \/>\n\t<meta name=\"twitter:data1\" content=\"1 minuto\" \/>\n<script type=\"application\/ld+json\" class=\"yoast-schema-graph\">{\"@context\":\"https:\/\/schema.org\",\"@graph\":[{\"@type\":\"WebPage\",\"@id\":\"https:\/\/360photoboothpro.eu\/es\/producto\/juego-de-2-polos-de-delimitacion\/\",\"url\":\"https:\/\/360photoboothpro.eu\/es\/producto\/juego-de-2-polos-de-delimitacion\/\",\"name\":\"Juego de 2 postes de delimitaci\u00f3n - 360PhotoBoothPRO\",\"isPartOf\":{\"@id\":\"https:\/\/360photoboothpro.eu\/es\/#website\"},\"primaryImageOfPage\":{\"@id\":\"https:\/\/360photoboothpro.eu\/es\/producto\/juego-de-2-polos-de-delimitacion\/#primaryimage\"},\"image\":{\"@id\":\"https:\/\/360photoboothpro.eu\/es\/producto\/juego-de-2-polos-de-delimitacion\/#primaryimage\"},\"thumbnailUrl\":\"https:\/\/360photoboothpro.eu\/wp-content\/uploads\/2023\/04\/delimitation-posts-for-360-photo-booth-pro-1.jpg\",\"datePublished\":\"2023-04-12T05:53:46+00:00\",\"dateModified\":\"2025-06-08T07:11:59+00:00\",\"description\":\"Photo Booth PRO is an online store where you can buy quality Juego de 2 postes de delimitaci\u00f3n at an affordable price. Buy now!\",\"breadcrumb\":{\"@id\":\"https:\/\/360photoboothpro.eu\/es\/producto\/juego-de-2-polos-de-delimitacion\/#breadcrumb\"},\"inLanguage\":\"es\",\"potentialAction\":[{\"@type\":\"ReadAction\",\"target\":[\"https:\/\/360photoboothpro.eu\/es\/producto\/juego-de-2-polos-de-delimitacion\/\"]}]},{\"@type\":\"ImageObject\",\"inLanguage\":\"es\",\"@id\":\"https:\/\/360photoboothpro.eu\/es\/producto\/juego-de-2-polos-de-delimitacion\/#primaryimage\",\"url\":\"https:\/\/360photoboothpro.eu\/wp-content\/uploads\/2023\/04\/delimitation-posts-for-360-photo-booth-pro-1.jpg\",\"contentUrl\":\"https:\/\/360photoboothpro.eu\/wp-content\/uploads\/2023\/04\/delimitation-posts-for-360-photo-booth-pro-1.jpg\",\"width\":400,\"height\":400,\"caption\":\"delimitation posts for 360 photo booth pro\"},{\"@type\":\"BreadcrumbList\",\"@id\":\"https:\/\/360photoboothpro.eu\/es\/producto\/juego-de-2-polos-de-delimitacion\/#breadcrumb\",\"itemListElement\":[{\"@type\":\"ListItem\",\"position\":1,\"name\":\"Home\",\"item\":\"https:\/\/360photoboothpro.eu\/es\/\"},{\"@type\":\"ListItem\",\"position\":2,\"name\":\"Tienda\",\"item\":\"https:\/\/360photoboothpro.eu\/es\/tienda\/\"},{\"@type\":\"ListItem\",\"position\":3,\"name\":\"Juego de 2 postes de delimitaci\u00f3n\"}]},{\"@type\":\"WebSite\",\"@id\":\"https:\/\/360photoboothpro.eu\/es\/#website\",\"url\":\"https:\/\/360photoboothpro.eu\/es\/\",\"name\":\"360PhotoBoothPRO\",\"description\":\"360PhotoBoothPRO\",\"publisher\":{\"@id\":\"https:\/\/360photoboothpro.eu\/es\/#organization\"},\"potentialAction\":[{\"@type\":\"SearchAction\",\"target\":{\"@type\":\"EntryPoint\",\"urlTemplate\":\"https:\/\/360photoboothpro.eu\/es\/?s={search_term_string}\"},\"query-input\":{\"@type\":\"PropertyValueSpecification\",\"valueRequired\":true,\"valueName\":\"search_term_string\"}}],\"inLanguage\":\"es\"},{\"@type\":\"Organization\",\"@id\":\"https:\/\/360photoboothpro.eu\/es\/#organization\",\"name\":\"360PhotoBoothPRO\",\"url\":\"https:\/\/360photoboothpro.eu\/es\/\",\"logo\":{\"@type\":\"ImageObject\",\"inLanguage\":\"es\",\"@id\":\"https:\/\/360photoboothpro.eu\/es\/#\/schema\/logo\/image\/\",\"url\":\"https:\/\/360photoboothpro.eu\/wp-content\/uploads\/2023\/03\/logo-360photoboothpro-favicon.png\",\"contentUrl\":\"https:\/\/360photoboothpro.eu\/wp-content\/uploads\/2023\/03\/logo-360photoboothpro-favicon.png\",\"width\":317,\"height\":317,\"caption\":\"360PhotoBoothPRO\"},\"image\":{\"@id\":\"https:\/\/360photoboothpro.eu\/es\/#\/schema\/logo\/image\/\"},\"sameAs\":[\"https:\/\/www.facebook.com\/360PhotoBoothPRO.Canada\/\"]}]}<\/script>\n<!-- \/ Yoast SEO plugin. -->","yoast_head_json":{"title":"Juego de 2 postes de delimitaci\u00f3n - 360PhotoBoothPRO","description":"Photo Booth PRO is an online store where you can buy quality Juego de 2 postes de delimitaci\u00f3n at an affordable price. Buy now!","robots":{"index":"index","follow":"follow","max-snippet":"max-snippet:-1","max-image-preview":"max-image-preview:large","max-video-preview":"max-video-preview:-1"},"canonical":"https:\/\/360photoboothpro.eu\/es\/producto\/juego-de-2-polos-de-delimitacion\/","og_locale":"es_ES","og_type":"article","og_title":"Juego de 2 postes de delimitaci\u00f3n - 360PhotoBoothPRO","og_description":"Photo Booth PRO is an online store where you can buy quality Juego de 2 postes de delimitaci\u00f3n at an affordable price. Buy now!","og_url":"https:\/\/360photoboothpro.eu\/es\/producto\/juego-de-2-polos-de-delimitacion\/","og_site_name":"360PhotoBoothPRO","article_publisher":"https:\/\/www.facebook.com\/360PhotoBoothPRO.Canada\/","article_modified_time":"2025-06-08T07:11:59+00:00","og_image":[{"url":"https:\/\/360photoboothpro.eu\/wp-content\/uploads\/2023\/04\/set-2-delimitation-poles-social.jpg"}],"twitter_card":"summary_large_image","twitter_misc":{"Tiempo de lectura":"1 minuto"},"schema":{"@context":"https:\/\/schema.org","@graph":[{"@type":"WebPage","@id":"https:\/\/360photoboothpro.eu\/es\/producto\/juego-de-2-polos-de-delimitacion\/","url":"https:\/\/360photoboothpro.eu\/es\/producto\/juego-de-2-polos-de-delimitacion\/","name":"Juego de 2 postes de delimitaci\u00f3n - 360PhotoBoothPRO","isPartOf":{"@id":"https:\/\/360photoboothpro.eu\/es\/#website"},"primaryImageOfPage":{"@id":"https:\/\/360photoboothpro.eu\/es\/producto\/juego-de-2-polos-de-delimitacion\/#primaryimage"},"image":{"@id":"https:\/\/360photoboothpro.eu\/es\/producto\/juego-de-2-polos-de-delimitacion\/#primaryimage"},"thumbnailUrl":"https:\/\/360photoboothpro.eu\/wp-content\/uploads\/2023\/04\/delimitation-posts-for-360-photo-booth-pro-1.jpg","datePublished":"2023-04-12T05:53:46+00:00","dateModified":"2025-06-08T07:11:59+00:00","description":"Photo Booth PRO is an online store where you can buy quality Juego de 2 postes de delimitaci\u00f3n at an affordable price. Buy now!","breadcrumb":{"@id":"https:\/\/360photoboothpro.eu\/es\/producto\/juego-de-2-polos-de-delimitacion\/#breadcrumb"},"inLanguage":"es","potentialAction":[{"@type":"ReadAction","target":["https:\/\/360photoboothpro.eu\/es\/producto\/juego-de-2-polos-de-delimitacion\/"]}]},{"@type":"ImageObject","inLanguage":"es","@id":"https:\/\/360photoboothpro.eu\/es\/producto\/juego-de-2-polos-de-delimitacion\/#primaryimage","url":"https:\/\/360photoboothpro.eu\/wp-content\/uploads\/2023\/04\/delimitation-posts-for-360-photo-booth-pro-1.jpg","contentUrl":"https:\/\/360photoboothpro.eu\/wp-content\/uploads\/2023\/04\/delimitation-posts-for-360-photo-booth-pro-1.jpg","width":400,"height":400,"caption":"delimitation posts for 360 photo booth pro"},{"@type":"BreadcrumbList","@id":"https:\/\/360photoboothpro.eu\/es\/producto\/juego-de-2-polos-de-delimitacion\/#breadcrumb","itemListElement":[{"@type":"ListItem","position":1,"name":"Home","item":"https:\/\/360photoboothpro.eu\/es\/"},{"@type":"ListItem","position":2,"name":"Tienda","item":"https:\/\/360photoboothpro.eu\/es\/tienda\/"},{"@type":"ListItem","position":3,"name":"Juego de 2 postes de delimitaci\u00f3n"}]},{"@type":"WebSite","@id":"https:\/\/360photoboothpro.eu\/es\/#website","url":"https:\/\/360photoboothpro.eu\/es\/","name":"360PhotoBoothPRO","description":"360PhotoBoothPRO","publisher":{"@id":"https:\/\/360photoboothpro.eu\/es\/#organization"},"potentialAction":[{"@type":"SearchAction","target":{"@type":"EntryPoint","urlTemplate":"https:\/\/360photoboothpro.eu\/es\/?s={search_term_string}"},"query-input":{"@type":"PropertyValueSpecification","valueRequired":true,"valueName":"search_term_string"}}],"inLanguage":"es"},{"@type":"Organization","@id":"https:\/\/360photoboothpro.eu\/es\/#organization","name":"360PhotoBoothPRO","url":"https:\/\/360photoboothpro.eu\/es\/","logo":{"@type":"ImageObject","inLanguage":"es","@id":"https:\/\/360photoboothpro.eu\/es\/#\/schema\/logo\/image\/","url":"https:\/\/360photoboothpro.eu\/wp-content\/uploads\/2023\/03\/logo-360photoboothpro-favicon.png","contentUrl":"https:\/\/360photoboothpro.eu\/wp-content\/uploads\/2023\/03\/logo-360photoboothpro-favicon.png","width":317,"height":317,"caption":"360PhotoBoothPRO"},"image":{"@id":"https:\/\/360photoboothpro.eu\/es\/#\/schema\/logo\/image\/"},"sameAs":["https:\/\/www.facebook.com\/360PhotoBoothPRO.Canada\/"]}]}},"_links":{"self":[{"href":"https:\/\/360photoboothpro.eu\/es\/wp-json\/wp\/v2\/product\/6125"}],"collection":[{"href":"https:\/\/360photoboothpro.eu\/es\/wp-json\/wp\/v2\/product"}],"about":[{"href":"https:\/\/360photoboothpro.eu\/es\/wp-json\/wp\/v2\/types\/product"}],"replies":[{"embeddable":true,"href":"https:\/\/360photoboothpro.eu\/es\/wp-json\/wp\/v2\/comments?post=6125"}],"wp:featuredmedia":[{"embeddable":true,"href":"https:\/\/360photoboothpro.eu\/es\/wp-json\/wp\/v2\/media\/5967"}],"wp:attachment":[{"href":"https:\/\/360photoboothpro.eu\/es\/wp-json\/wp\/v2\/media?parent=6125"}],"wp:term":[{"taxonomy":"product_cat","embeddable":true,"href":"https:\/\/360photoboothpro.eu\/es\/wp-json\/wp\/v2\/product_cat?post=6125"},{"taxonomy":"product_tag","embeddable":true,"href":"https:\/\/360photoboothpro.eu\/es\/wp-json\/wp\/v2\/product_tag?post=6125"}],"curies":[{"name":"wp","href":"https:\/\/api.w.org\/{rel}","templated":true}]}}