{"id":6162,"date":"2023-04-11T11:18:04","date_gmt":"2023-04-11T09:18:04","guid":{"rendered":"https:\/\/360photoboothpro.eu\/product\/360-photo-booth-pro-80-cm-automatic-metal-round-shape-360-camera-booth-360-video-booth\/"},"modified":"2025-09-25T15:55:06","modified_gmt":"2025-09-25T13:55:06","slug":"360-photo-booth-pro-80-cm-automatic-metal-round-shape-360-camera-booth-360-video-booth","status":"publish","type":"product","link":"https:\/\/360photoboothpro.eu\/es\/producto\/360-photo-booth-pro-80-cm-automatic-metal-round-shape-360-camera-booth-360-video-booth\/","title":{"rendered":"360 Photo Booth PRO &#8211; 80cm AUTOMATICO Metal Forma Redonda (360 camera booth, 360 video booth)"},"content":{"rendered":"<p id=\"tw-target-text\" class=\"tw-data-text tw-text-large tw-ta\" dir=\"ltr\" data-placeholder=\"Traducere\"><span class=\"Y2IQFc\" lang=\"en\">360 Photo Booth PRO 80cm a la venta (proporcionamos ASISTENCIA T\u00c9CNICA para la PUESTA EN MARCHA).<\/span><\/p>\n<p><span class=\"Y2IQFc\" lang=\"en\">PLATAFORMA EST\u00c1NDAR: la Plataforma 360 Photo Booth PRO: ver DESCRIPCI\u00d3N detallada.<\/span><\/p>\n<p>&nbsp;<\/p>\n<p id=\"tw-target-text\" class=\"tw-data-text tw-text-large tw-ta\" dir=\"ltr\" data-placeholder=\"Traducere\"><span class=\"Y2IQFc\" lang=\"en\">EN EL PAQUETE \u00abEST\u00c1NDAR\u00bb, 360 Photo Booth PRO &#8211; 80cm Automatic Metal Round Shape (DI\u00c1METRO 80cm\/ CAPACIDAD 1-3 PERSONAS, m\u00e1ximo 450kg\/ PESO 25.9kg) CONTIENE:<\/span><\/p>\n<style>.elementor-6165 .elementor-element.elementor-element-b8e0d4b .elementor-icon-list-items:not(.elementor-inline-items) .elementor-icon-list-item:not(:last-child){padding-bottom:calc(10px\/2);}.elementor-6165 .elementor-element.elementor-element-b8e0d4b .elementor-icon-list-items:not(.elementor-inline-items) .elementor-icon-list-item:not(:first-child){margin-top:calc(10px\/2);}.elementor-6165 .elementor-element.elementor-element-b8e0d4b .elementor-icon-list-items.elementor-inline-items .elementor-icon-list-item{margin-right:calc(10px\/2);margin-left:calc(10px\/2);}.elementor-6165 .elementor-element.elementor-element-b8e0d4b .elementor-icon-list-items.elementor-inline-items{margin-right:calc(-10px\/2);margin-left:calc(-10px\/2);}body.rtl .elementor-6165 .elementor-element.elementor-element-b8e0d4b .elementor-icon-list-items.elementor-inline-items .elementor-icon-list-item:after{left:calc(-10px\/2);}body:not(.rtl) .elementor-6165 .elementor-element.elementor-element-b8e0d4b .elementor-icon-list-items.elementor-inline-items .elementor-icon-list-item:after{right:calc(-10px\/2);}.elementor-6165 .elementor-element.elementor-element-b8e0d4b .elementor-icon-list-icon i{color:#61CE70;transition:color 0.3s;}.elementor-6165 .elementor-element.elementor-element-b8e0d4b .elementor-icon-list-icon svg{fill:#61CE70;transition:fill 0.3s;}.elementor-6165 .elementor-element.elementor-element-b8e0d4b .elementor-icon-list-item:hover .elementor-icon-list-icon i{color:#6EC1E4;}.elementor-6165 .elementor-element.elementor-element-b8e0d4b .elementor-icon-list-item:hover .elementor-icon-list-icon svg{fill:#6EC1E4;}.elementor-6165 .elementor-element.elementor-element-b8e0d4b{--e-icon-list-icon-size:29px;--icon-vertical-offset:0px;}.elementor-6165 .elementor-element.elementor-element-b8e0d4b .elementor-icon-list-text{transition:color 0.3s;}<\/style><div class=\"porto-block elementor elementor-6165\" data-id=\"6165\">\t\t<section class=\"elementor-section elementor-top-section elementor-element elementor-element-11652cb elementor-section-boxed elementor-section-height-default elementor-section-height-default\" data-id=\"11652cb\" data-element_type=\"section\">\r\n\t\t\r\n\t\t\t\t\t\t\t<div class=\"elementor-container elementor-column-gap-default\">\r\n\t\t\t\t\t\t\t\t\t\t\t<div class=\"elementor-column elementor-col-100 elementor-top-column elementor-element elementor-element-d6a5b4c\" data-id=\"d6a5b4c\" data-element_type=\"column\">\r\n\t\t\t\t\t<div class=\"elementor-widget-wrap elementor-element-populated\">\r\n\t\t\t\t\t\t\t\t<div class=\"elementor-element elementor-element-b8e0d4b elementor-icon-list--layout-traditional elementor-list-item-link-full_width elementor-widget elementor-widget-icon-list\" data-id=\"b8e0d4b\" data-element_type=\"widget\" data-widget_type=\"icon-list.default\">\n\t\t\t\t<div class=\"elementor-widget-container\">\n\t\t\t\t\t<ul class=\"elementor-icon-list-items\">\n\t\t\t\t\t\t\t<li class=\"elementor-icon-list-item\">\n\t\t\t\t\t\t\t\t\t\t\t<span class=\"elementor-icon-list-icon\">\n\t\t\t\t\t\t\t<i aria-hidden=\"true\" class=\"fas fa-check\"><\/i>\t\t\t\t\t\t<\/span>\n\t\t\t\t\t\t\t\t\t\t<span class=\"elementor-icon-list-text\">PLATAFORMA METALICA de primera calidad, con forma REDONDA, ALTURA 16 cm, fabricada con la maxima atencion a los detalles, siendo dise\u00f1ada en CAD, y las piezas que la componen cortadas con laser y ensambladas a mano. Todos los elementos electr\u00f3nicos est\u00e1n encapsulados para mayor protecci\u00f3n y seguridad en el funcionamiento. La estructura de resistencia de la plataforma est\u00e1 fabricada con perfiles met\u00e1licos, lo que le confiere una gran resistencia a la carga. La parte superior es met\u00e1lica, siendo muy resistente.<\/span>\n\t\t\t\t\t\t\t\t\t<\/li>\n\t\t\t\t\t\t\t\t<li class=\"elementor-icon-list-item\">\n\t\t\t\t\t\t\t\t\t\t\t<span class=\"elementor-icon-list-icon\">\n\t\t\t\t\t\t\t<i aria-hidden=\"true\" class=\"fas fa-check\"><\/i>\t\t\t\t\t\t<\/span>\n\t\t\t\t\t\t\t\t\t\t<span class=\"elementor-icon-list-text\">MOTOR MET\u00c1LICO de tipo industrial con transmisi\u00f3n por correa, que est\u00e1 equipado con un sistema antideslizamiento. Adem\u00e1s, el motor est\u00e1 protegido contra golpes (en caso de que el brazo giratorio choque contra un obst\u00e1culo).<\/span>\n\t\t\t\t\t\t\t\t\t<\/li>\n\t\t\t\t\t\t\t\t<li class=\"elementor-icon-list-item\">\n\t\t\t\t\t\t\t\t\t\t\t<span class=\"elementor-icon-list-icon\">\n\t\t\t\t\t\t\t<i aria-hidden=\"true\" class=\"fas fa-check\"><\/i>\t\t\t\t\t\t<\/span>\n\t\t\t\t\t\t\t\t\t\t<span class=\"elementor-icon-list-text\">BRAZO ROTATIVO muy resistente, fabricado en perfiles met\u00e1licos, con MANDO A DISTANCIA (2 PIEZAS), que dispone de ARRANQUE LENTO, VELOCIDAD AJUSTABLE (5 pasos de velocidad) y posibilidad de CAMBIAR EL SENTIDO DE ROTACI\u00d3N. Adem\u00e1s, el brazo motorizado es AJUSTABLE EN ALTURA (entre 130-190 cm) y tiene un \u00c1NGULO DE INCLINACI\u00d3N AJUSTABLE (entre 45 y 135 grados). En esta versi\u00f3n ajustable, la plataforma puede ser utilizada tanto por ni\u00f1os como por adultos.<\/span>\n\t\t\t\t\t\t\t\t\t<\/li>\n\t\t\t\t\t\t\t\t<li class=\"elementor-icon-list-item\">\n\t\t\t\t\t\t\t\t\t\t\t<span class=\"elementor-icon-list-icon\">\n\t\t\t\t\t\t\t<i aria-hidden=\"true\" class=\"fas fa-check\"><\/i>\t\t\t\t\t\t<\/span>\n\t\t\t\t\t\t\t\t\t\t<span class=\"elementor-icon-list-text\">SOPORTE DE BATER\u00cdA;<\/span>\n\t\t\t\t\t\t\t\t\t<\/li>\n\t\t\t\t\t\t\t\t<li class=\"elementor-icon-list-item\">\n\t\t\t\t\t\t\t\t\t\t\t<span class=\"elementor-icon-list-icon\">\n\t\t\t\t\t\t\t<i aria-hidden=\"true\" class=\"fas fa-check\"><\/i>\t\t\t\t\t\t<\/span>\n\t\t\t\t\t\t\t\t\t\t<span class=\"elementor-icon-list-text\">SOPORTE iPhone +iPad +GoPro +DSLR;<\/span>\n\t\t\t\t\t\t\t\t\t<\/li>\n\t\t\t\t\t\t\t\t<li class=\"elementor-icon-list-item\">\n\t\t\t\t\t\t\t\t\t\t\t<span class=\"elementor-icon-list-icon\">\n\t\t\t\t\t\t\t<i aria-hidden=\"true\" class=\"fas fa-check\"><\/i>\t\t\t\t\t\t<\/span>\n\t\t\t\t\t\t\t\t\t\t<span class=\"elementor-icon-list-text\">ANILLO DE LUZ profesional (DI\u00c1METRO EXTERIOR 30cm, DI\u00c1METRO INTERIOR 23,5cm, ESPESOR DEL ANILLO 3,25cm), equipado con BOT\u00d3N DE AJUSTE DE INTENSIDAD DE LUZ (10 NIVELES DE INTENSIDAD), con o 10W DE POTENCIA, que tiene TEMPERATURA DE COLOR AJUSTABLE (entre 3000 y 6500 grados Kelvin) y emite tanto LUZ CALIENTE, como LUZ NORMAL y LUZ FR\u00cdA. Los 184 LED (144 LED EST\u00c1NDAR + 40 LED M\u00c1GICO) emiten 16 COLORES B\u00c1SICOS y 17 MODOS DE EFECTO RGB. La l\u00e1mpara tiene un ANILLO AJUSTABLE EN 180 GRADOS, y el cable USB es de 2 metros.<\/span>\n\t\t\t\t\t\t\t\t\t<\/li>\n\t\t\t\t\t\t\t\t<li class=\"elementor-icon-list-item\">\n\t\t\t\t\t\t\t\t\t\t\t<span class=\"elementor-icon-list-icon\">\n\t\t\t\t\t\t\t<i aria-hidden=\"true\" class=\"fas fa-check\"><\/i>\t\t\t\t\t\t<\/span>\n\t\t\t\t\t\t\t\t\t\t<span class=\"elementor-icon-list-text\">ADAPTADOR y CABLE DE ALIMENTACI\u00d3N (longitud de 2 metros);<\/span>\n\t\t\t\t\t\t\t\t\t<\/li>\n\t\t\t\t\t\t\t\t<li class=\"elementor-icon-list-item\">\n\t\t\t\t\t\t\t\t\t\t\t<span class=\"elementor-icon-list-icon\">\n\t\t\t\t\t\t\t<i aria-hidden=\"true\" class=\"fas fa-check\"><\/i>\t\t\t\t\t\t<\/span>\n\t\t\t\t\t\t\t\t\t\t<span class=\"elementor-icon-list-text\">SISTEMA DE ILUMINACI\u00d3N AMBIENTE LED RGB, situado en la base de la plataforma, resistente a la humedad, cuyos colores pueden seleccionarse desde el MANDO A DISTANCIA. Mediante esta tira de leds, la plataforma se integra f\u00e1cilmente en un entorno espec\u00edfico para eventos.<\/span>\n\t\t\t\t\t\t\t\t\t<\/li>\n\t\t\t\t\t\t\t\t<li class=\"elementor-icon-list-item\">\n\t\t\t\t\t\t\t\t\t\t\t<span class=\"elementor-icon-list-icon\">\n\t\t\t\t\t\t\t<i aria-hidden=\"true\" class=\"fas fa-check\"><\/i>\t\t\t\t\t\t<\/span>\n\t\t\t\t\t\t\t\t\t\t<span class=\"elementor-icon-list-text\">SOPORTES PARA AJUSTE DE ALTURA fijados en la base de la plataforma, que aumentan el nivel de ESTABILIDAD y SEGURIDAD. Por supuesto, para evitar la inestabilidad, es necesario que la superficie sobre la que se coloca la plataforma sea recta, sin desniveles (siempre es necesario comprobar la superficie sobre la que se colocar\u00e1 la plataforma).<\/span>\n\t\t\t\t\t\t\t\t\t<\/li>\n\t\t\t\t\t\t\t\t<li class=\"elementor-icon-list-item\">\n\t\t\t\t\t\t\t\t\t\t\t<span class=\"elementor-icon-list-icon\">\n\t\t\t\t\t\t\t<i aria-hidden=\"true\" class=\"fas fa-check\"><\/i>\t\t\t\t\t\t<\/span>\n\t\t\t\t\t\t\t\t\t\t<span class=\"elementor-icon-list-text\">PERSONALIZACI\u00d3N de la plataforma mediante adhesivo laminado con LOGO y sus datos;<\/span>\n\t\t\t\t\t\t\t\t\t<\/li>\n\t\t\t\t\t\t\t\t<li class=\"elementor-icon-list-item\">\n\t\t\t\t\t\t\t\t\t\t\t<span class=\"elementor-icon-list-icon\">\n\t\t\t\t\t\t\t<i aria-hidden=\"true\" class=\"fas fa-check\"><\/i>\t\t\t\t\t\t<\/span>\n\t\t\t\t\t\t\t\t\t\t<span class=\"elementor-icon-list-text\">PROTECCI\u00d3N TRANSPARENTE de PVC para pegatinas laminadas con logotipo;<\/span>\n\t\t\t\t\t\t\t\t\t<\/li>\n\t\t\t\t\t\t\t\t<li class=\"elementor-icon-list-item\">\n\t\t\t\t\t\t\t\t\t\t\t<span class=\"elementor-icon-list-icon\">\n\t\t\t\t\t\t\t<i aria-hidden=\"true\" class=\"fas fa-check\"><\/i>\t\t\t\t\t\t<\/span>\n\t\t\t\t\t\t\t\t\t\t<span class=\"elementor-icon-list-text\">ALFOMBRA ROJA REDONDA, de FLANEL, que se coloca debajo de la plataforma para proteger la superficie sobre la que est\u00e1 montada y que, al tener un di\u00e1metro ligeramente superior al de la plataforma, sobrepasa sus bordes y crea un contorno que le da m\u00e1s elegancia;<\/span>\n\t\t\t\t\t\t\t\t\t<\/li>\n\t\t\t\t\t\t\t\t<li class=\"elementor-icon-list-item\">\n\t\t\t\t\t\t\t\t\t\t\t<span class=\"elementor-icon-list-icon\">\n\t\t\t\t\t\t\t<i aria-hidden=\"true\" class=\"fas fa-check\"><\/i>\t\t\t\t\t\t<\/span>\n\t\t\t\t\t\t\t\t\t\t<span class=\"elementor-icon-list-text\">CUBIERTA PROTECTORA Y DE TRANSPORTE fabricada en material IMPERMEABLE, provista de RUEDAS MULTIDIRECCIONALES DE SILICONA y ASAS PARA UN F\u00c1CIL MANEJO (puede MEJORARSE a ESTUCHE DE VUELO: 300 EUROS EXTRA).<\/span>\n\t\t\t\t\t\t\t\t\t<\/li>\n\t\t\t\t\t\t\t\t<li class=\"elementor-icon-list-item\">\n\t\t\t\t\t\t\t\t\t\t\t<span class=\"elementor-icon-list-icon\">\n\t\t\t\t\t\t\t<i aria-hidden=\"true\" class=\"fas fa-check\"><\/i>\t\t\t\t\t\t<\/span>\n\t\t\t\t\t\t\t\t\t\t<span class=\"elementor-icon-list-text\">INSTRUCCIONES DE USO.<\/span>\n\t\t\t\t\t\t\t\t\t<\/li>\n\t\t\t\t\t\t<\/ul>\n\t\t\t\t<\/div>\n\t\t\t\t<\/div>\n\t\t\t\t\t<\/div>\r\n\t\t\t\t<\/div>\r\n\t\t\t\t\t<\/div>\r\n\t\t\t\t<\/section>\r\n\t\t<\/div>\n<p>&nbsp;<\/p>\n<p>Tambi\u00e9n tiene la posibilidad de ACTUALIZAR al \u00bb <span class=\"Y2IQFc\" lang=\"en\">PAQUETE PLUG &amp; PLAY<\/span> COMPLETO\u00bb &#8211; <a href=\"https:\/\/360photoboothpro.eu\/product\/upgrade-to-full-plug-play-package\/\">VEA LO QUE CONTIENE, en detalle, en la siguiente p\u00e1gina: HAGA CLIC AQU\u00cd.<\/a><\/p>\n","protected":false},"excerpt":{"rendered":"<p id=\"tw-target-text\" class=\"tw-data-text tw-text-large tw-ta\" dir=\"ltr\" data-placeholder=\"Traducere\"><span class=\"Y2IQFc\" lang=\"en\">Nuestra empresa se encuentra en Ruman\u00eda.<br \/>\nEnviamos los productos desde nuestro almac\u00e9n.<br \/>\nEl producto le ser\u00e1 enviado en 5-7 d\u00edas laborables.<\/span><\/p>\n","protected":false},"featured_media":12625,"comment_status":"open","ping_status":"closed","template":"","meta":{"_acf_changed":false},"product_cat":[180],"product_tag":[181,183,190,188,186,189,184,185,193,182,192,187],"class_list":{"0":"post-6162","1":"product","2":"type-product","3":"status-publish","4":"has-post-thumbnail","6":"product_cat-360-photo-booth-plataformas","7":"product_tag-cabina-360","8":"product_tag-cabina-con-camara-360","9":"product_tag-cabina-de-video-360","10":"product_tag-cabina-selfie-360","11":"product_tag-fotomaton-360","12":"product_tag-fotomaton-360-es","13":"product_tag-fotomaton-con-camara-360","14":"product_tag-fotomaton-de-360-grados","15":"product_tag-fotomaton-giratorio","16":"product_tag-se-vende-cabina-360","17":"product_tag-se-vende-cabina-de-video-360-2","18":"product_tag-venta-de-fotomaton-360","20":"first","21":"instock","22":"taxable","23":"shipping-taxable","24":"purchasable","25":"product-type-simple"},"acf":[],"yoast_head":"<!-- This site is optimized with the Yoast SEO plugin v23.5 - https:\/\/yoast.com\/wordpress\/plugins\/seo\/ -->\n<title>360 Photo Booth PRO - 80cm AUTOMATICO Metal Forma Redonda (360 camera booth, 360 video booth) - 360PhotoBoothPRO<\/title>\n<meta name=\"description\" content=\"Photo Booth PRO is an online store where you can buy quality 360 Photo Booth PRO - 80cm AUTOMATICO Metal Forma Redonda (360 camera booth, 360 video booth) at an affordable price. Buy now!\" \/>\n<meta name=\"robots\" content=\"index, follow, max-snippet:-1, max-image-preview:large, max-video-preview:-1\" \/>\n<link rel=\"canonical\" href=\"https:\/\/360photoboothpro.eu\/es\/producto\/360-photo-booth-pro-80-cm-automatic-metal-round-shape-360-camera-booth-360-video-booth\/\" \/>\n<meta property=\"og:locale\" content=\"es_ES\" \/>\n<meta property=\"og:type\" content=\"article\" \/>\n<meta property=\"og:title\" content=\"360 Photo Booth PRO - 80cm AUTOMATICO Metal Forma Redonda (360 camera booth, 360 video booth) - 360PhotoBoothPRO\" \/>\n<meta property=\"og:description\" content=\"Photo Booth PRO is an online store where you can buy quality 360 Photo Booth PRO - 80cm AUTOMATICO Metal Forma Redonda (360 camera booth, 360 video booth) at an affordable price. Buy now!\" \/>\n<meta property=\"og:url\" content=\"https:\/\/360photoboothpro.eu\/es\/producto\/360-photo-booth-pro-80-cm-automatic-metal-round-shape-360-camera-booth-360-video-booth\/\" \/>\n<meta property=\"og:site_name\" content=\"360PhotoBoothPRO\" \/>\n<meta property=\"article:publisher\" content=\"https:\/\/www.facebook.com\/360PhotoBoothPRO.Canada\/\" \/>\n<meta property=\"article:modified_time\" content=\"2025-09-25T13:55:06+00:00\" \/>\n<meta property=\"og:image\" content=\"https:\/\/360photoboothpro.eu\/wp-content\/uploads\/2023\/03\/360-photo-booth-pro-automatic-metal-round-shape-360-camera-booth-360-video-booth-24-social.jpg\" \/>\n<meta name=\"twitter:card\" content=\"summary_large_image\" \/>\n<script type=\"application\/ld+json\" class=\"yoast-schema-graph\">{\"@context\":\"https:\/\/schema.org\",\"@graph\":[{\"@type\":\"WebPage\",\"@id\":\"https:\/\/360photoboothpro.eu\/es\/producto\/360-photo-booth-pro-80-cm-automatic-metal-round-shape-360-camera-booth-360-video-booth\/\",\"url\":\"https:\/\/360photoboothpro.eu\/es\/producto\/360-photo-booth-pro-80-cm-automatic-metal-round-shape-360-camera-booth-360-video-booth\/\",\"name\":\"360 Photo Booth PRO - 80cm AUTOMATICO Metal Forma Redonda (360 camera booth, 360 video booth) - 360PhotoBoothPRO\",\"isPartOf\":{\"@id\":\"https:\/\/360photoboothpro.eu\/es\/#website\"},\"primaryImageOfPage\":{\"@id\":\"https:\/\/360photoboothpro.eu\/es\/producto\/360-photo-booth-pro-80-cm-automatic-metal-round-shape-360-camera-booth-360-video-booth\/#primaryimage\"},\"image\":{\"@id\":\"https:\/\/360photoboothpro.eu\/es\/producto\/360-photo-booth-pro-80-cm-automatic-metal-round-shape-360-camera-booth-360-video-booth\/#primaryimage\"},\"thumbnailUrl\":\"https:\/\/360photoboothpro.eu\/wp-content\/uploads\/2023\/03\/360-photo-booth-pro-automatic-metal-round-shape-360-camera-booth-360-video-booth-24.jpg\",\"datePublished\":\"2023-04-11T09:18:04+00:00\",\"dateModified\":\"2025-09-25T13:55:06+00:00\",\"description\":\"Photo Booth PRO is an online store where you can buy quality 360 Photo Booth PRO - 80cm AUTOMATICO Metal Forma Redonda (360 camera booth, 360 video booth) at an affordable price. Buy now!\",\"breadcrumb\":{\"@id\":\"https:\/\/360photoboothpro.eu\/es\/producto\/360-photo-booth-pro-80-cm-automatic-metal-round-shape-360-camera-booth-360-video-booth\/#breadcrumb\"},\"inLanguage\":\"es\",\"potentialAction\":[{\"@type\":\"ReadAction\",\"target\":[\"https:\/\/360photoboothpro.eu\/es\/producto\/360-photo-booth-pro-80-cm-automatic-metal-round-shape-360-camera-booth-360-video-booth\/\"]}]},{\"@type\":\"ImageObject\",\"inLanguage\":\"es\",\"@id\":\"https:\/\/360photoboothpro.eu\/es\/producto\/360-photo-booth-pro-80-cm-automatic-metal-round-shape-360-camera-booth-360-video-booth\/#primaryimage\",\"url\":\"https:\/\/360photoboothpro.eu\/wp-content\/uploads\/2023\/03\/360-photo-booth-pro-automatic-metal-round-shape-360-camera-booth-360-video-booth-24.jpg\",\"contentUrl\":\"https:\/\/360photoboothpro.eu\/wp-content\/uploads\/2023\/03\/360-photo-booth-pro-automatic-metal-round-shape-360-camera-booth-360-video-booth-24.jpg\",\"width\":1000,\"height\":1000,\"caption\":\"360 video booth pro metal round shape\"},{\"@type\":\"BreadcrumbList\",\"@id\":\"https:\/\/360photoboothpro.eu\/es\/producto\/360-photo-booth-pro-80-cm-automatic-metal-round-shape-360-camera-booth-360-video-booth\/#breadcrumb\",\"itemListElement\":[{\"@type\":\"ListItem\",\"position\":1,\"name\":\"Home\",\"item\":\"https:\/\/360photoboothpro.eu\/es\/\"},{\"@type\":\"ListItem\",\"position\":2,\"name\":\"Tienda\",\"item\":\"https:\/\/360photoboothpro.eu\/es\/tienda\/\"},{\"@type\":\"ListItem\",\"position\":3,\"name\":\"360 Photo Booth PRO &#8211; 80cm AUTOMATICO Metal Forma Redonda (360 camera booth, 360 video booth)\"}]},{\"@type\":\"WebSite\",\"@id\":\"https:\/\/360photoboothpro.eu\/es\/#website\",\"url\":\"https:\/\/360photoboothpro.eu\/es\/\",\"name\":\"360PhotoBoothPRO\",\"description\":\"360PhotoBoothPRO\",\"publisher\":{\"@id\":\"https:\/\/360photoboothpro.eu\/es\/#organization\"},\"potentialAction\":[{\"@type\":\"SearchAction\",\"target\":{\"@type\":\"EntryPoint\",\"urlTemplate\":\"https:\/\/360photoboothpro.eu\/es\/?s={search_term_string}\"},\"query-input\":{\"@type\":\"PropertyValueSpecification\",\"valueRequired\":true,\"valueName\":\"search_term_string\"}}],\"inLanguage\":\"es\"},{\"@type\":\"Organization\",\"@id\":\"https:\/\/360photoboothpro.eu\/es\/#organization\",\"name\":\"360PhotoBoothPRO\",\"url\":\"https:\/\/360photoboothpro.eu\/es\/\",\"logo\":{\"@type\":\"ImageObject\",\"inLanguage\":\"es\",\"@id\":\"https:\/\/360photoboothpro.eu\/es\/#\/schema\/logo\/image\/\",\"url\":\"https:\/\/360photoboothpro.eu\/wp-content\/uploads\/2023\/03\/logo-360photoboothpro-favicon.png\",\"contentUrl\":\"https:\/\/360photoboothpro.eu\/wp-content\/uploads\/2023\/03\/logo-360photoboothpro-favicon.png\",\"width\":317,\"height\":317,\"caption\":\"360PhotoBoothPRO\"},\"image\":{\"@id\":\"https:\/\/360photoboothpro.eu\/es\/#\/schema\/logo\/image\/\"},\"sameAs\":[\"https:\/\/www.facebook.com\/360PhotoBoothPRO.Canada\/\"]}]}<\/script>\n<!-- \/ Yoast SEO plugin. -->","yoast_head_json":{"title":"360 Photo Booth PRO - 80cm AUTOMATICO Metal Forma Redonda (360 camera booth, 360 video booth) - 360PhotoBoothPRO","description":"Photo Booth PRO is an online store where you can buy quality 360 Photo Booth PRO - 80cm AUTOMATICO Metal Forma Redonda (360 camera booth, 360 video booth) at an affordable price. Buy now!","robots":{"index":"index","follow":"follow","max-snippet":"max-snippet:-1","max-image-preview":"max-image-preview:large","max-video-preview":"max-video-preview:-1"},"canonical":"https:\/\/360photoboothpro.eu\/es\/producto\/360-photo-booth-pro-80-cm-automatic-metal-round-shape-360-camera-booth-360-video-booth\/","og_locale":"es_ES","og_type":"article","og_title":"360 Photo Booth PRO - 80cm AUTOMATICO Metal Forma Redonda (360 camera booth, 360 video booth) - 360PhotoBoothPRO","og_description":"Photo Booth PRO is an online store where you can buy quality 360 Photo Booth PRO - 80cm AUTOMATICO Metal Forma Redonda (360 camera booth, 360 video booth) at an affordable price. Buy now!","og_url":"https:\/\/360photoboothpro.eu\/es\/producto\/360-photo-booth-pro-80-cm-automatic-metal-round-shape-360-camera-booth-360-video-booth\/","og_site_name":"360PhotoBoothPRO","article_publisher":"https:\/\/www.facebook.com\/360PhotoBoothPRO.Canada\/","article_modified_time":"2025-09-25T13:55:06+00:00","og_image":[{"url":"https:\/\/360photoboothpro.eu\/wp-content\/uploads\/2023\/03\/360-photo-booth-pro-automatic-metal-round-shape-360-camera-booth-360-video-booth-24-social.jpg"}],"twitter_card":"summary_large_image","schema":{"@context":"https:\/\/schema.org","@graph":[{"@type":"WebPage","@id":"https:\/\/360photoboothpro.eu\/es\/producto\/360-photo-booth-pro-80-cm-automatic-metal-round-shape-360-camera-booth-360-video-booth\/","url":"https:\/\/360photoboothpro.eu\/es\/producto\/360-photo-booth-pro-80-cm-automatic-metal-round-shape-360-camera-booth-360-video-booth\/","name":"360 Photo Booth PRO - 80cm AUTOMATICO Metal Forma Redonda (360 camera booth, 360 video booth) - 360PhotoBoothPRO","isPartOf":{"@id":"https:\/\/360photoboothpro.eu\/es\/#website"},"primaryImageOfPage":{"@id":"https:\/\/360photoboothpro.eu\/es\/producto\/360-photo-booth-pro-80-cm-automatic-metal-round-shape-360-camera-booth-360-video-booth\/#primaryimage"},"image":{"@id":"https:\/\/360photoboothpro.eu\/es\/producto\/360-photo-booth-pro-80-cm-automatic-metal-round-shape-360-camera-booth-360-video-booth\/#primaryimage"},"thumbnailUrl":"https:\/\/360photoboothpro.eu\/wp-content\/uploads\/2023\/03\/360-photo-booth-pro-automatic-metal-round-shape-360-camera-booth-360-video-booth-24.jpg","datePublished":"2023-04-11T09:18:04+00:00","dateModified":"2025-09-25T13:55:06+00:00","description":"Photo Booth PRO is an online store where you can buy quality 360 Photo Booth PRO - 80cm AUTOMATICO Metal Forma Redonda (360 camera booth, 360 video booth) at an affordable price. Buy now!","breadcrumb":{"@id":"https:\/\/360photoboothpro.eu\/es\/producto\/360-photo-booth-pro-80-cm-automatic-metal-round-shape-360-camera-booth-360-video-booth\/#breadcrumb"},"inLanguage":"es","potentialAction":[{"@type":"ReadAction","target":["https:\/\/360photoboothpro.eu\/es\/producto\/360-photo-booth-pro-80-cm-automatic-metal-round-shape-360-camera-booth-360-video-booth\/"]}]},{"@type":"ImageObject","inLanguage":"es","@id":"https:\/\/360photoboothpro.eu\/es\/producto\/360-photo-booth-pro-80-cm-automatic-metal-round-shape-360-camera-booth-360-video-booth\/#primaryimage","url":"https:\/\/360photoboothpro.eu\/wp-content\/uploads\/2023\/03\/360-photo-booth-pro-automatic-metal-round-shape-360-camera-booth-360-video-booth-24.jpg","contentUrl":"https:\/\/360photoboothpro.eu\/wp-content\/uploads\/2023\/03\/360-photo-booth-pro-automatic-metal-round-shape-360-camera-booth-360-video-booth-24.jpg","width":1000,"height":1000,"caption":"360 video booth pro metal round shape"},{"@type":"BreadcrumbList","@id":"https:\/\/360photoboothpro.eu\/es\/producto\/360-photo-booth-pro-80-cm-automatic-metal-round-shape-360-camera-booth-360-video-booth\/#breadcrumb","itemListElement":[{"@type":"ListItem","position":1,"name":"Home","item":"https:\/\/360photoboothpro.eu\/es\/"},{"@type":"ListItem","position":2,"name":"Tienda","item":"https:\/\/360photoboothpro.eu\/es\/tienda\/"},{"@type":"ListItem","position":3,"name":"360 Photo Booth PRO &#8211; 80cm AUTOMATICO Metal Forma Redonda (360 camera booth, 360 video booth)"}]},{"@type":"WebSite","@id":"https:\/\/360photoboothpro.eu\/es\/#website","url":"https:\/\/360photoboothpro.eu\/es\/","name":"360PhotoBoothPRO","description":"360PhotoBoothPRO","publisher":{"@id":"https:\/\/360photoboothpro.eu\/es\/#organization"},"potentialAction":[{"@type":"SearchAction","target":{"@type":"EntryPoint","urlTemplate":"https:\/\/360photoboothpro.eu\/es\/?s={search_term_string}"},"query-input":{"@type":"PropertyValueSpecification","valueRequired":true,"valueName":"search_term_string"}}],"inLanguage":"es"},{"@type":"Organization","@id":"https:\/\/360photoboothpro.eu\/es\/#organization","name":"360PhotoBoothPRO","url":"https:\/\/360photoboothpro.eu\/es\/","logo":{"@type":"ImageObject","inLanguage":"es","@id":"https:\/\/360photoboothpro.eu\/es\/#\/schema\/logo\/image\/","url":"https:\/\/360photoboothpro.eu\/wp-content\/uploads\/2023\/03\/logo-360photoboothpro-favicon.png","contentUrl":"https:\/\/360photoboothpro.eu\/wp-content\/uploads\/2023\/03\/logo-360photoboothpro-favicon.png","width":317,"height":317,"caption":"360PhotoBoothPRO"},"image":{"@id":"https:\/\/360photoboothpro.eu\/es\/#\/schema\/logo\/image\/"},"sameAs":["https:\/\/www.facebook.com\/360PhotoBoothPRO.Canada\/"]}]}},"_links":{"self":[{"href":"https:\/\/360photoboothpro.eu\/es\/wp-json\/wp\/v2\/product\/6162"}],"collection":[{"href":"https:\/\/360photoboothpro.eu\/es\/wp-json\/wp\/v2\/product"}],"about":[{"href":"https:\/\/360photoboothpro.eu\/es\/wp-json\/wp\/v2\/types\/product"}],"replies":[{"embeddable":true,"href":"https:\/\/360photoboothpro.eu\/es\/wp-json\/wp\/v2\/comments?post=6162"}],"wp:featuredmedia":[{"embeddable":true,"href":"https:\/\/360photoboothpro.eu\/es\/wp-json\/wp\/v2\/media\/12625"}],"wp:attachment":[{"href":"https:\/\/360photoboothpro.eu\/es\/wp-json\/wp\/v2\/media?parent=6162"}],"wp:term":[{"taxonomy":"product_cat","embeddable":true,"href":"https:\/\/360photoboothpro.eu\/es\/wp-json\/wp\/v2\/product_cat?post=6162"},{"taxonomy":"product_tag","embeddable":true,"href":"https:\/\/360photoboothpro.eu\/es\/wp-json\/wp\/v2\/product_tag?post=6162"}],"curies":[{"name":"wp","href":"https:\/\/api.w.org\/{rel}","templated":true}]}}