{"id":5379,"date":"2023-03-31T13:28:51","date_gmt":"2023-03-31T11:28:51","guid":{"rendered":"https:\/\/360photoboothpro.eu\/comment-commander\/"},"modified":"2023-12-18T15:11:42","modified_gmt":"2023-12-18T13:11:42","slug":"comment-commander","status":"publish","type":"page","link":"https:\/\/360photoboothpro.eu\/fr\/comment-commander\/","title":{"rendered":"Comment commander"},"content":{"rendered":"\t\t<div data-elementor-type=\"wp-page\" data-elementor-id=\"5379\" class=\"elementor elementor-5379 elementor-3796\" data-elementor-post-type=\"page\">\n\t\t\t\t\t\t<section class=\"elementor-section elementor-top-section elementor-element elementor-element-e86c21d elementor-section-boxed elementor-section-height-default elementor-section-height-default\" data-id=\"e86c21d\" data-element_type=\"section\">\r\n\t\t\r\n\t\t\t\t\t\t\t<div class=\"elementor-container elementor-column-gap-default\">\r\n\t\t\t\t\t\t\t\t\t\t\t<div class=\"elementor-column elementor-col-100 elementor-top-column elementor-element elementor-element-7602985\" data-id=\"7602985\" data-element_type=\"column\">\r\n\t\t\t\t\t<div class=\"elementor-widget-wrap elementor-element-populated\">\r\n\t\t\t\t\t\t\t\t<div class=\"elementor-element elementor-element-85a2f70 elementor-widget elementor-widget-heading\" data-id=\"85a2f70\" data-element_type=\"widget\" data-widget_type=\"heading.default\">\n\t\t\t\t<div class=\"elementor-widget-container\">\n\t\t\t<h2 class=\"elementor-heading-title elementor-size-default\">COMMENT COMMANDER<\/h2>\t\t<\/div>\n\t\t\t\t<\/div>\n\t\t\t\t\t<\/div>\r\n\t\t\t\t<\/div>\r\n\t\t\t\t\t<\/div>\r\n\t\t\t\t<\/section>\r\n\t\t\t\t<section class=\"elementor-section elementor-top-section elementor-element elementor-element-ee8d933 elementor-section-boxed elementor-section-height-default elementor-section-height-default\" data-id=\"ee8d933\" data-element_type=\"section\">\r\n\t\t\r\n\t\t\t\t\t\t\t<div class=\"elementor-container elementor-column-gap-default\">\r\n\t\t\t\t\t\t\t\t\t\t\t<div class=\"elementor-column elementor-col-50 elementor-top-column elementor-element elementor-element-8dfe04f\" data-id=\"8dfe04f\" data-element_type=\"column\">\r\n\t\t\t\t\t<div class=\"elementor-widget-wrap elementor-element-populated\">\r\n\t\t\t\t\t\t\t\t<div class=\"elementor-element elementor-element-1156b38 elementor-widget elementor-widget-text-editor\" data-id=\"1156b38\" data-element_type=\"widget\" data-widget_type=\"text-editor.default\">\n\t\t\t\t<div class=\"elementor-widget-container\">\n\t\t\t\t\t\t\t<p id=\"tw-target-text\" class=\"tw-data-text tw-text-large tw-ta\" dir=\"ltr\" data-placeholder=\"Traducere\"><span class=\"Y2IQFc\" lang=\"en\"><strong>PLACEMENT DES COMMANDES EN LIGNE<\/strong><\/span><\/p>\n<p>Pour ajouter un produit au \u00ab\u00a0panier\u00a0\u00bb, s\u00e9lectionnez le nombre de pi\u00e8ces et appuyez sur le bouton \u00ab\u00a0Ajouter au panier\u00a0\u00bb.<\/p>\n<p>Cliquez ensuite sur \u00ab\u00a0Voir le panier\u00a0\u00bb. Dans le panier d&rsquo;achat, vous verrez le prix final du produit avec toutes les taxes incluses (y compris la TVA de 19 % applicable \u00e0 tous les produits achet\u00e9s en Roumanie).<\/p>\t\t\t\t\t\t<\/div>\n\t\t\t\t<\/div>\n\t\t\t\t\t<\/div>\r\n\t\t\t\t<\/div>\r\n\t\t\t\t<div class=\"elementor-column elementor-col-50 elementor-top-column elementor-element elementor-element-0c699eb\" data-id=\"0c699eb\" data-element_type=\"column\">\r\n\t\t\t\t\t<div class=\"elementor-widget-wrap elementor-element-populated\">\r\n\t\t\t\t\t\t\t\t<div class=\"elementor-element elementor-element-0dedcce elementor-widget elementor-widget-text-editor\" data-id=\"0dedcce\" data-element_type=\"widget\" data-widget_type=\"text-editor.default\">\n\t\t\t\t<div class=\"elementor-widget-container\">\n\t\t\t\t\t\t\t<p>Cliquez sur le bouton \u00ab\u00a0Proceed to checkout\u00a0\u00bb, ajoutez les donn\u00e9es de livraison et terminez la commande en choisissant le mode de paiement et en saisissant les donn\u00e9es de facturation.<\/p>\n<p>Apr\u00e8s avoir envoy\u00e9 la commande, vous recevrez un e-mail confirmant l&rsquo;enregistrement de votre commande.<\/p>\n<p>La commande pass\u00e9e et le produit achet\u00e9 repr\u00e9sentent l&rsquo;acceptation par l&rsquo;acheteur de toutes les conditions et modalit\u00e9s d&rsquo;utilisation du site.<\/p>\n\t\t\t\t\t\t<\/div>\n\t\t\t\t<\/div>\n\t\t\t\t\t<\/div>\r\n\t\t\t\t<\/div>\r\n\t\t\t\t\t<\/div>\r\n\t\t\t\t<\/section>\r\n\t\t\t\t<\/div>\n\t\t","protected":false},"excerpt":{"rendered":"<p>COMMENT COMMANDER PLACEMENT DES COMMANDES EN LIGNE Pour ajouter un produit au \u00ab\u00a0panier\u00a0\u00bb, s\u00e9lectionnez le nombre de pi\u00e8ces et appuyez sur le bouton \u00ab\u00a0Ajouter au panier\u00a0\u00bb. Cliquez ensuite sur \u00ab\u00a0Voir le panier\u00a0\u00bb. Dans le panier d&rsquo;achat, vous verrez le prix final du produit avec toutes les taxes incluses (y compris la TVA de 19 % [&hellip;]<\/p>\n","protected":false},"author":1,"featured_media":0,"parent":0,"menu_order":0,"comment_status":"closed","ping_status":"closed","template":"elementor_header_footer","meta":{"_acf_changed":false,"footnotes":""},"class_list":["post-5379","page","type-page","status-publish","hentry"],"acf":[],"yoast_head":"<!-- This site is optimized with the Yoast SEO plugin v23.5 - https:\/\/yoast.com\/wordpress\/plugins\/seo\/ -->\n<title>Comment commander - 360PhotoBoothPRO<\/title>\n<meta name=\"description\" content=\"Commander en toute simplicit\u00e9 ! Suivez notre guide sur 360 Photo Booth Pro pour une exp\u00e9rience sans faille. Immortalisez des moments inoubliables gr\u00e2ce \u00e0 nos produits innovants.\" \/>\n<meta name=\"robots\" content=\"index, follow, max-snippet:-1, max-image-preview:large, max-video-preview:-1\" \/>\n<link rel=\"canonical\" href=\"https:\/\/360photoboothpro.eu\/fr\/comment-commander\/\" \/>\n<meta property=\"og:locale\" content=\"fr_FR\" \/>\n<meta property=\"og:type\" content=\"article\" \/>\n<meta property=\"og:title\" content=\"Comment commander - 360PhotoBoothPRO\" \/>\n<meta property=\"og:description\" content=\"Commander en toute simplicit\u00e9 ! Suivez notre guide sur 360 Photo Booth Pro pour une exp\u00e9rience sans faille. Immortalisez des moments inoubliables gr\u00e2ce \u00e0 nos produits innovants.\" \/>\n<meta property=\"og:url\" content=\"https:\/\/360photoboothpro.eu\/fr\/comment-commander\/\" \/>\n<meta property=\"og:site_name\" content=\"360PhotoBoothPRO\" \/>\n<meta property=\"article:publisher\" content=\"https:\/\/www.facebook.com\/360PhotoBoothPRO.Canada\/\" \/>\n<meta property=\"article:modified_time\" content=\"2023-12-18T13:11:42+00:00\" \/>\n<meta name=\"twitter:card\" content=\"summary_large_image\" \/>\n<meta name=\"twitter:label1\" content=\"Dur\u00e9e de lecture estim\u00e9e\" \/>\n\t<meta name=\"twitter:data1\" content=\"1 minute\" \/>\n<script type=\"application\/ld+json\" class=\"yoast-schema-graph\">{\"@context\":\"https:\/\/schema.org\",\"@graph\":[{\"@type\":\"WebPage\",\"@id\":\"https:\/\/360photoboothpro.eu\/fr\/comment-commander\/\",\"url\":\"https:\/\/360photoboothpro.eu\/fr\/comment-commander\/\",\"name\":\"Comment commander - 360PhotoBoothPRO\",\"isPartOf\":{\"@id\":\"https:\/\/360photoboothpro.eu\/fr\/#website\"},\"datePublished\":\"2023-03-31T11:28:51+00:00\",\"dateModified\":\"2023-12-18T13:11:42+00:00\",\"description\":\"Commander en toute simplicit\u00e9 ! Suivez notre guide sur 360 Photo Booth Pro pour une exp\u00e9rience sans faille. Immortalisez des moments inoubliables gr\u00e2ce \u00e0 nos produits innovants.\",\"breadcrumb\":{\"@id\":\"https:\/\/360photoboothpro.eu\/fr\/comment-commander\/#breadcrumb\"},\"inLanguage\":\"fr-FR\",\"potentialAction\":[{\"@type\":\"ReadAction\",\"target\":[\"https:\/\/360photoboothpro.eu\/fr\/comment-commander\/\"]}]},{\"@type\":\"BreadcrumbList\",\"@id\":\"https:\/\/360photoboothpro.eu\/fr\/comment-commander\/#breadcrumb\",\"itemListElement\":[{\"@type\":\"ListItem\",\"position\":1,\"name\":\"Home\",\"item\":\"https:\/\/360photoboothpro.eu\/fr\/\"},{\"@type\":\"ListItem\",\"position\":2,\"name\":\"Comment commander\"}]},{\"@type\":\"WebSite\",\"@id\":\"https:\/\/360photoboothpro.eu\/fr\/#website\",\"url\":\"https:\/\/360photoboothpro.eu\/fr\/\",\"name\":\"360PhotoBoothPRO\",\"description\":\"360PhotoBoothPRO\",\"publisher\":{\"@id\":\"https:\/\/360photoboothpro.eu\/fr\/#organization\"},\"potentialAction\":[{\"@type\":\"SearchAction\",\"target\":{\"@type\":\"EntryPoint\",\"urlTemplate\":\"https:\/\/360photoboothpro.eu\/fr\/?s={search_term_string}\"},\"query-input\":{\"@type\":\"PropertyValueSpecification\",\"valueRequired\":true,\"valueName\":\"search_term_string\"}}],\"inLanguage\":\"fr-FR\"},{\"@type\":\"Organization\",\"@id\":\"https:\/\/360photoboothpro.eu\/fr\/#organization\",\"name\":\"360PhotoBoothPRO\",\"url\":\"https:\/\/360photoboothpro.eu\/fr\/\",\"logo\":{\"@type\":\"ImageObject\",\"inLanguage\":\"fr-FR\",\"@id\":\"https:\/\/360photoboothpro.eu\/fr\/#\/schema\/logo\/image\/\",\"url\":\"https:\/\/360photoboothpro.eu\/wp-content\/uploads\/2023\/03\/logo-360photoboothpro-favicon.png\",\"contentUrl\":\"https:\/\/360photoboothpro.eu\/wp-content\/uploads\/2023\/03\/logo-360photoboothpro-favicon.png\",\"width\":317,\"height\":317,\"caption\":\"360PhotoBoothPRO\"},\"image\":{\"@id\":\"https:\/\/360photoboothpro.eu\/fr\/#\/schema\/logo\/image\/\"},\"sameAs\":[\"https:\/\/www.facebook.com\/360PhotoBoothPRO.Canada\/\"]}]}<\/script>\n<!-- \/ Yoast SEO plugin. -->","yoast_head_json":{"title":"Comment commander - 360PhotoBoothPRO","description":"Commander en toute simplicit\u00e9 ! Suivez notre guide sur 360 Photo Booth Pro pour une exp\u00e9rience sans faille. Immortalisez des moments inoubliables gr\u00e2ce \u00e0 nos produits innovants.","robots":{"index":"index","follow":"follow","max-snippet":"max-snippet:-1","max-image-preview":"max-image-preview:large","max-video-preview":"max-video-preview:-1"},"canonical":"https:\/\/360photoboothpro.eu\/fr\/comment-commander\/","og_locale":"fr_FR","og_type":"article","og_title":"Comment commander - 360PhotoBoothPRO","og_description":"Commander en toute simplicit\u00e9 ! Suivez notre guide sur 360 Photo Booth Pro pour une exp\u00e9rience sans faille. Immortalisez des moments inoubliables gr\u00e2ce \u00e0 nos produits innovants.","og_url":"https:\/\/360photoboothpro.eu\/fr\/comment-commander\/","og_site_name":"360PhotoBoothPRO","article_publisher":"https:\/\/www.facebook.com\/360PhotoBoothPRO.Canada\/","article_modified_time":"2023-12-18T13:11:42+00:00","twitter_card":"summary_large_image","twitter_misc":{"Dur\u00e9e de lecture estim\u00e9e":"1 minute"},"schema":{"@context":"https:\/\/schema.org","@graph":[{"@type":"WebPage","@id":"https:\/\/360photoboothpro.eu\/fr\/comment-commander\/","url":"https:\/\/360photoboothpro.eu\/fr\/comment-commander\/","name":"Comment commander - 360PhotoBoothPRO","isPartOf":{"@id":"https:\/\/360photoboothpro.eu\/fr\/#website"},"datePublished":"2023-03-31T11:28:51+00:00","dateModified":"2023-12-18T13:11:42+00:00","description":"Commander en toute simplicit\u00e9 ! Suivez notre guide sur 360 Photo Booth Pro pour une exp\u00e9rience sans faille. Immortalisez des moments inoubliables gr\u00e2ce \u00e0 nos produits innovants.","breadcrumb":{"@id":"https:\/\/360photoboothpro.eu\/fr\/comment-commander\/#breadcrumb"},"inLanguage":"fr-FR","potentialAction":[{"@type":"ReadAction","target":["https:\/\/360photoboothpro.eu\/fr\/comment-commander\/"]}]},{"@type":"BreadcrumbList","@id":"https:\/\/360photoboothpro.eu\/fr\/comment-commander\/#breadcrumb","itemListElement":[{"@type":"ListItem","position":1,"name":"Home","item":"https:\/\/360photoboothpro.eu\/fr\/"},{"@type":"ListItem","position":2,"name":"Comment commander"}]},{"@type":"WebSite","@id":"https:\/\/360photoboothpro.eu\/fr\/#website","url":"https:\/\/360photoboothpro.eu\/fr\/","name":"360PhotoBoothPRO","description":"360PhotoBoothPRO","publisher":{"@id":"https:\/\/360photoboothpro.eu\/fr\/#organization"},"potentialAction":[{"@type":"SearchAction","target":{"@type":"EntryPoint","urlTemplate":"https:\/\/360photoboothpro.eu\/fr\/?s={search_term_string}"},"query-input":{"@type":"PropertyValueSpecification","valueRequired":true,"valueName":"search_term_string"}}],"inLanguage":"fr-FR"},{"@type":"Organization","@id":"https:\/\/360photoboothpro.eu\/fr\/#organization","name":"360PhotoBoothPRO","url":"https:\/\/360photoboothpro.eu\/fr\/","logo":{"@type":"ImageObject","inLanguage":"fr-FR","@id":"https:\/\/360photoboothpro.eu\/fr\/#\/schema\/logo\/image\/","url":"https:\/\/360photoboothpro.eu\/wp-content\/uploads\/2023\/03\/logo-360photoboothpro-favicon.png","contentUrl":"https:\/\/360photoboothpro.eu\/wp-content\/uploads\/2023\/03\/logo-360photoboothpro-favicon.png","width":317,"height":317,"caption":"360PhotoBoothPRO"},"image":{"@id":"https:\/\/360photoboothpro.eu\/fr\/#\/schema\/logo\/image\/"},"sameAs":["https:\/\/www.facebook.com\/360PhotoBoothPRO.Canada\/"]}]}},"_links":{"self":[{"href":"https:\/\/360photoboothpro.eu\/fr\/wp-json\/wp\/v2\/pages\/5379"}],"collection":[{"href":"https:\/\/360photoboothpro.eu\/fr\/wp-json\/wp\/v2\/pages"}],"about":[{"href":"https:\/\/360photoboothpro.eu\/fr\/wp-json\/wp\/v2\/types\/page"}],"author":[{"embeddable":true,"href":"https:\/\/360photoboothpro.eu\/fr\/wp-json\/wp\/v2\/users\/1"}],"replies":[{"embeddable":true,"href":"https:\/\/360photoboothpro.eu\/fr\/wp-json\/wp\/v2\/comments?post=5379"}],"version-history":[{"count":2,"href":"https:\/\/360photoboothpro.eu\/fr\/wp-json\/wp\/v2\/pages\/5379\/revisions"}],"predecessor-version":[{"id":9400,"href":"https:\/\/360photoboothpro.eu\/fr\/wp-json\/wp\/v2\/pages\/5379\/revisions\/9400"}],"wp:attachment":[{"href":"https:\/\/360photoboothpro.eu\/fr\/wp-json\/wp\/v2\/media?parent=5379"}],"curies":[{"name":"wp","href":"https:\/\/api.w.org\/{rel}","templated":true}]}}