{"id":5387,"date":"2023-03-31T13:29:33","date_gmt":"2023-03-31T11:29:33","guid":{"rendered":"https:\/\/360photoboothpro.eu\/comment-payer\/"},"modified":"2023-12-18T15:13:46","modified_gmt":"2023-12-18T13:13:46","slug":"comment-payer","status":"publish","type":"page","link":"https:\/\/360photoboothpro.eu\/fr\/comment-payer\/","title":{"rendered":"COMMENT PAYER"},"content":{"rendered":"\t\t<div data-elementor-type=\"wp-page\" data-elementor-id=\"5387\" class=\"elementor elementor-5387 elementor-3798\" data-elementor-post-type=\"page\">\n\t\t\t\t\t\t<section class=\"elementor-section elementor-top-section elementor-element elementor-element-cdafb3b elementor-section-boxed elementor-section-height-default elementor-section-height-default\" data-id=\"cdafb3b\" data-element_type=\"section\">\r\n\t\t\r\n\t\t\t\t\t\t\t<div class=\"elementor-container elementor-column-gap-default\">\r\n\t\t\t\t\t\t\t\t\t\t\t<div class=\"elementor-column elementor-col-100 elementor-top-column elementor-element elementor-element-af7494b\" data-id=\"af7494b\" data-element_type=\"column\">\r\n\t\t\t\t\t<div class=\"elementor-widget-wrap elementor-element-populated\">\r\n\t\t\t\t\t\t\t\t<div class=\"elementor-element elementor-element-e3821ea elementor-widget elementor-widget-heading\" data-id=\"e3821ea\" data-element_type=\"widget\" data-widget_type=\"heading.default\">\n\t\t\t\t<div class=\"elementor-widget-container\">\n\t\t\t<h2 class=\"elementor-heading-title elementor-size-default\">COMMENT PAYER<\/h2>\t\t<\/div>\n\t\t\t\t<\/div>\n\t\t\t\t\t<\/div>\r\n\t\t\t\t<\/div>\r\n\t\t\t\t\t<\/div>\r\n\t\t\t\t<\/section>\r\n\t\t\t\t<section class=\"elementor-section elementor-top-section elementor-element elementor-element-16e7d26 elementor-section-boxed elementor-section-height-default elementor-section-height-default\" data-id=\"16e7d26\" data-element_type=\"section\">\r\n\t\t\r\n\t\t\t\t\t\t\t<div class=\"elementor-container elementor-column-gap-default\">\r\n\t\t\t\t\t\t\t\t\t\t\t<div class=\"elementor-column elementor-col-50 elementor-top-column elementor-element elementor-element-5dfe3ce\" data-id=\"5dfe3ce\" data-element_type=\"column\">\r\n\t\t\t\t\t<div class=\"elementor-widget-wrap elementor-element-populated\">\r\n\t\t\t\t\t\t\t\t<div class=\"elementor-element elementor-element-ffd9482 elementor-widget elementor-widget-text-editor\" data-id=\"ffd9482\" data-element_type=\"widget\" data-widget_type=\"text-editor.default\">\n\t\t\t\t<div class=\"elementor-widget-container\">\n\t\t\t\t\t\t\t<p><strong>Comment le paiement est-il effectu\u00e9 ?<\/strong><\/p>\n<p><span style=\"color: var(--porto-body-color); letter-spacing: var(--porto-body-ls,0);\">1.) Paiement par virement bancaire, sur le compte bancaire de la soci\u00e9t\u00e9 aupr\u00e8s de la Banca Transilvania (<\/span>Code Swift : BTRLRO22<span style=\"color: var(--porto-body-color); letter-spacing: var(--porto-body-ls,0);\">) Num\u00e9ro de compte : <\/span>RO89BTRLEURCRT0408291301<span style=\"color: var(--porto-body-color); letter-spacing: var(--porto-body-ls,0);\">.<\/span><\/p>\n<p><span style=\"color: var(--porto-body-color); letter-spacing: var(--porto-body-ls,0);\">Le d\u00e9lai de livraison commence \u00e0 courir \u00e0 partir du moment o\u00f9 le montant total a \u00e9t\u00e9 vers\u00e9 sur notre compte.<\/span><\/p>\n\t\t\t\t\t\t<\/div>\n\t\t\t\t<\/div>\n\t\t\t\t\t<\/div>\r\n\t\t\t\t<\/div>\r\n\t\t\t\t<div class=\"elementor-column elementor-col-50 elementor-top-column elementor-element elementor-element-95ff5c7\" data-id=\"95ff5c7\" data-element_type=\"column\">\r\n\t\t\t\t\t<div class=\"elementor-widget-wrap elementor-element-populated\">\r\n\t\t\t\t\t\t\t\t<div class=\"elementor-element elementor-element-61a4c84 elementor-widget elementor-widget-text-editor\" data-id=\"61a4c84\" data-element_type=\"widget\" data-widget_type=\"text-editor.default\">\n\t\t\t\t<div class=\"elementor-widget-container\">\n\t\t\t\t\t\t\t<p>2. Paiement par carte en ligne<\/p>\n<p>Le paiement par carte en ligne peut \u00eatre effectu\u00e9 en utilisant les services de STRIPE.&nbsp;<\/p>\n<p>La protection et la confidentialit\u00e9 des donn\u00e9es saisies sont ainsi assur\u00e9es au plus haut degr\u00e9.<\/p>\t\t\t\t\t\t<\/div>\n\t\t\t\t<\/div>\n\t\t\t\t\t<\/div>\r\n\t\t\t\t<\/div>\r\n\t\t\t\t\t<\/div>\r\n\t\t\t\t<\/section>\r\n\t\t\t\t<\/div>\n\t\t","protected":false},"excerpt":{"rendered":"<p>COMMENT PAYER Comment le paiement est-il effectu\u00e9 ? 1.) Paiement par virement bancaire, sur le compte bancaire de la soci\u00e9t\u00e9 aupr\u00e8s de la Banca Transilvania (Code Swift : BTRLRO22) Num\u00e9ro de compte : RO89BTRLEURCRT0408291301. Le d\u00e9lai de livraison commence \u00e0 courir \u00e0 partir du moment o\u00f9 le montant total a \u00e9t\u00e9 vers\u00e9 sur notre compte. [&hellip;]<\/p>\n","protected":false},"author":1,"featured_media":0,"parent":0,"menu_order":0,"comment_status":"closed","ping_status":"closed","template":"elementor_header_footer","meta":{"_acf_changed":false,"footnotes":""},"class_list":["post-5387","page","type-page","status-publish","hentry"],"acf":[],"yoast_head":"<!-- This site is optimized with the Yoast SEO plugin v23.5 - https:\/\/yoast.com\/wordpress\/plugins\/seo\/ -->\n<title>COMMENT PAYER - 360PhotoBoothPRO<\/title>\n<meta name=\"description\" content=\"Options de paiement s\u00e9curis\u00e9es et pratiques chez 360 Photo Booth Pro. Faciliter les transactions. Donnez du relief \u00e0 vos \u00e9v\u00e9nements gr\u00e2ce \u00e0 nos produits innovants.\" \/>\n<meta name=\"robots\" content=\"index, follow, max-snippet:-1, max-image-preview:large, max-video-preview:-1\" \/>\n<link rel=\"canonical\" href=\"https:\/\/360photoboothpro.eu\/fr\/comment-payer\/\" \/>\n<meta property=\"og:locale\" content=\"fr_FR\" \/>\n<meta property=\"og:type\" content=\"article\" \/>\n<meta property=\"og:title\" content=\"COMMENT PAYER - 360PhotoBoothPRO\" \/>\n<meta property=\"og:description\" content=\"Options de paiement s\u00e9curis\u00e9es et pratiques chez 360 Photo Booth Pro. Faciliter les transactions. Donnez du relief \u00e0 vos \u00e9v\u00e9nements gr\u00e2ce \u00e0 nos produits innovants.\" \/>\n<meta property=\"og:url\" content=\"https:\/\/360photoboothpro.eu\/fr\/comment-payer\/\" \/>\n<meta property=\"og:site_name\" content=\"360PhotoBoothPRO\" \/>\n<meta property=\"article:publisher\" content=\"https:\/\/www.facebook.com\/360PhotoBoothPRO.Canada\/\" \/>\n<meta property=\"article:modified_time\" content=\"2023-12-18T13:13:46+00:00\" \/>\n<meta name=\"twitter:card\" content=\"summary_large_image\" \/>\n<script type=\"application\/ld+json\" class=\"yoast-schema-graph\">{\"@context\":\"https:\/\/schema.org\",\"@graph\":[{\"@type\":\"WebPage\",\"@id\":\"https:\/\/360photoboothpro.eu\/fr\/comment-payer\/\",\"url\":\"https:\/\/360photoboothpro.eu\/fr\/comment-payer\/\",\"name\":\"COMMENT PAYER - 360PhotoBoothPRO\",\"isPartOf\":{\"@id\":\"https:\/\/360photoboothpro.eu\/fr\/#website\"},\"datePublished\":\"2023-03-31T11:29:33+00:00\",\"dateModified\":\"2023-12-18T13:13:46+00:00\",\"description\":\"Options de paiement s\u00e9curis\u00e9es et pratiques chez 360 Photo Booth Pro. Faciliter les transactions. Donnez du relief \u00e0 vos \u00e9v\u00e9nements gr\u00e2ce \u00e0 nos produits innovants.\",\"breadcrumb\":{\"@id\":\"https:\/\/360photoboothpro.eu\/fr\/comment-payer\/#breadcrumb\"},\"inLanguage\":\"fr-FR\",\"potentialAction\":[{\"@type\":\"ReadAction\",\"target\":[\"https:\/\/360photoboothpro.eu\/fr\/comment-payer\/\"]}]},{\"@type\":\"BreadcrumbList\",\"@id\":\"https:\/\/360photoboothpro.eu\/fr\/comment-payer\/#breadcrumb\",\"itemListElement\":[{\"@type\":\"ListItem\",\"position\":1,\"name\":\"Home\",\"item\":\"https:\/\/360photoboothpro.eu\/fr\/\"},{\"@type\":\"ListItem\",\"position\":2,\"name\":\"COMMENT PAYER\"}]},{\"@type\":\"WebSite\",\"@id\":\"https:\/\/360photoboothpro.eu\/fr\/#website\",\"url\":\"https:\/\/360photoboothpro.eu\/fr\/\",\"name\":\"360PhotoBoothPRO\",\"description\":\"360PhotoBoothPRO\",\"publisher\":{\"@id\":\"https:\/\/360photoboothpro.eu\/fr\/#organization\"},\"potentialAction\":[{\"@type\":\"SearchAction\",\"target\":{\"@type\":\"EntryPoint\",\"urlTemplate\":\"https:\/\/360photoboothpro.eu\/fr\/?s={search_term_string}\"},\"query-input\":{\"@type\":\"PropertyValueSpecification\",\"valueRequired\":true,\"valueName\":\"search_term_string\"}}],\"inLanguage\":\"fr-FR\"},{\"@type\":\"Organization\",\"@id\":\"https:\/\/360photoboothpro.eu\/fr\/#organization\",\"name\":\"360PhotoBoothPRO\",\"url\":\"https:\/\/360photoboothpro.eu\/fr\/\",\"logo\":{\"@type\":\"ImageObject\",\"inLanguage\":\"fr-FR\",\"@id\":\"https:\/\/360photoboothpro.eu\/fr\/#\/schema\/logo\/image\/\",\"url\":\"https:\/\/360photoboothpro.eu\/wp-content\/uploads\/2023\/03\/logo-360photoboothpro-favicon.png\",\"contentUrl\":\"https:\/\/360photoboothpro.eu\/wp-content\/uploads\/2023\/03\/logo-360photoboothpro-favicon.png\",\"width\":317,\"height\":317,\"caption\":\"360PhotoBoothPRO\"},\"image\":{\"@id\":\"https:\/\/360photoboothpro.eu\/fr\/#\/schema\/logo\/image\/\"},\"sameAs\":[\"https:\/\/www.facebook.com\/360PhotoBoothPRO.Canada\/\"]}]}<\/script>\n<!-- \/ Yoast SEO plugin. -->","yoast_head_json":{"title":"COMMENT PAYER - 360PhotoBoothPRO","description":"Options de paiement s\u00e9curis\u00e9es et pratiques chez 360 Photo Booth Pro. Faciliter les transactions. Donnez du relief \u00e0 vos \u00e9v\u00e9nements gr\u00e2ce \u00e0 nos produits innovants.","robots":{"index":"index","follow":"follow","max-snippet":"max-snippet:-1","max-image-preview":"max-image-preview:large","max-video-preview":"max-video-preview:-1"},"canonical":"https:\/\/360photoboothpro.eu\/fr\/comment-payer\/","og_locale":"fr_FR","og_type":"article","og_title":"COMMENT PAYER - 360PhotoBoothPRO","og_description":"Options de paiement s\u00e9curis\u00e9es et pratiques chez 360 Photo Booth Pro. Faciliter les transactions. Donnez du relief \u00e0 vos \u00e9v\u00e9nements gr\u00e2ce \u00e0 nos produits innovants.","og_url":"https:\/\/360photoboothpro.eu\/fr\/comment-payer\/","og_site_name":"360PhotoBoothPRO","article_publisher":"https:\/\/www.facebook.com\/360PhotoBoothPRO.Canada\/","article_modified_time":"2023-12-18T13:13:46+00:00","twitter_card":"summary_large_image","schema":{"@context":"https:\/\/schema.org","@graph":[{"@type":"WebPage","@id":"https:\/\/360photoboothpro.eu\/fr\/comment-payer\/","url":"https:\/\/360photoboothpro.eu\/fr\/comment-payer\/","name":"COMMENT PAYER - 360PhotoBoothPRO","isPartOf":{"@id":"https:\/\/360photoboothpro.eu\/fr\/#website"},"datePublished":"2023-03-31T11:29:33+00:00","dateModified":"2023-12-18T13:13:46+00:00","description":"Options de paiement s\u00e9curis\u00e9es et pratiques chez 360 Photo Booth Pro. Faciliter les transactions. Donnez du relief \u00e0 vos \u00e9v\u00e9nements gr\u00e2ce \u00e0 nos produits innovants.","breadcrumb":{"@id":"https:\/\/360photoboothpro.eu\/fr\/comment-payer\/#breadcrumb"},"inLanguage":"fr-FR","potentialAction":[{"@type":"ReadAction","target":["https:\/\/360photoboothpro.eu\/fr\/comment-payer\/"]}]},{"@type":"BreadcrumbList","@id":"https:\/\/360photoboothpro.eu\/fr\/comment-payer\/#breadcrumb","itemListElement":[{"@type":"ListItem","position":1,"name":"Home","item":"https:\/\/360photoboothpro.eu\/fr\/"},{"@type":"ListItem","position":2,"name":"COMMENT PAYER"}]},{"@type":"WebSite","@id":"https:\/\/360photoboothpro.eu\/fr\/#website","url":"https:\/\/360photoboothpro.eu\/fr\/","name":"360PhotoBoothPRO","description":"360PhotoBoothPRO","publisher":{"@id":"https:\/\/360photoboothpro.eu\/fr\/#organization"},"potentialAction":[{"@type":"SearchAction","target":{"@type":"EntryPoint","urlTemplate":"https:\/\/360photoboothpro.eu\/fr\/?s={search_term_string}"},"query-input":{"@type":"PropertyValueSpecification","valueRequired":true,"valueName":"search_term_string"}}],"inLanguage":"fr-FR"},{"@type":"Organization","@id":"https:\/\/360photoboothpro.eu\/fr\/#organization","name":"360PhotoBoothPRO","url":"https:\/\/360photoboothpro.eu\/fr\/","logo":{"@type":"ImageObject","inLanguage":"fr-FR","@id":"https:\/\/360photoboothpro.eu\/fr\/#\/schema\/logo\/image\/","url":"https:\/\/360photoboothpro.eu\/wp-content\/uploads\/2023\/03\/logo-360photoboothpro-favicon.png","contentUrl":"https:\/\/360photoboothpro.eu\/wp-content\/uploads\/2023\/03\/logo-360photoboothpro-favicon.png","width":317,"height":317,"caption":"360PhotoBoothPRO"},"image":{"@id":"https:\/\/360photoboothpro.eu\/fr\/#\/schema\/logo\/image\/"},"sameAs":["https:\/\/www.facebook.com\/360PhotoBoothPRO.Canada\/"]}]}},"_links":{"self":[{"href":"https:\/\/360photoboothpro.eu\/fr\/wp-json\/wp\/v2\/pages\/5387"}],"collection":[{"href":"https:\/\/360photoboothpro.eu\/fr\/wp-json\/wp\/v2\/pages"}],"about":[{"href":"https:\/\/360photoboothpro.eu\/fr\/wp-json\/wp\/v2\/types\/page"}],"author":[{"embeddable":true,"href":"https:\/\/360photoboothpro.eu\/fr\/wp-json\/wp\/v2\/users\/1"}],"replies":[{"embeddable":true,"href":"https:\/\/360photoboothpro.eu\/fr\/wp-json\/wp\/v2\/comments?post=5387"}],"version-history":[{"count":2,"href":"https:\/\/360photoboothpro.eu\/fr\/wp-json\/wp\/v2\/pages\/5387\/revisions"}],"predecessor-version":[{"id":9429,"href":"https:\/\/360photoboothpro.eu\/fr\/wp-json\/wp\/v2\/pages\/5387\/revisions\/9429"}],"wp:attachment":[{"href":"https:\/\/360photoboothpro.eu\/fr\/wp-json\/wp\/v2\/media?parent=5387"}],"curies":[{"name":"wp","href":"https:\/\/api.w.org\/{rel}","templated":true}]}}