{"id":5398,"date":"2023-04-25T09:32:41","date_gmt":"2023-04-25T07:32:41","guid":{"rendered":"https:\/\/360photoboothpro.eu\/a-propos-de-nous\/"},"modified":"2025-03-12T09:23:18","modified_gmt":"2025-03-12T07:23:18","slug":"a-propos-de-nous","status":"publish","type":"page","link":"https:\/\/360photoboothpro.eu\/fr\/a-propos-de-nous\/","title":{"rendered":"A propos de nous"},"content":{"rendered":"\t\t<div data-elementor-type=\"wp-page\" data-elementor-id=\"5398\" class=\"elementor elementor-5398 elementor-4830\" data-elementor-post-type=\"page\">\n\t\t\t\t\t\t<section class=\"elementor-section elementor-top-section elementor-element elementor-element-247f217 elementor-section-boxed elementor-section-height-default elementor-section-height-default\" data-id=\"247f217\" data-element_type=\"section\">\r\n\t\t\r\n\t\t\t\t\t\t\t<div class=\"elementor-container elementor-column-gap-default\">\r\n\t\t\t\t\t\t\t\t\t\t\t<div class=\"elementor-column elementor-col-100 elementor-top-column elementor-element elementor-element-0705ce1\" data-id=\"0705ce1\" data-element_type=\"column\">\r\n\t\t\t\t\t<div class=\"elementor-widget-wrap elementor-element-populated\">\r\n\t\t\t\t\t\t\t\t<div class=\"elementor-element elementor-element-712c1a2 elementor-widget elementor-widget-porto_ultimate_heading\" data-id=\"712c1a2\" data-element_type=\"widget\" data-widget_type=\"porto_ultimate_heading.default\">\n\t\t\t\t<div class=\"elementor-widget-container\">\n\t\t\t<div class=\"porto-u-heading  porto-u-8424\"><div class=\"porto-u-main-heading\"><h2   >A propos de nous<\/h2><\/div><style>.porto-u-8424.porto-u-heading{text-align:center}<\/style><\/div>\t\t<\/div>\n\t\t\t\t<\/div>\n\t\t\t\t<div class=\"elementor-element elementor-element-6fbd8bb elementor-widget elementor-widget-text-editor\" data-id=\"6fbd8bb\" data-element_type=\"widget\" data-widget_type=\"text-editor.default\">\n\t\t\t\t<div class=\"elementor-widget-container\">\n\t\t\t\t\t\t\t<p>Nous avons cr\u00e9\u00e9 cette soci\u00e9t\u00e9, NOVO BEST CONCEPT TEAM, avec une id\u00e9e : offrir des plateformes 360 Photo Booth PRO au MEILLEUR prix possible. \u00c0 partir de l\u00e0, nous avons fait tout ce qui \u00e9tait en notre pouvoir pour optimiser les co\u00fbts afin de pouvoir vous offrir des produits au meilleur rapport qualit\u00e9-prix.<\/p>\n<p>Nous voulons cr\u00e9er des opportunit\u00e9s \u00e9conomiques pour plus de 25 000 entreprises du monde entier.&nbsp;<\/p>\n<p>Notre entreprise est situ\u00e9e \u00e0 Bucuresti, Calea Mosilor, nr. 88, sc. F, ap. 82, Secteur 3, Roumanie.<\/p>\n<p>Nous sommes les SEULS EN EUROPE \u00e0 proposer des plateformes 360 Camera Booth avec une GARANTIE de 2 ANS et la possibilit\u00e9 d&rsquo;\u00e9tendre la garantie jusqu&rsquo;\u00e0 3 ans, et tant que le produit est sous garantie, nous allons chercher le produit d\u00e9fectueux GRATUITEMENT pour le mettre en service et remplacer la plateforme pendant la dur\u00e9e de la r\u00e9paration.<\/p>\n<p>Nous sommes \u00e9galement tr\u00e8s fiers des produits que nous proposons. Nous v\u00e9rifions et testons chaque plateforme 360VideoBooth PRO avant la livraison.<\/p>\n<p>Nous avons commenc\u00e9 cette belle aventure avec des boutiques en ligne bas\u00e9es au Canada et en Roumanie.<\/p>\n<p>Quelle est la prochaine \u00e9tape ? Nous voulons \u00e9tendre nos services dans le monde entier. Apr\u00e8s le Canada et l&rsquo;Europe, nous ouvrirons de nouveaux magasins au Royaume-Uni, aux \u00c9tats-Unis et en Am\u00e9rique du Sud.<\/p>\t\t\t\t\t\t<\/div>\n\t\t\t\t<\/div>\n\t\t\t\t\t<\/div>\r\n\t\t\t\t<\/div>\r\n\t\t\t\t\t<\/div>\r\n\t\t\t\t<\/section>\r\n\t\t\t\t<\/div>\n\t\t","protected":false},"excerpt":{"rendered":"<p>A propos de nous Nous avons cr\u00e9\u00e9 cette soci\u00e9t\u00e9, NOVO BEST CONCEPT TEAM, avec une id\u00e9e : offrir des plateformes 360 Photo Booth PRO au MEILLEUR prix possible. \u00c0 partir de l\u00e0, nous avons fait tout ce qui \u00e9tait en notre pouvoir pour optimiser les co\u00fbts afin de pouvoir vous offrir des produits au meilleur [&hellip;]<\/p>\n","protected":false},"author":1,"featured_media":0,"parent":0,"menu_order":0,"comment_status":"closed","ping_status":"closed","template":"elementor_header_footer","meta":{"_acf_changed":false,"footnotes":""},"class_list":["post-5398","page","type-page","status-publish","hentry"],"acf":[],"yoast_head":"<!-- This site is optimized with the Yoast SEO plugin v23.5 - https:\/\/yoast.com\/wordpress\/plugins\/seo\/ -->\n<title>A propos de nous - 360PhotoBoothPRO<\/title>\n<meta name=\"description\" content=\"D\u00e9couvrez notre histoire sur 360 Photo Booth Pro. D\u00e9couvrez notre mission et notre engagement \u00e0 fournir des solutions de photomaton de qualit\u00e9 sup\u00e9rieure. Rejoignez-nous pour immortaliser ces moments.\" \/>\n<meta name=\"robots\" content=\"index, follow, max-snippet:-1, max-image-preview:large, max-video-preview:-1\" \/>\n<link rel=\"canonical\" href=\"https:\/\/360photoboothpro.eu\/fr\/a-propos-de-nous\/\" \/>\n<meta property=\"og:locale\" content=\"fr_FR\" \/>\n<meta property=\"og:type\" content=\"article\" \/>\n<meta property=\"og:title\" content=\"A propos de nous - 360PhotoBoothPRO\" \/>\n<meta property=\"og:description\" content=\"D\u00e9couvrez notre histoire sur 360 Photo Booth Pro. D\u00e9couvrez notre mission et notre engagement \u00e0 fournir des solutions de photomaton de qualit\u00e9 sup\u00e9rieure. Rejoignez-nous pour immortaliser ces moments.\" \/>\n<meta property=\"og:url\" content=\"https:\/\/360photoboothpro.eu\/fr\/a-propos-de-nous\/\" \/>\n<meta property=\"og:site_name\" content=\"360PhotoBoothPRO\" \/>\n<meta property=\"article:publisher\" content=\"https:\/\/www.facebook.com\/360PhotoBoothPRO.Canada\/\" \/>\n<meta property=\"article:modified_time\" content=\"2025-03-12T07:23:18+00:00\" \/>\n<meta name=\"twitter:card\" content=\"summary_large_image\" \/>\n<meta name=\"twitter:label1\" content=\"Dur\u00e9e de lecture estim\u00e9e\" \/>\n\t<meta name=\"twitter:data1\" content=\"1 minute\" \/>\n<script type=\"application\/ld+json\" class=\"yoast-schema-graph\">{\"@context\":\"https:\/\/schema.org\",\"@graph\":[{\"@type\":\"WebPage\",\"@id\":\"https:\/\/360photoboothpro.eu\/fr\/a-propos-de-nous\/\",\"url\":\"https:\/\/360photoboothpro.eu\/fr\/a-propos-de-nous\/\",\"name\":\"A propos de nous - 360PhotoBoothPRO\",\"isPartOf\":{\"@id\":\"https:\/\/360photoboothpro.eu\/fr\/#website\"},\"datePublished\":\"2023-04-25T07:32:41+00:00\",\"dateModified\":\"2025-03-12T07:23:18+00:00\",\"description\":\"D\u00e9couvrez notre histoire sur 360 Photo Booth Pro. D\u00e9couvrez notre mission et notre engagement \u00e0 fournir des solutions de photomaton de qualit\u00e9 sup\u00e9rieure. Rejoignez-nous pour immortaliser ces moments.\",\"breadcrumb\":{\"@id\":\"https:\/\/360photoboothpro.eu\/fr\/a-propos-de-nous\/#breadcrumb\"},\"inLanguage\":\"fr-FR\",\"potentialAction\":[{\"@type\":\"ReadAction\",\"target\":[\"https:\/\/360photoboothpro.eu\/fr\/a-propos-de-nous\/\"]}]},{\"@type\":\"BreadcrumbList\",\"@id\":\"https:\/\/360photoboothpro.eu\/fr\/a-propos-de-nous\/#breadcrumb\",\"itemListElement\":[{\"@type\":\"ListItem\",\"position\":1,\"name\":\"Home\",\"item\":\"https:\/\/360photoboothpro.eu\/fr\/\"},{\"@type\":\"ListItem\",\"position\":2,\"name\":\"A propos de nous\"}]},{\"@type\":\"WebSite\",\"@id\":\"https:\/\/360photoboothpro.eu\/fr\/#website\",\"url\":\"https:\/\/360photoboothpro.eu\/fr\/\",\"name\":\"360PhotoBoothPRO\",\"description\":\"360PhotoBoothPRO\",\"publisher\":{\"@id\":\"https:\/\/360photoboothpro.eu\/fr\/#organization\"},\"potentialAction\":[{\"@type\":\"SearchAction\",\"target\":{\"@type\":\"EntryPoint\",\"urlTemplate\":\"https:\/\/360photoboothpro.eu\/fr\/?s={search_term_string}\"},\"query-input\":{\"@type\":\"PropertyValueSpecification\",\"valueRequired\":true,\"valueName\":\"search_term_string\"}}],\"inLanguage\":\"fr-FR\"},{\"@type\":\"Organization\",\"@id\":\"https:\/\/360photoboothpro.eu\/fr\/#organization\",\"name\":\"360PhotoBoothPRO\",\"url\":\"https:\/\/360photoboothpro.eu\/fr\/\",\"logo\":{\"@type\":\"ImageObject\",\"inLanguage\":\"fr-FR\",\"@id\":\"https:\/\/360photoboothpro.eu\/fr\/#\/schema\/logo\/image\/\",\"url\":\"https:\/\/360photoboothpro.eu\/wp-content\/uploads\/2023\/03\/logo-360photoboothpro-favicon.png\",\"contentUrl\":\"https:\/\/360photoboothpro.eu\/wp-content\/uploads\/2023\/03\/logo-360photoboothpro-favicon.png\",\"width\":317,\"height\":317,\"caption\":\"360PhotoBoothPRO\"},\"image\":{\"@id\":\"https:\/\/360photoboothpro.eu\/fr\/#\/schema\/logo\/image\/\"},\"sameAs\":[\"https:\/\/www.facebook.com\/360PhotoBoothPRO.Canada\/\"]}]}<\/script>\n<!-- \/ Yoast SEO plugin. -->","yoast_head_json":{"title":"A propos de nous - 360PhotoBoothPRO","description":"D\u00e9couvrez notre histoire sur 360 Photo Booth Pro. D\u00e9couvrez notre mission et notre engagement \u00e0 fournir des solutions de photomaton de qualit\u00e9 sup\u00e9rieure. Rejoignez-nous pour immortaliser ces moments.","robots":{"index":"index","follow":"follow","max-snippet":"max-snippet:-1","max-image-preview":"max-image-preview:large","max-video-preview":"max-video-preview:-1"},"canonical":"https:\/\/360photoboothpro.eu\/fr\/a-propos-de-nous\/","og_locale":"fr_FR","og_type":"article","og_title":"A propos de nous - 360PhotoBoothPRO","og_description":"D\u00e9couvrez notre histoire sur 360 Photo Booth Pro. D\u00e9couvrez notre mission et notre engagement \u00e0 fournir des solutions de photomaton de qualit\u00e9 sup\u00e9rieure. Rejoignez-nous pour immortaliser ces moments.","og_url":"https:\/\/360photoboothpro.eu\/fr\/a-propos-de-nous\/","og_site_name":"360PhotoBoothPRO","article_publisher":"https:\/\/www.facebook.com\/360PhotoBoothPRO.Canada\/","article_modified_time":"2025-03-12T07:23:18+00:00","twitter_card":"summary_large_image","twitter_misc":{"Dur\u00e9e de lecture estim\u00e9e":"1 minute"},"schema":{"@context":"https:\/\/schema.org","@graph":[{"@type":"WebPage","@id":"https:\/\/360photoboothpro.eu\/fr\/a-propos-de-nous\/","url":"https:\/\/360photoboothpro.eu\/fr\/a-propos-de-nous\/","name":"A propos de nous - 360PhotoBoothPRO","isPartOf":{"@id":"https:\/\/360photoboothpro.eu\/fr\/#website"},"datePublished":"2023-04-25T07:32:41+00:00","dateModified":"2025-03-12T07:23:18+00:00","description":"D\u00e9couvrez notre histoire sur 360 Photo Booth Pro. D\u00e9couvrez notre mission et notre engagement \u00e0 fournir des solutions de photomaton de qualit\u00e9 sup\u00e9rieure. Rejoignez-nous pour immortaliser ces moments.","breadcrumb":{"@id":"https:\/\/360photoboothpro.eu\/fr\/a-propos-de-nous\/#breadcrumb"},"inLanguage":"fr-FR","potentialAction":[{"@type":"ReadAction","target":["https:\/\/360photoboothpro.eu\/fr\/a-propos-de-nous\/"]}]},{"@type":"BreadcrumbList","@id":"https:\/\/360photoboothpro.eu\/fr\/a-propos-de-nous\/#breadcrumb","itemListElement":[{"@type":"ListItem","position":1,"name":"Home","item":"https:\/\/360photoboothpro.eu\/fr\/"},{"@type":"ListItem","position":2,"name":"A propos de nous"}]},{"@type":"WebSite","@id":"https:\/\/360photoboothpro.eu\/fr\/#website","url":"https:\/\/360photoboothpro.eu\/fr\/","name":"360PhotoBoothPRO","description":"360PhotoBoothPRO","publisher":{"@id":"https:\/\/360photoboothpro.eu\/fr\/#organization"},"potentialAction":[{"@type":"SearchAction","target":{"@type":"EntryPoint","urlTemplate":"https:\/\/360photoboothpro.eu\/fr\/?s={search_term_string}"},"query-input":{"@type":"PropertyValueSpecification","valueRequired":true,"valueName":"search_term_string"}}],"inLanguage":"fr-FR"},{"@type":"Organization","@id":"https:\/\/360photoboothpro.eu\/fr\/#organization","name":"360PhotoBoothPRO","url":"https:\/\/360photoboothpro.eu\/fr\/","logo":{"@type":"ImageObject","inLanguage":"fr-FR","@id":"https:\/\/360photoboothpro.eu\/fr\/#\/schema\/logo\/image\/","url":"https:\/\/360photoboothpro.eu\/wp-content\/uploads\/2023\/03\/logo-360photoboothpro-favicon.png","contentUrl":"https:\/\/360photoboothpro.eu\/wp-content\/uploads\/2023\/03\/logo-360photoboothpro-favicon.png","width":317,"height":317,"caption":"360PhotoBoothPRO"},"image":{"@id":"https:\/\/360photoboothpro.eu\/fr\/#\/schema\/logo\/image\/"},"sameAs":["https:\/\/www.facebook.com\/360PhotoBoothPRO.Canada\/"]}]}},"_links":{"self":[{"href":"https:\/\/360photoboothpro.eu\/fr\/wp-json\/wp\/v2\/pages\/5398"}],"collection":[{"href":"https:\/\/360photoboothpro.eu\/fr\/wp-json\/wp\/v2\/pages"}],"about":[{"href":"https:\/\/360photoboothpro.eu\/fr\/wp-json\/wp\/v2\/types\/page"}],"author":[{"embeddable":true,"href":"https:\/\/360photoboothpro.eu\/fr\/wp-json\/wp\/v2\/users\/1"}],"replies":[{"embeddable":true,"href":"https:\/\/360photoboothpro.eu\/fr\/wp-json\/wp\/v2\/comments?post=5398"}],"version-history":[{"count":7,"href":"https:\/\/360photoboothpro.eu\/fr\/wp-json\/wp\/v2\/pages\/5398\/revisions"}],"predecessor-version":[{"id":14636,"href":"https:\/\/360photoboothpro.eu\/fr\/wp-json\/wp\/v2\/pages\/5398\/revisions\/14636"}],"wp:attachment":[{"href":"https:\/\/360photoboothpro.eu\/fr\/wp-json\/wp\/v2\/media?parent=5398"}],"curies":[{"name":"wp","href":"https:\/\/api.w.org\/{rel}","templated":true}]}}