{"id":10724,"date":"2023-10-09T20:12:51","date_gmt":"2023-10-09T18:12:51","guid":{"rendered":"https:\/\/360photoboothpro.eu\/?post_type=product&#038;p=10724"},"modified":"2024-03-07T11:32:23","modified_gmt":"2024-03-07T09:32:23","slug":"passer-a-la-gopro-12","status":"publish","type":"product","link":"https:\/\/360photoboothpro.eu\/fr\/produit\/passer-a-la-gopro-12\/","title":{"rendered":"UPGRADE \u00e0 GoPro 12"},"content":{"rendered":"<p>Ce produit peut \u00eatre achet\u00e9 UNIQUEMENT avec l&rsquo;<a href=\"https:\/\/360photoboothpro.eu\/product\/upgrade-to-full-plug-play-package\/\">ensemble complet Plug &amp; Play<\/a>.<\/p>\n<p>L&rsquo;achat de cette mise \u00e0 niveau implique le remplacement du GoPRO 10 Black par le GoPRO 12 Black.<\/p>\n","protected":false},"excerpt":{"rendered":"<p>Ce produit peut \u00eatre achet\u00e9 UNIQUEMENT avec l&rsquo;<a href=\"https:\/\/360photoboothpro.eu\/product\/upgrade-to-full-plug-play-package\/\">ensemble complet Plug &amp; Play<\/a>.<\/p>\n","protected":false},"featured_media":13088,"comment_status":"open","ping_status":"closed","template":"","meta":{"_acf_changed":false},"product_cat":[150],"product_tag":[124,125,128,131,129,130,132,133,127,126,134,123],"class_list":{"0":"post-10724","1":"product","2":"type-product","3":"status-publish","4":"has-post-thumbnail","6":"product_cat-ameliorations-pour-les-plates-formes-360","7":"product_tag-cabine-360-a-vendre","8":"product_tag-cabine-avec-camera-360","9":"product_tag-cabine-photo-360","10":"product_tag-cabine-photo-360-fr","11":"product_tag-cabine-photo-360-a-vendre","12":"product_tag-cabine-selfie-360","13":"product_tag-cabine-video-360","14":"product_tag-cabine-video-360-a-vendre","15":"product_tag-photomaton-a-360-degres","16":"product_tag-photomaton-avec-camera-360","17":"product_tag-photomaton-rotatif","18":"product_tag-stand-360","20":"first","21":"instock","22":"taxable","23":"shipping-taxable","24":"purchasable","25":"product-type-simple"},"acf":[],"yoast_head":"<!-- This site is optimized with the Yoast SEO plugin v23.5 - https:\/\/yoast.com\/wordpress\/plugins\/seo\/ -->\n<title>UPGRADE \u00e0 GoPro 12 - 360PhotoBoothPRO<\/title>\n<meta name=\"description\" content=\"Photo Booth PRO is an online store where you can buy quality UPGRADE \u00e0 GoPro 12 at an affordable price. Buy now!\" \/>\n<meta name=\"robots\" content=\"index, follow, max-snippet:-1, max-image-preview:large, max-video-preview:-1\" \/>\n<link rel=\"canonical\" href=\"https:\/\/360photoboothpro.eu\/fr\/produit\/passer-a-la-gopro-12\/\" \/>\n<meta property=\"og:locale\" content=\"fr_FR\" \/>\n<meta property=\"og:type\" content=\"article\" \/>\n<meta property=\"og:title\" content=\"UPGRADE \u00e0 GoPro 12 - 360PhotoBoothPRO\" \/>\n<meta property=\"og:description\" content=\"Photo Booth PRO is an online store where you can buy quality UPGRADE \u00e0 GoPro 12 at an affordable price. Buy now!\" \/>\n<meta property=\"og:url\" content=\"https:\/\/360photoboothpro.eu\/fr\/produit\/passer-a-la-gopro-12\/\" \/>\n<meta property=\"og:site_name\" content=\"360PhotoBoothPRO\" \/>\n<meta property=\"article:publisher\" content=\"https:\/\/www.facebook.com\/360PhotoBoothPRO.Canada\/\" \/>\n<meta property=\"article:modified_time\" content=\"2024-03-07T09:32:23+00:00\" \/>\n<meta property=\"og:image\" content=\"https:\/\/360photoboothpro.eu\/wp-content\/uploads\/2023\/10\/360-photo-booth-pro-upgrade-go-pro-12-social.jpg\" \/>\n<meta name=\"twitter:card\" content=\"summary_large_image\" \/>\n<meta name=\"twitter:label1\" content=\"Dur\u00e9e de lecture estim\u00e9e\" \/>\n\t<meta name=\"twitter:data1\" content=\"1 minute\" \/>\n<script type=\"application\/ld+json\" class=\"yoast-schema-graph\">{\"@context\":\"https:\/\/schema.org\",\"@graph\":[{\"@type\":\"WebPage\",\"@id\":\"https:\/\/360photoboothpro.eu\/fr\/produit\/passer-a-la-gopro-12\/\",\"url\":\"https:\/\/360photoboothpro.eu\/fr\/produit\/passer-a-la-gopro-12\/\",\"name\":\"UPGRADE \u00e0 GoPro 12 - 360PhotoBoothPRO\",\"isPartOf\":{\"@id\":\"https:\/\/360photoboothpro.eu\/fr\/#website\"},\"primaryImageOfPage\":{\"@id\":\"https:\/\/360photoboothpro.eu\/fr\/produit\/passer-a-la-gopro-12\/#primaryimage\"},\"image\":{\"@id\":\"https:\/\/360photoboothpro.eu\/fr\/produit\/passer-a-la-gopro-12\/#primaryimage\"},\"thumbnailUrl\":\"https:\/\/360photoboothpro.eu\/wp-content\/uploads\/2023\/10\/360-photoboothpro-upgrade-to-go-pro-12.jpg\",\"datePublished\":\"2023-10-09T18:12:51+00:00\",\"dateModified\":\"2024-03-07T09:32:23+00:00\",\"description\":\"Photo Booth PRO is an online store where you can buy quality UPGRADE \u00e0 GoPro 12 at an affordable price. Buy now!\",\"breadcrumb\":{\"@id\":\"https:\/\/360photoboothpro.eu\/fr\/produit\/passer-a-la-gopro-12\/#breadcrumb\"},\"inLanguage\":\"fr-FR\",\"potentialAction\":[{\"@type\":\"ReadAction\",\"target\":[\"https:\/\/360photoboothpro.eu\/fr\/produit\/passer-a-la-gopro-12\/\"]}]},{\"@type\":\"ImageObject\",\"inLanguage\":\"fr-FR\",\"@id\":\"https:\/\/360photoboothpro.eu\/fr\/produit\/passer-a-la-gopro-12\/#primaryimage\",\"url\":\"https:\/\/360photoboothpro.eu\/wp-content\/uploads\/2023\/10\/360-photoboothpro-upgrade-to-go-pro-12.jpg\",\"contentUrl\":\"https:\/\/360photoboothpro.eu\/wp-content\/uploads\/2023\/10\/360-photoboothpro-upgrade-to-go-pro-12.jpg\",\"width\":950,\"height\":948,\"caption\":\"upgrade to gopro 12 for 360 photbooth pro\"},{\"@type\":\"BreadcrumbList\",\"@id\":\"https:\/\/360photoboothpro.eu\/fr\/produit\/passer-a-la-gopro-12\/#breadcrumb\",\"itemListElement\":[{\"@type\":\"ListItem\",\"position\":1,\"name\":\"Home\",\"item\":\"https:\/\/360photoboothpro.eu\/fr\/\"},{\"@type\":\"ListItem\",\"position\":2,\"name\":\"Boutique\",\"item\":\"https:\/\/360photoboothpro.eu\/fr\/boutique\/\"},{\"@type\":\"ListItem\",\"position\":3,\"name\":\"UPGRADE \u00e0 GoPro 12\"}]},{\"@type\":\"WebSite\",\"@id\":\"https:\/\/360photoboothpro.eu\/fr\/#website\",\"url\":\"https:\/\/360photoboothpro.eu\/fr\/\",\"name\":\"360PhotoBoothPRO\",\"description\":\"360PhotoBoothPRO\",\"publisher\":{\"@id\":\"https:\/\/360photoboothpro.eu\/fr\/#organization\"},\"potentialAction\":[{\"@type\":\"SearchAction\",\"target\":{\"@type\":\"EntryPoint\",\"urlTemplate\":\"https:\/\/360photoboothpro.eu\/fr\/?s={search_term_string}\"},\"query-input\":{\"@type\":\"PropertyValueSpecification\",\"valueRequired\":true,\"valueName\":\"search_term_string\"}}],\"inLanguage\":\"fr-FR\"},{\"@type\":\"Organization\",\"@id\":\"https:\/\/360photoboothpro.eu\/fr\/#organization\",\"name\":\"360PhotoBoothPRO\",\"url\":\"https:\/\/360photoboothpro.eu\/fr\/\",\"logo\":{\"@type\":\"ImageObject\",\"inLanguage\":\"fr-FR\",\"@id\":\"https:\/\/360photoboothpro.eu\/fr\/#\/schema\/logo\/image\/\",\"url\":\"https:\/\/360photoboothpro.eu\/wp-content\/uploads\/2023\/03\/logo-360photoboothpro-favicon.png\",\"contentUrl\":\"https:\/\/360photoboothpro.eu\/wp-content\/uploads\/2023\/03\/logo-360photoboothpro-favicon.png\",\"width\":317,\"height\":317,\"caption\":\"360PhotoBoothPRO\"},\"image\":{\"@id\":\"https:\/\/360photoboothpro.eu\/fr\/#\/schema\/logo\/image\/\"},\"sameAs\":[\"https:\/\/www.facebook.com\/360PhotoBoothPRO.Canada\/\"]}]}<\/script>\n<!-- \/ Yoast SEO plugin. -->","yoast_head_json":{"title":"UPGRADE \u00e0 GoPro 12 - 360PhotoBoothPRO","description":"Photo Booth PRO is an online store where you can buy quality UPGRADE \u00e0 GoPro 12 at an affordable price. Buy now!","robots":{"index":"index","follow":"follow","max-snippet":"max-snippet:-1","max-image-preview":"max-image-preview:large","max-video-preview":"max-video-preview:-1"},"canonical":"https:\/\/360photoboothpro.eu\/fr\/produit\/passer-a-la-gopro-12\/","og_locale":"fr_FR","og_type":"article","og_title":"UPGRADE \u00e0 GoPro 12 - 360PhotoBoothPRO","og_description":"Photo Booth PRO is an online store where you can buy quality UPGRADE \u00e0 GoPro 12 at an affordable price. Buy now!","og_url":"https:\/\/360photoboothpro.eu\/fr\/produit\/passer-a-la-gopro-12\/","og_site_name":"360PhotoBoothPRO","article_publisher":"https:\/\/www.facebook.com\/360PhotoBoothPRO.Canada\/","article_modified_time":"2024-03-07T09:32:23+00:00","og_image":[{"url":"https:\/\/360photoboothpro.eu\/wp-content\/uploads\/2023\/10\/360-photo-booth-pro-upgrade-go-pro-12-social.jpg"}],"twitter_card":"summary_large_image","twitter_misc":{"Dur\u00e9e de lecture estim\u00e9e":"1 minute"},"schema":{"@context":"https:\/\/schema.org","@graph":[{"@type":"WebPage","@id":"https:\/\/360photoboothpro.eu\/fr\/produit\/passer-a-la-gopro-12\/","url":"https:\/\/360photoboothpro.eu\/fr\/produit\/passer-a-la-gopro-12\/","name":"UPGRADE \u00e0 GoPro 12 - 360PhotoBoothPRO","isPartOf":{"@id":"https:\/\/360photoboothpro.eu\/fr\/#website"},"primaryImageOfPage":{"@id":"https:\/\/360photoboothpro.eu\/fr\/produit\/passer-a-la-gopro-12\/#primaryimage"},"image":{"@id":"https:\/\/360photoboothpro.eu\/fr\/produit\/passer-a-la-gopro-12\/#primaryimage"},"thumbnailUrl":"https:\/\/360photoboothpro.eu\/wp-content\/uploads\/2023\/10\/360-photoboothpro-upgrade-to-go-pro-12.jpg","datePublished":"2023-10-09T18:12:51+00:00","dateModified":"2024-03-07T09:32:23+00:00","description":"Photo Booth PRO is an online store where you can buy quality UPGRADE \u00e0 GoPro 12 at an affordable price. Buy now!","breadcrumb":{"@id":"https:\/\/360photoboothpro.eu\/fr\/produit\/passer-a-la-gopro-12\/#breadcrumb"},"inLanguage":"fr-FR","potentialAction":[{"@type":"ReadAction","target":["https:\/\/360photoboothpro.eu\/fr\/produit\/passer-a-la-gopro-12\/"]}]},{"@type":"ImageObject","inLanguage":"fr-FR","@id":"https:\/\/360photoboothpro.eu\/fr\/produit\/passer-a-la-gopro-12\/#primaryimage","url":"https:\/\/360photoboothpro.eu\/wp-content\/uploads\/2023\/10\/360-photoboothpro-upgrade-to-go-pro-12.jpg","contentUrl":"https:\/\/360photoboothpro.eu\/wp-content\/uploads\/2023\/10\/360-photoboothpro-upgrade-to-go-pro-12.jpg","width":950,"height":948,"caption":"upgrade to gopro 12 for 360 photbooth pro"},{"@type":"BreadcrumbList","@id":"https:\/\/360photoboothpro.eu\/fr\/produit\/passer-a-la-gopro-12\/#breadcrumb","itemListElement":[{"@type":"ListItem","position":1,"name":"Home","item":"https:\/\/360photoboothpro.eu\/fr\/"},{"@type":"ListItem","position":2,"name":"Boutique","item":"https:\/\/360photoboothpro.eu\/fr\/boutique\/"},{"@type":"ListItem","position":3,"name":"UPGRADE \u00e0 GoPro 12"}]},{"@type":"WebSite","@id":"https:\/\/360photoboothpro.eu\/fr\/#website","url":"https:\/\/360photoboothpro.eu\/fr\/","name":"360PhotoBoothPRO","description":"360PhotoBoothPRO","publisher":{"@id":"https:\/\/360photoboothpro.eu\/fr\/#organization"},"potentialAction":[{"@type":"SearchAction","target":{"@type":"EntryPoint","urlTemplate":"https:\/\/360photoboothpro.eu\/fr\/?s={search_term_string}"},"query-input":{"@type":"PropertyValueSpecification","valueRequired":true,"valueName":"search_term_string"}}],"inLanguage":"fr-FR"},{"@type":"Organization","@id":"https:\/\/360photoboothpro.eu\/fr\/#organization","name":"360PhotoBoothPRO","url":"https:\/\/360photoboothpro.eu\/fr\/","logo":{"@type":"ImageObject","inLanguage":"fr-FR","@id":"https:\/\/360photoboothpro.eu\/fr\/#\/schema\/logo\/image\/","url":"https:\/\/360photoboothpro.eu\/wp-content\/uploads\/2023\/03\/logo-360photoboothpro-favicon.png","contentUrl":"https:\/\/360photoboothpro.eu\/wp-content\/uploads\/2023\/03\/logo-360photoboothpro-favicon.png","width":317,"height":317,"caption":"360PhotoBoothPRO"},"image":{"@id":"https:\/\/360photoboothpro.eu\/fr\/#\/schema\/logo\/image\/"},"sameAs":["https:\/\/www.facebook.com\/360PhotoBoothPRO.Canada\/"]}]}},"_links":{"self":[{"href":"https:\/\/360photoboothpro.eu\/fr\/wp-json\/wp\/v2\/product\/10724"}],"collection":[{"href":"https:\/\/360photoboothpro.eu\/fr\/wp-json\/wp\/v2\/product"}],"about":[{"href":"https:\/\/360photoboothpro.eu\/fr\/wp-json\/wp\/v2\/types\/product"}],"replies":[{"embeddable":true,"href":"https:\/\/360photoboothpro.eu\/fr\/wp-json\/wp\/v2\/comments?post=10724"}],"wp:featuredmedia":[{"embeddable":true,"href":"https:\/\/360photoboothpro.eu\/fr\/wp-json\/wp\/v2\/media\/13088"}],"wp:attachment":[{"href":"https:\/\/360photoboothpro.eu\/fr\/wp-json\/wp\/v2\/media?parent=10724"}],"wp:term":[{"taxonomy":"product_cat","embeddable":true,"href":"https:\/\/360photoboothpro.eu\/fr\/wp-json\/wp\/v2\/product_cat?post=10724"},{"taxonomy":"product_tag","embeddable":true,"href":"https:\/\/360photoboothpro.eu\/fr\/wp-json\/wp\/v2\/product_tag?post=10724"}],"curies":[{"name":"wp","href":"https:\/\/api.w.org\/{rel}","templated":true}]}}