{"id":5424,"date":"2023-04-12T06:44:23","date_gmt":"2023-04-12T04:44:23","guid":{"rendered":"https:\/\/360photoboothpro.eu\/product\/toile-de-fond-avec-eclairage-led-pour-360-photo-booth-pro\/"},"modified":"2024-08-10T00:37:34","modified_gmt":"2024-08-09T22:37:34","slug":"cloture-arriere-avec-lumieres-allumees-pour-360-photo-booth-pro","status":"publish","type":"product","link":"https:\/\/360photoboothpro.eu\/fr\/produit\/cloture-arriere-avec-lumieres-allumees-pour-360-photo-booth-pro\/","title":{"rendered":"Toile de fond avec \u00e9clairage Led pour 360 Photo Booth PRO"},"content":{"rendered":"<p>Toile de fond avec \u00e9clairage Led pour 360 Photo Booth PRO Platform.<\/p>\n<p>Mat\u00e9riau tendu, qui peut \u00eatre personnalis\u00e9 avec le logo de votre entreprise sur la structure m\u00e9tallique.<\/p>\n<p>Hauteur : 94.5&Prime;<br \/>\nDiam\u00e8tre : 118&Prime;.<br \/>\nZone d&rsquo;acc\u00e8s : 31.5&Prime;<\/p>\n<p>Les lumi\u00e8res LED RVB peuvent \u00eatre contr\u00f4l\u00e9es \u00e0 partir de la t\u00e9l\u00e9commande.<\/p>\n<p>Sac de transport inclus.<\/p>\n","protected":false},"excerpt":{"rendered":"<p id=\"tw-target-text\" class=\"tw-data-text tw-text-large tw-ta\" dir=\"ltr\" data-placeholder=\"Traducere\"><span class=\"Y2IQFc\" lang=\"en\">Pour pouvoir afficher le prix, veuillez choisir les options souhait\u00e9es dans la liste ci-dessous :<\/span><\/p>\n","protected":false},"featured_media":5270,"comment_status":"open","ping_status":"closed","template":"","meta":{"_acf_changed":false},"product_cat":[121,536],"product_tag":[122],"class_list":{"0":"post-5424","1":"product","2":"type-product","3":"status-publish","4":"has-post-thumbnail","6":"product_cat-accessoires","7":"product_cat-toile-de-fond-denceinte","8":"product_tag-toile-de-fond-pour-360-photo-booth-pro","10":"first","11":"instock","12":"taxable","13":"shipping-taxable","14":"purchasable","15":"product-type-variable"},"acf":[],"yoast_head":"<!-- This site is optimized with the Yoast SEO plugin v23.5 - https:\/\/yoast.com\/wordpress\/plugins\/seo\/ -->\n<title>Toile de fond avec \u00e9clairage Led pour 360 Photo Booth PRO - 360PhotoBoothPRO<\/title>\n<meta name=\"description\" content=\"Photo Booth PRO is an online store where you can buy quality Toile de fond avec \u00e9clairage Led pour 360 Photo Booth PRO at an affordable price. Buy now!\" \/>\n<meta name=\"robots\" content=\"index, follow, max-snippet:-1, max-image-preview:large, max-video-preview:-1\" \/>\n<link rel=\"canonical\" href=\"https:\/\/360photoboothpro.eu\/fr\/produit\/cloture-arriere-avec-lumieres-allumees-pour-360-photo-booth-pro\/\" \/>\n<meta property=\"og:locale\" content=\"fr_FR\" \/>\n<meta property=\"og:type\" content=\"article\" \/>\n<meta property=\"og:title\" content=\"Toile de fond avec \u00e9clairage Led pour 360 Photo Booth PRO - 360PhotoBoothPRO\" \/>\n<meta property=\"og:description\" content=\"Photo Booth PRO is an online store where you can buy quality Toile de fond avec \u00e9clairage Led pour 360 Photo Booth PRO at an affordable price. Buy now!\" \/>\n<meta property=\"og:url\" content=\"https:\/\/360photoboothpro.eu\/fr\/produit\/cloture-arriere-avec-lumieres-allumees-pour-360-photo-booth-pro\/\" \/>\n<meta property=\"og:site_name\" content=\"360PhotoBoothPRO\" \/>\n<meta property=\"article:publisher\" content=\"https:\/\/www.facebook.com\/360PhotoBoothPRO.Canada\/\" \/>\n<meta property=\"article:modified_time\" content=\"2024-08-09T22:37:34+00:00\" \/>\n<meta property=\"og:image\" content=\"https:\/\/360photoboothpro.eu\/wp-content\/uploads\/2023\/04\/backdrop-led-360-photobooth-enclosure-social.jpg\" \/>\n<meta name=\"twitter:card\" content=\"summary_large_image\" \/>\n<script type=\"application\/ld+json\" class=\"yoast-schema-graph\">{\"@context\":\"https:\/\/schema.org\",\"@graph\":[{\"@type\":\"WebPage\",\"@id\":\"https:\/\/360photoboothpro.eu\/fr\/produit\/cloture-arriere-avec-lumieres-allumees-pour-360-photo-booth-pro\/\",\"url\":\"https:\/\/360photoboothpro.eu\/fr\/produit\/cloture-arriere-avec-lumieres-allumees-pour-360-photo-booth-pro\/\",\"name\":\"Toile de fond avec \u00e9clairage Led pour 360 Photo Booth PRO - 360PhotoBoothPRO\",\"isPartOf\":{\"@id\":\"https:\/\/360photoboothpro.eu\/fr\/#website\"},\"primaryImageOfPage\":{\"@id\":\"https:\/\/360photoboothpro.eu\/fr\/produit\/cloture-arriere-avec-lumieres-allumees-pour-360-photo-booth-pro\/#primaryimage\"},\"image\":{\"@id\":\"https:\/\/360photoboothpro.eu\/fr\/produit\/cloture-arriere-avec-lumieres-allumees-pour-360-photo-booth-pro\/#primaryimage\"},\"thumbnailUrl\":\"https:\/\/360photoboothpro.eu\/wp-content\/uploads\/2023\/04\/enclosure-backdrop-with-led-lights-2.webp\",\"datePublished\":\"2023-04-12T04:44:23+00:00\",\"dateModified\":\"2024-08-09T22:37:34+00:00\",\"description\":\"Photo Booth PRO is an online store where you can buy quality Toile de fond avec \u00e9clairage Led pour 360 Photo Booth PRO at an affordable price. Buy now!\",\"breadcrumb\":{\"@id\":\"https:\/\/360photoboothpro.eu\/fr\/produit\/cloture-arriere-avec-lumieres-allumees-pour-360-photo-booth-pro\/#breadcrumb\"},\"inLanguage\":\"fr-FR\",\"potentialAction\":[{\"@type\":\"ReadAction\",\"target\":[\"https:\/\/360photoboothpro.eu\/fr\/produit\/cloture-arriere-avec-lumieres-allumees-pour-360-photo-booth-pro\/\"]}]},{\"@type\":\"ImageObject\",\"inLanguage\":\"fr-FR\",\"@id\":\"https:\/\/360photoboothpro.eu\/fr\/produit\/cloture-arriere-avec-lumieres-allumees-pour-360-photo-booth-pro\/#primaryimage\",\"url\":\"https:\/\/360photoboothpro.eu\/wp-content\/uploads\/2023\/04\/enclosure-backdrop-with-led-lights-2.webp\",\"contentUrl\":\"https:\/\/360photoboothpro.eu\/wp-content\/uploads\/2023\/04\/enclosure-backdrop-with-led-lights-2.webp\",\"width\":709,\"height\":709,\"caption\":\"enclosure backdrop with led lights for 360 photo booth platform\"},{\"@type\":\"BreadcrumbList\",\"@id\":\"https:\/\/360photoboothpro.eu\/fr\/produit\/cloture-arriere-avec-lumieres-allumees-pour-360-photo-booth-pro\/#breadcrumb\",\"itemListElement\":[{\"@type\":\"ListItem\",\"position\":1,\"name\":\"Home\",\"item\":\"https:\/\/360photoboothpro.eu\/fr\/\"},{\"@type\":\"ListItem\",\"position\":2,\"name\":\"Boutique\",\"item\":\"https:\/\/360photoboothpro.eu\/fr\/boutique\/\"},{\"@type\":\"ListItem\",\"position\":3,\"name\":\"Toile de fond avec \u00e9clairage Led pour 360 Photo Booth PRO\"}]},{\"@type\":\"WebSite\",\"@id\":\"https:\/\/360photoboothpro.eu\/fr\/#website\",\"url\":\"https:\/\/360photoboothpro.eu\/fr\/\",\"name\":\"360PhotoBoothPRO\",\"description\":\"360PhotoBoothPRO\",\"publisher\":{\"@id\":\"https:\/\/360photoboothpro.eu\/fr\/#organization\"},\"potentialAction\":[{\"@type\":\"SearchAction\",\"target\":{\"@type\":\"EntryPoint\",\"urlTemplate\":\"https:\/\/360photoboothpro.eu\/fr\/?s={search_term_string}\"},\"query-input\":{\"@type\":\"PropertyValueSpecification\",\"valueRequired\":true,\"valueName\":\"search_term_string\"}}],\"inLanguage\":\"fr-FR\"},{\"@type\":\"Organization\",\"@id\":\"https:\/\/360photoboothpro.eu\/fr\/#organization\",\"name\":\"360PhotoBoothPRO\",\"url\":\"https:\/\/360photoboothpro.eu\/fr\/\",\"logo\":{\"@type\":\"ImageObject\",\"inLanguage\":\"fr-FR\",\"@id\":\"https:\/\/360photoboothpro.eu\/fr\/#\/schema\/logo\/image\/\",\"url\":\"https:\/\/360photoboothpro.eu\/wp-content\/uploads\/2023\/03\/logo-360photoboothpro-favicon.png\",\"contentUrl\":\"https:\/\/360photoboothpro.eu\/wp-content\/uploads\/2023\/03\/logo-360photoboothpro-favicon.png\",\"width\":317,\"height\":317,\"caption\":\"360PhotoBoothPRO\"},\"image\":{\"@id\":\"https:\/\/360photoboothpro.eu\/fr\/#\/schema\/logo\/image\/\"},\"sameAs\":[\"https:\/\/www.facebook.com\/360PhotoBoothPRO.Canada\/\"]}]}<\/script>\n<!-- \/ Yoast SEO plugin. -->","yoast_head_json":{"title":"Toile de fond avec \u00e9clairage Led pour 360 Photo Booth PRO - 360PhotoBoothPRO","description":"Photo Booth PRO is an online store where you can buy quality Toile de fond avec \u00e9clairage Led pour 360 Photo Booth PRO at an affordable price. Buy now!","robots":{"index":"index","follow":"follow","max-snippet":"max-snippet:-1","max-image-preview":"max-image-preview:large","max-video-preview":"max-video-preview:-1"},"canonical":"https:\/\/360photoboothpro.eu\/fr\/produit\/cloture-arriere-avec-lumieres-allumees-pour-360-photo-booth-pro\/","og_locale":"fr_FR","og_type":"article","og_title":"Toile de fond avec \u00e9clairage Led pour 360 Photo Booth PRO - 360PhotoBoothPRO","og_description":"Photo Booth PRO is an online store where you can buy quality Toile de fond avec \u00e9clairage Led pour 360 Photo Booth PRO at an affordable price. Buy now!","og_url":"https:\/\/360photoboothpro.eu\/fr\/produit\/cloture-arriere-avec-lumieres-allumees-pour-360-photo-booth-pro\/","og_site_name":"360PhotoBoothPRO","article_publisher":"https:\/\/www.facebook.com\/360PhotoBoothPRO.Canada\/","article_modified_time":"2024-08-09T22:37:34+00:00","og_image":[{"url":"https:\/\/360photoboothpro.eu\/wp-content\/uploads\/2023\/04\/backdrop-led-360-photobooth-enclosure-social.jpg"}],"twitter_card":"summary_large_image","schema":{"@context":"https:\/\/schema.org","@graph":[{"@type":"WebPage","@id":"https:\/\/360photoboothpro.eu\/fr\/produit\/cloture-arriere-avec-lumieres-allumees-pour-360-photo-booth-pro\/","url":"https:\/\/360photoboothpro.eu\/fr\/produit\/cloture-arriere-avec-lumieres-allumees-pour-360-photo-booth-pro\/","name":"Toile de fond avec \u00e9clairage Led pour 360 Photo Booth PRO - 360PhotoBoothPRO","isPartOf":{"@id":"https:\/\/360photoboothpro.eu\/fr\/#website"},"primaryImageOfPage":{"@id":"https:\/\/360photoboothpro.eu\/fr\/produit\/cloture-arriere-avec-lumieres-allumees-pour-360-photo-booth-pro\/#primaryimage"},"image":{"@id":"https:\/\/360photoboothpro.eu\/fr\/produit\/cloture-arriere-avec-lumieres-allumees-pour-360-photo-booth-pro\/#primaryimage"},"thumbnailUrl":"https:\/\/360photoboothpro.eu\/wp-content\/uploads\/2023\/04\/enclosure-backdrop-with-led-lights-2.webp","datePublished":"2023-04-12T04:44:23+00:00","dateModified":"2024-08-09T22:37:34+00:00","description":"Photo Booth PRO is an online store where you can buy quality Toile de fond avec \u00e9clairage Led pour 360 Photo Booth PRO at an affordable price. Buy now!","breadcrumb":{"@id":"https:\/\/360photoboothpro.eu\/fr\/produit\/cloture-arriere-avec-lumieres-allumees-pour-360-photo-booth-pro\/#breadcrumb"},"inLanguage":"fr-FR","potentialAction":[{"@type":"ReadAction","target":["https:\/\/360photoboothpro.eu\/fr\/produit\/cloture-arriere-avec-lumieres-allumees-pour-360-photo-booth-pro\/"]}]},{"@type":"ImageObject","inLanguage":"fr-FR","@id":"https:\/\/360photoboothpro.eu\/fr\/produit\/cloture-arriere-avec-lumieres-allumees-pour-360-photo-booth-pro\/#primaryimage","url":"https:\/\/360photoboothpro.eu\/wp-content\/uploads\/2023\/04\/enclosure-backdrop-with-led-lights-2.webp","contentUrl":"https:\/\/360photoboothpro.eu\/wp-content\/uploads\/2023\/04\/enclosure-backdrop-with-led-lights-2.webp","width":709,"height":709,"caption":"enclosure backdrop with led lights for 360 photo booth platform"},{"@type":"BreadcrumbList","@id":"https:\/\/360photoboothpro.eu\/fr\/produit\/cloture-arriere-avec-lumieres-allumees-pour-360-photo-booth-pro\/#breadcrumb","itemListElement":[{"@type":"ListItem","position":1,"name":"Home","item":"https:\/\/360photoboothpro.eu\/fr\/"},{"@type":"ListItem","position":2,"name":"Boutique","item":"https:\/\/360photoboothpro.eu\/fr\/boutique\/"},{"@type":"ListItem","position":3,"name":"Toile de fond avec \u00e9clairage Led pour 360 Photo Booth PRO"}]},{"@type":"WebSite","@id":"https:\/\/360photoboothpro.eu\/fr\/#website","url":"https:\/\/360photoboothpro.eu\/fr\/","name":"360PhotoBoothPRO","description":"360PhotoBoothPRO","publisher":{"@id":"https:\/\/360photoboothpro.eu\/fr\/#organization"},"potentialAction":[{"@type":"SearchAction","target":{"@type":"EntryPoint","urlTemplate":"https:\/\/360photoboothpro.eu\/fr\/?s={search_term_string}"},"query-input":{"@type":"PropertyValueSpecification","valueRequired":true,"valueName":"search_term_string"}}],"inLanguage":"fr-FR"},{"@type":"Organization","@id":"https:\/\/360photoboothpro.eu\/fr\/#organization","name":"360PhotoBoothPRO","url":"https:\/\/360photoboothpro.eu\/fr\/","logo":{"@type":"ImageObject","inLanguage":"fr-FR","@id":"https:\/\/360photoboothpro.eu\/fr\/#\/schema\/logo\/image\/","url":"https:\/\/360photoboothpro.eu\/wp-content\/uploads\/2023\/03\/logo-360photoboothpro-favicon.png","contentUrl":"https:\/\/360photoboothpro.eu\/wp-content\/uploads\/2023\/03\/logo-360photoboothpro-favicon.png","width":317,"height":317,"caption":"360PhotoBoothPRO"},"image":{"@id":"https:\/\/360photoboothpro.eu\/fr\/#\/schema\/logo\/image\/"},"sameAs":["https:\/\/www.facebook.com\/360PhotoBoothPRO.Canada\/"]}]}},"_links":{"self":[{"href":"https:\/\/360photoboothpro.eu\/fr\/wp-json\/wp\/v2\/product\/5424"}],"collection":[{"href":"https:\/\/360photoboothpro.eu\/fr\/wp-json\/wp\/v2\/product"}],"about":[{"href":"https:\/\/360photoboothpro.eu\/fr\/wp-json\/wp\/v2\/types\/product"}],"replies":[{"embeddable":true,"href":"https:\/\/360photoboothpro.eu\/fr\/wp-json\/wp\/v2\/comments?post=5424"}],"wp:featuredmedia":[{"embeddable":true,"href":"https:\/\/360photoboothpro.eu\/fr\/wp-json\/wp\/v2\/media\/5270"}],"wp:attachment":[{"href":"https:\/\/360photoboothpro.eu\/fr\/wp-json\/wp\/v2\/media?parent=5424"}],"wp:term":[{"taxonomy":"product_cat","embeddable":true,"href":"https:\/\/360photoboothpro.eu\/fr\/wp-json\/wp\/v2\/product_cat?post=5424"},{"taxonomy":"product_tag","embeddable":true,"href":"https:\/\/360photoboothpro.eu\/fr\/wp-json\/wp\/v2\/product_tag?post=5424"}],"curies":[{"name":"wp","href":"https:\/\/api.w.org\/{rel}","templated":true}]}}