{"id":5430,"date":"2023-04-12T08:34:05","date_gmt":"2023-04-12T06:34:05","guid":{"rendered":"https:\/\/360photoboothpro.eu\/product\/batterie-12v-24v-pour-platform-360-photo-booth\/"},"modified":"2024-12-01T12:26:45","modified_gmt":"2024-12-01T10:26:45","slug":"batterie-12v-slash-24v-pour-platform-360-photo-booth","status":"publish","type":"product","link":"https:\/\/360photoboothpro.eu\/fr\/produit\/batterie-12v-slash-24v-pour-platform-360-photo-booth\/","title":{"rendered":"BATTERIE (12V \/ 24V) pour PLATFORM 360 Photo Booth"},"content":{"rendered":"<p>BATTERIE 12V \/ 24V, 44.800 mAh, pour la plateforme 360 Photo Booth PRO (peut \u00eatre plac\u00e9e sous la table tournante), qui d\u00e9marre le moteur du bras rotatif.<\/p>\n<p>Autonomie : 7-8 heures dans des conditions id\u00e9ales, test\u00e9es sur nos cabines vid\u00e9o 360. Cela peut varier en fonction de nombreux facteurs : la temp\u00e9rature, la consommation d&rsquo;\u00e9nergie du moteur 360, la fr\u00e9quence des clients sur la plateforme 360, la longueur des vid\u00e9os et l&rsquo;utilisation du moteur, etc.<\/p>\n<p>Chargement : 6-8 heures<\/p>\n","protected":false},"excerpt":{"rendered":"<p>BATTERIE 12V \/ 24V, 44.800 mAh, pour la plateforme 360 Photo Booth PRO, qui d\u00e9marre le moteur du bras rotatif. Autonomie : 7-8 heures. Chargement : 6-8 heures.<\/p>\n","protected":false},"featured_media":5312,"comment_status":"open","ping_status":"closed","template":"","meta":{"_acf_changed":false},"product_cat":[121],"product_tag":[135],"class_list":{"0":"post-5430","1":"product","2":"type-product","3":"status-publish","4":"has-post-thumbnail","6":"product_cat-accessoires","7":"product_tag-batterie-pour-360-photo-booth","9":"first","10":"instock","11":"taxable","12":"shipping-taxable","13":"purchasable","14":"product-type-simple"},"acf":[],"yoast_head":"<!-- This site is optimized with the Yoast SEO plugin v23.5 - https:\/\/yoast.com\/wordpress\/plugins\/seo\/ -->\n<title>BATTERIE (12V \/ 24V) pour PLATFORM 360 Photo Booth - 360PhotoBoothPRO<\/title>\n<meta name=\"description\" content=\"Photo Booth PRO is an online store where you can buy quality BATTERIE (12V \/ 24V) pour PLATFORM 360 Photo Booth at an affordable price. Buy now!\" \/>\n<meta name=\"robots\" content=\"index, follow, max-snippet:-1, max-image-preview:large, max-video-preview:-1\" \/>\n<link rel=\"canonical\" href=\"https:\/\/360photoboothpro.eu\/fr\/produit\/batterie-12v-slash-24v-pour-platform-360-photo-booth\/\" \/>\n<meta property=\"og:locale\" content=\"fr_FR\" \/>\n<meta property=\"og:type\" content=\"article\" \/>\n<meta property=\"og:title\" content=\"BATTERIE (12V \/ 24V) pour PLATFORM 360 Photo Booth - 360PhotoBoothPRO\" \/>\n<meta property=\"og:description\" content=\"Photo Booth PRO is an online store where you can buy quality BATTERIE (12V \/ 24V) pour PLATFORM 360 Photo Booth at an affordable price. Buy now!\" \/>\n<meta property=\"og:url\" content=\"https:\/\/360photoboothpro.eu\/fr\/produit\/batterie-12v-slash-24v-pour-platform-360-photo-booth\/\" \/>\n<meta property=\"og:site_name\" content=\"360PhotoBoothPRO\" \/>\n<meta property=\"article:publisher\" content=\"https:\/\/www.facebook.com\/360PhotoBoothPRO.Canada\/\" \/>\n<meta property=\"article:modified_time\" content=\"2024-12-01T10:26:45+00:00\" \/>\n<meta property=\"og:image\" content=\"https:\/\/360photoboothpro.eu\/wp-content\/uploads\/2023\/04\/battery-for-360-photobooth-platform-social.jpg\" \/>\n<meta name=\"twitter:card\" content=\"summary_large_image\" \/>\n<script type=\"application\/ld+json\" class=\"yoast-schema-graph\">{\"@context\":\"https:\/\/schema.org\",\"@graph\":[{\"@type\":\"WebPage\",\"@id\":\"https:\/\/360photoboothpro.eu\/fr\/produit\/batterie-12v-slash-24v-pour-platform-360-photo-booth\/\",\"url\":\"https:\/\/360photoboothpro.eu\/fr\/produit\/batterie-12v-slash-24v-pour-platform-360-photo-booth\/\",\"name\":\"BATTERIE (12V \/ 24V) pour PLATFORM 360 Photo Booth - 360PhotoBoothPRO\",\"isPartOf\":{\"@id\":\"https:\/\/360photoboothpro.eu\/fr\/#website\"},\"primaryImageOfPage\":{\"@id\":\"https:\/\/360photoboothpro.eu\/fr\/produit\/batterie-12v-slash-24v-pour-platform-360-photo-booth\/#primaryimage\"},\"image\":{\"@id\":\"https:\/\/360photoboothpro.eu\/fr\/produit\/batterie-12v-slash-24v-pour-platform-360-photo-booth\/#primaryimage\"},\"thumbnailUrl\":\"https:\/\/360photoboothpro.eu\/wp-content\/uploads\/2023\/04\/12V-24V-BATTERY-FOR-THE-360-Photo-Booth-PRO-PLATFORM-3.webp\",\"datePublished\":\"2023-04-12T06:34:05+00:00\",\"dateModified\":\"2024-12-01T10:26:45+00:00\",\"description\":\"Photo Booth PRO is an online store where you can buy quality BATTERIE (12V \/ 24V) pour PLATFORM 360 Photo Booth at an affordable price. Buy now!\",\"breadcrumb\":{\"@id\":\"https:\/\/360photoboothpro.eu\/fr\/produit\/batterie-12v-slash-24v-pour-platform-360-photo-booth\/#breadcrumb\"},\"inLanguage\":\"fr-FR\",\"potentialAction\":[{\"@type\":\"ReadAction\",\"target\":[\"https:\/\/360photoboothpro.eu\/fr\/produit\/batterie-12v-slash-24v-pour-platform-360-photo-booth\/\"]}]},{\"@type\":\"ImageObject\",\"inLanguage\":\"fr-FR\",\"@id\":\"https:\/\/360photoboothpro.eu\/fr\/produit\/batterie-12v-slash-24v-pour-platform-360-photo-booth\/#primaryimage\",\"url\":\"https:\/\/360photoboothpro.eu\/wp-content\/uploads\/2023\/04\/12V-24V-BATTERY-FOR-THE-360-Photo-Booth-PRO-PLATFORM-3.webp\",\"contentUrl\":\"https:\/\/360photoboothpro.eu\/wp-content\/uploads\/2023\/04\/12V-24V-BATTERY-FOR-THE-360-Photo-Booth-PRO-PLATFORM-3.webp\",\"width\":960,\"height\":960,\"caption\":\"12V \/ 24V BATTERY FOR THE 360 Photo Booth PRO PLATFORM\"},{\"@type\":\"BreadcrumbList\",\"@id\":\"https:\/\/360photoboothpro.eu\/fr\/produit\/batterie-12v-slash-24v-pour-platform-360-photo-booth\/#breadcrumb\",\"itemListElement\":[{\"@type\":\"ListItem\",\"position\":1,\"name\":\"Home\",\"item\":\"https:\/\/360photoboothpro.eu\/fr\/\"},{\"@type\":\"ListItem\",\"position\":2,\"name\":\"Boutique\",\"item\":\"https:\/\/360photoboothpro.eu\/fr\/boutique\/\"},{\"@type\":\"ListItem\",\"position\":3,\"name\":\"BATTERIE (12V \/ 24V) pour PLATFORM 360 Photo Booth\"}]},{\"@type\":\"WebSite\",\"@id\":\"https:\/\/360photoboothpro.eu\/fr\/#website\",\"url\":\"https:\/\/360photoboothpro.eu\/fr\/\",\"name\":\"360PhotoBoothPRO\",\"description\":\"360PhotoBoothPRO\",\"publisher\":{\"@id\":\"https:\/\/360photoboothpro.eu\/fr\/#organization\"},\"potentialAction\":[{\"@type\":\"SearchAction\",\"target\":{\"@type\":\"EntryPoint\",\"urlTemplate\":\"https:\/\/360photoboothpro.eu\/fr\/?s={search_term_string}\"},\"query-input\":{\"@type\":\"PropertyValueSpecification\",\"valueRequired\":true,\"valueName\":\"search_term_string\"}}],\"inLanguage\":\"fr-FR\"},{\"@type\":\"Organization\",\"@id\":\"https:\/\/360photoboothpro.eu\/fr\/#organization\",\"name\":\"360PhotoBoothPRO\",\"url\":\"https:\/\/360photoboothpro.eu\/fr\/\",\"logo\":{\"@type\":\"ImageObject\",\"inLanguage\":\"fr-FR\",\"@id\":\"https:\/\/360photoboothpro.eu\/fr\/#\/schema\/logo\/image\/\",\"url\":\"https:\/\/360photoboothpro.eu\/wp-content\/uploads\/2023\/03\/logo-360photoboothpro-favicon.png\",\"contentUrl\":\"https:\/\/360photoboothpro.eu\/wp-content\/uploads\/2023\/03\/logo-360photoboothpro-favicon.png\",\"width\":317,\"height\":317,\"caption\":\"360PhotoBoothPRO\"},\"image\":{\"@id\":\"https:\/\/360photoboothpro.eu\/fr\/#\/schema\/logo\/image\/\"},\"sameAs\":[\"https:\/\/www.facebook.com\/360PhotoBoothPRO.Canada\/\"]}]}<\/script>\n<!-- \/ Yoast SEO plugin. -->","yoast_head_json":{"title":"BATTERIE (12V \/ 24V) pour PLATFORM 360 Photo Booth - 360PhotoBoothPRO","description":"Photo Booth PRO is an online store where you can buy quality BATTERIE (12V \/ 24V) pour PLATFORM 360 Photo Booth at an affordable price. Buy now!","robots":{"index":"index","follow":"follow","max-snippet":"max-snippet:-1","max-image-preview":"max-image-preview:large","max-video-preview":"max-video-preview:-1"},"canonical":"https:\/\/360photoboothpro.eu\/fr\/produit\/batterie-12v-slash-24v-pour-platform-360-photo-booth\/","og_locale":"fr_FR","og_type":"article","og_title":"BATTERIE (12V \/ 24V) pour PLATFORM 360 Photo Booth - 360PhotoBoothPRO","og_description":"Photo Booth PRO is an online store where you can buy quality BATTERIE (12V \/ 24V) pour PLATFORM 360 Photo Booth at an affordable price. Buy now!","og_url":"https:\/\/360photoboothpro.eu\/fr\/produit\/batterie-12v-slash-24v-pour-platform-360-photo-booth\/","og_site_name":"360PhotoBoothPRO","article_publisher":"https:\/\/www.facebook.com\/360PhotoBoothPRO.Canada\/","article_modified_time":"2024-12-01T10:26:45+00:00","og_image":[{"url":"https:\/\/360photoboothpro.eu\/wp-content\/uploads\/2023\/04\/battery-for-360-photobooth-platform-social.jpg"}],"twitter_card":"summary_large_image","schema":{"@context":"https:\/\/schema.org","@graph":[{"@type":"WebPage","@id":"https:\/\/360photoboothpro.eu\/fr\/produit\/batterie-12v-slash-24v-pour-platform-360-photo-booth\/","url":"https:\/\/360photoboothpro.eu\/fr\/produit\/batterie-12v-slash-24v-pour-platform-360-photo-booth\/","name":"BATTERIE (12V \/ 24V) pour PLATFORM 360 Photo Booth - 360PhotoBoothPRO","isPartOf":{"@id":"https:\/\/360photoboothpro.eu\/fr\/#website"},"primaryImageOfPage":{"@id":"https:\/\/360photoboothpro.eu\/fr\/produit\/batterie-12v-slash-24v-pour-platform-360-photo-booth\/#primaryimage"},"image":{"@id":"https:\/\/360photoboothpro.eu\/fr\/produit\/batterie-12v-slash-24v-pour-platform-360-photo-booth\/#primaryimage"},"thumbnailUrl":"https:\/\/360photoboothpro.eu\/wp-content\/uploads\/2023\/04\/12V-24V-BATTERY-FOR-THE-360-Photo-Booth-PRO-PLATFORM-3.webp","datePublished":"2023-04-12T06:34:05+00:00","dateModified":"2024-12-01T10:26:45+00:00","description":"Photo Booth PRO is an online store where you can buy quality BATTERIE (12V \/ 24V) pour PLATFORM 360 Photo Booth at an affordable price. Buy now!","breadcrumb":{"@id":"https:\/\/360photoboothpro.eu\/fr\/produit\/batterie-12v-slash-24v-pour-platform-360-photo-booth\/#breadcrumb"},"inLanguage":"fr-FR","potentialAction":[{"@type":"ReadAction","target":["https:\/\/360photoboothpro.eu\/fr\/produit\/batterie-12v-slash-24v-pour-platform-360-photo-booth\/"]}]},{"@type":"ImageObject","inLanguage":"fr-FR","@id":"https:\/\/360photoboothpro.eu\/fr\/produit\/batterie-12v-slash-24v-pour-platform-360-photo-booth\/#primaryimage","url":"https:\/\/360photoboothpro.eu\/wp-content\/uploads\/2023\/04\/12V-24V-BATTERY-FOR-THE-360-Photo-Booth-PRO-PLATFORM-3.webp","contentUrl":"https:\/\/360photoboothpro.eu\/wp-content\/uploads\/2023\/04\/12V-24V-BATTERY-FOR-THE-360-Photo-Booth-PRO-PLATFORM-3.webp","width":960,"height":960,"caption":"12V \/ 24V BATTERY FOR THE 360 Photo Booth PRO PLATFORM"},{"@type":"BreadcrumbList","@id":"https:\/\/360photoboothpro.eu\/fr\/produit\/batterie-12v-slash-24v-pour-platform-360-photo-booth\/#breadcrumb","itemListElement":[{"@type":"ListItem","position":1,"name":"Home","item":"https:\/\/360photoboothpro.eu\/fr\/"},{"@type":"ListItem","position":2,"name":"Boutique","item":"https:\/\/360photoboothpro.eu\/fr\/boutique\/"},{"@type":"ListItem","position":3,"name":"BATTERIE (12V \/ 24V) pour PLATFORM 360 Photo Booth"}]},{"@type":"WebSite","@id":"https:\/\/360photoboothpro.eu\/fr\/#website","url":"https:\/\/360photoboothpro.eu\/fr\/","name":"360PhotoBoothPRO","description":"360PhotoBoothPRO","publisher":{"@id":"https:\/\/360photoboothpro.eu\/fr\/#organization"},"potentialAction":[{"@type":"SearchAction","target":{"@type":"EntryPoint","urlTemplate":"https:\/\/360photoboothpro.eu\/fr\/?s={search_term_string}"},"query-input":{"@type":"PropertyValueSpecification","valueRequired":true,"valueName":"search_term_string"}}],"inLanguage":"fr-FR"},{"@type":"Organization","@id":"https:\/\/360photoboothpro.eu\/fr\/#organization","name":"360PhotoBoothPRO","url":"https:\/\/360photoboothpro.eu\/fr\/","logo":{"@type":"ImageObject","inLanguage":"fr-FR","@id":"https:\/\/360photoboothpro.eu\/fr\/#\/schema\/logo\/image\/","url":"https:\/\/360photoboothpro.eu\/wp-content\/uploads\/2023\/03\/logo-360photoboothpro-favicon.png","contentUrl":"https:\/\/360photoboothpro.eu\/wp-content\/uploads\/2023\/03\/logo-360photoboothpro-favicon.png","width":317,"height":317,"caption":"360PhotoBoothPRO"},"image":{"@id":"https:\/\/360photoboothpro.eu\/fr\/#\/schema\/logo\/image\/"},"sameAs":["https:\/\/www.facebook.com\/360PhotoBoothPRO.Canada\/"]}]}},"_links":{"self":[{"href":"https:\/\/360photoboothpro.eu\/fr\/wp-json\/wp\/v2\/product\/5430"}],"collection":[{"href":"https:\/\/360photoboothpro.eu\/fr\/wp-json\/wp\/v2\/product"}],"about":[{"href":"https:\/\/360photoboothpro.eu\/fr\/wp-json\/wp\/v2\/types\/product"}],"replies":[{"embeddable":true,"href":"https:\/\/360photoboothpro.eu\/fr\/wp-json\/wp\/v2\/comments?post=5430"}],"wp:featuredmedia":[{"embeddable":true,"href":"https:\/\/360photoboothpro.eu\/fr\/wp-json\/wp\/v2\/media\/5312"}],"wp:attachment":[{"href":"https:\/\/360photoboothpro.eu\/fr\/wp-json\/wp\/v2\/media?parent=5430"}],"wp:term":[{"taxonomy":"product_cat","embeddable":true,"href":"https:\/\/360photoboothpro.eu\/fr\/wp-json\/wp\/v2\/product_cat?post=5430"},{"taxonomy":"product_tag","embeddable":true,"href":"https:\/\/360photoboothpro.eu\/fr\/wp-json\/wp\/v2\/product_tag?post=5430"}],"curies":[{"name":"wp","href":"https:\/\/api.w.org\/{rel}","templated":true}]}}