{"id":5456,"date":"2023-04-11T13:30:51","date_gmt":"2023-04-11T11:30:51","guid":{"rendered":"https:\/\/360photoboothpro.eu\/product\/360-photo-booth-pro-overhead-cabine-avec-camera-360-cabine-avec-video-360\/"},"modified":"2024-12-01T12:48:58","modified_gmt":"2024-12-01T10:48:58","slug":"360-photo-booth-pro-overhead-360-camera-booth-360-video-booth","status":"publish","type":"product","link":"https:\/\/360photoboothpro.eu\/fr\/produit\/360-photo-booth-pro-overhead-360-camera-booth-360-video-booth\/","title":{"rendered":"360 Photo Booth PRO &#8211; OVERHEAD (cabine avec cam\u00e9ra 360, cabine avec vid\u00e9o 360)"},"content":{"rendered":"<p id=\"tw-target-text\" class=\"tw-data-text tw-text-large tw-ta\" dir=\"ltr\" data-placeholder=\"Traducere\"><span class=\"Y2IQFc\" lang=\"en\">Nous proposons \u00e0 la VENTE (et nous fournissons un SUPPORT TECHNIQUE pour la MISE EN SERVICE) :  <\/span><\/p>\n<ul>\n<li class=\"tw-data-text tw-text-large tw-ta\" dir=\"ltr\" data-placeholder=\"Traducere\"><span class=\"Y2IQFc\" lang=\"en\">PLATE-FORME STANDARD : la plate-forme 360 Photo Booth PRO OVERHEAD (voir la DESCRIPTION d\u00e9taill\u00e9e dans l&rsquo;onglet \u00ab\u00a0PLATE-FORME STANDARD\u00a0\u00bb) ;<\/span><\/li>\n<li class=\"tw-data-text tw-text-large tw-ta\" dir=\"ltr\" data-placeholder=\"Traducere\"><span class=\"Y2IQFc\" lang=\"en\">ou le PACKAGE PLUG &amp; PLAY COMPLET (voir CE QU&rsquo;IL CONTIENT, en d\u00e9tail, dans l&rsquo;onglet \u00ab\u00a0PACKAGE PLUG &amp; PLAY COMPLET\u00a0\u00bb).<br \/>\n<\/span><\/li>\n<\/ul>\n<p>Les 2 onglets sont visibles ci-dessous (si vous acc\u00e9dez au site depuis un t\u00e9l\u00e9phone portable)\/ un peu plus haut (si vous acc\u00e9dez au site depuis un ordinateur de bureau)<\/p>\n","protected":false},"excerpt":{"rendered":"<p id=\"tw-target-text\" class=\"tw-data-text tw-text-large tw-ta\" dir=\"ltr\" data-placeholder=\"Traducere\"><span class=\"Y2IQFc\" lang=\"en\">Pour pouvoir afficher le prix, veuillez choisir les options souhait\u00e9es dans la liste ci-dessous :<\/span><\/p>\n","protected":false},"featured_media":5252,"comment_status":"open","ping_status":"closed","template":"","meta":{"_acf_changed":false},"product_cat":[511],"product_tag":[512],"class_list":{"0":"post-5456","1":"product","2":"type-product","3":"status-publish","4":"has-post-thumbnail","6":"product_cat-frais-generaux","7":"product_tag-tete-de-pont","9":"first","10":"instock","11":"taxable","12":"shipping-taxable","13":"purchasable","14":"product-type-variable"},"acf":[],"yoast_head":"<!-- This site is optimized with the Yoast SEO plugin v23.5 - https:\/\/yoast.com\/wordpress\/plugins\/seo\/ -->\n<title>360 Photo Booth PRO - OVERHEAD (cabine avec cam\u00e9ra 360, cabine avec vid\u00e9o 360) - 360PhotoBoothPRO<\/title>\n<meta name=\"description\" content=\"Photo Booth PRO is an online store where you can buy quality 360 Photo Booth PRO - OVERHEAD (cabine avec cam\u00e9ra 360, cabine avec vid\u00e9o 360) at an affordable price. Buy now!\" \/>\n<meta name=\"robots\" content=\"index, follow, max-snippet:-1, max-image-preview:large, max-video-preview:-1\" \/>\n<link rel=\"canonical\" href=\"https:\/\/360photoboothpro.eu\/fr\/produit\/360-photo-booth-pro-overhead-360-camera-booth-360-video-booth\/\" \/>\n<meta property=\"og:locale\" content=\"fr_FR\" \/>\n<meta property=\"og:type\" content=\"article\" \/>\n<meta property=\"og:title\" content=\"360 Photo Booth PRO - OVERHEAD (cabine avec cam\u00e9ra 360, cabine avec vid\u00e9o 360) - 360PhotoBoothPRO\" \/>\n<meta property=\"og:description\" content=\"Photo Booth PRO is an online store where you can buy quality 360 Photo Booth PRO - OVERHEAD (cabine avec cam\u00e9ra 360, cabine avec vid\u00e9o 360) at an affordable price. Buy now!\" \/>\n<meta property=\"og:url\" content=\"https:\/\/360photoboothpro.eu\/fr\/produit\/360-photo-booth-pro-overhead-360-camera-booth-360-video-booth\/\" \/>\n<meta property=\"og:site_name\" content=\"360PhotoBoothPRO\" \/>\n<meta property=\"article:publisher\" content=\"https:\/\/www.facebook.com\/360PhotoBoothPRO.Canada\/\" \/>\n<meta property=\"article:modified_time\" content=\"2024-12-01T10:48:58+00:00\" \/>\n<meta property=\"og:image\" content=\"https:\/\/360photoboothpro.eu\/wp-content\/uploads\/2023\/04\/360-overhead-social.jpg\" \/>\n<meta name=\"twitter:card\" content=\"summary_large_image\" \/>\n<script type=\"application\/ld+json\" class=\"yoast-schema-graph\">{\"@context\":\"https:\/\/schema.org\",\"@graph\":[{\"@type\":\"WebPage\",\"@id\":\"https:\/\/360photoboothpro.eu\/fr\/produit\/360-photo-booth-pro-overhead-360-camera-booth-360-video-booth\/\",\"url\":\"https:\/\/360photoboothpro.eu\/fr\/produit\/360-photo-booth-pro-overhead-360-camera-booth-360-video-booth\/\",\"name\":\"360 Photo Booth PRO - OVERHEAD (cabine avec cam\u00e9ra 360, cabine avec vid\u00e9o 360) - 360PhotoBoothPRO\",\"isPartOf\":{\"@id\":\"https:\/\/360photoboothpro.eu\/fr\/#website\"},\"primaryImageOfPage\":{\"@id\":\"https:\/\/360photoboothpro.eu\/fr\/produit\/360-photo-booth-pro-overhead-360-camera-booth-360-video-booth\/#primaryimage\"},\"image\":{\"@id\":\"https:\/\/360photoboothpro.eu\/fr\/produit\/360-photo-booth-pro-overhead-360-camera-booth-360-video-booth\/#primaryimage\"},\"thumbnailUrl\":\"https:\/\/360photoboothpro.eu\/wp-content\/uploads\/2023\/04\/overhead-360-photo-booth-1.webp\",\"datePublished\":\"2023-04-11T11:30:51+00:00\",\"dateModified\":\"2024-12-01T10:48:58+00:00\",\"description\":\"Photo Booth PRO is an online store where you can buy quality 360 Photo Booth PRO - OVERHEAD (cabine avec cam\u00e9ra 360, cabine avec vid\u00e9o 360) at an affordable price. Buy now!\",\"breadcrumb\":{\"@id\":\"https:\/\/360photoboothpro.eu\/fr\/produit\/360-photo-booth-pro-overhead-360-camera-booth-360-video-booth\/#breadcrumb\"},\"inLanguage\":\"fr-FR\",\"potentialAction\":[{\"@type\":\"ReadAction\",\"target\":[\"https:\/\/360photoboothpro.eu\/fr\/produit\/360-photo-booth-pro-overhead-360-camera-booth-360-video-booth\/\"]}]},{\"@type\":\"ImageObject\",\"inLanguage\":\"fr-FR\",\"@id\":\"https:\/\/360photoboothpro.eu\/fr\/produit\/360-photo-booth-pro-overhead-360-camera-booth-360-video-booth\/#primaryimage\",\"url\":\"https:\/\/360photoboothpro.eu\/wp-content\/uploads\/2023\/04\/overhead-360-photo-booth-1.webp\",\"contentUrl\":\"https:\/\/360photoboothpro.eu\/wp-content\/uploads\/2023\/04\/overhead-360-photo-booth-1.webp\",\"width\":2560,\"height\":2120,\"caption\":\"overhead 360 photo booth pro\"},{\"@type\":\"BreadcrumbList\",\"@id\":\"https:\/\/360photoboothpro.eu\/fr\/produit\/360-photo-booth-pro-overhead-360-camera-booth-360-video-booth\/#breadcrumb\",\"itemListElement\":[{\"@type\":\"ListItem\",\"position\":1,\"name\":\"Home\",\"item\":\"https:\/\/360photoboothpro.eu\/fr\/\"},{\"@type\":\"ListItem\",\"position\":2,\"name\":\"Boutique\",\"item\":\"https:\/\/360photoboothpro.eu\/fr\/boutique\/\"},{\"@type\":\"ListItem\",\"position\":3,\"name\":\"360 Photo Booth PRO &#8211; OVERHEAD (cabine avec cam\u00e9ra 360, cabine avec vid\u00e9o 360)\"}]},{\"@type\":\"WebSite\",\"@id\":\"https:\/\/360photoboothpro.eu\/fr\/#website\",\"url\":\"https:\/\/360photoboothpro.eu\/fr\/\",\"name\":\"360PhotoBoothPRO\",\"description\":\"360PhotoBoothPRO\",\"publisher\":{\"@id\":\"https:\/\/360photoboothpro.eu\/fr\/#organization\"},\"potentialAction\":[{\"@type\":\"SearchAction\",\"target\":{\"@type\":\"EntryPoint\",\"urlTemplate\":\"https:\/\/360photoboothpro.eu\/fr\/?s={search_term_string}\"},\"query-input\":{\"@type\":\"PropertyValueSpecification\",\"valueRequired\":true,\"valueName\":\"search_term_string\"}}],\"inLanguage\":\"fr-FR\"},{\"@type\":\"Organization\",\"@id\":\"https:\/\/360photoboothpro.eu\/fr\/#organization\",\"name\":\"360PhotoBoothPRO\",\"url\":\"https:\/\/360photoboothpro.eu\/fr\/\",\"logo\":{\"@type\":\"ImageObject\",\"inLanguage\":\"fr-FR\",\"@id\":\"https:\/\/360photoboothpro.eu\/fr\/#\/schema\/logo\/image\/\",\"url\":\"https:\/\/360photoboothpro.eu\/wp-content\/uploads\/2023\/03\/logo-360photoboothpro-favicon.png\",\"contentUrl\":\"https:\/\/360photoboothpro.eu\/wp-content\/uploads\/2023\/03\/logo-360photoboothpro-favicon.png\",\"width\":317,\"height\":317,\"caption\":\"360PhotoBoothPRO\"},\"image\":{\"@id\":\"https:\/\/360photoboothpro.eu\/fr\/#\/schema\/logo\/image\/\"},\"sameAs\":[\"https:\/\/www.facebook.com\/360PhotoBoothPRO.Canada\/\"]}]}<\/script>\n<!-- \/ Yoast SEO plugin. -->","yoast_head_json":{"title":"360 Photo Booth PRO - OVERHEAD (cabine avec cam\u00e9ra 360, cabine avec vid\u00e9o 360) - 360PhotoBoothPRO","description":"Photo Booth PRO is an online store where you can buy quality 360 Photo Booth PRO - OVERHEAD (cabine avec cam\u00e9ra 360, cabine avec vid\u00e9o 360) at an affordable price. Buy now!","robots":{"index":"index","follow":"follow","max-snippet":"max-snippet:-1","max-image-preview":"max-image-preview:large","max-video-preview":"max-video-preview:-1"},"canonical":"https:\/\/360photoboothpro.eu\/fr\/produit\/360-photo-booth-pro-overhead-360-camera-booth-360-video-booth\/","og_locale":"fr_FR","og_type":"article","og_title":"360 Photo Booth PRO - OVERHEAD (cabine avec cam\u00e9ra 360, cabine avec vid\u00e9o 360) - 360PhotoBoothPRO","og_description":"Photo Booth PRO is an online store where you can buy quality 360 Photo Booth PRO - OVERHEAD (cabine avec cam\u00e9ra 360, cabine avec vid\u00e9o 360) at an affordable price. Buy now!","og_url":"https:\/\/360photoboothpro.eu\/fr\/produit\/360-photo-booth-pro-overhead-360-camera-booth-360-video-booth\/","og_site_name":"360PhotoBoothPRO","article_publisher":"https:\/\/www.facebook.com\/360PhotoBoothPRO.Canada\/","article_modified_time":"2024-12-01T10:48:58+00:00","og_image":[{"url":"https:\/\/360photoboothpro.eu\/wp-content\/uploads\/2023\/04\/360-overhead-social.jpg"}],"twitter_card":"summary_large_image","schema":{"@context":"https:\/\/schema.org","@graph":[{"@type":"WebPage","@id":"https:\/\/360photoboothpro.eu\/fr\/produit\/360-photo-booth-pro-overhead-360-camera-booth-360-video-booth\/","url":"https:\/\/360photoboothpro.eu\/fr\/produit\/360-photo-booth-pro-overhead-360-camera-booth-360-video-booth\/","name":"360 Photo Booth PRO - OVERHEAD (cabine avec cam\u00e9ra 360, cabine avec vid\u00e9o 360) - 360PhotoBoothPRO","isPartOf":{"@id":"https:\/\/360photoboothpro.eu\/fr\/#website"},"primaryImageOfPage":{"@id":"https:\/\/360photoboothpro.eu\/fr\/produit\/360-photo-booth-pro-overhead-360-camera-booth-360-video-booth\/#primaryimage"},"image":{"@id":"https:\/\/360photoboothpro.eu\/fr\/produit\/360-photo-booth-pro-overhead-360-camera-booth-360-video-booth\/#primaryimage"},"thumbnailUrl":"https:\/\/360photoboothpro.eu\/wp-content\/uploads\/2023\/04\/overhead-360-photo-booth-1.webp","datePublished":"2023-04-11T11:30:51+00:00","dateModified":"2024-12-01T10:48:58+00:00","description":"Photo Booth PRO is an online store where you can buy quality 360 Photo Booth PRO - OVERHEAD (cabine avec cam\u00e9ra 360, cabine avec vid\u00e9o 360) at an affordable price. Buy now!","breadcrumb":{"@id":"https:\/\/360photoboothpro.eu\/fr\/produit\/360-photo-booth-pro-overhead-360-camera-booth-360-video-booth\/#breadcrumb"},"inLanguage":"fr-FR","potentialAction":[{"@type":"ReadAction","target":["https:\/\/360photoboothpro.eu\/fr\/produit\/360-photo-booth-pro-overhead-360-camera-booth-360-video-booth\/"]}]},{"@type":"ImageObject","inLanguage":"fr-FR","@id":"https:\/\/360photoboothpro.eu\/fr\/produit\/360-photo-booth-pro-overhead-360-camera-booth-360-video-booth\/#primaryimage","url":"https:\/\/360photoboothpro.eu\/wp-content\/uploads\/2023\/04\/overhead-360-photo-booth-1.webp","contentUrl":"https:\/\/360photoboothpro.eu\/wp-content\/uploads\/2023\/04\/overhead-360-photo-booth-1.webp","width":2560,"height":2120,"caption":"overhead 360 photo booth pro"},{"@type":"BreadcrumbList","@id":"https:\/\/360photoboothpro.eu\/fr\/produit\/360-photo-booth-pro-overhead-360-camera-booth-360-video-booth\/#breadcrumb","itemListElement":[{"@type":"ListItem","position":1,"name":"Home","item":"https:\/\/360photoboothpro.eu\/fr\/"},{"@type":"ListItem","position":2,"name":"Boutique","item":"https:\/\/360photoboothpro.eu\/fr\/boutique\/"},{"@type":"ListItem","position":3,"name":"360 Photo Booth PRO &#8211; OVERHEAD (cabine avec cam\u00e9ra 360, cabine avec vid\u00e9o 360)"}]},{"@type":"WebSite","@id":"https:\/\/360photoboothpro.eu\/fr\/#website","url":"https:\/\/360photoboothpro.eu\/fr\/","name":"360PhotoBoothPRO","description":"360PhotoBoothPRO","publisher":{"@id":"https:\/\/360photoboothpro.eu\/fr\/#organization"},"potentialAction":[{"@type":"SearchAction","target":{"@type":"EntryPoint","urlTemplate":"https:\/\/360photoboothpro.eu\/fr\/?s={search_term_string}"},"query-input":{"@type":"PropertyValueSpecification","valueRequired":true,"valueName":"search_term_string"}}],"inLanguage":"fr-FR"},{"@type":"Organization","@id":"https:\/\/360photoboothpro.eu\/fr\/#organization","name":"360PhotoBoothPRO","url":"https:\/\/360photoboothpro.eu\/fr\/","logo":{"@type":"ImageObject","inLanguage":"fr-FR","@id":"https:\/\/360photoboothpro.eu\/fr\/#\/schema\/logo\/image\/","url":"https:\/\/360photoboothpro.eu\/wp-content\/uploads\/2023\/03\/logo-360photoboothpro-favicon.png","contentUrl":"https:\/\/360photoboothpro.eu\/wp-content\/uploads\/2023\/03\/logo-360photoboothpro-favicon.png","width":317,"height":317,"caption":"360PhotoBoothPRO"},"image":{"@id":"https:\/\/360photoboothpro.eu\/fr\/#\/schema\/logo\/image\/"},"sameAs":["https:\/\/www.facebook.com\/360PhotoBoothPRO.Canada\/"]}]}},"_links":{"self":[{"href":"https:\/\/360photoboothpro.eu\/fr\/wp-json\/wp\/v2\/product\/5456"}],"collection":[{"href":"https:\/\/360photoboothpro.eu\/fr\/wp-json\/wp\/v2\/product"}],"about":[{"href":"https:\/\/360photoboothpro.eu\/fr\/wp-json\/wp\/v2\/types\/product"}],"replies":[{"embeddable":true,"href":"https:\/\/360photoboothpro.eu\/fr\/wp-json\/wp\/v2\/comments?post=5456"}],"wp:featuredmedia":[{"embeddable":true,"href":"https:\/\/360photoboothpro.eu\/fr\/wp-json\/wp\/v2\/media\/5252"}],"wp:attachment":[{"href":"https:\/\/360photoboothpro.eu\/fr\/wp-json\/wp\/v2\/media?parent=5456"}],"wp:term":[{"taxonomy":"product_cat","embeddable":true,"href":"https:\/\/360photoboothpro.eu\/fr\/wp-json\/wp\/v2\/product_cat?post=5456"},{"taxonomy":"product_tag","embeddable":true,"href":"https:\/\/360photoboothpro.eu\/fr\/wp-json\/wp\/v2\/product_tag?post=5456"}],"curies":[{"name":"wp","href":"https:\/\/api.w.org\/{rel}","templated":true}]}}