{"id":5517,"date":"2023-04-11T12:54:41","date_gmt":"2023-04-11T10:54:41","guid":{"rendered":"https:\/\/360photoboothpro.eu\/product\/cabine-photo-360-pro-miroir-infini-automatique-80cm-cabine-photo-360-cabine-video-360\/"},"modified":"2026-01-16T18:18:18","modified_gmt":"2026-01-16T16:18:18","slug":"360-photo-booth-pro-80-cm-automatic-infinity-mirror-360-camera-booth-360-video-booth","status":"publish","type":"product","link":"https:\/\/360photoboothpro.eu\/fr\/produit\/360-photo-booth-pro-80-cm-automatic-infinity-mirror-360-camera-booth-360-video-booth\/","title":{"rendered":"Cabine Photo 360 PRO &#8211; Miroir Infini AUTOMATIQUE 80cm (Cabine photo 360, Cabine vid\u00e9o 360)"},"content":{"rendered":"<p id=\"tw-target-text\" class=\"tw-data-text tw-text-large tw-ta\" dir=\"ltr\" data-placeholder=\"Traducere\"><span class=\"Y2IQFc\" lang=\"en\">360 Photo Booth PRO 80cm \u00e0 vendre (nous fournissons un SUPPORT TECHNIQUE pour la mise en service).<\/span><\/p>\n<p><span class=\"Y2IQFc\" lang=\"en\">PLATEFORME STANDARD : la plateforme 360 Photo Booth PRO : voir la DESCRIPTION d\u00e9taill\u00e9e.<\/span><\/p>\n<p>&nbsp;<\/p>\n<p id=\"tw-target-text\" class=\"tw-data-text tw-text-large tw-ta\" dir=\"ltr\" data-placeholder=\"Traducere\"><span class=\"Y2IQFc\" lang=\"en\">DANS LE PACKAGE \u00ab\u00a0STANDARD\u00a0\u00bb, 360 Photo Booth PRO &#8211; Miroir Infini Automatique de 80cm (DIAMETRE 80cm\/ CAPACITE 1-3 PERSONNES, maximum 450kg\/ POIDS 44.5kg) CONTIENT :<\/span><\/p>\n<style>.elementor-5423 .elementor-element.elementor-element-b8e0d4b .elementor-icon-list-items:not(.elementor-inline-items) .elementor-icon-list-item:not(:last-child){padding-bottom:calc(10px\/2);}.elementor-5423 .elementor-element.elementor-element-b8e0d4b .elementor-icon-list-items:not(.elementor-inline-items) .elementor-icon-list-item:not(:first-child){margin-top:calc(10px\/2);}.elementor-5423 .elementor-element.elementor-element-b8e0d4b .elementor-icon-list-items.elementor-inline-items .elementor-icon-list-item{margin-right:calc(10px\/2);margin-left:calc(10px\/2);}.elementor-5423 .elementor-element.elementor-element-b8e0d4b .elementor-icon-list-items.elementor-inline-items{margin-right:calc(-10px\/2);margin-left:calc(-10px\/2);}body.rtl .elementor-5423 .elementor-element.elementor-element-b8e0d4b .elementor-icon-list-items.elementor-inline-items .elementor-icon-list-item:after{left:calc(-10px\/2);}body:not(.rtl) .elementor-5423 .elementor-element.elementor-element-b8e0d4b .elementor-icon-list-items.elementor-inline-items .elementor-icon-list-item:after{right:calc(-10px\/2);}.elementor-5423 .elementor-element.elementor-element-b8e0d4b .elementor-icon-list-icon i{color:#61CE70;transition:color 0.3s;}.elementor-5423 .elementor-element.elementor-element-b8e0d4b .elementor-icon-list-icon svg{fill:#61CE70;transition:fill 0.3s;}.elementor-5423 .elementor-element.elementor-element-b8e0d4b .elementor-icon-list-item:hover .elementor-icon-list-icon i{color:#6EC1E4;}.elementor-5423 .elementor-element.elementor-element-b8e0d4b .elementor-icon-list-item:hover .elementor-icon-list-icon svg{fill:#6EC1E4;}.elementor-5423 .elementor-element.elementor-element-b8e0d4b{--e-icon-list-icon-size:29px;--icon-vertical-offset:0px;}.elementor-5423 .elementor-element.elementor-element-b8e0d4b .elementor-icon-list-text{transition:color 0.3s;}<\/style><div class=\"porto-block elementor elementor-5423\" data-id=\"5423\">\t\t<section class=\"elementor-section elementor-top-section elementor-element elementor-element-11652cb elementor-section-boxed elementor-section-height-default elementor-section-height-default\" data-id=\"11652cb\" data-element_type=\"section\">\r\n\t\t\r\n\t\t\t\t\t\t\t<div class=\"elementor-container elementor-column-gap-default\">\r\n\t\t\t\t\t\t\t\t\t\t\t<div class=\"elementor-column elementor-col-100 elementor-top-column elementor-element elementor-element-d6a5b4c\" data-id=\"d6a5b4c\" data-element_type=\"column\">\r\n\t\t\t\t\t<div class=\"elementor-widget-wrap elementor-element-populated\">\r\n\t\t\t\t\t\t\t\t<div class=\"elementor-element elementor-element-b8e0d4b elementor-icon-list--layout-traditional elementor-list-item-link-full_width elementor-widget elementor-widget-icon-list\" data-id=\"b8e0d4b\" data-element_type=\"widget\" data-widget_type=\"icon-list.default\">\n\t\t\t\t<div class=\"elementor-widget-container\">\n\t\t\t\t\t<ul class=\"elementor-icon-list-items\">\n\t\t\t\t\t\t\t<li class=\"elementor-icon-list-item\">\n\t\t\t\t\t\t\t\t\t\t\t<span class=\"elementor-icon-list-icon\">\n\t\t\t\t\t\t\t<i aria-hidden=\"true\" class=\"fas fa-check\"><\/i>\t\t\t\t\t\t<\/span>\n\t\t\t\t\t\t\t\t\t\t<span class=\"elementor-icon-list-text\">PLATEFORME EN VERRE TEMPERISE de premi\u00e8re qualit\u00e9, de forme RONDE, HAUTEUR 16 cm, fabriqu\u00e9e avec une attention maximale aux d\u00e9tails, \u00e9tant con\u00e7ue par CAO, et les composants \u00e9tant d\u00e9coup\u00e9s au laser et assembl\u00e9s \u00e0 la main. Tous les \u00e9l\u00e9ments \u00e9lectroniques sont encapsul\u00e9s pour assurer la protection et la s\u00e9curit\u00e9 du fonctionnement. La structure de r\u00e9sistance de la plate-forme est constitu\u00e9e de profil\u00e9s m\u00e9talliques, ce qui lui conf\u00e8re une grande r\u00e9sistance \u00e0 la charge. Le dessus est en verre tremp\u00e9, tr\u00e8s r\u00e9sistant.<\/span>\n\t\t\t\t\t\t\t\t\t<\/li>\n\t\t\t\t\t\t\t\t<li class=\"elementor-icon-list-item\">\n\t\t\t\t\t\t\t\t\t\t\t<span class=\"elementor-icon-list-icon\">\n\t\t\t\t\t\t\t<i aria-hidden=\"true\" class=\"fas fa-check\"><\/i>\t\t\t\t\t\t<\/span>\n\t\t\t\t\t\t\t\t\t\t<span class=\"elementor-icon-list-text\">MOTEUR M\u00c9TALLIQUE de type industriel avec transmission par courroie, \u00e9quip\u00e9 d'un syst\u00e8me anti-d\u00e9rapant. De plus, le moteur est prot\u00e9g\u00e9 contre les chocs (au cas o\u00f9 le bras rotatif heurterait un obstacle).<\/span>\n\t\t\t\t\t\t\t\t\t<\/li>\n\t\t\t\t\t\t\t\t<li class=\"elementor-icon-list-item\">\n\t\t\t\t\t\t\t\t\t\t\t<span class=\"elementor-icon-list-icon\">\n\t\t\t\t\t\t\t<i aria-hidden=\"true\" class=\"fas fa-check\"><\/i>\t\t\t\t\t\t<\/span>\n\t\t\t\t\t\t\t\t\t\t<span class=\"elementor-icon-list-text\">BRAS ROTATIF tr\u00e8s r\u00e9sistant, en profil\u00e9s m\u00e9talliques, avec T\u00c9L\u00c9COMMANDE (2 PI\u00c8CES), avec D\u00c9MARRAGE LENT, VITESSE R\u00c9GLABLE (5 niveaux de vitesse) et possibilit\u00e9 de CHANGER LE SENS DE LA ROTATION. De plus, le bras motoris\u00e9 est ADJUSTABLE EN HAUTEUR (entre 130 et 190 cm) et a un ANGLE D'INCLINAISON ADJUSTABLE (entre 45 et 135 degr\u00e9s). Dans cette version r\u00e9glable, la plate-forme peut \u00eatre utilis\u00e9e par les enfants et les adultes.<\/span>\n\t\t\t\t\t\t\t\t\t<\/li>\n\t\t\t\t\t\t\t\t<li class=\"elementor-icon-list-item\">\n\t\t\t\t\t\t\t\t\t\t\t<span class=\"elementor-icon-list-icon\">\n\t\t\t\t\t\t\t<i aria-hidden=\"true\" class=\"fas fa-check\"><\/i>\t\t\t\t\t\t<\/span>\n\t\t\t\t\t\t\t\t\t\t<span class=\"elementor-icon-list-text\">Support de batterie ;<\/span>\n\t\t\t\t\t\t\t\t\t<\/li>\n\t\t\t\t\t\t\t\t<li class=\"elementor-icon-list-item\">\n\t\t\t\t\t\t\t\t\t\t\t<span class=\"elementor-icon-list-icon\">\n\t\t\t\t\t\t\t<i aria-hidden=\"true\" class=\"fas fa-check\"><\/i>\t\t\t\t\t\t<\/span>\n\t\t\t\t\t\t\t\t\t\t<span class=\"elementor-icon-list-text\">iPhone +iPad +GoPro +DSLR SUPPORT ;<\/span>\n\t\t\t\t\t\t\t\t\t<\/li>\n\t\t\t\t\t\t\t\t<li class=\"elementor-icon-list-item\">\n\t\t\t\t\t\t\t\t\t\t\t<span class=\"elementor-icon-list-icon\">\n\t\t\t\t\t\t\t<i aria-hidden=\"true\" class=\"fas fa-check\"><\/i>\t\t\t\t\t\t<\/span>\n\t\t\t\t\t\t\t\t\t\t<span class=\"elementor-icon-list-text\">Anneau lumineux professionnel (DIAM\u00c8TRE EXT\u00c9RIEUR 30 cm, DIAM\u00c8TRE INT\u00c9RIEUR 23,5 cm, \u00c9PAISSEUR DE L'ANNEAU 3,25 cm), \u00e9quip\u00e9 d'un BOUTON DE R\u00c9GLAGE DE L'INTENSIT\u00c9 DE LA LUMI\u00c8RE (10 NIVEAUX D'INTENSIT\u00c9), d'une puissance de 10 W, qui a une TEMP\u00c9RATURE DE COULEUR R\u00c9GLABLE (entre 3000 et 6500 degr\u00e9s Kelvin) et \u00e9met \u00e0 la fois une LUMI\u00c8RE CHAUDE, une LUMI\u00c8RE NORMALE et une LUMI\u00c8RE FROIDE. Les 184 LED (144 LED STANDARD + 40 LED MAGIQUES) \u00e9mettent 16 COULEURS DE BASE et 17 MODES D'EFFETS RVB. La lampe est dot\u00e9e d'un anneau r\u00e9glable \u00e0 180 degr\u00e9s et le c\u00e2ble USB mesure 2 m\u00e8tres.<\/span>\n\t\t\t\t\t\t\t\t\t<\/li>\n\t\t\t\t\t\t\t\t<li class=\"elementor-icon-list-item\">\n\t\t\t\t\t\t\t\t\t\t\t<span class=\"elementor-icon-list-icon\">\n\t\t\t\t\t\t\t<i aria-hidden=\"true\" class=\"fas fa-check\"><\/i>\t\t\t\t\t\t<\/span>\n\t\t\t\t\t\t\t\t\t\t<span class=\"elementor-icon-list-text\">ADAPTEUR et C\u00c2BLE D'ALIMENTATION (longueur de 2 m\u00e8tres) ;<\/span>\n\t\t\t\t\t\t\t\t\t<\/li>\n\t\t\t\t\t\t\t\t<li class=\"elementor-icon-list-item\">\n\t\t\t\t\t\t\t\t\t\t\t<span class=\"elementor-icon-list-icon\">\n\t\t\t\t\t\t\t<i aria-hidden=\"true\" class=\"fas fa-check\"><\/i>\t\t\t\t\t\t<\/span>\n\t\t\t\t\t\t\t\t\t\t<span class=\"elementor-icon-list-text\">SYST\u00c8ME D'\u00c9CLAIRAGE AMBIANT RGB LED, situ\u00e9 \u00e0 la base de la plate-forme, r\u00e9sistant \u00e0 l'humidit\u00e9, dont les couleurs peuvent \u00eatre s\u00e9lectionn\u00e9es \u00e0 partir de la T\u00c9L\u00c9COMMANDE. Gr\u00e2ce \u00e0 cette bande LED, la plateforme s'int\u00e8gre facilement dans un environnement sp\u00e9cifique aux \u00e9v\u00e9nements.<\/span>\n\t\t\t\t\t\t\t\t\t<\/li>\n\t\t\t\t\t\t\t\t<li class=\"elementor-icon-list-item\">\n\t\t\t\t\t\t\t\t\t\t\t<span class=\"elementor-icon-list-icon\">\n\t\t\t\t\t\t\t<i aria-hidden=\"true\" class=\"fas fa-check\"><\/i>\t\t\t\t\t\t<\/span>\n\t\t\t\t\t\t\t\t\t\t<span class=\"elementor-icon-list-text\">SUPPORTS DE R\u00c9GLAGE DE LA HAUTEUR fix\u00e9s \u00e0 la base de la plate-forme, qui augmentent le niveau de STABILIT\u00c9 et de S\u00c9CURIT\u00c9. Bien entendu, pour \u00e9viter l'instabilit\u00e9, il est n\u00e9cessaire que la surface sur laquelle la plate-forme est plac\u00e9e soit droite, sans asp\u00e9rit\u00e9 (un contr\u00f4le de la surface o\u00f9 la plate-forme sera positionn\u00e9e est toujours n\u00e9cessaire).<\/span>\n\t\t\t\t\t\t\t\t\t<\/li>\n\t\t\t\t\t\t\t\t<li class=\"elementor-icon-list-item\">\n\t\t\t\t\t\t\t\t\t\t\t<span class=\"elementor-icon-list-icon\">\n\t\t\t\t\t\t\t<i aria-hidden=\"true\" class=\"fas fa-check\"><\/i>\t\t\t\t\t\t<\/span>\n\t\t\t\t\t\t\t\t\t\t<span class=\"elementor-icon-list-text\">PERSONNALISATION de la plateforme par adh\u00e9sif lamin\u00e9 avec LOGO et vos coordonn\u00e9es ;<\/span>\n\t\t\t\t\t\t\t\t\t<\/li>\n\t\t\t\t\t\t\t\t<li class=\"elementor-icon-list-item\">\n\t\t\t\t\t\t\t\t\t\t\t<span class=\"elementor-icon-list-icon\">\n\t\t\t\t\t\t\t<i aria-hidden=\"true\" class=\"fas fa-check\"><\/i>\t\t\t\t\t\t<\/span>\n\t\t\t\t\t\t\t\t\t\t<span class=\"elementor-icon-list-text\">PROTECTION TRANSPARENTE en PVC pour les autocollants lamin\u00e9s avec logo ;<\/span>\n\t\t\t\t\t\t\t\t\t<\/li>\n\t\t\t\t\t\t\t\t<li class=\"elementor-icon-list-item\">\n\t\t\t\t\t\t\t\t\t\t\t<span class=\"elementor-icon-list-icon\">\n\t\t\t\t\t\t\t<i aria-hidden=\"true\" class=\"fas fa-check\"><\/i>\t\t\t\t\t\t<\/span>\n\t\t\t\t\t\t\t\t\t\t<span class=\"elementor-icon-list-text\">Tapis rouge rond, en FLANNEL, qui se place sous la plate-forme pour prot\u00e9ger la surface sur laquelle il est mont\u00e9 et qui, ayant un diam\u00e8tre l\u00e9g\u00e8rement sup\u00e9rieur \u00e0 celui de la plate-forme, d\u00e9passe ses bords et cr\u00e9e un contour qui lui donne plus d'\u00e9l\u00e9gance ;<\/span>\n\t\t\t\t\t\t\t\t\t<\/li>\n\t\t\t\t\t\t\t\t<li class=\"elementor-icon-list-item\">\n\t\t\t\t\t\t\t\t\t\t\t<span class=\"elementor-icon-list-icon\">\n\t\t\t\t\t\t\t<i aria-hidden=\"true\" class=\"fas fa-check\"><\/i>\t\t\t\t\t\t<\/span>\n\t\t\t\t\t\t\t\t\t\t<span class=\"elementor-icon-list-text\">HOUSSE DE PROTECTION ET DE TRANSPORT en mat\u00e9riau imperm\u00e9able, munie de ROUES ET POIGN\u00c9ES EN SILICONE MULTIDIRECTIONNELLES POUR UNE MANUTENTION FACILE (peut \u00eatre transform\u00e9e en FLIGHT CASE : 300 EURO SUPPL\u00c9MENTAIRES).<\/span>\n\t\t\t\t\t\t\t\t\t<\/li>\n\t\t\t\t\t\t\t\t<li class=\"elementor-icon-list-item\">\n\t\t\t\t\t\t\t\t\t\t\t<span class=\"elementor-icon-list-icon\">\n\t\t\t\t\t\t\t<i aria-hidden=\"true\" class=\"fas fa-check\"><\/i>\t\t\t\t\t\t<\/span>\n\t\t\t\t\t\t\t\t\t\t<span class=\"elementor-icon-list-text\">LE MODE D'EMPLOI.<\/span>\n\t\t\t\t\t\t\t\t\t<\/li>\n\t\t\t\t\t\t<\/ul>\n\t\t\t\t<\/div>\n\t\t\t\t<\/div>\n\t\t\t\t\t<\/div>\r\n\t\t\t\t<\/div>\r\n\t\t\t\t\t<\/div>\r\n\t\t\t\t<\/section>\r\n\t\t<\/div>\n<p>&nbsp;<\/p>\n<p>Vous avez \u00e9galement la possibilit\u00e9 de passer au \u00ab\u00a0FULL <span class=\"Y2IQFc\" lang=\"en\">PLUG &amp; PLAY PACKAGE<\/span>\u00a0\u00bb &#8211; <a href=\"https:\/\/360photoboothpro.eu\/product\/upgrade-to-full-plug-play-package\/\">VOIR CE QU&rsquo;IL CONTIENT, en d\u00e9tail, dans la page suivante : CLIQUEZ ICI.<\/a><\/p>\n","protected":false},"excerpt":{"rendered":"<p id=\"tw-target-text\" class=\"tw-data-text tw-text-large tw-ta\" dir=\"ltr\" data-placeholder=\"Traducere\"><span class=\"Y2IQFc\" lang=\"en\">Notre soci\u00e9t\u00e9 est situ\u00e9e en Roumanie.<br \/>\nNous exp\u00e9dions les produits de notre stock.<br \/>\nLe produit sera exp\u00e9di\u00e9 dans un d\u00e9lai de 5 \u00e0 7 jours ouvrables.<\/span><\/p>\n","protected":false},"featured_media":12631,"comment_status":"open","ping_status":"closed","template":"","meta":{"_acf_changed":false},"product_cat":[155],"product_tag":[124,125,128,131,129,130,132,133,127,126,134,123],"class_list":{"0":"post-5517","1":"product","2":"type-product","3":"status-publish","4":"has-post-thumbnail","6":"product_cat-360-photo-booth-platformes","7":"product_tag-cabine-360-a-vendre","8":"product_tag-cabine-avec-camera-360","9":"product_tag-cabine-photo-360","10":"product_tag-cabine-photo-360-fr","11":"product_tag-cabine-photo-360-a-vendre","12":"product_tag-cabine-selfie-360","13":"product_tag-cabine-video-360","14":"product_tag-cabine-video-360-a-vendre","15":"product_tag-photomaton-a-360-degres","16":"product_tag-photomaton-avec-camera-360","17":"product_tag-photomaton-rotatif","18":"product_tag-stand-360","20":"first","21":"instock","22":"taxable","23":"shipping-taxable","24":"purchasable","25":"product-type-simple"},"acf":[],"yoast_head":"<!-- This site is optimized with the Yoast SEO plugin v23.5 - https:\/\/yoast.com\/wordpress\/plugins\/seo\/ -->\n<title>Cabine Photo 360 PRO - Miroir Infini AUTOMATIQUE 80cm (Cabine photo 360, Cabine vid\u00e9o 360) - 360PhotoBoothPRO<\/title>\n<meta name=\"description\" content=\"Photo Booth PRO is an online store where you can buy quality Cabine Photo 360 PRO - Miroir Infini AUTOMATIQUE 80cm (Cabine photo 360, Cabine vid\u00e9o 360) at an affordable price. Buy now!\" \/>\n<meta name=\"robots\" content=\"index, follow, max-snippet:-1, max-image-preview:large, max-video-preview:-1\" \/>\n<link rel=\"canonical\" href=\"https:\/\/360photoboothpro.eu\/fr\/produit\/360-photo-booth-pro-80-cm-automatic-infinity-mirror-360-camera-booth-360-video-booth\/\" \/>\n<meta property=\"og:locale\" content=\"fr_FR\" \/>\n<meta property=\"og:type\" content=\"article\" \/>\n<meta property=\"og:title\" content=\"Cabine Photo 360 PRO - Miroir Infini AUTOMATIQUE 80cm (Cabine photo 360, Cabine vid\u00e9o 360) - 360PhotoBoothPRO\" \/>\n<meta property=\"og:description\" content=\"Photo Booth PRO is an online store where you can buy quality Cabine Photo 360 PRO - Miroir Infini AUTOMATIQUE 80cm (Cabine photo 360, Cabine vid\u00e9o 360) at an affordable price. Buy now!\" \/>\n<meta property=\"og:url\" content=\"https:\/\/360photoboothpro.eu\/fr\/produit\/360-photo-booth-pro-80-cm-automatic-infinity-mirror-360-camera-booth-360-video-booth\/\" \/>\n<meta property=\"og:site_name\" content=\"360PhotoBoothPRO\" \/>\n<meta property=\"article:publisher\" content=\"https:\/\/www.facebook.com\/360PhotoBoothPRO.Canada\/\" \/>\n<meta property=\"article:modified_time\" content=\"2026-01-16T16:18:18+00:00\" \/>\n<meta property=\"og:image\" content=\"https:\/\/360photoboothpro.eu\/wp-content\/uploads\/2023\/04\/360-photo-booth-pro-automatic-infinity-mirror-360-camera-booth-360-video-booth-24-social.jpg\" \/>\n<meta name=\"twitter:card\" content=\"summary_large_image\" \/>\n<script type=\"application\/ld+json\" class=\"yoast-schema-graph\">{\"@context\":\"https:\/\/schema.org\",\"@graph\":[{\"@type\":\"WebPage\",\"@id\":\"https:\/\/360photoboothpro.eu\/fr\/produit\/360-photo-booth-pro-80-cm-automatic-infinity-mirror-360-camera-booth-360-video-booth\/\",\"url\":\"https:\/\/360photoboothpro.eu\/fr\/produit\/360-photo-booth-pro-80-cm-automatic-infinity-mirror-360-camera-booth-360-video-booth\/\",\"name\":\"Cabine Photo 360 PRO - Miroir Infini AUTOMATIQUE 80cm (Cabine photo 360, Cabine vid\u00e9o 360) - 360PhotoBoothPRO\",\"isPartOf\":{\"@id\":\"https:\/\/360photoboothpro.eu\/fr\/#website\"},\"primaryImageOfPage\":{\"@id\":\"https:\/\/360photoboothpro.eu\/fr\/produit\/360-photo-booth-pro-80-cm-automatic-infinity-mirror-360-camera-booth-360-video-booth\/#primaryimage\"},\"image\":{\"@id\":\"https:\/\/360photoboothpro.eu\/fr\/produit\/360-photo-booth-pro-80-cm-automatic-infinity-mirror-360-camera-booth-360-video-booth\/#primaryimage\"},\"thumbnailUrl\":\"https:\/\/360photoboothpro.eu\/wp-content\/uploads\/2023\/04\/360-photo-booth-pro-automatic-infinity-mirror-360-camera-booth-360-video-booth-24.jpg\",\"datePublished\":\"2023-04-11T10:54:41+00:00\",\"dateModified\":\"2026-01-16T16:18:18+00:00\",\"description\":\"Photo Booth PRO is an online store where you can buy quality Cabine Photo 360 PRO - Miroir Infini AUTOMATIQUE 80cm (Cabine photo 360, Cabine vid\u00e9o 360) at an affordable price. Buy now!\",\"breadcrumb\":{\"@id\":\"https:\/\/360photoboothpro.eu\/fr\/produit\/360-photo-booth-pro-80-cm-automatic-infinity-mirror-360-camera-booth-360-video-booth\/#breadcrumb\"},\"inLanguage\":\"fr-FR\",\"potentialAction\":[{\"@type\":\"ReadAction\",\"target\":[\"https:\/\/360photoboothpro.eu\/fr\/produit\/360-photo-booth-pro-80-cm-automatic-infinity-mirror-360-camera-booth-360-video-booth\/\"]}]},{\"@type\":\"ImageObject\",\"inLanguage\":\"fr-FR\",\"@id\":\"https:\/\/360photoboothpro.eu\/fr\/produit\/360-photo-booth-pro-80-cm-automatic-infinity-mirror-360-camera-booth-360-video-booth\/#primaryimage\",\"url\":\"https:\/\/360photoboothpro.eu\/wp-content\/uploads\/2023\/04\/360-photo-booth-pro-automatic-infinity-mirror-360-camera-booth-360-video-booth-24.jpg\",\"contentUrl\":\"https:\/\/360photoboothpro.eu\/wp-content\/uploads\/2023\/04\/360-photo-booth-pro-automatic-infinity-mirror-360-camera-booth-360-video-booth-24.jpg\",\"width\":1000,\"height\":1000,\"caption\":\"360-photo-booth-pro-automatic-infinity-mirror-360-camera-booth-360-video-booth-24\"},{\"@type\":\"BreadcrumbList\",\"@id\":\"https:\/\/360photoboothpro.eu\/fr\/produit\/360-photo-booth-pro-80-cm-automatic-infinity-mirror-360-camera-booth-360-video-booth\/#breadcrumb\",\"itemListElement\":[{\"@type\":\"ListItem\",\"position\":1,\"name\":\"Home\",\"item\":\"https:\/\/360photoboothpro.eu\/fr\/\"},{\"@type\":\"ListItem\",\"position\":2,\"name\":\"Boutique\",\"item\":\"https:\/\/360photoboothpro.eu\/fr\/boutique\/\"},{\"@type\":\"ListItem\",\"position\":3,\"name\":\"Cabine Photo 360 PRO &#8211; Miroir Infini AUTOMATIQUE 80cm (Cabine photo 360, Cabine vid\u00e9o 360)\"}]},{\"@type\":\"WebSite\",\"@id\":\"https:\/\/360photoboothpro.eu\/fr\/#website\",\"url\":\"https:\/\/360photoboothpro.eu\/fr\/\",\"name\":\"360PhotoBoothPRO\",\"description\":\"360PhotoBoothPRO\",\"publisher\":{\"@id\":\"https:\/\/360photoboothpro.eu\/fr\/#organization\"},\"potentialAction\":[{\"@type\":\"SearchAction\",\"target\":{\"@type\":\"EntryPoint\",\"urlTemplate\":\"https:\/\/360photoboothpro.eu\/fr\/?s={search_term_string}\"},\"query-input\":{\"@type\":\"PropertyValueSpecification\",\"valueRequired\":true,\"valueName\":\"search_term_string\"}}],\"inLanguage\":\"fr-FR\"},{\"@type\":\"Organization\",\"@id\":\"https:\/\/360photoboothpro.eu\/fr\/#organization\",\"name\":\"360PhotoBoothPRO\",\"url\":\"https:\/\/360photoboothpro.eu\/fr\/\",\"logo\":{\"@type\":\"ImageObject\",\"inLanguage\":\"fr-FR\",\"@id\":\"https:\/\/360photoboothpro.eu\/fr\/#\/schema\/logo\/image\/\",\"url\":\"https:\/\/360photoboothpro.eu\/wp-content\/uploads\/2023\/03\/logo-360photoboothpro-favicon.png\",\"contentUrl\":\"https:\/\/360photoboothpro.eu\/wp-content\/uploads\/2023\/03\/logo-360photoboothpro-favicon.png\",\"width\":317,\"height\":317,\"caption\":\"360PhotoBoothPRO\"},\"image\":{\"@id\":\"https:\/\/360photoboothpro.eu\/fr\/#\/schema\/logo\/image\/\"},\"sameAs\":[\"https:\/\/www.facebook.com\/360PhotoBoothPRO.Canada\/\"]}]}<\/script>\n<!-- \/ Yoast SEO plugin. -->","yoast_head_json":{"title":"Cabine Photo 360 PRO - Miroir Infini AUTOMATIQUE 80cm (Cabine photo 360, Cabine vid\u00e9o 360) - 360PhotoBoothPRO","description":"Photo Booth PRO is an online store where you can buy quality Cabine Photo 360 PRO - Miroir Infini AUTOMATIQUE 80cm (Cabine photo 360, Cabine vid\u00e9o 360) at an affordable price. Buy now!","robots":{"index":"index","follow":"follow","max-snippet":"max-snippet:-1","max-image-preview":"max-image-preview:large","max-video-preview":"max-video-preview:-1"},"canonical":"https:\/\/360photoboothpro.eu\/fr\/produit\/360-photo-booth-pro-80-cm-automatic-infinity-mirror-360-camera-booth-360-video-booth\/","og_locale":"fr_FR","og_type":"article","og_title":"Cabine Photo 360 PRO - Miroir Infini AUTOMATIQUE 80cm (Cabine photo 360, Cabine vid\u00e9o 360) - 360PhotoBoothPRO","og_description":"Photo Booth PRO is an online store where you can buy quality Cabine Photo 360 PRO - Miroir Infini AUTOMATIQUE 80cm (Cabine photo 360, Cabine vid\u00e9o 360) at an affordable price. Buy now!","og_url":"https:\/\/360photoboothpro.eu\/fr\/produit\/360-photo-booth-pro-80-cm-automatic-infinity-mirror-360-camera-booth-360-video-booth\/","og_site_name":"360PhotoBoothPRO","article_publisher":"https:\/\/www.facebook.com\/360PhotoBoothPRO.Canada\/","article_modified_time":"2026-01-16T16:18:18+00:00","og_image":[{"url":"https:\/\/360photoboothpro.eu\/wp-content\/uploads\/2023\/04\/360-photo-booth-pro-automatic-infinity-mirror-360-camera-booth-360-video-booth-24-social.jpg"}],"twitter_card":"summary_large_image","schema":{"@context":"https:\/\/schema.org","@graph":[{"@type":"WebPage","@id":"https:\/\/360photoboothpro.eu\/fr\/produit\/360-photo-booth-pro-80-cm-automatic-infinity-mirror-360-camera-booth-360-video-booth\/","url":"https:\/\/360photoboothpro.eu\/fr\/produit\/360-photo-booth-pro-80-cm-automatic-infinity-mirror-360-camera-booth-360-video-booth\/","name":"Cabine Photo 360 PRO - Miroir Infini AUTOMATIQUE 80cm (Cabine photo 360, Cabine vid\u00e9o 360) - 360PhotoBoothPRO","isPartOf":{"@id":"https:\/\/360photoboothpro.eu\/fr\/#website"},"primaryImageOfPage":{"@id":"https:\/\/360photoboothpro.eu\/fr\/produit\/360-photo-booth-pro-80-cm-automatic-infinity-mirror-360-camera-booth-360-video-booth\/#primaryimage"},"image":{"@id":"https:\/\/360photoboothpro.eu\/fr\/produit\/360-photo-booth-pro-80-cm-automatic-infinity-mirror-360-camera-booth-360-video-booth\/#primaryimage"},"thumbnailUrl":"https:\/\/360photoboothpro.eu\/wp-content\/uploads\/2023\/04\/360-photo-booth-pro-automatic-infinity-mirror-360-camera-booth-360-video-booth-24.jpg","datePublished":"2023-04-11T10:54:41+00:00","dateModified":"2026-01-16T16:18:18+00:00","description":"Photo Booth PRO is an online store where you can buy quality Cabine Photo 360 PRO - Miroir Infini AUTOMATIQUE 80cm (Cabine photo 360, Cabine vid\u00e9o 360) at an affordable price. Buy now!","breadcrumb":{"@id":"https:\/\/360photoboothpro.eu\/fr\/produit\/360-photo-booth-pro-80-cm-automatic-infinity-mirror-360-camera-booth-360-video-booth\/#breadcrumb"},"inLanguage":"fr-FR","potentialAction":[{"@type":"ReadAction","target":["https:\/\/360photoboothpro.eu\/fr\/produit\/360-photo-booth-pro-80-cm-automatic-infinity-mirror-360-camera-booth-360-video-booth\/"]}]},{"@type":"ImageObject","inLanguage":"fr-FR","@id":"https:\/\/360photoboothpro.eu\/fr\/produit\/360-photo-booth-pro-80-cm-automatic-infinity-mirror-360-camera-booth-360-video-booth\/#primaryimage","url":"https:\/\/360photoboothpro.eu\/wp-content\/uploads\/2023\/04\/360-photo-booth-pro-automatic-infinity-mirror-360-camera-booth-360-video-booth-24.jpg","contentUrl":"https:\/\/360photoboothpro.eu\/wp-content\/uploads\/2023\/04\/360-photo-booth-pro-automatic-infinity-mirror-360-camera-booth-360-video-booth-24.jpg","width":1000,"height":1000,"caption":"360-photo-booth-pro-automatic-infinity-mirror-360-camera-booth-360-video-booth-24"},{"@type":"BreadcrumbList","@id":"https:\/\/360photoboothpro.eu\/fr\/produit\/360-photo-booth-pro-80-cm-automatic-infinity-mirror-360-camera-booth-360-video-booth\/#breadcrumb","itemListElement":[{"@type":"ListItem","position":1,"name":"Home","item":"https:\/\/360photoboothpro.eu\/fr\/"},{"@type":"ListItem","position":2,"name":"Boutique","item":"https:\/\/360photoboothpro.eu\/fr\/boutique\/"},{"@type":"ListItem","position":3,"name":"Cabine Photo 360 PRO &#8211; Miroir Infini AUTOMATIQUE 80cm (Cabine photo 360, Cabine vid\u00e9o 360)"}]},{"@type":"WebSite","@id":"https:\/\/360photoboothpro.eu\/fr\/#website","url":"https:\/\/360photoboothpro.eu\/fr\/","name":"360PhotoBoothPRO","description":"360PhotoBoothPRO","publisher":{"@id":"https:\/\/360photoboothpro.eu\/fr\/#organization"},"potentialAction":[{"@type":"SearchAction","target":{"@type":"EntryPoint","urlTemplate":"https:\/\/360photoboothpro.eu\/fr\/?s={search_term_string}"},"query-input":{"@type":"PropertyValueSpecification","valueRequired":true,"valueName":"search_term_string"}}],"inLanguage":"fr-FR"},{"@type":"Organization","@id":"https:\/\/360photoboothpro.eu\/fr\/#organization","name":"360PhotoBoothPRO","url":"https:\/\/360photoboothpro.eu\/fr\/","logo":{"@type":"ImageObject","inLanguage":"fr-FR","@id":"https:\/\/360photoboothpro.eu\/fr\/#\/schema\/logo\/image\/","url":"https:\/\/360photoboothpro.eu\/wp-content\/uploads\/2023\/03\/logo-360photoboothpro-favicon.png","contentUrl":"https:\/\/360photoboothpro.eu\/wp-content\/uploads\/2023\/03\/logo-360photoboothpro-favicon.png","width":317,"height":317,"caption":"360PhotoBoothPRO"},"image":{"@id":"https:\/\/360photoboothpro.eu\/fr\/#\/schema\/logo\/image\/"},"sameAs":["https:\/\/www.facebook.com\/360PhotoBoothPRO.Canada\/"]}]}},"_links":{"self":[{"href":"https:\/\/360photoboothpro.eu\/fr\/wp-json\/wp\/v2\/product\/5517"}],"collection":[{"href":"https:\/\/360photoboothpro.eu\/fr\/wp-json\/wp\/v2\/product"}],"about":[{"href":"https:\/\/360photoboothpro.eu\/fr\/wp-json\/wp\/v2\/types\/product"}],"replies":[{"embeddable":true,"href":"https:\/\/360photoboothpro.eu\/fr\/wp-json\/wp\/v2\/comments?post=5517"}],"wp:featuredmedia":[{"embeddable":true,"href":"https:\/\/360photoboothpro.eu\/fr\/wp-json\/wp\/v2\/media\/12631"}],"wp:attachment":[{"href":"https:\/\/360photoboothpro.eu\/fr\/wp-json\/wp\/v2\/media?parent=5517"}],"wp:term":[{"taxonomy":"product_cat","embeddable":true,"href":"https:\/\/360photoboothpro.eu\/fr\/wp-json\/wp\/v2\/product_cat?post=5517"},{"taxonomy":"product_tag","embeddable":true,"href":"https:\/\/360photoboothpro.eu\/fr\/wp-json\/wp\/v2\/product_tag?post=5517"}],"curies":[{"name":"wp","href":"https:\/\/api.w.org\/{rel}","templated":true}]}}