{"id":7520,"date":"2023-03-31T13:29:33","date_gmt":"2023-03-31T11:29:33","guid":{"rendered":"https:\/\/360photoboothpro.eu\/hogyan-kell-fizetni\/"},"modified":"2023-12-18T15:13:45","modified_gmt":"2023-12-18T13:13:45","slug":"hogyan-kell-fizetni","status":"publish","type":"page","link":"https:\/\/360photoboothpro.eu\/hu\/hogyan-kell-fizetni\/","title":{"rendered":"FIZET\u00c9S HOGYAN FIZESS\u00dcNK"},"content":{"rendered":"\t\t<div data-elementor-type=\"wp-page\" data-elementor-id=\"7520\" class=\"elementor elementor-7520 elementor-3798\" data-elementor-post-type=\"page\">\n\t\t\t\t\t\t<section class=\"elementor-section elementor-top-section elementor-element elementor-element-cdafb3b elementor-section-boxed elementor-section-height-default elementor-section-height-default\" data-id=\"cdafb3b\" data-element_type=\"section\">\r\n\t\t\r\n\t\t\t\t\t\t\t<div class=\"elementor-container elementor-column-gap-default\">\r\n\t\t\t\t\t\t\t\t\t\t\t<div class=\"elementor-column elementor-col-100 elementor-top-column elementor-element elementor-element-af7494b\" data-id=\"af7494b\" data-element_type=\"column\">\r\n\t\t\t\t\t<div class=\"elementor-widget-wrap elementor-element-populated\">\r\n\t\t\t\t\t\t\t\t<div class=\"elementor-element elementor-element-e3821ea elementor-widget elementor-widget-heading\" data-id=\"e3821ea\" data-element_type=\"widget\" data-widget_type=\"heading.default\">\n\t\t\t\t<div class=\"elementor-widget-container\">\n\t\t\t<h2 class=\"elementor-heading-title elementor-size-default\">FIZET\u00c9S HOGYAN FIZESS\u00dcNK<\/h2>\t\t<\/div>\n\t\t\t\t<\/div>\n\t\t\t\t\t<\/div>\r\n\t\t\t\t<\/div>\r\n\t\t\t\t\t<\/div>\r\n\t\t\t\t<\/section>\r\n\t\t\t\t<section class=\"elementor-section elementor-top-section elementor-element elementor-element-16e7d26 elementor-section-boxed elementor-section-height-default elementor-section-height-default\" data-id=\"16e7d26\" data-element_type=\"section\">\r\n\t\t\r\n\t\t\t\t\t\t\t<div class=\"elementor-container elementor-column-gap-default\">\r\n\t\t\t\t\t\t\t\t\t\t\t<div class=\"elementor-column elementor-col-50 elementor-top-column elementor-element elementor-element-5dfe3ce\" data-id=\"5dfe3ce\" data-element_type=\"column\">\r\n\t\t\t\t\t<div class=\"elementor-widget-wrap elementor-element-populated\">\r\n\t\t\t\t\t\t\t\t<div class=\"elementor-element elementor-element-ffd9482 elementor-widget elementor-widget-text-editor\" data-id=\"ffd9482\" data-element_type=\"widget\" data-widget_type=\"text-editor.default\">\n\t\t\t\t<div class=\"elementor-widget-container\">\n\t\t\t\t\t\t\t<p><strong>Hogyan t\u00f6rt\u00e9nik a fizet\u00e9s?<\/strong><\/p>\n<p><span style=\"color: var(--porto-body-color); letter-spacing: var(--porto-body-ls,0);\">1.) Banki \u00e1tutal\u00e1ssal t\u00f6rt\u00e9n\u0151 fizet\u00e9s, a v\u00e1llalat Banca Transilvania banksz\u00e1ml\u00e1j\u00e1ra (<\/span>Swift k\u00f3d: BTRLRO22<span style=\"color: var(--porto-body-color); letter-spacing: var(--porto-body-ls,0);\">) Sz\u00e1mlasz\u00e1m <\/span>: RO89BTRLEURCRT0408291301<span style=\"color: var(--porto-body-color); letter-spacing: var(--porto-body-ls,0);\">.<\/span><\/p>\n<p><span style=\"color: var(--porto-body-color); letter-spacing: var(--porto-body-ls,0);\">A sz\u00e1ll\u00edt\u00e1si hat\u00e1rid\u0151 a teljes \u00f6sszeg sz\u00e1ml\u00e1nkra t\u00f6rt\u00e9n\u0151 be\u00e9rkez\u00e9s\u00e9t k\u00f6vet\u0151en kezd\u0151dik.<\/span><\/p>\n\t\t\t\t\t\t<\/div>\n\t\t\t\t<\/div>\n\t\t\t\t\t<\/div>\r\n\t\t\t\t<\/div>\r\n\t\t\t\t<div class=\"elementor-column elementor-col-50 elementor-top-column elementor-element elementor-element-95ff5c7\" data-id=\"95ff5c7\" data-element_type=\"column\">\r\n\t\t\t\t\t<div class=\"elementor-widget-wrap elementor-element-populated\">\r\n\t\t\t\t\t\t\t\t<div class=\"elementor-element elementor-element-61a4c84 elementor-widget elementor-widget-text-editor\" data-id=\"61a4c84\" data-element_type=\"widget\" data-widget_type=\"text-editor.default\">\n\t\t\t\t<div class=\"elementor-widget-container\">\n\t\t\t\t\t\t\t<p>2. Online k\u00e1rty\u00e1s fizet\u00e9s<\/p>\n<p>Az online k\u00e1rty\u00e1s fizet\u00e9s a STRIPE szolg\u00e1ltat\u00e1sainak ig\u00e9nybev\u00e9tel\u00e9vel t\u00f6rt\u00e9nhet.&nbsp;<\/p>\n<p>Ez\u00e1ltal a lehet\u0151 legnagyobb m\u00e9rt\u00e9kben biztos\u00edtja a bevitt adatok v\u00e9delm\u00e9t \u00e9s bizalmas kezel\u00e9s\u00e9t.<\/p>\t\t\t\t\t\t<\/div>\n\t\t\t\t<\/div>\n\t\t\t\t\t<\/div>\r\n\t\t\t\t<\/div>\r\n\t\t\t\t\t<\/div>\r\n\t\t\t\t<\/section>\r\n\t\t\t\t<\/div>\n\t\t","protected":false},"excerpt":{"rendered":"<p>FIZET\u00c9S HOGYAN FIZESS\u00dcNK Hogyan t\u00f6rt\u00e9nik a fizet\u00e9s? 1.) Banki \u00e1tutal\u00e1ssal t\u00f6rt\u00e9n\u0151 fizet\u00e9s, a v\u00e1llalat Banca Transilvania banksz\u00e1ml\u00e1j\u00e1ra (Swift k\u00f3d: BTRLRO22) Sz\u00e1mlasz\u00e1m : RO89BTRLEURCRT0408291301. A sz\u00e1ll\u00edt\u00e1si hat\u00e1rid\u0151 a teljes \u00f6sszeg sz\u00e1ml\u00e1nkra t\u00f6rt\u00e9n\u0151 be\u00e9rkez\u00e9s\u00e9t k\u00f6vet\u0151en kezd\u0151dik. 2. Online k\u00e1rty\u00e1s fizet\u00e9s Az online k\u00e1rty\u00e1s fizet\u00e9s a STRIPE szolg\u00e1ltat\u00e1sainak ig\u00e9nybev\u00e9tel\u00e9vel t\u00f6rt\u00e9nhet.&nbsp; Ez\u00e1ltal a lehet\u0151 legnagyobb m\u00e9rt\u00e9kben biztos\u00edtja a bevitt [&hellip;]<\/p>\n","protected":false},"author":1,"featured_media":0,"parent":0,"menu_order":0,"comment_status":"closed","ping_status":"closed","template":"elementor_header_footer","meta":{"_acf_changed":false,"footnotes":""},"class_list":["post-7520","page","type-page","status-publish","hentry"],"acf":[],"yoast_head":"<!-- This site is optimized with the Yoast SEO plugin v23.5 - https:\/\/yoast.com\/wordpress\/plugins\/seo\/ -->\n<title>FIZET\u00c9S HOGYAN FIZESS\u00dcNK - 360PhotoBoothPRO<\/title>\n<meta name=\"description\" content=\"Biztons\u00e1gos \u00e9s k\u00e9nyelmes fizet\u00e9si lehet\u0151s\u00e9gek a 360 Photo Booth Pro-n\u00e1l. Tegye a tranzakci\u00f3kat probl\u00e9mamentess\u00e9. Dobja fel rendezv\u00e9nyeit innovat\u00edv term\u00e9keinkkel.\" \/>\n<meta name=\"robots\" content=\"index, follow, max-snippet:-1, max-image-preview:large, max-video-preview:-1\" \/>\n<link rel=\"canonical\" href=\"https:\/\/360photoboothpro.eu\/hu\/hogyan-kell-fizetni\/\" \/>\n<meta property=\"og:locale\" content=\"hu_HU\" \/>\n<meta property=\"og:type\" content=\"article\" \/>\n<meta property=\"og:title\" content=\"FIZET\u00c9S HOGYAN FIZESS\u00dcNK - 360PhotoBoothPRO\" \/>\n<meta property=\"og:description\" content=\"Biztons\u00e1gos \u00e9s k\u00e9nyelmes fizet\u00e9si lehet\u0151s\u00e9gek a 360 Photo Booth Pro-n\u00e1l. Tegye a tranzakci\u00f3kat probl\u00e9mamentess\u00e9. Dobja fel rendezv\u00e9nyeit innovat\u00edv term\u00e9keinkkel.\" \/>\n<meta property=\"og:url\" content=\"https:\/\/360photoboothpro.eu\/hu\/hogyan-kell-fizetni\/\" \/>\n<meta property=\"og:site_name\" content=\"360PhotoBoothPRO\" \/>\n<meta property=\"article:publisher\" content=\"https:\/\/www.facebook.com\/360PhotoBoothPRO.Canada\/\" \/>\n<meta property=\"article:modified_time\" content=\"2023-12-18T13:13:45+00:00\" \/>\n<meta name=\"twitter:card\" content=\"summary_large_image\" \/>\n<meta name=\"twitter:label1\" content=\"Becs\u00fclt olvas\u00e1si id\u0151\" \/>\n\t<meta name=\"twitter:data1\" content=\"1 perc\" \/>\n<script type=\"application\/ld+json\" class=\"yoast-schema-graph\">{\"@context\":\"https:\/\/schema.org\",\"@graph\":[{\"@type\":\"WebPage\",\"@id\":\"https:\/\/360photoboothpro.eu\/hu\/hogyan-kell-fizetni\/\",\"url\":\"https:\/\/360photoboothpro.eu\/hu\/hogyan-kell-fizetni\/\",\"name\":\"FIZET\u00c9S HOGYAN FIZESS\u00dcNK - 360PhotoBoothPRO\",\"isPartOf\":{\"@id\":\"https:\/\/360photoboothpro.eu\/hu\/#website\"},\"datePublished\":\"2023-03-31T11:29:33+00:00\",\"dateModified\":\"2023-12-18T13:13:45+00:00\",\"description\":\"Biztons\u00e1gos \u00e9s k\u00e9nyelmes fizet\u00e9si lehet\u0151s\u00e9gek a 360 Photo Booth Pro-n\u00e1l. Tegye a tranzakci\u00f3kat probl\u00e9mamentess\u00e9. Dobja fel rendezv\u00e9nyeit innovat\u00edv term\u00e9keinkkel.\",\"breadcrumb\":{\"@id\":\"https:\/\/360photoboothpro.eu\/hu\/hogyan-kell-fizetni\/#breadcrumb\"},\"inLanguage\":\"hu\",\"potentialAction\":[{\"@type\":\"ReadAction\",\"target\":[\"https:\/\/360photoboothpro.eu\/hu\/hogyan-kell-fizetni\/\"]}]},{\"@type\":\"BreadcrumbList\",\"@id\":\"https:\/\/360photoboothpro.eu\/hu\/hogyan-kell-fizetni\/#breadcrumb\",\"itemListElement\":[{\"@type\":\"ListItem\",\"position\":1,\"name\":\"Home\",\"item\":\"https:\/\/360photoboothpro.eu\/hu\/\"},{\"@type\":\"ListItem\",\"position\":2,\"name\":\"FIZET\u00c9S HOGYAN FIZESS\u00dcNK\"}]},{\"@type\":\"WebSite\",\"@id\":\"https:\/\/360photoboothpro.eu\/hu\/#website\",\"url\":\"https:\/\/360photoboothpro.eu\/hu\/\",\"name\":\"360PhotoBoothPRO\",\"description\":\"360PhotoBoothPRO\",\"publisher\":{\"@id\":\"https:\/\/360photoboothpro.eu\/hu\/#organization\"},\"potentialAction\":[{\"@type\":\"SearchAction\",\"target\":{\"@type\":\"EntryPoint\",\"urlTemplate\":\"https:\/\/360photoboothpro.eu\/hu\/?s={search_term_string}\"},\"query-input\":{\"@type\":\"PropertyValueSpecification\",\"valueRequired\":true,\"valueName\":\"search_term_string\"}}],\"inLanguage\":\"hu\"},{\"@type\":\"Organization\",\"@id\":\"https:\/\/360photoboothpro.eu\/hu\/#organization\",\"name\":\"360PhotoBoothPRO\",\"url\":\"https:\/\/360photoboothpro.eu\/hu\/\",\"logo\":{\"@type\":\"ImageObject\",\"inLanguage\":\"hu\",\"@id\":\"https:\/\/360photoboothpro.eu\/hu\/#\/schema\/logo\/image\/\",\"url\":\"https:\/\/360photoboothpro.eu\/wp-content\/uploads\/2023\/03\/logo-360photoboothpro-favicon.png\",\"contentUrl\":\"https:\/\/360photoboothpro.eu\/wp-content\/uploads\/2023\/03\/logo-360photoboothpro-favicon.png\",\"width\":317,\"height\":317,\"caption\":\"360PhotoBoothPRO\"},\"image\":{\"@id\":\"https:\/\/360photoboothpro.eu\/hu\/#\/schema\/logo\/image\/\"},\"sameAs\":[\"https:\/\/www.facebook.com\/360PhotoBoothPRO.Canada\/\"]}]}<\/script>\n<!-- \/ Yoast SEO plugin. -->","yoast_head_json":{"title":"FIZET\u00c9S HOGYAN FIZESS\u00dcNK - 360PhotoBoothPRO","description":"Biztons\u00e1gos \u00e9s k\u00e9nyelmes fizet\u00e9si lehet\u0151s\u00e9gek a 360 Photo Booth Pro-n\u00e1l. Tegye a tranzakci\u00f3kat probl\u00e9mamentess\u00e9. Dobja fel rendezv\u00e9nyeit innovat\u00edv term\u00e9keinkkel.","robots":{"index":"index","follow":"follow","max-snippet":"max-snippet:-1","max-image-preview":"max-image-preview:large","max-video-preview":"max-video-preview:-1"},"canonical":"https:\/\/360photoboothpro.eu\/hu\/hogyan-kell-fizetni\/","og_locale":"hu_HU","og_type":"article","og_title":"FIZET\u00c9S HOGYAN FIZESS\u00dcNK - 360PhotoBoothPRO","og_description":"Biztons\u00e1gos \u00e9s k\u00e9nyelmes fizet\u00e9si lehet\u0151s\u00e9gek a 360 Photo Booth Pro-n\u00e1l. Tegye a tranzakci\u00f3kat probl\u00e9mamentess\u00e9. Dobja fel rendezv\u00e9nyeit innovat\u00edv term\u00e9keinkkel.","og_url":"https:\/\/360photoboothpro.eu\/hu\/hogyan-kell-fizetni\/","og_site_name":"360PhotoBoothPRO","article_publisher":"https:\/\/www.facebook.com\/360PhotoBoothPRO.Canada\/","article_modified_time":"2023-12-18T13:13:45+00:00","twitter_card":"summary_large_image","twitter_misc":{"Becs\u00fclt olvas\u00e1si id\u0151":"1 perc"},"schema":{"@context":"https:\/\/schema.org","@graph":[{"@type":"WebPage","@id":"https:\/\/360photoboothpro.eu\/hu\/hogyan-kell-fizetni\/","url":"https:\/\/360photoboothpro.eu\/hu\/hogyan-kell-fizetni\/","name":"FIZET\u00c9S HOGYAN FIZESS\u00dcNK - 360PhotoBoothPRO","isPartOf":{"@id":"https:\/\/360photoboothpro.eu\/hu\/#website"},"datePublished":"2023-03-31T11:29:33+00:00","dateModified":"2023-12-18T13:13:45+00:00","description":"Biztons\u00e1gos \u00e9s k\u00e9nyelmes fizet\u00e9si lehet\u0151s\u00e9gek a 360 Photo Booth Pro-n\u00e1l. Tegye a tranzakci\u00f3kat probl\u00e9mamentess\u00e9. Dobja fel rendezv\u00e9nyeit innovat\u00edv term\u00e9keinkkel.","breadcrumb":{"@id":"https:\/\/360photoboothpro.eu\/hu\/hogyan-kell-fizetni\/#breadcrumb"},"inLanguage":"hu","potentialAction":[{"@type":"ReadAction","target":["https:\/\/360photoboothpro.eu\/hu\/hogyan-kell-fizetni\/"]}]},{"@type":"BreadcrumbList","@id":"https:\/\/360photoboothpro.eu\/hu\/hogyan-kell-fizetni\/#breadcrumb","itemListElement":[{"@type":"ListItem","position":1,"name":"Home","item":"https:\/\/360photoboothpro.eu\/hu\/"},{"@type":"ListItem","position":2,"name":"FIZET\u00c9S HOGYAN FIZESS\u00dcNK"}]},{"@type":"WebSite","@id":"https:\/\/360photoboothpro.eu\/hu\/#website","url":"https:\/\/360photoboothpro.eu\/hu\/","name":"360PhotoBoothPRO","description":"360PhotoBoothPRO","publisher":{"@id":"https:\/\/360photoboothpro.eu\/hu\/#organization"},"potentialAction":[{"@type":"SearchAction","target":{"@type":"EntryPoint","urlTemplate":"https:\/\/360photoboothpro.eu\/hu\/?s={search_term_string}"},"query-input":{"@type":"PropertyValueSpecification","valueRequired":true,"valueName":"search_term_string"}}],"inLanguage":"hu"},{"@type":"Organization","@id":"https:\/\/360photoboothpro.eu\/hu\/#organization","name":"360PhotoBoothPRO","url":"https:\/\/360photoboothpro.eu\/hu\/","logo":{"@type":"ImageObject","inLanguage":"hu","@id":"https:\/\/360photoboothpro.eu\/hu\/#\/schema\/logo\/image\/","url":"https:\/\/360photoboothpro.eu\/wp-content\/uploads\/2023\/03\/logo-360photoboothpro-favicon.png","contentUrl":"https:\/\/360photoboothpro.eu\/wp-content\/uploads\/2023\/03\/logo-360photoboothpro-favicon.png","width":317,"height":317,"caption":"360PhotoBoothPRO"},"image":{"@id":"https:\/\/360photoboothpro.eu\/hu\/#\/schema\/logo\/image\/"},"sameAs":["https:\/\/www.facebook.com\/360PhotoBoothPRO.Canada\/"]}]}},"_links":{"self":[{"href":"https:\/\/360photoboothpro.eu\/hu\/wp-json\/wp\/v2\/pages\/7520"}],"collection":[{"href":"https:\/\/360photoboothpro.eu\/hu\/wp-json\/wp\/v2\/pages"}],"about":[{"href":"https:\/\/360photoboothpro.eu\/hu\/wp-json\/wp\/v2\/types\/page"}],"author":[{"embeddable":true,"href":"https:\/\/360photoboothpro.eu\/hu\/wp-json\/wp\/v2\/users\/1"}],"replies":[{"embeddable":true,"href":"https:\/\/360photoboothpro.eu\/hu\/wp-json\/wp\/v2\/comments?post=7520"}],"version-history":[{"count":2,"href":"https:\/\/360photoboothpro.eu\/hu\/wp-json\/wp\/v2\/pages\/7520\/revisions"}],"predecessor-version":[{"id":7550,"href":"https:\/\/360photoboothpro.eu\/hu\/wp-json\/wp\/v2\/pages\/7520\/revisions\/7550"}],"wp:attachment":[{"href":"https:\/\/360photoboothpro.eu\/hu\/wp-json\/wp\/v2\/media?parent=7520"}],"curies":[{"name":"wp","href":"https:\/\/api.w.org\/{rel}","templated":true}]}}