{"id":7545,"date":"2023-03-31T13:28:51","date_gmt":"2023-03-31T11:28:51","guid":{"rendered":"https:\/\/360photoboothpro.eu\/hogyan-kell-megrendelni\/"},"modified":"2023-12-18T15:11:41","modified_gmt":"2023-12-18T13:11:41","slug":"hogyan-kell-megrendelni","status":"publish","type":"page","link":"https:\/\/360photoboothpro.eu\/hu\/hogyan-kell-megrendelni\/","title":{"rendered":"Hogyan rendelhet"},"content":{"rendered":"\t\t<div data-elementor-type=\"wp-page\" data-elementor-id=\"7545\" class=\"elementor elementor-7545 elementor-3796\" data-elementor-post-type=\"page\">\n\t\t\t\t\t\t<section class=\"elementor-section elementor-top-section elementor-element elementor-element-e86c21d elementor-section-boxed elementor-section-height-default elementor-section-height-default\" data-id=\"e86c21d\" data-element_type=\"section\">\r\n\t\t\r\n\t\t\t\t\t\t\t<div class=\"elementor-container elementor-column-gap-default\">\r\n\t\t\t\t\t\t\t\t\t\t\t<div class=\"elementor-column elementor-col-100 elementor-top-column elementor-element elementor-element-7602985\" data-id=\"7602985\" data-element_type=\"column\">\r\n\t\t\t\t\t<div class=\"elementor-widget-wrap elementor-element-populated\">\r\n\t\t\t\t\t\t\t\t<div class=\"elementor-element elementor-element-85a2f70 elementor-widget elementor-widget-heading\" data-id=\"85a2f70\" data-element_type=\"widget\" data-widget_type=\"heading.default\">\n\t\t\t\t<div class=\"elementor-widget-container\">\n\t\t\t<h2 class=\"elementor-heading-title elementor-size-default\">HOGYAN RENDELHET<\/h2>\t\t<\/div>\n\t\t\t\t<\/div>\n\t\t\t\t\t<\/div>\r\n\t\t\t\t<\/div>\r\n\t\t\t\t\t<\/div>\r\n\t\t\t\t<\/section>\r\n\t\t\t\t<section class=\"elementor-section elementor-top-section elementor-element elementor-element-ee8d933 elementor-section-boxed elementor-section-height-default elementor-section-height-default\" data-id=\"ee8d933\" data-element_type=\"section\">\r\n\t\t\r\n\t\t\t\t\t\t\t<div class=\"elementor-container elementor-column-gap-default\">\r\n\t\t\t\t\t\t\t\t\t\t\t<div class=\"elementor-column elementor-col-50 elementor-top-column elementor-element elementor-element-8dfe04f\" data-id=\"8dfe04f\" data-element_type=\"column\">\r\n\t\t\t\t\t<div class=\"elementor-widget-wrap elementor-element-populated\">\r\n\t\t\t\t\t\t\t\t<div class=\"elementor-element elementor-element-1156b38 elementor-widget elementor-widget-text-editor\" data-id=\"1156b38\" data-element_type=\"widget\" data-widget_type=\"text-editor.default\">\n\t\t\t\t<div class=\"elementor-widget-container\">\n\t\t\t\t\t\t\t<p id=\"tw-target-text\" class=\"tw-data-text tw-text-large tw-ta\" dir=\"ltr\" data-placeholder=\"Traducere\"><span class=\"Y2IQFc\" lang=\"en\"><strong>ONLINE MEGRENDEL\u00c9S LEAD\u00c1SA<\/strong><\/span><\/p>\n<p>A term\u00e9k kos\u00e1rba helyez\u00e9s\u00e9hez v\u00e1lassza ki a darabsz\u00e1mot, majd nyomja meg a &#8222;Kos\u00e1rba helyez\u00e9s&#8221; gombot.<\/p>\n<p>Ezut\u00e1n kattintson a &#8222;Kos\u00e1r megtekint\u00e9se&#8221; gombra. A kos\u00e1rban a term\u00e9k v\u00e9gs\u0151 \u00e1ra l\u00e1that\u00f3, az \u00f6sszes ad\u00f3t is bele\u00e9rtve (bele\u00e9rtve a Rom\u00e1ni\u00e1ban v\u00e1s\u00e1rolt term\u00e9kekre vonatkoz\u00f3 19%-os \u00c1FA-t).<\/p>\t\t\t\t\t\t<\/div>\n\t\t\t\t<\/div>\n\t\t\t\t\t<\/div>\r\n\t\t\t\t<\/div>\r\n\t\t\t\t<div class=\"elementor-column elementor-col-50 elementor-top-column elementor-element elementor-element-0c699eb\" data-id=\"0c699eb\" data-element_type=\"column\">\r\n\t\t\t\t\t<div class=\"elementor-widget-wrap elementor-element-populated\">\r\n\t\t\t\t\t\t\t\t<div class=\"elementor-element elementor-element-0dedcce elementor-widget elementor-widget-text-editor\" data-id=\"0dedcce\" data-element_type=\"widget\" data-widget_type=\"text-editor.default\">\n\t\t\t\t<div class=\"elementor-widget-container\">\n\t\t\t\t\t\t\t<p>Nyomja meg a &#8222;Tov\u00e1bb a p\u00e9nzt\u00e1rhoz&#8221; gombot, adja meg a sz\u00e1ll\u00edt\u00e1si adatokat, \u00e9s fejezze be a megrendel\u00e9st a fizet\u00e9si m\u00f3d kiv\u00e1laszt\u00e1s\u00e1val \u00e9s a sz\u00e1ml\u00e1z\u00e1si adatok megad\u00e1s\u00e1val.<\/p>\n<p>Miut\u00e1n elk\u00fcldte a megrendel\u00e9st, kap egy e-mailt, amely meger\u0151s\u00edti a megrendel\u00e9s regisztr\u00e1ci\u00f3j\u00e1t.<\/p>\n<p>A leadott megrendel\u00e9s \u00e9s a megv\u00e1s\u00e1rolt term\u00e9k a vev\u0151 r\u00e9sz\u00e9r\u0151l a weboldal \u00f6sszes felt\u00e9tel\u00e9nek \u00e9s haszn\u00e1lati felt\u00e9tel\u00e9nek elfogad\u00e1s\u00e1t jelenti.<\/p>\n\t\t\t\t\t\t<\/div>\n\t\t\t\t<\/div>\n\t\t\t\t\t<\/div>\r\n\t\t\t\t<\/div>\r\n\t\t\t\t\t<\/div>\r\n\t\t\t\t<\/section>\r\n\t\t\t\t<\/div>\n\t\t","protected":false},"excerpt":{"rendered":"<p>HOGYAN RENDELHET ONLINE MEGRENDEL\u00c9S LEAD\u00c1SA A term\u00e9k kos\u00e1rba helyez\u00e9s\u00e9hez v\u00e1lassza ki a darabsz\u00e1mot, majd nyomja meg a &#8222;Kos\u00e1rba helyez\u00e9s&#8221; gombot. Ezut\u00e1n kattintson a &#8222;Kos\u00e1r megtekint\u00e9se&#8221; gombra. A kos\u00e1rban a term\u00e9k v\u00e9gs\u0151 \u00e1ra l\u00e1that\u00f3, az \u00f6sszes ad\u00f3t is bele\u00e9rtve (bele\u00e9rtve a Rom\u00e1ni\u00e1ban v\u00e1s\u00e1rolt term\u00e9kekre vonatkoz\u00f3 19%-os \u00c1FA-t). Nyomja meg a &#8222;Tov\u00e1bb a p\u00e9nzt\u00e1rhoz&#8221; gombot, adja meg [&hellip;]<\/p>\n","protected":false},"author":1,"featured_media":0,"parent":0,"menu_order":0,"comment_status":"closed","ping_status":"closed","template":"elementor_header_footer","meta":{"_acf_changed":false,"footnotes":""},"class_list":["post-7545","page","type-page","status-publish","hentry"],"acf":[],"yoast_head":"<!-- This site is optimized with the Yoast SEO plugin v23.5 - https:\/\/yoast.com\/wordpress\/plugins\/seo\/ -->\n<title>Hogyan rendelhet - 360PhotoBoothPRO<\/title>\n<meta name=\"description\" content=\"A rendel\u00e9s egyszer\u0171v\u00e9 v\u00e1lt! K\u00f6vesse a 360 Photo Booth Pro \u00fatmutat\u00f3j\u00e1t a z\u00f6kken\u0151mentes \u00e9lm\u00e9ny\u00e9rt. \u00d6r\u00f6k\u00edtsen meg eml\u00e9kezetes pillanatokat innovat\u00edv term\u00e9keinkkel.\" \/>\n<meta name=\"robots\" content=\"index, follow, max-snippet:-1, max-image-preview:large, max-video-preview:-1\" \/>\n<link rel=\"canonical\" href=\"https:\/\/360photoboothpro.eu\/hu\/hogyan-kell-megrendelni\/\" \/>\n<meta property=\"og:locale\" content=\"hu_HU\" \/>\n<meta property=\"og:type\" content=\"article\" \/>\n<meta property=\"og:title\" content=\"Hogyan rendelhet - 360PhotoBoothPRO\" \/>\n<meta property=\"og:description\" content=\"A rendel\u00e9s egyszer\u0171v\u00e9 v\u00e1lt! K\u00f6vesse a 360 Photo Booth Pro \u00fatmutat\u00f3j\u00e1t a z\u00f6kken\u0151mentes \u00e9lm\u00e9ny\u00e9rt. \u00d6r\u00f6k\u00edtsen meg eml\u00e9kezetes pillanatokat innovat\u00edv term\u00e9keinkkel.\" \/>\n<meta property=\"og:url\" content=\"https:\/\/360photoboothpro.eu\/hu\/hogyan-kell-megrendelni\/\" \/>\n<meta property=\"og:site_name\" content=\"360PhotoBoothPRO\" \/>\n<meta property=\"article:publisher\" content=\"https:\/\/www.facebook.com\/360PhotoBoothPRO.Canada\/\" \/>\n<meta property=\"article:modified_time\" content=\"2023-12-18T13:11:41+00:00\" \/>\n<meta name=\"twitter:card\" content=\"summary_large_image\" \/>\n<meta name=\"twitter:label1\" content=\"Becs\u00fclt olvas\u00e1si id\u0151\" \/>\n\t<meta name=\"twitter:data1\" content=\"1 perc\" \/>\n<script type=\"application\/ld+json\" class=\"yoast-schema-graph\">{\"@context\":\"https:\/\/schema.org\",\"@graph\":[{\"@type\":\"WebPage\",\"@id\":\"https:\/\/360photoboothpro.eu\/hu\/hogyan-kell-megrendelni\/\",\"url\":\"https:\/\/360photoboothpro.eu\/hu\/hogyan-kell-megrendelni\/\",\"name\":\"Hogyan rendelhet - 360PhotoBoothPRO\",\"isPartOf\":{\"@id\":\"https:\/\/360photoboothpro.eu\/hu\/#website\"},\"datePublished\":\"2023-03-31T11:28:51+00:00\",\"dateModified\":\"2023-12-18T13:11:41+00:00\",\"description\":\"A rendel\u00e9s egyszer\u0171v\u00e9 v\u00e1lt! K\u00f6vesse a 360 Photo Booth Pro \u00fatmutat\u00f3j\u00e1t a z\u00f6kken\u0151mentes \u00e9lm\u00e9ny\u00e9rt. \u00d6r\u00f6k\u00edtsen meg eml\u00e9kezetes pillanatokat innovat\u00edv term\u00e9keinkkel.\",\"breadcrumb\":{\"@id\":\"https:\/\/360photoboothpro.eu\/hu\/hogyan-kell-megrendelni\/#breadcrumb\"},\"inLanguage\":\"hu\",\"potentialAction\":[{\"@type\":\"ReadAction\",\"target\":[\"https:\/\/360photoboothpro.eu\/hu\/hogyan-kell-megrendelni\/\"]}]},{\"@type\":\"BreadcrumbList\",\"@id\":\"https:\/\/360photoboothpro.eu\/hu\/hogyan-kell-megrendelni\/#breadcrumb\",\"itemListElement\":[{\"@type\":\"ListItem\",\"position\":1,\"name\":\"Home\",\"item\":\"https:\/\/360photoboothpro.eu\/hu\/\"},{\"@type\":\"ListItem\",\"position\":2,\"name\":\"Hogyan rendelhet\"}]},{\"@type\":\"WebSite\",\"@id\":\"https:\/\/360photoboothpro.eu\/hu\/#website\",\"url\":\"https:\/\/360photoboothpro.eu\/hu\/\",\"name\":\"360PhotoBoothPRO\",\"description\":\"360PhotoBoothPRO\",\"publisher\":{\"@id\":\"https:\/\/360photoboothpro.eu\/hu\/#organization\"},\"potentialAction\":[{\"@type\":\"SearchAction\",\"target\":{\"@type\":\"EntryPoint\",\"urlTemplate\":\"https:\/\/360photoboothpro.eu\/hu\/?s={search_term_string}\"},\"query-input\":{\"@type\":\"PropertyValueSpecification\",\"valueRequired\":true,\"valueName\":\"search_term_string\"}}],\"inLanguage\":\"hu\"},{\"@type\":\"Organization\",\"@id\":\"https:\/\/360photoboothpro.eu\/hu\/#organization\",\"name\":\"360PhotoBoothPRO\",\"url\":\"https:\/\/360photoboothpro.eu\/hu\/\",\"logo\":{\"@type\":\"ImageObject\",\"inLanguage\":\"hu\",\"@id\":\"https:\/\/360photoboothpro.eu\/hu\/#\/schema\/logo\/image\/\",\"url\":\"https:\/\/360photoboothpro.eu\/wp-content\/uploads\/2023\/03\/logo-360photoboothpro-favicon.png\",\"contentUrl\":\"https:\/\/360photoboothpro.eu\/wp-content\/uploads\/2023\/03\/logo-360photoboothpro-favicon.png\",\"width\":317,\"height\":317,\"caption\":\"360PhotoBoothPRO\"},\"image\":{\"@id\":\"https:\/\/360photoboothpro.eu\/hu\/#\/schema\/logo\/image\/\"},\"sameAs\":[\"https:\/\/www.facebook.com\/360PhotoBoothPRO.Canada\/\"]}]}<\/script>\n<!-- \/ Yoast SEO plugin. -->","yoast_head_json":{"title":"Hogyan rendelhet - 360PhotoBoothPRO","description":"A rendel\u00e9s egyszer\u0171v\u00e9 v\u00e1lt! K\u00f6vesse a 360 Photo Booth Pro \u00fatmutat\u00f3j\u00e1t a z\u00f6kken\u0151mentes \u00e9lm\u00e9ny\u00e9rt. \u00d6r\u00f6k\u00edtsen meg eml\u00e9kezetes pillanatokat innovat\u00edv term\u00e9keinkkel.","robots":{"index":"index","follow":"follow","max-snippet":"max-snippet:-1","max-image-preview":"max-image-preview:large","max-video-preview":"max-video-preview:-1"},"canonical":"https:\/\/360photoboothpro.eu\/hu\/hogyan-kell-megrendelni\/","og_locale":"hu_HU","og_type":"article","og_title":"Hogyan rendelhet - 360PhotoBoothPRO","og_description":"A rendel\u00e9s egyszer\u0171v\u00e9 v\u00e1lt! K\u00f6vesse a 360 Photo Booth Pro \u00fatmutat\u00f3j\u00e1t a z\u00f6kken\u0151mentes \u00e9lm\u00e9ny\u00e9rt. \u00d6r\u00f6k\u00edtsen meg eml\u00e9kezetes pillanatokat innovat\u00edv term\u00e9keinkkel.","og_url":"https:\/\/360photoboothpro.eu\/hu\/hogyan-kell-megrendelni\/","og_site_name":"360PhotoBoothPRO","article_publisher":"https:\/\/www.facebook.com\/360PhotoBoothPRO.Canada\/","article_modified_time":"2023-12-18T13:11:41+00:00","twitter_card":"summary_large_image","twitter_misc":{"Becs\u00fclt olvas\u00e1si id\u0151":"1 perc"},"schema":{"@context":"https:\/\/schema.org","@graph":[{"@type":"WebPage","@id":"https:\/\/360photoboothpro.eu\/hu\/hogyan-kell-megrendelni\/","url":"https:\/\/360photoboothpro.eu\/hu\/hogyan-kell-megrendelni\/","name":"Hogyan rendelhet - 360PhotoBoothPRO","isPartOf":{"@id":"https:\/\/360photoboothpro.eu\/hu\/#website"},"datePublished":"2023-03-31T11:28:51+00:00","dateModified":"2023-12-18T13:11:41+00:00","description":"A rendel\u00e9s egyszer\u0171v\u00e9 v\u00e1lt! K\u00f6vesse a 360 Photo Booth Pro \u00fatmutat\u00f3j\u00e1t a z\u00f6kken\u0151mentes \u00e9lm\u00e9ny\u00e9rt. \u00d6r\u00f6k\u00edtsen meg eml\u00e9kezetes pillanatokat innovat\u00edv term\u00e9keinkkel.","breadcrumb":{"@id":"https:\/\/360photoboothpro.eu\/hu\/hogyan-kell-megrendelni\/#breadcrumb"},"inLanguage":"hu","potentialAction":[{"@type":"ReadAction","target":["https:\/\/360photoboothpro.eu\/hu\/hogyan-kell-megrendelni\/"]}]},{"@type":"BreadcrumbList","@id":"https:\/\/360photoboothpro.eu\/hu\/hogyan-kell-megrendelni\/#breadcrumb","itemListElement":[{"@type":"ListItem","position":1,"name":"Home","item":"https:\/\/360photoboothpro.eu\/hu\/"},{"@type":"ListItem","position":2,"name":"Hogyan rendelhet"}]},{"@type":"WebSite","@id":"https:\/\/360photoboothpro.eu\/hu\/#website","url":"https:\/\/360photoboothpro.eu\/hu\/","name":"360PhotoBoothPRO","description":"360PhotoBoothPRO","publisher":{"@id":"https:\/\/360photoboothpro.eu\/hu\/#organization"},"potentialAction":[{"@type":"SearchAction","target":{"@type":"EntryPoint","urlTemplate":"https:\/\/360photoboothpro.eu\/hu\/?s={search_term_string}"},"query-input":{"@type":"PropertyValueSpecification","valueRequired":true,"valueName":"search_term_string"}}],"inLanguage":"hu"},{"@type":"Organization","@id":"https:\/\/360photoboothpro.eu\/hu\/#organization","name":"360PhotoBoothPRO","url":"https:\/\/360photoboothpro.eu\/hu\/","logo":{"@type":"ImageObject","inLanguage":"hu","@id":"https:\/\/360photoboothpro.eu\/hu\/#\/schema\/logo\/image\/","url":"https:\/\/360photoboothpro.eu\/wp-content\/uploads\/2023\/03\/logo-360photoboothpro-favicon.png","contentUrl":"https:\/\/360photoboothpro.eu\/wp-content\/uploads\/2023\/03\/logo-360photoboothpro-favicon.png","width":317,"height":317,"caption":"360PhotoBoothPRO"},"image":{"@id":"https:\/\/360photoboothpro.eu\/hu\/#\/schema\/logo\/image\/"},"sameAs":["https:\/\/www.facebook.com\/360PhotoBoothPRO.Canada\/"]}]}},"_links":{"self":[{"href":"https:\/\/360photoboothpro.eu\/hu\/wp-json\/wp\/v2\/pages\/7545"}],"collection":[{"href":"https:\/\/360photoboothpro.eu\/hu\/wp-json\/wp\/v2\/pages"}],"about":[{"href":"https:\/\/360photoboothpro.eu\/hu\/wp-json\/wp\/v2\/types\/page"}],"author":[{"embeddable":true,"href":"https:\/\/360photoboothpro.eu\/hu\/wp-json\/wp\/v2\/users\/1"}],"replies":[{"embeddable":true,"href":"https:\/\/360photoboothpro.eu\/hu\/wp-json\/wp\/v2\/comments?post=7545"}],"version-history":[{"count":1,"href":"https:\/\/360photoboothpro.eu\/hu\/wp-json\/wp\/v2\/pages\/7545\/revisions"}],"predecessor-version":[{"id":7561,"href":"https:\/\/360photoboothpro.eu\/hu\/wp-json\/wp\/v2\/pages\/7545\/revisions\/7561"}],"wp:attachment":[{"href":"https:\/\/360photoboothpro.eu\/hu\/wp-json\/wp\/v2\/media?parent=7545"}],"curies":[{"name":"wp","href":"https:\/\/api.w.org\/{rel}","templated":true}]}}