{"id":7591,"date":"2023-03-31T13:30:47","date_gmt":"2023-03-31T11:30:47","guid":{"rendered":"https:\/\/360photoboothpro.eu\/visszakuldesi-es-visszateritesi-szabalyzat\/"},"modified":"2024-08-06T09:18:31","modified_gmt":"2024-08-06T07:18:31","slug":"visszakuldesi-es-visszateritesi-szabalyzat","status":"publish","type":"page","link":"https:\/\/360photoboothpro.eu\/hu\/visszakuldesi-es-visszateritesi-szabalyzat\/","title":{"rendered":"Visszat\u00e9r\u00edt\u00e9si \u00e9s visszat\u00e9r\u00edt\u00e9si politika"},"content":{"rendered":"\t\t<div data-elementor-type=\"wp-page\" data-elementor-id=\"7591\" class=\"elementor elementor-7591 elementor-3802\" data-elementor-post-type=\"page\">\n\t\t\t\t\t\t<section class=\"elementor-section elementor-top-section elementor-element elementor-element-2178fa8 elementor-section-boxed elementor-section-height-default elementor-section-height-default\" data-id=\"2178fa8\" data-element_type=\"section\">\r\n\t\t\r\n\t\t\t\t\t\t\t<div class=\"elementor-container elementor-column-gap-default\">\r\n\t\t\t\t\t\t\t\t\t\t\t<div class=\"elementor-column elementor-col-100 elementor-top-column elementor-element elementor-element-61f3c36\" data-id=\"61f3c36\" data-element_type=\"column\">\r\n\t\t\t\t\t<div class=\"elementor-widget-wrap elementor-element-populated\">\r\n\t\t\t\t\t\t\t\t<div class=\"elementor-element elementor-element-fb8d3b0 elementor-widget elementor-widget-heading\" data-id=\"fb8d3b0\" data-element_type=\"widget\" data-widget_type=\"heading.default\">\n\t\t\t\t<div class=\"elementor-widget-container\">\n\t\t\t<h2 class=\"elementor-heading-title elementor-size-default\">VISSZAK\u00dcLD\u00c9SI \u00c9S VISSZAT\u00c9R\u00cdT\u00c9SI POLITIKA<\/h2>\t\t<\/div>\n\t\t\t\t<\/div>\n\t\t\t\t\t<\/div>\r\n\t\t\t\t<\/div>\r\n\t\t\t\t\t<\/div>\r\n\t\t\t\t<\/section>\r\n\t\t\t\t<section class=\"elementor-section elementor-top-section elementor-element elementor-element-28581d1 elementor-section-boxed elementor-section-height-default elementor-section-height-default\" data-id=\"28581d1\" data-element_type=\"section\">\r\n\t\t\r\n\t\t\t\t\t\t\t<div class=\"elementor-container elementor-column-gap-default\">\r\n\t\t\t\t\t\t\t\t\t\t\t<div class=\"elementor-column elementor-col-50 elementor-top-column elementor-element elementor-element-2c90472\" data-id=\"2c90472\" data-element_type=\"column\">\r\n\t\t\t\t\t<div class=\"elementor-widget-wrap elementor-element-populated\">\r\n\t\t\t\t\t\t\t\t<div class=\"elementor-element elementor-element-7b74c01 elementor-widget elementor-widget-text-editor\" data-id=\"7b74c01\" data-element_type=\"widget\" data-widget_type=\"text-editor.default\">\n\t\t\t\t<div class=\"elementor-widget-container\">\n\t\t\t\t\t\t\t<p>14 napos visszak\u00fcld\u00e9si politik\u00e1nk van, ami azt jelenti, hogy a term\u00e9k k\u00e9zhezv\u00e9tel\u00e9t k\u00f6vet\u0151en 14 nap \u00e1ll rendelkez\u00e9s\u00e9re, hogy visszak\u00fcld\u00e9st k\u00e9rjen.<\/p>\n<p>Kiz\u00e1r\u00f3lag a nem haszn\u00e1lt term\u00e9kek vagy a t\u0151l\u00fcnk \u00d6nh\u00f6z t\u00f6rt\u00e9n\u0151 sz\u00e1ll\u00edt\u00e1s sor\u00e1n megs\u00e9r\u00fclt term\u00e9kek eset\u00e9ben fogadjuk el a visszak\u00fcld\u00e9st.<\/p>\n<p>Ha vissza szeretn\u00e9 k\u00fcldeni a weboldalunkon v\u00e1s\u00e1rolt, nem haszn\u00e1lt term\u00e9ket (b\u00e1rmely 360 Photo Booth Pro, b\u00e1rmely tartoz\u00e9k vagy b\u00e1rmi m\u00e1s), sz\u00edvesen visszat\u00e9r\u00edtj\u00fck a p\u00e9nz\u00e9t, vagy seg\u00edt\u00fcnk kicser\u00e9lni a term\u00e9ket egy m\u00e1sik, a weboldalunkon el\u00e9rhet\u0151 modellre.<\/p>\n<p>A term\u00e9k visszak\u00fcld\u00e9se eset\u00e9n a sz\u00e1ll\u00edt\u00e1si k\u00f6lts\u00e9get \u00d6n viseli. Miut\u00e1n t\u00e1j\u00e9koztat minket a visszak\u00fcld\u00e9sr\u0151l, e-mailben elk\u00fcldj\u00fck \u00d6nnek az utas\u00edt\u00e1sokat arr\u00f3l, hogyan \u00e9s hov\u00e1 k\u00fcldje el a csomagot.<\/p>\n<p>Felh\u00edvjuk figyelm\u00e9t, hogy a csere term\u00e9kek a rendelkez\u00e9sre \u00e1ll\u00e1s f\u00fcggv\u00e9ny\u00e9ben \u00e1llnak rendelkez\u00e9sre. Minden t\u0151l\u00fcnk telhet\u0151t megtesz\u00fcnk, hogy az eredetileg megv\u00e1s\u00e1rolt term\u00e9k specifik\u00e1ci\u00f3j\u00e1nak megfeleljen, vagy egy hasonl\u00f3 term\u00e9ket aj\u00e1nlunk fel \u00d6nnek.<\/p>\n<p>A visszak\u00fcld\u00e9s elind\u00edt\u00e1s\u00e1hoz k\u00e9rj\u00fck, t\u00f6ltse ki \u00e9s k\u00fcldje el az ezen az oldalon tal\u00e1lhat\u00f3 visszak\u00fcld\u00e9si \u0171rlapot, vagy k\u00fcldj\u00f6n nek\u00fcnk egy e-mailt a contact@360photoboothpro.eu c\u00edmre.<\/p>\n<p>Ha a visszak\u00fcld\u00e9st elfogadjuk, elk\u00fcldj\u00fck \u00d6nnek az utas\u00edt\u00e1sokat, hogy hogyan \u00e9s hov\u00e1 k\u00fcldje el a csomagot. A visszak\u00fcld\u00f6tt term\u00e9keket a visszak\u00fcld\u00e9si k\u00e9relem n\u00e9lk\u00fcl nem fogadjuk el.<\/p>\n<p>B\u00e1rmilyen visszak\u00fcld\u00e9si k\u00e9rd\u00e9ssel kapcsolatban b\u00e1rmikor kapcsolatba l\u00e9phet vel\u00fcnk a contact@360photoboothpro.eu c\u00edmen.<\/p>\n<p><strong>K\u00c1ROK \u00c9S PROBL\u00c9M\u00c1K<\/strong><\/p>\n<p>K\u00e9rj\u00fck, hogy a megrendel\u00e9st \u00e1tv\u00e9telkor ellen\u0151rizze, \u00e9s a k\u00e9zhezv\u00e9telt k\u00f6vet\u0151 72 \u00f3r\u00e1n bel\u00fcl l\u00e9pjen kapcsolatba vel\u00fcnk, ha a term\u00e9k hib\u00e1s, s\u00e9r\u00fclt vagy rossz term\u00e9ket kapott, hogy ki tudjuk \u00e9rt\u00e9kelni a probl\u00e9m\u00e1t \u00e9s helyre tudjuk hozni.<\/p>\n<p>Ebben az esetben k\u00fcldj\u00f6n nek\u00fcnk egy e-mailt a contact@photoboothpro.eu c\u00edmre, vagy h\u00edvjon minket a (+40)761140547 telefonsz\u00e1mon h\u00e9tf\u0151t\u0151l p\u00e9ntekig 09:00-17.00 \u00f3ra k\u00f6z\u00f6tt.<\/p>\n<p>Az \u00d6n v\u00e1laszt\u00e1sa szerint vagy teljes visszat\u00e9r\u00edt\u00e9st kaphat maximum 5 munkanapon bel\u00fcl, miut\u00e1n visszakaptuk \u00d6nt\u0151l a term\u00e9ket, vagy k\u00fcldhet\u00fcnk \u00d6nnek egy m\u00e1sik term\u00e9ket ugyanazokkal a specifik\u00e1ci\u00f3kkal, nulla k\u00f6lts\u00e9ggel az \u00d6n sz\u00e1m\u00e1ra.<\/p>\n<p><strong>CSER\u00c9K<\/strong><\/p>\n<p>A leggyorsabb m\u00f3dja annak, hogy biztosan azt kapja, amit szeretne, ha visszak\u00fcldi a megl\u00e9v\u0151 term\u00e9ket, \u00e9s miut\u00e1n a visszak\u00fcld\u00e9st elfogadt\u00e1k, k\u00fcl\u00f6n v\u00e1s\u00e1rolja meg az \u00faj term\u00e9ket.<\/p>\n<p>Ha egy term\u00e9ket szeretne kicser\u00e9lni, k\u00f6vesse az ezen az oldalon tal\u00e1lhat\u00f3 utas\u00edt\u00e1sokat. Csak t\u00e1j\u00e9koztatnia kell minket a visszak\u00fcld\u00e9si \u0171rlap beny\u00fajt\u00e1s\u00e1val (a visszak\u00fcld\u00e9si \u0171rlap ezen az oldalon tal\u00e1lhat\u00f3), vagy k\u00fcldj\u00f6n nek\u00fcnk egy e-mailt a contact@360photoboothpro.eu c\u00edmre.<\/p>\n<p><strong>VISSZAFIZET\u00c9SEK<\/strong><\/p>\n<p>\u00c9rtes\u00edtj\u00fck \u00d6nt, amint megkaptuk \u00e9s megvizsg\u00e1ltuk a visszak\u00fcld\u00f6tt term\u00e9ket, \u00e9s t\u00e1j\u00e9koztatjuk, hogy a visszat\u00e9r\u00edt\u00e9st j\u00f3v\u00e1hagytuk-e vagy sem. Ha j\u00f3v\u00e1hagyj\u00e1k, akkor automatikusan visszat\u00e9r\u00edt\u00e9st kap a visszak\u00fcld\u00e9si \u0171rlapon kit\u00f6lt\u00f6tt sz\u00e1ml\u00e1j\u00e1ra, legfeljebb 5 munkanapon bel\u00fcl. K\u00e9rj\u00fck, ne feledje, hogy a bankja vagy a hitelk\u00e1rtya-t\u00e1rsas\u00e1ga sz\u00e1m\u00e1ra is eltarthat egy ideig, am\u00edg a visszat\u00e9r\u00edt\u00e9st feldolgozza \u00e9s k\u00f6nyveli.<\/p>\n<p>A visszat\u00e9r\u00edt\u00e9s \u00f6sszeg\u00e9t \u00fagy sz\u00e1moljuk ki, hogy &#8222;a visszak\u00fcld\u00f6tt term\u00e9kek \u00f6ssz\u00e9rt\u00e9k\u00e9b\u0151l levonjuk a 15%-os \u00fajrak\u00e9szletez\u00e9si d\u00edjat&#8221;.<\/p>\n\t\t\t\t\t\t<\/div>\n\t\t\t\t<\/div>\n\t\t\t\t\t<\/div>\r\n\t\t\t\t<\/div>\r\n\t\t\t\t<div class=\"elementor-column elementor-col-50 elementor-top-column elementor-element elementor-element-048a712\" data-id=\"048a712\" data-element_type=\"column\">\r\n\t\t\t\t\t<div class=\"elementor-widget-wrap elementor-element-populated\">\r\n\t\t\t\t\t\t\t\t<div class=\"elementor-element elementor-element-f57c798 elementor-widget elementor-widget-heading\" data-id=\"f57c798\" data-element_type=\"widget\" data-widget_type=\"heading.default\">\n\t\t\t\t<div class=\"elementor-widget-container\">\n\t\t\t<h2 class=\"elementor-heading-title elementor-size-default\">VISSZAFELAD\u00c1SI FORMANYOMTATV\u00c1NY<\/h2>\t\t<\/div>\n\t\t\t\t<\/div>\n\t\t\t\t<div class=\"elementor-element elementor-element-62bcc50 elementor-widget elementor-widget-shortcode\" data-id=\"62bcc50\" data-element_type=\"widget\" data-widget_type=\"shortcode.default\">\n\t\t\t\t<div class=\"elementor-widget-container\">\n\t\t\t\t\t<div class=\"elementor-shortcode\"><div class=\"wpforms-container wpforms-container-full\" id=\"wpforms-3837\"><form id=\"wpforms-form-3837\" class=\"wpforms-validate wpforms-form wpforms-ajax-form\" data-formid=\"3837\" method=\"post\" enctype=\"multipart\/form-data\" action=\"\/hu\/wp-json\/wp\/v2\/pages\/7591\" data-token=\"ce6fa998d60144c4646034dc8d37aa00\" data-token-time=\"1777633248\"><noscript class=\"wpforms-error-noscript\">Please enable JavaScript in your browser to complete this form.<\/noscript><div class=\"wpforms-field-container\"><div id=\"wpforms-3837-field_1-container\" class=\"wpforms-field wpforms-field-text\" data-field-id=\"1\"><label class=\"wpforms-field-label\" for=\"wpforms-3837-field_1\">Customer name <span class=\"wpforms-required-label\">*<\/span><\/label><input type=\"text\" id=\"wpforms-3837-field_1\" class=\"wpforms-field-medium wpforms-field-required\" name=\"wpforms[fields][1]\" required><\/div><div id=\"wpforms-3837-field_2-container\" class=\"wpforms-field wpforms-field-text\" data-field-id=\"2\"><label class=\"wpforms-field-label\" for=\"wpforms-3837-field_2\">Customer phone number <span class=\"wpforms-required-label\">*<\/span><\/label><input type=\"text\" id=\"wpforms-3837-field_2\" class=\"wpforms-field-medium wpforms-field-required\" name=\"wpforms[fields][2]\" required><\/div><div id=\"wpforms-3837-field_3-container\" class=\"wpforms-field wpforms-field-email\" data-field-id=\"3\"><label class=\"wpforms-field-label\" for=\"wpforms-3837-field_3\">Email <span class=\"wpforms-required-label\">*<\/span><\/label><input type=\"email\" id=\"wpforms-3837-field_3\" class=\"wpforms-field-medium wpforms-field-required\" name=\"wpforms[fields][3]\" spellcheck=\"false\" required><\/div><div id=\"wpforms-3837-field_4-container\" class=\"wpforms-field wpforms-field-text\" data-field-id=\"4\"><label class=\"wpforms-field-label\" for=\"wpforms-3837-field_4\">Order number <span class=\"wpforms-required-label\">*<\/span><\/label><input type=\"text\" id=\"wpforms-3837-field_4\" class=\"wpforms-field-medium wpforms-field-required\" name=\"wpforms[fields][4]\" required><\/div><div id=\"wpforms-3837-field_5-container\" class=\"wpforms-field wpforms-field-text\" data-field-id=\"5\"><label class=\"wpforms-field-label\" for=\"wpforms-3837-field_5\">Your account number: (we will send your money back in this account) <span class=\"wpforms-required-label\">*<\/span><\/label><input type=\"text\" id=\"wpforms-3837-field_5\" class=\"wpforms-field-medium wpforms-field-required\" name=\"wpforms[fields][5]\" required><\/div><div id=\"wpforms-3837-field_6-container\" class=\"wpforms-field wpforms-field-text\" data-field-id=\"6\"><label class=\"wpforms-field-label\" for=\"wpforms-3837-field_6\">Bank: <span class=\"wpforms-required-label\">*<\/span><\/label><input type=\"text\" id=\"wpforms-3837-field_6\" class=\"wpforms-field-medium wpforms-field-required\" name=\"wpforms[fields][6]\" required><\/div><div id=\"wpforms-3837-field_7-container\" class=\"wpforms-field wpforms-field-text\" data-field-id=\"7\"><label class=\"wpforms-field-label\" for=\"wpforms-3837-field_7\">Account owner (must be the same as the client): <span class=\"wpforms-required-label\">*<\/span><\/label><input type=\"text\" id=\"wpforms-3837-field_7\" class=\"wpforms-field-medium wpforms-field-required\" name=\"wpforms[fields][7]\" required><\/div><\/div><!-- .wpforms-field-container --><div class=\"wpforms-submit-container\" ><input type=\"hidden\" name=\"wpforms[id]\" value=\"3837\"><input type=\"hidden\" name=\"page_title\" value=\"\"><input type=\"hidden\" name=\"page_url\" value=\"https:\/\/360photoboothpro.eu\/hu\/wp-json\/wp\/v2\/pages\/7591\"><button type=\"submit\" name=\"wpforms[submit]\" id=\"wpforms-submit-3837\" class=\"wpforms-submit\" data-alt-text=\"Sending...\" data-submit-text=\"Submit\" aria-live=\"assertive\" value=\"wpforms-submit\">Submit<\/button><img decoding=\"async\" src=\"https:\/\/360photoboothpro.eu\/wp-content\/plugins\/wpforms-lite\/assets\/images\/submit-spin.svg\" class=\"wpforms-submit-spinner\" style=\"display: none;\" width=\"26\" height=\"26\" alt=\"Loading\"><\/div><\/form><\/div>  <!-- .wpforms-container --><\/div>\n\t\t\t\t<\/div>\n\t\t\t\t<\/div>\n\t\t\t\t\t<\/div>\r\n\t\t\t\t<\/div>\r\n\t\t\t\t\t<\/div>\r\n\t\t\t\t<\/section>\r\n\t\t\t\t<\/div>\n\t\t","protected":false},"excerpt":{"rendered":"<p>VISSZAK\u00dcLD\u00c9SI \u00c9S VISSZAT\u00c9R\u00cdT\u00c9SI POLITIKA 14 napos visszak\u00fcld\u00e9si politik\u00e1nk van, ami azt jelenti, hogy a term\u00e9k k\u00e9zhezv\u00e9tel\u00e9t k\u00f6vet\u0151en 14 nap \u00e1ll rendelkez\u00e9s\u00e9re, hogy visszak\u00fcld\u00e9st k\u00e9rjen. Kiz\u00e1r\u00f3lag a nem haszn\u00e1lt term\u00e9kek vagy a t\u0151l\u00fcnk \u00d6nh\u00f6z t\u00f6rt\u00e9n\u0151 sz\u00e1ll\u00edt\u00e1s sor\u00e1n megs\u00e9r\u00fclt term\u00e9kek eset\u00e9ben fogadjuk el a visszak\u00fcld\u00e9st. Ha vissza szeretn\u00e9 k\u00fcldeni a weboldalunkon v\u00e1s\u00e1rolt, nem haszn\u00e1lt term\u00e9ket (b\u00e1rmely 360 [&hellip;]<\/p>\n","protected":false},"author":1,"featured_media":0,"parent":0,"menu_order":0,"comment_status":"closed","ping_status":"closed","template":"elementor_header_footer","meta":{"_acf_changed":false,"footnotes":""},"class_list":["post-7591","page","type-page","status-publish","hentry"],"acf":[],"yoast_head":"<!-- This site is optimized with the Yoast SEO plugin v23.5 - https:\/\/yoast.com\/wordpress\/plugins\/seo\/ -->\n<title>Visszat\u00e9r\u00edt\u00e9si \u00e9s visszat\u00e9r\u00edt\u00e9si politika - 360PhotoBoothPRO<\/title>\n<meta name=\"description\" content=\"Fedezze fel probl\u00e9mamentes visszat\u00e9r\u00edt\u00e9si \u00e9s visszat\u00e9r\u00edt\u00e9si szab\u00e1lyzatunkat. Az \u00d6n el\u00e9gedetts\u00e9ge az els\u0151dleges c\u00e9lunk. B\u00edzzon a 360 Photo Booth Pro biztons\u00e1gos v\u00e1s\u00e1rl\u00e1si \u00e9lm\u00e9nyben.\" \/>\n<meta name=\"robots\" content=\"index, follow, max-snippet:-1, max-image-preview:large, max-video-preview:-1\" \/>\n<link rel=\"canonical\" href=\"https:\/\/360photoboothpro.eu\/hu\/visszakuldesi-es-visszateritesi-szabalyzat\/\" \/>\n<meta property=\"og:locale\" content=\"hu_HU\" \/>\n<meta property=\"og:type\" content=\"article\" \/>\n<meta property=\"og:title\" content=\"Visszat\u00e9r\u00edt\u00e9si \u00e9s visszat\u00e9r\u00edt\u00e9si politika - 360PhotoBoothPRO\" \/>\n<meta property=\"og:description\" content=\"Fedezze fel probl\u00e9mamentes visszat\u00e9r\u00edt\u00e9si \u00e9s visszat\u00e9r\u00edt\u00e9si szab\u00e1lyzatunkat. Az \u00d6n el\u00e9gedetts\u00e9ge az els\u0151dleges c\u00e9lunk. B\u00edzzon a 360 Photo Booth Pro biztons\u00e1gos v\u00e1s\u00e1rl\u00e1si \u00e9lm\u00e9nyben.\" \/>\n<meta property=\"og:url\" content=\"https:\/\/360photoboothpro.eu\/hu\/visszakuldesi-es-visszateritesi-szabalyzat\/\" \/>\n<meta property=\"og:site_name\" content=\"360PhotoBoothPRO\" \/>\n<meta property=\"article:publisher\" content=\"https:\/\/www.facebook.com\/360PhotoBoothPRO.Canada\/\" \/>\n<meta property=\"article:modified_time\" content=\"2024-08-06T07:18:31+00:00\" \/>\n<meta name=\"twitter:card\" content=\"summary_large_image\" \/>\n<meta name=\"twitter:label1\" content=\"Becs\u00fclt olvas\u00e1si id\u0151\" \/>\n\t<meta name=\"twitter:data1\" content=\"4 perc\" \/>\n<script type=\"application\/ld+json\" class=\"yoast-schema-graph\">{\"@context\":\"https:\/\/schema.org\",\"@graph\":[{\"@type\":\"WebPage\",\"@id\":\"https:\/\/360photoboothpro.eu\/hu\/visszakuldesi-es-visszateritesi-szabalyzat\/\",\"url\":\"https:\/\/360photoboothpro.eu\/hu\/visszakuldesi-es-visszateritesi-szabalyzat\/\",\"name\":\"Visszat\u00e9r\u00edt\u00e9si \u00e9s visszat\u00e9r\u00edt\u00e9si politika - 360PhotoBoothPRO\",\"isPartOf\":{\"@id\":\"https:\/\/360photoboothpro.eu\/hu\/#website\"},\"datePublished\":\"2023-03-31T11:30:47+00:00\",\"dateModified\":\"2024-08-06T07:18:31+00:00\",\"description\":\"Fedezze fel probl\u00e9mamentes visszat\u00e9r\u00edt\u00e9si \u00e9s visszat\u00e9r\u00edt\u00e9si szab\u00e1lyzatunkat. Az \u00d6n el\u00e9gedetts\u00e9ge az els\u0151dleges c\u00e9lunk. B\u00edzzon a 360 Photo Booth Pro biztons\u00e1gos v\u00e1s\u00e1rl\u00e1si \u00e9lm\u00e9nyben.\",\"breadcrumb\":{\"@id\":\"https:\/\/360photoboothpro.eu\/hu\/visszakuldesi-es-visszateritesi-szabalyzat\/#breadcrumb\"},\"inLanguage\":\"hu\",\"potentialAction\":[{\"@type\":\"ReadAction\",\"target\":[\"https:\/\/360photoboothpro.eu\/hu\/visszakuldesi-es-visszateritesi-szabalyzat\/\"]}]},{\"@type\":\"BreadcrumbList\",\"@id\":\"https:\/\/360photoboothpro.eu\/hu\/visszakuldesi-es-visszateritesi-szabalyzat\/#breadcrumb\",\"itemListElement\":[{\"@type\":\"ListItem\",\"position\":1,\"name\":\"Home\",\"item\":\"https:\/\/360photoboothpro.eu\/hu\/\"},{\"@type\":\"ListItem\",\"position\":2,\"name\":\"Visszat\u00e9r\u00edt\u00e9si \u00e9s visszat\u00e9r\u00edt\u00e9si politika\"}]},{\"@type\":\"WebSite\",\"@id\":\"https:\/\/360photoboothpro.eu\/hu\/#website\",\"url\":\"https:\/\/360photoboothpro.eu\/hu\/\",\"name\":\"360PhotoBoothPRO\",\"description\":\"360PhotoBoothPRO\",\"publisher\":{\"@id\":\"https:\/\/360photoboothpro.eu\/hu\/#organization\"},\"potentialAction\":[{\"@type\":\"SearchAction\",\"target\":{\"@type\":\"EntryPoint\",\"urlTemplate\":\"https:\/\/360photoboothpro.eu\/hu\/?s={search_term_string}\"},\"query-input\":{\"@type\":\"PropertyValueSpecification\",\"valueRequired\":true,\"valueName\":\"search_term_string\"}}],\"inLanguage\":\"hu\"},{\"@type\":\"Organization\",\"@id\":\"https:\/\/360photoboothpro.eu\/hu\/#organization\",\"name\":\"360PhotoBoothPRO\",\"url\":\"https:\/\/360photoboothpro.eu\/hu\/\",\"logo\":{\"@type\":\"ImageObject\",\"inLanguage\":\"hu\",\"@id\":\"https:\/\/360photoboothpro.eu\/hu\/#\/schema\/logo\/image\/\",\"url\":\"https:\/\/360photoboothpro.eu\/wp-content\/uploads\/2023\/03\/logo-360photoboothpro-favicon.png\",\"contentUrl\":\"https:\/\/360photoboothpro.eu\/wp-content\/uploads\/2023\/03\/logo-360photoboothpro-favicon.png\",\"width\":317,\"height\":317,\"caption\":\"360PhotoBoothPRO\"},\"image\":{\"@id\":\"https:\/\/360photoboothpro.eu\/hu\/#\/schema\/logo\/image\/\"},\"sameAs\":[\"https:\/\/www.facebook.com\/360PhotoBoothPRO.Canada\/\"]}]}<\/script>\n<!-- \/ Yoast SEO plugin. -->","yoast_head_json":{"title":"Visszat\u00e9r\u00edt\u00e9si \u00e9s visszat\u00e9r\u00edt\u00e9si politika - 360PhotoBoothPRO","description":"Fedezze fel probl\u00e9mamentes visszat\u00e9r\u00edt\u00e9si \u00e9s visszat\u00e9r\u00edt\u00e9si szab\u00e1lyzatunkat. Az \u00d6n el\u00e9gedetts\u00e9ge az els\u0151dleges c\u00e9lunk. B\u00edzzon a 360 Photo Booth Pro biztons\u00e1gos v\u00e1s\u00e1rl\u00e1si \u00e9lm\u00e9nyben.","robots":{"index":"index","follow":"follow","max-snippet":"max-snippet:-1","max-image-preview":"max-image-preview:large","max-video-preview":"max-video-preview:-1"},"canonical":"https:\/\/360photoboothpro.eu\/hu\/visszakuldesi-es-visszateritesi-szabalyzat\/","og_locale":"hu_HU","og_type":"article","og_title":"Visszat\u00e9r\u00edt\u00e9si \u00e9s visszat\u00e9r\u00edt\u00e9si politika - 360PhotoBoothPRO","og_description":"Fedezze fel probl\u00e9mamentes visszat\u00e9r\u00edt\u00e9si \u00e9s visszat\u00e9r\u00edt\u00e9si szab\u00e1lyzatunkat. Az \u00d6n el\u00e9gedetts\u00e9ge az els\u0151dleges c\u00e9lunk. B\u00edzzon a 360 Photo Booth Pro biztons\u00e1gos v\u00e1s\u00e1rl\u00e1si \u00e9lm\u00e9nyben.","og_url":"https:\/\/360photoboothpro.eu\/hu\/visszakuldesi-es-visszateritesi-szabalyzat\/","og_site_name":"360PhotoBoothPRO","article_publisher":"https:\/\/www.facebook.com\/360PhotoBoothPRO.Canada\/","article_modified_time":"2024-08-06T07:18:31+00:00","twitter_card":"summary_large_image","twitter_misc":{"Becs\u00fclt olvas\u00e1si id\u0151":"4 perc"},"schema":{"@context":"https:\/\/schema.org","@graph":[{"@type":"WebPage","@id":"https:\/\/360photoboothpro.eu\/hu\/visszakuldesi-es-visszateritesi-szabalyzat\/","url":"https:\/\/360photoboothpro.eu\/hu\/visszakuldesi-es-visszateritesi-szabalyzat\/","name":"Visszat\u00e9r\u00edt\u00e9si \u00e9s visszat\u00e9r\u00edt\u00e9si politika - 360PhotoBoothPRO","isPartOf":{"@id":"https:\/\/360photoboothpro.eu\/hu\/#website"},"datePublished":"2023-03-31T11:30:47+00:00","dateModified":"2024-08-06T07:18:31+00:00","description":"Fedezze fel probl\u00e9mamentes visszat\u00e9r\u00edt\u00e9si \u00e9s visszat\u00e9r\u00edt\u00e9si szab\u00e1lyzatunkat. Az \u00d6n el\u00e9gedetts\u00e9ge az els\u0151dleges c\u00e9lunk. B\u00edzzon a 360 Photo Booth Pro biztons\u00e1gos v\u00e1s\u00e1rl\u00e1si \u00e9lm\u00e9nyben.","breadcrumb":{"@id":"https:\/\/360photoboothpro.eu\/hu\/visszakuldesi-es-visszateritesi-szabalyzat\/#breadcrumb"},"inLanguage":"hu","potentialAction":[{"@type":"ReadAction","target":["https:\/\/360photoboothpro.eu\/hu\/visszakuldesi-es-visszateritesi-szabalyzat\/"]}]},{"@type":"BreadcrumbList","@id":"https:\/\/360photoboothpro.eu\/hu\/visszakuldesi-es-visszateritesi-szabalyzat\/#breadcrumb","itemListElement":[{"@type":"ListItem","position":1,"name":"Home","item":"https:\/\/360photoboothpro.eu\/hu\/"},{"@type":"ListItem","position":2,"name":"Visszat\u00e9r\u00edt\u00e9si \u00e9s visszat\u00e9r\u00edt\u00e9si politika"}]},{"@type":"WebSite","@id":"https:\/\/360photoboothpro.eu\/hu\/#website","url":"https:\/\/360photoboothpro.eu\/hu\/","name":"360PhotoBoothPRO","description":"360PhotoBoothPRO","publisher":{"@id":"https:\/\/360photoboothpro.eu\/hu\/#organization"},"potentialAction":[{"@type":"SearchAction","target":{"@type":"EntryPoint","urlTemplate":"https:\/\/360photoboothpro.eu\/hu\/?s={search_term_string}"},"query-input":{"@type":"PropertyValueSpecification","valueRequired":true,"valueName":"search_term_string"}}],"inLanguage":"hu"},{"@type":"Organization","@id":"https:\/\/360photoboothpro.eu\/hu\/#organization","name":"360PhotoBoothPRO","url":"https:\/\/360photoboothpro.eu\/hu\/","logo":{"@type":"ImageObject","inLanguage":"hu","@id":"https:\/\/360photoboothpro.eu\/hu\/#\/schema\/logo\/image\/","url":"https:\/\/360photoboothpro.eu\/wp-content\/uploads\/2023\/03\/logo-360photoboothpro-favicon.png","contentUrl":"https:\/\/360photoboothpro.eu\/wp-content\/uploads\/2023\/03\/logo-360photoboothpro-favicon.png","width":317,"height":317,"caption":"360PhotoBoothPRO"},"image":{"@id":"https:\/\/360photoboothpro.eu\/hu\/#\/schema\/logo\/image\/"},"sameAs":["https:\/\/www.facebook.com\/360PhotoBoothPRO.Canada\/"]}]}},"_links":{"self":[{"href":"https:\/\/360photoboothpro.eu\/hu\/wp-json\/wp\/v2\/pages\/7591"}],"collection":[{"href":"https:\/\/360photoboothpro.eu\/hu\/wp-json\/wp\/v2\/pages"}],"about":[{"href":"https:\/\/360photoboothpro.eu\/hu\/wp-json\/wp\/v2\/types\/page"}],"author":[{"embeddable":true,"href":"https:\/\/360photoboothpro.eu\/hu\/wp-json\/wp\/v2\/users\/1"}],"replies":[{"embeddable":true,"href":"https:\/\/360photoboothpro.eu\/hu\/wp-json\/wp\/v2\/comments?post=7591"}],"version-history":[{"count":3,"href":"https:\/\/360photoboothpro.eu\/hu\/wp-json\/wp\/v2\/pages\/7591\/revisions"}],"predecessor-version":[{"id":14511,"href":"https:\/\/360photoboothpro.eu\/hu\/wp-json\/wp\/v2\/pages\/7591\/revisions\/14511"}],"wp:attachment":[{"href":"https:\/\/360photoboothpro.eu\/hu\/wp-json\/wp\/v2\/media?parent=7591"}],"curies":[{"name":"wp","href":"https:\/\/api.w.org\/{rel}","templated":true}]}}