{"id":7601,"date":"2023-03-31T13:30:05","date_gmt":"2023-03-31T11:30:05","guid":{"rendered":"https:\/\/360photoboothpro.eu\/shipping-policy\/"},"modified":"2023-12-18T18:45:05","modified_gmt":"2023-12-18T16:45:05","slug":"shipping-policy","status":"publish","type":"page","link":"https:\/\/360photoboothpro.eu\/hu\/shipping-policy\/","title":{"rendered":"Sz\u00e1ll\u00edt\u00e1si politika"},"content":{"rendered":"\t\t<div data-elementor-type=\"wp-page\" data-elementor-id=\"7601\" class=\"elementor elementor-7601 elementor-3800\" data-elementor-post-type=\"page\">\n\t\t\t\t\t\t<section class=\"elementor-section elementor-top-section elementor-element elementor-element-1b28c9c elementor-section-boxed elementor-section-height-default elementor-section-height-default\" data-id=\"1b28c9c\" data-element_type=\"section\">\r\n\t\t\r\n\t\t\t\t\t\t\t<div class=\"elementor-container elementor-column-gap-default\">\r\n\t\t\t\t\t\t\t\t\t\t\t<div class=\"elementor-column elementor-col-100 elementor-top-column elementor-element elementor-element-26a6f6c\" data-id=\"26a6f6c\" data-element_type=\"column\">\r\n\t\t\t\t\t<div class=\"elementor-widget-wrap elementor-element-populated\">\r\n\t\t\t\t\t\t\t\t<div class=\"elementor-element elementor-element-cdc1e04 elementor-widget elementor-widget-heading\" data-id=\"cdc1e04\" data-element_type=\"widget\" data-widget_type=\"heading.default\">\n\t\t\t\t<div class=\"elementor-widget-container\">\n\t\t\t<h2 class=\"elementor-heading-title elementor-size-default\">SZ\u00c1LL\u00cdT\u00c1SI POLITIKA<\/h2>\t\t<\/div>\n\t\t\t\t<\/div>\n\t\t\t\t\t<\/div>\r\n\t\t\t\t<\/div>\r\n\t\t\t\t\t<\/div>\r\n\t\t\t\t<\/section>\r\n\t\t\t\t<section class=\"elementor-section elementor-top-section elementor-element elementor-element-b382702 elementor-section-boxed elementor-section-height-default elementor-section-height-default\" data-id=\"b382702\" data-element_type=\"section\">\r\n\t\t\r\n\t\t\t\t\t\t\t<div class=\"elementor-container elementor-column-gap-default\">\r\n\t\t\t\t\t\t\t\t\t\t\t<div class=\"elementor-column elementor-col-50 elementor-top-column elementor-element elementor-element-c0a6b74\" data-id=\"c0a6b74\" data-element_type=\"column\">\r\n\t\t\t\t\t<div class=\"elementor-widget-wrap elementor-element-populated\">\r\n\t\t\t\t\t\t\t\t<div class=\"elementor-element elementor-element-40885d6 elementor-widget elementor-widget-text-editor\" data-id=\"40885d6\" data-element_type=\"widget\" data-widget_type=\"text-editor.default\">\n\t\t\t\t<div class=\"elementor-widget-container\">\n\t\t\t\t\t\t\t<h3><strong>A sz\u00e1ll\u00edt\u00e1s ingyenes eg\u00e9sz Eur\u00f3p\u00e1ban. A sz\u00e1ll\u00edt\u00e1si hat\u00e1rid\u0151 5-7 nap Eur\u00f3pa-szerte.<\/strong><\/h3>\n<p>A term\u00e9keket a <a href=\"https:\/\/www.dhl.com\/\">DHL-lel<\/a> sz\u00e1ll\u00edtjuk<\/p>\n<p>\u00e9s ellen\u0151rizheti a k\u00e9zbes\u00edt\u00e9s \u00e1llapot\u00e1t a <a href=\"https:\/\/www.mydhli.com\/global-en\/home\/tracking.html\" rel=\"nofollow\">HEAR: https:\/\/www.mydhli.com\/global-en\/home\/tracking.html<\/a>.<\/p>\n<p>A v\u00e1s\u00e1rl\u00f3 felel\u0151ss\u00e9ge, hogy a csomag \u00e1tv\u00e9telekor ellen\u0151rizze a term\u00e9k s\u00e9rtetlens\u00e9g\u00e9t, \u00e9s az \u00e1tv\u00e9telt\u0151l sz\u00e1m\u00edtott 48 \u00f3r\u00e1n bel\u00fcl k\u00f6teles a NOVO BEST CONCEPT TEAM SRL-t \u00edr\u00e1sban \u00e9rtes\u00edteni e-mailben, a felmer\u00fclt hib\u00e1kr\u00f3l k\u00e9sz\u00fclt szeml\u00e9ltet\u0151 fot\u00f3kkal egy\u00fctt, ezen a c\u00edmen: <a href=\"mailto:contact@360photoboothpro.eu\">contact@360photoboothpro.eu<\/a>. Ugyanakkor, ha a term\u00e9k k\u00e9zbes\u00edt\u00e9sekor a term\u00e9k csomagol\u00e1s\u00e1nak jelent\u0151s s\u00e9r\u00fcl\u00e9s\u00e9t jelentik, az \u00fcgyf\u00e9lnek a fut\u00e1rszolg\u00e1lat megb\u00edzottj\u00e1val k\u00f6z\u00f6sen s\u00e9r\u00fcl\u00e9si\/vesztes\u00e9g- vagy k\u00e1rbejelent\u00e9st kell k\u00e9sz\u00edtenie, \u00e9s egy p\u00e9ld\u00e1nyt meg kell \u0151riznie. A megrendel\u00e9sben megadott c\u00edmre sz\u00e1ll\u00edtott \u00e9s k\u00e9s\u0151bb a megrendel\u0151 \u00e1ltal m\u00e1s c\u00edmre sz\u00e1ll\u00edtott term\u00e9kek eset\u00e9ben nem v\u00e1llalunk felel\u0151ss\u00e9get az adott term\u00e9k sz\u00e1ll\u00edt\u00e1s\u00e1nak s\u00e9rtetlens\u00e9g\u00e9\u00e9rt!<\/p>\n<p>Az egyes csomagok s\u00e9rtetlens\u00e9g\u00e9vel\/tartalm\u00e1val kapcsolatos esetleges probl\u00e9m\u00e1kra vonatkoz\u00f3 megjegyz\u00e9seket az AWB-n t\u00f6rt\u00e9n\u0151 k\u00e9zbes\u00edt\u00e9skor teszik, vagy meg\u00e1llap\u00edt\u00e1sokat tartalmaz\u00f3 nyilatkozatot k\u00e9sz\u00edtenek, a csomag \u00e1tv\u00e9tel\u00e9t \u00e9s kifizet\u00e9s\u00e9t megtagadj\u00e1k. Az ezekkel a szempontokkal kapcsolatos minden k\u00e9s\u0151bbi panasz semmis.<\/p>\t\t\t\t\t\t<\/div>\n\t\t\t\t<\/div>\n\t\t\t\t\t<\/div>\r\n\t\t\t\t<\/div>\r\n\t\t\t\t<div class=\"elementor-column elementor-col-50 elementor-top-column elementor-element elementor-element-7bbb91b\" data-id=\"7bbb91b\" data-element_type=\"column\">\r\n\t\t\t\t\t<div class=\"elementor-widget-wrap elementor-element-populated\">\r\n\t\t\t\t\t\t\t\t<div class=\"elementor-element elementor-element-2e4d68c elementor-widget elementor-widget-text-editor\" data-id=\"2e4d68c\" data-element_type=\"widget\" data-widget_type=\"text-editor.default\">\n\t\t\t\t<div class=\"elementor-widget-container\">\n\t\t\t\t\t\t\t<p class=\"tw-data-text tw-text-large tw-ta\" dir=\"ltr\" data-placeholder=\"Traducere\"><span class=\"Y2IQFc\" lang=\"en\">A norm\u00e1l sz\u00e1ll\u00edt\u00e1si hat\u00e1rid\u0151n bel\u00fcl is lehetnek sz\u00e1ll\u00edt\u00e1si kiv\u00e9telek, banki \u00e1tutal\u00e1ssal vagy fizet\u00e9si megb\u00edz\u00e1ssal fizetett megrendel\u00e9sek eset\u00e9ben, amelyekn\u00e9l a banki tranzakci\u00f3 az egyes bankok feldolgoz\u00e1si idej\u00e9t\u0151l f\u00fcgg\u0151en tarthat; ebben a helyzetben a megrendel\u00e9s csak akkor ker\u00fcl feldolgoz\u00e1sra, ha a p\u00e9nz \u00e1tutal\u00e1sra ker\u00fclt a NOVO BEST CONCEPT TEAM SRL sz\u00e1ml\u00e1j\u00e1ra.  <\/span><\/p>\n<p class=\"tw-data-text tw-text-large tw-ta\" dir=\"ltr\" data-placeholder=\"Traducere\"><span class=\"Y2IQFc\" lang=\"en\">Kedvez\u0151tlen id\u0151j\u00e1r\u00e1si k\u00f6r\u00fclm\u00e9nyek, j\u00e1rhatatlan utak vagy az id\u0151j\u00e1r\u00e1s alakul\u00e1s\u00e1val kapcsolatos egy\u00e9b okok miatt k\u00e9shet a sz\u00e1ll\u00edt\u00e1s.<\/span><\/p>\n<p class=\"tw-data-text tw-text-large tw-ta\" dir=\"ltr\" data-placeholder=\"Traducere\"><span class=\"Y2IQFc\" lang=\"en\">Miel\u0151tt megrendel egy term\u00e9ket, ellen\u0151rizze, hogy van-e rakt\u00e1ron. Azokat a term\u00e9keket, amelyek jelenleg nincsenek rakt\u00e1ron, nem lehet sz\u00e1ll\u00edtani. Az adott megrendel\u00e9seket a v\u00e1s\u00e1rl\u00f3 k\u00e9r\u00e9s\u00e9re egy h\u00f3napig lehet t\u00e1rolni, \u00e9s akkor sz\u00e1ll\u00edtj\u00e1k ki, amikor \u00fajra k\u00e9szleten vannak. Ha ezeket a megrendel\u00e9seket egy h\u00f3napon bel\u00fcl nem tudj\u00e1k teljes\u00edteni, akkor ezeket a megrendel\u00e9seket tov\u00e1bbi \u00e9rtes\u00edt\u00e9s n\u00e9lk\u00fcl t\u00f6r\u00f6ltnek tekintj\u00fck. Ha az \u00fcgyf\u00e9l nem adja meg, hogy ezeket a megrendel\u00e9seket meg kell tartani, akkor azokat semmisnek tekintj\u00fck.<\/span><\/p>\n\t\t\t\t\t\t<\/div>\n\t\t\t\t<\/div>\n\t\t\t\t\t<\/div>\r\n\t\t\t\t<\/div>\r\n\t\t\t\t\t<\/div>\r\n\t\t\t\t<\/section>\r\n\t\t\t\t<\/div>\n\t\t","protected":false},"excerpt":{"rendered":"<p>SZ\u00c1LL\u00cdT\u00c1SI POLITIKA A sz\u00e1ll\u00edt\u00e1s ingyenes eg\u00e9sz Eur\u00f3p\u00e1ban. A sz\u00e1ll\u00edt\u00e1si hat\u00e1rid\u0151 5-7 nap Eur\u00f3pa-szerte. A term\u00e9keket a DHL-lel sz\u00e1ll\u00edtjuk \u00e9s ellen\u0151rizheti a k\u00e9zbes\u00edt\u00e9s \u00e1llapot\u00e1t a HEAR: https:\/\/www.mydhli.com\/global-en\/home\/tracking.html. A v\u00e1s\u00e1rl\u00f3 felel\u0151ss\u00e9ge, hogy a csomag \u00e1tv\u00e9telekor ellen\u0151rizze a term\u00e9k s\u00e9rtetlens\u00e9g\u00e9t, \u00e9s az \u00e1tv\u00e9telt\u0151l sz\u00e1m\u00edtott 48 \u00f3r\u00e1n bel\u00fcl k\u00f6teles a NOVO BEST CONCEPT TEAM SRL-t \u00edr\u00e1sban \u00e9rtes\u00edteni e-mailben, a [&hellip;]<\/p>\n","protected":false},"author":1,"featured_media":0,"parent":0,"menu_order":0,"comment_status":"closed","ping_status":"closed","template":"elementor_header_footer","meta":{"_acf_changed":false,"footnotes":""},"class_list":["post-7601","page","type-page","status-publish","hentry"],"acf":[],"yoast_head":"<!-- This site is optimized with the Yoast SEO plugin v23.5 - https:\/\/yoast.com\/wordpress\/plugins\/seo\/ -->\n<title>Sz\u00e1ll\u00edt\u00e1si politika - 360PhotoBoothPRO<\/title>\n<meta name=\"robots\" content=\"index, follow, max-snippet:-1, max-image-preview:large, max-video-preview:-1\" \/>\n<link rel=\"canonical\" href=\"https:\/\/360photoboothpro.eu\/hu\/shipping-policy\/\" \/>\n<meta property=\"og:locale\" content=\"hu_HU\" \/>\n<meta property=\"og:type\" content=\"article\" \/>\n<meta property=\"og:title\" content=\"Sz\u00e1ll\u00edt\u00e1si politika - 360PhotoBoothPRO\" \/>\n<meta property=\"og:description\" content=\"SZ\u00c1LL\u00cdT\u00c1SI POLITIKA A sz\u00e1ll\u00edt\u00e1s ingyenes eg\u00e9sz Eur\u00f3p\u00e1ban. A sz\u00e1ll\u00edt\u00e1si hat\u00e1rid\u0151 5-7 nap Eur\u00f3pa-szerte. A term\u00e9keket a DHL-lel sz\u00e1ll\u00edtjuk \u00e9s ellen\u0151rizheti a k\u00e9zbes\u00edt\u00e9s \u00e1llapot\u00e1t a HEAR: https:\/\/www.mydhli.com\/global-en\/home\/tracking.html. A v\u00e1s\u00e1rl\u00f3 felel\u0151ss\u00e9ge, hogy a csomag \u00e1tv\u00e9telekor ellen\u0151rizze a term\u00e9k s\u00e9rtetlens\u00e9g\u00e9t, \u00e9s az \u00e1tv\u00e9telt\u0151l sz\u00e1m\u00edtott 48 \u00f3r\u00e1n bel\u00fcl k\u00f6teles a NOVO BEST CONCEPT TEAM SRL-t \u00edr\u00e1sban \u00e9rtes\u00edteni e-mailben, a [&hellip;]\" \/>\n<meta property=\"og:url\" content=\"https:\/\/360photoboothpro.eu\/hu\/shipping-policy\/\" \/>\n<meta property=\"og:site_name\" content=\"360PhotoBoothPRO\" \/>\n<meta property=\"article:publisher\" content=\"https:\/\/www.facebook.com\/360PhotoBoothPRO.Canada\/\" \/>\n<meta property=\"article:modified_time\" content=\"2023-12-18T16:45:05+00:00\" \/>\n<meta name=\"twitter:card\" content=\"summary_large_image\" \/>\n<meta name=\"twitter:label1\" content=\"Becs\u00fclt olvas\u00e1si id\u0151\" \/>\n\t<meta name=\"twitter:data1\" content=\"2 perc\" \/>\n<script type=\"application\/ld+json\" class=\"yoast-schema-graph\">{\"@context\":\"https:\/\/schema.org\",\"@graph\":[{\"@type\":\"WebPage\",\"@id\":\"https:\/\/360photoboothpro.eu\/hu\/shipping-policy\/\",\"url\":\"https:\/\/360photoboothpro.eu\/hu\/shipping-policy\/\",\"name\":\"Sz\u00e1ll\u00edt\u00e1si politika - 360PhotoBoothPRO\",\"isPartOf\":{\"@id\":\"https:\/\/360photoboothpro.eu\/hu\/#website\"},\"datePublished\":\"2023-03-31T11:30:05+00:00\",\"dateModified\":\"2023-12-18T16:45:05+00:00\",\"breadcrumb\":{\"@id\":\"https:\/\/360photoboothpro.eu\/hu\/shipping-policy\/#breadcrumb\"},\"inLanguage\":\"hu\",\"potentialAction\":[{\"@type\":\"ReadAction\",\"target\":[\"https:\/\/360photoboothpro.eu\/hu\/shipping-policy\/\"]}]},{\"@type\":\"BreadcrumbList\",\"@id\":\"https:\/\/360photoboothpro.eu\/hu\/shipping-policy\/#breadcrumb\",\"itemListElement\":[{\"@type\":\"ListItem\",\"position\":1,\"name\":\"Home\",\"item\":\"https:\/\/360photoboothpro.eu\/hu\/\"},{\"@type\":\"ListItem\",\"position\":2,\"name\":\"Sz\u00e1ll\u00edt\u00e1si politika\"}]},{\"@type\":\"WebSite\",\"@id\":\"https:\/\/360photoboothpro.eu\/hu\/#website\",\"url\":\"https:\/\/360photoboothpro.eu\/hu\/\",\"name\":\"360PhotoBoothPRO\",\"description\":\"360PhotoBoothPRO\",\"publisher\":{\"@id\":\"https:\/\/360photoboothpro.eu\/hu\/#organization\"},\"potentialAction\":[{\"@type\":\"SearchAction\",\"target\":{\"@type\":\"EntryPoint\",\"urlTemplate\":\"https:\/\/360photoboothpro.eu\/hu\/?s={search_term_string}\"},\"query-input\":{\"@type\":\"PropertyValueSpecification\",\"valueRequired\":true,\"valueName\":\"search_term_string\"}}],\"inLanguage\":\"hu\"},{\"@type\":\"Organization\",\"@id\":\"https:\/\/360photoboothpro.eu\/hu\/#organization\",\"name\":\"360PhotoBoothPRO\",\"url\":\"https:\/\/360photoboothpro.eu\/hu\/\",\"logo\":{\"@type\":\"ImageObject\",\"inLanguage\":\"hu\",\"@id\":\"https:\/\/360photoboothpro.eu\/hu\/#\/schema\/logo\/image\/\",\"url\":\"https:\/\/360photoboothpro.eu\/wp-content\/uploads\/2023\/03\/logo-360photoboothpro-favicon.png\",\"contentUrl\":\"https:\/\/360photoboothpro.eu\/wp-content\/uploads\/2023\/03\/logo-360photoboothpro-favicon.png\",\"width\":317,\"height\":317,\"caption\":\"360PhotoBoothPRO\"},\"image\":{\"@id\":\"https:\/\/360photoboothpro.eu\/hu\/#\/schema\/logo\/image\/\"},\"sameAs\":[\"https:\/\/www.facebook.com\/360PhotoBoothPRO.Canada\/\"]}]}<\/script>\n<!-- \/ Yoast SEO plugin. -->","yoast_head_json":{"title":"Sz\u00e1ll\u00edt\u00e1si politika - 360PhotoBoothPRO","robots":{"index":"index","follow":"follow","max-snippet":"max-snippet:-1","max-image-preview":"max-image-preview:large","max-video-preview":"max-video-preview:-1"},"canonical":"https:\/\/360photoboothpro.eu\/hu\/shipping-policy\/","og_locale":"hu_HU","og_type":"article","og_title":"Sz\u00e1ll\u00edt\u00e1si politika - 360PhotoBoothPRO","og_description":"SZ\u00c1LL\u00cdT\u00c1SI POLITIKA A sz\u00e1ll\u00edt\u00e1s ingyenes eg\u00e9sz Eur\u00f3p\u00e1ban. A sz\u00e1ll\u00edt\u00e1si hat\u00e1rid\u0151 5-7 nap Eur\u00f3pa-szerte. A term\u00e9keket a DHL-lel sz\u00e1ll\u00edtjuk \u00e9s ellen\u0151rizheti a k\u00e9zbes\u00edt\u00e9s \u00e1llapot\u00e1t a HEAR: https:\/\/www.mydhli.com\/global-en\/home\/tracking.html. A v\u00e1s\u00e1rl\u00f3 felel\u0151ss\u00e9ge, hogy a csomag \u00e1tv\u00e9telekor ellen\u0151rizze a term\u00e9k s\u00e9rtetlens\u00e9g\u00e9t, \u00e9s az \u00e1tv\u00e9telt\u0151l sz\u00e1m\u00edtott 48 \u00f3r\u00e1n bel\u00fcl k\u00f6teles a NOVO BEST CONCEPT TEAM SRL-t \u00edr\u00e1sban \u00e9rtes\u00edteni e-mailben, a [&hellip;]","og_url":"https:\/\/360photoboothpro.eu\/hu\/shipping-policy\/","og_site_name":"360PhotoBoothPRO","article_publisher":"https:\/\/www.facebook.com\/360PhotoBoothPRO.Canada\/","article_modified_time":"2023-12-18T16:45:05+00:00","twitter_card":"summary_large_image","twitter_misc":{"Becs\u00fclt olvas\u00e1si id\u0151":"2 perc"},"schema":{"@context":"https:\/\/schema.org","@graph":[{"@type":"WebPage","@id":"https:\/\/360photoboothpro.eu\/hu\/shipping-policy\/","url":"https:\/\/360photoboothpro.eu\/hu\/shipping-policy\/","name":"Sz\u00e1ll\u00edt\u00e1si politika - 360PhotoBoothPRO","isPartOf":{"@id":"https:\/\/360photoboothpro.eu\/hu\/#website"},"datePublished":"2023-03-31T11:30:05+00:00","dateModified":"2023-12-18T16:45:05+00:00","breadcrumb":{"@id":"https:\/\/360photoboothpro.eu\/hu\/shipping-policy\/#breadcrumb"},"inLanguage":"hu","potentialAction":[{"@type":"ReadAction","target":["https:\/\/360photoboothpro.eu\/hu\/shipping-policy\/"]}]},{"@type":"BreadcrumbList","@id":"https:\/\/360photoboothpro.eu\/hu\/shipping-policy\/#breadcrumb","itemListElement":[{"@type":"ListItem","position":1,"name":"Home","item":"https:\/\/360photoboothpro.eu\/hu\/"},{"@type":"ListItem","position":2,"name":"Sz\u00e1ll\u00edt\u00e1si politika"}]},{"@type":"WebSite","@id":"https:\/\/360photoboothpro.eu\/hu\/#website","url":"https:\/\/360photoboothpro.eu\/hu\/","name":"360PhotoBoothPRO","description":"360PhotoBoothPRO","publisher":{"@id":"https:\/\/360photoboothpro.eu\/hu\/#organization"},"potentialAction":[{"@type":"SearchAction","target":{"@type":"EntryPoint","urlTemplate":"https:\/\/360photoboothpro.eu\/hu\/?s={search_term_string}"},"query-input":{"@type":"PropertyValueSpecification","valueRequired":true,"valueName":"search_term_string"}}],"inLanguage":"hu"},{"@type":"Organization","@id":"https:\/\/360photoboothpro.eu\/hu\/#organization","name":"360PhotoBoothPRO","url":"https:\/\/360photoboothpro.eu\/hu\/","logo":{"@type":"ImageObject","inLanguage":"hu","@id":"https:\/\/360photoboothpro.eu\/hu\/#\/schema\/logo\/image\/","url":"https:\/\/360photoboothpro.eu\/wp-content\/uploads\/2023\/03\/logo-360photoboothpro-favicon.png","contentUrl":"https:\/\/360photoboothpro.eu\/wp-content\/uploads\/2023\/03\/logo-360photoboothpro-favicon.png","width":317,"height":317,"caption":"360PhotoBoothPRO"},"image":{"@id":"https:\/\/360photoboothpro.eu\/hu\/#\/schema\/logo\/image\/"},"sameAs":["https:\/\/www.facebook.com\/360PhotoBoothPRO.Canada\/"]}]}},"_links":{"self":[{"href":"https:\/\/360photoboothpro.eu\/hu\/wp-json\/wp\/v2\/pages\/7601"}],"collection":[{"href":"https:\/\/360photoboothpro.eu\/hu\/wp-json\/wp\/v2\/pages"}],"about":[{"href":"https:\/\/360photoboothpro.eu\/hu\/wp-json\/wp\/v2\/types\/page"}],"author":[{"embeddable":true,"href":"https:\/\/360photoboothpro.eu\/hu\/wp-json\/wp\/v2\/users\/1"}],"replies":[{"embeddable":true,"href":"https:\/\/360photoboothpro.eu\/hu\/wp-json\/wp\/v2\/comments?post=7601"}],"version-history":[{"count":7,"href":"https:\/\/360photoboothpro.eu\/hu\/wp-json\/wp\/v2\/pages\/7601\/revisions"}],"predecessor-version":[{"id":11106,"href":"https:\/\/360photoboothpro.eu\/hu\/wp-json\/wp\/v2\/pages\/7601\/revisions\/11106"}],"wp:attachment":[{"href":"https:\/\/360photoboothpro.eu\/hu\/wp-json\/wp\/v2\/media?parent=7601"}],"curies":[{"name":"wp","href":"https:\/\/api.w.org\/{rel}","templated":true}]}}