{"id":7689,"date":"2023-04-25T09:32:41","date_gmt":"2023-04-25T07:32:41","guid":{"rendered":"https:\/\/360photoboothpro.eu\/rolunk\/"},"modified":"2025-03-12T09:23:17","modified_gmt":"2025-03-12T07:23:17","slug":"rolunk","status":"publish","type":"page","link":"https:\/\/360photoboothpro.eu\/hu\/rolunk\/","title":{"rendered":"R\u00f3lunk"},"content":{"rendered":"\t\t<div data-elementor-type=\"wp-page\" data-elementor-id=\"7689\" class=\"elementor elementor-7689 elementor-4830\" data-elementor-post-type=\"page\">\n\t\t\t\t\t\t<section class=\"elementor-section elementor-top-section elementor-element elementor-element-247f217 elementor-section-boxed elementor-section-height-default elementor-section-height-default\" data-id=\"247f217\" data-element_type=\"section\">\r\n\t\t\r\n\t\t\t\t\t\t\t<div class=\"elementor-container elementor-column-gap-default\">\r\n\t\t\t\t\t\t\t\t\t\t\t<div class=\"elementor-column elementor-col-100 elementor-top-column elementor-element elementor-element-0705ce1\" data-id=\"0705ce1\" data-element_type=\"column\">\r\n\t\t\t\t\t<div class=\"elementor-widget-wrap elementor-element-populated\">\r\n\t\t\t\t\t\t\t\t<div class=\"elementor-element elementor-element-712c1a2 elementor-widget elementor-widget-porto_ultimate_heading\" data-id=\"712c1a2\" data-element_type=\"widget\" data-widget_type=\"porto_ultimate_heading.default\">\n\t\t\t\t<div class=\"elementor-widget-container\">\n\t\t\t<div class=\"porto-u-heading  porto-u-4315\"><div class=\"porto-u-main-heading\"><h2   >R\u00f3lunk<\/h2><\/div><style>.porto-u-4315.porto-u-heading{text-align:center}<\/style><\/div>\t\t<\/div>\n\t\t\t\t<\/div>\n\t\t\t\t<div class=\"elementor-element elementor-element-6fbd8bb elementor-widget elementor-widget-text-editor\" data-id=\"6fbd8bb\" data-element_type=\"widget\" data-widget_type=\"text-editor.default\">\n\t\t\t\t<div class=\"elementor-widget-container\">\n\t\t\t\t\t\t\t<p>A NOVO BEST CONCEPT TEAM c\u00e9get egy \u00f6tlettel ind\u00edtottuk el: 360 Photo Booth PRO platformokat k\u00edn\u00e1lunk a lehet\u0151 legjobb \u00e1ron. Ett\u0151l kezdve mindent megtett\u00fcnk a k\u00f6lts\u00e9gek optimaliz\u00e1l\u00e1sa \u00e9rdek\u00e9ben, hogy a legjobb \u00e1r-\u00e9rt\u00e9k ar\u00e1ny\u00fa term\u00e9keket k\u00edn\u00e1lhassuk \u00d6nnek.<\/p>\n<p>Gazdas\u00e1gi lehet\u0151s\u00e9geket akarunk teremteni t\u00f6bb mint 25 000 v\u00e1llalat sz\u00e1m\u00e1ra a vil\u00e1g minden t\u00e1j\u00e1r\u00f3l.&nbsp;<\/p>\n<p>C\u00e9g\u00fcnk sz\u00e9khelye: Bucuresti, Calea Mosilor, nr. 88, sc. F, ap. 82, Sector 3, Romania.<\/p>\n<p>Mi vagyunk az EGYED\u00dcLIEK EUR\u00d3P\u00c1BAN, akik a 360 Camera Booth platformokat 2 \u00c9VES GARANCI\u00c1VAL \u00e9s a garancia 3 \u00c9VRE t\u00f6rt\u00e9n\u0151 meghosszabb\u00edt\u00e1s\u00e1nak lehet\u0151s\u00e9g\u00e9vel k\u00edn\u00e1ljuk, \u00e9s am\u00edg a garancia fenn\u00e1ll, a hib\u00e1s term\u00e9ket INGYENESEN FELV\u00c9TETJ\u00dcK, hogy \u00fczembe helyezz\u00fck \u00e9s a jav\u00edt\u00e1s sor\u00e1n kicser\u00e9lj\u00fck a platformot.<\/p>\n<p>Emellett nagyon b\u00fcszk\u00e9k vagyunk az \u00e1ltalunk k\u00edn\u00e1lt term\u00e9kekre. Minden 360VideoBooth PRO platformot ellen\u0151rizz\u00fck \u00e9s tesztel\u00fcnk a sz\u00e1ll\u00edt\u00e1s el\u0151tt.<\/p>\n<p>Ezt a gy\u00f6ny\u00f6r\u0171 utaz\u00e1st kanadai \u00e9s rom\u00e1niai online \u00e1ruh\u00e1zakkal kezdt\u00fck.<\/p>\n<p>Mi a k\u00f6vetkez\u0151 l\u00e9p\u00e9s? Szeretn\u00e9nk szolg\u00e1ltat\u00e1sainkat az eg\u00e9sz vil\u00e1gra kiterjeszteni. Kanada \u00e9s Eur\u00f3pa ut\u00e1n az Egyes\u00fclt Kir\u00e1lys\u00e1gban, az Egyes\u00fclt \u00c1llamokban \u00e9s D\u00e9l-Amerik\u00e1ban nyitunk \u00faj \u00fczleteket.<\/p>\t\t\t\t\t\t<\/div>\n\t\t\t\t<\/div>\n\t\t\t\t\t<\/div>\r\n\t\t\t\t<\/div>\r\n\t\t\t\t\t<\/div>\r\n\t\t\t\t<\/section>\r\n\t\t\t\t<\/div>\n\t\t","protected":false},"excerpt":{"rendered":"<p>R\u00f3lunk A NOVO BEST CONCEPT TEAM c\u00e9get egy \u00f6tlettel ind\u00edtottuk el: 360 Photo Booth PRO platformokat k\u00edn\u00e1lunk a lehet\u0151 legjobb \u00e1ron. Ett\u0151l kezdve mindent megtett\u00fcnk a k\u00f6lts\u00e9gek optimaliz\u00e1l\u00e1sa \u00e9rdek\u00e9ben, hogy a legjobb \u00e1r-\u00e9rt\u00e9k ar\u00e1ny\u00fa term\u00e9keket k\u00edn\u00e1lhassuk \u00d6nnek. Gazdas\u00e1gi lehet\u0151s\u00e9geket akarunk teremteni t\u00f6bb mint 25 000 v\u00e1llalat sz\u00e1m\u00e1ra a vil\u00e1g minden t\u00e1j\u00e1r\u00f3l.&nbsp; C\u00e9g\u00fcnk sz\u00e9khelye: Bucuresti, Calea [&hellip;]<\/p>\n","protected":false},"author":1,"featured_media":0,"parent":0,"menu_order":0,"comment_status":"closed","ping_status":"closed","template":"elementor_header_footer","meta":{"_acf_changed":false,"footnotes":""},"class_list":["post-7689","page","type-page","status-publish","hentry"],"acf":[],"yoast_head":"<!-- This site is optimized with the Yoast SEO plugin v23.5 - https:\/\/yoast.com\/wordpress\/plugins\/seo\/ -->\n<title>R\u00f3lunk - 360PhotoBoothPRO<\/title>\n<meta name=\"description\" content=\"Fedezze fel t\u00f6rt\u00e9net\u00fcnket a 360 Photo Booth Pro oldalon. Ismerje meg k\u00fcldet\u00e9s\u00fcnket \u00e9s elk\u00f6telezetts\u00e9g\u00fcnket a kiv\u00e1l\u00f3 min\u0151s\u00e9g\u0171 fot\u00f3f\u00fclke-megold\u00e1sok ir\u00e1nt. Csatlakozzon hozz\u00e1nk a pillanatok meg\u00f6r\u00f6k\u00edt\u00e9s\u00e9ben.\" \/>\n<meta name=\"robots\" content=\"index, follow, max-snippet:-1, max-image-preview:large, max-video-preview:-1\" \/>\n<link rel=\"canonical\" href=\"https:\/\/360photoboothpro.eu\/hu\/rolunk\/\" \/>\n<meta property=\"og:locale\" content=\"hu_HU\" \/>\n<meta property=\"og:type\" content=\"article\" \/>\n<meta property=\"og:title\" content=\"R\u00f3lunk - 360PhotoBoothPRO\" \/>\n<meta property=\"og:description\" content=\"Fedezze fel t\u00f6rt\u00e9net\u00fcnket a 360 Photo Booth Pro oldalon. Ismerje meg k\u00fcldet\u00e9s\u00fcnket \u00e9s elk\u00f6telezetts\u00e9g\u00fcnket a kiv\u00e1l\u00f3 min\u0151s\u00e9g\u0171 fot\u00f3f\u00fclke-megold\u00e1sok ir\u00e1nt. Csatlakozzon hozz\u00e1nk a pillanatok meg\u00f6r\u00f6k\u00edt\u00e9s\u00e9ben.\" \/>\n<meta property=\"og:url\" content=\"https:\/\/360photoboothpro.eu\/hu\/rolunk\/\" \/>\n<meta property=\"og:site_name\" content=\"360PhotoBoothPRO\" \/>\n<meta property=\"article:publisher\" content=\"https:\/\/www.facebook.com\/360PhotoBoothPRO.Canada\/\" \/>\n<meta property=\"article:modified_time\" content=\"2025-03-12T07:23:17+00:00\" \/>\n<meta name=\"twitter:card\" content=\"summary_large_image\" \/>\n<meta name=\"twitter:label1\" content=\"Becs\u00fclt olvas\u00e1si id\u0151\" \/>\n\t<meta name=\"twitter:data1\" content=\"1 perc\" \/>\n<script type=\"application\/ld+json\" class=\"yoast-schema-graph\">{\"@context\":\"https:\/\/schema.org\",\"@graph\":[{\"@type\":\"WebPage\",\"@id\":\"https:\/\/360photoboothpro.eu\/hu\/rolunk\/\",\"url\":\"https:\/\/360photoboothpro.eu\/hu\/rolunk\/\",\"name\":\"R\u00f3lunk - 360PhotoBoothPRO\",\"isPartOf\":{\"@id\":\"https:\/\/360photoboothpro.eu\/hu\/#website\"},\"datePublished\":\"2023-04-25T07:32:41+00:00\",\"dateModified\":\"2025-03-12T07:23:17+00:00\",\"description\":\"Fedezze fel t\u00f6rt\u00e9net\u00fcnket a 360 Photo Booth Pro oldalon. Ismerje meg k\u00fcldet\u00e9s\u00fcnket \u00e9s elk\u00f6telezetts\u00e9g\u00fcnket a kiv\u00e1l\u00f3 min\u0151s\u00e9g\u0171 fot\u00f3f\u00fclke-megold\u00e1sok ir\u00e1nt. Csatlakozzon hozz\u00e1nk a pillanatok meg\u00f6r\u00f6k\u00edt\u00e9s\u00e9ben.\",\"breadcrumb\":{\"@id\":\"https:\/\/360photoboothpro.eu\/hu\/rolunk\/#breadcrumb\"},\"inLanguage\":\"hu\",\"potentialAction\":[{\"@type\":\"ReadAction\",\"target\":[\"https:\/\/360photoboothpro.eu\/hu\/rolunk\/\"]}]},{\"@type\":\"BreadcrumbList\",\"@id\":\"https:\/\/360photoboothpro.eu\/hu\/rolunk\/#breadcrumb\",\"itemListElement\":[{\"@type\":\"ListItem\",\"position\":1,\"name\":\"Home\",\"item\":\"https:\/\/360photoboothpro.eu\/hu\/\"},{\"@type\":\"ListItem\",\"position\":2,\"name\":\"R\u00f3lunk\"}]},{\"@type\":\"WebSite\",\"@id\":\"https:\/\/360photoboothpro.eu\/hu\/#website\",\"url\":\"https:\/\/360photoboothpro.eu\/hu\/\",\"name\":\"360PhotoBoothPRO\",\"description\":\"360PhotoBoothPRO\",\"publisher\":{\"@id\":\"https:\/\/360photoboothpro.eu\/hu\/#organization\"},\"potentialAction\":[{\"@type\":\"SearchAction\",\"target\":{\"@type\":\"EntryPoint\",\"urlTemplate\":\"https:\/\/360photoboothpro.eu\/hu\/?s={search_term_string}\"},\"query-input\":{\"@type\":\"PropertyValueSpecification\",\"valueRequired\":true,\"valueName\":\"search_term_string\"}}],\"inLanguage\":\"hu\"},{\"@type\":\"Organization\",\"@id\":\"https:\/\/360photoboothpro.eu\/hu\/#organization\",\"name\":\"360PhotoBoothPRO\",\"url\":\"https:\/\/360photoboothpro.eu\/hu\/\",\"logo\":{\"@type\":\"ImageObject\",\"inLanguage\":\"hu\",\"@id\":\"https:\/\/360photoboothpro.eu\/hu\/#\/schema\/logo\/image\/\",\"url\":\"https:\/\/360photoboothpro.eu\/wp-content\/uploads\/2023\/03\/logo-360photoboothpro-favicon.png\",\"contentUrl\":\"https:\/\/360photoboothpro.eu\/wp-content\/uploads\/2023\/03\/logo-360photoboothpro-favicon.png\",\"width\":317,\"height\":317,\"caption\":\"360PhotoBoothPRO\"},\"image\":{\"@id\":\"https:\/\/360photoboothpro.eu\/hu\/#\/schema\/logo\/image\/\"},\"sameAs\":[\"https:\/\/www.facebook.com\/360PhotoBoothPRO.Canada\/\"]}]}<\/script>\n<!-- \/ Yoast SEO plugin. -->","yoast_head_json":{"title":"R\u00f3lunk - 360PhotoBoothPRO","description":"Fedezze fel t\u00f6rt\u00e9net\u00fcnket a 360 Photo Booth Pro oldalon. Ismerje meg k\u00fcldet\u00e9s\u00fcnket \u00e9s elk\u00f6telezetts\u00e9g\u00fcnket a kiv\u00e1l\u00f3 min\u0151s\u00e9g\u0171 fot\u00f3f\u00fclke-megold\u00e1sok ir\u00e1nt. Csatlakozzon hozz\u00e1nk a pillanatok meg\u00f6r\u00f6k\u00edt\u00e9s\u00e9ben.","robots":{"index":"index","follow":"follow","max-snippet":"max-snippet:-1","max-image-preview":"max-image-preview:large","max-video-preview":"max-video-preview:-1"},"canonical":"https:\/\/360photoboothpro.eu\/hu\/rolunk\/","og_locale":"hu_HU","og_type":"article","og_title":"R\u00f3lunk - 360PhotoBoothPRO","og_description":"Fedezze fel t\u00f6rt\u00e9net\u00fcnket a 360 Photo Booth Pro oldalon. Ismerje meg k\u00fcldet\u00e9s\u00fcnket \u00e9s elk\u00f6telezetts\u00e9g\u00fcnket a kiv\u00e1l\u00f3 min\u0151s\u00e9g\u0171 fot\u00f3f\u00fclke-megold\u00e1sok ir\u00e1nt. Csatlakozzon hozz\u00e1nk a pillanatok meg\u00f6r\u00f6k\u00edt\u00e9s\u00e9ben.","og_url":"https:\/\/360photoboothpro.eu\/hu\/rolunk\/","og_site_name":"360PhotoBoothPRO","article_publisher":"https:\/\/www.facebook.com\/360PhotoBoothPRO.Canada\/","article_modified_time":"2025-03-12T07:23:17+00:00","twitter_card":"summary_large_image","twitter_misc":{"Becs\u00fclt olvas\u00e1si id\u0151":"1 perc"},"schema":{"@context":"https:\/\/schema.org","@graph":[{"@type":"WebPage","@id":"https:\/\/360photoboothpro.eu\/hu\/rolunk\/","url":"https:\/\/360photoboothpro.eu\/hu\/rolunk\/","name":"R\u00f3lunk - 360PhotoBoothPRO","isPartOf":{"@id":"https:\/\/360photoboothpro.eu\/hu\/#website"},"datePublished":"2023-04-25T07:32:41+00:00","dateModified":"2025-03-12T07:23:17+00:00","description":"Fedezze fel t\u00f6rt\u00e9net\u00fcnket a 360 Photo Booth Pro oldalon. Ismerje meg k\u00fcldet\u00e9s\u00fcnket \u00e9s elk\u00f6telezetts\u00e9g\u00fcnket a kiv\u00e1l\u00f3 min\u0151s\u00e9g\u0171 fot\u00f3f\u00fclke-megold\u00e1sok ir\u00e1nt. Csatlakozzon hozz\u00e1nk a pillanatok meg\u00f6r\u00f6k\u00edt\u00e9s\u00e9ben.","breadcrumb":{"@id":"https:\/\/360photoboothpro.eu\/hu\/rolunk\/#breadcrumb"},"inLanguage":"hu","potentialAction":[{"@type":"ReadAction","target":["https:\/\/360photoboothpro.eu\/hu\/rolunk\/"]}]},{"@type":"BreadcrumbList","@id":"https:\/\/360photoboothpro.eu\/hu\/rolunk\/#breadcrumb","itemListElement":[{"@type":"ListItem","position":1,"name":"Home","item":"https:\/\/360photoboothpro.eu\/hu\/"},{"@type":"ListItem","position":2,"name":"R\u00f3lunk"}]},{"@type":"WebSite","@id":"https:\/\/360photoboothpro.eu\/hu\/#website","url":"https:\/\/360photoboothpro.eu\/hu\/","name":"360PhotoBoothPRO","description":"360PhotoBoothPRO","publisher":{"@id":"https:\/\/360photoboothpro.eu\/hu\/#organization"},"potentialAction":[{"@type":"SearchAction","target":{"@type":"EntryPoint","urlTemplate":"https:\/\/360photoboothpro.eu\/hu\/?s={search_term_string}"},"query-input":{"@type":"PropertyValueSpecification","valueRequired":true,"valueName":"search_term_string"}}],"inLanguage":"hu"},{"@type":"Organization","@id":"https:\/\/360photoboothpro.eu\/hu\/#organization","name":"360PhotoBoothPRO","url":"https:\/\/360photoboothpro.eu\/hu\/","logo":{"@type":"ImageObject","inLanguage":"hu","@id":"https:\/\/360photoboothpro.eu\/hu\/#\/schema\/logo\/image\/","url":"https:\/\/360photoboothpro.eu\/wp-content\/uploads\/2023\/03\/logo-360photoboothpro-favicon.png","contentUrl":"https:\/\/360photoboothpro.eu\/wp-content\/uploads\/2023\/03\/logo-360photoboothpro-favicon.png","width":317,"height":317,"caption":"360PhotoBoothPRO"},"image":{"@id":"https:\/\/360photoboothpro.eu\/hu\/#\/schema\/logo\/image\/"},"sameAs":["https:\/\/www.facebook.com\/360PhotoBoothPRO.Canada\/"]}]}},"_links":{"self":[{"href":"https:\/\/360photoboothpro.eu\/hu\/wp-json\/wp\/v2\/pages\/7689"}],"collection":[{"href":"https:\/\/360photoboothpro.eu\/hu\/wp-json\/wp\/v2\/pages"}],"about":[{"href":"https:\/\/360photoboothpro.eu\/hu\/wp-json\/wp\/v2\/types\/page"}],"author":[{"embeddable":true,"href":"https:\/\/360photoboothpro.eu\/hu\/wp-json\/wp\/v2\/users\/1"}],"replies":[{"embeddable":true,"href":"https:\/\/360photoboothpro.eu\/hu\/wp-json\/wp\/v2\/comments?post=7689"}],"version-history":[{"count":11,"href":"https:\/\/360photoboothpro.eu\/hu\/wp-json\/wp\/v2\/pages\/7689\/revisions"}],"predecessor-version":[{"id":14632,"href":"https:\/\/360photoboothpro.eu\/hu\/wp-json\/wp\/v2\/pages\/7689\/revisions\/14632"}],"wp:attachment":[{"href":"https:\/\/360photoboothpro.eu\/hu\/wp-json\/wp\/v2\/media?parent=7689"}],"curies":[{"name":"wp","href":"https:\/\/api.w.org\/{rel}","templated":true}]}}