{"id":10570,"date":"2023-09-27T12:48:22","date_gmt":"2023-09-27T10:48:22","guid":{"rendered":"https:\/\/360photoboothpro.eu\/?post_type=product&#038;p=10570"},"modified":"2025-12-11T16:06:08","modified_gmt":"2025-12-11T14:06:08","slug":"magic-mirror-pro-slim-photobooth-165-1-cm","status":"publish","type":"product","link":"https:\/\/360photoboothpro.eu\/hu\/termek\/magic-mirror-pro-slim-photobooth-165-1-cm\/","title":{"rendered":"Magic Mirror Pro-Slim fot\u00f3f\u00fclke 165,1 cm"},"content":{"rendered":"<p id=\"tw-target-text\" class=\"tw-data-text tw-text-large tw-ta\" dir=\"ltr\" data-placeholder=\"Traducere\"><span class=\"Y2IQFc\" lang=\"en\">Elad\u00e1sra k\u00edn\u00e1ljuk (\u00e9s technikai t\u00e1mogat\u00e1st ny\u00fajtunk a telep\u00edt\u00e9shez) Magic Mirror Pro-Slim Photo Booth 165,1 cm:  <\/span><\/p>\n<ul>\n<li>  A var\u00e1zst\u00fck\u00f6r \u00e1tl\u00f3ja 165,1 cm, sz\u00e9less\u00e9ge 69 cm, magass\u00e1ga 153 cm.<\/li>\n<li>  F\u00e9m tok a Magic Mirror fot\u00f3f\u00fclk\u00e9hez<\/li>\n<li>  Eredeti TV-panel, \u00e1tm\u00e9r\u0151je 81,28 cm<\/li>\n<li>  K\u00f6r alak\u00fa LED l\u00e1mpa<\/li>\n<li>  A tokba \u00e9p\u00edtett Bluetooth RGB LED-ek a sz\u00ednv\u00e1ltoztat\u00e1ssal a t\u00e1vir\u00e1ny\u00edt\u00f3 seg\u00edts\u00e9g\u00e9vel<\/li>\n<li>  Mini PC Intel Core i5 CPU, 8GB ram, 256GB SSD, Windows 10 Pro licenc<\/li>\n<li>  Kamera Canon D2000 s+ 18-55 objekt\u00edv<\/li>\n<li>  Hiti P525L professzion\u00e1lis termikus fot\u00f3nyomtat\u00f3 &#8211; Fot\u00f3f\u00fclke nyomtat\u00f3<\/li>\n<li>  Fogy\u00f3eszk\u00f6z\u00f6k 1000 db 10 x 15 cm-es nyomathoz<\/li>\n<li>  A besz\u00e1ll\u00edt\u00f3nk \u00e1ltal tervezett \u00e9s tesztelt, el\u0151re telep\u00edtett gy\u00e1rt\u00e1si szoftver a k\u00f6vetkez\u0151 jellemz\u0151kkel: Haszn\u00e1lja a be\u00e9p\u00edtett anim\u00e1ci\u00f3kat, vagy t\u00f6ltse fel a saj\u00e1tjait, hogy egyedi \u00e9lm\u00e9nyt ny\u00fajtson vend\u00e9geinek; Tov\u00e1bb szem\u00e9lyre szabhatja a f\u00fclke \u00e9lm\u00e9ny\u00e9t azzal, hogy vend\u00e9gei megrajzolhatj\u00e1k az al\u00e1\u00edr\u00e1sukat, \u00e9s be\u00e9p\u00edthetik azt a lenyomatukba; Tegye sz\u00f3rakoztat\u00f3bb\u00e1 az \u00e9lm\u00e9nyt azzal, hogy a vend\u00e9gek be\u00e9p\u00edtett vagy egy\u00e9ni matric\u00e1kat \u00e9s emojikat adhatnak a lenyomatukhoz; Testre szabhatja a vend\u00e9gek \u00e1ltal l\u00e1tott k\u00e9perny\u0151ket, hogy azok t\u00f6k\u00e9letesen illeszkedjenek az \u00d6n rendezv\u00e9ny\u00e9hez saj\u00e1t grafik\u00e1ival, log\u00f3ival \u00e9s gombjaival; K\u00f6nnyen megoszthatja f\u00e9nyk\u00e9peit \u00e9s vide\u00f3it e-mailben, SMS-ben, AirDropon, QR-k\u00f3don kereszt\u00fcl, valamint kinyomtathatja a f\u00e9nyk\u00e9peket; A be\u00e9p\u00edtett sablonszerkeszt\u0151 haszn\u00e1lat\u00e1val a legjobb min\u0151s\u00e9g\u0171 nyomatokat kapja, ha hozz\u00e1adja log\u00f3j\u00e1t, sz\u00f6veg\u00e9t vagy m\u00e1s grafik\u00e1kat.<\/li>\n<li>  Kapacit\u00edv \u00e9rint\u00e9stechnol\u00f3gia<\/li>\n<li>  Csomagol\u00e1si rendszer: rep\u00fcl\u0151s doboz \u00e9s fadoboz<\/li>\n<li>  A rep\u00fcl\u0151doboz m\u00e9retei a k\u00f6vetkez\u0151k: A m\u00e9ret: 161*28*85 cm, a s\u00falya 86 kg.<\/li>\n<li>  Technikai seg\u00edts\u00e9gny\u00fajt\u00e1s<\/li>\n<\/ul>\n","protected":false},"excerpt":{"rendered":"<p>C\u00e9g\u00fcnk sz\u00e9khelye Rom\u00e1ni\u00e1ban tal\u00e1lhat\u00f3.<br \/>\nA term\u00e9keket rakt\u00e1rk\u00e9szlet\u00fcnkr\u0151l sz\u00e1ll\u00edtjuk.<br \/>\nA term\u00e9ket 5-7 munkanapon bel\u00fcl kisz\u00e1ll\u00edtjuk \u00d6nnek.<\/p>\n","protected":false},"featured_media":10657,"comment_status":"open","ping_status":"closed","template":"","meta":{"_acf_changed":false},"product_cat":[496],"product_tag":[],"class_list":{"0":"post-10570","1":"product","2":"type-product","3":"status-publish","4":"has-post-thumbnail","6":"product_cat-magikus-tukor","8":"first","9":"instock","10":"taxable","11":"shipping-taxable","12":"purchasable","13":"product-type-simple"},"acf":[],"yoast_head":"<!-- This site is optimized with the Yoast SEO plugin v23.5 - https:\/\/yoast.com\/wordpress\/plugins\/seo\/ -->\n<title>Magic Mirror Pro-Slim fot\u00f3f\u00fclke 165,1 cm - 360PhotoBoothPRO<\/title>\n<meta name=\"description\" content=\"Photo Booth PRO is an online store where you can buy quality Magic Mirror Pro-Slim fot\u00f3f\u00fclke 165,1 cm at an affordable price. Buy now!\" \/>\n<meta name=\"robots\" content=\"index, follow, max-snippet:-1, max-image-preview:large, max-video-preview:-1\" \/>\n<link rel=\"canonical\" href=\"https:\/\/360photoboothpro.eu\/hu\/termek\/magic-mirror-pro-slim-photobooth-165-1-cm\/\" \/>\n<meta property=\"og:locale\" content=\"hu_HU\" \/>\n<meta property=\"og:type\" content=\"article\" \/>\n<meta property=\"og:title\" content=\"Magic Mirror Pro-Slim fot\u00f3f\u00fclke 165,1 cm - 360PhotoBoothPRO\" \/>\n<meta property=\"og:description\" content=\"Photo Booth PRO is an online store where you can buy quality Magic Mirror Pro-Slim fot\u00f3f\u00fclke 165,1 cm at an affordable price. Buy now!\" \/>\n<meta property=\"og:url\" content=\"https:\/\/360photoboothpro.eu\/hu\/termek\/magic-mirror-pro-slim-photobooth-165-1-cm\/\" \/>\n<meta property=\"og:site_name\" content=\"360PhotoBoothPRO\" \/>\n<meta property=\"article:publisher\" content=\"https:\/\/www.facebook.com\/360PhotoBoothPRO.Canada\/\" \/>\n<meta property=\"article:modified_time\" content=\"2025-12-11T14:06:08+00:00\" \/>\n<meta property=\"og:image\" content=\"https:\/\/360photoboothpro.eu\/wp-content\/uploads\/2023\/09\/magic-mirror-slim-photobooth-for-sale-social.jpg\" \/>\n<meta name=\"twitter:card\" content=\"summary_large_image\" \/>\n<meta name=\"twitter:label1\" content=\"Becs\u00fclt olvas\u00e1si id\u0151\" \/>\n\t<meta name=\"twitter:data1\" content=\"1 perc\" \/>\n<script type=\"application\/ld+json\" class=\"yoast-schema-graph\">{\"@context\":\"https:\/\/schema.org\",\"@graph\":[{\"@type\":\"WebPage\",\"@id\":\"https:\/\/360photoboothpro.eu\/hu\/termek\/magic-mirror-pro-slim-photobooth-165-1-cm\/\",\"url\":\"https:\/\/360photoboothpro.eu\/hu\/termek\/magic-mirror-pro-slim-photobooth-165-1-cm\/\",\"name\":\"Magic Mirror Pro-Slim fot\u00f3f\u00fclke 165,1 cm - 360PhotoBoothPRO\",\"isPartOf\":{\"@id\":\"https:\/\/360photoboothpro.eu\/hu\/#website\"},\"primaryImageOfPage\":{\"@id\":\"https:\/\/360photoboothpro.eu\/hu\/termek\/magic-mirror-pro-slim-photobooth-165-1-cm\/#primaryimage\"},\"image\":{\"@id\":\"https:\/\/360photoboothpro.eu\/hu\/termek\/magic-mirror-pro-slim-photobooth-165-1-cm\/#primaryimage\"},\"thumbnailUrl\":\"https:\/\/360photoboothpro.eu\/wp-content\/uploads\/2023\/09\/magic-mirror-proslim.jpg\",\"datePublished\":\"2023-09-27T10:48:22+00:00\",\"dateModified\":\"2025-12-11T14:06:08+00:00\",\"description\":\"Photo Booth PRO is an online store where you can buy quality Magic Mirror Pro-Slim fot\u00f3f\u00fclke 165,1 cm at an affordable price. Buy now!\",\"breadcrumb\":{\"@id\":\"https:\/\/360photoboothpro.eu\/hu\/termek\/magic-mirror-pro-slim-photobooth-165-1-cm\/#breadcrumb\"},\"inLanguage\":\"hu\",\"potentialAction\":[{\"@type\":\"ReadAction\",\"target\":[\"https:\/\/360photoboothpro.eu\/hu\/termek\/magic-mirror-pro-slim-photobooth-165-1-cm\/\"]}]},{\"@type\":\"ImageObject\",\"inLanguage\":\"hu\",\"@id\":\"https:\/\/360photoboothpro.eu\/hu\/termek\/magic-mirror-pro-slim-photobooth-165-1-cm\/#primaryimage\",\"url\":\"https:\/\/360photoboothpro.eu\/wp-content\/uploads\/2023\/09\/magic-mirror-proslim.jpg\",\"contentUrl\":\"https:\/\/360photoboothpro.eu\/wp-content\/uploads\/2023\/09\/magic-mirror-proslim.jpg\",\"width\":797,\"height\":797,\"caption\":\"magic mirror photobooth slim for sale\"},{\"@type\":\"BreadcrumbList\",\"@id\":\"https:\/\/360photoboothpro.eu\/hu\/termek\/magic-mirror-pro-slim-photobooth-165-1-cm\/#breadcrumb\",\"itemListElement\":[{\"@type\":\"ListItem\",\"position\":1,\"name\":\"Home\",\"item\":\"https:\/\/360photoboothpro.eu\/hu\/\"},{\"@type\":\"ListItem\",\"position\":2,\"name\":\"Bolt\",\"item\":\"https:\/\/360photoboothpro.eu\/hu\/shop\/\"},{\"@type\":\"ListItem\",\"position\":3,\"name\":\"Magic Mirror Pro-Slim fot\u00f3f\u00fclke 165,1 cm\"}]},{\"@type\":\"WebSite\",\"@id\":\"https:\/\/360photoboothpro.eu\/hu\/#website\",\"url\":\"https:\/\/360photoboothpro.eu\/hu\/\",\"name\":\"360PhotoBoothPRO\",\"description\":\"360PhotoBoothPRO\",\"publisher\":{\"@id\":\"https:\/\/360photoboothpro.eu\/hu\/#organization\"},\"potentialAction\":[{\"@type\":\"SearchAction\",\"target\":{\"@type\":\"EntryPoint\",\"urlTemplate\":\"https:\/\/360photoboothpro.eu\/hu\/?s={search_term_string}\"},\"query-input\":{\"@type\":\"PropertyValueSpecification\",\"valueRequired\":true,\"valueName\":\"search_term_string\"}}],\"inLanguage\":\"hu\"},{\"@type\":\"Organization\",\"@id\":\"https:\/\/360photoboothpro.eu\/hu\/#organization\",\"name\":\"360PhotoBoothPRO\",\"url\":\"https:\/\/360photoboothpro.eu\/hu\/\",\"logo\":{\"@type\":\"ImageObject\",\"inLanguage\":\"hu\",\"@id\":\"https:\/\/360photoboothpro.eu\/hu\/#\/schema\/logo\/image\/\",\"url\":\"https:\/\/360photoboothpro.eu\/wp-content\/uploads\/2023\/03\/logo-360photoboothpro-favicon.png\",\"contentUrl\":\"https:\/\/360photoboothpro.eu\/wp-content\/uploads\/2023\/03\/logo-360photoboothpro-favicon.png\",\"width\":317,\"height\":317,\"caption\":\"360PhotoBoothPRO\"},\"image\":{\"@id\":\"https:\/\/360photoboothpro.eu\/hu\/#\/schema\/logo\/image\/\"},\"sameAs\":[\"https:\/\/www.facebook.com\/360PhotoBoothPRO.Canada\/\"]}]}<\/script>\n<!-- \/ Yoast SEO plugin. -->","yoast_head_json":{"title":"Magic Mirror Pro-Slim fot\u00f3f\u00fclke 165,1 cm - 360PhotoBoothPRO","description":"Photo Booth PRO is an online store where you can buy quality Magic Mirror Pro-Slim fot\u00f3f\u00fclke 165,1 cm at an affordable price. Buy now!","robots":{"index":"index","follow":"follow","max-snippet":"max-snippet:-1","max-image-preview":"max-image-preview:large","max-video-preview":"max-video-preview:-1"},"canonical":"https:\/\/360photoboothpro.eu\/hu\/termek\/magic-mirror-pro-slim-photobooth-165-1-cm\/","og_locale":"hu_HU","og_type":"article","og_title":"Magic Mirror Pro-Slim fot\u00f3f\u00fclke 165,1 cm - 360PhotoBoothPRO","og_description":"Photo Booth PRO is an online store where you can buy quality Magic Mirror Pro-Slim fot\u00f3f\u00fclke 165,1 cm at an affordable price. Buy now!","og_url":"https:\/\/360photoboothpro.eu\/hu\/termek\/magic-mirror-pro-slim-photobooth-165-1-cm\/","og_site_name":"360PhotoBoothPRO","article_publisher":"https:\/\/www.facebook.com\/360PhotoBoothPRO.Canada\/","article_modified_time":"2025-12-11T14:06:08+00:00","og_image":[{"url":"https:\/\/360photoboothpro.eu\/wp-content\/uploads\/2023\/09\/magic-mirror-slim-photobooth-for-sale-social.jpg"}],"twitter_card":"summary_large_image","twitter_misc":{"Becs\u00fclt olvas\u00e1si id\u0151":"1 perc"},"schema":{"@context":"https:\/\/schema.org","@graph":[{"@type":"WebPage","@id":"https:\/\/360photoboothpro.eu\/hu\/termek\/magic-mirror-pro-slim-photobooth-165-1-cm\/","url":"https:\/\/360photoboothpro.eu\/hu\/termek\/magic-mirror-pro-slim-photobooth-165-1-cm\/","name":"Magic Mirror Pro-Slim fot\u00f3f\u00fclke 165,1 cm - 360PhotoBoothPRO","isPartOf":{"@id":"https:\/\/360photoboothpro.eu\/hu\/#website"},"primaryImageOfPage":{"@id":"https:\/\/360photoboothpro.eu\/hu\/termek\/magic-mirror-pro-slim-photobooth-165-1-cm\/#primaryimage"},"image":{"@id":"https:\/\/360photoboothpro.eu\/hu\/termek\/magic-mirror-pro-slim-photobooth-165-1-cm\/#primaryimage"},"thumbnailUrl":"https:\/\/360photoboothpro.eu\/wp-content\/uploads\/2023\/09\/magic-mirror-proslim.jpg","datePublished":"2023-09-27T10:48:22+00:00","dateModified":"2025-12-11T14:06:08+00:00","description":"Photo Booth PRO is an online store where you can buy quality Magic Mirror Pro-Slim fot\u00f3f\u00fclke 165,1 cm at an affordable price. Buy now!","breadcrumb":{"@id":"https:\/\/360photoboothpro.eu\/hu\/termek\/magic-mirror-pro-slim-photobooth-165-1-cm\/#breadcrumb"},"inLanguage":"hu","potentialAction":[{"@type":"ReadAction","target":["https:\/\/360photoboothpro.eu\/hu\/termek\/magic-mirror-pro-slim-photobooth-165-1-cm\/"]}]},{"@type":"ImageObject","inLanguage":"hu","@id":"https:\/\/360photoboothpro.eu\/hu\/termek\/magic-mirror-pro-slim-photobooth-165-1-cm\/#primaryimage","url":"https:\/\/360photoboothpro.eu\/wp-content\/uploads\/2023\/09\/magic-mirror-proslim.jpg","contentUrl":"https:\/\/360photoboothpro.eu\/wp-content\/uploads\/2023\/09\/magic-mirror-proslim.jpg","width":797,"height":797,"caption":"magic mirror photobooth slim for sale"},{"@type":"BreadcrumbList","@id":"https:\/\/360photoboothpro.eu\/hu\/termek\/magic-mirror-pro-slim-photobooth-165-1-cm\/#breadcrumb","itemListElement":[{"@type":"ListItem","position":1,"name":"Home","item":"https:\/\/360photoboothpro.eu\/hu\/"},{"@type":"ListItem","position":2,"name":"Bolt","item":"https:\/\/360photoboothpro.eu\/hu\/shop\/"},{"@type":"ListItem","position":3,"name":"Magic Mirror Pro-Slim fot\u00f3f\u00fclke 165,1 cm"}]},{"@type":"WebSite","@id":"https:\/\/360photoboothpro.eu\/hu\/#website","url":"https:\/\/360photoboothpro.eu\/hu\/","name":"360PhotoBoothPRO","description":"360PhotoBoothPRO","publisher":{"@id":"https:\/\/360photoboothpro.eu\/hu\/#organization"},"potentialAction":[{"@type":"SearchAction","target":{"@type":"EntryPoint","urlTemplate":"https:\/\/360photoboothpro.eu\/hu\/?s={search_term_string}"},"query-input":{"@type":"PropertyValueSpecification","valueRequired":true,"valueName":"search_term_string"}}],"inLanguage":"hu"},{"@type":"Organization","@id":"https:\/\/360photoboothpro.eu\/hu\/#organization","name":"360PhotoBoothPRO","url":"https:\/\/360photoboothpro.eu\/hu\/","logo":{"@type":"ImageObject","inLanguage":"hu","@id":"https:\/\/360photoboothpro.eu\/hu\/#\/schema\/logo\/image\/","url":"https:\/\/360photoboothpro.eu\/wp-content\/uploads\/2023\/03\/logo-360photoboothpro-favicon.png","contentUrl":"https:\/\/360photoboothpro.eu\/wp-content\/uploads\/2023\/03\/logo-360photoboothpro-favicon.png","width":317,"height":317,"caption":"360PhotoBoothPRO"},"image":{"@id":"https:\/\/360photoboothpro.eu\/hu\/#\/schema\/logo\/image\/"},"sameAs":["https:\/\/www.facebook.com\/360PhotoBoothPRO.Canada\/"]}]}},"_links":{"self":[{"href":"https:\/\/360photoboothpro.eu\/hu\/wp-json\/wp\/v2\/product\/10570"}],"collection":[{"href":"https:\/\/360photoboothpro.eu\/hu\/wp-json\/wp\/v2\/product"}],"about":[{"href":"https:\/\/360photoboothpro.eu\/hu\/wp-json\/wp\/v2\/types\/product"}],"replies":[{"embeddable":true,"href":"https:\/\/360photoboothpro.eu\/hu\/wp-json\/wp\/v2\/comments?post=10570"}],"wp:featuredmedia":[{"embeddable":true,"href":"https:\/\/360photoboothpro.eu\/hu\/wp-json\/wp\/v2\/media\/10657"}],"wp:attachment":[{"href":"https:\/\/360photoboothpro.eu\/hu\/wp-json\/wp\/v2\/media?parent=10570"}],"wp:term":[{"taxonomy":"product_cat","embeddable":true,"href":"https:\/\/360photoboothpro.eu\/hu\/wp-json\/wp\/v2\/product_cat?post=10570"},{"taxonomy":"product_tag","embeddable":true,"href":"https:\/\/360photoboothpro.eu\/hu\/wp-json\/wp\/v2\/product_tag?post=10570"}],"curies":[{"name":"wp","href":"https:\/\/api.w.org\/{rel}","templated":true}]}}