{"id":12595,"date":"2024-02-14T14:51:44","date_gmt":"2024-02-14T12:51:44","guid":{"rendered":"https:\/\/360photoboothpro.eu\/?post_type=product&#038;p=12595"},"modified":"2024-12-01T12:01:59","modified_gmt":"2024-12-01T10:01:59","slug":"upgrade-to-full-plug-play-package","status":"publish","type":"product","link":"https:\/\/360photoboothpro.eu\/hu\/termek\/upgrade-to-full-plug-play-package\/","title":{"rendered":"UPGRADE a FULL PLUG &amp; PLAY PACKAGE-hez"},"content":{"rendered":"<p>Ez az UPGRADE KIZ\u00c1R\u00d3LAG a kateg\u00f3ri\u00e1ban szerepl\u0151 360 platformok valamelyik\u00e9vel egy\u00fctt v\u00e1s\u00e1rolhat\u00f3 meg: <a href=\"https:\/\/360photoboothpro.eu\/hu\/termekkategoria\/360-photo-booth-platforms-hu\/\">360 Photo Booth platformok<\/a><\/p>\n<p>Az UPGRADE megv\u00e1s\u00e1rl\u00e1sa azzal j\u00e1r, hogy a 360 Photo Booth Platformhoz a K\u00d6VETKEZ\u0150KET adjuk hozz\u00e1:<\/p>\n<style>.elementor-8873 .elementor-element.elementor-element-6eb62ad .elementor-icon-list-items:not(.elementor-inline-items) .elementor-icon-list-item:not(:last-child){padding-bottom:calc(11px\/2);}.elementor-8873 .elementor-element.elementor-element-6eb62ad .elementor-icon-list-items:not(.elementor-inline-items) .elementor-icon-list-item:not(:first-child){margin-top:calc(11px\/2);}.elementor-8873 .elementor-element.elementor-element-6eb62ad .elementor-icon-list-items.elementor-inline-items .elementor-icon-list-item{margin-right:calc(11px\/2);margin-left:calc(11px\/2);}.elementor-8873 .elementor-element.elementor-element-6eb62ad .elementor-icon-list-items.elementor-inline-items{margin-right:calc(-11px\/2);margin-left:calc(-11px\/2);}body.rtl .elementor-8873 .elementor-element.elementor-element-6eb62ad .elementor-icon-list-items.elementor-inline-items .elementor-icon-list-item:after{left:calc(-11px\/2);}body:not(.rtl) .elementor-8873 .elementor-element.elementor-element-6eb62ad .elementor-icon-list-items.elementor-inline-items .elementor-icon-list-item:after{right:calc(-11px\/2);}.elementor-8873 .elementor-element.elementor-element-6eb62ad .elementor-icon-list-icon i{color:#61CE70;transition:color 0.3s;}.elementor-8873 .elementor-element.elementor-element-6eb62ad .elementor-icon-list-icon svg{fill:#61CE70;transition:fill 0.3s;}.elementor-8873 .elementor-element.elementor-element-6eb62ad .elementor-icon-list-item:hover .elementor-icon-list-icon i{color:#6EC1E4;}.elementor-8873 .elementor-element.elementor-element-6eb62ad .elementor-icon-list-item:hover .elementor-icon-list-icon svg{fill:#6EC1E4;}.elementor-8873 .elementor-element.elementor-element-6eb62ad{--e-icon-list-icon-size:29px;--icon-vertical-offset:0px;}.elementor-8873 .elementor-element.elementor-element-6eb62ad .elementor-icon-list-text{transition:color 0.3s;}<\/style><div class=\"porto-block elementor elementor-8873\" data-id=\"8873\">\t\t<section class=\"elementor-section elementor-top-section elementor-element elementor-element-7411f33 elementor-section-boxed elementor-section-height-default elementor-section-height-default\" data-id=\"7411f33\" data-element_type=\"section\">\r\n\t\t\r\n\t\t\t\t\t\t\t<div class=\"elementor-container elementor-column-gap-default\">\r\n\t\t\t\t\t\t\t\t\t\t\t<div class=\"elementor-column elementor-col-100 elementor-top-column elementor-element elementor-element-a632ad4\" data-id=\"a632ad4\" data-element_type=\"column\">\r\n\t\t\t\t\t<div class=\"elementor-widget-wrap elementor-element-populated\">\r\n\t\t\t\t\t\t\t\t<div class=\"elementor-element elementor-element-6eb62ad elementor-icon-list--layout-traditional elementor-list-item-link-full_width elementor-widget elementor-widget-icon-list\" data-id=\"6eb62ad\" data-element_type=\"widget\" data-widget_type=\"icon-list.default\">\n\t\t\t\t<div class=\"elementor-widget-container\">\n\t\t\t\t\t<ul class=\"elementor-icon-list-items\">\n\t\t\t\t\t\t\t<li class=\"elementor-icon-list-item\">\n\t\t\t\t\t\t\t\t\t\t\t<span class=\"elementor-icon-list-icon\">\n\t\t\t\t\t\t\t<i aria-hidden=\"true\" class=\"fas fa-check\"><\/i>\t\t\t\t\t\t<\/span>\n\t\t\t\t\t\t\t\t\t\t<span class=\"elementor-icon-list-text\">4k sport VIDE\u00d3KAMERA GoPro 10 Black (lehet UPGRADE a GoPro 11 Black);<\/span>\n\t\t\t\t\t\t\t\t\t<\/li>\n\t\t\t\t\t\t\t\t<li class=\"elementor-icon-list-item\">\n\t\t\t\t\t\t\t\t\t\t\t<span class=\"elementor-icon-list-icon\">\n\t\t\t\t\t\t\t<i aria-hidden=\"true\" class=\"fas fa-check\"><\/i>\t\t\t\t\t\t<\/span>\n\t\t\t\t\t\t\t\t\t\t<span class=\"elementor-icon-list-text\">SanDisk Micro SD Hight Endurance MEMORY CARD, 128GB, Class 10, KOMPATIBILIS a GoPro-val, amely Full HD \u00e9s 4K VIDEOKLIPEK r\u00f6gz\u00edt\u00e9s\u00e9re is alkalmas. Ez a k\u00e1rtya UHS-I (Ultra Hight Speed-1), V30 (Video Speed Class 30) sebess\u00e9goszt\u00e1ly\u00fa, ami garant\u00e1lja, hogy az \u00edr\u00e1si sebess\u00e9g nem cs\u00f6kken 30 MB\/s al\u00e1 (ak\u00e1r 40 MB\/s-ot is el\u00e9rhet). Az olvas\u00e1si \u00e1tviteli sebess\u00e9g el\u00e9rheti a 100 MB\/s-ot. Sokk\u00e1ll\u00f3, magas h\u0151m\u00e9rs\u00e9kletnek ellen\u00e1ll\u00f3, \u00e9s tartalmaz egy microSD-SD ADAPTER-t SD ADAPTER-hez, amely \u00edr\u00e1sv\u00e9delmi kapcsol\u00f3val rendelkezik, ami lehet\u0151v\u00e9 teszi a k\u00e1rtya haszn\u00e1lat\u00e1t SD-kompatibilis eszk\u00f6z\u00f6kkel.<\/span>\n\t\t\t\t\t\t\t\t\t<\/li>\n\t\t\t\t\t\t\t\t<li class=\"elementor-icon-list-item\">\n\t\t\t\t\t\t\t\t\t\t\t<span class=\"elementor-icon-list-icon\">\n\t\t\t\t\t\t\t<i aria-hidden=\"true\" class=\"fas fa-check\"><\/i>\t\t\t\t\t\t<\/span>\n\t\t\t\t\t\t\t\t\t\t<span class=\"elementor-icon-list-text\">A GoPro m\u0171k\u00f6d\u00e9s\u00e9hez sz\u00fcks\u00e9ges CsATAKOZ\u00c1SOK (C t\u00edpus\u00fa USB T\u00c1MOGAT\u00d3 K\u00e1bel, Gyorst\u00f6lt\u0151 t\u00f6lt\u0151, M\u00e1sodlagos vezet\u00e9k n\u00e9lk\u00fcli adapter);<\/span>\n\t\t\t\t\t\t\t\t\t<\/li>\n\t\t\t\t\t\t\t\t<li class=\"elementor-icon-list-item\">\n\t\t\t\t\t\t\t\t\t\t\t<span class=\"elementor-icon-list-icon\">\n\t\t\t\t\t\t\t<i aria-hidden=\"true\" class=\"fas fa-check\"><\/i>\t\t\t\t\t\t<\/span>\n\t\t\t\t\t\t\t\t\t\t<span class=\"elementor-icon-list-text\">SZOFTVER \"toolsforgopro\";<\/span>\n\t\t\t\t\t\t\t\t\t<\/li>\n\t\t\t\t\t\t\t\t<li class=\"elementor-icon-list-item\">\n\t\t\t\t\t\t\t\t\t\t\t<span class=\"elementor-icon-list-icon\">\n\t\t\t\t\t\t\t<i aria-hidden=\"true\" class=\"fas fa-check\"><\/i>\t\t\t\t\t\t<\/span>\n\t\t\t\t\t\t\t\t\t\t<span class=\"elementor-icon-list-text\">h\u00e1l\u00f3s TP-LINK vezet\u00e9k n\u00e9lk\u00fcli rendszer, amely sz\u00fcks\u00e9ges a vide\u00f3k k\u00fcld\u00e9s\u00e9hez internet-hozz\u00e1f\u00e9r\u00e9s n\u00e9lk\u00fcl;<\/span>\n\t\t\t\t\t\t\t\t\t<\/li>\n\t\t\t\t\t\t\t\t<li class=\"elementor-icon-list-item\">\n\t\t\t\t\t\t\t\t\t\t\t<span class=\"elementor-icon-list-icon\">\n\t\t\t\t\t\t\t<i aria-hidden=\"true\" class=\"fas fa-check\"><\/i>\t\t\t\t\t\t<\/span>\n\t\t\t\t\t\t\t\t\t\t<span class=\"elementor-icon-list-text\">2 X POWERBANK (AKKUMUL\u00c1TOROK 2x USB A t\u00edpus\u00fa porttal), egyenk\u00e9nt 10.000 mAh (1 MAIN \u00e9s 1 RESERVE) a GoPRO \u00e9s a PROFFESIONAL RING LIGHT energiaell\u00e1t\u00e1s\u00e1hoz.<\/span>\n\t\t\t\t\t\t\t\t\t<\/li>\n\t\t\t\t\t\t\t\t<li class=\"elementor-icon-list-item\">\n\t\t\t\t\t\t\t\t\t\t\t<span class=\"elementor-icon-list-icon\">\n\t\t\t\t\t\t\t<i aria-hidden=\"true\" class=\"fas fa-check\"><\/i>\t\t\t\t\t\t<\/span>\n\t\t\t\t\t\t\t\t\t\t<span class=\"elementor-icon-list-text\">Video Booth 360 Professional SOFTWARE - INTERFACE ANGOL NYELVEN, \u00c9LETV\u00c9GES LICENCE \u00e9s INGYENES UPDATES 1 \u00e9vig, amelyben a vide\u00f3k automatikusan rendereltek, INTRO\/OUTRO, H\u00e1tt\u00e9rzene, TEMPLATE\/LAYOUT, sz\u00e1mtalan EFFECTS GRAPHICS (BLACK &amp; WHITE, BLUR, WAVES, stb.)) \u00e9s DYNAMIC EFFECTS t\u00edpus\u00fa SLOW MOTION, FAST MOTION, ZOOM, BOOMERANG, MIRROR, QUAD, STACK a lehet\u0151s\u00e9ggel, hogy hozz\u00e1adjon egy sz\u00ednkulcsot (GREY, SEPIA, RED, GREEN, BLUE) . \u00c1tmenet\u00fck a k\u00f6vetkez\u0151 v\u00e1ltozatokkal rendelkezik: BALRA CS\u00daSZTAT\u00c1S, JOBBRA CS\u00daSZTAT\u00c1S, BAL OLDALI SZELET, JOBB OLDALI SZELET, RADI\u00c1LIS T\u00d6RL\u00c9S, KAMERA, PIXEL. K\u00e9pk\u00f6nyvt\u00e1r \u00e9s vide\u00f3t\u00e1r. A GREENSCREEN haszn\u00e1lat\u00e1nak lehet\u0151s\u00e9ge \u00e9s a LOGO hozz\u00e1ad\u00e1s\u00e1nak lehet\u0151s\u00e9ge a r\u00f6gz\u00edtett vide\u00f3khoz. V\u00c1LASZTJA MEG A FELV\u00c9TEL IDEJ\u00c9T, VIDEO CLIP M\u00c9RET\u00c9T, K\u00c9PK\u00d6ZI R\u00c1T\u00c1ST, ORIENT\u00c1CI\u00d3T, V\u00c1G\u00c1ST, MIN\u0150S\u00c9GET \u00c9S FILE FORMATOT. MEGOSZT\u00d3 \u00c1LLOM\u00c1S funkci\u00f3t tartalmaz, amely nem ig\u00e9nyel internetkapcsolatot a vend\u00e9gek sz\u00e1m\u00e1ra a klipek fogad\u00e1s\u00e1hoz. Az USB-adatpendrive-ra m\u00e1solhatja a F\u00e1jlokat az Esem\u00e9nykiad\u00f3 \u00e9s az Esem\u00e9nyn\u00e9z\u0151 r\u00e9szleteivel. A \"M\u00e1sol\u00e1s mapp\u00e1kba\" funkci\u00f3val \u00e9s az FTP felt\u00f6lt\u00e9s r\u00e9szleteivel is m\u00e1solhat f\u00e1jlokat a felh\u0151t\u00e1rol\u00f3ba. A licenc b\u00e1rmikor \u00e1tvihet\u0151 egy m\u00e1sik eszk\u00f6zre. Windows 7, 8, 8.1, 10 \u00e9s 11 oper\u00e1ci\u00f3s rendszereken fut.<\/span>\n\t\t\t\t\t\t\t\t\t<\/li>\n\t\t\t\t\t\t<\/ul>\n\t\t\t\t<\/div>\n\t\t\t\t<\/div>\n\t\t\t\t\t<\/div>\r\n\t\t\t\t<\/div>\r\n\t\t\t\t\t<\/div>\r\n\t\t\t\t<\/section>\r\n\t\t<\/div>\n<span class=\"Y2IQFc\" lang=\"en\">MEGFIGYELEM! A szoftver futtat\u00e1s\u00e1hoz sz\u00fcks\u00e9g van egy LAPTOP-ra, amelynek minim\u00e1lis konfigur\u00e1ci\u00f3ja: i5 processzor dedik\u00e1lt videok\u00e1rty\u00e1val, 8gb RAM \u00e9s SSD t\u00edpus\u00fa merevlemez, amely k\u00fcl\u00f6n v\u00e1s\u00e1rolhat\u00f3 meg (KAPCSOLATKOZZON MINDIG).<\/span><\/p>\n","protected":false},"excerpt":{"rendered":"<p>Ez a term\u00e9k KIZ\u00c1R\u00d3LAG a kateg\u00f3ri\u00e1ban szerepl\u0151 360 platformok valamelyik\u00e9vel egy\u00fctt v\u00e1s\u00e1rolhat\u00f3 meg: <a href=\"https:\/\/360photoboothpro.eu\/product-category\/360-video-booth-platforms\/\">360 Photo Booth platformok<\/a><\/p>\n","protected":false},"featured_media":14278,"comment_status":"open","ping_status":"closed","template":"","meta":{"_acf_changed":false},"product_cat":[452],"product_tag":[328,331,334,318,320,325,322,337,335,339,342,343],"class_list":{"0":"post-12595","1":"product","2":"type-product","3":"status-publish","4":"has-post-thumbnail","6":"product_cat-upgrades-a-360-platformokhoz","7":"product_tag-360-fokos-fotofulke","8":"product_tag-360-fotofulke","9":"product_tag-360-fotofulke-elado","10":"product_tag-360-fulke","11":"product_tag-360-fulke-elado","12":"product_tag-360-kamera-fotofulke","13":"product_tag-360-kamera-fulke","14":"product_tag-360-porgos-fotofulke","15":"product_tag-360-szelfi-fulke","16":"product_tag-360-video-fulke","17":"product_tag-360-video-fulke-elado","18":"product_tag-forgo-fotofulke","20":"first","21":"instock","22":"taxable","23":"shipping-taxable","24":"purchasable","25":"product-type-simple"},"acf":[],"yoast_head":"<!-- This site is optimized with the Yoast SEO plugin v23.5 - https:\/\/yoast.com\/wordpress\/plugins\/seo\/ -->\n<title>UPGRADE a FULL PLUG &amp; PLAY PACKAGE-hez - 360PhotoBoothPRO<\/title>\n<meta name=\"description\" content=\"Photo Booth PRO is an online store where you can buy quality UPGRADE a FULL PLUG &amp; PLAY PACKAGE-hez at an affordable price. Buy now!\" \/>\n<meta name=\"robots\" content=\"index, follow, max-snippet:-1, max-image-preview:large, max-video-preview:-1\" \/>\n<link rel=\"canonical\" href=\"https:\/\/360photoboothpro.eu\/hu\/termek\/upgrade-to-full-plug-play-package\/\" \/>\n<meta property=\"og:locale\" content=\"hu_HU\" \/>\n<meta property=\"og:type\" content=\"article\" \/>\n<meta property=\"og:title\" content=\"UPGRADE a FULL PLUG &amp; PLAY PACKAGE-hez - 360PhotoBoothPRO\" \/>\n<meta property=\"og:description\" content=\"Photo Booth PRO is an online store where you can buy quality UPGRADE a FULL PLUG &amp; PLAY PACKAGE-hez at an affordable price. Buy now!\" \/>\n<meta property=\"og:url\" content=\"https:\/\/360photoboothpro.eu\/hu\/termek\/upgrade-to-full-plug-play-package\/\" \/>\n<meta property=\"og:site_name\" content=\"360PhotoBoothPRO\" \/>\n<meta property=\"article:publisher\" content=\"https:\/\/www.facebook.com\/360PhotoBoothPRO.Canada\/\" \/>\n<meta property=\"article:modified_time\" content=\"2024-12-01T10:01:59+00:00\" \/>\n<meta property=\"og:image\" content=\"https:\/\/360photoboothpro.eu\/wp-content\/uploads\/2024\/02\/360-photo-booth-pro-full-plug-and-play-package-4.jpg\" \/>\n<meta name=\"twitter:card\" content=\"summary_large_image\" \/>\n<meta name=\"twitter:image\" content=\"https:\/\/360photoboothpro.eu\/wp-content\/uploads\/2024\/03\/360-video-booth-pro-pachet-full-plug-and-play-1.jpg\" \/>\n<meta name=\"twitter:label1\" content=\"Becs\u00fclt olvas\u00e1si id\u0151\" \/>\n\t<meta name=\"twitter:data1\" content=\"1 perc\" \/>\n<script type=\"application\/ld+json\" class=\"yoast-schema-graph\">{\"@context\":\"https:\/\/schema.org\",\"@graph\":[{\"@type\":\"WebPage\",\"@id\":\"https:\/\/360photoboothpro.eu\/hu\/termek\/upgrade-to-full-plug-play-package\/\",\"url\":\"https:\/\/360photoboothpro.eu\/hu\/termek\/upgrade-to-full-plug-play-package\/\",\"name\":\"UPGRADE a FULL PLUG &amp; PLAY PACKAGE-hez - 360PhotoBoothPRO\",\"isPartOf\":{\"@id\":\"https:\/\/360photoboothpro.eu\/hu\/#website\"},\"primaryImageOfPage\":{\"@id\":\"https:\/\/360photoboothpro.eu\/hu\/termek\/upgrade-to-full-plug-play-package\/#primaryimage\"},\"image\":{\"@id\":\"https:\/\/360photoboothpro.eu\/hu\/termek\/upgrade-to-full-plug-play-package\/#primaryimage\"},\"thumbnailUrl\":\"https:\/\/360photoboothpro.eu\/wp-content\/uploads\/2024\/02\/360-photobooth-upgrade-to-full-plug-and-play-package-2024.jpg\",\"datePublished\":\"2024-02-14T12:51:44+00:00\",\"dateModified\":\"2024-12-01T10:01:59+00:00\",\"description\":\"Photo Booth PRO is an online store where you can buy quality UPGRADE a FULL PLUG &amp; PLAY PACKAGE-hez at an affordable price. Buy now!\",\"breadcrumb\":{\"@id\":\"https:\/\/360photoboothpro.eu\/hu\/termek\/upgrade-to-full-plug-play-package\/#breadcrumb\"},\"inLanguage\":\"hu\",\"potentialAction\":[{\"@type\":\"ReadAction\",\"target\":[\"https:\/\/360photoboothpro.eu\/hu\/termek\/upgrade-to-full-plug-play-package\/\"]}]},{\"@type\":\"ImageObject\",\"inLanguage\":\"hu\",\"@id\":\"https:\/\/360photoboothpro.eu\/hu\/termek\/upgrade-to-full-plug-play-package\/#primaryimage\",\"url\":\"https:\/\/360photoboothpro.eu\/wp-content\/uploads\/2024\/02\/360-photobooth-upgrade-to-full-plug-and-play-package-2024.jpg\",\"contentUrl\":\"https:\/\/360photoboothpro.eu\/wp-content\/uploads\/2024\/02\/360-photobooth-upgrade-to-full-plug-and-play-package-2024.jpg\",\"width\":2000,\"height\":2000,\"caption\":\"360 photobooth upgrade to full plug and play package\"},{\"@type\":\"BreadcrumbList\",\"@id\":\"https:\/\/360photoboothpro.eu\/hu\/termek\/upgrade-to-full-plug-play-package\/#breadcrumb\",\"itemListElement\":[{\"@type\":\"ListItem\",\"position\":1,\"name\":\"Home\",\"item\":\"https:\/\/360photoboothpro.eu\/hu\/\"},{\"@type\":\"ListItem\",\"position\":2,\"name\":\"Bolt\",\"item\":\"https:\/\/360photoboothpro.eu\/hu\/shop\/\"},{\"@type\":\"ListItem\",\"position\":3,\"name\":\"UPGRADE a FULL PLUG &amp; PLAY PACKAGE-hez\"}]},{\"@type\":\"WebSite\",\"@id\":\"https:\/\/360photoboothpro.eu\/hu\/#website\",\"url\":\"https:\/\/360photoboothpro.eu\/hu\/\",\"name\":\"360PhotoBoothPRO\",\"description\":\"360PhotoBoothPRO\",\"publisher\":{\"@id\":\"https:\/\/360photoboothpro.eu\/hu\/#organization\"},\"potentialAction\":[{\"@type\":\"SearchAction\",\"target\":{\"@type\":\"EntryPoint\",\"urlTemplate\":\"https:\/\/360photoboothpro.eu\/hu\/?s={search_term_string}\"},\"query-input\":{\"@type\":\"PropertyValueSpecification\",\"valueRequired\":true,\"valueName\":\"search_term_string\"}}],\"inLanguage\":\"hu\"},{\"@type\":\"Organization\",\"@id\":\"https:\/\/360photoboothpro.eu\/hu\/#organization\",\"name\":\"360PhotoBoothPRO\",\"url\":\"https:\/\/360photoboothpro.eu\/hu\/\",\"logo\":{\"@type\":\"ImageObject\",\"inLanguage\":\"hu\",\"@id\":\"https:\/\/360photoboothpro.eu\/hu\/#\/schema\/logo\/image\/\",\"url\":\"https:\/\/360photoboothpro.eu\/wp-content\/uploads\/2023\/03\/logo-360photoboothpro-favicon.png\",\"contentUrl\":\"https:\/\/360photoboothpro.eu\/wp-content\/uploads\/2023\/03\/logo-360photoboothpro-favicon.png\",\"width\":317,\"height\":317,\"caption\":\"360PhotoBoothPRO\"},\"image\":{\"@id\":\"https:\/\/360photoboothpro.eu\/hu\/#\/schema\/logo\/image\/\"},\"sameAs\":[\"https:\/\/www.facebook.com\/360PhotoBoothPRO.Canada\/\"]}]}<\/script>\n<!-- \/ Yoast SEO plugin. -->","yoast_head_json":{"title":"UPGRADE a FULL PLUG &amp; PLAY PACKAGE-hez - 360PhotoBoothPRO","description":"Photo Booth PRO is an online store where you can buy quality UPGRADE a FULL PLUG &amp; PLAY PACKAGE-hez at an affordable price. Buy now!","robots":{"index":"index","follow":"follow","max-snippet":"max-snippet:-1","max-image-preview":"max-image-preview:large","max-video-preview":"max-video-preview:-1"},"canonical":"https:\/\/360photoboothpro.eu\/hu\/termek\/upgrade-to-full-plug-play-package\/","og_locale":"hu_HU","og_type":"article","og_title":"UPGRADE a FULL PLUG &amp; PLAY PACKAGE-hez - 360PhotoBoothPRO","og_description":"Photo Booth PRO is an online store where you can buy quality UPGRADE a FULL PLUG &amp; PLAY PACKAGE-hez at an affordable price. Buy now!","og_url":"https:\/\/360photoboothpro.eu\/hu\/termek\/upgrade-to-full-plug-play-package\/","og_site_name":"360PhotoBoothPRO","article_publisher":"https:\/\/www.facebook.com\/360PhotoBoothPRO.Canada\/","article_modified_time":"2024-12-01T10:01:59+00:00","og_image":[{"url":"https:\/\/360photoboothpro.eu\/wp-content\/uploads\/2024\/02\/360-photo-booth-pro-full-plug-and-play-package-4.jpg"}],"twitter_card":"summary_large_image","twitter_image":"https:\/\/360photoboothpro.eu\/wp-content\/uploads\/2024\/03\/360-video-booth-pro-pachet-full-plug-and-play-1.jpg","twitter_misc":{"Becs\u00fclt olvas\u00e1si id\u0151":"1 perc"},"schema":{"@context":"https:\/\/schema.org","@graph":[{"@type":"WebPage","@id":"https:\/\/360photoboothpro.eu\/hu\/termek\/upgrade-to-full-plug-play-package\/","url":"https:\/\/360photoboothpro.eu\/hu\/termek\/upgrade-to-full-plug-play-package\/","name":"UPGRADE a FULL PLUG &amp; PLAY PACKAGE-hez - 360PhotoBoothPRO","isPartOf":{"@id":"https:\/\/360photoboothpro.eu\/hu\/#website"},"primaryImageOfPage":{"@id":"https:\/\/360photoboothpro.eu\/hu\/termek\/upgrade-to-full-plug-play-package\/#primaryimage"},"image":{"@id":"https:\/\/360photoboothpro.eu\/hu\/termek\/upgrade-to-full-plug-play-package\/#primaryimage"},"thumbnailUrl":"https:\/\/360photoboothpro.eu\/wp-content\/uploads\/2024\/02\/360-photobooth-upgrade-to-full-plug-and-play-package-2024.jpg","datePublished":"2024-02-14T12:51:44+00:00","dateModified":"2024-12-01T10:01:59+00:00","description":"Photo Booth PRO is an online store where you can buy quality UPGRADE a FULL PLUG &amp; PLAY PACKAGE-hez at an affordable price. Buy now!","breadcrumb":{"@id":"https:\/\/360photoboothpro.eu\/hu\/termek\/upgrade-to-full-plug-play-package\/#breadcrumb"},"inLanguage":"hu","potentialAction":[{"@type":"ReadAction","target":["https:\/\/360photoboothpro.eu\/hu\/termek\/upgrade-to-full-plug-play-package\/"]}]},{"@type":"ImageObject","inLanguage":"hu","@id":"https:\/\/360photoboothpro.eu\/hu\/termek\/upgrade-to-full-plug-play-package\/#primaryimage","url":"https:\/\/360photoboothpro.eu\/wp-content\/uploads\/2024\/02\/360-photobooth-upgrade-to-full-plug-and-play-package-2024.jpg","contentUrl":"https:\/\/360photoboothpro.eu\/wp-content\/uploads\/2024\/02\/360-photobooth-upgrade-to-full-plug-and-play-package-2024.jpg","width":2000,"height":2000,"caption":"360 photobooth upgrade to full plug and play package"},{"@type":"BreadcrumbList","@id":"https:\/\/360photoboothpro.eu\/hu\/termek\/upgrade-to-full-plug-play-package\/#breadcrumb","itemListElement":[{"@type":"ListItem","position":1,"name":"Home","item":"https:\/\/360photoboothpro.eu\/hu\/"},{"@type":"ListItem","position":2,"name":"Bolt","item":"https:\/\/360photoboothpro.eu\/hu\/shop\/"},{"@type":"ListItem","position":3,"name":"UPGRADE a FULL PLUG &amp; PLAY PACKAGE-hez"}]},{"@type":"WebSite","@id":"https:\/\/360photoboothpro.eu\/hu\/#website","url":"https:\/\/360photoboothpro.eu\/hu\/","name":"360PhotoBoothPRO","description":"360PhotoBoothPRO","publisher":{"@id":"https:\/\/360photoboothpro.eu\/hu\/#organization"},"potentialAction":[{"@type":"SearchAction","target":{"@type":"EntryPoint","urlTemplate":"https:\/\/360photoboothpro.eu\/hu\/?s={search_term_string}"},"query-input":{"@type":"PropertyValueSpecification","valueRequired":true,"valueName":"search_term_string"}}],"inLanguage":"hu"},{"@type":"Organization","@id":"https:\/\/360photoboothpro.eu\/hu\/#organization","name":"360PhotoBoothPRO","url":"https:\/\/360photoboothpro.eu\/hu\/","logo":{"@type":"ImageObject","inLanguage":"hu","@id":"https:\/\/360photoboothpro.eu\/hu\/#\/schema\/logo\/image\/","url":"https:\/\/360photoboothpro.eu\/wp-content\/uploads\/2023\/03\/logo-360photoboothpro-favicon.png","contentUrl":"https:\/\/360photoboothpro.eu\/wp-content\/uploads\/2023\/03\/logo-360photoboothpro-favicon.png","width":317,"height":317,"caption":"360PhotoBoothPRO"},"image":{"@id":"https:\/\/360photoboothpro.eu\/hu\/#\/schema\/logo\/image\/"},"sameAs":["https:\/\/www.facebook.com\/360PhotoBoothPRO.Canada\/"]}]}},"_links":{"self":[{"href":"https:\/\/360photoboothpro.eu\/hu\/wp-json\/wp\/v2\/product\/12595"}],"collection":[{"href":"https:\/\/360photoboothpro.eu\/hu\/wp-json\/wp\/v2\/product"}],"about":[{"href":"https:\/\/360photoboothpro.eu\/hu\/wp-json\/wp\/v2\/types\/product"}],"replies":[{"embeddable":true,"href":"https:\/\/360photoboothpro.eu\/hu\/wp-json\/wp\/v2\/comments?post=12595"}],"wp:featuredmedia":[{"embeddable":true,"href":"https:\/\/360photoboothpro.eu\/hu\/wp-json\/wp\/v2\/media\/14278"}],"wp:attachment":[{"href":"https:\/\/360photoboothpro.eu\/hu\/wp-json\/wp\/v2\/media?parent=12595"}],"wp:term":[{"taxonomy":"product_cat","embeddable":true,"href":"https:\/\/360photoboothpro.eu\/hu\/wp-json\/wp\/v2\/product_cat?post=12595"},{"taxonomy":"product_tag","embeddable":true,"href":"https:\/\/360photoboothpro.eu\/hu\/wp-json\/wp\/v2\/product_tag?post=12595"}],"curies":[{"name":"wp","href":"https:\/\/api.w.org\/{rel}","templated":true}]}}