{"id":7710,"date":"2023-04-12T08:09:35","date_gmt":"2023-04-12T06:09:35","guid":{"rendered":"https:\/\/360photoboothpro.eu\/?post_type=product&#038;p=7710"},"modified":"2025-06-08T09:11:20","modified_gmt":"2025-06-08T07:11:20","slug":"2-x-24w-led-fenyszoro-keszlet-allvannyal-fotostudiohoz","status":"publish","type":"product","link":"https:\/\/360photoboothpro.eu\/hu\/termek\/2-x-24w-led-fenyszoro-keszlet-allvannyal-fotostudiohoz\/","title":{"rendered":"2 x 24W-os LED l\u00e1mp\u00e1kb\u00f3l \u00e1ll\u00f3 k\u00e9szlet, \u00e1llv\u00e1nnyal, fot\u00f3st\u00fadi\u00f3hoz"},"content":{"rendered":"<p>Ez a term\u00e9k KIZ\u00c1R\u00d3LAG a kateg\u00f3ri\u00e1ban szerepl\u0151 360 platformok valamelyik\u00e9vel egy\u00fctt v\u00e1s\u00e1rolhat\u00f3 meg: <a href=\"https:\/\/360photoboothpro.eu\/hu\/termekkategoria\/360-photo-booth-platforms-hu\/\">360 Photo Booth platformok<\/a><\/p>\n<p>2 x 24W-os LED l\u00e1mp\u00e1kb\u00f3l \u00e1ll\u00f3 k\u00e9szlet, \u00e1llv\u00e1nnyal, fot\u00f3st\u00fadi\u00f3hoz<\/p>\n","protected":false},"excerpt":{"rendered":"<p>Ez a term\u00e9k KIZ\u00c1R\u00d3LAG a kateg\u00f3ri\u00e1ban szerepl\u0151 360 platformok valamelyik\u00e9vel egy\u00fctt v\u00e1s\u00e1rolhat\u00f3 meg: <a href=\"https:\/\/360photoboothpro.eu\/product-category\/360-video-booth-platforms\/\">360 Photo Booth platformok<\/a><\/p>\n","protected":false},"featured_media":7105,"comment_status":"open","ping_status":"closed","template":"","meta":{"_acf_changed":false},"product_cat":[315],"product_tag":[328,331,334,318,320,325,322,337,335,339,342,343],"class_list":{"0":"post-7710","1":"product","2":"type-product","3":"status-publish","4":"has-post-thumbnail","6":"product_cat-kiegeszitok","7":"product_tag-360-fokos-fotofulke","8":"product_tag-360-fotofulke","9":"product_tag-360-fotofulke-elado","10":"product_tag-360-fulke","11":"product_tag-360-fulke-elado","12":"product_tag-360-kamera-fotofulke","13":"product_tag-360-kamera-fulke","14":"product_tag-360-porgos-fotofulke","15":"product_tag-360-szelfi-fulke","16":"product_tag-360-video-fulke","17":"product_tag-360-video-fulke-elado","18":"product_tag-forgo-fotofulke","20":"first","21":"outofstock","22":"taxable","23":"shipping-taxable","24":"purchasable","25":"product-type-simple"},"acf":[],"yoast_head":"<!-- This site is optimized with the Yoast SEO plugin v23.5 - https:\/\/yoast.com\/wordpress\/plugins\/seo\/ -->\n<title>2 x 24W-os LED l\u00e1mp\u00e1kb\u00f3l \u00e1ll\u00f3 k\u00e9szlet, \u00e1llv\u00e1nnyal, fot\u00f3st\u00fadi\u00f3hoz - 360PhotoBoothPRO<\/title>\n<meta name=\"description\" content=\"Photo Booth PRO is an online store where you can buy quality 2 x 24W-os LED l\u00e1mp\u00e1kb\u00f3l \u00e1ll\u00f3 k\u00e9szlet, \u00e1llv\u00e1nnyal, fot\u00f3st\u00fadi\u00f3hoz at an affordable price. Buy now!\" \/>\n<meta name=\"robots\" content=\"index, follow, max-snippet:-1, max-image-preview:large, max-video-preview:-1\" \/>\n<link rel=\"canonical\" href=\"https:\/\/360photoboothpro.eu\/hu\/termek\/2-x-24w-led-fenyszoro-keszlet-allvannyal-fotostudiohoz\/\" \/>\n<meta property=\"og:locale\" content=\"hu_HU\" \/>\n<meta property=\"og:type\" content=\"article\" \/>\n<meta property=\"og:title\" content=\"2 x 24W-os LED l\u00e1mp\u00e1kb\u00f3l \u00e1ll\u00f3 k\u00e9szlet, \u00e1llv\u00e1nnyal, fot\u00f3st\u00fadi\u00f3hoz - 360PhotoBoothPRO\" \/>\n<meta property=\"og:description\" content=\"Photo Booth PRO is an online store where you can buy quality 2 x 24W-os LED l\u00e1mp\u00e1kb\u00f3l \u00e1ll\u00f3 k\u00e9szlet, \u00e1llv\u00e1nnyal, fot\u00f3st\u00fadi\u00f3hoz at an affordable price. Buy now!\" \/>\n<meta property=\"og:url\" content=\"https:\/\/360photoboothpro.eu\/hu\/termek\/2-x-24w-led-fenyszoro-keszlet-allvannyal-fotostudiohoz\/\" \/>\n<meta property=\"og:site_name\" content=\"360PhotoBoothPRO\" \/>\n<meta property=\"article:publisher\" content=\"https:\/\/www.facebook.com\/360PhotoBoothPRO.Canada\/\" \/>\n<meta property=\"article:modified_time\" content=\"2025-06-08T07:11:20+00:00\" \/>\n<meta property=\"og:image\" content=\"https:\/\/360photoboothpro.eu\/wp-content\/uploads\/2023\/04\/set-2-led-lights-with-tripod-social.jpg\" \/>\n<meta name=\"twitter:card\" content=\"summary_large_image\" \/>\n<meta name=\"twitter:label1\" content=\"Becs\u00fclt olvas\u00e1si id\u0151\" \/>\n\t<meta name=\"twitter:data1\" content=\"1 perc\" \/>\n<script type=\"application\/ld+json\" class=\"yoast-schema-graph\">{\"@context\":\"https:\/\/schema.org\",\"@graph\":[{\"@type\":\"WebPage\",\"@id\":\"https:\/\/360photoboothpro.eu\/hu\/termek\/2-x-24w-led-fenyszoro-keszlet-allvannyal-fotostudiohoz\/\",\"url\":\"https:\/\/360photoboothpro.eu\/hu\/termek\/2-x-24w-led-fenyszoro-keszlet-allvannyal-fotostudiohoz\/\",\"name\":\"2 x 24W-os LED l\u00e1mp\u00e1kb\u00f3l \u00e1ll\u00f3 k\u00e9szlet, \u00e1llv\u00e1nnyal, fot\u00f3st\u00fadi\u00f3hoz - 360PhotoBoothPRO\",\"isPartOf\":{\"@id\":\"https:\/\/360photoboothpro.eu\/hu\/#website\"},\"primaryImageOfPage\":{\"@id\":\"https:\/\/360photoboothpro.eu\/hu\/termek\/2-x-24w-led-fenyszoro-keszlet-allvannyal-fotostudiohoz\/#primaryimage\"},\"image\":{\"@id\":\"https:\/\/360photoboothpro.eu\/hu\/termek\/2-x-24w-led-fenyszoro-keszlet-allvannyal-fotostudiohoz\/#primaryimage\"},\"thumbnailUrl\":\"https:\/\/360photoboothpro.eu\/wp-content\/uploads\/2023\/04\/Set-of-2-24W-LED-lights-with-tripod-for-photo-studio.webp\",\"datePublished\":\"2023-04-12T06:09:35+00:00\",\"dateModified\":\"2025-06-08T07:11:20+00:00\",\"description\":\"Photo Booth PRO is an online store where you can buy quality 2 x 24W-os LED l\u00e1mp\u00e1kb\u00f3l \u00e1ll\u00f3 k\u00e9szlet, \u00e1llv\u00e1nnyal, fot\u00f3st\u00fadi\u00f3hoz at an affordable price. Buy now!\",\"breadcrumb\":{\"@id\":\"https:\/\/360photoboothpro.eu\/hu\/termek\/2-x-24w-led-fenyszoro-keszlet-allvannyal-fotostudiohoz\/#breadcrumb\"},\"inLanguage\":\"hu\",\"potentialAction\":[{\"@type\":\"ReadAction\",\"target\":[\"https:\/\/360photoboothpro.eu\/hu\/termek\/2-x-24w-led-fenyszoro-keszlet-allvannyal-fotostudiohoz\/\"]}]},{\"@type\":\"ImageObject\",\"inLanguage\":\"hu\",\"@id\":\"https:\/\/360photoboothpro.eu\/hu\/termek\/2-x-24w-led-fenyszoro-keszlet-allvannyal-fotostudiohoz\/#primaryimage\",\"url\":\"https:\/\/360photoboothpro.eu\/wp-content\/uploads\/2023\/04\/Set-of-2-24W-LED-lights-with-tripod-for-photo-studio.webp\",\"contentUrl\":\"https:\/\/360photoboothpro.eu\/wp-content\/uploads\/2023\/04\/Set-of-2-24W-LED-lights-with-tripod-for-photo-studio.webp\",\"width\":960,\"height\":960,\"caption\":\"Set of 2 x 24W LED lights, with tripod, for photo studio\"},{\"@type\":\"BreadcrumbList\",\"@id\":\"https:\/\/360photoboothpro.eu\/hu\/termek\/2-x-24w-led-fenyszoro-keszlet-allvannyal-fotostudiohoz\/#breadcrumb\",\"itemListElement\":[{\"@type\":\"ListItem\",\"position\":1,\"name\":\"Home\",\"item\":\"https:\/\/360photoboothpro.eu\/hu\/\"},{\"@type\":\"ListItem\",\"position\":2,\"name\":\"Bolt\",\"item\":\"https:\/\/360photoboothpro.eu\/hu\/shop\/\"},{\"@type\":\"ListItem\",\"position\":3,\"name\":\"2 x 24W-os LED l\u00e1mp\u00e1kb\u00f3l \u00e1ll\u00f3 k\u00e9szlet, \u00e1llv\u00e1nnyal, fot\u00f3st\u00fadi\u00f3hoz\"}]},{\"@type\":\"WebSite\",\"@id\":\"https:\/\/360photoboothpro.eu\/hu\/#website\",\"url\":\"https:\/\/360photoboothpro.eu\/hu\/\",\"name\":\"360PhotoBoothPRO\",\"description\":\"360PhotoBoothPRO\",\"publisher\":{\"@id\":\"https:\/\/360photoboothpro.eu\/hu\/#organization\"},\"potentialAction\":[{\"@type\":\"SearchAction\",\"target\":{\"@type\":\"EntryPoint\",\"urlTemplate\":\"https:\/\/360photoboothpro.eu\/hu\/?s={search_term_string}\"},\"query-input\":{\"@type\":\"PropertyValueSpecification\",\"valueRequired\":true,\"valueName\":\"search_term_string\"}}],\"inLanguage\":\"hu\"},{\"@type\":\"Organization\",\"@id\":\"https:\/\/360photoboothpro.eu\/hu\/#organization\",\"name\":\"360PhotoBoothPRO\",\"url\":\"https:\/\/360photoboothpro.eu\/hu\/\",\"logo\":{\"@type\":\"ImageObject\",\"inLanguage\":\"hu\",\"@id\":\"https:\/\/360photoboothpro.eu\/hu\/#\/schema\/logo\/image\/\",\"url\":\"https:\/\/360photoboothpro.eu\/wp-content\/uploads\/2023\/03\/logo-360photoboothpro-favicon.png\",\"contentUrl\":\"https:\/\/360photoboothpro.eu\/wp-content\/uploads\/2023\/03\/logo-360photoboothpro-favicon.png\",\"width\":317,\"height\":317,\"caption\":\"360PhotoBoothPRO\"},\"image\":{\"@id\":\"https:\/\/360photoboothpro.eu\/hu\/#\/schema\/logo\/image\/\"},\"sameAs\":[\"https:\/\/www.facebook.com\/360PhotoBoothPRO.Canada\/\"]}]}<\/script>\n<!-- \/ Yoast SEO plugin. -->","yoast_head_json":{"title":"2 x 24W-os LED l\u00e1mp\u00e1kb\u00f3l \u00e1ll\u00f3 k\u00e9szlet, \u00e1llv\u00e1nnyal, fot\u00f3st\u00fadi\u00f3hoz - 360PhotoBoothPRO","description":"Photo Booth PRO is an online store where you can buy quality 2 x 24W-os LED l\u00e1mp\u00e1kb\u00f3l \u00e1ll\u00f3 k\u00e9szlet, \u00e1llv\u00e1nnyal, fot\u00f3st\u00fadi\u00f3hoz at an affordable price. Buy now!","robots":{"index":"index","follow":"follow","max-snippet":"max-snippet:-1","max-image-preview":"max-image-preview:large","max-video-preview":"max-video-preview:-1"},"canonical":"https:\/\/360photoboothpro.eu\/hu\/termek\/2-x-24w-led-fenyszoro-keszlet-allvannyal-fotostudiohoz\/","og_locale":"hu_HU","og_type":"article","og_title":"2 x 24W-os LED l\u00e1mp\u00e1kb\u00f3l \u00e1ll\u00f3 k\u00e9szlet, \u00e1llv\u00e1nnyal, fot\u00f3st\u00fadi\u00f3hoz - 360PhotoBoothPRO","og_description":"Photo Booth PRO is an online store where you can buy quality 2 x 24W-os LED l\u00e1mp\u00e1kb\u00f3l \u00e1ll\u00f3 k\u00e9szlet, \u00e1llv\u00e1nnyal, fot\u00f3st\u00fadi\u00f3hoz at an affordable price. Buy now!","og_url":"https:\/\/360photoboothpro.eu\/hu\/termek\/2-x-24w-led-fenyszoro-keszlet-allvannyal-fotostudiohoz\/","og_site_name":"360PhotoBoothPRO","article_publisher":"https:\/\/www.facebook.com\/360PhotoBoothPRO.Canada\/","article_modified_time":"2025-06-08T07:11:20+00:00","og_image":[{"url":"https:\/\/360photoboothpro.eu\/wp-content\/uploads\/2023\/04\/set-2-led-lights-with-tripod-social.jpg"}],"twitter_card":"summary_large_image","twitter_misc":{"Becs\u00fclt olvas\u00e1si id\u0151":"1 perc"},"schema":{"@context":"https:\/\/schema.org","@graph":[{"@type":"WebPage","@id":"https:\/\/360photoboothpro.eu\/hu\/termek\/2-x-24w-led-fenyszoro-keszlet-allvannyal-fotostudiohoz\/","url":"https:\/\/360photoboothpro.eu\/hu\/termek\/2-x-24w-led-fenyszoro-keszlet-allvannyal-fotostudiohoz\/","name":"2 x 24W-os LED l\u00e1mp\u00e1kb\u00f3l \u00e1ll\u00f3 k\u00e9szlet, \u00e1llv\u00e1nnyal, fot\u00f3st\u00fadi\u00f3hoz - 360PhotoBoothPRO","isPartOf":{"@id":"https:\/\/360photoboothpro.eu\/hu\/#website"},"primaryImageOfPage":{"@id":"https:\/\/360photoboothpro.eu\/hu\/termek\/2-x-24w-led-fenyszoro-keszlet-allvannyal-fotostudiohoz\/#primaryimage"},"image":{"@id":"https:\/\/360photoboothpro.eu\/hu\/termek\/2-x-24w-led-fenyszoro-keszlet-allvannyal-fotostudiohoz\/#primaryimage"},"thumbnailUrl":"https:\/\/360photoboothpro.eu\/wp-content\/uploads\/2023\/04\/Set-of-2-24W-LED-lights-with-tripod-for-photo-studio.webp","datePublished":"2023-04-12T06:09:35+00:00","dateModified":"2025-06-08T07:11:20+00:00","description":"Photo Booth PRO is an online store where you can buy quality 2 x 24W-os LED l\u00e1mp\u00e1kb\u00f3l \u00e1ll\u00f3 k\u00e9szlet, \u00e1llv\u00e1nnyal, fot\u00f3st\u00fadi\u00f3hoz at an affordable price. Buy now!","breadcrumb":{"@id":"https:\/\/360photoboothpro.eu\/hu\/termek\/2-x-24w-led-fenyszoro-keszlet-allvannyal-fotostudiohoz\/#breadcrumb"},"inLanguage":"hu","potentialAction":[{"@type":"ReadAction","target":["https:\/\/360photoboothpro.eu\/hu\/termek\/2-x-24w-led-fenyszoro-keszlet-allvannyal-fotostudiohoz\/"]}]},{"@type":"ImageObject","inLanguage":"hu","@id":"https:\/\/360photoboothpro.eu\/hu\/termek\/2-x-24w-led-fenyszoro-keszlet-allvannyal-fotostudiohoz\/#primaryimage","url":"https:\/\/360photoboothpro.eu\/wp-content\/uploads\/2023\/04\/Set-of-2-24W-LED-lights-with-tripod-for-photo-studio.webp","contentUrl":"https:\/\/360photoboothpro.eu\/wp-content\/uploads\/2023\/04\/Set-of-2-24W-LED-lights-with-tripod-for-photo-studio.webp","width":960,"height":960,"caption":"Set of 2 x 24W LED lights, with tripod, for photo studio"},{"@type":"BreadcrumbList","@id":"https:\/\/360photoboothpro.eu\/hu\/termek\/2-x-24w-led-fenyszoro-keszlet-allvannyal-fotostudiohoz\/#breadcrumb","itemListElement":[{"@type":"ListItem","position":1,"name":"Home","item":"https:\/\/360photoboothpro.eu\/hu\/"},{"@type":"ListItem","position":2,"name":"Bolt","item":"https:\/\/360photoboothpro.eu\/hu\/shop\/"},{"@type":"ListItem","position":3,"name":"2 x 24W-os LED l\u00e1mp\u00e1kb\u00f3l \u00e1ll\u00f3 k\u00e9szlet, \u00e1llv\u00e1nnyal, fot\u00f3st\u00fadi\u00f3hoz"}]},{"@type":"WebSite","@id":"https:\/\/360photoboothpro.eu\/hu\/#website","url":"https:\/\/360photoboothpro.eu\/hu\/","name":"360PhotoBoothPRO","description":"360PhotoBoothPRO","publisher":{"@id":"https:\/\/360photoboothpro.eu\/hu\/#organization"},"potentialAction":[{"@type":"SearchAction","target":{"@type":"EntryPoint","urlTemplate":"https:\/\/360photoboothpro.eu\/hu\/?s={search_term_string}"},"query-input":{"@type":"PropertyValueSpecification","valueRequired":true,"valueName":"search_term_string"}}],"inLanguage":"hu"},{"@type":"Organization","@id":"https:\/\/360photoboothpro.eu\/hu\/#organization","name":"360PhotoBoothPRO","url":"https:\/\/360photoboothpro.eu\/hu\/","logo":{"@type":"ImageObject","inLanguage":"hu","@id":"https:\/\/360photoboothpro.eu\/hu\/#\/schema\/logo\/image\/","url":"https:\/\/360photoboothpro.eu\/wp-content\/uploads\/2023\/03\/logo-360photoboothpro-favicon.png","contentUrl":"https:\/\/360photoboothpro.eu\/wp-content\/uploads\/2023\/03\/logo-360photoboothpro-favicon.png","width":317,"height":317,"caption":"360PhotoBoothPRO"},"image":{"@id":"https:\/\/360photoboothpro.eu\/hu\/#\/schema\/logo\/image\/"},"sameAs":["https:\/\/www.facebook.com\/360PhotoBoothPRO.Canada\/"]}]}},"_links":{"self":[{"href":"https:\/\/360photoboothpro.eu\/hu\/wp-json\/wp\/v2\/product\/7710"}],"collection":[{"href":"https:\/\/360photoboothpro.eu\/hu\/wp-json\/wp\/v2\/product"}],"about":[{"href":"https:\/\/360photoboothpro.eu\/hu\/wp-json\/wp\/v2\/types\/product"}],"replies":[{"embeddable":true,"href":"https:\/\/360photoboothpro.eu\/hu\/wp-json\/wp\/v2\/comments?post=7710"}],"wp:featuredmedia":[{"embeddable":true,"href":"https:\/\/360photoboothpro.eu\/hu\/wp-json\/wp\/v2\/media\/7105"}],"wp:attachment":[{"href":"https:\/\/360photoboothpro.eu\/hu\/wp-json\/wp\/v2\/media?parent=7710"}],"wp:term":[{"taxonomy":"product_cat","embeddable":true,"href":"https:\/\/360photoboothpro.eu\/hu\/wp-json\/wp\/v2\/product_cat?post=7710"},{"taxonomy":"product_tag","embeddable":true,"href":"https:\/\/360photoboothpro.eu\/hu\/wp-json\/wp\/v2\/product_tag?post=7710"}],"curies":[{"name":"wp","href":"https:\/\/api.w.org\/{rel}","templated":true}]}}