{"id":7727,"date":"2023-04-12T08:34:05","date_gmt":"2023-04-12T06:34:05","guid":{"rendered":"https:\/\/360photoboothpro.eu\/product\/battery-12v-24v-for-360-photo-booth-platform\/"},"modified":"2024-12-01T12:02:00","modified_gmt":"2024-12-01T10:02:00","slug":"akkumulator-12v-slash-24v-360-photo-booth-platform-hoz","status":"publish","type":"product","link":"https:\/\/360photoboothpro.eu\/hu\/termek\/akkumulator-12v-slash-24v-360-photo-booth-platform-hoz\/","title":{"rendered":"AKKUMUL\u00c1TOR (12V \/ 24V) 360 Photo Booth PLATFORM-hoz"},"content":{"rendered":"<p>12V \/ 24V-os AKKUMUL\u00c1TOR, 44.800 mAh, a 360 Photo Booth PRO platformhoz (a forg\u00f3t\u00e1ny\u00e9r al\u00e1 helyezhet\u0151), amely beind\u00edtja a forg\u00f3 kar motorj\u00e1t.<\/p>\n<p>Auton\u00f3mia: 7-8 \u00f3ra ide\u00e1lis k\u00f6r\u00fclm\u00e9nyek k\u00f6z\u00f6tt, tesztelve 360 videokabinjainkon. Ez sz\u00e1mos t\u00e9nyez\u0151t\u0151l f\u00fcgghet: a h\u0151m\u00e9rs\u00e9klet, a 360-as motor energiafogyaszt\u00e1sa, a 360-as platformon a v\u00e1s\u00e1rl\u00f3k gyakoris\u00e1ga, a vide\u00f3k hossza, a motor haszn\u00e1lata stb.<\/p>\n<p>T\u00f6lt\u00e9s: 6-8 \u00f3ra<\/p>\n","protected":false},"excerpt":{"rendered":"<p>12V \/ 24V AKKUMUL\u00c1TOR, 44.800 mAh, a 360 Photo Booth PRO platformhoz, amely beind\u00edtja a forg\u00f3 kar motorj\u00e1t. Auton\u00f3mia: 7-8 \u00f3ra. T\u00f6lt\u00e9s: 6-8 \u00f3ra.<\/p>\n","protected":false},"featured_media":7168,"comment_status":"open","ping_status":"closed","template":"","meta":{"_acf_changed":false},"product_cat":[315],"product_tag":[345],"class_list":{"0":"post-7727","1":"product","2":"type-product","3":"status-publish","4":"has-post-thumbnail","6":"product_cat-kiegeszitok","7":"product_tag-akkumulator-a-360-photo-booth-hoz","9":"first","10":"instock","11":"taxable","12":"shipping-taxable","13":"purchasable","14":"product-type-simple"},"acf":[],"yoast_head":"<!-- This site is optimized with the Yoast SEO plugin v23.5 - https:\/\/yoast.com\/wordpress\/plugins\/seo\/ -->\n<title>AKKUMUL\u00c1TOR (12V \/ 24V) 360 Photo Booth PLATFORM-hoz - 360PhotoBoothPRO<\/title>\n<meta name=\"description\" content=\"Photo Booth PRO is an online store where you can buy quality AKKUMUL\u00c1TOR (12V \/ 24V) 360 Photo Booth PLATFORM-hoz at an affordable price. Buy now!\" \/>\n<meta name=\"robots\" content=\"index, follow, max-snippet:-1, max-image-preview:large, max-video-preview:-1\" \/>\n<link rel=\"canonical\" href=\"https:\/\/360photoboothpro.eu\/hu\/termek\/akkumulator-12v-slash-24v-360-photo-booth-platform-hoz\/\" \/>\n<meta property=\"og:locale\" content=\"hu_HU\" \/>\n<meta property=\"og:type\" content=\"article\" \/>\n<meta property=\"og:title\" content=\"AKKUMUL\u00c1TOR (12V \/ 24V) 360 Photo Booth PLATFORM-hoz - 360PhotoBoothPRO\" \/>\n<meta property=\"og:description\" content=\"Photo Booth PRO is an online store where you can buy quality AKKUMUL\u00c1TOR (12V \/ 24V) 360 Photo Booth PLATFORM-hoz at an affordable price. Buy now!\" \/>\n<meta property=\"og:url\" content=\"https:\/\/360photoboothpro.eu\/hu\/termek\/akkumulator-12v-slash-24v-360-photo-booth-platform-hoz\/\" \/>\n<meta property=\"og:site_name\" content=\"360PhotoBoothPRO\" \/>\n<meta property=\"article:publisher\" content=\"https:\/\/www.facebook.com\/360PhotoBoothPRO.Canada\/\" \/>\n<meta property=\"article:modified_time\" content=\"2024-12-01T10:02:00+00:00\" \/>\n<meta property=\"og:image\" content=\"https:\/\/360photoboothpro.eu\/wp-content\/uploads\/2023\/04\/battery-for-360-photobooth-platform-social.jpg\" \/>\n<meta name=\"twitter:card\" content=\"summary_large_image\" \/>\n<script type=\"application\/ld+json\" class=\"yoast-schema-graph\">{\"@context\":\"https:\/\/schema.org\",\"@graph\":[{\"@type\":\"WebPage\",\"@id\":\"https:\/\/360photoboothpro.eu\/hu\/termek\/akkumulator-12v-slash-24v-360-photo-booth-platform-hoz\/\",\"url\":\"https:\/\/360photoboothpro.eu\/hu\/termek\/akkumulator-12v-slash-24v-360-photo-booth-platform-hoz\/\",\"name\":\"AKKUMUL\u00c1TOR (12V \/ 24V) 360 Photo Booth PLATFORM-hoz - 360PhotoBoothPRO\",\"isPartOf\":{\"@id\":\"https:\/\/360photoboothpro.eu\/hu\/#website\"},\"primaryImageOfPage\":{\"@id\":\"https:\/\/360photoboothpro.eu\/hu\/termek\/akkumulator-12v-slash-24v-360-photo-booth-platform-hoz\/#primaryimage\"},\"image\":{\"@id\":\"https:\/\/360photoboothpro.eu\/hu\/termek\/akkumulator-12v-slash-24v-360-photo-booth-platform-hoz\/#primaryimage\"},\"thumbnailUrl\":\"https:\/\/360photoboothpro.eu\/wp-content\/uploads\/2023\/04\/12V-24V-BATTERY-FOR-THE-360-Photo-Booth-PRO-PLATFORM-3.webp\",\"datePublished\":\"2023-04-12T06:34:05+00:00\",\"dateModified\":\"2024-12-01T10:02:00+00:00\",\"description\":\"Photo Booth PRO is an online store where you can buy quality AKKUMUL\u00c1TOR (12V \/ 24V) 360 Photo Booth PLATFORM-hoz at an affordable price. Buy now!\",\"breadcrumb\":{\"@id\":\"https:\/\/360photoboothpro.eu\/hu\/termek\/akkumulator-12v-slash-24v-360-photo-booth-platform-hoz\/#breadcrumb\"},\"inLanguage\":\"hu\",\"potentialAction\":[{\"@type\":\"ReadAction\",\"target\":[\"https:\/\/360photoboothpro.eu\/hu\/termek\/akkumulator-12v-slash-24v-360-photo-booth-platform-hoz\/\"]}]},{\"@type\":\"ImageObject\",\"inLanguage\":\"hu\",\"@id\":\"https:\/\/360photoboothpro.eu\/hu\/termek\/akkumulator-12v-slash-24v-360-photo-booth-platform-hoz\/#primaryimage\",\"url\":\"https:\/\/360photoboothpro.eu\/wp-content\/uploads\/2023\/04\/12V-24V-BATTERY-FOR-THE-360-Photo-Booth-PRO-PLATFORM-3.webp\",\"contentUrl\":\"https:\/\/360photoboothpro.eu\/wp-content\/uploads\/2023\/04\/12V-24V-BATTERY-FOR-THE-360-Photo-Booth-PRO-PLATFORM-3.webp\",\"width\":960,\"height\":960,\"caption\":\"12V \/ 24V BATTERY FOR THE 360 Photo Booth PRO PLATFORM\"},{\"@type\":\"BreadcrumbList\",\"@id\":\"https:\/\/360photoboothpro.eu\/hu\/termek\/akkumulator-12v-slash-24v-360-photo-booth-platform-hoz\/#breadcrumb\",\"itemListElement\":[{\"@type\":\"ListItem\",\"position\":1,\"name\":\"Home\",\"item\":\"https:\/\/360photoboothpro.eu\/hu\/\"},{\"@type\":\"ListItem\",\"position\":2,\"name\":\"Bolt\",\"item\":\"https:\/\/360photoboothpro.eu\/hu\/shop\/\"},{\"@type\":\"ListItem\",\"position\":3,\"name\":\"AKKUMUL\u00c1TOR (12V \/ 24V) 360 Photo Booth PLATFORM-hoz\"}]},{\"@type\":\"WebSite\",\"@id\":\"https:\/\/360photoboothpro.eu\/hu\/#website\",\"url\":\"https:\/\/360photoboothpro.eu\/hu\/\",\"name\":\"360PhotoBoothPRO\",\"description\":\"360PhotoBoothPRO\",\"publisher\":{\"@id\":\"https:\/\/360photoboothpro.eu\/hu\/#organization\"},\"potentialAction\":[{\"@type\":\"SearchAction\",\"target\":{\"@type\":\"EntryPoint\",\"urlTemplate\":\"https:\/\/360photoboothpro.eu\/hu\/?s={search_term_string}\"},\"query-input\":{\"@type\":\"PropertyValueSpecification\",\"valueRequired\":true,\"valueName\":\"search_term_string\"}}],\"inLanguage\":\"hu\"},{\"@type\":\"Organization\",\"@id\":\"https:\/\/360photoboothpro.eu\/hu\/#organization\",\"name\":\"360PhotoBoothPRO\",\"url\":\"https:\/\/360photoboothpro.eu\/hu\/\",\"logo\":{\"@type\":\"ImageObject\",\"inLanguage\":\"hu\",\"@id\":\"https:\/\/360photoboothpro.eu\/hu\/#\/schema\/logo\/image\/\",\"url\":\"https:\/\/360photoboothpro.eu\/wp-content\/uploads\/2023\/03\/logo-360photoboothpro-favicon.png\",\"contentUrl\":\"https:\/\/360photoboothpro.eu\/wp-content\/uploads\/2023\/03\/logo-360photoboothpro-favicon.png\",\"width\":317,\"height\":317,\"caption\":\"360PhotoBoothPRO\"},\"image\":{\"@id\":\"https:\/\/360photoboothpro.eu\/hu\/#\/schema\/logo\/image\/\"},\"sameAs\":[\"https:\/\/www.facebook.com\/360PhotoBoothPRO.Canada\/\"]}]}<\/script>\n<!-- \/ Yoast SEO plugin. -->","yoast_head_json":{"title":"AKKUMUL\u00c1TOR (12V \/ 24V) 360 Photo Booth PLATFORM-hoz - 360PhotoBoothPRO","description":"Photo Booth PRO is an online store where you can buy quality AKKUMUL\u00c1TOR (12V \/ 24V) 360 Photo Booth PLATFORM-hoz at an affordable price. Buy now!","robots":{"index":"index","follow":"follow","max-snippet":"max-snippet:-1","max-image-preview":"max-image-preview:large","max-video-preview":"max-video-preview:-1"},"canonical":"https:\/\/360photoboothpro.eu\/hu\/termek\/akkumulator-12v-slash-24v-360-photo-booth-platform-hoz\/","og_locale":"hu_HU","og_type":"article","og_title":"AKKUMUL\u00c1TOR (12V \/ 24V) 360 Photo Booth PLATFORM-hoz - 360PhotoBoothPRO","og_description":"Photo Booth PRO is an online store where you can buy quality AKKUMUL\u00c1TOR (12V \/ 24V) 360 Photo Booth PLATFORM-hoz at an affordable price. Buy now!","og_url":"https:\/\/360photoboothpro.eu\/hu\/termek\/akkumulator-12v-slash-24v-360-photo-booth-platform-hoz\/","og_site_name":"360PhotoBoothPRO","article_publisher":"https:\/\/www.facebook.com\/360PhotoBoothPRO.Canada\/","article_modified_time":"2024-12-01T10:02:00+00:00","og_image":[{"url":"https:\/\/360photoboothpro.eu\/wp-content\/uploads\/2023\/04\/battery-for-360-photobooth-platform-social.jpg"}],"twitter_card":"summary_large_image","schema":{"@context":"https:\/\/schema.org","@graph":[{"@type":"WebPage","@id":"https:\/\/360photoboothpro.eu\/hu\/termek\/akkumulator-12v-slash-24v-360-photo-booth-platform-hoz\/","url":"https:\/\/360photoboothpro.eu\/hu\/termek\/akkumulator-12v-slash-24v-360-photo-booth-platform-hoz\/","name":"AKKUMUL\u00c1TOR (12V \/ 24V) 360 Photo Booth PLATFORM-hoz - 360PhotoBoothPRO","isPartOf":{"@id":"https:\/\/360photoboothpro.eu\/hu\/#website"},"primaryImageOfPage":{"@id":"https:\/\/360photoboothpro.eu\/hu\/termek\/akkumulator-12v-slash-24v-360-photo-booth-platform-hoz\/#primaryimage"},"image":{"@id":"https:\/\/360photoboothpro.eu\/hu\/termek\/akkumulator-12v-slash-24v-360-photo-booth-platform-hoz\/#primaryimage"},"thumbnailUrl":"https:\/\/360photoboothpro.eu\/wp-content\/uploads\/2023\/04\/12V-24V-BATTERY-FOR-THE-360-Photo-Booth-PRO-PLATFORM-3.webp","datePublished":"2023-04-12T06:34:05+00:00","dateModified":"2024-12-01T10:02:00+00:00","description":"Photo Booth PRO is an online store where you can buy quality AKKUMUL\u00c1TOR (12V \/ 24V) 360 Photo Booth PLATFORM-hoz at an affordable price. Buy now!","breadcrumb":{"@id":"https:\/\/360photoboothpro.eu\/hu\/termek\/akkumulator-12v-slash-24v-360-photo-booth-platform-hoz\/#breadcrumb"},"inLanguage":"hu","potentialAction":[{"@type":"ReadAction","target":["https:\/\/360photoboothpro.eu\/hu\/termek\/akkumulator-12v-slash-24v-360-photo-booth-platform-hoz\/"]}]},{"@type":"ImageObject","inLanguage":"hu","@id":"https:\/\/360photoboothpro.eu\/hu\/termek\/akkumulator-12v-slash-24v-360-photo-booth-platform-hoz\/#primaryimage","url":"https:\/\/360photoboothpro.eu\/wp-content\/uploads\/2023\/04\/12V-24V-BATTERY-FOR-THE-360-Photo-Booth-PRO-PLATFORM-3.webp","contentUrl":"https:\/\/360photoboothpro.eu\/wp-content\/uploads\/2023\/04\/12V-24V-BATTERY-FOR-THE-360-Photo-Booth-PRO-PLATFORM-3.webp","width":960,"height":960,"caption":"12V \/ 24V BATTERY FOR THE 360 Photo Booth PRO PLATFORM"},{"@type":"BreadcrumbList","@id":"https:\/\/360photoboothpro.eu\/hu\/termek\/akkumulator-12v-slash-24v-360-photo-booth-platform-hoz\/#breadcrumb","itemListElement":[{"@type":"ListItem","position":1,"name":"Home","item":"https:\/\/360photoboothpro.eu\/hu\/"},{"@type":"ListItem","position":2,"name":"Bolt","item":"https:\/\/360photoboothpro.eu\/hu\/shop\/"},{"@type":"ListItem","position":3,"name":"AKKUMUL\u00c1TOR (12V \/ 24V) 360 Photo Booth PLATFORM-hoz"}]},{"@type":"WebSite","@id":"https:\/\/360photoboothpro.eu\/hu\/#website","url":"https:\/\/360photoboothpro.eu\/hu\/","name":"360PhotoBoothPRO","description":"360PhotoBoothPRO","publisher":{"@id":"https:\/\/360photoboothpro.eu\/hu\/#organization"},"potentialAction":[{"@type":"SearchAction","target":{"@type":"EntryPoint","urlTemplate":"https:\/\/360photoboothpro.eu\/hu\/?s={search_term_string}"},"query-input":{"@type":"PropertyValueSpecification","valueRequired":true,"valueName":"search_term_string"}}],"inLanguage":"hu"},{"@type":"Organization","@id":"https:\/\/360photoboothpro.eu\/hu\/#organization","name":"360PhotoBoothPRO","url":"https:\/\/360photoboothpro.eu\/hu\/","logo":{"@type":"ImageObject","inLanguage":"hu","@id":"https:\/\/360photoboothpro.eu\/hu\/#\/schema\/logo\/image\/","url":"https:\/\/360photoboothpro.eu\/wp-content\/uploads\/2023\/03\/logo-360photoboothpro-favicon.png","contentUrl":"https:\/\/360photoboothpro.eu\/wp-content\/uploads\/2023\/03\/logo-360photoboothpro-favicon.png","width":317,"height":317,"caption":"360PhotoBoothPRO"},"image":{"@id":"https:\/\/360photoboothpro.eu\/hu\/#\/schema\/logo\/image\/"},"sameAs":["https:\/\/www.facebook.com\/360PhotoBoothPRO.Canada\/"]}]}},"_links":{"self":[{"href":"https:\/\/360photoboothpro.eu\/hu\/wp-json\/wp\/v2\/product\/7727"}],"collection":[{"href":"https:\/\/360photoboothpro.eu\/hu\/wp-json\/wp\/v2\/product"}],"about":[{"href":"https:\/\/360photoboothpro.eu\/hu\/wp-json\/wp\/v2\/types\/product"}],"replies":[{"embeddable":true,"href":"https:\/\/360photoboothpro.eu\/hu\/wp-json\/wp\/v2\/comments?post=7727"}],"wp:featuredmedia":[{"embeddable":true,"href":"https:\/\/360photoboothpro.eu\/hu\/wp-json\/wp\/v2\/media\/7168"}],"wp:attachment":[{"href":"https:\/\/360photoboothpro.eu\/hu\/wp-json\/wp\/v2\/media?parent=7727"}],"wp:term":[{"taxonomy":"product_cat","embeddable":true,"href":"https:\/\/360photoboothpro.eu\/hu\/wp-json\/wp\/v2\/product_cat?post=7727"},{"taxonomy":"product_tag","embeddable":true,"href":"https:\/\/360photoboothpro.eu\/hu\/wp-json\/wp\/v2\/product_tag?post=7727"}],"curies":[{"name":"wp","href":"https:\/\/api.w.org\/{rel}","templated":true}]}}