{"id":7780,"date":"2023-04-12T07:53:46","date_gmt":"2023-04-12T05:53:46","guid":{"rendered":"https:\/\/360photoboothpro.eu\/?post_type=product&#038;p=7780"},"modified":"2025-06-08T09:12:04","modified_gmt":"2025-06-08T07:12:04","slug":"2-elhatarolo-polus-keszlet","status":"publish","type":"product","link":"https:\/\/360photoboothpro.eu\/hu\/termek\/2-elhatarolo-polus-keszlet\/","title":{"rendered":"2 darabos elhat\u00e1rol\u00f3 p\u00f3lus k\u00e9szlet"},"content":{"rendered":"<p>Ez a term\u00e9k KIZ\u00c1R\u00d3LAG a kateg\u00f3ri\u00e1ban szerepl\u0151 360 platformok valamelyik\u00e9vel egy\u00fctt v\u00e1s\u00e1rolhat\u00f3 meg: <a href=\"https:\/\/360photoboothpro.eu\/hu\/termekkategoria\/360-photo-booth-platforms-hu\/\">360 Photo Booth platformok<\/a><\/p>\n<p>DELIMIT\u00c1CI\u00d3S P\u00d3TOK, amelyek 2 darabos k\u00e9szletben ker\u00fclnek \u00e9rt\u00e9kes\u00edt\u00e9sre, 1 darab zsin\u00f3rral egy\u00fctt.<\/p>\n","protected":false},"excerpt":{"rendered":"<p>Ez a term\u00e9k KIZ\u00c1R\u00d3LAG a kateg\u00f3ri\u00e1ban szerepl\u0151 360 platformok valamelyik\u00e9vel egy\u00fctt v\u00e1s\u00e1rolhat\u00f3 meg: <a href=\"https:\/\/360photoboothpro.eu\/product-category\/360-video-booth-platforms\/\">360 Photo Booth platformok<\/a><\/p>\n","protected":false},"featured_media":7060,"comment_status":"open","ping_status":"closed","template":"","meta":{"_acf_changed":false},"product_cat":[315],"product_tag":[328,331,334,318,320,325,322,337,335,339,342,343],"class_list":{"0":"post-7780","1":"product","2":"type-product","3":"status-publish","4":"has-post-thumbnail","6":"product_cat-kiegeszitok","7":"product_tag-360-fokos-fotofulke","8":"product_tag-360-fotofulke","9":"product_tag-360-fotofulke-elado","10":"product_tag-360-fulke","11":"product_tag-360-fulke-elado","12":"product_tag-360-kamera-fotofulke","13":"product_tag-360-kamera-fulke","14":"product_tag-360-porgos-fotofulke","15":"product_tag-360-szelfi-fulke","16":"product_tag-360-video-fulke","17":"product_tag-360-video-fulke-elado","18":"product_tag-forgo-fotofulke","20":"first","21":"outofstock","22":"sale","23":"taxable","24":"shipping-taxable","25":"purchasable","26":"product-type-simple"},"acf":[],"yoast_head":"<!-- This site is optimized with the Yoast SEO plugin v23.5 - https:\/\/yoast.com\/wordpress\/plugins\/seo\/ -->\n<title>2 darabos elhat\u00e1rol\u00f3 p\u00f3lus k\u00e9szlet - 360PhotoBoothPRO<\/title>\n<meta name=\"description\" content=\"Photo Booth PRO is an online store where you can buy quality 2 darabos elhat\u00e1rol\u00f3 p\u00f3lus k\u00e9szlet at an affordable price. Buy now!\" \/>\n<meta name=\"robots\" content=\"index, follow, max-snippet:-1, max-image-preview:large, max-video-preview:-1\" \/>\n<link rel=\"canonical\" href=\"https:\/\/360photoboothpro.eu\/hu\/termek\/2-elhatarolo-polus-keszlet\/\" \/>\n<meta property=\"og:locale\" content=\"hu_HU\" \/>\n<meta property=\"og:type\" content=\"article\" \/>\n<meta property=\"og:title\" content=\"2 darabos elhat\u00e1rol\u00f3 p\u00f3lus k\u00e9szlet - 360PhotoBoothPRO\" \/>\n<meta property=\"og:description\" content=\"Photo Booth PRO is an online store where you can buy quality 2 darabos elhat\u00e1rol\u00f3 p\u00f3lus k\u00e9szlet at an affordable price. Buy now!\" \/>\n<meta property=\"og:url\" content=\"https:\/\/360photoboothpro.eu\/hu\/termek\/2-elhatarolo-polus-keszlet\/\" \/>\n<meta property=\"og:site_name\" content=\"360PhotoBoothPRO\" \/>\n<meta property=\"article:publisher\" content=\"https:\/\/www.facebook.com\/360PhotoBoothPRO.Canada\/\" \/>\n<meta property=\"article:modified_time\" content=\"2025-06-08T07:12:04+00:00\" \/>\n<meta property=\"og:image\" content=\"https:\/\/360photoboothpro.eu\/wp-content\/uploads\/2023\/04\/set-2-delimitation-poles-social.jpg\" \/>\n<meta name=\"twitter:card\" content=\"summary_large_image\" \/>\n<meta name=\"twitter:label1\" content=\"Becs\u00fclt olvas\u00e1si id\u0151\" \/>\n\t<meta name=\"twitter:data1\" content=\"1 perc\" \/>\n<script type=\"application\/ld+json\" class=\"yoast-schema-graph\">{\"@context\":\"https:\/\/schema.org\",\"@graph\":[{\"@type\":\"WebPage\",\"@id\":\"https:\/\/360photoboothpro.eu\/hu\/termek\/2-elhatarolo-polus-keszlet\/\",\"url\":\"https:\/\/360photoboothpro.eu\/hu\/termek\/2-elhatarolo-polus-keszlet\/\",\"name\":\"2 darabos elhat\u00e1rol\u00f3 p\u00f3lus k\u00e9szlet - 360PhotoBoothPRO\",\"isPartOf\":{\"@id\":\"https:\/\/360photoboothpro.eu\/hu\/#website\"},\"primaryImageOfPage\":{\"@id\":\"https:\/\/360photoboothpro.eu\/hu\/termek\/2-elhatarolo-polus-keszlet\/#primaryimage\"},\"image\":{\"@id\":\"https:\/\/360photoboothpro.eu\/hu\/termek\/2-elhatarolo-polus-keszlet\/#primaryimage\"},\"thumbnailUrl\":\"https:\/\/360photoboothpro.eu\/wp-content\/uploads\/2023\/04\/delimitation-posts-for-360-photo-booth-pro-1.jpg\",\"datePublished\":\"2023-04-12T05:53:46+00:00\",\"dateModified\":\"2025-06-08T07:12:04+00:00\",\"description\":\"Photo Booth PRO is an online store where you can buy quality 2 darabos elhat\u00e1rol\u00f3 p\u00f3lus k\u00e9szlet at an affordable price. Buy now!\",\"breadcrumb\":{\"@id\":\"https:\/\/360photoboothpro.eu\/hu\/termek\/2-elhatarolo-polus-keszlet\/#breadcrumb\"},\"inLanguage\":\"hu\",\"potentialAction\":[{\"@type\":\"ReadAction\",\"target\":[\"https:\/\/360photoboothpro.eu\/hu\/termek\/2-elhatarolo-polus-keszlet\/\"]}]},{\"@type\":\"ImageObject\",\"inLanguage\":\"hu\",\"@id\":\"https:\/\/360photoboothpro.eu\/hu\/termek\/2-elhatarolo-polus-keszlet\/#primaryimage\",\"url\":\"https:\/\/360photoboothpro.eu\/wp-content\/uploads\/2023\/04\/delimitation-posts-for-360-photo-booth-pro-1.jpg\",\"contentUrl\":\"https:\/\/360photoboothpro.eu\/wp-content\/uploads\/2023\/04\/delimitation-posts-for-360-photo-booth-pro-1.jpg\",\"width\":400,\"height\":400,\"caption\":\"delimitation posts for 360 photo booth pro\"},{\"@type\":\"BreadcrumbList\",\"@id\":\"https:\/\/360photoboothpro.eu\/hu\/termek\/2-elhatarolo-polus-keszlet\/#breadcrumb\",\"itemListElement\":[{\"@type\":\"ListItem\",\"position\":1,\"name\":\"Home\",\"item\":\"https:\/\/360photoboothpro.eu\/hu\/\"},{\"@type\":\"ListItem\",\"position\":2,\"name\":\"Bolt\",\"item\":\"https:\/\/360photoboothpro.eu\/hu\/shop\/\"},{\"@type\":\"ListItem\",\"position\":3,\"name\":\"2 darabos elhat\u00e1rol\u00f3 p\u00f3lus k\u00e9szlet\"}]},{\"@type\":\"WebSite\",\"@id\":\"https:\/\/360photoboothpro.eu\/hu\/#website\",\"url\":\"https:\/\/360photoboothpro.eu\/hu\/\",\"name\":\"360PhotoBoothPRO\",\"description\":\"360PhotoBoothPRO\",\"publisher\":{\"@id\":\"https:\/\/360photoboothpro.eu\/hu\/#organization\"},\"potentialAction\":[{\"@type\":\"SearchAction\",\"target\":{\"@type\":\"EntryPoint\",\"urlTemplate\":\"https:\/\/360photoboothpro.eu\/hu\/?s={search_term_string}\"},\"query-input\":{\"@type\":\"PropertyValueSpecification\",\"valueRequired\":true,\"valueName\":\"search_term_string\"}}],\"inLanguage\":\"hu\"},{\"@type\":\"Organization\",\"@id\":\"https:\/\/360photoboothpro.eu\/hu\/#organization\",\"name\":\"360PhotoBoothPRO\",\"url\":\"https:\/\/360photoboothpro.eu\/hu\/\",\"logo\":{\"@type\":\"ImageObject\",\"inLanguage\":\"hu\",\"@id\":\"https:\/\/360photoboothpro.eu\/hu\/#\/schema\/logo\/image\/\",\"url\":\"https:\/\/360photoboothpro.eu\/wp-content\/uploads\/2023\/03\/logo-360photoboothpro-favicon.png\",\"contentUrl\":\"https:\/\/360photoboothpro.eu\/wp-content\/uploads\/2023\/03\/logo-360photoboothpro-favicon.png\",\"width\":317,\"height\":317,\"caption\":\"360PhotoBoothPRO\"},\"image\":{\"@id\":\"https:\/\/360photoboothpro.eu\/hu\/#\/schema\/logo\/image\/\"},\"sameAs\":[\"https:\/\/www.facebook.com\/360PhotoBoothPRO.Canada\/\"]}]}<\/script>\n<!-- \/ Yoast SEO plugin. -->","yoast_head_json":{"title":"2 darabos elhat\u00e1rol\u00f3 p\u00f3lus k\u00e9szlet - 360PhotoBoothPRO","description":"Photo Booth PRO is an online store where you can buy quality 2 darabos elhat\u00e1rol\u00f3 p\u00f3lus k\u00e9szlet at an affordable price. Buy now!","robots":{"index":"index","follow":"follow","max-snippet":"max-snippet:-1","max-image-preview":"max-image-preview:large","max-video-preview":"max-video-preview:-1"},"canonical":"https:\/\/360photoboothpro.eu\/hu\/termek\/2-elhatarolo-polus-keszlet\/","og_locale":"hu_HU","og_type":"article","og_title":"2 darabos elhat\u00e1rol\u00f3 p\u00f3lus k\u00e9szlet - 360PhotoBoothPRO","og_description":"Photo Booth PRO is an online store where you can buy quality 2 darabos elhat\u00e1rol\u00f3 p\u00f3lus k\u00e9szlet at an affordable price. Buy now!","og_url":"https:\/\/360photoboothpro.eu\/hu\/termek\/2-elhatarolo-polus-keszlet\/","og_site_name":"360PhotoBoothPRO","article_publisher":"https:\/\/www.facebook.com\/360PhotoBoothPRO.Canada\/","article_modified_time":"2025-06-08T07:12:04+00:00","og_image":[{"url":"https:\/\/360photoboothpro.eu\/wp-content\/uploads\/2023\/04\/set-2-delimitation-poles-social.jpg"}],"twitter_card":"summary_large_image","twitter_misc":{"Becs\u00fclt olvas\u00e1si id\u0151":"1 perc"},"schema":{"@context":"https:\/\/schema.org","@graph":[{"@type":"WebPage","@id":"https:\/\/360photoboothpro.eu\/hu\/termek\/2-elhatarolo-polus-keszlet\/","url":"https:\/\/360photoboothpro.eu\/hu\/termek\/2-elhatarolo-polus-keszlet\/","name":"2 darabos elhat\u00e1rol\u00f3 p\u00f3lus k\u00e9szlet - 360PhotoBoothPRO","isPartOf":{"@id":"https:\/\/360photoboothpro.eu\/hu\/#website"},"primaryImageOfPage":{"@id":"https:\/\/360photoboothpro.eu\/hu\/termek\/2-elhatarolo-polus-keszlet\/#primaryimage"},"image":{"@id":"https:\/\/360photoboothpro.eu\/hu\/termek\/2-elhatarolo-polus-keszlet\/#primaryimage"},"thumbnailUrl":"https:\/\/360photoboothpro.eu\/wp-content\/uploads\/2023\/04\/delimitation-posts-for-360-photo-booth-pro-1.jpg","datePublished":"2023-04-12T05:53:46+00:00","dateModified":"2025-06-08T07:12:04+00:00","description":"Photo Booth PRO is an online store where you can buy quality 2 darabos elhat\u00e1rol\u00f3 p\u00f3lus k\u00e9szlet at an affordable price. Buy now!","breadcrumb":{"@id":"https:\/\/360photoboothpro.eu\/hu\/termek\/2-elhatarolo-polus-keszlet\/#breadcrumb"},"inLanguage":"hu","potentialAction":[{"@type":"ReadAction","target":["https:\/\/360photoboothpro.eu\/hu\/termek\/2-elhatarolo-polus-keszlet\/"]}]},{"@type":"ImageObject","inLanguage":"hu","@id":"https:\/\/360photoboothpro.eu\/hu\/termek\/2-elhatarolo-polus-keszlet\/#primaryimage","url":"https:\/\/360photoboothpro.eu\/wp-content\/uploads\/2023\/04\/delimitation-posts-for-360-photo-booth-pro-1.jpg","contentUrl":"https:\/\/360photoboothpro.eu\/wp-content\/uploads\/2023\/04\/delimitation-posts-for-360-photo-booth-pro-1.jpg","width":400,"height":400,"caption":"delimitation posts for 360 photo booth pro"},{"@type":"BreadcrumbList","@id":"https:\/\/360photoboothpro.eu\/hu\/termek\/2-elhatarolo-polus-keszlet\/#breadcrumb","itemListElement":[{"@type":"ListItem","position":1,"name":"Home","item":"https:\/\/360photoboothpro.eu\/hu\/"},{"@type":"ListItem","position":2,"name":"Bolt","item":"https:\/\/360photoboothpro.eu\/hu\/shop\/"},{"@type":"ListItem","position":3,"name":"2 darabos elhat\u00e1rol\u00f3 p\u00f3lus k\u00e9szlet"}]},{"@type":"WebSite","@id":"https:\/\/360photoboothpro.eu\/hu\/#website","url":"https:\/\/360photoboothpro.eu\/hu\/","name":"360PhotoBoothPRO","description":"360PhotoBoothPRO","publisher":{"@id":"https:\/\/360photoboothpro.eu\/hu\/#organization"},"potentialAction":[{"@type":"SearchAction","target":{"@type":"EntryPoint","urlTemplate":"https:\/\/360photoboothpro.eu\/hu\/?s={search_term_string}"},"query-input":{"@type":"PropertyValueSpecification","valueRequired":true,"valueName":"search_term_string"}}],"inLanguage":"hu"},{"@type":"Organization","@id":"https:\/\/360photoboothpro.eu\/hu\/#organization","name":"360PhotoBoothPRO","url":"https:\/\/360photoboothpro.eu\/hu\/","logo":{"@type":"ImageObject","inLanguage":"hu","@id":"https:\/\/360photoboothpro.eu\/hu\/#\/schema\/logo\/image\/","url":"https:\/\/360photoboothpro.eu\/wp-content\/uploads\/2023\/03\/logo-360photoboothpro-favicon.png","contentUrl":"https:\/\/360photoboothpro.eu\/wp-content\/uploads\/2023\/03\/logo-360photoboothpro-favicon.png","width":317,"height":317,"caption":"360PhotoBoothPRO"},"image":{"@id":"https:\/\/360photoboothpro.eu\/hu\/#\/schema\/logo\/image\/"},"sameAs":["https:\/\/www.facebook.com\/360PhotoBoothPRO.Canada\/"]}]}},"_links":{"self":[{"href":"https:\/\/360photoboothpro.eu\/hu\/wp-json\/wp\/v2\/product\/7780"}],"collection":[{"href":"https:\/\/360photoboothpro.eu\/hu\/wp-json\/wp\/v2\/product"}],"about":[{"href":"https:\/\/360photoboothpro.eu\/hu\/wp-json\/wp\/v2\/types\/product"}],"replies":[{"embeddable":true,"href":"https:\/\/360photoboothpro.eu\/hu\/wp-json\/wp\/v2\/comments?post=7780"}],"wp:featuredmedia":[{"embeddable":true,"href":"https:\/\/360photoboothpro.eu\/hu\/wp-json\/wp\/v2\/media\/7060"}],"wp:attachment":[{"href":"https:\/\/360photoboothpro.eu\/hu\/wp-json\/wp\/v2\/media?parent=7780"}],"wp:term":[{"taxonomy":"product_cat","embeddable":true,"href":"https:\/\/360photoboothpro.eu\/hu\/wp-json\/wp\/v2\/product_cat?post=7780"},{"taxonomy":"product_tag","embeddable":true,"href":"https:\/\/360photoboothpro.eu\/hu\/wp-json\/wp\/v2\/product_tag?post=7780"}],"curies":[{"name":"wp","href":"https:\/\/api.w.org\/{rel}","templated":true}]}}