{"id":8009,"date":"2023-04-12T06:44:23","date_gmt":"2023-04-12T04:44:23","guid":{"rendered":"https:\/\/360photoboothpro.eu\/product\/burkolat-hatterdoboz-vezetett-vilagitassal-360-as-fotofulke-prohoz\/"},"modified":"2024-08-10T00:37:35","modified_gmt":"2024-08-09T22:37:35","slug":"burkolat-hatterdoboz-vezetett-vilagitassal-360-as-fotofulke-prohoz","status":"publish","type":"product","link":"https:\/\/360photoboothpro.eu\/hu\/termek\/burkolat-hatterdoboz-vezetett-vilagitassal-360-as-fotofulke-prohoz\/","title":{"rendered":"Z\u00e1r\u00f3h\u00e1tt\u00e9r Led f\u00e9nyekkel a 360 Photo Booth PRO sz\u00e1m\u00e1ra"},"content":{"rendered":"<p>Z\u00e1r\u00f3 h\u00e1tt\u00e9r Led f\u00e9nyekkel a 360 Photo Booth PRO platformhoz.<\/p>\n<p>Fesz\u00edtett anyag, amely a f\u00e9mszerkezeten az \u00d6n c\u00e9g\u00e9nek log\u00f3j\u00e1val testre szabhat\u00f3.<\/p>\n<p>Magass\u00e1g: 94.5&#8243;<br \/>\n\u00c1tm\u00e9r\u0151: 118&#8243;<br \/>\nHozz\u00e1f\u00e9r\u00e9si ter\u00fclet: 31.5&#8243;<\/p>\n<p>Az RGB Led f\u00e9nyek a t\u00e1vir\u00e1ny\u00edt\u00f3r\u00f3l vez\u00e9relhet\u0151k.<\/p>\n<p>Tartalmazza a hordt\u00e1sk\u00e1t.<\/p>\n","protected":false},"excerpt":{"rendered":"<p id=\"tw-target-text\" class=\"tw-data-text tw-text-large tw-ta\" dir=\"ltr\" data-placeholder=\"Traducere\"><span class=\"Y2IQFc\" lang=\"en\">Az \u00e1r megjelen\u00edt\u00e9s\u00e9hez k\u00e9rj\u00fck, v\u00e1lassza ki a k\u00edv\u00e1nt opci\u00f3t az al\u00e1bbi list\u00e1b\u00f3l:<\/span><\/p>\n","protected":false},"featured_media":6979,"comment_status":"open","ping_status":"closed","template":"","meta":{"_acf_changed":false},"product_cat":[531,315],"product_tag":[476],"class_list":{"0":"post-8009","1":"product","2":"type-product","3":"status-publish","4":"has-post-thumbnail","6":"product_cat-burkolat-hatter","7":"product_cat-kiegeszitok","8":"product_tag-zart-hatter-360-photo-booth-pro-fotofulkehez","10":"first","11":"instock","12":"taxable","13":"shipping-taxable","14":"purchasable","15":"product-type-variable"},"acf":[],"yoast_head":"<!-- This site is optimized with the Yoast SEO plugin v23.5 - https:\/\/yoast.com\/wordpress\/plugins\/seo\/ -->\n<title>Z\u00e1r\u00f3h\u00e1tt\u00e9r Led f\u00e9nyekkel a 360 Photo Booth PRO sz\u00e1m\u00e1ra - 360PhotoBoothPRO<\/title>\n<meta name=\"description\" content=\"Photo Booth PRO is an online store where you can buy quality Z\u00e1r\u00f3h\u00e1tt\u00e9r Led f\u00e9nyekkel a 360 Photo Booth PRO sz\u00e1m\u00e1ra at an affordable price. Buy now!\" \/>\n<meta name=\"robots\" content=\"index, follow, max-snippet:-1, max-image-preview:large, max-video-preview:-1\" \/>\n<link rel=\"canonical\" href=\"https:\/\/360photoboothpro.eu\/hu\/termek\/burkolat-hatterdoboz-vezetett-vilagitassal-360-as-fotofulke-prohoz\/\" \/>\n<meta property=\"og:locale\" content=\"hu_HU\" \/>\n<meta property=\"og:type\" content=\"article\" \/>\n<meta property=\"og:title\" content=\"Z\u00e1r\u00f3h\u00e1tt\u00e9r Led f\u00e9nyekkel a 360 Photo Booth PRO sz\u00e1m\u00e1ra - 360PhotoBoothPRO\" \/>\n<meta property=\"og:description\" content=\"Photo Booth PRO is an online store where you can buy quality Z\u00e1r\u00f3h\u00e1tt\u00e9r Led f\u00e9nyekkel a 360 Photo Booth PRO sz\u00e1m\u00e1ra at an affordable price. Buy now!\" \/>\n<meta property=\"og:url\" content=\"https:\/\/360photoboothpro.eu\/hu\/termek\/burkolat-hatterdoboz-vezetett-vilagitassal-360-as-fotofulke-prohoz\/\" \/>\n<meta property=\"og:site_name\" content=\"360PhotoBoothPRO\" \/>\n<meta property=\"article:publisher\" content=\"https:\/\/www.facebook.com\/360PhotoBoothPRO.Canada\/\" \/>\n<meta property=\"article:modified_time\" content=\"2024-08-09T22:37:35+00:00\" \/>\n<meta property=\"og:image\" content=\"https:\/\/360photoboothpro.eu\/wp-content\/uploads\/2023\/04\/backdrop-led-360-photobooth-enclosure-social.jpg\" \/>\n<meta name=\"twitter:card\" content=\"summary_large_image\" \/>\n<script type=\"application\/ld+json\" class=\"yoast-schema-graph\">{\"@context\":\"https:\/\/schema.org\",\"@graph\":[{\"@type\":\"WebPage\",\"@id\":\"https:\/\/360photoboothpro.eu\/hu\/termek\/burkolat-hatterdoboz-vezetett-vilagitassal-360-as-fotofulke-prohoz\/\",\"url\":\"https:\/\/360photoboothpro.eu\/hu\/termek\/burkolat-hatterdoboz-vezetett-vilagitassal-360-as-fotofulke-prohoz\/\",\"name\":\"Z\u00e1r\u00f3h\u00e1tt\u00e9r Led f\u00e9nyekkel a 360 Photo Booth PRO sz\u00e1m\u00e1ra - 360PhotoBoothPRO\",\"isPartOf\":{\"@id\":\"https:\/\/360photoboothpro.eu\/hu\/#website\"},\"primaryImageOfPage\":{\"@id\":\"https:\/\/360photoboothpro.eu\/hu\/termek\/burkolat-hatterdoboz-vezetett-vilagitassal-360-as-fotofulke-prohoz\/#primaryimage\"},\"image\":{\"@id\":\"https:\/\/360photoboothpro.eu\/hu\/termek\/burkolat-hatterdoboz-vezetett-vilagitassal-360-as-fotofulke-prohoz\/#primaryimage\"},\"thumbnailUrl\":\"https:\/\/360photoboothpro.eu\/wp-content\/uploads\/2023\/04\/enclosure-backdrop-with-led-lights-2.webp\",\"datePublished\":\"2023-04-12T04:44:23+00:00\",\"dateModified\":\"2024-08-09T22:37:35+00:00\",\"description\":\"Photo Booth PRO is an online store where you can buy quality Z\u00e1r\u00f3h\u00e1tt\u00e9r Led f\u00e9nyekkel a 360 Photo Booth PRO sz\u00e1m\u00e1ra at an affordable price. Buy now!\",\"breadcrumb\":{\"@id\":\"https:\/\/360photoboothpro.eu\/hu\/termek\/burkolat-hatterdoboz-vezetett-vilagitassal-360-as-fotofulke-prohoz\/#breadcrumb\"},\"inLanguage\":\"hu\",\"potentialAction\":[{\"@type\":\"ReadAction\",\"target\":[\"https:\/\/360photoboothpro.eu\/hu\/termek\/burkolat-hatterdoboz-vezetett-vilagitassal-360-as-fotofulke-prohoz\/\"]}]},{\"@type\":\"ImageObject\",\"inLanguage\":\"hu\",\"@id\":\"https:\/\/360photoboothpro.eu\/hu\/termek\/burkolat-hatterdoboz-vezetett-vilagitassal-360-as-fotofulke-prohoz\/#primaryimage\",\"url\":\"https:\/\/360photoboothpro.eu\/wp-content\/uploads\/2023\/04\/enclosure-backdrop-with-led-lights-2.webp\",\"contentUrl\":\"https:\/\/360photoboothpro.eu\/wp-content\/uploads\/2023\/04\/enclosure-backdrop-with-led-lights-2.webp\",\"width\":709,\"height\":709,\"caption\":\"enclosure backdrop with led lights for 360 photo booth platform\"},{\"@type\":\"BreadcrumbList\",\"@id\":\"https:\/\/360photoboothpro.eu\/hu\/termek\/burkolat-hatterdoboz-vezetett-vilagitassal-360-as-fotofulke-prohoz\/#breadcrumb\",\"itemListElement\":[{\"@type\":\"ListItem\",\"position\":1,\"name\":\"Home\",\"item\":\"https:\/\/360photoboothpro.eu\/hu\/\"},{\"@type\":\"ListItem\",\"position\":2,\"name\":\"Bolt\",\"item\":\"https:\/\/360photoboothpro.eu\/hu\/shop\/\"},{\"@type\":\"ListItem\",\"position\":3,\"name\":\"Z\u00e1r\u00f3h\u00e1tt\u00e9r Led f\u00e9nyekkel a 360 Photo Booth PRO sz\u00e1m\u00e1ra\"}]},{\"@type\":\"WebSite\",\"@id\":\"https:\/\/360photoboothpro.eu\/hu\/#website\",\"url\":\"https:\/\/360photoboothpro.eu\/hu\/\",\"name\":\"360PhotoBoothPRO\",\"description\":\"360PhotoBoothPRO\",\"publisher\":{\"@id\":\"https:\/\/360photoboothpro.eu\/hu\/#organization\"},\"potentialAction\":[{\"@type\":\"SearchAction\",\"target\":{\"@type\":\"EntryPoint\",\"urlTemplate\":\"https:\/\/360photoboothpro.eu\/hu\/?s={search_term_string}\"},\"query-input\":{\"@type\":\"PropertyValueSpecification\",\"valueRequired\":true,\"valueName\":\"search_term_string\"}}],\"inLanguage\":\"hu\"},{\"@type\":\"Organization\",\"@id\":\"https:\/\/360photoboothpro.eu\/hu\/#organization\",\"name\":\"360PhotoBoothPRO\",\"url\":\"https:\/\/360photoboothpro.eu\/hu\/\",\"logo\":{\"@type\":\"ImageObject\",\"inLanguage\":\"hu\",\"@id\":\"https:\/\/360photoboothpro.eu\/hu\/#\/schema\/logo\/image\/\",\"url\":\"https:\/\/360photoboothpro.eu\/wp-content\/uploads\/2023\/03\/logo-360photoboothpro-favicon.png\",\"contentUrl\":\"https:\/\/360photoboothpro.eu\/wp-content\/uploads\/2023\/03\/logo-360photoboothpro-favicon.png\",\"width\":317,\"height\":317,\"caption\":\"360PhotoBoothPRO\"},\"image\":{\"@id\":\"https:\/\/360photoboothpro.eu\/hu\/#\/schema\/logo\/image\/\"},\"sameAs\":[\"https:\/\/www.facebook.com\/360PhotoBoothPRO.Canada\/\"]}]}<\/script>\n<!-- \/ Yoast SEO plugin. -->","yoast_head_json":{"title":"Z\u00e1r\u00f3h\u00e1tt\u00e9r Led f\u00e9nyekkel a 360 Photo Booth PRO sz\u00e1m\u00e1ra - 360PhotoBoothPRO","description":"Photo Booth PRO is an online store where you can buy quality Z\u00e1r\u00f3h\u00e1tt\u00e9r Led f\u00e9nyekkel a 360 Photo Booth PRO sz\u00e1m\u00e1ra at an affordable price. Buy now!","robots":{"index":"index","follow":"follow","max-snippet":"max-snippet:-1","max-image-preview":"max-image-preview:large","max-video-preview":"max-video-preview:-1"},"canonical":"https:\/\/360photoboothpro.eu\/hu\/termek\/burkolat-hatterdoboz-vezetett-vilagitassal-360-as-fotofulke-prohoz\/","og_locale":"hu_HU","og_type":"article","og_title":"Z\u00e1r\u00f3h\u00e1tt\u00e9r Led f\u00e9nyekkel a 360 Photo Booth PRO sz\u00e1m\u00e1ra - 360PhotoBoothPRO","og_description":"Photo Booth PRO is an online store where you can buy quality Z\u00e1r\u00f3h\u00e1tt\u00e9r Led f\u00e9nyekkel a 360 Photo Booth PRO sz\u00e1m\u00e1ra at an affordable price. Buy now!","og_url":"https:\/\/360photoboothpro.eu\/hu\/termek\/burkolat-hatterdoboz-vezetett-vilagitassal-360-as-fotofulke-prohoz\/","og_site_name":"360PhotoBoothPRO","article_publisher":"https:\/\/www.facebook.com\/360PhotoBoothPRO.Canada\/","article_modified_time":"2024-08-09T22:37:35+00:00","og_image":[{"url":"https:\/\/360photoboothpro.eu\/wp-content\/uploads\/2023\/04\/backdrop-led-360-photobooth-enclosure-social.jpg"}],"twitter_card":"summary_large_image","schema":{"@context":"https:\/\/schema.org","@graph":[{"@type":"WebPage","@id":"https:\/\/360photoboothpro.eu\/hu\/termek\/burkolat-hatterdoboz-vezetett-vilagitassal-360-as-fotofulke-prohoz\/","url":"https:\/\/360photoboothpro.eu\/hu\/termek\/burkolat-hatterdoboz-vezetett-vilagitassal-360-as-fotofulke-prohoz\/","name":"Z\u00e1r\u00f3h\u00e1tt\u00e9r Led f\u00e9nyekkel a 360 Photo Booth PRO sz\u00e1m\u00e1ra - 360PhotoBoothPRO","isPartOf":{"@id":"https:\/\/360photoboothpro.eu\/hu\/#website"},"primaryImageOfPage":{"@id":"https:\/\/360photoboothpro.eu\/hu\/termek\/burkolat-hatterdoboz-vezetett-vilagitassal-360-as-fotofulke-prohoz\/#primaryimage"},"image":{"@id":"https:\/\/360photoboothpro.eu\/hu\/termek\/burkolat-hatterdoboz-vezetett-vilagitassal-360-as-fotofulke-prohoz\/#primaryimage"},"thumbnailUrl":"https:\/\/360photoboothpro.eu\/wp-content\/uploads\/2023\/04\/enclosure-backdrop-with-led-lights-2.webp","datePublished":"2023-04-12T04:44:23+00:00","dateModified":"2024-08-09T22:37:35+00:00","description":"Photo Booth PRO is an online store where you can buy quality Z\u00e1r\u00f3h\u00e1tt\u00e9r Led f\u00e9nyekkel a 360 Photo Booth PRO sz\u00e1m\u00e1ra at an affordable price. Buy now!","breadcrumb":{"@id":"https:\/\/360photoboothpro.eu\/hu\/termek\/burkolat-hatterdoboz-vezetett-vilagitassal-360-as-fotofulke-prohoz\/#breadcrumb"},"inLanguage":"hu","potentialAction":[{"@type":"ReadAction","target":["https:\/\/360photoboothpro.eu\/hu\/termek\/burkolat-hatterdoboz-vezetett-vilagitassal-360-as-fotofulke-prohoz\/"]}]},{"@type":"ImageObject","inLanguage":"hu","@id":"https:\/\/360photoboothpro.eu\/hu\/termek\/burkolat-hatterdoboz-vezetett-vilagitassal-360-as-fotofulke-prohoz\/#primaryimage","url":"https:\/\/360photoboothpro.eu\/wp-content\/uploads\/2023\/04\/enclosure-backdrop-with-led-lights-2.webp","contentUrl":"https:\/\/360photoboothpro.eu\/wp-content\/uploads\/2023\/04\/enclosure-backdrop-with-led-lights-2.webp","width":709,"height":709,"caption":"enclosure backdrop with led lights for 360 photo booth platform"},{"@type":"BreadcrumbList","@id":"https:\/\/360photoboothpro.eu\/hu\/termek\/burkolat-hatterdoboz-vezetett-vilagitassal-360-as-fotofulke-prohoz\/#breadcrumb","itemListElement":[{"@type":"ListItem","position":1,"name":"Home","item":"https:\/\/360photoboothpro.eu\/hu\/"},{"@type":"ListItem","position":2,"name":"Bolt","item":"https:\/\/360photoboothpro.eu\/hu\/shop\/"},{"@type":"ListItem","position":3,"name":"Z\u00e1r\u00f3h\u00e1tt\u00e9r Led f\u00e9nyekkel a 360 Photo Booth PRO sz\u00e1m\u00e1ra"}]},{"@type":"WebSite","@id":"https:\/\/360photoboothpro.eu\/hu\/#website","url":"https:\/\/360photoboothpro.eu\/hu\/","name":"360PhotoBoothPRO","description":"360PhotoBoothPRO","publisher":{"@id":"https:\/\/360photoboothpro.eu\/hu\/#organization"},"potentialAction":[{"@type":"SearchAction","target":{"@type":"EntryPoint","urlTemplate":"https:\/\/360photoboothpro.eu\/hu\/?s={search_term_string}"},"query-input":{"@type":"PropertyValueSpecification","valueRequired":true,"valueName":"search_term_string"}}],"inLanguage":"hu"},{"@type":"Organization","@id":"https:\/\/360photoboothpro.eu\/hu\/#organization","name":"360PhotoBoothPRO","url":"https:\/\/360photoboothpro.eu\/hu\/","logo":{"@type":"ImageObject","inLanguage":"hu","@id":"https:\/\/360photoboothpro.eu\/hu\/#\/schema\/logo\/image\/","url":"https:\/\/360photoboothpro.eu\/wp-content\/uploads\/2023\/03\/logo-360photoboothpro-favicon.png","contentUrl":"https:\/\/360photoboothpro.eu\/wp-content\/uploads\/2023\/03\/logo-360photoboothpro-favicon.png","width":317,"height":317,"caption":"360PhotoBoothPRO"},"image":{"@id":"https:\/\/360photoboothpro.eu\/hu\/#\/schema\/logo\/image\/"},"sameAs":["https:\/\/www.facebook.com\/360PhotoBoothPRO.Canada\/"]}]}},"_links":{"self":[{"href":"https:\/\/360photoboothpro.eu\/hu\/wp-json\/wp\/v2\/product\/8009"}],"collection":[{"href":"https:\/\/360photoboothpro.eu\/hu\/wp-json\/wp\/v2\/product"}],"about":[{"href":"https:\/\/360photoboothpro.eu\/hu\/wp-json\/wp\/v2\/types\/product"}],"replies":[{"embeddable":true,"href":"https:\/\/360photoboothpro.eu\/hu\/wp-json\/wp\/v2\/comments?post=8009"}],"wp:featuredmedia":[{"embeddable":true,"href":"https:\/\/360photoboothpro.eu\/hu\/wp-json\/wp\/v2\/media\/6979"}],"wp:attachment":[{"href":"https:\/\/360photoboothpro.eu\/hu\/wp-json\/wp\/v2\/media?parent=8009"}],"wp:term":[{"taxonomy":"product_cat","embeddable":true,"href":"https:\/\/360photoboothpro.eu\/hu\/wp-json\/wp\/v2\/product_cat?post=8009"},{"taxonomy":"product_tag","embeddable":true,"href":"https:\/\/360photoboothpro.eu\/hu\/wp-json\/wp\/v2\/product_tag?post=8009"}],"curies":[{"name":"wp","href":"https:\/\/api.w.org\/{rel}","templated":true}]}}