{"id":7525,"date":"2023-03-31T13:30:05","date_gmt":"2023-03-31T11:30:05","guid":{"rendered":"https:\/\/360photoboothpro.eu\/politica-di-spedizione\/"},"modified":"2023-12-18T18:29:07","modified_gmt":"2023-12-18T16:29:07","slug":"politica-di-spedizione","status":"publish","type":"page","link":"https:\/\/360photoboothpro.eu\/it\/politica-di-spedizione\/","title":{"rendered":"Politica di spedizione"},"content":{"rendered":"\t\t<div data-elementor-type=\"wp-page\" data-elementor-id=\"7525\" class=\"elementor elementor-7525 elementor-3800\" data-elementor-post-type=\"page\">\n\t\t\t\t\t\t<section class=\"elementor-section elementor-top-section elementor-element elementor-element-1b28c9c elementor-section-boxed elementor-section-height-default elementor-section-height-default\" data-id=\"1b28c9c\" data-element_type=\"section\">\r\n\t\t\r\n\t\t\t\t\t\t\t<div class=\"elementor-container elementor-column-gap-default\">\r\n\t\t\t\t\t\t\t\t\t\t\t<div class=\"elementor-column elementor-col-100 elementor-top-column elementor-element elementor-element-26a6f6c\" data-id=\"26a6f6c\" data-element_type=\"column\">\r\n\t\t\t\t\t<div class=\"elementor-widget-wrap elementor-element-populated\">\r\n\t\t\t\t\t\t\t\t<div class=\"elementor-element elementor-element-cdc1e04 elementor-widget elementor-widget-heading\" data-id=\"cdc1e04\" data-element_type=\"widget\" data-widget_type=\"heading.default\">\n\t\t\t\t<div class=\"elementor-widget-container\">\n\t\t\t<h2 class=\"elementor-heading-title elementor-size-default\">POLITICA DI SPEDIZIONE<\/h2>\t\t<\/div>\n\t\t\t\t<\/div>\n\t\t\t\t\t<\/div>\r\n\t\t\t\t<\/div>\r\n\t\t\t\t\t<\/div>\r\n\t\t\t\t<\/section>\r\n\t\t\t\t<section class=\"elementor-section elementor-top-section elementor-element elementor-element-b382702 elementor-section-boxed elementor-section-height-default elementor-section-height-default\" data-id=\"b382702\" data-element_type=\"section\">\r\n\t\t\r\n\t\t\t\t\t\t\t<div class=\"elementor-container elementor-column-gap-default\">\r\n\t\t\t\t\t\t\t\t\t\t\t<div class=\"elementor-column elementor-col-50 elementor-top-column elementor-element elementor-element-c0a6b74\" data-id=\"c0a6b74\" data-element_type=\"column\">\r\n\t\t\t\t\t<div class=\"elementor-widget-wrap elementor-element-populated\">\r\n\t\t\t\t\t\t\t\t<div class=\"elementor-element elementor-element-40885d6 elementor-widget elementor-widget-text-editor\" data-id=\"40885d6\" data-element_type=\"widget\" data-widget_type=\"text-editor.default\">\n\t\t\t\t<div class=\"elementor-widget-container\">\n\t\t\t\t\t\t\t<h3><strong>La consegna \u00e8 gratuita in tutta Europa. Il termine di consegna \u00e8 di 5-7 giorni in tutta Europa.<\/strong><\/h3>\n<p>Consegniamo i prodotti con <a href=\"https:\/\/www.dhl.com\/\">DHL<\/a><\/p>\n<p>e si pu\u00f2 controllare lo stato di consegna facendo clic su <a href=\"https:\/\/www.mydhli.com\/global-en\/home\/tracking.html\" rel=\"nofollow\">HEAR: https:\/\/www.mydhli.com\/global-en\/home\/tracking.html.<\/a><\/p>\n<p>Il cliente ha l&#8217;onere di verificare l&#8217;integrit\u00e0 del prodotto al momento del ricevimento del pacco e, entro 48 ore dal ricevimento, ha l&#8217;obbligo di comunicarlo per iscritto a NOVO BEST CONCEPT TEAM SRL tramite una e-mail corredata da foto dimostrative dei difetti riscontrati, a questo indirizzo: <a href=\"mailto:contact@360photoboothpro.eu\">contact@360photoboothpro.eu.<\/a> Allo stesso tempo, se al momento della consegna del prodotto vengono segnalati danni rilevanti all&#8217;imballaggio del prodotto, il cliente deve redigere un rapporto di danno\/perdita o di danneggiamento insieme all&#8217;agente del corriere e conservarne una copia. Per i prodotti consegnati all&#8217;indirizzo indicato nell&#8217;ordine e successivamente trasportati dal cliente ad un altro indirizzo, non ci assumiamo la responsabilit\u00e0 dell&#8217;integrit\u00e0 del trasporto del rispettivo prodotto!<\/p>\n<p>Al momento della consegna su AWB vengono segnalati possibili problemi relativi all&#8217;integrit\u00e0\/contenuto di alcuni pacchi o viene redatto un verbale di constatazione, la ricezione e il pagamento del pacco vengono rifiutati. Qualsiasi reclamo successivo relativo a questi aspetti \u00e8 nullo.<\/p>\t\t\t\t\t\t<\/div>\n\t\t\t\t<\/div>\n\t\t\t\t\t<\/div>\r\n\t\t\t\t<\/div>\r\n\t\t\t\t<div class=\"elementor-column elementor-col-50 elementor-top-column elementor-element elementor-element-7bbb91b\" data-id=\"7bbb91b\" data-element_type=\"column\">\r\n\t\t\t\t\t<div class=\"elementor-widget-wrap elementor-element-populated\">\r\n\t\t\t\t\t\t\t\t<div class=\"elementor-element elementor-element-2e4d68c elementor-widget elementor-widget-text-editor\" data-id=\"2e4d68c\" data-element_type=\"widget\" data-widget_type=\"text-editor.default\">\n\t\t\t\t<div class=\"elementor-widget-container\">\n\t\t\t\t\t\t\t<p class=\"tw-data-text tw-text-large tw-ta\" dir=\"ltr\" data-placeholder=\"Traducere\"><span class=\"Y2IQFc\" lang=\"en\">Potrebbero anche esserci eccezioni di consegna entro il termine di consegna standard, per gli ordini pagati con bonifico bancario o ordine di pagamento, per i quali la transazione bancaria potrebbe richiedere tempi di elaborazione di ciascuna banca; in questa situazione, l&#8217;ordine sar\u00e0 elaborato solo quando il denaro sar\u00e0 stato trasferito sul conto di NOVO BEST CONCEPT TEAM SRL.  <\/span><\/p>\n<p class=\"tw-data-text tw-text-large tw-ta\" dir=\"ltr\" data-placeholder=\"Traducere\"><span class=\"Y2IQFc\" lang=\"en\">Potrebbero verificarsi ritardi nella consegna a causa di condizioni meteorologiche sfavorevoli, strade impraticabili o altre cause legate all&#8217;evoluzione del tempo.<\/span><\/p>\n<p class=\"tw-data-text tw-text-large tw-ta\" dir=\"ltr\" data-placeholder=\"Traducere\"><span class=\"Y2IQFc\" lang=\"en\">Prima di ordinare un prodotto, verificate se \u00e8 disponibile in magazzino. I prodotti che non sono attualmente disponibili in magazzino non possono essere consegnati. I rispettivi ordini possono essere conservati per un periodo di un mese, su richiesta del cliente, e vengono consegnati quando sono nuovamente disponibili in magazzino. Se non possono essere onorati entro un mese, questi ordini saranno considerati annullati, senza ulteriore notifica. Se il cliente non specifica che questi ordini devono essere conservati, saranno considerati nulli.<\/span><\/p>\n\t\t\t\t\t\t<\/div>\n\t\t\t\t<\/div>\n\t\t\t\t\t<\/div>\r\n\t\t\t\t<\/div>\r\n\t\t\t\t\t<\/div>\r\n\t\t\t\t<\/section>\r\n\t\t\t\t<\/div>\n\t\t","protected":false},"excerpt":{"rendered":"<p>POLITICA DI SPEDIZIONE La consegna \u00e8 gratuita in tutta Europa. Il termine di consegna \u00e8 di 5-7 giorni in tutta Europa. Consegniamo i prodotti con DHL e si pu\u00f2 controllare lo stato di consegna facendo clic su HEAR: https:\/\/www.mydhli.com\/global-en\/home\/tracking.html. Il cliente ha l&#8217;onere di verificare l&#8217;integrit\u00e0 del prodotto al momento del ricevimento del pacco e, [&hellip;]<\/p>\n","protected":false},"author":1,"featured_media":0,"parent":0,"menu_order":0,"comment_status":"closed","ping_status":"closed","template":"elementor_header_footer","meta":{"_acf_changed":false,"footnotes":""},"class_list":["post-7525","page","type-page","status-publish","hentry"],"acf":[],"yoast_head":"<!-- This site is optimized with the Yoast SEO plugin v23.5 - https:\/\/yoast.com\/wordpress\/plugins\/seo\/ -->\n<title>Politica di spedizione - 360PhotoBoothPRO<\/title>\n<meta name=\"description\" content=\"Scopri la spedizione affidabile di 360 Photo Booth Pro. Consegna puntuale e opzioni internazionali per la vostra convenienza. Provate l&#039;esperienza di uno shopping senza soluzione di continuit\u00e0.\" \/>\n<meta name=\"robots\" content=\"index, follow, max-snippet:-1, max-image-preview:large, max-video-preview:-1\" \/>\n<link rel=\"canonical\" href=\"https:\/\/360photoboothpro.eu\/it\/politica-di-spedizione\/\" \/>\n<meta property=\"og:locale\" content=\"it_IT\" \/>\n<meta property=\"og:type\" content=\"article\" \/>\n<meta property=\"og:title\" content=\"Politica di spedizione - 360PhotoBoothPRO\" \/>\n<meta property=\"og:description\" content=\"Scopri la spedizione affidabile di 360 Photo Booth Pro. Consegna puntuale e opzioni internazionali per la vostra convenienza. Provate l&#039;esperienza di uno shopping senza soluzione di continuit\u00e0.\" \/>\n<meta property=\"og:url\" content=\"https:\/\/360photoboothpro.eu\/it\/politica-di-spedizione\/\" \/>\n<meta property=\"og:site_name\" content=\"360PhotoBoothPRO\" \/>\n<meta property=\"article:publisher\" content=\"https:\/\/www.facebook.com\/360PhotoBoothPRO.Canada\/\" \/>\n<meta property=\"article:modified_time\" content=\"2023-12-18T16:29:07+00:00\" \/>\n<meta name=\"twitter:card\" content=\"summary_large_image\" \/>\n<meta name=\"twitter:label1\" content=\"Tempo di lettura stimato\" \/>\n\t<meta name=\"twitter:data1\" content=\"2 minuti\" \/>\n<script type=\"application\/ld+json\" class=\"yoast-schema-graph\">{\"@context\":\"https:\/\/schema.org\",\"@graph\":[{\"@type\":\"WebPage\",\"@id\":\"https:\/\/360photoboothpro.eu\/it\/politica-di-spedizione\/\",\"url\":\"https:\/\/360photoboothpro.eu\/it\/politica-di-spedizione\/\",\"name\":\"Politica di spedizione - 360PhotoBoothPRO\",\"isPartOf\":{\"@id\":\"https:\/\/360photoboothpro.eu\/it\/#website\"},\"datePublished\":\"2023-03-31T11:30:05+00:00\",\"dateModified\":\"2023-12-18T16:29:07+00:00\",\"description\":\"Scopri la spedizione affidabile di 360 Photo Booth Pro. Consegna puntuale e opzioni internazionali per la vostra convenienza. Provate l'esperienza di uno shopping senza soluzione di continuit\u00e0.\",\"breadcrumb\":{\"@id\":\"https:\/\/360photoboothpro.eu\/it\/politica-di-spedizione\/#breadcrumb\"},\"inLanguage\":\"it-IT\",\"potentialAction\":[{\"@type\":\"ReadAction\",\"target\":[\"https:\/\/360photoboothpro.eu\/it\/politica-di-spedizione\/\"]}]},{\"@type\":\"BreadcrumbList\",\"@id\":\"https:\/\/360photoboothpro.eu\/it\/politica-di-spedizione\/#breadcrumb\",\"itemListElement\":[{\"@type\":\"ListItem\",\"position\":1,\"name\":\"Home\",\"item\":\"https:\/\/360photoboothpro.eu\/it\/\"},{\"@type\":\"ListItem\",\"position\":2,\"name\":\"Politica di spedizione\"}]},{\"@type\":\"WebSite\",\"@id\":\"https:\/\/360photoboothpro.eu\/it\/#website\",\"url\":\"https:\/\/360photoboothpro.eu\/it\/\",\"name\":\"360PhotoBoothPRO\",\"description\":\"360PhotoBoothPRO\",\"publisher\":{\"@id\":\"https:\/\/360photoboothpro.eu\/it\/#organization\"},\"potentialAction\":[{\"@type\":\"SearchAction\",\"target\":{\"@type\":\"EntryPoint\",\"urlTemplate\":\"https:\/\/360photoboothpro.eu\/it\/?s={search_term_string}\"},\"query-input\":{\"@type\":\"PropertyValueSpecification\",\"valueRequired\":true,\"valueName\":\"search_term_string\"}}],\"inLanguage\":\"it-IT\"},{\"@type\":\"Organization\",\"@id\":\"https:\/\/360photoboothpro.eu\/it\/#organization\",\"name\":\"360PhotoBoothPRO\",\"url\":\"https:\/\/360photoboothpro.eu\/it\/\",\"logo\":{\"@type\":\"ImageObject\",\"inLanguage\":\"it-IT\",\"@id\":\"https:\/\/360photoboothpro.eu\/it\/#\/schema\/logo\/image\/\",\"url\":\"https:\/\/360photoboothpro.eu\/wp-content\/uploads\/2023\/03\/logo-360photoboothpro-favicon.png\",\"contentUrl\":\"https:\/\/360photoboothpro.eu\/wp-content\/uploads\/2023\/03\/logo-360photoboothpro-favicon.png\",\"width\":317,\"height\":317,\"caption\":\"360PhotoBoothPRO\"},\"image\":{\"@id\":\"https:\/\/360photoboothpro.eu\/it\/#\/schema\/logo\/image\/\"},\"sameAs\":[\"https:\/\/www.facebook.com\/360PhotoBoothPRO.Canada\/\"]}]}<\/script>\n<!-- \/ Yoast SEO plugin. -->","yoast_head_json":{"title":"Politica di spedizione - 360PhotoBoothPRO","description":"Scopri la spedizione affidabile di 360 Photo Booth Pro. Consegna puntuale e opzioni internazionali per la vostra convenienza. Provate l'esperienza di uno shopping senza soluzione di continuit\u00e0.","robots":{"index":"index","follow":"follow","max-snippet":"max-snippet:-1","max-image-preview":"max-image-preview:large","max-video-preview":"max-video-preview:-1"},"canonical":"https:\/\/360photoboothpro.eu\/it\/politica-di-spedizione\/","og_locale":"it_IT","og_type":"article","og_title":"Politica di spedizione - 360PhotoBoothPRO","og_description":"Scopri la spedizione affidabile di 360 Photo Booth Pro. Consegna puntuale e opzioni internazionali per la vostra convenienza. Provate l'esperienza di uno shopping senza soluzione di continuit\u00e0.","og_url":"https:\/\/360photoboothpro.eu\/it\/politica-di-spedizione\/","og_site_name":"360PhotoBoothPRO","article_publisher":"https:\/\/www.facebook.com\/360PhotoBoothPRO.Canada\/","article_modified_time":"2023-12-18T16:29:07+00:00","twitter_card":"summary_large_image","twitter_misc":{"Tempo di lettura stimato":"2 minuti"},"schema":{"@context":"https:\/\/schema.org","@graph":[{"@type":"WebPage","@id":"https:\/\/360photoboothpro.eu\/it\/politica-di-spedizione\/","url":"https:\/\/360photoboothpro.eu\/it\/politica-di-spedizione\/","name":"Politica di spedizione - 360PhotoBoothPRO","isPartOf":{"@id":"https:\/\/360photoboothpro.eu\/it\/#website"},"datePublished":"2023-03-31T11:30:05+00:00","dateModified":"2023-12-18T16:29:07+00:00","description":"Scopri la spedizione affidabile di 360 Photo Booth Pro. Consegna puntuale e opzioni internazionali per la vostra convenienza. Provate l'esperienza di uno shopping senza soluzione di continuit\u00e0.","breadcrumb":{"@id":"https:\/\/360photoboothpro.eu\/it\/politica-di-spedizione\/#breadcrumb"},"inLanguage":"it-IT","potentialAction":[{"@type":"ReadAction","target":["https:\/\/360photoboothpro.eu\/it\/politica-di-spedizione\/"]}]},{"@type":"BreadcrumbList","@id":"https:\/\/360photoboothpro.eu\/it\/politica-di-spedizione\/#breadcrumb","itemListElement":[{"@type":"ListItem","position":1,"name":"Home","item":"https:\/\/360photoboothpro.eu\/it\/"},{"@type":"ListItem","position":2,"name":"Politica di spedizione"}]},{"@type":"WebSite","@id":"https:\/\/360photoboothpro.eu\/it\/#website","url":"https:\/\/360photoboothpro.eu\/it\/","name":"360PhotoBoothPRO","description":"360PhotoBoothPRO","publisher":{"@id":"https:\/\/360photoboothpro.eu\/it\/#organization"},"potentialAction":[{"@type":"SearchAction","target":{"@type":"EntryPoint","urlTemplate":"https:\/\/360photoboothpro.eu\/it\/?s={search_term_string}"},"query-input":{"@type":"PropertyValueSpecification","valueRequired":true,"valueName":"search_term_string"}}],"inLanguage":"it-IT"},{"@type":"Organization","@id":"https:\/\/360photoboothpro.eu\/it\/#organization","name":"360PhotoBoothPRO","url":"https:\/\/360photoboothpro.eu\/it\/","logo":{"@type":"ImageObject","inLanguage":"it-IT","@id":"https:\/\/360photoboothpro.eu\/it\/#\/schema\/logo\/image\/","url":"https:\/\/360photoboothpro.eu\/wp-content\/uploads\/2023\/03\/logo-360photoboothpro-favicon.png","contentUrl":"https:\/\/360photoboothpro.eu\/wp-content\/uploads\/2023\/03\/logo-360photoboothpro-favicon.png","width":317,"height":317,"caption":"360PhotoBoothPRO"},"image":{"@id":"https:\/\/360photoboothpro.eu\/it\/#\/schema\/logo\/image\/"},"sameAs":["https:\/\/www.facebook.com\/360PhotoBoothPRO.Canada\/"]}]}},"_links":{"self":[{"href":"https:\/\/360photoboothpro.eu\/it\/wp-json\/wp\/v2\/pages\/7525"}],"collection":[{"href":"https:\/\/360photoboothpro.eu\/it\/wp-json\/wp\/v2\/pages"}],"about":[{"href":"https:\/\/360photoboothpro.eu\/it\/wp-json\/wp\/v2\/types\/page"}],"author":[{"embeddable":true,"href":"https:\/\/360photoboothpro.eu\/it\/wp-json\/wp\/v2\/users\/1"}],"replies":[{"embeddable":true,"href":"https:\/\/360photoboothpro.eu\/it\/wp-json\/wp\/v2\/comments?post=7525"}],"version-history":[{"count":6,"href":"https:\/\/360photoboothpro.eu\/it\/wp-json\/wp\/v2\/pages\/7525\/revisions"}],"predecessor-version":[{"id":11097,"href":"https:\/\/360photoboothpro.eu\/it\/wp-json\/wp\/v2\/pages\/7525\/revisions\/11097"}],"wp:attachment":[{"href":"https:\/\/360photoboothpro.eu\/it\/wp-json\/wp\/v2\/media?parent=7525"}],"curies":[{"name":"wp","href":"https:\/\/api.w.org\/{rel}","templated":true}]}}