{"id":7608,"date":"2023-03-31T13:30:47","date_gmt":"2023-03-31T11:30:47","guid":{"rendered":"https:\/\/360photoboothpro.eu\/politica-di-restituzione-e-rimborso\/"},"modified":"2024-08-06T09:18:32","modified_gmt":"2024-08-06T07:18:32","slug":"politica-di-restituzione-e-rimborso","status":"publish","type":"page","link":"https:\/\/360photoboothpro.eu\/it\/politica-di-restituzione-e-rimborso\/","title":{"rendered":"Politica di restituzione e rimborso"},"content":{"rendered":"\t\t<div data-elementor-type=\"wp-page\" data-elementor-id=\"7608\" class=\"elementor elementor-7608 elementor-3802\" data-elementor-post-type=\"page\">\n\t\t\t\t\t\t<section class=\"elementor-section elementor-top-section elementor-element elementor-element-2178fa8 elementor-section-boxed elementor-section-height-default elementor-section-height-default\" data-id=\"2178fa8\" data-element_type=\"section\">\r\n\t\t\r\n\t\t\t\t\t\t\t<div class=\"elementor-container elementor-column-gap-default\">\r\n\t\t\t\t\t\t\t\t\t\t\t<div class=\"elementor-column elementor-col-100 elementor-top-column elementor-element elementor-element-61f3c36\" data-id=\"61f3c36\" data-element_type=\"column\">\r\n\t\t\t\t\t<div class=\"elementor-widget-wrap elementor-element-populated\">\r\n\t\t\t\t\t\t\t\t<div class=\"elementor-element elementor-element-fb8d3b0 elementor-widget elementor-widget-heading\" data-id=\"fb8d3b0\" data-element_type=\"widget\" data-widget_type=\"heading.default\">\n\t\t\t\t<div class=\"elementor-widget-container\">\n\t\t\t<h2 class=\"elementor-heading-title elementor-size-default\">POLITICA DEI RESI E DEI RIMBORSI<\/h2>\t\t<\/div>\n\t\t\t\t<\/div>\n\t\t\t\t\t<\/div>\r\n\t\t\t\t<\/div>\r\n\t\t\t\t\t<\/div>\r\n\t\t\t\t<\/section>\r\n\t\t\t\t<section class=\"elementor-section elementor-top-section elementor-element elementor-element-28581d1 elementor-section-boxed elementor-section-height-default elementor-section-height-default\" data-id=\"28581d1\" data-element_type=\"section\">\r\n\t\t\r\n\t\t\t\t\t\t\t<div class=\"elementor-container elementor-column-gap-default\">\r\n\t\t\t\t\t\t\t\t\t\t\t<div class=\"elementor-column elementor-col-50 elementor-top-column elementor-element elementor-element-2c90472\" data-id=\"2c90472\" data-element_type=\"column\">\r\n\t\t\t\t\t<div class=\"elementor-widget-wrap elementor-element-populated\">\r\n\t\t\t\t\t\t\t\t<div class=\"elementor-element elementor-element-7b74c01 elementor-widget elementor-widget-text-editor\" data-id=\"7b74c01\" data-element_type=\"widget\" data-widget_type=\"text-editor.default\">\n\t\t\t\t<div class=\"elementor-widget-container\">\n\t\t\t\t\t\t\t<p>Abbiamo una politica di restituzione di 14 giorni, il che significa che avete 14 giorni di tempo dopo aver ricevuto l&#8217;articolo per richiedere una restituzione.<\/p>\n<p>Accettiamo resi solo per prodotti non utilizzati o che potrebbero essere danneggiati durante il trasporto da noi a voi.<\/p>\n<p>Se desiderate restituire un prodotto inutilizzato (qualsiasi 360 Photo Booth Pro, qualsiasi accessorio o altro) acquistato dal nostro sito web, saremo lieti di fornirvi un rimborso o di aiutarvi a sostituire il prodotto con un modello diverso disponibile sul nostro sito web.<\/p>\n<p>Le spese di spedizione in caso di restituzione di un prodotto saranno a carico del cliente. Dopo averci informato di un reso, vi invieremo via e-mail le istruzioni su come e dove spedire il pacco.<\/p>\n<p>I prodotti sostitutivi sono soggetti a disponibilit\u00e0. Faremo del nostro meglio per adeguarci alle specifiche del prodotto acquistato in origine o per offrirvi un prodotto sostitutivo analogo.<\/p>\n<p>Per avviare una restituzione, si prega di compilare e inviare il modulo di restituzione in questa pagina o di inviarci un&#8217;e-mail all&#8217;indirizzo contact@360photoboothpro.eu.<\/p>\n<p>Se il reso viene accettato, vi invieremo le istruzioni su come e dove spedire il pacco. Gli articoli rispediti a noi senza aver prima richiesto un reso non saranno accettati.<\/p>\n<p>Potete sempre contattarci per qualsiasi domanda di restituzione all&#8217;indirizzo contact@360photoboothpro.eu.<\/p>\n<p><strong>DANNI E PROBLEMI<\/strong><\/p>\n<p>Si prega di ispezionare l&#8217;ordine al momento della ricezione e di contattarci entro le prime 72 ore dal ricevimento, se l&#8217;articolo \u00e8 difettoso, danneggiato o se si \u00e8 ricevuto un articolo sbagliato, in modo da poter valutare il problema e rimediare.<\/p>\n<p>In questo caso, potete inviarci un&#8217;e-mail all&#8217;indirizzo contact@photoboothpro.eu o chiamarci al numero (+40)761140547 tra le ore 09:00 &#8211; 17:00 dal luned\u00ec al venerd\u00ec.<\/p>\n<p>A vostra scelta, potete ricevere un rimborso completo entro un massimo di 5 giorni lavorativi dal ricevimento del prodotto da parte nostra, oppure possiamo inviarvi un altro prodotto con le stesse specifiche a costo zero per voi.<\/p>\n<p><strong>SCAMBI<\/strong><\/p>\n<p>Il modo pi\u00f9 rapido per assicurarsi di ottenere ci\u00f2 che si desidera \u00e8 quello di restituire l&#8217;articolo in possesso e, una volta accettato il reso, effettuare un acquisto separato per il nuovo articolo.<\/p>\n<p>Se si desidera sostituire un prodotto, seguire le istruzioni riportate in questa pagina. \u00c8 sufficiente informarci inviando un modulo di reso (il modulo di reso \u00e8 presente in questa pagina) o inviandoci un&#8217;e-mail all&#8217;indirizzo contact@360photoboothpro.eu.<\/p>\n<p><strong>RIMBORSI<\/strong><\/p>\n<p>Vi informeremo una volta ricevuto e ispezionato il vostro reso e vi comunicheremo se il rimborso \u00e8 stato approvato o meno. Se approvato, il rimborso verr\u00e0 effettuato automaticamente sul conto compilato nel modulo di reso, in un massimo di 5 giorni lavorativi. Ricordate che pu\u00f2 essere necessario un po&#8217; di tempo perch\u00e9 la banca o la societ\u00e0 di carte di credito elaborino e pubblichino il rimborso.<\/p>\n<p>L&#8217;importo del rimborso sar\u00e0 calcolato come &#8220;il totale dei prodotti meno una tassa di ripopolamento del 15%&#8221; per i prodotti restituiti.<\/p>\n\t\t\t\t\t\t<\/div>\n\t\t\t\t<\/div>\n\t\t\t\t\t<\/div>\r\n\t\t\t\t<\/div>\r\n\t\t\t\t<div class=\"elementor-column elementor-col-50 elementor-top-column elementor-element elementor-element-048a712\" data-id=\"048a712\" data-element_type=\"column\">\r\n\t\t\t\t\t<div class=\"elementor-widget-wrap elementor-element-populated\">\r\n\t\t\t\t\t\t\t\t<div class=\"elementor-element elementor-element-f57c798 elementor-widget elementor-widget-heading\" data-id=\"f57c798\" data-element_type=\"widget\" data-widget_type=\"heading.default\">\n\t\t\t\t<div class=\"elementor-widget-container\">\n\t\t\t<h2 class=\"elementor-heading-title elementor-size-default\">MODULO DI RESTITUZIONE<\/h2>\t\t<\/div>\n\t\t\t\t<\/div>\n\t\t\t\t<div class=\"elementor-element elementor-element-62bcc50 elementor-widget elementor-widget-shortcode\" data-id=\"62bcc50\" data-element_type=\"widget\" data-widget_type=\"shortcode.default\">\n\t\t\t\t<div class=\"elementor-widget-container\">\n\t\t\t\t\t<div class=\"elementor-shortcode\"><div class=\"wpforms-container wpforms-container-full\" id=\"wpforms-3837\"><form id=\"wpforms-form-3837\" class=\"wpforms-validate wpforms-form wpforms-ajax-form\" data-formid=\"3837\" method=\"post\" enctype=\"multipart\/form-data\" action=\"\/it\/wp-json\/wp\/v2\/pages\/7608\" data-token=\"367dc750bd3afbd50aa9cf64d2fea5c5\" data-token-time=\"1776299161\"><noscript class=\"wpforms-error-noscript\">Abilita JavaScript nel browser per completare questo modulo.<\/noscript><div class=\"wpforms-field-container\"><div id=\"wpforms-3837-field_1-container\" class=\"wpforms-field wpforms-field-text\" data-field-id=\"1\"><label class=\"wpforms-field-label\" for=\"wpforms-3837-field_1\">Customer name <span class=\"wpforms-required-label\">*<\/span><\/label><input type=\"text\" id=\"wpforms-3837-field_1\" class=\"wpforms-field-medium wpforms-field-required\" name=\"wpforms[fields][1]\" required><\/div><div id=\"wpforms-3837-field_2-container\" class=\"wpforms-field wpforms-field-text\" data-field-id=\"2\"><label class=\"wpforms-field-label\" for=\"wpforms-3837-field_2\">Customer phone number <span class=\"wpforms-required-label\">*<\/span><\/label><input type=\"text\" id=\"wpforms-3837-field_2\" class=\"wpforms-field-medium wpforms-field-required\" name=\"wpforms[fields][2]\" required><\/div><div id=\"wpforms-3837-field_3-container\" class=\"wpforms-field wpforms-field-email\" data-field-id=\"3\"><label class=\"wpforms-field-label\" for=\"wpforms-3837-field_3\">Email <span class=\"wpforms-required-label\">*<\/span><\/label><input type=\"email\" id=\"wpforms-3837-field_3\" class=\"wpforms-field-medium wpforms-field-required\" name=\"wpforms[fields][3]\" spellcheck=\"false\" required><\/div><div id=\"wpforms-3837-field_4-container\" class=\"wpforms-field wpforms-field-text\" data-field-id=\"4\"><label class=\"wpforms-field-label\" for=\"wpforms-3837-field_4\">Order number <span class=\"wpforms-required-label\">*<\/span><\/label><input type=\"text\" id=\"wpforms-3837-field_4\" class=\"wpforms-field-medium wpforms-field-required\" name=\"wpforms[fields][4]\" required><\/div><div id=\"wpforms-3837-field_5-container\" class=\"wpforms-field wpforms-field-text\" data-field-id=\"5\"><label class=\"wpforms-field-label\" for=\"wpforms-3837-field_5\">Your account number: (we will send your money back in this account) <span class=\"wpforms-required-label\">*<\/span><\/label><input type=\"text\" id=\"wpforms-3837-field_5\" class=\"wpforms-field-medium wpforms-field-required\" name=\"wpforms[fields][5]\" required><\/div><div id=\"wpforms-3837-field_6-container\" class=\"wpforms-field wpforms-field-text\" data-field-id=\"6\"><label class=\"wpforms-field-label\" for=\"wpforms-3837-field_6\">Bank: <span class=\"wpforms-required-label\">*<\/span><\/label><input type=\"text\" id=\"wpforms-3837-field_6\" class=\"wpforms-field-medium wpforms-field-required\" name=\"wpforms[fields][6]\" required><\/div><div id=\"wpforms-3837-field_7-container\" class=\"wpforms-field wpforms-field-text\" data-field-id=\"7\"><label class=\"wpforms-field-label\" for=\"wpforms-3837-field_7\">Account owner (must be the same as the client): <span class=\"wpforms-required-label\">*<\/span><\/label><input type=\"text\" id=\"wpforms-3837-field_7\" class=\"wpforms-field-medium wpforms-field-required\" name=\"wpforms[fields][7]\" required><\/div><\/div><!-- .wpforms-field-container --><div class=\"wpforms-submit-container\" ><input type=\"hidden\" name=\"wpforms[id]\" value=\"3837\"><input type=\"hidden\" name=\"page_title\" value=\"\"><input type=\"hidden\" name=\"page_url\" value=\"https:\/\/360photoboothpro.eu\/it\/wp-json\/wp\/v2\/pages\/7608\"><button type=\"submit\" name=\"wpforms[submit]\" id=\"wpforms-submit-3837\" class=\"wpforms-submit\" data-alt-text=\"Sending...\" data-submit-text=\"Submit\" aria-live=\"assertive\" value=\"wpforms-submit\">Submit<\/button><img decoding=\"async\" src=\"https:\/\/360photoboothpro.eu\/wp-content\/plugins\/wpforms-lite\/assets\/images\/submit-spin.svg\" class=\"wpforms-submit-spinner\" style=\"display: none;\" width=\"26\" height=\"26\" alt=\"Caricamento\"><\/div><\/form><\/div>  <!-- .wpforms-container --><\/div>\n\t\t\t\t<\/div>\n\t\t\t\t<\/div>\n\t\t\t\t\t<\/div>\r\n\t\t\t\t<\/div>\r\n\t\t\t\t\t<\/div>\r\n\t\t\t\t<\/section>\r\n\t\t\t\t<\/div>\n\t\t","protected":false},"excerpt":{"rendered":"<p>POLITICA DEI RESI E DEI RIMBORSI Abbiamo una politica di restituzione di 14 giorni, il che significa che avete 14 giorni di tempo dopo aver ricevuto l&#8217;articolo per richiedere una restituzione. Accettiamo resi solo per prodotti non utilizzati o che potrebbero essere danneggiati durante il trasporto da noi a voi. Se desiderate restituire un prodotto [&hellip;]<\/p>\n","protected":false},"author":1,"featured_media":0,"parent":0,"menu_order":0,"comment_status":"closed","ping_status":"closed","template":"elementor_header_footer","meta":{"_acf_changed":false,"footnotes":""},"class_list":["post-7608","page","type-page","status-publish","hentry"],"acf":[],"yoast_head":"<!-- This site is optimized with the Yoast SEO plugin v23.5 - https:\/\/yoast.com\/wordpress\/plugins\/seo\/ -->\n<title>Politica di restituzione e rimborso - 360PhotoBoothPRO<\/title>\n<meta name=\"description\" content=\"Scoprite la nostra politica di restituzione e rimborso senza problemi. La vostra soddisfazione \u00e8 la nostra priorit\u00e0. Affidatevi a 360 Photo Booth Pro per un&#039;esperienza di acquisto sicura.\" \/>\n<meta name=\"robots\" content=\"index, follow, max-snippet:-1, max-image-preview:large, max-video-preview:-1\" \/>\n<link rel=\"canonical\" href=\"https:\/\/360photoboothpro.eu\/it\/politica-di-restituzione-e-rimborso\/\" \/>\n<meta property=\"og:locale\" content=\"it_IT\" \/>\n<meta property=\"og:type\" content=\"article\" \/>\n<meta property=\"og:title\" content=\"Politica di restituzione e rimborso - 360PhotoBoothPRO\" \/>\n<meta property=\"og:description\" content=\"Scoprite la nostra politica di restituzione e rimborso senza problemi. La vostra soddisfazione \u00e8 la nostra priorit\u00e0. Affidatevi a 360 Photo Booth Pro per un&#039;esperienza di acquisto sicura.\" \/>\n<meta property=\"og:url\" content=\"https:\/\/360photoboothpro.eu\/it\/politica-di-restituzione-e-rimborso\/\" \/>\n<meta property=\"og:site_name\" content=\"360PhotoBoothPRO\" \/>\n<meta property=\"article:publisher\" content=\"https:\/\/www.facebook.com\/360PhotoBoothPRO.Canada\/\" \/>\n<meta property=\"article:modified_time\" content=\"2024-08-06T07:18:32+00:00\" \/>\n<meta name=\"twitter:card\" content=\"summary_large_image\" \/>\n<meta name=\"twitter:label1\" content=\"Tempo di lettura stimato\" \/>\n\t<meta name=\"twitter:data1\" content=\"2 minuti\" \/>\n<script type=\"application\/ld+json\" class=\"yoast-schema-graph\">{\"@context\":\"https:\/\/schema.org\",\"@graph\":[{\"@type\":\"WebPage\",\"@id\":\"https:\/\/360photoboothpro.eu\/it\/politica-di-restituzione-e-rimborso\/\",\"url\":\"https:\/\/360photoboothpro.eu\/it\/politica-di-restituzione-e-rimborso\/\",\"name\":\"Politica di restituzione e rimborso - 360PhotoBoothPRO\",\"isPartOf\":{\"@id\":\"https:\/\/360photoboothpro.eu\/it\/#website\"},\"datePublished\":\"2023-03-31T11:30:47+00:00\",\"dateModified\":\"2024-08-06T07:18:32+00:00\",\"description\":\"Scoprite la nostra politica di restituzione e rimborso senza problemi. La vostra soddisfazione \u00e8 la nostra priorit\u00e0. Affidatevi a 360 Photo Booth Pro per un'esperienza di acquisto sicura.\",\"breadcrumb\":{\"@id\":\"https:\/\/360photoboothpro.eu\/it\/politica-di-restituzione-e-rimborso\/#breadcrumb\"},\"inLanguage\":\"it-IT\",\"potentialAction\":[{\"@type\":\"ReadAction\",\"target\":[\"https:\/\/360photoboothpro.eu\/it\/politica-di-restituzione-e-rimborso\/\"]}]},{\"@type\":\"BreadcrumbList\",\"@id\":\"https:\/\/360photoboothpro.eu\/it\/politica-di-restituzione-e-rimborso\/#breadcrumb\",\"itemListElement\":[{\"@type\":\"ListItem\",\"position\":1,\"name\":\"Home\",\"item\":\"https:\/\/360photoboothpro.eu\/it\/\"},{\"@type\":\"ListItem\",\"position\":2,\"name\":\"Politica di restituzione e rimborso\"}]},{\"@type\":\"WebSite\",\"@id\":\"https:\/\/360photoboothpro.eu\/it\/#website\",\"url\":\"https:\/\/360photoboothpro.eu\/it\/\",\"name\":\"360PhotoBoothPRO\",\"description\":\"360PhotoBoothPRO\",\"publisher\":{\"@id\":\"https:\/\/360photoboothpro.eu\/it\/#organization\"},\"potentialAction\":[{\"@type\":\"SearchAction\",\"target\":{\"@type\":\"EntryPoint\",\"urlTemplate\":\"https:\/\/360photoboothpro.eu\/it\/?s={search_term_string}\"},\"query-input\":{\"@type\":\"PropertyValueSpecification\",\"valueRequired\":true,\"valueName\":\"search_term_string\"}}],\"inLanguage\":\"it-IT\"},{\"@type\":\"Organization\",\"@id\":\"https:\/\/360photoboothpro.eu\/it\/#organization\",\"name\":\"360PhotoBoothPRO\",\"url\":\"https:\/\/360photoboothpro.eu\/it\/\",\"logo\":{\"@type\":\"ImageObject\",\"inLanguage\":\"it-IT\",\"@id\":\"https:\/\/360photoboothpro.eu\/it\/#\/schema\/logo\/image\/\",\"url\":\"https:\/\/360photoboothpro.eu\/wp-content\/uploads\/2023\/03\/logo-360photoboothpro-favicon.png\",\"contentUrl\":\"https:\/\/360photoboothpro.eu\/wp-content\/uploads\/2023\/03\/logo-360photoboothpro-favicon.png\",\"width\":317,\"height\":317,\"caption\":\"360PhotoBoothPRO\"},\"image\":{\"@id\":\"https:\/\/360photoboothpro.eu\/it\/#\/schema\/logo\/image\/\"},\"sameAs\":[\"https:\/\/www.facebook.com\/360PhotoBoothPRO.Canada\/\"]}]}<\/script>\n<!-- \/ Yoast SEO plugin. -->","yoast_head_json":{"title":"Politica di restituzione e rimborso - 360PhotoBoothPRO","description":"Scoprite la nostra politica di restituzione e rimborso senza problemi. La vostra soddisfazione \u00e8 la nostra priorit\u00e0. Affidatevi a 360 Photo Booth Pro per un'esperienza di acquisto sicura.","robots":{"index":"index","follow":"follow","max-snippet":"max-snippet:-1","max-image-preview":"max-image-preview:large","max-video-preview":"max-video-preview:-1"},"canonical":"https:\/\/360photoboothpro.eu\/it\/politica-di-restituzione-e-rimborso\/","og_locale":"it_IT","og_type":"article","og_title":"Politica di restituzione e rimborso - 360PhotoBoothPRO","og_description":"Scoprite la nostra politica di restituzione e rimborso senza problemi. La vostra soddisfazione \u00e8 la nostra priorit\u00e0. Affidatevi a 360 Photo Booth Pro per un'esperienza di acquisto sicura.","og_url":"https:\/\/360photoboothpro.eu\/it\/politica-di-restituzione-e-rimborso\/","og_site_name":"360PhotoBoothPRO","article_publisher":"https:\/\/www.facebook.com\/360PhotoBoothPRO.Canada\/","article_modified_time":"2024-08-06T07:18:32+00:00","twitter_card":"summary_large_image","twitter_misc":{"Tempo di lettura stimato":"2 minuti"},"schema":{"@context":"https:\/\/schema.org","@graph":[{"@type":"WebPage","@id":"https:\/\/360photoboothpro.eu\/it\/politica-di-restituzione-e-rimborso\/","url":"https:\/\/360photoboothpro.eu\/it\/politica-di-restituzione-e-rimborso\/","name":"Politica di restituzione e rimborso - 360PhotoBoothPRO","isPartOf":{"@id":"https:\/\/360photoboothpro.eu\/it\/#website"},"datePublished":"2023-03-31T11:30:47+00:00","dateModified":"2024-08-06T07:18:32+00:00","description":"Scoprite la nostra politica di restituzione e rimborso senza problemi. La vostra soddisfazione \u00e8 la nostra priorit\u00e0. Affidatevi a 360 Photo Booth Pro per un'esperienza di acquisto sicura.","breadcrumb":{"@id":"https:\/\/360photoboothpro.eu\/it\/politica-di-restituzione-e-rimborso\/#breadcrumb"},"inLanguage":"it-IT","potentialAction":[{"@type":"ReadAction","target":["https:\/\/360photoboothpro.eu\/it\/politica-di-restituzione-e-rimborso\/"]}]},{"@type":"BreadcrumbList","@id":"https:\/\/360photoboothpro.eu\/it\/politica-di-restituzione-e-rimborso\/#breadcrumb","itemListElement":[{"@type":"ListItem","position":1,"name":"Home","item":"https:\/\/360photoboothpro.eu\/it\/"},{"@type":"ListItem","position":2,"name":"Politica di restituzione e rimborso"}]},{"@type":"WebSite","@id":"https:\/\/360photoboothpro.eu\/it\/#website","url":"https:\/\/360photoboothpro.eu\/it\/","name":"360PhotoBoothPRO","description":"360PhotoBoothPRO","publisher":{"@id":"https:\/\/360photoboothpro.eu\/it\/#organization"},"potentialAction":[{"@type":"SearchAction","target":{"@type":"EntryPoint","urlTemplate":"https:\/\/360photoboothpro.eu\/it\/?s={search_term_string}"},"query-input":{"@type":"PropertyValueSpecification","valueRequired":true,"valueName":"search_term_string"}}],"inLanguage":"it-IT"},{"@type":"Organization","@id":"https:\/\/360photoboothpro.eu\/it\/#organization","name":"360PhotoBoothPRO","url":"https:\/\/360photoboothpro.eu\/it\/","logo":{"@type":"ImageObject","inLanguage":"it-IT","@id":"https:\/\/360photoboothpro.eu\/it\/#\/schema\/logo\/image\/","url":"https:\/\/360photoboothpro.eu\/wp-content\/uploads\/2023\/03\/logo-360photoboothpro-favicon.png","contentUrl":"https:\/\/360photoboothpro.eu\/wp-content\/uploads\/2023\/03\/logo-360photoboothpro-favicon.png","width":317,"height":317,"caption":"360PhotoBoothPRO"},"image":{"@id":"https:\/\/360photoboothpro.eu\/it\/#\/schema\/logo\/image\/"},"sameAs":["https:\/\/www.facebook.com\/360PhotoBoothPRO.Canada\/"]}]}},"_links":{"self":[{"href":"https:\/\/360photoboothpro.eu\/it\/wp-json\/wp\/v2\/pages\/7608"}],"collection":[{"href":"https:\/\/360photoboothpro.eu\/it\/wp-json\/wp\/v2\/pages"}],"about":[{"href":"https:\/\/360photoboothpro.eu\/it\/wp-json\/wp\/v2\/types\/page"}],"author":[{"embeddable":true,"href":"https:\/\/360photoboothpro.eu\/it\/wp-json\/wp\/v2\/users\/1"}],"replies":[{"embeddable":true,"href":"https:\/\/360photoboothpro.eu\/it\/wp-json\/wp\/v2\/comments?post=7608"}],"version-history":[{"count":3,"href":"https:\/\/360photoboothpro.eu\/it\/wp-json\/wp\/v2\/pages\/7608\/revisions"}],"predecessor-version":[{"id":14512,"href":"https:\/\/360photoboothpro.eu\/it\/wp-json\/wp\/v2\/pages\/7608\/revisions\/14512"}],"wp:attachment":[{"href":"https:\/\/360photoboothpro.eu\/it\/wp-json\/wp\/v2\/media?parent=7608"}],"curies":[{"name":"wp","href":"https:\/\/api.w.org\/{rel}","templated":true}]}}