{"id":7699,"date":"2023-04-25T09:32:41","date_gmt":"2023-04-25T07:32:41","guid":{"rendered":"https:\/\/360photoboothpro.eu\/su-di-noi\/"},"modified":"2025-03-12T09:23:17","modified_gmt":"2025-03-12T07:23:17","slug":"su-di-noi","status":"publish","type":"page","link":"https:\/\/360photoboothpro.eu\/it\/su-di-noi\/","title":{"rendered":"Chi siamo"},"content":{"rendered":"\t\t<div data-elementor-type=\"wp-page\" data-elementor-id=\"7699\" class=\"elementor elementor-7699 elementor-4830\" data-elementor-post-type=\"page\">\n\t\t\t\t\t\t<section class=\"elementor-section elementor-top-section elementor-element elementor-element-247f217 elementor-section-boxed elementor-section-height-default elementor-section-height-default\" data-id=\"247f217\" data-element_type=\"section\">\r\n\t\t\r\n\t\t\t\t\t\t\t<div class=\"elementor-container elementor-column-gap-default\">\r\n\t\t\t\t\t\t\t\t\t\t\t<div class=\"elementor-column elementor-col-100 elementor-top-column elementor-element elementor-element-0705ce1\" data-id=\"0705ce1\" data-element_type=\"column\">\r\n\t\t\t\t\t<div class=\"elementor-widget-wrap elementor-element-populated\">\r\n\t\t\t\t\t\t\t\t<div class=\"elementor-element elementor-element-712c1a2 elementor-widget elementor-widget-porto_ultimate_heading\" data-id=\"712c1a2\" data-element_type=\"widget\" data-widget_type=\"porto_ultimate_heading.default\">\n\t\t\t\t<div class=\"elementor-widget-container\">\n\t\t\t<div class=\"porto-u-heading  porto-u-8812\"><div class=\"porto-u-main-heading\"><h2   >Chi siamo<\/h2><\/div><style>.porto-u-8812.porto-u-heading{text-align:center}<\/style><\/div>\t\t<\/div>\n\t\t\t\t<\/div>\n\t\t\t\t<div class=\"elementor-element elementor-element-6fbd8bb elementor-widget elementor-widget-text-editor\" data-id=\"6fbd8bb\" data-element_type=\"widget\" data-widget_type=\"text-editor.default\">\n\t\t\t\t<div class=\"elementor-widget-container\">\n\t\t\t\t\t\t\t<p>Abbiamo fondato questa societ\u00e0, NOVO BEST CONCEPT TEAM, con un&#8217;idea: offrire piattaforme 360 Photo Booth PRO al miglior prezzo possibile. Da quel momento, abbiamo fatto tutto il possibile per ottimizzare i costi in modo da potervi offrire i prodotti con il miglior rapporto qualit\u00e0-prezzo.<\/p>\n<p>Vogliamo creare opportunit\u00e0 economiche per oltre 25.000 aziende di tutto il mondo.&nbsp;<\/p>\n<p>La nostra azienda si trova a Bucuresti, Calea Mosilor, nr. 88, sc. F, ap. 82, Settore 3, Romania.  <\/p>\n<p>Siamo gli UNICI IN EUROPA a offrire piattaforme 360 Camera Booth con una GARANZIA DI 2 ANNI e la possibilit\u00e0 di ESTENDERE la garanzia fino a 3 ANNI, e finch\u00e9 \u00e8 in garanzia, ritiriamo GRATUITAMENTE il prodotto difettoso per portarlo in assistenza e sostituiamo la piattaforma durante la riparazione.<\/p>\n<p>Inoltre, siamo molto orgogliosi dei prodotti che offriamo. Controlliamo e testiamo ogni piattaforma 360VideoBooth PRO prima della consegna.<\/p>\n<p>Abbiamo iniziato questo bellissimo viaggio con negozi online in Canada e Romania.<\/p>\n<p>Cosa c&#8217;\u00e8 dopo? Vogliamo estendere i nostri servizi in tutto il mondo. Dopo il Canada e l&#8217;Europa, apriremo nuovi negozi nel Regno Unito, negli Stati Uniti e in Sud America.<\/p>\t\t\t\t\t\t<\/div>\n\t\t\t\t<\/div>\n\t\t\t\t\t<\/div>\r\n\t\t\t\t<\/div>\r\n\t\t\t\t\t<\/div>\r\n\t\t\t\t<\/section>\r\n\t\t\t\t<\/div>\n\t\t","protected":false},"excerpt":{"rendered":"<p>Chi siamo Abbiamo fondato questa societ\u00e0, NOVO BEST CONCEPT TEAM, con un&#8217;idea: offrire piattaforme 360 Photo Booth PRO al miglior prezzo possibile. Da quel momento, abbiamo fatto tutto il possibile per ottimizzare i costi in modo da potervi offrire i prodotti con il miglior rapporto qualit\u00e0-prezzo. Vogliamo creare opportunit\u00e0 economiche per oltre 25.000 aziende di [&hellip;]<\/p>\n","protected":false},"author":1,"featured_media":0,"parent":0,"menu_order":0,"comment_status":"closed","ping_status":"closed","template":"elementor_header_footer","meta":{"_acf_changed":false,"footnotes":""},"class_list":["post-7699","page","type-page","status-publish","hentry"],"acf":[],"yoast_head":"<!-- This site is optimized with the Yoast SEO plugin v23.5 - https:\/\/yoast.com\/wordpress\/plugins\/seo\/ -->\n<title>Chi siamo - 360PhotoBoothPRO<\/title>\n<meta name=\"description\" content=\"Scoprite la nostra storia su 360 Photo Booth Pro. Scoprite la nostra missione e il nostro impegno per soluzioni di photo booth di alta qualit\u00e0. Unitevi a noi per catturare i momenti.\" \/>\n<meta name=\"robots\" content=\"index, follow, max-snippet:-1, max-image-preview:large, max-video-preview:-1\" \/>\n<link rel=\"canonical\" href=\"https:\/\/360photoboothpro.eu\/it\/su-di-noi\/\" \/>\n<meta property=\"og:locale\" content=\"it_IT\" \/>\n<meta property=\"og:type\" content=\"article\" \/>\n<meta property=\"og:title\" content=\"Chi siamo - 360PhotoBoothPRO\" \/>\n<meta property=\"og:description\" content=\"Scoprite la nostra storia su 360 Photo Booth Pro. Scoprite la nostra missione e il nostro impegno per soluzioni di photo booth di alta qualit\u00e0. Unitevi a noi per catturare i momenti.\" \/>\n<meta property=\"og:url\" content=\"https:\/\/360photoboothpro.eu\/it\/su-di-noi\/\" \/>\n<meta property=\"og:site_name\" content=\"360PhotoBoothPRO\" \/>\n<meta property=\"article:publisher\" content=\"https:\/\/www.facebook.com\/360PhotoBoothPRO.Canada\/\" \/>\n<meta property=\"article:modified_time\" content=\"2025-03-12T07:23:17+00:00\" \/>\n<meta name=\"twitter:card\" content=\"summary_large_image\" \/>\n<meta name=\"twitter:label1\" content=\"Tempo di lettura stimato\" \/>\n\t<meta name=\"twitter:data1\" content=\"1 minuto\" \/>\n<script type=\"application\/ld+json\" class=\"yoast-schema-graph\">{\"@context\":\"https:\/\/schema.org\",\"@graph\":[{\"@type\":\"WebPage\",\"@id\":\"https:\/\/360photoboothpro.eu\/it\/su-di-noi\/\",\"url\":\"https:\/\/360photoboothpro.eu\/it\/su-di-noi\/\",\"name\":\"Chi siamo - 360PhotoBoothPRO\",\"isPartOf\":{\"@id\":\"https:\/\/360photoboothpro.eu\/it\/#website\"},\"datePublished\":\"2023-04-25T07:32:41+00:00\",\"dateModified\":\"2025-03-12T07:23:17+00:00\",\"description\":\"Scoprite la nostra storia su 360 Photo Booth Pro. Scoprite la nostra missione e il nostro impegno per soluzioni di photo booth di alta qualit\u00e0. Unitevi a noi per catturare i momenti.\",\"breadcrumb\":{\"@id\":\"https:\/\/360photoboothpro.eu\/it\/su-di-noi\/#breadcrumb\"},\"inLanguage\":\"it-IT\",\"potentialAction\":[{\"@type\":\"ReadAction\",\"target\":[\"https:\/\/360photoboothpro.eu\/it\/su-di-noi\/\"]}]},{\"@type\":\"BreadcrumbList\",\"@id\":\"https:\/\/360photoboothpro.eu\/it\/su-di-noi\/#breadcrumb\",\"itemListElement\":[{\"@type\":\"ListItem\",\"position\":1,\"name\":\"Home\",\"item\":\"https:\/\/360photoboothpro.eu\/it\/\"},{\"@type\":\"ListItem\",\"position\":2,\"name\":\"Chi siamo\"}]},{\"@type\":\"WebSite\",\"@id\":\"https:\/\/360photoboothpro.eu\/it\/#website\",\"url\":\"https:\/\/360photoboothpro.eu\/it\/\",\"name\":\"360PhotoBoothPRO\",\"description\":\"360PhotoBoothPRO\",\"publisher\":{\"@id\":\"https:\/\/360photoboothpro.eu\/it\/#organization\"},\"potentialAction\":[{\"@type\":\"SearchAction\",\"target\":{\"@type\":\"EntryPoint\",\"urlTemplate\":\"https:\/\/360photoboothpro.eu\/it\/?s={search_term_string}\"},\"query-input\":{\"@type\":\"PropertyValueSpecification\",\"valueRequired\":true,\"valueName\":\"search_term_string\"}}],\"inLanguage\":\"it-IT\"},{\"@type\":\"Organization\",\"@id\":\"https:\/\/360photoboothpro.eu\/it\/#organization\",\"name\":\"360PhotoBoothPRO\",\"url\":\"https:\/\/360photoboothpro.eu\/it\/\",\"logo\":{\"@type\":\"ImageObject\",\"inLanguage\":\"it-IT\",\"@id\":\"https:\/\/360photoboothpro.eu\/it\/#\/schema\/logo\/image\/\",\"url\":\"https:\/\/360photoboothpro.eu\/wp-content\/uploads\/2023\/03\/logo-360photoboothpro-favicon.png\",\"contentUrl\":\"https:\/\/360photoboothpro.eu\/wp-content\/uploads\/2023\/03\/logo-360photoboothpro-favicon.png\",\"width\":317,\"height\":317,\"caption\":\"360PhotoBoothPRO\"},\"image\":{\"@id\":\"https:\/\/360photoboothpro.eu\/it\/#\/schema\/logo\/image\/\"},\"sameAs\":[\"https:\/\/www.facebook.com\/360PhotoBoothPRO.Canada\/\"]}]}<\/script>\n<!-- \/ Yoast SEO plugin. -->","yoast_head_json":{"title":"Chi siamo - 360PhotoBoothPRO","description":"Scoprite la nostra storia su 360 Photo Booth Pro. Scoprite la nostra missione e il nostro impegno per soluzioni di photo booth di alta qualit\u00e0. Unitevi a noi per catturare i momenti.","robots":{"index":"index","follow":"follow","max-snippet":"max-snippet:-1","max-image-preview":"max-image-preview:large","max-video-preview":"max-video-preview:-1"},"canonical":"https:\/\/360photoboothpro.eu\/it\/su-di-noi\/","og_locale":"it_IT","og_type":"article","og_title":"Chi siamo - 360PhotoBoothPRO","og_description":"Scoprite la nostra storia su 360 Photo Booth Pro. Scoprite la nostra missione e il nostro impegno per soluzioni di photo booth di alta qualit\u00e0. Unitevi a noi per catturare i momenti.","og_url":"https:\/\/360photoboothpro.eu\/it\/su-di-noi\/","og_site_name":"360PhotoBoothPRO","article_publisher":"https:\/\/www.facebook.com\/360PhotoBoothPRO.Canada\/","article_modified_time":"2025-03-12T07:23:17+00:00","twitter_card":"summary_large_image","twitter_misc":{"Tempo di lettura stimato":"1 minuto"},"schema":{"@context":"https:\/\/schema.org","@graph":[{"@type":"WebPage","@id":"https:\/\/360photoboothpro.eu\/it\/su-di-noi\/","url":"https:\/\/360photoboothpro.eu\/it\/su-di-noi\/","name":"Chi siamo - 360PhotoBoothPRO","isPartOf":{"@id":"https:\/\/360photoboothpro.eu\/it\/#website"},"datePublished":"2023-04-25T07:32:41+00:00","dateModified":"2025-03-12T07:23:17+00:00","description":"Scoprite la nostra storia su 360 Photo Booth Pro. Scoprite la nostra missione e il nostro impegno per soluzioni di photo booth di alta qualit\u00e0. Unitevi a noi per catturare i momenti.","breadcrumb":{"@id":"https:\/\/360photoboothpro.eu\/it\/su-di-noi\/#breadcrumb"},"inLanguage":"it-IT","potentialAction":[{"@type":"ReadAction","target":["https:\/\/360photoboothpro.eu\/it\/su-di-noi\/"]}]},{"@type":"BreadcrumbList","@id":"https:\/\/360photoboothpro.eu\/it\/su-di-noi\/#breadcrumb","itemListElement":[{"@type":"ListItem","position":1,"name":"Home","item":"https:\/\/360photoboothpro.eu\/it\/"},{"@type":"ListItem","position":2,"name":"Chi siamo"}]},{"@type":"WebSite","@id":"https:\/\/360photoboothpro.eu\/it\/#website","url":"https:\/\/360photoboothpro.eu\/it\/","name":"360PhotoBoothPRO","description":"360PhotoBoothPRO","publisher":{"@id":"https:\/\/360photoboothpro.eu\/it\/#organization"},"potentialAction":[{"@type":"SearchAction","target":{"@type":"EntryPoint","urlTemplate":"https:\/\/360photoboothpro.eu\/it\/?s={search_term_string}"},"query-input":{"@type":"PropertyValueSpecification","valueRequired":true,"valueName":"search_term_string"}}],"inLanguage":"it-IT"},{"@type":"Organization","@id":"https:\/\/360photoboothpro.eu\/it\/#organization","name":"360PhotoBoothPRO","url":"https:\/\/360photoboothpro.eu\/it\/","logo":{"@type":"ImageObject","inLanguage":"it-IT","@id":"https:\/\/360photoboothpro.eu\/it\/#\/schema\/logo\/image\/","url":"https:\/\/360photoboothpro.eu\/wp-content\/uploads\/2023\/03\/logo-360photoboothpro-favicon.png","contentUrl":"https:\/\/360photoboothpro.eu\/wp-content\/uploads\/2023\/03\/logo-360photoboothpro-favicon.png","width":317,"height":317,"caption":"360PhotoBoothPRO"},"image":{"@id":"https:\/\/360photoboothpro.eu\/it\/#\/schema\/logo\/image\/"},"sameAs":["https:\/\/www.facebook.com\/360PhotoBoothPRO.Canada\/"]}]}},"_links":{"self":[{"href":"https:\/\/360photoboothpro.eu\/it\/wp-json\/wp\/v2\/pages\/7699"}],"collection":[{"href":"https:\/\/360photoboothpro.eu\/it\/wp-json\/wp\/v2\/pages"}],"about":[{"href":"https:\/\/360photoboothpro.eu\/it\/wp-json\/wp\/v2\/types\/page"}],"author":[{"embeddable":true,"href":"https:\/\/360photoboothpro.eu\/it\/wp-json\/wp\/v2\/users\/1"}],"replies":[{"embeddable":true,"href":"https:\/\/360photoboothpro.eu\/it\/wp-json\/wp\/v2\/comments?post=7699"}],"version-history":[{"count":10,"href":"https:\/\/360photoboothpro.eu\/it\/wp-json\/wp\/v2\/pages\/7699\/revisions"}],"predecessor-version":[{"id":14631,"href":"https:\/\/360photoboothpro.eu\/it\/wp-json\/wp\/v2\/pages\/7699\/revisions\/14631"}],"wp:attachment":[{"href":"https:\/\/360photoboothpro.eu\/it\/wp-json\/wp\/v2\/media?parent=7699"}],"curies":[{"name":"wp","href":"https:\/\/api.w.org\/{rel}","templated":true}]}}