{"id":12596,"date":"2024-02-14T14:51:44","date_gmt":"2024-02-14T12:51:44","guid":{"rendered":"https:\/\/360photoboothpro.eu\/?post_type=product&#038;p=12596"},"modified":"2024-12-01T13:15:56","modified_gmt":"2024-12-01T11:15:56","slug":"aggiornamento-al-pacchetto-full-plug-play","status":"publish","type":"product","link":"https:\/\/360photoboothpro.eu\/it\/prodotto\/aggiornamento-al-pacchetto-full-plug-play\/","title":{"rendered":"AGGIORNAMENTO al PACCHETTO PLUG &amp; PLAY COMPLETO"},"content":{"rendered":"<p>Questo UPGRADE pu\u00f2 essere acquistato SOLO INSIEME a una delle piattaforme 360 di questa categoria: <a href=\"https:\/\/360photoboothpro.eu\/it\/categoria-prodotto\/360-piattaforme-per-cabine-fotografiche\/\">Piattaforme 360 Photo Booth<\/a><\/p>\n<p>L&#8217;acquisto di questo UPGRADE comporta l&#8217;aggiunta di quanto segue alla piattaforma 360 Photo Booth:<\/p>\n<style>.elementor-8887 .elementor-element.elementor-element-6eb62ad .elementor-icon-list-items:not(.elementor-inline-items) .elementor-icon-list-item:not(:last-child){padding-bottom:calc(11px\/2);}.elementor-8887 .elementor-element.elementor-element-6eb62ad .elementor-icon-list-items:not(.elementor-inline-items) .elementor-icon-list-item:not(:first-child){margin-top:calc(11px\/2);}.elementor-8887 .elementor-element.elementor-element-6eb62ad .elementor-icon-list-items.elementor-inline-items .elementor-icon-list-item{margin-right:calc(11px\/2);margin-left:calc(11px\/2);}.elementor-8887 .elementor-element.elementor-element-6eb62ad .elementor-icon-list-items.elementor-inline-items{margin-right:calc(-11px\/2);margin-left:calc(-11px\/2);}body.rtl .elementor-8887 .elementor-element.elementor-element-6eb62ad .elementor-icon-list-items.elementor-inline-items .elementor-icon-list-item:after{left:calc(-11px\/2);}body:not(.rtl) .elementor-8887 .elementor-element.elementor-element-6eb62ad .elementor-icon-list-items.elementor-inline-items .elementor-icon-list-item:after{right:calc(-11px\/2);}.elementor-8887 .elementor-element.elementor-element-6eb62ad .elementor-icon-list-icon i{color:#61CE70;transition:color 0.3s;}.elementor-8887 .elementor-element.elementor-element-6eb62ad .elementor-icon-list-icon svg{fill:#61CE70;transition:fill 0.3s;}.elementor-8887 .elementor-element.elementor-element-6eb62ad .elementor-icon-list-item:hover .elementor-icon-list-icon i{color:#6EC1E4;}.elementor-8887 .elementor-element.elementor-element-6eb62ad .elementor-icon-list-item:hover .elementor-icon-list-icon svg{fill:#6EC1E4;}.elementor-8887 .elementor-element.elementor-element-6eb62ad{--e-icon-list-icon-size:29px;--icon-vertical-offset:0px;}.elementor-8887 .elementor-element.elementor-element-6eb62ad .elementor-icon-list-text{transition:color 0.3s;}<\/style><div class=\"porto-block elementor elementor-8887\" data-id=\"8887\">\t\t<section class=\"elementor-section elementor-top-section elementor-element elementor-element-7411f33 elementor-section-boxed elementor-section-height-default elementor-section-height-default\" data-id=\"7411f33\" data-element_type=\"section\">\r\n\t\t\r\n\t\t\t\t\t\t\t<div class=\"elementor-container elementor-column-gap-default\">\r\n\t\t\t\t\t\t\t\t\t\t\t<div class=\"elementor-column elementor-col-100 elementor-top-column elementor-element elementor-element-a632ad4\" data-id=\"a632ad4\" data-element_type=\"column\">\r\n\t\t\t\t\t<div class=\"elementor-widget-wrap elementor-element-populated\">\r\n\t\t\t\t\t\t\t\t<div class=\"elementor-element elementor-element-6eb62ad elementor-icon-list--layout-traditional elementor-list-item-link-full_width elementor-widget elementor-widget-icon-list\" data-id=\"6eb62ad\" data-element_type=\"widget\" data-widget_type=\"icon-list.default\">\n\t\t\t\t<div class=\"elementor-widget-container\">\n\t\t\t\t\t<ul class=\"elementor-icon-list-items\">\n\t\t\t\t\t\t\t<li class=\"elementor-icon-list-item\">\n\t\t\t\t\t\t\t\t\t\t\t<span class=\"elementor-icon-list-icon\">\n\t\t\t\t\t\t\t<i aria-hidden=\"true\" class=\"fas fa-check\"><\/i>\t\t\t\t\t\t<\/span>\n\t\t\t\t\t\t\t\t\t\t<span class=\"elementor-icon-list-text\">VIDEOCAMERA sportiva 4k GoPro 10 Black (puoi fare l'UPGRADE a GoPro 11 Black);<\/span>\n\t\t\t\t\t\t\t\t\t<\/li>\n\t\t\t\t\t\t\t\t<li class=\"elementor-icon-list-item\">\n\t\t\t\t\t\t\t\t\t\t\t<span class=\"elementor-icon-list-icon\">\n\t\t\t\t\t\t\t<i aria-hidden=\"true\" class=\"fas fa-check\"><\/i>\t\t\t\t\t\t<\/span>\n\t\t\t\t\t\t\t\t\t\t<span class=\"elementor-icon-list-text\">SCHEDA DI MEMORIA SanDisk Micro SD Hight Endurance, 128GB, Classe 10, COMPATIBILE con GoPro, che pu\u00f2 catturare video in Full HD e 4K. Questa scheda ha la classe di velocit\u00e0 UHS-I (Ultra Hight Speed-1), V30 (Video Speed Class 30), che garantisce che la velocit\u00e0 di scrittura non scenda sotto i 30 MB\/s (arriva fino a 40 MB\/s). La velocit\u00e0 di trasferimento in lettura pu\u00f2 raggiungere i 100 MB\/s. \u00c8 resistente agli urti, alle alte temperature e include un adattatore da microSD a SD con interruttore di protezione dalla scrittura, che consente di utilizzare questa scheda con i dispositivi compatibili con SD.<\/span>\n\t\t\t\t\t\t\t\t\t<\/li>\n\t\t\t\t\t\t\t\t<li class=\"elementor-icon-list-item\">\n\t\t\t\t\t\t\t\t\t\t\t<span class=\"elementor-icon-list-icon\">\n\t\t\t\t\t\t\t<i aria-hidden=\"true\" class=\"fas fa-check\"><\/i>\t\t\t\t\t\t<\/span>\n\t\t\t\t\t\t\t\t\t\t<span class=\"elementor-icon-list-text\">CONNESSIONE necessaria per il funzionamento della GoPro (CAVO DI ALIMENTAZIONE USB di tipo C, CARICATORE VELOCE, ADATTATORE WIRELESS SECONDARIO);<\/span>\n\t\t\t\t\t\t\t\t\t<\/li>\n\t\t\t\t\t\t\t\t<li class=\"elementor-icon-list-item\">\n\t\t\t\t\t\t\t\t\t\t\t<span class=\"elementor-icon-list-icon\">\n\t\t\t\t\t\t\t<i aria-hidden=\"true\" class=\"fas fa-check\"><\/i>\t\t\t\t\t\t<\/span>\n\t\t\t\t\t\t\t\t\t\t<span class=\"elementor-icon-list-text\">SOFTWARE \"toolsforgopro\";<\/span>\n\t\t\t\t\t\t\t\t\t<\/li>\n\t\t\t\t\t\t\t\t<li class=\"elementor-icon-list-item\">\n\t\t\t\t\t\t\t\t\t\t\t<span class=\"elementor-icon-list-icon\">\n\t\t\t\t\t\t\t<i aria-hidden=\"true\" class=\"fas fa-check\"><\/i>\t\t\t\t\t\t<\/span>\n\t\t\t\t\t\t\t\t\t\t<span class=\"elementor-icon-list-text\">sistema wireless mesh TP-LINK, necessario per inviare video senza accesso a internet;<\/span>\n\t\t\t\t\t\t\t\t\t<\/li>\n\t\t\t\t\t\t\t\t<li class=\"elementor-icon-list-item\">\n\t\t\t\t\t\t\t\t\t\t\t<span class=\"elementor-icon-list-icon\">\n\t\t\t\t\t\t\t<i aria-hidden=\"true\" class=\"fas fa-check\"><\/i>\t\t\t\t\t\t<\/span>\n\t\t\t\t\t\t\t\t\t\t<span class=\"elementor-icon-list-text\">2 X POWERBANK (BATTERIE con 2 porte USB di tipo A) da 10.000 mAh ciascuna (1 PRINCIPALE e 1 DI RISERVA) per alimentare la GoPRO e la LUCE ANELLO PROFESSIONALE<\/span>\n\t\t\t\t\t\t\t\t\t<\/li>\n\t\t\t\t\t\t\t\t<li class=\"elementor-icon-list-item\">\n\t\t\t\t\t\t\t\t\t\t\t<span class=\"elementor-icon-list-icon\">\n\t\t\t\t\t\t\t<i aria-hidden=\"true\" class=\"fas fa-check\"><\/i>\t\t\t\t\t\t<\/span>\n\t\t\t\t\t\t\t\t\t\t<span class=\"elementor-icon-list-text\">Video Booth 360 Professional SOFTWARE - INTERFACCIA IN LINGUA INGLESE, con LICENZA A VITA e AGGIORNAMENTI GRATUITI per 1 anno, in cui i video vengono renderizzati automaticamente, \u00e8 possibile inserire INTRO\/OUTRO, MUSICA DI SFONDO, TEMPLATE\/LAYOUT, innumerevoli EFFETTI GRAFICI (BIANCO E NERO, BLUR, ONDE, ecc.) e EFFETTI DINAMICI del tipo SLOW MOTION, FAST MOTION, ZOOM, BOOMERANG, QUAD, STACK con la possibilit\u00e0 di aggiungere una chiave di colore (GRIGIO, NERO E NERO).) ed EFFETTI DINAMICI del tipo SLOW MOTION, FAST MOTION, ZOOM, BOOMERANG, MIRROR, QUAD, STACK con la possibilit\u00e0 di aggiungere una chiave di colore (GRIGIO, SEPIA, ROSSO, VERDE, BLU). La loro transizione ha le seguenti varianti: CASUALE, INCROCIATA, DISSOLVENZA NERA, DISSOLVENZA BIANCA, SCORRIMENTO A SINISTRA, SCORRIMENTO A DESTRA, FETTA A SINISTRA, FETTA A DESTRA, PULIZIA RADIALE, TELECAMERA, PIXEL. Libreria di immagini e videoteca. Possibilit\u00e0 di utilizzare il GREENSCREEN e di aggiungere il LOGO ai video registrati. Puoi scegliere la durata della registrazione, la dimensione della videoclip, il frame rate, l'orientamento, il taglio, la qualit\u00e0 e il formato del file. \u00c8 inclusa la funzione SHARING STATION, che non richiede la connessione a Internet per gli ospiti che vogliono ricevere i video. Puoi COPIARE i FILE sulla chiavetta USB con i dettagli di Event Publisher e Event Viewer. Puoi anche copiare i file sul cloud storage attraverso la funzione \"Copia nelle cartelle\" e i dettagli del caricamento FTP. La licenza \u00e8 trasferibile in qualsiasi momento a un altro dispositivo. Funziona su Windows 7, 8, 8.1, 10 e 11.<\/span>\n\t\t\t\t\t\t\t\t\t<\/li>\n\t\t\t\t\t\t<\/ul>\n\t\t\t\t<\/div>\n\t\t\t\t<\/div>\n\t\t\t\t\t<\/div>\r\n\t\t\t\t<\/div>\r\n\t\t\t\t\t<\/div>\r\n\t\t\t\t<\/section>\r\n\t\t<\/div>\n<span class=\"Y2IQFc\" lang=\"en\">OSSERVAZIONE! Per eseguire il software \u00e8 necessario un computer portatile con configurazione minima: processore i5 con scheda video dedicata, 8 gb di RAM e disco rigido di tipo SSD, che si acquista separatamente (CONTATTACI PER I DETTAGLI).<\/span><\/p>\n","protected":false},"excerpt":{"rendered":"<p>Questo prodotto pu\u00f2 essere acquistato SOLO INSIEME a una delle piattaforme 360 di questa categoria: <a href=\"https:\/\/360photoboothpro.eu\/product-category\/360-video-booth-platforms\/\">Piattaforme 360 Photo Booth<\/a><\/p>\n","protected":false},"featured_media":14279,"comment_status":"open","ping_status":"closed","template":"","meta":{"_acf_changed":false},"product_cat":[454],"product_tag":[351,352,354,360,363,367,356,359,373,366,370,372],"class_list":{"0":"post-12596","1":"product","2":"type-product","3":"status-publish","4":"has-post-thumbnail","6":"product_cat-aggiornamenti-per-le-piattaforme-360","7":"product_tag-360-stand-it","8":"product_tag-cabina-360-in-vendita","9":"product_tag-cabina-con-telecamera-360","10":"product_tag-cabina-fotografica-360","11":"product_tag-cabina-fotografica-360-in-vendita","12":"product_tag-cabina-fotografica-360-spin","13":"product_tag-cabina-fotografica-a-360","14":"product_tag-cabina-fotografica-a-360-gradi","15":"product_tag-cabina-fotografica-rotante","16":"product_tag-cabina-selfie-360-it","17":"product_tag-cabina-video-360","18":"product_tag-cabina-video-360-in-vendita","20":"first","21":"instock","22":"taxable","23":"shipping-taxable","24":"purchasable","25":"product-type-simple"},"acf":[],"yoast_head":"<!-- This site is optimized with the Yoast SEO plugin v23.5 - https:\/\/yoast.com\/wordpress\/plugins\/seo\/ -->\n<title>AGGIORNAMENTO al PACCHETTO PLUG &amp; PLAY COMPLETO - 360PhotoBoothPRO<\/title>\n<meta name=\"description\" content=\"Photo Booth PRO is an online store where you can buy quality AGGIORNAMENTO al PACCHETTO PLUG &amp; PLAY COMPLETO at an affordable price. Buy now!\" \/>\n<meta name=\"robots\" content=\"index, follow, max-snippet:-1, max-image-preview:large, max-video-preview:-1\" \/>\n<link rel=\"canonical\" href=\"https:\/\/360photoboothpro.eu\/it\/prodotto\/aggiornamento-al-pacchetto-full-plug-play\/\" \/>\n<meta property=\"og:locale\" content=\"it_IT\" \/>\n<meta property=\"og:type\" content=\"article\" \/>\n<meta property=\"og:title\" content=\"AGGIORNAMENTO al PACCHETTO PLUG &amp; PLAY COMPLETO - 360PhotoBoothPRO\" \/>\n<meta property=\"og:description\" content=\"Photo Booth PRO is an online store where you can buy quality AGGIORNAMENTO al PACCHETTO PLUG &amp; PLAY COMPLETO at an affordable price. Buy now!\" \/>\n<meta property=\"og:url\" content=\"https:\/\/360photoboothpro.eu\/it\/prodotto\/aggiornamento-al-pacchetto-full-plug-play\/\" \/>\n<meta property=\"og:site_name\" content=\"360PhotoBoothPRO\" \/>\n<meta property=\"article:publisher\" content=\"https:\/\/www.facebook.com\/360PhotoBoothPRO.Canada\/\" \/>\n<meta property=\"article:modified_time\" content=\"2024-12-01T11:15:56+00:00\" \/>\n<meta property=\"og:image\" content=\"https:\/\/360photoboothpro.eu\/wp-content\/uploads\/2024\/02\/360-photo-booth-pro-full-plug-and-play-package-4.jpg\" \/>\n<meta name=\"twitter:card\" content=\"summary_large_image\" \/>\n<meta name=\"twitter:image\" content=\"https:\/\/360photoboothpro.eu\/wp-content\/uploads\/2024\/03\/360-video-booth-pro-pachet-full-plug-and-play-1.jpg\" \/>\n<meta name=\"twitter:label1\" content=\"Tempo di lettura stimato\" \/>\n\t<meta name=\"twitter:data1\" content=\"1 minuto\" \/>\n<script type=\"application\/ld+json\" class=\"yoast-schema-graph\">{\"@context\":\"https:\/\/schema.org\",\"@graph\":[{\"@type\":\"WebPage\",\"@id\":\"https:\/\/360photoboothpro.eu\/it\/prodotto\/aggiornamento-al-pacchetto-full-plug-play\/\",\"url\":\"https:\/\/360photoboothpro.eu\/it\/prodotto\/aggiornamento-al-pacchetto-full-plug-play\/\",\"name\":\"AGGIORNAMENTO al PACCHETTO PLUG &amp; PLAY COMPLETO - 360PhotoBoothPRO\",\"isPartOf\":{\"@id\":\"https:\/\/360photoboothpro.eu\/it\/#website\"},\"primaryImageOfPage\":{\"@id\":\"https:\/\/360photoboothpro.eu\/it\/prodotto\/aggiornamento-al-pacchetto-full-plug-play\/#primaryimage\"},\"image\":{\"@id\":\"https:\/\/360photoboothpro.eu\/it\/prodotto\/aggiornamento-al-pacchetto-full-plug-play\/#primaryimage\"},\"thumbnailUrl\":\"https:\/\/360photoboothpro.eu\/wp-content\/uploads\/2024\/02\/360-photobooth-upgrade-to-full-plug-and-play-package-2024.jpg\",\"datePublished\":\"2024-02-14T12:51:44+00:00\",\"dateModified\":\"2024-12-01T11:15:56+00:00\",\"description\":\"Photo Booth PRO is an online store where you can buy quality AGGIORNAMENTO al PACCHETTO PLUG &amp; PLAY COMPLETO at an affordable price. Buy now!\",\"breadcrumb\":{\"@id\":\"https:\/\/360photoboothpro.eu\/it\/prodotto\/aggiornamento-al-pacchetto-full-plug-play\/#breadcrumb\"},\"inLanguage\":\"it-IT\",\"potentialAction\":[{\"@type\":\"ReadAction\",\"target\":[\"https:\/\/360photoboothpro.eu\/it\/prodotto\/aggiornamento-al-pacchetto-full-plug-play\/\"]}]},{\"@type\":\"ImageObject\",\"inLanguage\":\"it-IT\",\"@id\":\"https:\/\/360photoboothpro.eu\/it\/prodotto\/aggiornamento-al-pacchetto-full-plug-play\/#primaryimage\",\"url\":\"https:\/\/360photoboothpro.eu\/wp-content\/uploads\/2024\/02\/360-photobooth-upgrade-to-full-plug-and-play-package-2024.jpg\",\"contentUrl\":\"https:\/\/360photoboothpro.eu\/wp-content\/uploads\/2024\/02\/360-photobooth-upgrade-to-full-plug-and-play-package-2024.jpg\",\"width\":2000,\"height\":2000,\"caption\":\"360 photobooth upgrade to full plug and play package\"},{\"@type\":\"BreadcrumbList\",\"@id\":\"https:\/\/360photoboothpro.eu\/it\/prodotto\/aggiornamento-al-pacchetto-full-plug-play\/#breadcrumb\",\"itemListElement\":[{\"@type\":\"ListItem\",\"position\":1,\"name\":\"Home\",\"item\":\"https:\/\/360photoboothpro.eu\/it\/\"},{\"@type\":\"ListItem\",\"position\":2,\"name\":\"Negozio\",\"item\":\"https:\/\/360photoboothpro.eu\/it\/negozio\/\"},{\"@type\":\"ListItem\",\"position\":3,\"name\":\"AGGIORNAMENTO al PACCHETTO PLUG &amp; PLAY COMPLETO\"}]},{\"@type\":\"WebSite\",\"@id\":\"https:\/\/360photoboothpro.eu\/it\/#website\",\"url\":\"https:\/\/360photoboothpro.eu\/it\/\",\"name\":\"360PhotoBoothPRO\",\"description\":\"360PhotoBoothPRO\",\"publisher\":{\"@id\":\"https:\/\/360photoboothpro.eu\/it\/#organization\"},\"potentialAction\":[{\"@type\":\"SearchAction\",\"target\":{\"@type\":\"EntryPoint\",\"urlTemplate\":\"https:\/\/360photoboothpro.eu\/it\/?s={search_term_string}\"},\"query-input\":{\"@type\":\"PropertyValueSpecification\",\"valueRequired\":true,\"valueName\":\"search_term_string\"}}],\"inLanguage\":\"it-IT\"},{\"@type\":\"Organization\",\"@id\":\"https:\/\/360photoboothpro.eu\/it\/#organization\",\"name\":\"360PhotoBoothPRO\",\"url\":\"https:\/\/360photoboothpro.eu\/it\/\",\"logo\":{\"@type\":\"ImageObject\",\"inLanguage\":\"it-IT\",\"@id\":\"https:\/\/360photoboothpro.eu\/it\/#\/schema\/logo\/image\/\",\"url\":\"https:\/\/360photoboothpro.eu\/wp-content\/uploads\/2023\/03\/logo-360photoboothpro-favicon.png\",\"contentUrl\":\"https:\/\/360photoboothpro.eu\/wp-content\/uploads\/2023\/03\/logo-360photoboothpro-favicon.png\",\"width\":317,\"height\":317,\"caption\":\"360PhotoBoothPRO\"},\"image\":{\"@id\":\"https:\/\/360photoboothpro.eu\/it\/#\/schema\/logo\/image\/\"},\"sameAs\":[\"https:\/\/www.facebook.com\/360PhotoBoothPRO.Canada\/\"]}]}<\/script>\n<!-- \/ Yoast SEO plugin. -->","yoast_head_json":{"title":"AGGIORNAMENTO al PACCHETTO PLUG &amp; PLAY COMPLETO - 360PhotoBoothPRO","description":"Photo Booth PRO is an online store where you can buy quality AGGIORNAMENTO al PACCHETTO PLUG &amp; PLAY COMPLETO at an affordable price. Buy now!","robots":{"index":"index","follow":"follow","max-snippet":"max-snippet:-1","max-image-preview":"max-image-preview:large","max-video-preview":"max-video-preview:-1"},"canonical":"https:\/\/360photoboothpro.eu\/it\/prodotto\/aggiornamento-al-pacchetto-full-plug-play\/","og_locale":"it_IT","og_type":"article","og_title":"AGGIORNAMENTO al PACCHETTO PLUG &amp; PLAY COMPLETO - 360PhotoBoothPRO","og_description":"Photo Booth PRO is an online store where you can buy quality AGGIORNAMENTO al PACCHETTO PLUG &amp; PLAY COMPLETO at an affordable price. Buy now!","og_url":"https:\/\/360photoboothpro.eu\/it\/prodotto\/aggiornamento-al-pacchetto-full-plug-play\/","og_site_name":"360PhotoBoothPRO","article_publisher":"https:\/\/www.facebook.com\/360PhotoBoothPRO.Canada\/","article_modified_time":"2024-12-01T11:15:56+00:00","og_image":[{"url":"https:\/\/360photoboothpro.eu\/wp-content\/uploads\/2024\/02\/360-photo-booth-pro-full-plug-and-play-package-4.jpg"}],"twitter_card":"summary_large_image","twitter_image":"https:\/\/360photoboothpro.eu\/wp-content\/uploads\/2024\/03\/360-video-booth-pro-pachet-full-plug-and-play-1.jpg","twitter_misc":{"Tempo di lettura stimato":"1 minuto"},"schema":{"@context":"https:\/\/schema.org","@graph":[{"@type":"WebPage","@id":"https:\/\/360photoboothpro.eu\/it\/prodotto\/aggiornamento-al-pacchetto-full-plug-play\/","url":"https:\/\/360photoboothpro.eu\/it\/prodotto\/aggiornamento-al-pacchetto-full-plug-play\/","name":"AGGIORNAMENTO al PACCHETTO PLUG &amp; PLAY COMPLETO - 360PhotoBoothPRO","isPartOf":{"@id":"https:\/\/360photoboothpro.eu\/it\/#website"},"primaryImageOfPage":{"@id":"https:\/\/360photoboothpro.eu\/it\/prodotto\/aggiornamento-al-pacchetto-full-plug-play\/#primaryimage"},"image":{"@id":"https:\/\/360photoboothpro.eu\/it\/prodotto\/aggiornamento-al-pacchetto-full-plug-play\/#primaryimage"},"thumbnailUrl":"https:\/\/360photoboothpro.eu\/wp-content\/uploads\/2024\/02\/360-photobooth-upgrade-to-full-plug-and-play-package-2024.jpg","datePublished":"2024-02-14T12:51:44+00:00","dateModified":"2024-12-01T11:15:56+00:00","description":"Photo Booth PRO is an online store where you can buy quality AGGIORNAMENTO al PACCHETTO PLUG &amp; PLAY COMPLETO at an affordable price. Buy now!","breadcrumb":{"@id":"https:\/\/360photoboothpro.eu\/it\/prodotto\/aggiornamento-al-pacchetto-full-plug-play\/#breadcrumb"},"inLanguage":"it-IT","potentialAction":[{"@type":"ReadAction","target":["https:\/\/360photoboothpro.eu\/it\/prodotto\/aggiornamento-al-pacchetto-full-plug-play\/"]}]},{"@type":"ImageObject","inLanguage":"it-IT","@id":"https:\/\/360photoboothpro.eu\/it\/prodotto\/aggiornamento-al-pacchetto-full-plug-play\/#primaryimage","url":"https:\/\/360photoboothpro.eu\/wp-content\/uploads\/2024\/02\/360-photobooth-upgrade-to-full-plug-and-play-package-2024.jpg","contentUrl":"https:\/\/360photoboothpro.eu\/wp-content\/uploads\/2024\/02\/360-photobooth-upgrade-to-full-plug-and-play-package-2024.jpg","width":2000,"height":2000,"caption":"360 photobooth upgrade to full plug and play package"},{"@type":"BreadcrumbList","@id":"https:\/\/360photoboothpro.eu\/it\/prodotto\/aggiornamento-al-pacchetto-full-plug-play\/#breadcrumb","itemListElement":[{"@type":"ListItem","position":1,"name":"Home","item":"https:\/\/360photoboothpro.eu\/it\/"},{"@type":"ListItem","position":2,"name":"Negozio","item":"https:\/\/360photoboothpro.eu\/it\/negozio\/"},{"@type":"ListItem","position":3,"name":"AGGIORNAMENTO al PACCHETTO PLUG &amp; PLAY COMPLETO"}]},{"@type":"WebSite","@id":"https:\/\/360photoboothpro.eu\/it\/#website","url":"https:\/\/360photoboothpro.eu\/it\/","name":"360PhotoBoothPRO","description":"360PhotoBoothPRO","publisher":{"@id":"https:\/\/360photoboothpro.eu\/it\/#organization"},"potentialAction":[{"@type":"SearchAction","target":{"@type":"EntryPoint","urlTemplate":"https:\/\/360photoboothpro.eu\/it\/?s={search_term_string}"},"query-input":{"@type":"PropertyValueSpecification","valueRequired":true,"valueName":"search_term_string"}}],"inLanguage":"it-IT"},{"@type":"Organization","@id":"https:\/\/360photoboothpro.eu\/it\/#organization","name":"360PhotoBoothPRO","url":"https:\/\/360photoboothpro.eu\/it\/","logo":{"@type":"ImageObject","inLanguage":"it-IT","@id":"https:\/\/360photoboothpro.eu\/it\/#\/schema\/logo\/image\/","url":"https:\/\/360photoboothpro.eu\/wp-content\/uploads\/2023\/03\/logo-360photoboothpro-favicon.png","contentUrl":"https:\/\/360photoboothpro.eu\/wp-content\/uploads\/2023\/03\/logo-360photoboothpro-favicon.png","width":317,"height":317,"caption":"360PhotoBoothPRO"},"image":{"@id":"https:\/\/360photoboothpro.eu\/it\/#\/schema\/logo\/image\/"},"sameAs":["https:\/\/www.facebook.com\/360PhotoBoothPRO.Canada\/"]}]}},"_links":{"self":[{"href":"https:\/\/360photoboothpro.eu\/it\/wp-json\/wp\/v2\/product\/12596"}],"collection":[{"href":"https:\/\/360photoboothpro.eu\/it\/wp-json\/wp\/v2\/product"}],"about":[{"href":"https:\/\/360photoboothpro.eu\/it\/wp-json\/wp\/v2\/types\/product"}],"replies":[{"embeddable":true,"href":"https:\/\/360photoboothpro.eu\/it\/wp-json\/wp\/v2\/comments?post=12596"}],"wp:featuredmedia":[{"embeddable":true,"href":"https:\/\/360photoboothpro.eu\/it\/wp-json\/wp\/v2\/media\/14279"}],"wp:attachment":[{"href":"https:\/\/360photoboothpro.eu\/it\/wp-json\/wp\/v2\/media?parent=12596"}],"wp:term":[{"taxonomy":"product_cat","embeddable":true,"href":"https:\/\/360photoboothpro.eu\/it\/wp-json\/wp\/v2\/product_cat?post=12596"},{"taxonomy":"product_tag","embeddable":true,"href":"https:\/\/360photoboothpro.eu\/it\/wp-json\/wp\/v2\/product_tag?post=12596"}],"curies":[{"name":"wp","href":"https:\/\/api.w.org\/{rel}","templated":true}]}}