{"id":8523,"date":"2023-04-11T12:58:56","date_gmt":"2023-04-11T10:58:56","guid":{"rendered":"https:\/\/360photoboothpro.eu\/product\/360-photo-booth-pro-100-cm-automatic-infinity-mirror-360-camera-booth-360-video-booth\/"},"modified":"2025-10-02T10:50:12","modified_gmt":"2025-10-02T08:50:12","slug":"360-photo-booth-pro-100-cm-automatic-infinity-mirror-360-camera-booth-360-video-booth","status":"publish","type":"product","link":"https:\/\/360photoboothpro.eu\/it\/prodotto\/360-photo-booth-pro-100-cm-automatic-infinity-mirror-360-camera-booth-360-video-booth\/","title":{"rendered":"360 Photo Booth PRO &#8211; Specchio Infinito AUTOMATICO da 100 cm (cabina con telecamera 360, cabina con video 360)"},"content":{"rendered":"<p id=\"tw-target-text\" class=\"tw-data-text tw-text-large tw-ta\" dir=\"ltr\" data-placeholder=\"Traducere\"><span class=\"Y2IQFc\" lang=\"en\">360 Photo Booth PRO 100cm in vendita (forniamo supporto tecnico per la messa in funzione).<\/span><\/p>\n<p><span class=\"Y2IQFc\" lang=\"en\">PIATTAFORMA STANDARD: la piattaforma 360 Photo Booth PRO: vedere la DESCRIZIONE dettagliata.<\/span><\/p>\n<p>&nbsp;<\/p>\n<p id=\"tw-target-text\" class=\"tw-data-text tw-text-large tw-ta\" dir=\"ltr\" data-placeholder=\"Traducere\"><span class=\"Y2IQFc\" lang=\"en\">NEL PACCHETTO &#8220;STANDARD&#8221;, 360 Photo Booth PRO &#8211; 100cm Automatic Infinity Mirror (DIAMETRO 100cm\/ CAPACIT\u00c0 1-6 PERSONE, massimo 450kg\/ PESO 58,2kg) CONTIENE:<\/span><\/p>\n<style>.elementor-7713 .elementor-element.elementor-element-b8e0d4b .elementor-icon-list-items:not(.elementor-inline-items) .elementor-icon-list-item:not(:last-child){padding-bottom:calc(10px\/2);}.elementor-7713 .elementor-element.elementor-element-b8e0d4b .elementor-icon-list-items:not(.elementor-inline-items) .elementor-icon-list-item:not(:first-child){margin-top:calc(10px\/2);}.elementor-7713 .elementor-element.elementor-element-b8e0d4b .elementor-icon-list-items.elementor-inline-items .elementor-icon-list-item{margin-right:calc(10px\/2);margin-left:calc(10px\/2);}.elementor-7713 .elementor-element.elementor-element-b8e0d4b .elementor-icon-list-items.elementor-inline-items{margin-right:calc(-10px\/2);margin-left:calc(-10px\/2);}body.rtl .elementor-7713 .elementor-element.elementor-element-b8e0d4b .elementor-icon-list-items.elementor-inline-items .elementor-icon-list-item:after{left:calc(-10px\/2);}body:not(.rtl) .elementor-7713 .elementor-element.elementor-element-b8e0d4b .elementor-icon-list-items.elementor-inline-items .elementor-icon-list-item:after{right:calc(-10px\/2);}.elementor-7713 .elementor-element.elementor-element-b8e0d4b .elementor-icon-list-icon i{color:#61CE70;transition:color 0.3s;}.elementor-7713 .elementor-element.elementor-element-b8e0d4b .elementor-icon-list-icon svg{fill:#61CE70;transition:fill 0.3s;}.elementor-7713 .elementor-element.elementor-element-b8e0d4b .elementor-icon-list-item:hover .elementor-icon-list-icon i{color:#6EC1E4;}.elementor-7713 .elementor-element.elementor-element-b8e0d4b .elementor-icon-list-item:hover .elementor-icon-list-icon svg{fill:#6EC1E4;}.elementor-7713 .elementor-element.elementor-element-b8e0d4b{--e-icon-list-icon-size:29px;--icon-vertical-offset:0px;}.elementor-7713 .elementor-element.elementor-element-b8e0d4b .elementor-icon-list-text{transition:color 0.3s;}<\/style><div class=\"porto-block elementor elementor-7713\" data-id=\"7713\">\t\t<section class=\"elementor-section elementor-top-section elementor-element elementor-element-11652cb elementor-section-boxed elementor-section-height-default elementor-section-height-default\" data-id=\"11652cb\" data-element_type=\"section\">\r\n\t\t\r\n\t\t\t\t\t\t\t<div class=\"elementor-container elementor-column-gap-default\">\r\n\t\t\t\t\t\t\t\t\t\t\t<div class=\"elementor-column elementor-col-100 elementor-top-column elementor-element elementor-element-d6a5b4c\" data-id=\"d6a5b4c\" data-element_type=\"column\">\r\n\t\t\t\t\t<div class=\"elementor-widget-wrap elementor-element-populated\">\r\n\t\t\t\t\t\t\t\t<div class=\"elementor-element elementor-element-b8e0d4b elementor-icon-list--layout-traditional elementor-list-item-link-full_width elementor-widget elementor-widget-icon-list\" data-id=\"b8e0d4b\" data-element_type=\"widget\" data-widget_type=\"icon-list.default\">\n\t\t\t\t<div class=\"elementor-widget-container\">\n\t\t\t\t\t<ul class=\"elementor-icon-list-items\">\n\t\t\t\t\t\t\t<li class=\"elementor-icon-list-item\">\n\t\t\t\t\t\t\t\t\t\t\t<span class=\"elementor-icon-list-icon\">\n\t\t\t\t\t\t\t<i aria-hidden=\"true\" class=\"fas fa-check\"><\/i>\t\t\t\t\t\t<\/span>\n\t\t\t\t\t\t\t\t\t\t<span class=\"elementor-icon-list-text\">PIATTAFORMA IN VETRO TEMPERATO di qualit\u00e0 superiore, di forma rotonda, ALTEZZA 16 cm, realizzata con la massima attenzione ai dettagli, essendo progettata al CAD e le parti componenti tagliate al laser e assemblate a mano. Tutti gli elementi elettronici sono incapsulati per garantire la protezione e la sicurezza del funzionamento. La struttura di resistenza della piattaforma \u00e8 costituita da profili metallici, che le conferiscono un'elevata resistenza al carico. La parte superiore \u00e8 in vetro temperato, molto resistente.<\/span>\n\t\t\t\t\t\t\t\t\t<\/li>\n\t\t\t\t\t\t\t\t<li class=\"elementor-icon-list-item\">\n\t\t\t\t\t\t\t\t\t\t\t<span class=\"elementor-icon-list-icon\">\n\t\t\t\t\t\t\t<i aria-hidden=\"true\" class=\"fas fa-check\"><\/i>\t\t\t\t\t\t<\/span>\n\t\t\t\t\t\t\t\t\t\t<span class=\"elementor-icon-list-text\">MOTORE METALLICO di tipo industriale con trasmissione a cinghia, dotato di sistema antisbandamento. Inoltre, il motore \u00e8 protetto dagli urti (nel caso in cui il braccio rotante urti un ostacolo).<\/span>\n\t\t\t\t\t\t\t\t\t<\/li>\n\t\t\t\t\t\t\t\t<li class=\"elementor-icon-list-item\">\n\t\t\t\t\t\t\t\t\t\t\t<span class=\"elementor-icon-list-icon\">\n\t\t\t\t\t\t\t<i aria-hidden=\"true\" class=\"fas fa-check\"><\/i>\t\t\t\t\t\t<\/span>\n\t\t\t\t\t\t\t\t\t\t<span class=\"elementor-icon-list-text\">Braccio rotante molto resistente, realizzato in profilati metallici, con telecomando (2 pezzi), dotato di avvio lento, velocit\u00e0 regolabile (5 passi di velocit\u00e0) e possibilit\u00e0 di cambiare il senso di rotazione. Inoltre, il braccio motorizzato \u00e8 regolabile in altezza (tra 130 e 190 cm) e ha un ANGOLO DI INCLINAZIONE REGOLABILE (tra 45 e 135 gradi). In questa versione regolabile, la piattaforma pu\u00f2 essere utilizzata sia da bambini che da adulti.<\/span>\n\t\t\t\t\t\t\t\t\t<\/li>\n\t\t\t\t\t\t\t\t<li class=\"elementor-icon-list-item\">\n\t\t\t\t\t\t\t\t\t\t\t<span class=\"elementor-icon-list-icon\">\n\t\t\t\t\t\t\t<i aria-hidden=\"true\" class=\"fas fa-check\"><\/i>\t\t\t\t\t\t<\/span>\n\t\t\t\t\t\t\t\t\t\t<span class=\"elementor-icon-list-text\">Supporto per la batteria;<\/span>\n\t\t\t\t\t\t\t\t\t<\/li>\n\t\t\t\t\t\t\t\t<li class=\"elementor-icon-list-item\">\n\t\t\t\t\t\t\t\t\t\t\t<span class=\"elementor-icon-list-icon\">\n\t\t\t\t\t\t\t<i aria-hidden=\"true\" class=\"fas fa-check\"><\/i>\t\t\t\t\t\t<\/span>\n\t\t\t\t\t\t\t\t\t\t<span class=\"elementor-icon-list-text\">iPhone +iPad +GoPro +DSLR SUPPORTO;<\/span>\n\t\t\t\t\t\t\t\t\t<\/li>\n\t\t\t\t\t\t\t\t<li class=\"elementor-icon-list-item\">\n\t\t\t\t\t\t\t\t\t\t\t<span class=\"elementor-icon-list-icon\">\n\t\t\t\t\t\t\t<i aria-hidden=\"true\" class=\"fas fa-check\"><\/i>\t\t\t\t\t\t<\/span>\n\t\t\t\t\t\t\t\t\t\t<span class=\"elementor-icon-list-text\">LUCE AD ANELLO professionale (DIAMETRO ESTERNO 30 cm, DIAMETRO INTERNO 23,5 cm, SPESSORE ANELLO 3,25 cm), dotata di PULSANTE DI REGOLAZIONE DELL'INTENSITA' DELLA LUCE (10 LIVELLI DI INTENSITA'), con potenza di 10W, che ha TEMPERATURA DI COLORE REGOLABILE (tra 3000 e 6500 gradi Kelvin) ed emette sia LUCE CALDA, che LUCE NORMALE e LUCE FREDDA. I 184 LED (144 LED STANDARD + 40 LED MAGICI) emettono 16 COLORI DI BASE e 17 MODALIT\u00c0 DI EFFETTO RGB. La lampada ha un anello regolabile a 180 gradi e il cavo USB \u00e8 di 2 metri.<\/span>\n\t\t\t\t\t\t\t\t\t<\/li>\n\t\t\t\t\t\t\t\t<li class=\"elementor-icon-list-item\">\n\t\t\t\t\t\t\t\t\t\t\t<span class=\"elementor-icon-list-icon\">\n\t\t\t\t\t\t\t<i aria-hidden=\"true\" class=\"fas fa-check\"><\/i>\t\t\t\t\t\t<\/span>\n\t\t\t\t\t\t\t\t\t\t<span class=\"elementor-icon-list-text\">ADATTATORE e CAVO DI ALIMENTAZIONE (lunghezza 2 metri);<\/span>\n\t\t\t\t\t\t\t\t\t<\/li>\n\t\t\t\t\t\t\t\t<li class=\"elementor-icon-list-item\">\n\t\t\t\t\t\t\t\t\t\t\t<span class=\"elementor-icon-list-icon\">\n\t\t\t\t\t\t\t<i aria-hidden=\"true\" class=\"fas fa-check\"><\/i>\t\t\t\t\t\t<\/span>\n\t\t\t\t\t\t\t\t\t\t<span class=\"elementor-icon-list-text\">SISTEMA DI ILLUMINAZIONE AMBIENTE A LED RGB, situato alla base della piattaforma, resistente all'umidit\u00e0, i cui colori possono essere selezionati dal TELECOMANDO. Grazie a questa striscia di led, la piattaforma si inserisce facilmente in un ambiente specifico per gli eventi.<\/span>\n\t\t\t\t\t\t\t\t\t<\/li>\n\t\t\t\t\t\t\t\t<li class=\"elementor-icon-list-item\">\n\t\t\t\t\t\t\t\t\t\t\t<span class=\"elementor-icon-list-icon\">\n\t\t\t\t\t\t\t<i aria-hidden=\"true\" class=\"fas fa-check\"><\/i>\t\t\t\t\t\t<\/span>\n\t\t\t\t\t\t\t\t\t\t<span class=\"elementor-icon-list-text\">SUPPORTI PER LA REGOLAZIONE DELL'ALTEZZA fissati alla base della piattaforma, che aumentano il livello di STABILIT\u00c0 e SICUREZZA. Naturalmente, per evitare l'instabilit\u00e0, \u00e8 necessario che la superficie su cui viene posizionata la piattaforma sia diritta, senza dislivelli (\u00e8 sempre necessaria una verifica della superficie su cui verr\u00e0 posizionata la piattaforma).<\/span>\n\t\t\t\t\t\t\t\t\t<\/li>\n\t\t\t\t\t\t\t\t<li class=\"elementor-icon-list-item\">\n\t\t\t\t\t\t\t\t\t\t\t<span class=\"elementor-icon-list-icon\">\n\t\t\t\t\t\t\t<i aria-hidden=\"true\" class=\"fas fa-check\"><\/i>\t\t\t\t\t\t<\/span>\n\t\t\t\t\t\t\t\t\t\t<span class=\"elementor-icon-list-text\">PERSONALIZZAZIONE della piattaforma mediante laminazione adesiva con il LOGO e i vostri dati;<\/span>\n\t\t\t\t\t\t\t\t\t<\/li>\n\t\t\t\t\t\t\t\t<li class=\"elementor-icon-list-item\">\n\t\t\t\t\t\t\t\t\t\t\t<span class=\"elementor-icon-list-icon\">\n\t\t\t\t\t\t\t<i aria-hidden=\"true\" class=\"fas fa-check\"><\/i>\t\t\t\t\t\t<\/span>\n\t\t\t\t\t\t\t\t\t\t<span class=\"elementor-icon-list-text\">PROTEZIONE TRASPARENTE in PVC per adesivi laminati con logo;<\/span>\n\t\t\t\t\t\t\t\t\t<\/li>\n\t\t\t\t\t\t\t\t<li class=\"elementor-icon-list-item\">\n\t\t\t\t\t\t\t\t\t\t\t<span class=\"elementor-icon-list-icon\">\n\t\t\t\t\t\t\t<i aria-hidden=\"true\" class=\"fas fa-check\"><\/i>\t\t\t\t\t\t<\/span>\n\t\t\t\t\t\t\t\t\t\t<span class=\"elementor-icon-list-text\">TAPPETO ROSSO TONDO, realizzato in FLANNEL, che si colloca sotto la pedana per proteggere la superficie su cui \u00e8 montato e che, avendo un diametro leggermente superiore alla pedana, ne supera i bordi e crea un contorno che gli conferisce maggiore eleganza;<\/span>\n\t\t\t\t\t\t\t\t\t<\/li>\n\t\t\t\t\t\t\t\t<li class=\"elementor-icon-list-item\">\n\t\t\t\t\t\t\t\t\t\t\t<span class=\"elementor-icon-list-icon\">\n\t\t\t\t\t\t\t<i aria-hidden=\"true\" class=\"fas fa-check\"><\/i>\t\t\t\t\t\t<\/span>\n\t\t\t\t\t\t\t\t\t\t<span class=\"elementor-icon-list-text\">COPERTURA PROTETTIVA E TRASPORTABILE in materiale impermeabile, dotata di RUOTE MULTIDIREZIONALI IN SILICONE e MANIGLIE PER UN FACILE TRASPORTO (pu\u00f2 essere AGGIORNATA a VALIGIA DI VOLO: EXTRA 300 EURO).<\/span>\n\t\t\t\t\t\t\t\t\t<\/li>\n\t\t\t\t\t\t\t\t<li class=\"elementor-icon-list-item\">\n\t\t\t\t\t\t\t\t\t\t\t<span class=\"elementor-icon-list-icon\">\n\t\t\t\t\t\t\t<i aria-hidden=\"true\" class=\"fas fa-check\"><\/i>\t\t\t\t\t\t<\/span>\n\t\t\t\t\t\t\t\t\t\t<span class=\"elementor-icon-list-text\">ISTRUZIONI PER L'USO.<\/span>\n\t\t\t\t\t\t\t\t\t<\/li>\n\t\t\t\t\t\t<\/ul>\n\t\t\t\t<\/div>\n\t\t\t\t<\/div>\n\t\t\t\t\t<\/div>\r\n\t\t\t\t<\/div>\r\n\t\t\t\t\t<\/div>\r\n\t\t\t\t<\/section>\r\n\t\t<\/div>\n<p>&nbsp;<\/p>\n<p>Avete anche la possibilit\u00e0 di fare l&#8217;UPGRADE al &#8221; <span class=\"Y2IQFc\" lang=\"en\">PACCHETTO PLUG &amp; PLAY<\/span> COMPLETO&#8221; &#8211; <a href=\"https:\/\/360photoboothpro.eu\/product\/upgrade-to-full-plug-play-package\/\">VEDETE COSA CONTIENE, in dettaglio, nella pagina seguente: CLICCA QUI.<\/a><\/p>\n","protected":false},"excerpt":{"rendered":"<p id=\"tw-target-text\" class=\"tw-data-text tw-text-large tw-ta\" dir=\"ltr\" data-placeholder=\"Traducere\"><span class=\"Y2IQFc\" lang=\"en\">La nostra azienda si trova in Romania.<br \/>\nSpediamo i prodotti dal nostro magazzino.<br \/>\nIl prodotto verr\u00e0 spedito in 5-7 giorni lavorativi.<\/span><\/p>\n","protected":false},"featured_media":12635,"comment_status":"open","ping_status":"closed","template":"","meta":{"_acf_changed":false},"product_cat":[481],"product_tag":[351,352,354,360,363,367,356,359,373,366,370,372],"class_list":{"0":"post-8523","1":"product","2":"type-product","3":"status-publish","4":"has-post-thumbnail","6":"product_cat-360-piattaforme-per-cabine-fotografiche","7":"product_tag-360-stand-it","8":"product_tag-cabina-360-in-vendita","9":"product_tag-cabina-con-telecamera-360","10":"product_tag-cabina-fotografica-360","11":"product_tag-cabina-fotografica-360-in-vendita","12":"product_tag-cabina-fotografica-360-spin","13":"product_tag-cabina-fotografica-a-360","14":"product_tag-cabina-fotografica-a-360-gradi","15":"product_tag-cabina-fotografica-rotante","16":"product_tag-cabina-selfie-360-it","17":"product_tag-cabina-video-360","18":"product_tag-cabina-video-360-in-vendita","20":"first","21":"instock","22":"taxable","23":"shipping-taxable","24":"purchasable","25":"product-type-simple"},"acf":[],"yoast_head":"<!-- This site is optimized with the Yoast SEO plugin v23.5 - https:\/\/yoast.com\/wordpress\/plugins\/seo\/ -->\n<title>360 Photo Booth PRO - Specchio Infinito AUTOMATICO da 100 cm (cabina con telecamera 360, cabina con video 360) - 360PhotoBoothPRO<\/title>\n<meta name=\"description\" content=\"Photo Booth PRO is an online store where you can buy quality 360 Photo Booth PRO - Specchio Infinito AUTOMATICO da 100 cm (cabina con telecamera 360, cabina con video 360) at an affordable price. Buy now!\" \/>\n<meta name=\"robots\" content=\"index, follow, max-snippet:-1, max-image-preview:large, max-video-preview:-1\" \/>\n<link rel=\"canonical\" href=\"https:\/\/360photoboothpro.eu\/it\/prodotto\/360-photo-booth-pro-100-cm-automatic-infinity-mirror-360-camera-booth-360-video-booth\/\" \/>\n<meta property=\"og:locale\" content=\"it_IT\" \/>\n<meta property=\"og:type\" content=\"article\" \/>\n<meta property=\"og:title\" content=\"360 Photo Booth PRO - Specchio Infinito AUTOMATICO da 100 cm (cabina con telecamera 360, cabina con video 360) - 360PhotoBoothPRO\" \/>\n<meta property=\"og:description\" content=\"Photo Booth PRO is an online store where you can buy quality 360 Photo Booth PRO - Specchio Infinito AUTOMATICO da 100 cm (cabina con telecamera 360, cabina con video 360) at an affordable price. Buy now!\" \/>\n<meta property=\"og:url\" content=\"https:\/\/360photoboothpro.eu\/it\/prodotto\/360-photo-booth-pro-100-cm-automatic-infinity-mirror-360-camera-booth-360-video-booth\/\" \/>\n<meta property=\"og:site_name\" content=\"360PhotoBoothPRO\" \/>\n<meta property=\"article:publisher\" content=\"https:\/\/www.facebook.com\/360PhotoBoothPRO.Canada\/\" \/>\n<meta property=\"article:modified_time\" content=\"2025-10-02T08:50:12+00:00\" \/>\n<meta property=\"og:image\" content=\"https:\/\/360photoboothpro.eu\/wp-content\/uploads\/2023\/04\/360-photo-booth-pro-automatic-infinity-mirror-360-camera-booth-360-video-booth-24-social.jpg\" \/>\n<meta name=\"twitter:card\" content=\"summary_large_image\" \/>\n<script type=\"application\/ld+json\" class=\"yoast-schema-graph\">{\"@context\":\"https:\/\/schema.org\",\"@graph\":[{\"@type\":\"WebPage\",\"@id\":\"https:\/\/360photoboothpro.eu\/it\/prodotto\/360-photo-booth-pro-100-cm-automatic-infinity-mirror-360-camera-booth-360-video-booth\/\",\"url\":\"https:\/\/360photoboothpro.eu\/it\/prodotto\/360-photo-booth-pro-100-cm-automatic-infinity-mirror-360-camera-booth-360-video-booth\/\",\"name\":\"360 Photo Booth PRO - Specchio Infinito AUTOMATICO da 100 cm (cabina con telecamera 360, cabina con video 360) - 360PhotoBoothPRO\",\"isPartOf\":{\"@id\":\"https:\/\/360photoboothpro.eu\/it\/#website\"},\"primaryImageOfPage\":{\"@id\":\"https:\/\/360photoboothpro.eu\/it\/prodotto\/360-photo-booth-pro-100-cm-automatic-infinity-mirror-360-camera-booth-360-video-booth\/#primaryimage\"},\"image\":{\"@id\":\"https:\/\/360photoboothpro.eu\/it\/prodotto\/360-photo-booth-pro-100-cm-automatic-infinity-mirror-360-camera-booth-360-video-booth\/#primaryimage\"},\"thumbnailUrl\":\"https:\/\/360photoboothpro.eu\/wp-content\/uploads\/2023\/04\/360-photo-booth-pro-automatic-infinity-mirror-360-camera-booth-360-video-booth-24.jpg\",\"datePublished\":\"2023-04-11T10:58:56+00:00\",\"dateModified\":\"2025-10-02T08:50:12+00:00\",\"description\":\"Photo Booth PRO is an online store where you can buy quality 360 Photo Booth PRO - Specchio Infinito AUTOMATICO da 100 cm (cabina con telecamera 360, cabina con video 360) at an affordable price. Buy now!\",\"breadcrumb\":{\"@id\":\"https:\/\/360photoboothpro.eu\/it\/prodotto\/360-photo-booth-pro-100-cm-automatic-infinity-mirror-360-camera-booth-360-video-booth\/#breadcrumb\"},\"inLanguage\":\"it-IT\",\"potentialAction\":[{\"@type\":\"ReadAction\",\"target\":[\"https:\/\/360photoboothpro.eu\/it\/prodotto\/360-photo-booth-pro-100-cm-automatic-infinity-mirror-360-camera-booth-360-video-booth\/\"]}]},{\"@type\":\"ImageObject\",\"inLanguage\":\"it-IT\",\"@id\":\"https:\/\/360photoboothpro.eu\/it\/prodotto\/360-photo-booth-pro-100-cm-automatic-infinity-mirror-360-camera-booth-360-video-booth\/#primaryimage\",\"url\":\"https:\/\/360photoboothpro.eu\/wp-content\/uploads\/2023\/04\/360-photo-booth-pro-automatic-infinity-mirror-360-camera-booth-360-video-booth-24.jpg\",\"contentUrl\":\"https:\/\/360photoboothpro.eu\/wp-content\/uploads\/2023\/04\/360-photo-booth-pro-automatic-infinity-mirror-360-camera-booth-360-video-booth-24.jpg\",\"width\":1000,\"height\":1000,\"caption\":\"360-photo-booth-pro-automatic-infinity-mirror-360-camera-booth-360-video-booth-24\"},{\"@type\":\"BreadcrumbList\",\"@id\":\"https:\/\/360photoboothpro.eu\/it\/prodotto\/360-photo-booth-pro-100-cm-automatic-infinity-mirror-360-camera-booth-360-video-booth\/#breadcrumb\",\"itemListElement\":[{\"@type\":\"ListItem\",\"position\":1,\"name\":\"Home\",\"item\":\"https:\/\/360photoboothpro.eu\/it\/\"},{\"@type\":\"ListItem\",\"position\":2,\"name\":\"Negozio\",\"item\":\"https:\/\/360photoboothpro.eu\/it\/negozio\/\"},{\"@type\":\"ListItem\",\"position\":3,\"name\":\"360 Photo Booth PRO &#8211; Specchio Infinito AUTOMATICO da 100 cm (cabina con telecamera 360, cabina con video 360)\"}]},{\"@type\":\"WebSite\",\"@id\":\"https:\/\/360photoboothpro.eu\/it\/#website\",\"url\":\"https:\/\/360photoboothpro.eu\/it\/\",\"name\":\"360PhotoBoothPRO\",\"description\":\"360PhotoBoothPRO\",\"publisher\":{\"@id\":\"https:\/\/360photoboothpro.eu\/it\/#organization\"},\"potentialAction\":[{\"@type\":\"SearchAction\",\"target\":{\"@type\":\"EntryPoint\",\"urlTemplate\":\"https:\/\/360photoboothpro.eu\/it\/?s={search_term_string}\"},\"query-input\":{\"@type\":\"PropertyValueSpecification\",\"valueRequired\":true,\"valueName\":\"search_term_string\"}}],\"inLanguage\":\"it-IT\"},{\"@type\":\"Organization\",\"@id\":\"https:\/\/360photoboothpro.eu\/it\/#organization\",\"name\":\"360PhotoBoothPRO\",\"url\":\"https:\/\/360photoboothpro.eu\/it\/\",\"logo\":{\"@type\":\"ImageObject\",\"inLanguage\":\"it-IT\",\"@id\":\"https:\/\/360photoboothpro.eu\/it\/#\/schema\/logo\/image\/\",\"url\":\"https:\/\/360photoboothpro.eu\/wp-content\/uploads\/2023\/03\/logo-360photoboothpro-favicon.png\",\"contentUrl\":\"https:\/\/360photoboothpro.eu\/wp-content\/uploads\/2023\/03\/logo-360photoboothpro-favicon.png\",\"width\":317,\"height\":317,\"caption\":\"360PhotoBoothPRO\"},\"image\":{\"@id\":\"https:\/\/360photoboothpro.eu\/it\/#\/schema\/logo\/image\/\"},\"sameAs\":[\"https:\/\/www.facebook.com\/360PhotoBoothPRO.Canada\/\"]}]}<\/script>\n<!-- \/ Yoast SEO plugin. -->","yoast_head_json":{"title":"360 Photo Booth PRO - Specchio Infinito AUTOMATICO da 100 cm (cabina con telecamera 360, cabina con video 360) - 360PhotoBoothPRO","description":"Photo Booth PRO is an online store where you can buy quality 360 Photo Booth PRO - Specchio Infinito AUTOMATICO da 100 cm (cabina con telecamera 360, cabina con video 360) at an affordable price. Buy now!","robots":{"index":"index","follow":"follow","max-snippet":"max-snippet:-1","max-image-preview":"max-image-preview:large","max-video-preview":"max-video-preview:-1"},"canonical":"https:\/\/360photoboothpro.eu\/it\/prodotto\/360-photo-booth-pro-100-cm-automatic-infinity-mirror-360-camera-booth-360-video-booth\/","og_locale":"it_IT","og_type":"article","og_title":"360 Photo Booth PRO - Specchio Infinito AUTOMATICO da 100 cm (cabina con telecamera 360, cabina con video 360) - 360PhotoBoothPRO","og_description":"Photo Booth PRO is an online store where you can buy quality 360 Photo Booth PRO - Specchio Infinito AUTOMATICO da 100 cm (cabina con telecamera 360, cabina con video 360) at an affordable price. Buy now!","og_url":"https:\/\/360photoboothpro.eu\/it\/prodotto\/360-photo-booth-pro-100-cm-automatic-infinity-mirror-360-camera-booth-360-video-booth\/","og_site_name":"360PhotoBoothPRO","article_publisher":"https:\/\/www.facebook.com\/360PhotoBoothPRO.Canada\/","article_modified_time":"2025-10-02T08:50:12+00:00","og_image":[{"url":"https:\/\/360photoboothpro.eu\/wp-content\/uploads\/2023\/04\/360-photo-booth-pro-automatic-infinity-mirror-360-camera-booth-360-video-booth-24-social.jpg"}],"twitter_card":"summary_large_image","schema":{"@context":"https:\/\/schema.org","@graph":[{"@type":"WebPage","@id":"https:\/\/360photoboothpro.eu\/it\/prodotto\/360-photo-booth-pro-100-cm-automatic-infinity-mirror-360-camera-booth-360-video-booth\/","url":"https:\/\/360photoboothpro.eu\/it\/prodotto\/360-photo-booth-pro-100-cm-automatic-infinity-mirror-360-camera-booth-360-video-booth\/","name":"360 Photo Booth PRO - Specchio Infinito AUTOMATICO da 100 cm (cabina con telecamera 360, cabina con video 360) - 360PhotoBoothPRO","isPartOf":{"@id":"https:\/\/360photoboothpro.eu\/it\/#website"},"primaryImageOfPage":{"@id":"https:\/\/360photoboothpro.eu\/it\/prodotto\/360-photo-booth-pro-100-cm-automatic-infinity-mirror-360-camera-booth-360-video-booth\/#primaryimage"},"image":{"@id":"https:\/\/360photoboothpro.eu\/it\/prodotto\/360-photo-booth-pro-100-cm-automatic-infinity-mirror-360-camera-booth-360-video-booth\/#primaryimage"},"thumbnailUrl":"https:\/\/360photoboothpro.eu\/wp-content\/uploads\/2023\/04\/360-photo-booth-pro-automatic-infinity-mirror-360-camera-booth-360-video-booth-24.jpg","datePublished":"2023-04-11T10:58:56+00:00","dateModified":"2025-10-02T08:50:12+00:00","description":"Photo Booth PRO is an online store where you can buy quality 360 Photo Booth PRO - Specchio Infinito AUTOMATICO da 100 cm (cabina con telecamera 360, cabina con video 360) at an affordable price. Buy now!","breadcrumb":{"@id":"https:\/\/360photoboothpro.eu\/it\/prodotto\/360-photo-booth-pro-100-cm-automatic-infinity-mirror-360-camera-booth-360-video-booth\/#breadcrumb"},"inLanguage":"it-IT","potentialAction":[{"@type":"ReadAction","target":["https:\/\/360photoboothpro.eu\/it\/prodotto\/360-photo-booth-pro-100-cm-automatic-infinity-mirror-360-camera-booth-360-video-booth\/"]}]},{"@type":"ImageObject","inLanguage":"it-IT","@id":"https:\/\/360photoboothpro.eu\/it\/prodotto\/360-photo-booth-pro-100-cm-automatic-infinity-mirror-360-camera-booth-360-video-booth\/#primaryimage","url":"https:\/\/360photoboothpro.eu\/wp-content\/uploads\/2023\/04\/360-photo-booth-pro-automatic-infinity-mirror-360-camera-booth-360-video-booth-24.jpg","contentUrl":"https:\/\/360photoboothpro.eu\/wp-content\/uploads\/2023\/04\/360-photo-booth-pro-automatic-infinity-mirror-360-camera-booth-360-video-booth-24.jpg","width":1000,"height":1000,"caption":"360-photo-booth-pro-automatic-infinity-mirror-360-camera-booth-360-video-booth-24"},{"@type":"BreadcrumbList","@id":"https:\/\/360photoboothpro.eu\/it\/prodotto\/360-photo-booth-pro-100-cm-automatic-infinity-mirror-360-camera-booth-360-video-booth\/#breadcrumb","itemListElement":[{"@type":"ListItem","position":1,"name":"Home","item":"https:\/\/360photoboothpro.eu\/it\/"},{"@type":"ListItem","position":2,"name":"Negozio","item":"https:\/\/360photoboothpro.eu\/it\/negozio\/"},{"@type":"ListItem","position":3,"name":"360 Photo Booth PRO &#8211; Specchio Infinito AUTOMATICO da 100 cm (cabina con telecamera 360, cabina con video 360)"}]},{"@type":"WebSite","@id":"https:\/\/360photoboothpro.eu\/it\/#website","url":"https:\/\/360photoboothpro.eu\/it\/","name":"360PhotoBoothPRO","description":"360PhotoBoothPRO","publisher":{"@id":"https:\/\/360photoboothpro.eu\/it\/#organization"},"potentialAction":[{"@type":"SearchAction","target":{"@type":"EntryPoint","urlTemplate":"https:\/\/360photoboothpro.eu\/it\/?s={search_term_string}"},"query-input":{"@type":"PropertyValueSpecification","valueRequired":true,"valueName":"search_term_string"}}],"inLanguage":"it-IT"},{"@type":"Organization","@id":"https:\/\/360photoboothpro.eu\/it\/#organization","name":"360PhotoBoothPRO","url":"https:\/\/360photoboothpro.eu\/it\/","logo":{"@type":"ImageObject","inLanguage":"it-IT","@id":"https:\/\/360photoboothpro.eu\/it\/#\/schema\/logo\/image\/","url":"https:\/\/360photoboothpro.eu\/wp-content\/uploads\/2023\/03\/logo-360photoboothpro-favicon.png","contentUrl":"https:\/\/360photoboothpro.eu\/wp-content\/uploads\/2023\/03\/logo-360photoboothpro-favicon.png","width":317,"height":317,"caption":"360PhotoBoothPRO"},"image":{"@id":"https:\/\/360photoboothpro.eu\/it\/#\/schema\/logo\/image\/"},"sameAs":["https:\/\/www.facebook.com\/360PhotoBoothPRO.Canada\/"]}]}},"_links":{"self":[{"href":"https:\/\/360photoboothpro.eu\/it\/wp-json\/wp\/v2\/product\/8523"}],"collection":[{"href":"https:\/\/360photoboothpro.eu\/it\/wp-json\/wp\/v2\/product"}],"about":[{"href":"https:\/\/360photoboothpro.eu\/it\/wp-json\/wp\/v2\/types\/product"}],"replies":[{"embeddable":true,"href":"https:\/\/360photoboothpro.eu\/it\/wp-json\/wp\/v2\/comments?post=8523"}],"wp:featuredmedia":[{"embeddable":true,"href":"https:\/\/360photoboothpro.eu\/it\/wp-json\/wp\/v2\/media\/12635"}],"wp:attachment":[{"href":"https:\/\/360photoboothpro.eu\/it\/wp-json\/wp\/v2\/media?parent=8523"}],"wp:term":[{"taxonomy":"product_cat","embeddable":true,"href":"https:\/\/360photoboothpro.eu\/it\/wp-json\/wp\/v2\/product_cat?post=8523"},{"taxonomy":"product_tag","embeddable":true,"href":"https:\/\/360photoboothpro.eu\/it\/wp-json\/wp\/v2\/product_tag?post=8523"}],"curies":[{"name":"wp","href":"https:\/\/api.w.org\/{rel}","templated":true}]}}